{"id":170735,"date":"2025-01-06T12:40:53","date_gmt":"2025-01-06T12:40:53","guid":{"rendered":"https:\/\/evolve-fitness.eu\/product\/empuje-de-cadera-en-bipedestacion-con-carga-de-placas-de-la-serie-evolve-ultra\/"},"modified":"2025-01-06T12:56:32","modified_gmt":"2025-01-06T12:56:32","slug":"empuje-de-cadera-en-bipedestacion-con-carga-de-placas-de-la-serie-evolve-ultra","status":"publish","type":"product","link":"https:\/\/evolve-fitness.eu\/es\/producto\/empuje-de-cadera-en-bipedestacion-con-carga-de-placas-de-la-serie-evolve-ultra\/","title":{"rendered":"Empuje de cadera en bipedestaci\u00f3n con carga de placas de la serie Evolve Ultra"},"content":{"rendered":"\n<section class=\"wp-block-group alignfull has-lightgray-background-color has-background is-layout-constrained wp-block-group-is-layout-constrained\">\n<div class=\"wp-block-columns alignwide is-layout-flex wp-container-core-columns-is-layout-2edb0647 wp-block-columns-is-layout-flex\" style=\"margin-top:0;margin-bottom:0\">\n<div class=\"wp-block-column is-layout-flow wp-block-column-is-layout-flow\" style=\"flex-basis:33.33%\"><\/div>\n\n\n\n<div class=\"wp-block-column is-layout-flow wp-block-column-is-layout-flow\" style=\"flex-basis:66.66%\"><\/div>\n<\/div>\n<\/section>\n\n<section class=\"wp-block-group alignfull black-content has-white-color has-darkgray-background-color has-text-color has-background is-layout-constrained wp-block-group-is-layout-constrained\" style=\"padding-top:var(--wp--preset--spacing--section-bottom);padding-bottom:var(--wp--preset--spacing--section-bottom)\">\n<section class=\"wp-block-group alignfull black-content has-white-color has-darkgray-background-color has-text-color has-background is-layout-constrained wp-block-group-is-layout-constrained\" style=\"margin-bottom:0;padding-top:var(--wp--preset--spacing--tb-padding);padding-bottom:var(--wp--preset--spacing--tb-padding)\">\n<div class=\"wp-block-columns alignwide mobile-reverse is-layout-flex wp-container-core-columns-is-layout-7a02faa9 wp-block-columns-is-layout-flex\" style=\"margin-bottom:var(--wp--preset--spacing--tb-section-padding)\">\n<div class=\"wp-block-column is-vertically-aligned-center is-layout-flow wp-block-column-is-layout-flow\">\n<h3 class=\"wp-block-heading\" style=\"margin-bottom:var(--wp--preset--spacing--h-3-bottom)\"><strong><strong><strong><strong><strong><strong><strong><strong><strong>Activaci\u00f3n optimizada de la parte inferior del cuerpo<\/strong><\/strong><\/strong><\/strong><\/strong><\/strong><\/strong><\/strong><\/strong><\/h3>\n\n\n\n<p><strong><em><strong><strong><strong><strong><strong><strong>Fortalece los gl\u00fateos, los isquiotibiales y el tronco<\/strong><\/strong><\/strong><\/strong><\/strong><\/strong><\/em><\/strong><\/p>\n\n\n\n<p>El <strong>Esfuerzo de Cadera de Pie con Placa de Carga de la Serie Evolve Ultra<\/strong> est\u00e1 dise\u00f1ado por expertos para trabajar los gl\u00fateos, al tiempo que proporciona una activaci\u00f3n complementaria de los isquiotibiales, el tronco y los m\u00fasculos de apoyo. Su posici\u00f3n de pie promueve un movimiento controlado y eficaz y minimiza la presi\u00f3n sobre la zona lumbar, garantizando un entrenamiento seguro y eficaz. El enfoque de esta m\u00e1quina en la extensi\u00f3n de la cadera la hace ideal para mejorar la fuerza, la potencia y la estabilidad, tanto para el rendimiento atl\u00e9tico como para la forma f\u00edsica general. Si incorporas el Esfuerzo de cadera de pie a tu rutina, mejorar\u00e1s el desarrollo de la parte inferior del cuerpo y conseguir\u00e1s una fuerza completa.   <\/p>\n<\/div>\n\n\n\n<div class=\"wp-block-column is-vertically-aligned-center is-layout-flow wp-block-column-is-layout-flow\">\n<figure class=\"wp-block-image size-full\"><img loading=\"lazy\" decoding=\"async\" width=\"680\" height=\"600\" src=\"https:\/\/evolve-fitness.eu\/wp-content\/uploads\/2025\/01\/EV-PL-UL-460-Evolve-Ultra-Series-Plate-Loaded-Standing-Hip-Thrust.png\" alt=\"EV-PL-UL-460\" class=\"wp-image-170704\" srcset=\"https:\/\/evolve-fitness.eu\/wp-content\/uploads\/2025\/01\/EV-PL-UL-460-Evolve-Ultra-Series-Plate-Loaded-Standing-Hip-Thrust.png 680w, https:\/\/evolve-fitness.eu\/wp-content\/uploads\/2025\/01\/EV-PL-UL-460-Evolve-Ultra-Series-Plate-Loaded-Standing-Hip-Thrust-300x265.png 300w, https:\/\/evolve-fitness.eu\/wp-content\/uploads\/2025\/01\/EV-PL-UL-460-Evolve-Ultra-Series-Plate-Loaded-Standing-Hip-Thrust-150x132.png 150w, https:\/\/evolve-fitness.eu\/wp-content\/uploads\/2025\/01\/EV-PL-UL-460-Evolve-Ultra-Series-Plate-Loaded-Standing-Hip-Thrust-600x529.png 600w, https:\/\/evolve-fitness.eu\/wp-content\/uploads\/2025\/01\/EV-PL-UL-460-Evolve-Ultra-Series-Plate-Loaded-Standing-Hip-Thrust-170x150.png 170w\" sizes=\"auto, (max-width: 680px) 100vw, 680px\" \/><\/figure>\n<\/div>\n<\/div>\n\n\n\n<div class=\"wp-block-columns alignwide mobile-reverse is-layout-flex wp-container-core-columns-is-layout-ca64bf2d wp-block-columns-is-layout-flex\" style=\"margin-bottom:var(--wp--preset--spacing--side-padding)\">\n<div class=\"wp-block-column is-vertically-aligned-center is-layout-flow wp-block-column-is-layout-flow\"><\/div>\n<\/div>\n<\/section>\n<\/section>\n","protected":false},"excerpt":{"rendered":"<p>La m\u00e1quina Evolve Ultra Series de empuje de cadera de pie cargada con placas (EV-PL-UL-460) es una adici\u00f3n a la colecci\u00f3n de cualquier gimnasio o entusiasta del fitness. Dise\u00f1ada para ofrecer un rendimiento y una durabilidad \u00f3ptimos, esta innovadora m\u00e1quina te permite trabajar y fortalecer los gl\u00fateos, los isquiotibiales y el tronco con facilidad y precisi\u00f3n. Tanto si eres un atleta profesional como un principiante que busca mejorar la fuerza de la parte inferior del cuerpo, el empuje de cadera de pie ofrece una forma segura, eficaz y eficiente de maximizar tu potencial de entrenamiento y alcanzar tus objetivos de fitness.  <\/p>\n","protected":false},"featured_media":170727,"template":"","meta":{"_acf_changed":false,"inline_featured_image":false},"product_brand":[],"product_cat":[2949,2950],"product_tag":[],"class_list":{"0":"post-170735","1":"product","2":"type-product","3":"status-publish","4":"has-post-thumbnail","6":"product_cat-maquinas-de-carga-de-placas","7":"product_cat-maquinas-de-placas-ultra-series","9":"first","10":"instock","11":"shipping-taxable","12":"purchasable","13":"product-type-simple"},"acf":{"long_title":"Empuje de cadera en bipedestaci\u00f3n con carga de placas de la serie Evolve Ultra","subtitle":"","specifications":[{"label":"SKU","text_value":"EV-PL-UL-460","icon":"x"},{"label":"Longitud","text_value":"1200","icon":"x"},{"label":"Anchura","text_value":"1160","icon":"x"},{"label":"Altura","text_value":"1435","icon":"x"},{"label":"Peso","text_value":"95 kg","icon":"x"},{"label":"Peso m\u00e1ximo del usuario","text_value":"180 kg","icon":"v"},{"label":"Posici\u00f3n de entrenamiento ajustable","text_value":"","icon":"v"},{"label":"Tapicer\u00eda gruesa revestida de cuero PU","text_value":"","icon":"v"},{"label":"Protectores de suelo duraderos","text_value":"","icon":"v"},{"label":"Garant\u00eda  ","text_value":"2 a\u00f1os","icon":"v"},{"label":"","text_value":"","icon":"x"}]},"yoast_head":"<!-- This site is optimized with the Yoast SEO plugin v26.6 - https:\/\/yoast.com\/wordpress\/plugins\/seo\/ -->\n<title>Empuje de cadera en bipedestaci\u00f3n con carga de placas de la serie Evolve Ultra - Evolve<\/title>\n<meta name=\"robots\" content=\"index, follow, max-snippet:-1, max-image-preview:large, max-video-preview:-1\" \/>\n<link rel=\"canonical\" href=\"https:\/\/evolve-fitness.eu\/es\/producto\/empuje-de-cadera-en-bipedestacion-con-carga-de-placas-de-la-serie-evolve-ultra\/\" \/>\n<meta property=\"og:locale\" content=\"es_ES\" \/>\n<meta property=\"og:type\" content=\"article\" \/>\n<meta property=\"og:title\" content=\"Empuje de cadera en bipedestaci\u00f3n con carga de placas de la serie Evolve Ultra - Evolve\" \/>\n<meta property=\"og:url\" content=\"https:\/\/evolve-fitness.eu\/es\/producto\/empuje-de-cadera-en-bipedestacion-con-carga-de-placas-de-la-serie-evolve-ultra\/\" \/>\n<meta property=\"og:site_name\" content=\"Evolve\" \/>\n<meta property=\"article:publisher\" content=\"https:\/\/www.facebook.com\/EvolveFitnessEurope\" \/>\n<meta property=\"article:modified_time\" content=\"2025-01-06T12:56:32+00:00\" \/>\n<meta property=\"og:image\" content=\"https:\/\/evolve-fitness.eu\/wp-content\/uploads\/2025\/01\/EV-PL-UL-460-Evolve-Ultra-Series-Plate-Loaded-Standing-Hip-Thrust.png\" \/>\n\t<meta property=\"og:image:width\" content=\"680\" \/>\n\t<meta property=\"og:image:height\" content=\"600\" \/>\n\t<meta property=\"og:image:type\" content=\"image\/png\" \/>\n<meta name=\"twitter:card\" content=\"summary_large_image\" \/>\n<script type=\"application\/ld+json\" class=\"yoast-schema-graph\">{\"@context\":\"https:\/\/schema.org\",\"@graph\":[{\"@type\":\"WebPage\",\"@id\":\"https:\/\/evolve-fitness.eu\/es\/producto\/empuje-de-cadera-en-bipedestacion-con-carga-de-placas-de-la-serie-evolve-ultra\/\",\"url\":\"https:\/\/evolve-fitness.eu\/es\/producto\/empuje-de-cadera-en-bipedestacion-con-carga-de-placas-de-la-serie-evolve-ultra\/\",\"name\":\"Empuje de cadera en bipedestaci\u00f3n con carga de placas de la serie Evolve Ultra - Evolve\",\"isPartOf\":{\"@id\":\"https:\/\/evolve-fitness.eu\/es\/#website\"},\"primaryImageOfPage\":{\"@id\":\"https:\/\/evolve-fitness.eu\/es\/producto\/empuje-de-cadera-en-bipedestacion-con-carga-de-placas-de-la-serie-evolve-ultra\/#primaryimage\"},\"image\":{\"@id\":\"https:\/\/evolve-fitness.eu\/es\/producto\/empuje-de-cadera-en-bipedestacion-con-carga-de-placas-de-la-serie-evolve-ultra\/#primaryimage\"},\"thumbnailUrl\":\"https:\/\/evolve-fitness.eu\/wp-content\/uploads\/2025\/01\/EV-PL-UL-460-Evolve-Ultra-Series-Plate-Loaded-Standing-Hip-Thrust.png\",\"datePublished\":\"2025-01-06T12:40:53+00:00\",\"dateModified\":\"2025-01-06T12:56:32+00:00\",\"breadcrumb\":{\"@id\":\"https:\/\/evolve-fitness.eu\/es\/producto\/empuje-de-cadera-en-bipedestacion-con-carga-de-placas-de-la-serie-evolve-ultra\/#breadcrumb\"},\"inLanguage\":\"es\",\"potentialAction\":[{\"@type\":\"ReadAction\",\"target\":[\"https:\/\/evolve-fitness.eu\/es\/producto\/empuje-de-cadera-en-bipedestacion-con-carga-de-placas-de-la-serie-evolve-ultra\/\"]}]},{\"@type\":\"ImageObject\",\"inLanguage\":\"es\",\"@id\":\"https:\/\/evolve-fitness.eu\/es\/producto\/empuje-de-cadera-en-bipedestacion-con-carga-de-placas-de-la-serie-evolve-ultra\/#primaryimage\",\"url\":\"https:\/\/evolve-fitness.eu\/wp-content\/uploads\/2025\/01\/EV-PL-UL-460-Evolve-Ultra-Series-Plate-Loaded-Standing-Hip-Thrust.png\",\"contentUrl\":\"https:\/\/evolve-fitness.eu\/wp-content\/uploads\/2025\/01\/EV-PL-UL-460-Evolve-Ultra-Series-Plate-Loaded-Standing-Hip-Thrust.png\",\"width\":680,\"height\":600,\"caption\":\"EV-PL-UL-460\"},{\"@type\":\"BreadcrumbList\",\"@id\":\"https:\/\/evolve-fitness.eu\/es\/producto\/empuje-de-cadera-en-bipedestacion-con-carga-de-placas-de-la-serie-evolve-ultra\/#breadcrumb\",\"itemListElement\":[{\"@type\":\"ListItem\",\"position\":1,\"name\":\"Home\",\"item\":\"https:\/\/evolve-fitness.eu\/es\/\"},{\"@type\":\"ListItem\",\"position\":2,\"name\":\"Productos\",\"item\":\"https:\/\/evolve-fitness.eu\/es\/shop\/\"},{\"@type\":\"ListItem\",\"position\":3,\"name\":\"Empuje de cadera en bipedestaci\u00f3n con carga de placas de la serie Evolve Ultra\"}]},{\"@type\":\"WebSite\",\"@id\":\"https:\/\/evolve-fitness.eu\/es\/#website\",\"url\":\"https:\/\/evolve-fitness.eu\/es\/\",\"name\":\"Evolve\",\"description\":\"Your Evolved Gear Arrived\",\"publisher\":{\"@id\":\"https:\/\/evolve-fitness.eu\/es\/#organization\"},\"potentialAction\":[{\"@type\":\"SearchAction\",\"target\":{\"@type\":\"EntryPoint\",\"urlTemplate\":\"https:\/\/evolve-fitness.eu\/es\/?s={search_term_string}\"},\"query-input\":{\"@type\":\"PropertyValueSpecification\",\"valueRequired\":true,\"valueName\":\"search_term_string\"}}],\"inLanguage\":\"es\"},{\"@type\":\"Organization\",\"@id\":\"https:\/\/evolve-fitness.eu\/es\/#organization\",\"name\":\"Evolve\",\"url\":\"https:\/\/evolve-fitness.eu\/es\/\",\"logo\":{\"@type\":\"ImageObject\",\"inLanguage\":\"es\",\"@id\":\"https:\/\/evolve-fitness.eu\/es\/#\/schema\/logo\/image\/\",\"url\":\"https:\/\/evolve-fitness.eu\/wp-content\/uploads\/2023\/05\/Evolve-logo.svg\",\"contentUrl\":\"https:\/\/evolve-fitness.eu\/wp-content\/uploads\/2023\/05\/Evolve-logo.svg\",\"width\":176,\"height\":20,\"caption\":\"Evolve\"},\"image\":{\"@id\":\"https:\/\/evolve-fitness.eu\/es\/#\/schema\/logo\/image\/\"},\"sameAs\":[\"https:\/\/www.facebook.com\/EvolveFitnessEurope\"]}]}<\/script>\n<!-- \/ Yoast SEO plugin. -->","yoast_head_json":{"title":"Empuje de cadera en bipedestaci\u00f3n con carga de placas de la serie Evolve Ultra - Evolve","robots":{"index":"index","follow":"follow","max-snippet":"max-snippet:-1","max-image-preview":"max-image-preview:large","max-video-preview":"max-video-preview:-1"},"canonical":"https:\/\/evolve-fitness.eu\/es\/producto\/empuje-de-cadera-en-bipedestacion-con-carga-de-placas-de-la-serie-evolve-ultra\/","og_locale":"es_ES","og_type":"article","og_title":"Empuje de cadera en bipedestaci\u00f3n con carga de placas de la serie Evolve Ultra - Evolve","og_url":"https:\/\/evolve-fitness.eu\/es\/producto\/empuje-de-cadera-en-bipedestacion-con-carga-de-placas-de-la-serie-evolve-ultra\/","og_site_name":"Evolve","article_publisher":"https:\/\/www.facebook.com\/EvolveFitnessEurope","article_modified_time":"2025-01-06T12:56:32+00:00","og_image":[{"width":680,"height":600,"url":"https:\/\/evolve-fitness.eu\/wp-content\/uploads\/2025\/01\/EV-PL-UL-460-Evolve-Ultra-Series-Plate-Loaded-Standing-Hip-Thrust.png","type":"image\/png"}],"twitter_card":"summary_large_image","schema":{"@context":"https:\/\/schema.org","@graph":[{"@type":"WebPage","@id":"https:\/\/evolve-fitness.eu\/es\/producto\/empuje-de-cadera-en-bipedestacion-con-carga-de-placas-de-la-serie-evolve-ultra\/","url":"https:\/\/evolve-fitness.eu\/es\/producto\/empuje-de-cadera-en-bipedestacion-con-carga-de-placas-de-la-serie-evolve-ultra\/","name":"Empuje de cadera en bipedestaci\u00f3n con carga de placas de la serie Evolve Ultra - Evolve","isPartOf":{"@id":"https:\/\/evolve-fitness.eu\/es\/#website"},"primaryImageOfPage":{"@id":"https:\/\/evolve-fitness.eu\/es\/producto\/empuje-de-cadera-en-bipedestacion-con-carga-de-placas-de-la-serie-evolve-ultra\/#primaryimage"},"image":{"@id":"https:\/\/evolve-fitness.eu\/es\/producto\/empuje-de-cadera-en-bipedestacion-con-carga-de-placas-de-la-serie-evolve-ultra\/#primaryimage"},"thumbnailUrl":"https:\/\/evolve-fitness.eu\/wp-content\/uploads\/2025\/01\/EV-PL-UL-460-Evolve-Ultra-Series-Plate-Loaded-Standing-Hip-Thrust.png","datePublished":"2025-01-06T12:40:53+00:00","dateModified":"2025-01-06T12:56:32+00:00","breadcrumb":{"@id":"https:\/\/evolve-fitness.eu\/es\/producto\/empuje-de-cadera-en-bipedestacion-con-carga-de-placas-de-la-serie-evolve-ultra\/#breadcrumb"},"inLanguage":"es","potentialAction":[{"@type":"ReadAction","target":["https:\/\/evolve-fitness.eu\/es\/producto\/empuje-de-cadera-en-bipedestacion-con-carga-de-placas-de-la-serie-evolve-ultra\/"]}]},{"@type":"ImageObject","inLanguage":"es","@id":"https:\/\/evolve-fitness.eu\/es\/producto\/empuje-de-cadera-en-bipedestacion-con-carga-de-placas-de-la-serie-evolve-ultra\/#primaryimage","url":"https:\/\/evolve-fitness.eu\/wp-content\/uploads\/2025\/01\/EV-PL-UL-460-Evolve-Ultra-Series-Plate-Loaded-Standing-Hip-Thrust.png","contentUrl":"https:\/\/evolve-fitness.eu\/wp-content\/uploads\/2025\/01\/EV-PL-UL-460-Evolve-Ultra-Series-Plate-Loaded-Standing-Hip-Thrust.png","width":680,"height":600,"caption":"EV-PL-UL-460"},{"@type":"BreadcrumbList","@id":"https:\/\/evolve-fitness.eu\/es\/producto\/empuje-de-cadera-en-bipedestacion-con-carga-de-placas-de-la-serie-evolve-ultra\/#breadcrumb","itemListElement":[{"@type":"ListItem","position":1,"name":"Home","item":"https:\/\/evolve-fitness.eu\/es\/"},{"@type":"ListItem","position":2,"name":"Productos","item":"https:\/\/evolve-fitness.eu\/es\/shop\/"},{"@type":"ListItem","position":3,"name":"Empuje de cadera en bipedestaci\u00f3n con carga de placas de la serie Evolve Ultra"}]},{"@type":"WebSite","@id":"https:\/\/evolve-fitness.eu\/es\/#website","url":"https:\/\/evolve-fitness.eu\/es\/","name":"Evolve","description":"Your Evolved Gear Arrived","publisher":{"@id":"https:\/\/evolve-fitness.eu\/es\/#organization"},"potentialAction":[{"@type":"SearchAction","target":{"@type":"EntryPoint","urlTemplate":"https:\/\/evolve-fitness.eu\/es\/?s={search_term_string}"},"query-input":{"@type":"PropertyValueSpecification","valueRequired":true,"valueName":"search_term_string"}}],"inLanguage":"es"},{"@type":"Organization","@id":"https:\/\/evolve-fitness.eu\/es\/#organization","name":"Evolve","url":"https:\/\/evolve-fitness.eu\/es\/","logo":{"@type":"ImageObject","inLanguage":"es","@id":"https:\/\/evolve-fitness.eu\/es\/#\/schema\/logo\/image\/","url":"https:\/\/evolve-fitness.eu\/wp-content\/uploads\/2023\/05\/Evolve-logo.svg","contentUrl":"https:\/\/evolve-fitness.eu\/wp-content\/uploads\/2023\/05\/Evolve-logo.svg","width":176,"height":20,"caption":"Evolve"},"image":{"@id":"https:\/\/evolve-fitness.eu\/es\/#\/schema\/logo\/image\/"},"sameAs":["https:\/\/www.facebook.com\/EvolveFitnessEurope"]}]}},"_links":{"self":[{"href":"https:\/\/evolve-fitness.eu\/es\/wp-json\/wp\/v2\/product\/170735","targetHints":{"allow":["GET"]}}],"collection":[{"href":"https:\/\/evolve-fitness.eu\/es\/wp-json\/wp\/v2\/product"}],"about":[{"href":"https:\/\/evolve-fitness.eu\/es\/wp-json\/wp\/v2\/types\/product"}],"wp:featuredmedia":[{"embeddable":true,"href":"https:\/\/evolve-fitness.eu\/es\/wp-json\/wp\/v2\/media\/170727"}],"wp:attachment":[{"href":"https:\/\/evolve-fitness.eu\/es\/wp-json\/wp\/v2\/media?parent=170735"}],"wp:term":[{"taxonomy":"product_brand","embeddable":true,"href":"https:\/\/evolve-fitness.eu\/es\/wp-json\/wp\/v2\/product_brand?post=170735"},{"taxonomy":"product_cat","embeddable":true,"href":"https:\/\/evolve-fitness.eu\/es\/wp-json\/wp\/v2\/product_cat?post=170735"},{"taxonomy":"product_tag","embeddable":true,"href":"https:\/\/evolve-fitness.eu\/es\/wp-json\/wp\/v2\/product_tag?post=170735"}],"curies":[{"name":"wp","href":"https:\/\/api.w.org\/{rel}","templated":true}]}}