{"id":173352,"date":"2025-01-14T08:59:38","date_gmt":"2025-01-14T08:59:38","guid":{"rendered":"https:\/\/evolve-fitness.eu\/product\/barra-de-powerlfting-evolve-220-cm-20-kg\/"},"modified":"2025-01-21T13:20:21","modified_gmt":"2025-01-21T13:20:21","slug":"barra-de-powerlfting-evolve-220-cm-20-kg","status":"publish","type":"product","link":"https:\/\/evolve-fitness.eu\/es\/producto\/barra-de-powerlfting-evolve-220-cm-20-kg\/","title":{"rendered":"Barra de Powerlfting Evolve &#8211; 220 cm \/ 20 kg"},"content":{"rendered":"\n<section class=\"wp-block-group alignfull has-lightgray-background-color has-background is-layout-constrained wp-block-group-is-layout-constrained\">\n<div class=\"wp-block-columns alignwide is-layout-flex wp-container-core-columns-is-layout-2edb0647 wp-block-columns-is-layout-flex\" style=\"margin-top:0;margin-bottom:0\">\n<div class=\"wp-block-column is-layout-flow wp-block-column-is-layout-flow\" style=\"flex-basis:33.33%\"><\/div>\n\n\n\n<div class=\"wp-block-column is-layout-flow wp-block-column-is-layout-flow\" style=\"flex-basis:66.66%\"><\/div>\n<\/div>\n<\/section>\n\n<section class=\"wp-block-group alignfull black-content has-white-color has-darkgray-background-color has-text-color has-background is-layout-constrained wp-block-group-is-layout-constrained\" style=\"padding-top:var(--wp--preset--spacing--section-bottom);padding-bottom:var(--wp--preset--spacing--section-bottom)\">\n<h3 class=\"wp-block-heading has-text-align-center\" style=\"margin-bottom:var(--wp--preset--spacing--tb-section-padding)\">FICHA T\u00c9CNICA<\/h3>\n\n\n\n<div class=\"wp-block-columns alignwide mobile-reverse is-layout-flex wp-container-core-columns-is-layout-ca64bf2d wp-block-columns-is-layout-flex\" style=\"margin-bottom:var(--wp--preset--spacing--side-padding)\">\n<div class=\"wp-block-column is-layout-flow wp-block-column-is-layout-flow\">\n<figure class=\"wp-block-image aligncenter size-large is-style-rounded\"><img loading=\"lazy\" decoding=\"async\" width=\"1024\" height=\"683\" src=\"https:\/\/evolve-fitness.eu\/wp-content\/uploads\/2025\/01\/Evolve-Powerlifiting-Bar-spec-3-1024x683.jpg\" alt=\"EV-OB-PL-220\" class=\"wp-image-174067\" srcset=\"https:\/\/evolve-fitness.eu\/wp-content\/uploads\/2025\/01\/Evolve-Powerlifiting-Bar-spec-3-1024x683.jpg 1024w, https:\/\/evolve-fitness.eu\/wp-content\/uploads\/2025\/01\/Evolve-Powerlifiting-Bar-spec-3-300x200.jpg 300w, https:\/\/evolve-fitness.eu\/wp-content\/uploads\/2025\/01\/Evolve-Powerlifiting-Bar-spec-3-150x100.jpg 150w, https:\/\/evolve-fitness.eu\/wp-content\/uploads\/2025\/01\/Evolve-Powerlifiting-Bar-spec-3-768x512.jpg 768w, https:\/\/evolve-fitness.eu\/wp-content\/uploads\/2025\/01\/Evolve-Powerlifiting-Bar-spec-3-1536x1024.jpg 1536w, https:\/\/evolve-fitness.eu\/wp-content\/uploads\/2025\/01\/Evolve-Powerlifiting-Bar-spec-3-2048x1365.jpg 2048w, https:\/\/evolve-fitness.eu\/wp-content\/uploads\/2025\/01\/Evolve-Powerlifiting-Bar-spec-3-600x400.jpg 600w, https:\/\/evolve-fitness.eu\/wp-content\/uploads\/2025\/01\/Evolve-Powerlifiting-Bar-spec-3-225x150.jpg 225w\" sizes=\"auto, (max-width: 1024px) 100vw, 1024px\" \/><\/figure>\n<\/div>\n<\/div>\n\n\n\n<div class=\"wp-block-columns alignwide mobile-reverse is-layout-flex wp-container-core-columns-is-layout-ca64bf2d wp-block-columns-is-layout-flex\" style=\"margin-bottom:var(--wp--preset--spacing--side-padding)\">\n<div class=\"wp-block-column is-vertically-aligned-center is-layout-flow wp-block-column-is-layout-flow\">\n<h3 class=\"wp-block-heading\" style=\"margin-bottom:var(--wp--preset--spacing--h-3-bottom)\"><strong><strong><strong><strong><strong><strong>Alta calidad<\/strong><\/strong><\/strong><\/strong><\/strong><\/strong><\/h3>\n\n\n\n<p><strong><em><strong><strong><strong><strong>Dise\u00f1o duradero<\/strong><\/strong><\/strong><\/strong><\/em><\/strong><\/p>\n\n\n\n<p style=\"margin-bottom:var(--wp--preset--spacing--tb-section-padding)\">Nuestros bancos de fitness est\u00e1n fabricados para durar, con una s\u00f3lida estructura met\u00e1lica construida a partir de tubos circulares soldados. La avanzada tecnolog\u00eda de pulverizaci\u00f3n electrost\u00e1tica de polvos termoendurecibles no s\u00f3lo confiere a la superficie un aspecto elegante, sino que tambi\u00e9n proporciona una excelente protecci\u00f3n contra la oxidaci\u00f3n. Tanto si es un aficionado al fitness en casa como si trabaja en un gimnasio profesional, nuestros bancos Evolve est\u00e1n dise\u00f1ados para satisfacer sus necesidades. Tambi\u00e9n son perfectas para instalaciones comerciales de fitness en bases militares, hoteles, albergues y centros de rehabilitaci\u00f3n.<\/p>\n\n\n\n<h3 class=\"wp-block-heading\" style=\"margin-bottom:var(--wp--preset--spacing--h-3-bottom)\"><strong><strong><strong><strong><strong><strong><strong><strong>Agarre y control superiores<\/strong><\/strong><\/strong><\/strong><\/strong><\/strong><\/strong><\/strong><\/h3>\n\n\n\n<p><strong><em><strong><strong><strong><strong><strong>Moleteado para mejorar la estabilidad<\/strong><\/strong><\/strong><\/strong><\/strong><\/em><\/strong><\/p>\n\n\n\n<p>Esta barra de powerlifting presenta un moleteado agresivo, que proporciona un agarre seguro y firme durante los levantamientos intensos. Las marcas de los nudos, colocadas con precisi\u00f3n, ayudan a los levantadores a mantener la posici\u00f3n correcta de las manos en sentadillas, press de banca y peso muerto. La barra tambi\u00e9n incluye un nudo central para aumentar la estabilidad durante las sentadillas, evitando que la barra resbale y mejorando la seguridad.  <\/p>\n<\/div>\n\n\n\n<div class=\"wp-block-column is-vertically-aligned-center is-layout-flow wp-block-column-is-layout-flow\">\n<figure class=\"wp-block-image size-full is-style-rounded\"><img loading=\"lazy\" decoding=\"async\" width=\"2060\" height=\"1373\" src=\"https:\/\/evolve-fitness.eu\/wp-content\/uploads\/2025\/01\/Evolve-Powerlifiting-Bar-3.jpg\" alt=\"EV-OB-PL-220\" class=\"wp-image-173253\" style=\"object-fit:cover\" srcset=\"https:\/\/evolve-fitness.eu\/wp-content\/uploads\/2025\/01\/Evolve-Powerlifiting-Bar-3.jpg 2060w, https:\/\/evolve-fitness.eu\/wp-content\/uploads\/2025\/01\/Evolve-Powerlifiting-Bar-3-300x200.jpg 300w, https:\/\/evolve-fitness.eu\/wp-content\/uploads\/2025\/01\/Evolve-Powerlifiting-Bar-3-1024x683.jpg 1024w, https:\/\/evolve-fitness.eu\/wp-content\/uploads\/2025\/01\/Evolve-Powerlifiting-Bar-3-150x100.jpg 150w, https:\/\/evolve-fitness.eu\/wp-content\/uploads\/2025\/01\/Evolve-Powerlifiting-Bar-3-768x512.jpg 768w, https:\/\/evolve-fitness.eu\/wp-content\/uploads\/2025\/01\/Evolve-Powerlifiting-Bar-3-1536x1024.jpg 1536w, https:\/\/evolve-fitness.eu\/wp-content\/uploads\/2025\/01\/Evolve-Powerlifiting-Bar-3-2048x1365.jpg 2048w, https:\/\/evolve-fitness.eu\/wp-content\/uploads\/2025\/01\/Evolve-Powerlifiting-Bar-3-600x400.jpg 600w, https:\/\/evolve-fitness.eu\/wp-content\/uploads\/2025\/01\/Evolve-Powerlifiting-Bar-3-225x150.jpg 225w\" sizes=\"auto, (max-width: 2060px) 100vw, 2060px\" \/><\/figure>\n<\/div>\n<\/div>\n\n\n\n<div class=\"wp-block-columns alignwide mobile-reverse is-layout-flex wp-container-core-columns-is-layout-ca64bf2d wp-block-columns-is-layout-flex\" style=\"margin-bottom:var(--wp--preset--spacing--side-padding)\">\n<div class=\"wp-block-column is-vertically-aligned-center is-layout-flow wp-block-column-is-layout-flow\">\n<figure class=\"wp-block-image size-full is-style-rounded\"><img loading=\"lazy\" decoding=\"async\" width=\"2060\" height=\"1373\" src=\"https:\/\/evolve-fitness.eu\/wp-content\/uploads\/2025\/01\/Evolve-Powerlifiting-Bar-6.jpg\" alt=\"EV-OB-PL-220\" class=\"wp-image-174016\" style=\"object-fit:cover\" srcset=\"https:\/\/evolve-fitness.eu\/wp-content\/uploads\/2025\/01\/Evolve-Powerlifiting-Bar-6.jpg 2060w, https:\/\/evolve-fitness.eu\/wp-content\/uploads\/2025\/01\/Evolve-Powerlifiting-Bar-6-300x200.jpg 300w, https:\/\/evolve-fitness.eu\/wp-content\/uploads\/2025\/01\/Evolve-Powerlifiting-Bar-6-1024x683.jpg 1024w, https:\/\/evolve-fitness.eu\/wp-content\/uploads\/2025\/01\/Evolve-Powerlifiting-Bar-6-150x100.jpg 150w, https:\/\/evolve-fitness.eu\/wp-content\/uploads\/2025\/01\/Evolve-Powerlifiting-Bar-6-768x512.jpg 768w, https:\/\/evolve-fitness.eu\/wp-content\/uploads\/2025\/01\/Evolve-Powerlifiting-Bar-6-1536x1024.jpg 1536w, https:\/\/evolve-fitness.eu\/wp-content\/uploads\/2025\/01\/Evolve-Powerlifiting-Bar-6-2048x1365.jpg 2048w, https:\/\/evolve-fitness.eu\/wp-content\/uploads\/2025\/01\/Evolve-Powerlifiting-Bar-6-600x400.jpg 600w, https:\/\/evolve-fitness.eu\/wp-content\/uploads\/2025\/01\/Evolve-Powerlifiting-Bar-6-225x150.jpg 225w\" sizes=\"auto, (max-width: 2060px) 100vw, 2060px\" \/><\/figure>\n<\/div>\n\n\n\n<div class=\"wp-block-column is-vertically-aligned-center is-layout-flow wp-block-column-is-layout-flow\">\n<h3 class=\"wp-block-heading\" style=\"margin-bottom:var(--wp--preset--spacing--h-3-bottom)\"><strong><strong><strong><strong><strong><strong><strong>Capacidad de carga y rigidez \u00f3ptimas<\/strong><\/strong><\/strong><\/strong><\/strong><\/strong><\/strong><\/h3>\n\n\n\n<p><strong><em><strong><strong><strong><strong><strong>Dise\u00f1ado para grandes pesos<\/strong><\/strong><\/strong><\/strong><\/strong><\/em><\/strong><\/p>\n\n\n\n<p style=\"margin-bottom:var(--wp--preset--spacing--tb-section-padding)\">La Barra de Halterofilia Evolve est\u00e1 dise\u00f1ada para soportar una capacidad m\u00e1xima de peso de hasta 900 kg (2000 lbs), satisfaciendo las necesidades de los halter\u00f3filos avanzados y de \u00e9lite. Su reducido l\u00e1tigo y su \u00f3ptima rigidez garantizan movimientos controlados, permitiendo mejorar la forma y la transferencia de potencia durante los levantamientos de m\u00e1ximo esfuerzo. <\/p>\n\n\n\n<h3 class=\"wp-block-heading\" style=\"margin-bottom:var(--wp--preset--spacing--h-3-bottom)\"><strong><strong><strong><strong><strong><strong><strong><strong><strong>Dise\u00f1o y durabilidad del manguito<\/strong><\/strong><\/strong><\/strong><\/strong><\/strong><\/strong><\/strong><\/strong><\/h3>\n\n\n\n<p><strong><em><strong><strong><strong><strong><strong><strong>Rotaci\u00f3n suave para un rendimiento duradero<\/strong><\/strong><\/strong><\/strong><\/strong><\/strong><\/em><\/strong><\/p>\n\n\n\n<p>Equipada con robustos casquillos, la barra garantiza una rotaci\u00f3n suave y fiable de la placa. Los casquillos est\u00e1n acabados con un revestimiento de cromo duro, que ofrece una excelente resistencia al desgaste y la corrosi\u00f3n, convirti\u00e9ndola en una inversi\u00f3n duradera para cualquier montaje de powerlifting. <\/p>\n<\/div>\n<\/div>\n<\/section>\n","protected":false},"excerpt":{"rendered":"<p>La barra Evolve Powerlifting (EV-OB-PL-220) es una barra de calidad superior dise\u00f1ada tanto para entusiastas del entrenamiento de fuerza como para atletas profesionales. Dise\u00f1ada pensando en la durabilidad y la precisi\u00f3n, esta barra de 220 cm y 20 kg ofrece rendimiento para levantamientos pesados. Su agarre superior y su robusta construcci\u00f3n garantizan estabilidad y control, lo que la convierte en la elecci\u00f3n ideal para sentadillas, peso muerto y press de banca. Perfecta para todos los niveles de forma f\u00edsica, esta barra ofrece fiabilidad y consistencia.   <\/p>\n","protected":false},"featured_media":173201,"template":"","meta":{"_acf_changed":false,"inline_featured_image":false},"product_brand":[],"product_cat":[1454,3824],"product_tag":[],"class_list":{"0":"post-173352","1":"product","2":"type-product","3":"status-publish","4":"has-post-thumbnail","6":"product_cat-pesos-libres","7":"product_cat-bares-y-accesorios","9":"first","10":"instock","11":"shipping-taxable","12":"purchasable","13":"product-type-simple"},"acf":{"long_title":"Barra Evolve Powerlifting - 220 cm \/ 20 kg","subtitle":"","specifications":[{"label":"SKU","text_value":"EV-OB-PL-220","icon":"x"},{"label":"Peso","text_value":"20 kg","icon":"x"},{"label":"Carga m\u00e1xima","text_value":"900 kg","icon":"x"},{"label":"Di\u00e1metro del casquillo del plato de contrapeso","text_value":"\u00d8 50 mm","icon":"x"},{"label":"Longitud","text_value":"2200 mm","icon":"x"},{"label":"Di\u00e1metro interior de la barra","text_value":"\u00d8 29 mm","icon":"x"},{"label":"La superficie de la parte interior del diapas\u00f3n","text_value":"Cromado duro","icon":"x"},{"label":"Superficie de agarre de las pesas","text_value":"Cromado duro","icon":"x"},{"label":"Longitud de las mangas para pesas","text_value":"430 mm","icon":"x"},{"label":"Tipo de rugosidad del diapas\u00f3n","text_value":"FMI","icon":"x"},{"label":"Garant\u00eda","text_value":"2 a\u00f1os","icon":"x"}]},"yoast_head":"<!-- This site is optimized with the Yoast SEO plugin v26.6 - https:\/\/yoast.com\/wordpress\/plugins\/seo\/ -->\n<title>Barra de Powerlfting Evolve - 220 cm \/ 20 kg - Evolve<\/title>\n<meta name=\"robots\" content=\"index, follow, max-snippet:-1, max-image-preview:large, max-video-preview:-1\" \/>\n<link rel=\"canonical\" href=\"https:\/\/evolve-fitness.eu\/es\/producto\/barra-de-powerlfting-evolve-220-cm-20-kg\/\" \/>\n<meta property=\"og:locale\" content=\"es_ES\" \/>\n<meta property=\"og:type\" content=\"article\" \/>\n<meta property=\"og:title\" content=\"Barra de Powerlfting Evolve - 220 cm \/ 20 kg - Evolve\" \/>\n<meta property=\"og:url\" content=\"https:\/\/evolve-fitness.eu\/es\/producto\/barra-de-powerlfting-evolve-220-cm-20-kg\/\" \/>\n<meta property=\"og:site_name\" content=\"Evolve\" \/>\n<meta property=\"article:publisher\" content=\"https:\/\/www.facebook.com\/EvolveFitnessEurope\" \/>\n<meta property=\"article:modified_time\" content=\"2025-01-21T13:20:21+00:00\" \/>\n<meta property=\"og:image\" content=\"https:\/\/evolve-fitness.eu\/wp-content\/uploads\/2025\/01\/Evolve-Powerlifiting-Bar-1-1.png\" \/>\n\t<meta property=\"og:image:width\" content=\"2060\" \/>\n\t<meta property=\"og:image:height\" content=\"1373\" \/>\n\t<meta property=\"og:image:type\" content=\"image\/png\" \/>\n<meta name=\"twitter:card\" content=\"summary_large_image\" \/>\n<script type=\"application\/ld+json\" class=\"yoast-schema-graph\">{\"@context\":\"https:\/\/schema.org\",\"@graph\":[{\"@type\":\"WebPage\",\"@id\":\"https:\/\/evolve-fitness.eu\/es\/producto\/barra-de-powerlfting-evolve-220-cm-20-kg\/\",\"url\":\"https:\/\/evolve-fitness.eu\/es\/producto\/barra-de-powerlfting-evolve-220-cm-20-kg\/\",\"name\":\"Barra de Powerlfting Evolve - 220 cm \/ 20 kg - Evolve\",\"isPartOf\":{\"@id\":\"https:\/\/evolve-fitness.eu\/es\/#website\"},\"primaryImageOfPage\":{\"@id\":\"https:\/\/evolve-fitness.eu\/es\/producto\/barra-de-powerlfting-evolve-220-cm-20-kg\/#primaryimage\"},\"image\":{\"@id\":\"https:\/\/evolve-fitness.eu\/es\/producto\/barra-de-powerlfting-evolve-220-cm-20-kg\/#primaryimage\"},\"thumbnailUrl\":\"https:\/\/evolve-fitness.eu\/wp-content\/uploads\/2025\/01\/Evolve-Powerlifiting-Bar-1-1.png\",\"datePublished\":\"2025-01-14T08:59:38+00:00\",\"dateModified\":\"2025-01-21T13:20:21+00:00\",\"breadcrumb\":{\"@id\":\"https:\/\/evolve-fitness.eu\/es\/producto\/barra-de-powerlfting-evolve-220-cm-20-kg\/#breadcrumb\"},\"inLanguage\":\"es\",\"potentialAction\":[{\"@type\":\"ReadAction\",\"target\":[\"https:\/\/evolve-fitness.eu\/es\/producto\/barra-de-powerlfting-evolve-220-cm-20-kg\/\"]}]},{\"@type\":\"ImageObject\",\"inLanguage\":\"es\",\"@id\":\"https:\/\/evolve-fitness.eu\/es\/producto\/barra-de-powerlfting-evolve-220-cm-20-kg\/#primaryimage\",\"url\":\"https:\/\/evolve-fitness.eu\/wp-content\/uploads\/2025\/01\/Evolve-Powerlifiting-Bar-1-1.png\",\"contentUrl\":\"https:\/\/evolve-fitness.eu\/wp-content\/uploads\/2025\/01\/Evolve-Powerlifiting-Bar-1-1.png\",\"width\":2060,\"height\":1373},{\"@type\":\"BreadcrumbList\",\"@id\":\"https:\/\/evolve-fitness.eu\/es\/producto\/barra-de-powerlfting-evolve-220-cm-20-kg\/#breadcrumb\",\"itemListElement\":[{\"@type\":\"ListItem\",\"position\":1,\"name\":\"Home\",\"item\":\"https:\/\/evolve-fitness.eu\/es\/\"},{\"@type\":\"ListItem\",\"position\":2,\"name\":\"Productos\",\"item\":\"https:\/\/evolve-fitness.eu\/es\/shop\/\"},{\"@type\":\"ListItem\",\"position\":3,\"name\":\"Barra de Powerlfting Evolve &#8211; 220 cm \/ 20 kg\"}]},{\"@type\":\"WebSite\",\"@id\":\"https:\/\/evolve-fitness.eu\/es\/#website\",\"url\":\"https:\/\/evolve-fitness.eu\/es\/\",\"name\":\"Evolve\",\"description\":\"Your Evolved Gear Arrived\",\"publisher\":{\"@id\":\"https:\/\/evolve-fitness.eu\/es\/#organization\"},\"potentialAction\":[{\"@type\":\"SearchAction\",\"target\":{\"@type\":\"EntryPoint\",\"urlTemplate\":\"https:\/\/evolve-fitness.eu\/es\/?s={search_term_string}\"},\"query-input\":{\"@type\":\"PropertyValueSpecification\",\"valueRequired\":true,\"valueName\":\"search_term_string\"}}],\"inLanguage\":\"es\"},{\"@type\":\"Organization\",\"@id\":\"https:\/\/evolve-fitness.eu\/es\/#organization\",\"name\":\"Evolve\",\"url\":\"https:\/\/evolve-fitness.eu\/es\/\",\"logo\":{\"@type\":\"ImageObject\",\"inLanguage\":\"es\",\"@id\":\"https:\/\/evolve-fitness.eu\/es\/#\/schema\/logo\/image\/\",\"url\":\"https:\/\/evolve-fitness.eu\/wp-content\/uploads\/2023\/05\/Evolve-logo.svg\",\"contentUrl\":\"https:\/\/evolve-fitness.eu\/wp-content\/uploads\/2023\/05\/Evolve-logo.svg\",\"width\":176,\"height\":20,\"caption\":\"Evolve\"},\"image\":{\"@id\":\"https:\/\/evolve-fitness.eu\/es\/#\/schema\/logo\/image\/\"},\"sameAs\":[\"https:\/\/www.facebook.com\/EvolveFitnessEurope\"]}]}<\/script>\n<!-- \/ Yoast SEO plugin. -->","yoast_head_json":{"title":"Barra de Powerlfting Evolve - 220 cm \/ 20 kg - Evolve","robots":{"index":"index","follow":"follow","max-snippet":"max-snippet:-1","max-image-preview":"max-image-preview:large","max-video-preview":"max-video-preview:-1"},"canonical":"https:\/\/evolve-fitness.eu\/es\/producto\/barra-de-powerlfting-evolve-220-cm-20-kg\/","og_locale":"es_ES","og_type":"article","og_title":"Barra de Powerlfting Evolve - 220 cm \/ 20 kg - Evolve","og_url":"https:\/\/evolve-fitness.eu\/es\/producto\/barra-de-powerlfting-evolve-220-cm-20-kg\/","og_site_name":"Evolve","article_publisher":"https:\/\/www.facebook.com\/EvolveFitnessEurope","article_modified_time":"2025-01-21T13:20:21+00:00","og_image":[{"width":2060,"height":1373,"url":"https:\/\/evolve-fitness.eu\/wp-content\/uploads\/2025\/01\/Evolve-Powerlifiting-Bar-1-1.png","type":"image\/png"}],"twitter_card":"summary_large_image","schema":{"@context":"https:\/\/schema.org","@graph":[{"@type":"WebPage","@id":"https:\/\/evolve-fitness.eu\/es\/producto\/barra-de-powerlfting-evolve-220-cm-20-kg\/","url":"https:\/\/evolve-fitness.eu\/es\/producto\/barra-de-powerlfting-evolve-220-cm-20-kg\/","name":"Barra de Powerlfting Evolve - 220 cm \/ 20 kg - Evolve","isPartOf":{"@id":"https:\/\/evolve-fitness.eu\/es\/#website"},"primaryImageOfPage":{"@id":"https:\/\/evolve-fitness.eu\/es\/producto\/barra-de-powerlfting-evolve-220-cm-20-kg\/#primaryimage"},"image":{"@id":"https:\/\/evolve-fitness.eu\/es\/producto\/barra-de-powerlfting-evolve-220-cm-20-kg\/#primaryimage"},"thumbnailUrl":"https:\/\/evolve-fitness.eu\/wp-content\/uploads\/2025\/01\/Evolve-Powerlifiting-Bar-1-1.png","datePublished":"2025-01-14T08:59:38+00:00","dateModified":"2025-01-21T13:20:21+00:00","breadcrumb":{"@id":"https:\/\/evolve-fitness.eu\/es\/producto\/barra-de-powerlfting-evolve-220-cm-20-kg\/#breadcrumb"},"inLanguage":"es","potentialAction":[{"@type":"ReadAction","target":["https:\/\/evolve-fitness.eu\/es\/producto\/barra-de-powerlfting-evolve-220-cm-20-kg\/"]}]},{"@type":"ImageObject","inLanguage":"es","@id":"https:\/\/evolve-fitness.eu\/es\/producto\/barra-de-powerlfting-evolve-220-cm-20-kg\/#primaryimage","url":"https:\/\/evolve-fitness.eu\/wp-content\/uploads\/2025\/01\/Evolve-Powerlifiting-Bar-1-1.png","contentUrl":"https:\/\/evolve-fitness.eu\/wp-content\/uploads\/2025\/01\/Evolve-Powerlifiting-Bar-1-1.png","width":2060,"height":1373},{"@type":"BreadcrumbList","@id":"https:\/\/evolve-fitness.eu\/es\/producto\/barra-de-powerlfting-evolve-220-cm-20-kg\/#breadcrumb","itemListElement":[{"@type":"ListItem","position":1,"name":"Home","item":"https:\/\/evolve-fitness.eu\/es\/"},{"@type":"ListItem","position":2,"name":"Productos","item":"https:\/\/evolve-fitness.eu\/es\/shop\/"},{"@type":"ListItem","position":3,"name":"Barra de Powerlfting Evolve &#8211; 220 cm \/ 20 kg"}]},{"@type":"WebSite","@id":"https:\/\/evolve-fitness.eu\/es\/#website","url":"https:\/\/evolve-fitness.eu\/es\/","name":"Evolve","description":"Your Evolved Gear Arrived","publisher":{"@id":"https:\/\/evolve-fitness.eu\/es\/#organization"},"potentialAction":[{"@type":"SearchAction","target":{"@type":"EntryPoint","urlTemplate":"https:\/\/evolve-fitness.eu\/es\/?s={search_term_string}"},"query-input":{"@type":"PropertyValueSpecification","valueRequired":true,"valueName":"search_term_string"}}],"inLanguage":"es"},{"@type":"Organization","@id":"https:\/\/evolve-fitness.eu\/es\/#organization","name":"Evolve","url":"https:\/\/evolve-fitness.eu\/es\/","logo":{"@type":"ImageObject","inLanguage":"es","@id":"https:\/\/evolve-fitness.eu\/es\/#\/schema\/logo\/image\/","url":"https:\/\/evolve-fitness.eu\/wp-content\/uploads\/2023\/05\/Evolve-logo.svg","contentUrl":"https:\/\/evolve-fitness.eu\/wp-content\/uploads\/2023\/05\/Evolve-logo.svg","width":176,"height":20,"caption":"Evolve"},"image":{"@id":"https:\/\/evolve-fitness.eu\/es\/#\/schema\/logo\/image\/"},"sameAs":["https:\/\/www.facebook.com\/EvolveFitnessEurope"]}]}},"_links":{"self":[{"href":"https:\/\/evolve-fitness.eu\/es\/wp-json\/wp\/v2\/product\/173352","targetHints":{"allow":["GET"]}}],"collection":[{"href":"https:\/\/evolve-fitness.eu\/es\/wp-json\/wp\/v2\/product"}],"about":[{"href":"https:\/\/evolve-fitness.eu\/es\/wp-json\/wp\/v2\/types\/product"}],"wp:featuredmedia":[{"embeddable":true,"href":"https:\/\/evolve-fitness.eu\/es\/wp-json\/wp\/v2\/media\/173201"}],"wp:attachment":[{"href":"https:\/\/evolve-fitness.eu\/es\/wp-json\/wp\/v2\/media?parent=173352"}],"wp:term":[{"taxonomy":"product_brand","embeddable":true,"href":"https:\/\/evolve-fitness.eu\/es\/wp-json\/wp\/v2\/product_brand?post=173352"},{"taxonomy":"product_cat","embeddable":true,"href":"https:\/\/evolve-fitness.eu\/es\/wp-json\/wp\/v2\/product_cat?post=173352"},{"taxonomy":"product_tag","embeddable":true,"href":"https:\/\/evolve-fitness.eu\/es\/wp-json\/wp\/v2\/product_tag?post=173352"}],"curies":[{"name":"wp","href":"https:\/\/api.w.org\/{rel}","templated":true}]}}