{"id":20138,"date":"2023-10-05T06:45:53","date_gmt":"2023-10-05T06:45:53","guid":{"rendered":"https:\/\/evolve-fitness.eu\/product\/evolve-hi-temp-x-bumper-placas-de-peso-5-25-kg\/"},"modified":"2024-07-18T06:19:16","modified_gmt":"2024-07-18T06:19:16","slug":"evolve-hi-temp-x-bumper-placas-de-peso-5-25-kg","status":"publish","type":"product","link":"https:\/\/evolve-fitness.eu\/es\/producto\/evolve-hi-temp-x-bumper-placas-de-peso-5-25-kg\/","title":{"rendered":"Evolve Hi-Temp X Bumper Placas de peso 5-25 kg"},"content":{"rendered":"\n<section class=\"wp-block-group alignfull has-lightgray-background-color has-background is-layout-constrained wp-block-group-is-layout-constrained\"><\/section>\n\n<section class=\"wp-block-group alignfull black-content has-white-color has-darkgray-background-color has-text-color has-background is-layout-constrained wp-block-group-is-layout-constrained\" style=\"padding-top:var(--wp--preset--spacing--section-bottom);padding-bottom:var(--wp--preset--spacing--section-bottom)\">\n<div class=\"wp-block-columns alignwide mobile-reverse is-layout-flex wp-container-core-columns-is-layout-ca64bf2d wp-block-columns-is-layout-flex\" style=\"margin-bottom:var(--wp--preset--spacing--side-padding)\">\n<div class=\"wp-block-column is-vertically-aligned-center is-layout-flow wp-block-column-is-layout-flow\">\n<h3 class=\"wp-block-heading\" style=\"margin-bottom:var(--wp--preset--spacing--h-3-bottom)\">AJUSTE PERFECTO<\/h3>\n\n\n\n<p><em><strong>Rendimiento inigualable garantizado<\/strong><\/em><\/p>\n\n\n\n<p style=\"margin-bottom:var(--wp--preset--spacing--tb-section-padding)\">Descubra los platos de pesas de ajuste perfecto dise\u00f1ados con fundici\u00f3n de precisi\u00f3n y manguitos de acero inoxidable, que garantizan la compatibilidad con todas las barras ol\u00edmpicas de 50 mm. Nuestros platos de pesas cuentan con puntas de manguito redondeadas y ergon\u00f3micas para cargarlos y descargarlos sin esfuerzo, mientras que la superficie de goma texturizada garantiza un agarre seguro incluso con pesos elevados. Mejore su experiencia de entrenamiento con nuestros equipos de fitness de primera calidad.<\/p>\n<\/div>\n\n\n\n<div class=\"wp-block-column is-vertically-aligned-center is-layout-flow wp-block-column-is-layout-flow\">\n<figure class=\"wp-block-image size-large is-resized\"><img loading=\"lazy\" decoding=\"async\" width=\"1249\" height=\"702\" src=\"https:\/\/evolve-fitness.eu\/wp-content\/uploads\/2023\/10\/Evolve-Hi-Temp-X-Bumper-Weight-Plates-2-edited.png\" alt=\"\" class=\"wp-image-4234\" style=\"object-fit:cover;width:680px;height:600px\" srcset=\"https:\/\/evolve-fitness.eu\/wp-content\/uploads\/2023\/10\/Evolve-Hi-Temp-X-Bumper-Weight-Plates-2-edited.png 1249w, https:\/\/evolve-fitness.eu\/wp-content\/uploads\/2023\/10\/Evolve-Hi-Temp-X-Bumper-Weight-Plates-2-edited-300x169.png 300w, https:\/\/evolve-fitness.eu\/wp-content\/uploads\/2023\/10\/Evolve-Hi-Temp-X-Bumper-Weight-Plates-2-edited-267x150.png 267w, https:\/\/evolve-fitness.eu\/wp-content\/uploads\/2023\/10\/Evolve-Hi-Temp-X-Bumper-Weight-Plates-2-edited-600x337.png 600w, https:\/\/evolve-fitness.eu\/wp-content\/uploads\/2023\/10\/Evolve-Hi-Temp-X-Bumper-Weight-Plates-2-edited-1024x576.png 1024w, https:\/\/evolve-fitness.eu\/wp-content\/uploads\/2023\/10\/Evolve-Hi-Temp-X-Bumper-Weight-Plates-2-edited-150x84.png 150w, https:\/\/evolve-fitness.eu\/wp-content\/uploads\/2023\/10\/Evolve-Hi-Temp-X-Bumper-Weight-Plates-2-edited-768x432.png 768w\" sizes=\"auto, (max-width: 1249px) 100vw, 1249px\" \/><\/figure>\n<\/div>\n<\/div>\n\n\n\n<div class=\"wp-block-columns alignwide is-layout-flex wp-container-core-columns-is-layout-c45ee707 wp-block-columns-is-layout-flex\" style=\"margin-bottom:var(--wp--preset--spacing--side-padding);padding-top:var(--wp--preset--spacing--side-padding)\">\n<div class=\"wp-block-column is-vertically-aligned-center is-layout-flow wp-block-column-is-layout-flow\">\n<figure class=\"wp-block-image size-large\"><img loading=\"lazy\" decoding=\"async\" width=\"683\" height=\"1024\" src=\"https:\/\/evolve-fitness.eu\/wp-content\/uploads\/2023\/10\/A7_08262-1-683x1024.jpg\" alt=\"\" class=\"wp-image-9112\" srcset=\"https:\/\/evolve-fitness.eu\/wp-content\/uploads\/2023\/10\/A7_08262-1-683x1024.jpg 683w, https:\/\/evolve-fitness.eu\/wp-content\/uploads\/2023\/10\/A7_08262-1-300x450.jpg 300w, https:\/\/evolve-fitness.eu\/wp-content\/uploads\/2023\/10\/A7_08262-1-100x150.jpg 100w, https:\/\/evolve-fitness.eu\/wp-content\/uploads\/2023\/10\/A7_08262-1-600x900.jpg 600w, https:\/\/evolve-fitness.eu\/wp-content\/uploads\/2023\/10\/A7_08262-1-200x300.jpg 200w, https:\/\/evolve-fitness.eu\/wp-content\/uploads\/2023\/10\/A7_08262-1-768x1152.jpg 768w, https:\/\/evolve-fitness.eu\/wp-content\/uploads\/2023\/10\/A7_08262-1-1024x1536.jpg 1024w, https:\/\/evolve-fitness.eu\/wp-content\/uploads\/2023\/10\/A7_08262-1.jpg 1320w\" sizes=\"auto, (max-width: 683px) 100vw, 683px\" \/><\/figure>\n<\/div>\n\n\n\n<div class=\"wp-block-column is-vertically-aligned-center is-layout-constrained wp-block-column-is-layout-constrained\">\n<h3 class=\"wp-block-heading\" style=\"margin-bottom:var(--wp--preset--spacing--h-3-bottom)\">Platos de pesas, complementados con un robusto soporte<\/h3>\n\n\n\n<p>P<strong><em><strong><em>resenta un d\u00fao din\u00e1mico para el entrenamiento con pesas<\/em><\/strong><\/em><\/strong> y una est\u00e9tica elegante<\/p>\n\n\n\n<p style=\"margin-bottom:var(--wp--preset--spacing--tb-section-padding)\">Estas planchas, fabricadas con caucho el\u00e1stico, var\u00edan en peso para adaptarse a distintos niveles de forma f\u00edsica. Su dise\u00f1o garantiza un ajuste perfecto en los manillares ol\u00edmpicos, con especial atenci\u00f3n a la reducci\u00f3n del ruido y la absorci\u00f3n de impactos. El estante de acompa\u00f1amiento, con su dise\u00f1o aerodin\u00e1mico, ofrece una soluci\u00f3n de almacenamiento organizada, manteniendo los platos accesibles y el espacio de entrenamiento ordenado. Esta combinaci\u00f3n mejora la configuraci\u00f3n de cualquier gimnasio, combinando funcionalidad con una est\u00e9tica elegante.<\/p>\n<\/div>\n<\/div>\n\n\n\n<div class=\"wp-block-columns alignwide mobile-reverse is-layout-flex wp-container-core-columns-is-layout-ca64bf2d wp-block-columns-is-layout-flex\" style=\"margin-bottom:var(--wp--preset--spacing--side-padding)\">\n<div class=\"wp-block-column is-vertically-aligned-center is-layout-flow wp-block-column-is-layout-flow\">\n<h3 class=\"wp-block-heading\" style=\"margin-bottom:var(--wp--preset--spacing--h-3-bottom)\">Placas de varios tama\u00f1os<\/h3>\n\n\n\n<p><em><strong><strong><em>Para diferentes niveles de fuerza y necesidades de entrenamiento<\/em><\/strong><\/strong><\/em><\/p>\n\n\n\n<p style=\"margin-bottom:var(--wp--preset--spacing--tb-section-padding)\">Las placas de menor tama\u00f1o son perfectas para una progresi\u00f3n gradual, permitiendo a los usuarios aumentar su peso de levantamiento en incrementos manejables. Por su parte, los platos m\u00e1s grandes est\u00e1n destinados a los levantadores de pesas m\u00e1s avanzados que buscan una resistencia significativa. Cada talla mantiene el est\u00e1ndar de calidad y durabilidad de la marca Evolve, con el mismo material de goma y compatibilidad con barras ol\u00edmpicas.<\/p>\n<\/div>\n\n\n\n<div class=\"wp-block-column is-vertically-aligned-center is-layout-flow wp-block-column-is-layout-flow\">\n<figure class=\"wp-block-gallery has-nested-images columns-default is-cropped wp-block-gallery-1 is-layout-flex wp-block-gallery-is-layout-flex\">\n<figure class=\"wp-block-image size-large\"><img loading=\"lazy\" decoding=\"async\" width=\"1024\" height=\"683\" data-id=\"9116\" src=\"https:\/\/evolve-fitness.eu\/wp-content\/uploads\/2023\/10\/A7_08265-1024x683.jpg\" alt=\"\" class=\"wp-image-9116\" srcset=\"https:\/\/evolve-fitness.eu\/wp-content\/uploads\/2023\/10\/A7_08265-1024x683.jpg 1024w, https:\/\/evolve-fitness.eu\/wp-content\/uploads\/2023\/10\/A7_08265-300x200.jpg 300w, https:\/\/evolve-fitness.eu\/wp-content\/uploads\/2023\/10\/A7_08265-225x150.jpg 225w, https:\/\/evolve-fitness.eu\/wp-content\/uploads\/2023\/10\/A7_08265-600x400.jpg 600w, https:\/\/evolve-fitness.eu\/wp-content\/uploads\/2023\/10\/A7_08265-150x100.jpg 150w, https:\/\/evolve-fitness.eu\/wp-content\/uploads\/2023\/10\/A7_08265-768x512.jpg 768w, https:\/\/evolve-fitness.eu\/wp-content\/uploads\/2023\/10\/A7_08265-1536x1024.jpg 1536w, https:\/\/evolve-fitness.eu\/wp-content\/uploads\/2023\/10\/A7_08265.jpg 1980w\" sizes=\"auto, (max-width: 1024px) 100vw, 1024px\" \/><\/figure>\n<\/figure>\n<\/div>\n<\/div>\n\n\n\n<div class=\"wp-block-columns alignwide is-layout-flex wp-container-core-columns-is-layout-c45ee707 wp-block-columns-is-layout-flex\" style=\"margin-bottom:var(--wp--preset--spacing--side-padding);padding-top:var(--wp--preset--spacing--side-padding)\">\n<div class=\"wp-block-column is-vertically-aligned-center is-layout-flow wp-block-column-is-layout-flow\">\n<figure class=\"wp-block-image size-large is-resized is-style-default\"><img loading=\"lazy\" decoding=\"async\" width=\"1024\" height=\"1024\" src=\"https:\/\/evolve-fitness.eu\/wp-content\/uploads\/2023\/10\/6KT8117-1024x1024.jpg\" alt=\"\" class=\"wp-image-4232\" style=\"object-fit:cover;width:680px;height:600px\" srcset=\"https:\/\/evolve-fitness.eu\/wp-content\/uploads\/2023\/10\/6KT8117-1024x1024.jpg 1024w, https:\/\/evolve-fitness.eu\/wp-content\/uploads\/2023\/10\/6KT8117-300x300.jpg 300w, https:\/\/evolve-fitness.eu\/wp-content\/uploads\/2023\/10\/6KT8117-150x150.jpg 150w, https:\/\/evolve-fitness.eu\/wp-content\/uploads\/2023\/10\/6KT8117-600x600.jpg 600w, https:\/\/evolve-fitness.eu\/wp-content\/uploads\/2023\/10\/6KT8117-768x768.jpg 768w, https:\/\/evolve-fitness.eu\/wp-content\/uploads\/2023\/10\/6KT8117.jpg 1365w\" sizes=\"auto, (max-width: 1024px) 100vw, 1024px\" \/><\/figure>\n<\/div>\n\n\n\n<div class=\"wp-block-column is-vertically-aligned-center is-layout-constrained wp-block-column-is-layout-constrained\">\n<h3 class=\"wp-block-heading\" style=\"margin-bottom:var(--wp--preset--spacing--h-3-bottom)\">REBOTE SUAVE Y REDUCCI\u00d3N DE RUIDO<\/h3>\n\n\n\n<p><strong><em><strong><em>Aumente su rendimiento<\/em><\/strong><\/em><\/strong><\/p>\n\n\n\n<p style=\"margin-bottom:var(--wp--preset--spacing--tb-section-padding)\">Experimente una amortiguaci\u00f3n excepcional y una reducci\u00f3n del ruido durante sus intensos entrenamientos con las placas Evolve Crumb Bumper. Fabricadas con caucho suave pero duradero, estas placas ofrecen cualidades de amortiguaci\u00f3n de primer nivel, garantizando la seguridad de sus suelos y equipos. Perfectas para su uso tanto en interiores como en exteriores, ofrecen una soluci\u00f3n suave y respetuosa con el suelo para sus necesidades de fitness.<\/p>\n<\/div>\n<\/div>\n\n\n\n<div class=\"wp-block-columns alignwide is-layout-flex wp-container-core-columns-is-layout-c45ee707 wp-block-columns-is-layout-flex\" style=\"margin-bottom:var(--wp--preset--spacing--side-padding);padding-top:var(--wp--preset--spacing--side-padding)\">\n<div class=\"wp-block-column is-vertically-aligned-center is-layout-flow wp-block-column-is-layout-flow\">\n<h3 class=\"wp-block-heading\" style=\"margin-bottom:var(--wp--preset--spacing--h-3-bottom)\">MOLDES PARA LOGOTIPOS DURADEROS<\/h3>\n\n\n\n<p><em><strong>Duradero y elegante<\/strong><\/em><\/p>\n\n\n\n<p>Eleve su equipamiento de fitness con los platos de pesas Evolve Hi-Temp X Bumper, donde la durabilidad se une al estilo. Nuestras placas tienen un dise\u00f1o innovador con un logotipo y n\u00fameros de peso que no s\u00f3lo est\u00e1n impresos, sino que est\u00e1n infundidos y moldeados permanentemente en la superficie de la placa. Este proceso \u00fanico garantiza que las marcas nunca se borren, desti\u00f1an o deterioren, conservando su aspecto impecable durante toda su vida deportiva. Invierta en un equipo que pueda resistir el paso del tiempo y los entrenamientos, elija Evolve Hi-Temp X Bumper Weight Plates para una longevidad y calidad inigualables en su arsenal de fitness.<\/p>\n<\/div>\n\n\n\n<div class=\"wp-block-column is-vertically-aligned-center is-layout-flow wp-block-column-is-layout-flow\">\n<div class=\"wp-block-columns is-layout-flex wp-container-core-columns-is-layout-9d6595d7 wp-block-columns-is-layout-flex\">\n<div class=\"wp-block-column is-layout-flow wp-block-column-is-layout-flow\">\n<figure class=\"wp-block-image size-full is-resized is-style-default\"><img loading=\"lazy\" decoding=\"async\" width=\"382\" height=\"679\" src=\"https:\/\/evolve-fitness.eu\/wp-content\/uploads\/2023\/10\/evolve-Bumper-Weight-edited.jpg\" alt=\"\" class=\"wp-image-4230\" style=\"object-fit:cover;width:680px;height:600px\" srcset=\"https:\/\/evolve-fitness.eu\/wp-content\/uploads\/2023\/10\/evolve-Bumper-Weight-edited.jpg 382w, https:\/\/evolve-fitness.eu\/wp-content\/uploads\/2023\/10\/evolve-Bumper-Weight-edited-300x533.jpg 300w, https:\/\/evolve-fitness.eu\/wp-content\/uploads\/2023\/10\/evolve-Bumper-Weight-edited-84x150.jpg 84w, https:\/\/evolve-fitness.eu\/wp-content\/uploads\/2023\/10\/evolve-Bumper-Weight-edited-169x300.jpg 169w\" sizes=\"auto, (max-width: 382px) 100vw, 382px\" \/><\/figure>\n<\/div>\n<\/div>\n<\/div>\n<\/div>\n\n\n\n<div class=\"wp-block-columns alignwide is-layout-flex wp-container-core-columns-is-layout-c45ee707 wp-block-columns-is-layout-flex\" style=\"margin-bottom:var(--wp--preset--spacing--side-padding);padding-top:var(--wp--preset--spacing--side-padding)\">\n<div class=\"wp-block-column is-vertically-aligned-center is-layout-flow wp-block-column-is-layout-flow\">\n<figure class=\"wp-block-image size-large is-resized is-style-default\"><img loading=\"lazy\" decoding=\"async\" width=\"1024\" height=\"1024\" src=\"https:\/\/evolve-fitness.eu\/wp-content\/uploads\/2023\/10\/Measurments-1-1024x1024.png\" alt=\"\" class=\"wp-image-4258\" style=\"object-fit:cover;width:671px;height:592px\" srcset=\"https:\/\/evolve-fitness.eu\/wp-content\/uploads\/2023\/10\/Measurments-1-1024x1024.png 1024w, https:\/\/evolve-fitness.eu\/wp-content\/uploads\/2023\/10\/Measurments-1-300x300.png 300w, https:\/\/evolve-fitness.eu\/wp-content\/uploads\/2023\/10\/Measurments-1-150x150.png 150w, https:\/\/evolve-fitness.eu\/wp-content\/uploads\/2023\/10\/Measurments-1-600x600.png 600w, https:\/\/evolve-fitness.eu\/wp-content\/uploads\/2023\/10\/Measurments-1-768x768.png 768w, https:\/\/evolve-fitness.eu\/wp-content\/uploads\/2023\/10\/Measurments-1-1536x1536.png 1536w, https:\/\/evolve-fitness.eu\/wp-content\/uploads\/2023\/10\/Measurments-1-2048x2048.png 2048w\" sizes=\"auto, (max-width: 1024px) 100vw, 1024px\" \/><\/figure>\n<\/div>\n\n\n\n<div class=\"wp-block-column is-vertically-aligned-center is-layout-flow wp-block-column-is-layout-flow\">\n<h3 class=\"wp-block-heading\" style=\"margin-bottom:var(--wp--preset--spacing--h-3-bottom)\">Revolucione su fuerza  <\/h3>\n\n\n\n<p><strong><em>Entrenamiento con Evolve X Bumpers<\/em><\/strong><\/p>\n\n\n\n<p>Parachoques Evolve X, ahora con un dise\u00f1o de goma comprimida de \u00faltima generaci\u00f3n que es m\u00e1s fino que los parachoques t\u00edpicos. Esta innovaci\u00f3n le permite maximizar la capacidad de peso de su barra, aument\u00e1ndola hasta unos impresionantes 210 kg. Eleva tu entrenamiento de fuerza con estos topes de alto rendimiento.<\/p>\n<\/div>\n<\/div>\n\n\n\n<figure class=\"wp-block-video\"><video height=\"1080\" style=\"aspect-ratio: 1920 \/ 1080;\" width=\"1920\" autoplay=\"\" controls=\"\" loop=\"\" muted=\"\" preload=\"auto\" src=\"https:\/\/evolve-fitness.eu\/wp-content\/uploads\/2023\/10\/5-360.mp4\"><\/video><\/figure>\n<\/section>\n","protected":false},"excerpt":{"rendered":"<p>Descubra lo \u00faltimo en compa\u00f1eros de entrenamiento con los platos de pesas Evolve Hi-Temp X Bumper de 5 kg a 25 kg. Fabricados con caucho comprimido duradero, estos platos destacan por su absorci\u00f3n de impactos y reducci\u00f3n del ruido, lo que los hace ideales para gimnasios dom\u00e9sticos y comerciales. Su suave rebote y sus cualidades reductoras del ruido protegen el suelo y mantienen la tranquilidad en los entrenamientos. Dise\u00f1ados para un ajuste perfecto, cuentan con un manguito de acero inoxidable y una fundici\u00f3n precisa para adaptarse sin esfuerzo a todos los manillares ol\u00edmpicos de 50 mm. Con puntas de manguito redondeadas ergon\u00f3micas y superficies de goma texturizadas para un agarre seguro, estas placas garantizan una experiencia de levantamiento sin problemas. Eleve su nivel de forma f\u00edsica con los mejores discos de pesas Evolve.<\/p>\n","protected":false},"featured_media":20155,"template":"","meta":{"_acf_changed":false,"inline_featured_image":false},"product_brand":[],"product_cat":[1454,1457],"product_tag":[],"class_list":{"0":"post-20138","1":"product","2":"type-product","3":"status-publish","4":"has-post-thumbnail","6":"product_cat-pesos-libres","7":"product_cat-platos-de-pesas","9":"first","10":"instock","11":"shipping-taxable","12":"purchasable","13":"product-type-variable"},"acf":{"long_title":"Evolve Hi-Temp X Bumper Placas de peso 5-25 kg","subtitle":"","specifications":[{"label":"SKU","text_value":"EV-WP-BP","icon":"x"},{"label":"5 kg: Di\u00e1metro - 450mm; Espesor - 30 mm","text_value":"","icon":"v"},{"label":"10 kg: Di\u00e1metro - 450mm; Espesor - 45 mm","text_value":"","icon":"v"},{"label":"15 kg: Di\u00e1metro - 450mm; Espesor - 55 mm","text_value":"","icon":"v"},{"label":"20 kg: Di\u00e1metro - 450mm; Espesor - 70 mm","text_value":"","icon":"v"},{"label":"25 kg: Di\u00e1metro - 450mm; Espesor - 90 mm","text_value":"","icon":"v"}]},"yoast_head":"<!-- This site is optimized with the Yoast SEO plugin v26.6 - https:\/\/yoast.com\/wordpress\/plugins\/seo\/ -->\n<title>Evolve Hi-Temp X Bumper Placas de peso 5-25 kg - Evolve<\/title>\n<meta name=\"robots\" content=\"index, follow, max-snippet:-1, max-image-preview:large, max-video-preview:-1\" \/>\n<link rel=\"canonical\" href=\"https:\/\/evolve-fitness.eu\/es\/producto\/evolve-hi-temp-x-bumper-placas-de-peso-5-25-kg\/\" \/>\n<meta property=\"og:locale\" content=\"es_ES\" \/>\n<meta property=\"og:type\" content=\"article\" \/>\n<meta property=\"og:title\" content=\"Evolve Hi-Temp X Bumper Placas de peso 5-25 kg - Evolve\" \/>\n<meta property=\"og:url\" content=\"https:\/\/evolve-fitness.eu\/es\/producto\/evolve-hi-temp-x-bumper-placas-de-peso-5-25-kg\/\" \/>\n<meta property=\"og:site_name\" content=\"Evolve\" \/>\n<meta property=\"article:publisher\" content=\"https:\/\/www.facebook.com\/EvolveFitnessEurope\" \/>\n<meta property=\"article:modified_time\" content=\"2024-07-18T06:19:16+00:00\" \/>\n<meta property=\"og:image\" content=\"https:\/\/evolve-fitness.eu\/wp-content\/uploads\/2023\/10\/Evolve-Hi-Temp-X-Bumper-Weight-Plates-5-25-kg.png\" \/>\n\t<meta property=\"og:image:width\" content=\"680\" \/>\n\t<meta property=\"og:image:height\" content=\"600\" \/>\n\t<meta property=\"og:image:type\" content=\"image\/png\" \/>\n<meta name=\"twitter:card\" content=\"summary_large_image\" \/>\n<script type=\"application\/ld+json\" class=\"yoast-schema-graph\">{\"@context\":\"https:\/\/schema.org\",\"@graph\":[{\"@type\":\"WebPage\",\"@id\":\"https:\/\/evolve-fitness.eu\/es\/producto\/evolve-hi-temp-x-bumper-placas-de-peso-5-25-kg\/\",\"url\":\"https:\/\/evolve-fitness.eu\/es\/producto\/evolve-hi-temp-x-bumper-placas-de-peso-5-25-kg\/\",\"name\":\"Evolve Hi-Temp X Bumper Placas de peso 5-25 kg - Evolve\",\"isPartOf\":{\"@id\":\"https:\/\/evolve-fitness.eu\/es\/#website\"},\"primaryImageOfPage\":{\"@id\":\"https:\/\/evolve-fitness.eu\/es\/producto\/evolve-hi-temp-x-bumper-placas-de-peso-5-25-kg\/#primaryimage\"},\"image\":{\"@id\":\"https:\/\/evolve-fitness.eu\/es\/producto\/evolve-hi-temp-x-bumper-placas-de-peso-5-25-kg\/#primaryimage\"},\"thumbnailUrl\":\"https:\/\/evolve-fitness.eu\/wp-content\/uploads\/2023\/10\/Evolve-Hi-Temp-X-Bumper-Weight-Plates-5-25-kg.png\",\"datePublished\":\"2023-10-05T06:45:53+00:00\",\"dateModified\":\"2024-07-18T06:19:16+00:00\",\"breadcrumb\":{\"@id\":\"https:\/\/evolve-fitness.eu\/es\/producto\/evolve-hi-temp-x-bumper-placas-de-peso-5-25-kg\/#breadcrumb\"},\"inLanguage\":\"es\",\"potentialAction\":[{\"@type\":\"ReadAction\",\"target\":[\"https:\/\/evolve-fitness.eu\/es\/producto\/evolve-hi-temp-x-bumper-placas-de-peso-5-25-kg\/\"]}]},{\"@type\":\"ImageObject\",\"inLanguage\":\"es\",\"@id\":\"https:\/\/evolve-fitness.eu\/es\/producto\/evolve-hi-temp-x-bumper-placas-de-peso-5-25-kg\/#primaryimage\",\"url\":\"https:\/\/evolve-fitness.eu\/wp-content\/uploads\/2023\/10\/Evolve-Hi-Temp-X-Bumper-Weight-Plates-5-25-kg.png\",\"contentUrl\":\"https:\/\/evolve-fitness.eu\/wp-content\/uploads\/2023\/10\/Evolve-Hi-Temp-X-Bumper-Weight-Plates-5-25-kg.png\",\"width\":680,\"height\":600,\"caption\":\"EV-WP-PP-1\"},{\"@type\":\"BreadcrumbList\",\"@id\":\"https:\/\/evolve-fitness.eu\/es\/producto\/evolve-hi-temp-x-bumper-placas-de-peso-5-25-kg\/#breadcrumb\",\"itemListElement\":[{\"@type\":\"ListItem\",\"position\":1,\"name\":\"Home\",\"item\":\"https:\/\/evolve-fitness.eu\/es\/\"},{\"@type\":\"ListItem\",\"position\":2,\"name\":\"Productos\",\"item\":\"https:\/\/evolve-fitness.eu\/es\/shop\/\"},{\"@type\":\"ListItem\",\"position\":3,\"name\":\"Evolve Hi-Temp X Bumper Placas de peso 5-25 kg\"}]},{\"@type\":\"WebSite\",\"@id\":\"https:\/\/evolve-fitness.eu\/es\/#website\",\"url\":\"https:\/\/evolve-fitness.eu\/es\/\",\"name\":\"Evolve\",\"description\":\"Your Evolved Gear Arrived\",\"publisher\":{\"@id\":\"https:\/\/evolve-fitness.eu\/es\/#organization\"},\"potentialAction\":[{\"@type\":\"SearchAction\",\"target\":{\"@type\":\"EntryPoint\",\"urlTemplate\":\"https:\/\/evolve-fitness.eu\/es\/?s={search_term_string}\"},\"query-input\":{\"@type\":\"PropertyValueSpecification\",\"valueRequired\":true,\"valueName\":\"search_term_string\"}}],\"inLanguage\":\"es\"},{\"@type\":\"Organization\",\"@id\":\"https:\/\/evolve-fitness.eu\/es\/#organization\",\"name\":\"Evolve\",\"url\":\"https:\/\/evolve-fitness.eu\/es\/\",\"logo\":{\"@type\":\"ImageObject\",\"inLanguage\":\"es\",\"@id\":\"https:\/\/evolve-fitness.eu\/es\/#\/schema\/logo\/image\/\",\"url\":\"https:\/\/evolve-fitness.eu\/wp-content\/uploads\/2023\/05\/Evolve-logo.svg\",\"contentUrl\":\"https:\/\/evolve-fitness.eu\/wp-content\/uploads\/2023\/05\/Evolve-logo.svg\",\"width\":176,\"height\":20,\"caption\":\"Evolve\"},\"image\":{\"@id\":\"https:\/\/evolve-fitness.eu\/es\/#\/schema\/logo\/image\/\"},\"sameAs\":[\"https:\/\/www.facebook.com\/EvolveFitnessEurope\"]}]}<\/script>\n<!-- \/ Yoast SEO plugin. -->","yoast_head_json":{"title":"Evolve Hi-Temp X Bumper Placas de peso 5-25 kg - Evolve","robots":{"index":"index","follow":"follow","max-snippet":"max-snippet:-1","max-image-preview":"max-image-preview:large","max-video-preview":"max-video-preview:-1"},"canonical":"https:\/\/evolve-fitness.eu\/es\/producto\/evolve-hi-temp-x-bumper-placas-de-peso-5-25-kg\/","og_locale":"es_ES","og_type":"article","og_title":"Evolve Hi-Temp X Bumper Placas de peso 5-25 kg - Evolve","og_url":"https:\/\/evolve-fitness.eu\/es\/producto\/evolve-hi-temp-x-bumper-placas-de-peso-5-25-kg\/","og_site_name":"Evolve","article_publisher":"https:\/\/www.facebook.com\/EvolveFitnessEurope","article_modified_time":"2024-07-18T06:19:16+00:00","og_image":[{"width":680,"height":600,"url":"https:\/\/evolve-fitness.eu\/wp-content\/uploads\/2023\/10\/Evolve-Hi-Temp-X-Bumper-Weight-Plates-5-25-kg.png","type":"image\/png"}],"twitter_card":"summary_large_image","schema":{"@context":"https:\/\/schema.org","@graph":[{"@type":"WebPage","@id":"https:\/\/evolve-fitness.eu\/es\/producto\/evolve-hi-temp-x-bumper-placas-de-peso-5-25-kg\/","url":"https:\/\/evolve-fitness.eu\/es\/producto\/evolve-hi-temp-x-bumper-placas-de-peso-5-25-kg\/","name":"Evolve Hi-Temp X Bumper Placas de peso 5-25 kg - Evolve","isPartOf":{"@id":"https:\/\/evolve-fitness.eu\/es\/#website"},"primaryImageOfPage":{"@id":"https:\/\/evolve-fitness.eu\/es\/producto\/evolve-hi-temp-x-bumper-placas-de-peso-5-25-kg\/#primaryimage"},"image":{"@id":"https:\/\/evolve-fitness.eu\/es\/producto\/evolve-hi-temp-x-bumper-placas-de-peso-5-25-kg\/#primaryimage"},"thumbnailUrl":"https:\/\/evolve-fitness.eu\/wp-content\/uploads\/2023\/10\/Evolve-Hi-Temp-X-Bumper-Weight-Plates-5-25-kg.png","datePublished":"2023-10-05T06:45:53+00:00","dateModified":"2024-07-18T06:19:16+00:00","breadcrumb":{"@id":"https:\/\/evolve-fitness.eu\/es\/producto\/evolve-hi-temp-x-bumper-placas-de-peso-5-25-kg\/#breadcrumb"},"inLanguage":"es","potentialAction":[{"@type":"ReadAction","target":["https:\/\/evolve-fitness.eu\/es\/producto\/evolve-hi-temp-x-bumper-placas-de-peso-5-25-kg\/"]}]},{"@type":"ImageObject","inLanguage":"es","@id":"https:\/\/evolve-fitness.eu\/es\/producto\/evolve-hi-temp-x-bumper-placas-de-peso-5-25-kg\/#primaryimage","url":"https:\/\/evolve-fitness.eu\/wp-content\/uploads\/2023\/10\/Evolve-Hi-Temp-X-Bumper-Weight-Plates-5-25-kg.png","contentUrl":"https:\/\/evolve-fitness.eu\/wp-content\/uploads\/2023\/10\/Evolve-Hi-Temp-X-Bumper-Weight-Plates-5-25-kg.png","width":680,"height":600,"caption":"EV-WP-PP-1"},{"@type":"BreadcrumbList","@id":"https:\/\/evolve-fitness.eu\/es\/producto\/evolve-hi-temp-x-bumper-placas-de-peso-5-25-kg\/#breadcrumb","itemListElement":[{"@type":"ListItem","position":1,"name":"Home","item":"https:\/\/evolve-fitness.eu\/es\/"},{"@type":"ListItem","position":2,"name":"Productos","item":"https:\/\/evolve-fitness.eu\/es\/shop\/"},{"@type":"ListItem","position":3,"name":"Evolve Hi-Temp X Bumper Placas de peso 5-25 kg"}]},{"@type":"WebSite","@id":"https:\/\/evolve-fitness.eu\/es\/#website","url":"https:\/\/evolve-fitness.eu\/es\/","name":"Evolve","description":"Your Evolved Gear Arrived","publisher":{"@id":"https:\/\/evolve-fitness.eu\/es\/#organization"},"potentialAction":[{"@type":"SearchAction","target":{"@type":"EntryPoint","urlTemplate":"https:\/\/evolve-fitness.eu\/es\/?s={search_term_string}"},"query-input":{"@type":"PropertyValueSpecification","valueRequired":true,"valueName":"search_term_string"}}],"inLanguage":"es"},{"@type":"Organization","@id":"https:\/\/evolve-fitness.eu\/es\/#organization","name":"Evolve","url":"https:\/\/evolve-fitness.eu\/es\/","logo":{"@type":"ImageObject","inLanguage":"es","@id":"https:\/\/evolve-fitness.eu\/es\/#\/schema\/logo\/image\/","url":"https:\/\/evolve-fitness.eu\/wp-content\/uploads\/2023\/05\/Evolve-logo.svg","contentUrl":"https:\/\/evolve-fitness.eu\/wp-content\/uploads\/2023\/05\/Evolve-logo.svg","width":176,"height":20,"caption":"Evolve"},"image":{"@id":"https:\/\/evolve-fitness.eu\/es\/#\/schema\/logo\/image\/"},"sameAs":["https:\/\/www.facebook.com\/EvolveFitnessEurope"]}]}},"_links":{"self":[{"href":"https:\/\/evolve-fitness.eu\/es\/wp-json\/wp\/v2\/product\/20138","targetHints":{"allow":["GET"]}}],"collection":[{"href":"https:\/\/evolve-fitness.eu\/es\/wp-json\/wp\/v2\/product"}],"about":[{"href":"https:\/\/evolve-fitness.eu\/es\/wp-json\/wp\/v2\/types\/product"}],"wp:featuredmedia":[{"embeddable":true,"href":"https:\/\/evolve-fitness.eu\/es\/wp-json\/wp\/v2\/media\/20155"}],"wp:attachment":[{"href":"https:\/\/evolve-fitness.eu\/es\/wp-json\/wp\/v2\/media?parent=20138"}],"wp:term":[{"taxonomy":"product_brand","embeddable":true,"href":"https:\/\/evolve-fitness.eu\/es\/wp-json\/wp\/v2\/product_brand?post=20138"},{"taxonomy":"product_cat","embeddable":true,"href":"https:\/\/evolve-fitness.eu\/es\/wp-json\/wp\/v2\/product_cat?post=20138"},{"taxonomy":"product_tag","embeddable":true,"href":"https:\/\/evolve-fitness.eu\/es\/wp-json\/wp\/v2\/product_tag?post=20138"}],"curies":[{"name":"wp","href":"https:\/\/api.w.org\/{rel}","templated":true}]}}