{"id":20709,"date":"2023-10-05T13:30:10","date_gmt":"2023-10-05T13:30:10","guid":{"rendered":"https:\/\/evolve-fitness.eu\/product\/evolve-platos-de-goma-para-pesas-125-25-kg\/"},"modified":"2024-11-04T12:29:18","modified_gmt":"2024-11-04T12:29:18","slug":"evolve-platos-de-goma-para-pesas-125-25-kg","status":"publish","type":"product","link":"https:\/\/evolve-fitness.eu\/es\/producto\/evolve-platos-de-goma-para-pesas-125-25-kg\/","title":{"rendered":"Evolve Platos de goma para pesas 1,25-25 kg"},"content":{"rendered":"\n<section class=\"wp-block-group alignfull has-lightgray-background-color has-background is-layout-constrained wp-block-group-is-layout-constrained\">\n<div class=\"wp-block-columns alignwide is-layout-flex wp-container-core-columns-is-layout-2edb0647 wp-block-columns-is-layout-flex\" style=\"margin-top:0;margin-bottom:0\">\n<div class=\"wp-block-column is-layout-flow wp-block-column-is-layout-flow\" style=\"flex-basis:33.33%\"><\/div>\n\n\n\n<div class=\"wp-block-column is-layout-flow wp-block-column-is-layout-flow\" style=\"flex-basis:66.66%\"><\/div>\n<\/div>\n<\/section>\n\n<section class=\"wp-block-group alignfull black-content has-white-color has-darkgray-background-color has-text-color has-background is-layout-constrained wp-block-group-is-layout-constrained\" style=\"padding-top:var(--wp--preset--spacing--section-bottom);padding-bottom:var(--wp--preset--spacing--section-bottom)\">\n<div class=\"wp-block-columns alignwide is-layout-flex wp-container-core-columns-is-layout-c45ee707 wp-block-columns-is-layout-flex\" style=\"margin-bottom:var(--wp--preset--spacing--side-padding);padding-top:var(--wp--preset--spacing--side-padding)\">\n<div class=\"wp-block-column is-vertically-aligned-center is-layout-constrained wp-block-column-is-layout-constrained\">\n<h3 class=\"wp-block-heading\" style=\"margin-bottom:var(--wp--preset--spacing--h-3-bottom)\">LOGOTIPO E INDICACI\u00d3N DEL PESO<\/h3>\n\n\n\n<p><strong><em><strong><em>Mayor durabilidad<\/em><\/strong><\/em><\/strong><\/p>\n\n\n\n<p style=\"margin-bottom:var(--wp--preset--spacing--tb-section-padding)\">Nuestro sistema de indicaci\u00f3n de peso y logotipo utiliza n\u00fameros de peso cortados con l\u00e1ser, lo que garantiza un aspecto impecable y sin f\u00e9rulas. Adem\u00e1s, estos n\u00fameros y el logotipo est\u00e1n infundidos con uretano de larga duraci\u00f3n, lo que garantiza colores vibrantes que no se desvanecer\u00e1n con el tiempo. El\u00edjanos para obtener una durabilidad y claridad inigualables en sus necesidades de indicaci\u00f3n de peso.<\/p>\n<\/div>\n\n\n\n<div class=\"wp-block-column is-vertically-aligned-center is-layout-flow wp-block-column-is-layout-flow\">\n<figure class=\"wp-block-video\"><video height=\"1080\" style=\"aspect-ratio: 1920 \/ 1080;\" width=\"1920\" autoplay=\"\" controls=\"\" loop=\"\" src=\"https:\/\/evolve-fitness.eu\/wp-content\/uploads\/2024\/01\/EV-WP-RB-Evolve.mp4\"><\/video><\/figure>\n<\/div>\n<\/div>\n\n\n\n<div class=\"wp-block-columns alignwide is-layout-flex wp-container-core-columns-is-layout-c45ee707 wp-block-columns-is-layout-flex\" style=\"margin-bottom:var(--wp--preset--spacing--side-padding);padding-top:var(--wp--preset--spacing--side-padding)\">\n<div class=\"wp-block-column is-vertically-aligned-center is-layout-flow wp-block-column-is-layout-flow\">\n<figure class=\"wp-block-image size-large\"><img loading=\"lazy\" decoding=\"async\" width=\"683\" height=\"1024\" src=\"https:\/\/evolve-fitness.eu\/wp-content\/uploads\/2024\/01\/EV-WP-RB-683x1024.jpg\" alt=\"EV-WP-RB\" class=\"wp-image-9815\" srcset=\"https:\/\/evolve-fitness.eu\/wp-content\/uploads\/2024\/01\/EV-WP-RB-683x1024.jpg 683w, https:\/\/evolve-fitness.eu\/wp-content\/uploads\/2024\/01\/EV-WP-RB-300x450.jpg 300w, https:\/\/evolve-fitness.eu\/wp-content\/uploads\/2024\/01\/EV-WP-RB-100x150.jpg 100w, https:\/\/evolve-fitness.eu\/wp-content\/uploads\/2024\/01\/EV-WP-RB-600x900.jpg 600w, https:\/\/evolve-fitness.eu\/wp-content\/uploads\/2024\/01\/EV-WP-RB-200x300.jpg 200w, https:\/\/evolve-fitness.eu\/wp-content\/uploads\/2024\/01\/EV-WP-RB-768x1152.jpg 768w, https:\/\/evolve-fitness.eu\/wp-content\/uploads\/2024\/01\/EV-WP-RB-1024x1536.jpg 1024w, https:\/\/evolve-fitness.eu\/wp-content\/uploads\/2024\/01\/EV-WP-RB.jpg 1280w\" sizes=\"auto, (max-width: 683px) 100vw, 683px\" \/><\/figure>\n<\/div>\n\n\n\n<div class=\"wp-block-column is-vertically-aligned-center is-layout-flow wp-block-column-is-layout-flow\">\n<h3 class=\"wp-block-heading\" style=\"margin-bottom:var(--wp--preset--spacing--h-3-bottom)\"><strong>FUNCIONALIDAD<\/strong><\/h3>\n\n\n\n<p><strong><em><strong>Durabilidad, seguridad y agarre en uno<\/strong><\/em><\/strong><\/p>\n\n\n\n<p>Dise\u00f1ados con la m\u00e1xima funcionalidad en mente, estos platos de pesas est\u00e1n revestidos de caucho duradero, protegiendo tanto el suelo como el equipo de posibles da\u00f1os y manteniendo el ruido del entrenamiento al m\u00ednimo. Su superficie texturizada ofrece una limpieza f\u00e1cil, propiedades antideslizantes y un agarre excepcional para un manejo seguro, garantizando su seguridad incluso durante los entrenamientos m\u00e1s intensos.<\/p>\n<\/div>\n<\/div>\n\n\n\n<div class=\"wp-block-columns alignwide is-layout-flex wp-container-core-columns-is-layout-c45ee707 wp-block-columns-is-layout-flex\" style=\"margin-bottom:var(--wp--preset--spacing--side-padding);padding-top:var(--wp--preset--spacing--side-padding)\">\n<div class=\"wp-block-column is-vertically-aligned-center is-layout-flow wp-block-column-is-layout-flow\">\n<h3 class=\"wp-block-heading\" style=\"margin-bottom:var(--wp--preset--spacing--h-3-bottom)\">ajustes de resistencia sin esfuerzo<\/h3>\n\n\n\n<p><em><strong>Artesan\u00eda de precisi\u00f3n<\/strong><\/em><\/p>\n\n\n\n<p>Fabricadas con un manguito de acero inoxidable duradero y fundici\u00f3n de precisi\u00f3n, estas placas garantizan un ajuste perfecto en todas las barras ol\u00edmpicas. Cargar y descargar las pesas es pan comido, gracias a las puntas ergon\u00f3micas redondeadas del manguito. Adem\u00e1s, con tres c\u00f3modas asas y una textura de goma antideslizante, mantendr\u00e1 un agarre seguro, incluso durante sus levantamientos m\u00e1s exigentes. Eleve su experiencia de entrenamiento con nuestros vers\u00e1tiles y f\u00e1ciles de usar platos de pesas.<\/p>\n<\/div>\n\n\n\n<div class=\"wp-block-column is-vertically-aligned-center is-layout-flow wp-block-column-is-layout-flow\">\n<div class=\"wp-block-columns is-layout-flex wp-container-core-columns-is-layout-9d6595d7 wp-block-columns-is-layout-flex\">\n<div class=\"wp-block-column is-layout-flow wp-block-column-is-layout-flow\">\n<figure class=\"wp-block-video\"><video height=\"1080\" style=\"aspect-ratio: 1920 \/ 1080;\" width=\"1920\" autoplay=\"\" controls=\"\" loop=\"\" muted=\"\" src=\"https:\/\/evolve-fitness.eu\/wp-content\/uploads\/2024\/01\/EV-WP-RB-Cut.mp4\"><\/video><\/figure>\n<\/div>\n<\/div>\n<\/div>\n<\/div>\n<\/section>\n","protected":false},"excerpt":{"rendered":"<p>Eleva tus entrenamientos con los platos de goma Evolve<br \/>\nNuestros platos de goma Evolve son la elecci\u00f3n ideal para gimnasios profesionales y entusiastas del fitness en casa. Fabricadas con caucho de alta calidad y sin olores, estas placas cuentan con manguitos de acero inoxidable a prueba de \u00f3xido y est\u00e1n disponibles en varios pesos, de 1,25 kg a 25 kg. Su excepcional durabilidad, fundici\u00f3n de precisi\u00f3n y dise\u00f1o antideslizante las hacen perfectas para entrenamientos intensos. F\u00e1cilmente acoplables a los manillares ol\u00edmpicos de 50 mm, estos platos no s\u00f3lo son funcionales, sino tambi\u00e9n elegantes, con n\u00fameros de peso cortados a l\u00e1ser y un llamativo logotipo. Actualice su rutina de fitness con los platos de pesas Evolve hoy mismo<\/p>\n","protected":false},"featured_media":20728,"template":"","meta":{"_acf_changed":false,"inline_featured_image":false},"product_brand":[],"product_cat":[1454,1457],"product_tag":[],"class_list":{"0":"post-20709","1":"product","2":"type-product","3":"status-publish","4":"has-post-thumbnail","6":"product_cat-pesos-libres","7":"product_cat-platos-de-pesas","9":"first","10":"instock","11":"shipping-taxable","12":"purchasable","13":"product-type-variable"},"acf":{"long_title":"Evolve Platos de goma para pesas 1,25-25 kg","subtitle":"","specifications":[{"label":"SKU","text_value":"EV-WP-RB","icon":"x"},{"label":"1,25 kg di\u00e1metro\/espesor de la placa","text_value":"160\/21 mm","icon":"x"},{"label":"1,25 kg di\u00e1metro de la placa","text_value":"160 mm","icon":"x"},{"label":"1,25 kg Espesor de la placa","text_value":"21 mm","icon":"x"},{"label":"2,5 kg di\u00e1metro del plato","text_value":"200 mm","icon":"x"},{"label":"2,5 kg Espesor de la placa","text_value":"23 mm","icon":"x"},{"label":"5 kg di\u00e1metro de la placa","text_value":"251 mm","icon":"x"},{"label":"5 kg Espesor de la chapa","text_value":"31 mm","icon":"x"},{"label":"10 kg di\u00e1metro de la placa","text_value":"318 mm","icon":"x"},{"label":"10 kg Espesor de la chapa","text_value":"35 mm","icon":"x"},{"label":"15 kg di\u00e1metro del plato","text_value":"357 mm","icon":"x"},{"label":"15 kg Espesor de la chapa","text_value":"41 mm","icon":"x"},{"label":"20 kg di\u00e1metro de la placa","text_value":"397 mm","icon":"x"},{"label":"20 kg Espesor de la chapa","text_value":"42 mm","icon":"x"},{"label":"25 kg di\u00e1metro de la placa","text_value":"428 mm","icon":"x"},{"label":"25 kg Espesor de la chapa","text_value":"43 mm","icon":"x"},{"label":"3 asas para facilitar la carga","text_value":"","icon":"v"},{"label":"Indicaci\u00f3n de peso en relieve permanente","text_value":"","icon":"v"},{"label":"Revestimiento de goma antideslizante","text_value":"","icon":"v"},{"label":"Manguito de acero inoxidable con puntas redondeadas","text_value":"","icon":"v"},{"label":"Logotipo del cliente en color","text_value":"","icon":"v"}]},"yoast_head":"<!-- This site is optimized with the Yoast SEO plugin v26.6 - https:\/\/yoast.com\/wordpress\/plugins\/seo\/ -->\n<title>Evolve Platos de goma para pesas 1,25-25 kg - Evolve<\/title>\n<meta name=\"robots\" content=\"index, follow, max-snippet:-1, max-image-preview:large, max-video-preview:-1\" \/>\n<link rel=\"canonical\" href=\"https:\/\/evolve-fitness.eu\/es\/producto\/evolve-platos-de-goma-para-pesas-125-25-kg\/\" \/>\n<meta property=\"og:locale\" content=\"es_ES\" \/>\n<meta property=\"og:type\" content=\"article\" \/>\n<meta property=\"og:title\" content=\"Evolve Platos de goma para pesas 1,25-25 kg - Evolve\" \/>\n<meta property=\"og:url\" content=\"https:\/\/evolve-fitness.eu\/es\/producto\/evolve-platos-de-goma-para-pesas-125-25-kg\/\" \/>\n<meta property=\"og:site_name\" content=\"Evolve\" \/>\n<meta property=\"article:publisher\" content=\"https:\/\/www.facebook.com\/EvolveFitnessEurope\" \/>\n<meta property=\"article:modified_time\" content=\"2024-11-04T12:29:18+00:00\" \/>\n<meta property=\"og:image\" content=\"https:\/\/evolve-fitness.eu\/wp-content\/uploads\/2023\/10\/Dizainas-be-pavadinimo.png\" \/>\n\t<meta property=\"og:image:width\" content=\"680\" \/>\n\t<meta property=\"og:image:height\" content=\"600\" \/>\n\t<meta property=\"og:image:type\" content=\"image\/png\" \/>\n<meta name=\"twitter:card\" content=\"summary_large_image\" \/>\n<script type=\"application\/ld+json\" class=\"yoast-schema-graph\">{\"@context\":\"https:\/\/schema.org\",\"@graph\":[{\"@type\":\"WebPage\",\"@id\":\"https:\/\/evolve-fitness.eu\/es\/producto\/evolve-platos-de-goma-para-pesas-125-25-kg\/\",\"url\":\"https:\/\/evolve-fitness.eu\/es\/producto\/evolve-platos-de-goma-para-pesas-125-25-kg\/\",\"name\":\"Evolve Platos de goma para pesas 1,25-25 kg - Evolve\",\"isPartOf\":{\"@id\":\"https:\/\/evolve-fitness.eu\/es\/#website\"},\"primaryImageOfPage\":{\"@id\":\"https:\/\/evolve-fitness.eu\/es\/producto\/evolve-platos-de-goma-para-pesas-125-25-kg\/#primaryimage\"},\"image\":{\"@id\":\"https:\/\/evolve-fitness.eu\/es\/producto\/evolve-platos-de-goma-para-pesas-125-25-kg\/#primaryimage\"},\"thumbnailUrl\":\"https:\/\/evolve-fitness.eu\/wp-content\/uploads\/2023\/10\/Dizainas-be-pavadinimo.png\",\"datePublished\":\"2023-10-05T13:30:10+00:00\",\"dateModified\":\"2024-11-04T12:29:18+00:00\",\"breadcrumb\":{\"@id\":\"https:\/\/evolve-fitness.eu\/es\/producto\/evolve-platos-de-goma-para-pesas-125-25-kg\/#breadcrumb\"},\"inLanguage\":\"es\",\"potentialAction\":[{\"@type\":\"ReadAction\",\"target\":[\"https:\/\/evolve-fitness.eu\/es\/producto\/evolve-platos-de-goma-para-pesas-125-25-kg\/\"]}]},{\"@type\":\"ImageObject\",\"inLanguage\":\"es\",\"@id\":\"https:\/\/evolve-fitness.eu\/es\/producto\/evolve-platos-de-goma-para-pesas-125-25-kg\/#primaryimage\",\"url\":\"https:\/\/evolve-fitness.eu\/wp-content\/uploads\/2023\/10\/Dizainas-be-pavadinimo.png\",\"contentUrl\":\"https:\/\/evolve-fitness.eu\/wp-content\/uploads\/2023\/10\/Dizainas-be-pavadinimo.png\",\"width\":680,\"height\":600,\"caption\":\"EV-WP-RB\"},{\"@type\":\"BreadcrumbList\",\"@id\":\"https:\/\/evolve-fitness.eu\/es\/producto\/evolve-platos-de-goma-para-pesas-125-25-kg\/#breadcrumb\",\"itemListElement\":[{\"@type\":\"ListItem\",\"position\":1,\"name\":\"Home\",\"item\":\"https:\/\/evolve-fitness.eu\/es\/\"},{\"@type\":\"ListItem\",\"position\":2,\"name\":\"Productos\",\"item\":\"https:\/\/evolve-fitness.eu\/es\/shop\/\"},{\"@type\":\"ListItem\",\"position\":3,\"name\":\"Evolve Platos de goma para pesas 1,25-25 kg\"}]},{\"@type\":\"WebSite\",\"@id\":\"https:\/\/evolve-fitness.eu\/es\/#website\",\"url\":\"https:\/\/evolve-fitness.eu\/es\/\",\"name\":\"Evolve\",\"description\":\"Your Evolved Gear Arrived\",\"publisher\":{\"@id\":\"https:\/\/evolve-fitness.eu\/es\/#organization\"},\"potentialAction\":[{\"@type\":\"SearchAction\",\"target\":{\"@type\":\"EntryPoint\",\"urlTemplate\":\"https:\/\/evolve-fitness.eu\/es\/?s={search_term_string}\"},\"query-input\":{\"@type\":\"PropertyValueSpecification\",\"valueRequired\":true,\"valueName\":\"search_term_string\"}}],\"inLanguage\":\"es\"},{\"@type\":\"Organization\",\"@id\":\"https:\/\/evolve-fitness.eu\/es\/#organization\",\"name\":\"Evolve\",\"url\":\"https:\/\/evolve-fitness.eu\/es\/\",\"logo\":{\"@type\":\"ImageObject\",\"inLanguage\":\"es\",\"@id\":\"https:\/\/evolve-fitness.eu\/es\/#\/schema\/logo\/image\/\",\"url\":\"https:\/\/evolve-fitness.eu\/wp-content\/uploads\/2023\/05\/Evolve-logo.svg\",\"contentUrl\":\"https:\/\/evolve-fitness.eu\/wp-content\/uploads\/2023\/05\/Evolve-logo.svg\",\"width\":176,\"height\":20,\"caption\":\"Evolve\"},\"image\":{\"@id\":\"https:\/\/evolve-fitness.eu\/es\/#\/schema\/logo\/image\/\"},\"sameAs\":[\"https:\/\/www.facebook.com\/EvolveFitnessEurope\"]}]}<\/script>\n<!-- \/ Yoast SEO plugin. -->","yoast_head_json":{"title":"Evolve Platos de goma para pesas 1,25-25 kg - Evolve","robots":{"index":"index","follow":"follow","max-snippet":"max-snippet:-1","max-image-preview":"max-image-preview:large","max-video-preview":"max-video-preview:-1"},"canonical":"https:\/\/evolve-fitness.eu\/es\/producto\/evolve-platos-de-goma-para-pesas-125-25-kg\/","og_locale":"es_ES","og_type":"article","og_title":"Evolve Platos de goma para pesas 1,25-25 kg - Evolve","og_url":"https:\/\/evolve-fitness.eu\/es\/producto\/evolve-platos-de-goma-para-pesas-125-25-kg\/","og_site_name":"Evolve","article_publisher":"https:\/\/www.facebook.com\/EvolveFitnessEurope","article_modified_time":"2024-11-04T12:29:18+00:00","og_image":[{"width":680,"height":600,"url":"https:\/\/evolve-fitness.eu\/wp-content\/uploads\/2023\/10\/Dizainas-be-pavadinimo.png","type":"image\/png"}],"twitter_card":"summary_large_image","schema":{"@context":"https:\/\/schema.org","@graph":[{"@type":"WebPage","@id":"https:\/\/evolve-fitness.eu\/es\/producto\/evolve-platos-de-goma-para-pesas-125-25-kg\/","url":"https:\/\/evolve-fitness.eu\/es\/producto\/evolve-platos-de-goma-para-pesas-125-25-kg\/","name":"Evolve Platos de goma para pesas 1,25-25 kg - Evolve","isPartOf":{"@id":"https:\/\/evolve-fitness.eu\/es\/#website"},"primaryImageOfPage":{"@id":"https:\/\/evolve-fitness.eu\/es\/producto\/evolve-platos-de-goma-para-pesas-125-25-kg\/#primaryimage"},"image":{"@id":"https:\/\/evolve-fitness.eu\/es\/producto\/evolve-platos-de-goma-para-pesas-125-25-kg\/#primaryimage"},"thumbnailUrl":"https:\/\/evolve-fitness.eu\/wp-content\/uploads\/2023\/10\/Dizainas-be-pavadinimo.png","datePublished":"2023-10-05T13:30:10+00:00","dateModified":"2024-11-04T12:29:18+00:00","breadcrumb":{"@id":"https:\/\/evolve-fitness.eu\/es\/producto\/evolve-platos-de-goma-para-pesas-125-25-kg\/#breadcrumb"},"inLanguage":"es","potentialAction":[{"@type":"ReadAction","target":["https:\/\/evolve-fitness.eu\/es\/producto\/evolve-platos-de-goma-para-pesas-125-25-kg\/"]}]},{"@type":"ImageObject","inLanguage":"es","@id":"https:\/\/evolve-fitness.eu\/es\/producto\/evolve-platos-de-goma-para-pesas-125-25-kg\/#primaryimage","url":"https:\/\/evolve-fitness.eu\/wp-content\/uploads\/2023\/10\/Dizainas-be-pavadinimo.png","contentUrl":"https:\/\/evolve-fitness.eu\/wp-content\/uploads\/2023\/10\/Dizainas-be-pavadinimo.png","width":680,"height":600,"caption":"EV-WP-RB"},{"@type":"BreadcrumbList","@id":"https:\/\/evolve-fitness.eu\/es\/producto\/evolve-platos-de-goma-para-pesas-125-25-kg\/#breadcrumb","itemListElement":[{"@type":"ListItem","position":1,"name":"Home","item":"https:\/\/evolve-fitness.eu\/es\/"},{"@type":"ListItem","position":2,"name":"Productos","item":"https:\/\/evolve-fitness.eu\/es\/shop\/"},{"@type":"ListItem","position":3,"name":"Evolve Platos de goma para pesas 1,25-25 kg"}]},{"@type":"WebSite","@id":"https:\/\/evolve-fitness.eu\/es\/#website","url":"https:\/\/evolve-fitness.eu\/es\/","name":"Evolve","description":"Your Evolved Gear Arrived","publisher":{"@id":"https:\/\/evolve-fitness.eu\/es\/#organization"},"potentialAction":[{"@type":"SearchAction","target":{"@type":"EntryPoint","urlTemplate":"https:\/\/evolve-fitness.eu\/es\/?s={search_term_string}"},"query-input":{"@type":"PropertyValueSpecification","valueRequired":true,"valueName":"search_term_string"}}],"inLanguage":"es"},{"@type":"Organization","@id":"https:\/\/evolve-fitness.eu\/es\/#organization","name":"Evolve","url":"https:\/\/evolve-fitness.eu\/es\/","logo":{"@type":"ImageObject","inLanguage":"es","@id":"https:\/\/evolve-fitness.eu\/es\/#\/schema\/logo\/image\/","url":"https:\/\/evolve-fitness.eu\/wp-content\/uploads\/2023\/05\/Evolve-logo.svg","contentUrl":"https:\/\/evolve-fitness.eu\/wp-content\/uploads\/2023\/05\/Evolve-logo.svg","width":176,"height":20,"caption":"Evolve"},"image":{"@id":"https:\/\/evolve-fitness.eu\/es\/#\/schema\/logo\/image\/"},"sameAs":["https:\/\/www.facebook.com\/EvolveFitnessEurope"]}]}},"_links":{"self":[{"href":"https:\/\/evolve-fitness.eu\/es\/wp-json\/wp\/v2\/product\/20709","targetHints":{"allow":["GET"]}}],"collection":[{"href":"https:\/\/evolve-fitness.eu\/es\/wp-json\/wp\/v2\/product"}],"about":[{"href":"https:\/\/evolve-fitness.eu\/es\/wp-json\/wp\/v2\/types\/product"}],"wp:featuredmedia":[{"embeddable":true,"href":"https:\/\/evolve-fitness.eu\/es\/wp-json\/wp\/v2\/media\/20728"}],"wp:attachment":[{"href":"https:\/\/evolve-fitness.eu\/es\/wp-json\/wp\/v2\/media?parent=20709"}],"wp:term":[{"taxonomy":"product_brand","embeddable":true,"href":"https:\/\/evolve-fitness.eu\/es\/wp-json\/wp\/v2\/product_brand?post=20709"},{"taxonomy":"product_cat","embeddable":true,"href":"https:\/\/evolve-fitness.eu\/es\/wp-json\/wp\/v2\/product_cat?post=20709"},{"taxonomy":"product_tag","embeddable":true,"href":"https:\/\/evolve-fitness.eu\/es\/wp-json\/wp\/v2\/product_tag?post=20709"}],"curies":[{"name":"wp","href":"https:\/\/api.w.org\/{rel}","templated":true}]}}