{"id":208772,"date":"2025-09-24T07:42:33","date_gmt":"2025-09-24T07:42:33","guid":{"rendered":"https:\/\/evolve-fitness.eu\/?post_type=product&#038;p=208772"},"modified":"2025-10-08T09:43:16","modified_gmt":"2025-10-08T09:43:16","slug":"evolve-soporte-para-barras-fijas-10-piezas-copy-copy-copy","status":"publish","type":"product","link":"https:\/\/evolve-fitness.eu\/es\/producto\/evolve-soporte-para-barras-fijas-10-piezas-copy-copy-copy\/","title":{"rendered":"Percha para banda y cintur\u00f3n Evolve"},"content":{"rendered":"\n<section class=\"wp-block-group alignfull black-content has-white-color has-darkgray-background-color has-text-color has-background is-layout-constrained wp-block-group-is-layout-constrained\" style=\"padding-top:var(--wp--preset--spacing--section-bottom);padding-bottom:var(--wp--preset--spacing--section-bottom)\">\n<div class=\"wp-block-columns alignwide mobile-reverse is-layout-flex wp-container-core-columns-is-layout-ca64bf2d wp-block-columns-is-layout-flex\" style=\"margin-bottom:var(--wp--preset--spacing--side-padding)\">\n<div class=\"wp-block-column is-vertically-aligned-center is-layout-flow wp-block-column-is-layout-flow\">\n<h3 class=\"wp-block-heading\" style=\"margin-bottom:var(--wp--preset--spacing--h-3-bottom)\"><strong><strong><strong><strong><strong><strong><strong><strong><strong>SOLUCI\u00d3N DE ALMACENAMIENTO COMPACTA Y PR\u00c1CTICA<\/strong><\/strong><\/strong><\/strong><\/strong><\/strong><\/strong><\/strong><\/strong><\/h3>\n\n\n\n<p>El Colgador de Bandas y Cinturones Evolve est\u00e1 dise\u00f1ado para proporcionar una forma sencilla y eficaz de organizar las bandas de resistencia, los cinturones de elevaci\u00f3n y otros accesorios del gimnasio. Con su dise\u00f1o montado en la pared y m\u00faltiples ganchos en \u00e1ngulo, mantiene el equipo fuera del suelo, garantizando un espacio de entrenamiento m\u00e1s limpio y accesible. <\/p>\n<\/div>\n\n\n\n<div class=\"wp-block-column is-vertically-aligned-center is-layout-flow wp-block-column-is-layout-flow\">\n<figure class=\"wp-block-image size-full is-resized\"><img loading=\"lazy\" decoding=\"async\" width=\"600\" height=\"450\" src=\"https:\/\/evolve-fitness.eu\/wp-content\/uploads\/2025\/09\/Dizainas-be-pavadinimo-6-1.png\" alt=\"\" class=\"wp-image-208815\" style=\"width:660px;height:auto\" srcset=\"https:\/\/evolve-fitness.eu\/wp-content\/uploads\/2025\/09\/Dizainas-be-pavadinimo-6-1.png 600w, https:\/\/evolve-fitness.eu\/wp-content\/uploads\/2025\/09\/Dizainas-be-pavadinimo-6-1-300x225.png 300w, https:\/\/evolve-fitness.eu\/wp-content\/uploads\/2025\/09\/Dizainas-be-pavadinimo-6-1-150x113.png 150w, https:\/\/evolve-fitness.eu\/wp-content\/uploads\/2025\/09\/Dizainas-be-pavadinimo-6-1-200x150.png 200w\" sizes=\"auto, (max-width: 600px) 100vw, 600px\" \/><\/figure>\n<\/div>\n<\/div>\n\n\n\n<div class=\"wp-block-columns alignwide is-layout-flex wp-container-core-columns-is-layout-c45ee707 wp-block-columns-is-layout-flex\" style=\"margin-bottom:var(--wp--preset--spacing--side-padding);padding-top:var(--wp--preset--spacing--side-padding)\">\n<div class=\"wp-block-column is-vertically-aligned-center is-layout-flow wp-block-column-is-layout-flow\">\n<figure class=\"wp-block-image size-full\"><img loading=\"lazy\" decoding=\"async\" width=\"600\" height=\"450\" src=\"https:\/\/evolve-fitness.eu\/wp-content\/uploads\/2025\/09\/Dizainas-be-pavadinimo-6-2.png\" alt=\"\" class=\"wp-image-208840\" srcset=\"https:\/\/evolve-fitness.eu\/wp-content\/uploads\/2025\/09\/Dizainas-be-pavadinimo-6-2.png 600w, https:\/\/evolve-fitness.eu\/wp-content\/uploads\/2025\/09\/Dizainas-be-pavadinimo-6-2-300x225.png 300w, https:\/\/evolve-fitness.eu\/wp-content\/uploads\/2025\/09\/Dizainas-be-pavadinimo-6-2-150x113.png 150w, https:\/\/evolve-fitness.eu\/wp-content\/uploads\/2025\/09\/Dizainas-be-pavadinimo-6-2-200x150.png 200w\" sizes=\"auto, (max-width: 600px) 100vw, 600px\" \/><\/figure>\n<\/div>\n\n\n\n<div class=\"wp-block-column is-vertically-aligned-center is-layout-constrained wp-block-column-is-layout-constrained\">\n<h3 class=\"wp-block-heading\" style=\"margin-bottom:var(--wp--preset--spacing--h-3-bottom)\"><strong><strong><strong><strong><strong><strong><strong><strong><strong>ACERO DURADERO CON DISE\u00d1O FUNCIONAL<\/strong><\/strong><\/strong><\/strong><\/strong><\/strong><\/strong><\/strong><\/strong><\/h3>\n\n\n\n<p>Fabricado en acero de alta resistencia y acabado con un revestimiento protector de polvo negro, el colgador est\u00e1 hecho para resistir el uso habitual sin perder su aspecto elegante. Sus ganchos en \u00e1ngulo ofrecen un soporte fiable para diversos accesorios, mientras que los orificios pretaladrados permiten una instalaci\u00f3n r\u00e1pida y segura en la pared. Combinando resistencia y practicidad, es una soluci\u00f3n ideal para la organizaci\u00f3n profesional del gimnasio.  <br\/><\/p>\n<\/div>\n<\/div>\n\n\n\n<p class=\"has-text-align-center has-medium-2-font-size\" style=\"padding-top:var(--wp--preset--spacing--tb-padding);padding-bottom:var(--wp--preset--spacing--tb-padding)\"><\/p>\n<\/section>\n","protected":false},"excerpt":{"rendered":"<p>El colgador de bandas y cinturones Evolve, EV- ST-BB-005, proporciona una forma pr\u00e1ctica y que ahorra espacio para guardar los accesorios de entrenamiento esenciales en cualquier gimnasio o estudio de fitness. Fabricado en acero de alta calidad con un acabado de recubrimiento en polvo, garantiza durabilidad y resistencia al desgaste a largo plazo. Con m\u00faltiples ganchos, este colgador acomoda bandas de resistencia, cinturones de elevaci\u00f3n y otros equipos de entrenamiento, manteni\u00e9ndolos organizados y al alcance de la mano. Su elegante dise\u00f1o con el logotipo de Evolve a\u00f1ade un aspecto profesional a la vez que contribuye a un entorno de entrenamiento ordenado y eficiente.   <\/p>\n","protected":false},"featured_media":208813,"template":"","meta":{"_acf_changed":false,"inline_featured_image":false},"product_brand":[],"product_cat":[1454,5268],"product_tag":[],"class_list":{"0":"post-208772","1":"product","2":"type-product","3":"status-publish","4":"has-post-thumbnail","6":"product_cat-pesos-libres","7":"product_cat-estanterias-y-soluciones-de-almacenamiento","9":"first","10":"instock","11":"shipping-taxable","12":"purchasable","13":"product-type-simple"},"acf":{"long_title":"Percha para banda y cintur\u00f3n Evolve","subtitle":"","specifications":[{"label":"SKU","text_value":"EV-ST-BB-005","icon":"x"},{"label":"Dimensiones","text_value":"600 x 160 x 90 mm","icon":"x"},{"label":"Peso","text_value":"2,40 kg","icon":"x"},{"label":"Garant\u00eda","text_value":"2 a\u00f1os","icon":"x"}]},"yoast_head":"<!-- This site is optimized with the Yoast SEO plugin v26.6 - https:\/\/yoast.com\/wordpress\/plugins\/seo\/ -->\n<title>Percha para banda y cintur\u00f3n Evolve - Evolve<\/title>\n<meta name=\"description\" content=\"El colgador para bandas y cinturones Evolve, EV- ST-BB-005, proporciona una forma pr\u00e1ctica y que ahorra espacio para guardar los accesorios de entrenamiento esenciales en cualquier gimnasio o estudio de fitness.\" \/>\n<meta name=\"robots\" content=\"index, follow, max-snippet:-1, max-image-preview:large, max-video-preview:-1\" \/>\n<link rel=\"canonical\" href=\"https:\/\/evolve-fitness.eu\/es\/producto\/evolve-soporte-para-barras-fijas-10-piezas-copy-copy-copy\/\" \/>\n<meta property=\"og:locale\" content=\"es_ES\" \/>\n<meta property=\"og:type\" content=\"article\" \/>\n<meta property=\"og:title\" content=\"Percha para banda y cintur\u00f3n Evolve - Evolve\" \/>\n<meta property=\"og:description\" content=\"El colgador para bandas y cinturones Evolve, EV- ST-BB-005, proporciona una forma pr\u00e1ctica y que ahorra espacio para guardar los accesorios de entrenamiento esenciales en cualquier gimnasio o estudio de fitness.\" \/>\n<meta property=\"og:url\" content=\"https:\/\/evolve-fitness.eu\/es\/producto\/evolve-soporte-para-barras-fijas-10-piezas-copy-copy-copy\/\" \/>\n<meta property=\"og:site_name\" content=\"Evolve\" \/>\n<meta property=\"article:publisher\" content=\"https:\/\/www.facebook.com\/EvolveFitnessEurope\" \/>\n<meta property=\"article:modified_time\" content=\"2025-10-08T09:43:16+00:00\" \/>\n<meta property=\"og:image\" content=\"https:\/\/evolve-fitness.eu\/wp-content\/uploads\/2025\/09\/Dizainas-be-pavadinimo-6.png\" \/>\n\t<meta property=\"og:image:width\" content=\"600\" \/>\n\t<meta property=\"og:image:height\" content=\"450\" \/>\n\t<meta property=\"og:image:type\" content=\"image\/png\" \/>\n<meta name=\"twitter:card\" content=\"summary_large_image\" \/>\n<script type=\"application\/ld+json\" class=\"yoast-schema-graph\">{\"@context\":\"https:\/\/schema.org\",\"@graph\":[{\"@type\":\"WebPage\",\"@id\":\"https:\/\/evolve-fitness.eu\/es\/producto\/evolve-soporte-para-barras-fijas-10-piezas-copy-copy-copy\/\",\"url\":\"https:\/\/evolve-fitness.eu\/es\/producto\/evolve-soporte-para-barras-fijas-10-piezas-copy-copy-copy\/\",\"name\":\"Percha para banda y cintur\u00f3n Evolve - Evolve\",\"isPartOf\":{\"@id\":\"https:\/\/evolve-fitness.eu\/es\/#website\"},\"primaryImageOfPage\":{\"@id\":\"https:\/\/evolve-fitness.eu\/es\/producto\/evolve-soporte-para-barras-fijas-10-piezas-copy-copy-copy\/#primaryimage\"},\"image\":{\"@id\":\"https:\/\/evolve-fitness.eu\/es\/producto\/evolve-soporte-para-barras-fijas-10-piezas-copy-copy-copy\/#primaryimage\"},\"thumbnailUrl\":\"https:\/\/evolve-fitness.eu\/wp-content\/uploads\/2025\/09\/Dizainas-be-pavadinimo-6.png\",\"datePublished\":\"2025-09-24T07:42:33+00:00\",\"dateModified\":\"2025-10-08T09:43:16+00:00\",\"description\":\"El colgador para bandas y cinturones Evolve, EV- ST-BB-005, proporciona una forma pr\u00e1ctica y que ahorra espacio para guardar los accesorios de entrenamiento esenciales en cualquier gimnasio o estudio de fitness.\",\"breadcrumb\":{\"@id\":\"https:\/\/evolve-fitness.eu\/es\/producto\/evolve-soporte-para-barras-fijas-10-piezas-copy-copy-copy\/#breadcrumb\"},\"inLanguage\":\"es\",\"potentialAction\":[{\"@type\":\"ReadAction\",\"target\":[\"https:\/\/evolve-fitness.eu\/es\/producto\/evolve-soporte-para-barras-fijas-10-piezas-copy-copy-copy\/\"]}]},{\"@type\":\"ImageObject\",\"inLanguage\":\"es\",\"@id\":\"https:\/\/evolve-fitness.eu\/es\/producto\/evolve-soporte-para-barras-fijas-10-piezas-copy-copy-copy\/#primaryimage\",\"url\":\"https:\/\/evolve-fitness.eu\/wp-content\/uploads\/2025\/09\/Dizainas-be-pavadinimo-6.png\",\"contentUrl\":\"https:\/\/evolve-fitness.eu\/wp-content\/uploads\/2025\/09\/Dizainas-be-pavadinimo-6.png\",\"width\":600,\"height\":450},{\"@type\":\"BreadcrumbList\",\"@id\":\"https:\/\/evolve-fitness.eu\/es\/producto\/evolve-soporte-para-barras-fijas-10-piezas-copy-copy-copy\/#breadcrumb\",\"itemListElement\":[{\"@type\":\"ListItem\",\"position\":1,\"name\":\"Home\",\"item\":\"https:\/\/evolve-fitness.eu\/es\/\"},{\"@type\":\"ListItem\",\"position\":2,\"name\":\"Productos\",\"item\":\"https:\/\/evolve-fitness.eu\/es\/shop\/\"},{\"@type\":\"ListItem\",\"position\":3,\"name\":\"Percha para banda y cintur\u00f3n Evolve\"}]},{\"@type\":\"WebSite\",\"@id\":\"https:\/\/evolve-fitness.eu\/es\/#website\",\"url\":\"https:\/\/evolve-fitness.eu\/es\/\",\"name\":\"Evolve\",\"description\":\"Your Evolved Gear Arrived\",\"publisher\":{\"@id\":\"https:\/\/evolve-fitness.eu\/es\/#organization\"},\"potentialAction\":[{\"@type\":\"SearchAction\",\"target\":{\"@type\":\"EntryPoint\",\"urlTemplate\":\"https:\/\/evolve-fitness.eu\/es\/?s={search_term_string}\"},\"query-input\":{\"@type\":\"PropertyValueSpecification\",\"valueRequired\":true,\"valueName\":\"search_term_string\"}}],\"inLanguage\":\"es\"},{\"@type\":\"Organization\",\"@id\":\"https:\/\/evolve-fitness.eu\/es\/#organization\",\"name\":\"Evolve\",\"url\":\"https:\/\/evolve-fitness.eu\/es\/\",\"logo\":{\"@type\":\"ImageObject\",\"inLanguage\":\"es\",\"@id\":\"https:\/\/evolve-fitness.eu\/es\/#\/schema\/logo\/image\/\",\"url\":\"https:\/\/evolve-fitness.eu\/wp-content\/uploads\/2023\/05\/Evolve-logo.svg\",\"contentUrl\":\"https:\/\/evolve-fitness.eu\/wp-content\/uploads\/2023\/05\/Evolve-logo.svg\",\"width\":176,\"height\":20,\"caption\":\"Evolve\"},\"image\":{\"@id\":\"https:\/\/evolve-fitness.eu\/es\/#\/schema\/logo\/image\/\"},\"sameAs\":[\"https:\/\/www.facebook.com\/EvolveFitnessEurope\"]}]}<\/script>\n<!-- \/ Yoast SEO plugin. -->","yoast_head_json":{"title":"Percha para banda y cintur\u00f3n Evolve - Evolve","description":"El colgador para bandas y cinturones Evolve, EV- ST-BB-005, proporciona una forma pr\u00e1ctica y que ahorra espacio para guardar los accesorios de entrenamiento esenciales en cualquier gimnasio o estudio de fitness.","robots":{"index":"index","follow":"follow","max-snippet":"max-snippet:-1","max-image-preview":"max-image-preview:large","max-video-preview":"max-video-preview:-1"},"canonical":"https:\/\/evolve-fitness.eu\/es\/producto\/evolve-soporte-para-barras-fijas-10-piezas-copy-copy-copy\/","og_locale":"es_ES","og_type":"article","og_title":"Percha para banda y cintur\u00f3n Evolve - Evolve","og_description":"El colgador para bandas y cinturones Evolve, EV- ST-BB-005, proporciona una forma pr\u00e1ctica y que ahorra espacio para guardar los accesorios de entrenamiento esenciales en cualquier gimnasio o estudio de fitness.","og_url":"https:\/\/evolve-fitness.eu\/es\/producto\/evolve-soporte-para-barras-fijas-10-piezas-copy-copy-copy\/","og_site_name":"Evolve","article_publisher":"https:\/\/www.facebook.com\/EvolveFitnessEurope","article_modified_time":"2025-10-08T09:43:16+00:00","og_image":[{"width":600,"height":450,"url":"https:\/\/evolve-fitness.eu\/wp-content\/uploads\/2025\/09\/Dizainas-be-pavadinimo-6.png","type":"image\/png"}],"twitter_card":"summary_large_image","schema":{"@context":"https:\/\/schema.org","@graph":[{"@type":"WebPage","@id":"https:\/\/evolve-fitness.eu\/es\/producto\/evolve-soporte-para-barras-fijas-10-piezas-copy-copy-copy\/","url":"https:\/\/evolve-fitness.eu\/es\/producto\/evolve-soporte-para-barras-fijas-10-piezas-copy-copy-copy\/","name":"Percha para banda y cintur\u00f3n Evolve - Evolve","isPartOf":{"@id":"https:\/\/evolve-fitness.eu\/es\/#website"},"primaryImageOfPage":{"@id":"https:\/\/evolve-fitness.eu\/es\/producto\/evolve-soporte-para-barras-fijas-10-piezas-copy-copy-copy\/#primaryimage"},"image":{"@id":"https:\/\/evolve-fitness.eu\/es\/producto\/evolve-soporte-para-barras-fijas-10-piezas-copy-copy-copy\/#primaryimage"},"thumbnailUrl":"https:\/\/evolve-fitness.eu\/wp-content\/uploads\/2025\/09\/Dizainas-be-pavadinimo-6.png","datePublished":"2025-09-24T07:42:33+00:00","dateModified":"2025-10-08T09:43:16+00:00","description":"El colgador para bandas y cinturones Evolve, EV- ST-BB-005, proporciona una forma pr\u00e1ctica y que ahorra espacio para guardar los accesorios de entrenamiento esenciales en cualquier gimnasio o estudio de fitness.","breadcrumb":{"@id":"https:\/\/evolve-fitness.eu\/es\/producto\/evolve-soporte-para-barras-fijas-10-piezas-copy-copy-copy\/#breadcrumb"},"inLanguage":"es","potentialAction":[{"@type":"ReadAction","target":["https:\/\/evolve-fitness.eu\/es\/producto\/evolve-soporte-para-barras-fijas-10-piezas-copy-copy-copy\/"]}]},{"@type":"ImageObject","inLanguage":"es","@id":"https:\/\/evolve-fitness.eu\/es\/producto\/evolve-soporte-para-barras-fijas-10-piezas-copy-copy-copy\/#primaryimage","url":"https:\/\/evolve-fitness.eu\/wp-content\/uploads\/2025\/09\/Dizainas-be-pavadinimo-6.png","contentUrl":"https:\/\/evolve-fitness.eu\/wp-content\/uploads\/2025\/09\/Dizainas-be-pavadinimo-6.png","width":600,"height":450},{"@type":"BreadcrumbList","@id":"https:\/\/evolve-fitness.eu\/es\/producto\/evolve-soporte-para-barras-fijas-10-piezas-copy-copy-copy\/#breadcrumb","itemListElement":[{"@type":"ListItem","position":1,"name":"Home","item":"https:\/\/evolve-fitness.eu\/es\/"},{"@type":"ListItem","position":2,"name":"Productos","item":"https:\/\/evolve-fitness.eu\/es\/shop\/"},{"@type":"ListItem","position":3,"name":"Percha para banda y cintur\u00f3n Evolve"}]},{"@type":"WebSite","@id":"https:\/\/evolve-fitness.eu\/es\/#website","url":"https:\/\/evolve-fitness.eu\/es\/","name":"Evolve","description":"Your Evolved Gear Arrived","publisher":{"@id":"https:\/\/evolve-fitness.eu\/es\/#organization"},"potentialAction":[{"@type":"SearchAction","target":{"@type":"EntryPoint","urlTemplate":"https:\/\/evolve-fitness.eu\/es\/?s={search_term_string}"},"query-input":{"@type":"PropertyValueSpecification","valueRequired":true,"valueName":"search_term_string"}}],"inLanguage":"es"},{"@type":"Organization","@id":"https:\/\/evolve-fitness.eu\/es\/#organization","name":"Evolve","url":"https:\/\/evolve-fitness.eu\/es\/","logo":{"@type":"ImageObject","inLanguage":"es","@id":"https:\/\/evolve-fitness.eu\/es\/#\/schema\/logo\/image\/","url":"https:\/\/evolve-fitness.eu\/wp-content\/uploads\/2023\/05\/Evolve-logo.svg","contentUrl":"https:\/\/evolve-fitness.eu\/wp-content\/uploads\/2023\/05\/Evolve-logo.svg","width":176,"height":20,"caption":"Evolve"},"image":{"@id":"https:\/\/evolve-fitness.eu\/es\/#\/schema\/logo\/image\/"},"sameAs":["https:\/\/www.facebook.com\/EvolveFitnessEurope"]}]}},"_links":{"self":[{"href":"https:\/\/evolve-fitness.eu\/es\/wp-json\/wp\/v2\/product\/208772","targetHints":{"allow":["GET"]}}],"collection":[{"href":"https:\/\/evolve-fitness.eu\/es\/wp-json\/wp\/v2\/product"}],"about":[{"href":"https:\/\/evolve-fitness.eu\/es\/wp-json\/wp\/v2\/types\/product"}],"wp:featuredmedia":[{"embeddable":true,"href":"https:\/\/evolve-fitness.eu\/es\/wp-json\/wp\/v2\/media\/208813"}],"wp:attachment":[{"href":"https:\/\/evolve-fitness.eu\/es\/wp-json\/wp\/v2\/media?parent=208772"}],"wp:term":[{"taxonomy":"product_brand","embeddable":true,"href":"https:\/\/evolve-fitness.eu\/es\/wp-json\/wp\/v2\/product_brand?post=208772"},{"taxonomy":"product_cat","embeddable":true,"href":"https:\/\/evolve-fitness.eu\/es\/wp-json\/wp\/v2\/product_cat?post=208772"},{"taxonomy":"product_tag","embeddable":true,"href":"https:\/\/evolve-fitness.eu\/es\/wp-json\/wp\/v2\/product_tag?post=208772"}],"curies":[{"name":"wp","href":"https:\/\/api.w.org\/{rel}","templated":true}]}}