{"id":214172,"date":"2025-03-24T06:52:49","date_gmt":"2025-03-24T06:52:49","guid":{"rendered":"https:\/\/evolve-fitness.eu\/product\/prensa-de-piernas-con-placas-evolve-prime-series\/"},"modified":"2025-11-14T12:17:41","modified_gmt":"2025-11-14T10:17:41","slug":"prensa-de-piernas-con-placas-evolve-prime-series","status":"publish","type":"product","link":"https:\/\/evolve-fitness.eu\/es\/producto\/prensa-de-piernas-con-placas-evolve-prime-series\/","title":{"rendered":"Prensa de piernas con placas Evolve Prime Series"},"content":{"rendered":"\n<section class=\"wp-block-group alignfull has-lightgray-background-color has-background is-layout-constrained wp-block-group-is-layout-constrained\">\n<div class=\"wp-block-columns alignwide is-layout-flex wp-container-core-columns-is-layout-2edb0647 wp-block-columns-is-layout-flex\" style=\"margin-top:0;margin-bottom:0\">\n<div class=\"wp-block-column is-layout-flow wp-block-column-is-layout-flow\" style=\"flex-basis:33.33%\"><\/div>\n\n\n\n<div class=\"wp-block-column is-layout-flow wp-block-column-is-layout-flow\" style=\"flex-basis:66.66%\"><\/div>\n<\/div>\n<\/section>\n\n<section class=\"wp-block-group alignfull black-content has-white-color has-darkgray-background-color has-text-color has-background is-layout-constrained wp-block-group-is-layout-constrained\" style=\"padding-top:var(--wp--preset--spacing--section-bottom);padding-bottom:var(--wp--preset--spacing--section-bottom)\">\n<h3 class=\"wp-block-heading has-text-align-center\"><strong><strong>EVOLVE SERIE PRIME CARGADA CON PLACAS<\/strong><\/strong><\/h3>\n\n\n\n<p>Con la serie Evolve Plate Loaded Prime, la excelencia es el est\u00e1ndar. Eleve su entrenamiento de fuerza con m\u00e1quinas dise\u00f1adas para ofrecer comodidad, durabilidad y rendimiento. Explore hoy mismo toda la l\u00ednea y redefina su camino hacia la forma f\u00edsica.  <\/p>\n\n\n\n<section class=\"wp-block-group alignfull black-content has-white-color has-darkgray-background-color has-text-color has-background is-layout-constrained wp-block-group-is-layout-constrained\" style=\"padding-top:var(--wp--preset--spacing--section-bottom);padding-bottom:var(--wp--preset--spacing--section-bottom)\">\n<div class=\"wp-block-columns alignwide mobile-reverse is-layout-flex wp-container-core-columns-is-layout-ca64bf2d wp-block-columns-is-layout-flex\" style=\"margin-bottom:var(--wp--preset--spacing--side-padding)\">\n<div class=\"wp-block-column is-vertically-aligned-center is-layout-flow wp-block-column-is-layout-flow\">\n<h3 class=\"wp-block-heading\" style=\"margin-bottom:var(--wp--preset--spacing--h-3-bottom)\"><strong><strong><strong><strong><strong>Amplias opciones de ejercicio<\/strong><\/strong><\/strong><\/strong><\/strong><\/h3>\n\n\n\n<p><strong><em>Entrenamiento Integral de la Parte Inferior del Cuerpo<\/em><\/strong><\/p>\n\n\n\n<p style=\"margin-bottom:var(--wp--preset--spacing--tb-section-padding)\">La prensa de piernas con carga de placas Evolve Prime Series est\u00e1 dise\u00f1ada para trabajar grupos musculares clave, como los cu\u00e1driceps, los isquiotibiales, los gl\u00fateos y los gemelos. El dise\u00f1o de bastidor abierto permite transiciones suaves entre diferentes entrenamientos, mejorando la experiencia global del entrenamiento. <\/p>\n\n\n\n<h3 class=\"wp-block-heading\" style=\"margin-bottom:var(--wp--preset--spacing--h-3-bottom)\"><strong><strong><strong><strong><strong>Caracter\u00edsticas Premium<\/strong><\/strong><\/strong><\/strong><\/strong><\/h3>\n\n\n\n<p><strong><em>Construido para la resistencia y la eficacia<\/em><\/strong><\/p>\n\n\n\n<p>Esta m\u00e1quina de prensa de piernas cuenta con materiales de alta calidad, como tejido resistente y herrajes de acero inoxidable, que garantizan un uso duradero. La tecnolog\u00eda de pulverizaci\u00f3n electrost\u00e1tica de polvo termoendurecible proporciona un acabado duradero, manteniendo el aspecto del equipo con el paso del tiempo. Adem\u00e1s, las clavijas de almacenamiento de placas de pesas integradas ayudan a mantener tu zona de entrenamiento organizada y eficiente.  <\/p>\n<\/div>\n\n\n\n<div class=\"wp-block-column is-vertically-aligned-center is-layout-flow wp-block-column-is-layout-flow\">\n<figure class=\"wp-block-image size-large\"><img loading=\"lazy\" decoding=\"async\" width=\"1024\" height=\"1024\" src=\"https:\/\/evolve-fitness.eu\/wp-content\/uploads\/2025\/03\/EV-PL-PR-091-Evolve-Prime-Series-Plate-Loaded-Leg-Press-Recovered-1024x1024.png\" alt=\"\" class=\"wp-image-188578\" srcset=\"https:\/\/evolve-fitness.eu\/wp-content\/uploads\/2025\/03\/EV-PL-PR-091-Evolve-Prime-Series-Plate-Loaded-Leg-Press-Recovered-1024x1024.png 1024w, https:\/\/evolve-fitness.eu\/wp-content\/uploads\/2025\/03\/EV-PL-PR-091-Evolve-Prime-Series-Plate-Loaded-Leg-Press-Recovered-300x300.png 300w, https:\/\/evolve-fitness.eu\/wp-content\/uploads\/2025\/03\/EV-PL-PR-091-Evolve-Prime-Series-Plate-Loaded-Leg-Press-Recovered-150x150.png 150w, https:\/\/evolve-fitness.eu\/wp-content\/uploads\/2025\/03\/EV-PL-PR-091-Evolve-Prime-Series-Plate-Loaded-Leg-Press-Recovered-768x768.png 768w, https:\/\/evolve-fitness.eu\/wp-content\/uploads\/2025\/03\/EV-PL-PR-091-Evolve-Prime-Series-Plate-Loaded-Leg-Press-Recovered-1536x1536.png 1536w, https:\/\/evolve-fitness.eu\/wp-content\/uploads\/2025\/03\/EV-PL-PR-091-Evolve-Prime-Series-Plate-Loaded-Leg-Press-Recovered-2048x2048.png 2048w, https:\/\/evolve-fitness.eu\/wp-content\/uploads\/2025\/03\/EV-PL-PR-091-Evolve-Prime-Series-Plate-Loaded-Leg-Press-Recovered-600x600.png 600w\" sizes=\"auto, (max-width: 1024px) 100vw, 1024px\" \/><\/figure>\n<\/div>\n<\/div>\n<\/section>\n<\/section>\n","protected":false},"excerpt":{"rendered":"<p>La prensa de piernas con placas Evolve Prime Series es una m\u00e1quina de entrenamiento de fuerza de alta calidad dise\u00f1ada para trabajar cu\u00e1driceps, isquiotibiales y gl\u00fateos. Construida pensando en la durabilidad, esta prensa de piernas de placas ofrece movimientos suaves y controlados, permitiendo a los usuarios superar sus l\u00edmites con seguridad. Su dise\u00f1o ergon\u00f3mico garantiza una alineaci\u00f3n \u00f3ptima del cuerpo y comodidad durante el uso. Perfecta tanto para gimnasios comerciales como para entusiastas del fitness dom\u00e9stico, esta m\u00e1quina de prensa de piernas est\u00e1 dise\u00f1ada para entrenamientos intensos y pesados y un rendimiento duradero.  <\/p>\n","protected":false},"featured_media":188601,"template":"","meta":{"_acf_changed":false,"inline_featured_image":false},"product_brand":[],"product_cat":[2949,5439],"product_tag":[],"class_list":{"0":"post-214172","1":"product","2":"type-product","3":"status-publish","4":"has-post-thumbnail","6":"product_cat-maquinas-de-carga-de-placas","7":"product_cat-prime-series-placa-cargada","9":"first","10":"instock","11":"shipping-taxable","12":"purchasable","13":"product-type-simple"},"acf":{"long_title":"Prensa de piernas con placas Evolve Prime Series","subtitle":"","specifications":[{"label":"SKU","text_value":"EV-PL-PR-091","icon":"x"},{"label":"Dimensiones","text_value":"2400 x 1610 x 1480 mm","icon":"x"},{"label":"Peso","text_value":"260 kg","icon":"x"},{"label":"Max. carga","text_value":"500 kg","icon":"x"},{"label":"Peso m\u00e1ximo del usuario","text_value":"180 kg","icon":"x"},{"label":"Almacenamiento del plato de pesas","text_value":"4","icon":"x"},{"label":"Reposapi\u00e9s angular antideslizante de gran tama\u00f1o","text_value":"","icon":"v"},{"label":"Protectores de suelo duraderos","text_value":"","icon":"v"},{"label":"Construcci\u00f3n met\u00e1lica","text_value":"","icon":"v"},{"label":"Pintura anticorrosi\u00f3n","text_value":"","icon":"v"},{"label":"Tapicer\u00eda gruesa","text_value":"","icon":"v"},{"label":"Garant\u00eda","text_value":"2 a\u00f1os","icon":"x"}]},"yoast_head":"<!-- This site is optimized with the Yoast SEO plugin v26.6 - https:\/\/yoast.com\/wordpress\/plugins\/seo\/ -->\n<title>Prensa de piernas con placas Evolve Prime Series - Evolve<\/title>\n<meta name=\"description\" content=\"La prensa de piernas con placas Evolve Prime Series es una m\u00e1quina de entrenamiento de fuerza de alta calidad dise\u00f1ada para trabajar cu\u00e1driceps, isquiotibiales y gl\u00fateos.\" \/>\n<meta name=\"robots\" content=\"index, follow, max-snippet:-1, max-image-preview:large, max-video-preview:-1\" \/>\n<link rel=\"canonical\" href=\"https:\/\/evolve-fitness.eu\/es\/producto\/prensa-de-piernas-con-placas-evolve-prime-series\/\" \/>\n<meta property=\"og:locale\" content=\"es_ES\" \/>\n<meta property=\"og:type\" content=\"article\" \/>\n<meta property=\"og:title\" content=\"Prensa de piernas con placas Evolve Prime Series - Evolve\" \/>\n<meta property=\"og:description\" content=\"La prensa de piernas con placas Evolve Prime Series es una m\u00e1quina de entrenamiento de fuerza de alta calidad dise\u00f1ada para trabajar cu\u00e1driceps, isquiotibiales y gl\u00fateos.\" \/>\n<meta property=\"og:url\" content=\"https:\/\/evolve-fitness.eu\/es\/producto\/prensa-de-piernas-con-placas-evolve-prime-series\/\" \/>\n<meta property=\"og:site_name\" content=\"Evolve\" \/>\n<meta property=\"article:publisher\" content=\"https:\/\/www.facebook.com\/EvolveFitnessEurope\" \/>\n<meta property=\"article:modified_time\" content=\"2025-11-14T10:17:41+00:00\" \/>\n<meta property=\"og:image\" content=\"https:\/\/evolve-fitness.eu\/wp-content\/uploads\/2025\/03\/EV-PL-PR-091-Evolve-Prime-Series-Plate-Loaded-Leg-Press-Recovered.png\" \/>\n\t<meta property=\"og:image:width\" content=\"3000\" \/>\n\t<meta property=\"og:image:height\" content=\"3000\" \/>\n\t<meta property=\"og:image:type\" content=\"image\/png\" \/>\n<meta name=\"twitter:card\" content=\"summary_large_image\" \/>\n<script type=\"application\/ld+json\" class=\"yoast-schema-graph\">{\"@context\":\"https:\/\/schema.org\",\"@graph\":[{\"@type\":\"WebPage\",\"@id\":\"https:\/\/evolve-fitness.eu\/es\/producto\/prensa-de-piernas-con-placas-evolve-prime-series\/\",\"url\":\"https:\/\/evolve-fitness.eu\/es\/producto\/prensa-de-piernas-con-placas-evolve-prime-series\/\",\"name\":\"Prensa de piernas con placas Evolve Prime Series - Evolve\",\"isPartOf\":{\"@id\":\"https:\/\/evolve-fitness.eu\/es\/#website\"},\"primaryImageOfPage\":{\"@id\":\"https:\/\/evolve-fitness.eu\/es\/producto\/prensa-de-piernas-con-placas-evolve-prime-series\/#primaryimage\"},\"image\":{\"@id\":\"https:\/\/evolve-fitness.eu\/es\/producto\/prensa-de-piernas-con-placas-evolve-prime-series\/#primaryimage\"},\"thumbnailUrl\":\"https:\/\/evolve-fitness.eu\/wp-content\/uploads\/2025\/03\/EV-PL-PR-091-Evolve-Prime-Series-Plate-Loaded-Leg-Press-Recovered.png\",\"datePublished\":\"2025-03-24T06:52:49+00:00\",\"dateModified\":\"2025-11-14T10:17:41+00:00\",\"description\":\"La prensa de piernas con placas Evolve Prime Series es una m\u00e1quina de entrenamiento de fuerza de alta calidad dise\u00f1ada para trabajar cu\u00e1driceps, isquiotibiales y gl\u00fateos.\",\"breadcrumb\":{\"@id\":\"https:\/\/evolve-fitness.eu\/es\/producto\/prensa-de-piernas-con-placas-evolve-prime-series\/#breadcrumb\"},\"inLanguage\":\"es\",\"potentialAction\":[{\"@type\":\"ReadAction\",\"target\":[\"https:\/\/evolve-fitness.eu\/es\/producto\/prensa-de-piernas-con-placas-evolve-prime-series\/\"]}]},{\"@type\":\"ImageObject\",\"inLanguage\":\"es\",\"@id\":\"https:\/\/evolve-fitness.eu\/es\/producto\/prensa-de-piernas-con-placas-evolve-prime-series\/#primaryimage\",\"url\":\"https:\/\/evolve-fitness.eu\/wp-content\/uploads\/2025\/03\/EV-PL-PR-091-Evolve-Prime-Series-Plate-Loaded-Leg-Press-Recovered.png\",\"contentUrl\":\"https:\/\/evolve-fitness.eu\/wp-content\/uploads\/2025\/03\/EV-PL-PR-091-Evolve-Prime-Series-Plate-Loaded-Leg-Press-Recovered.png\",\"width\":3000,\"height\":3000},{\"@type\":\"BreadcrumbList\",\"@id\":\"https:\/\/evolve-fitness.eu\/es\/producto\/prensa-de-piernas-con-placas-evolve-prime-series\/#breadcrumb\",\"itemListElement\":[{\"@type\":\"ListItem\",\"position\":1,\"name\":\"Home\",\"item\":\"https:\/\/evolve-fitness.eu\/es\/\"},{\"@type\":\"ListItem\",\"position\":2,\"name\":\"Productos\",\"item\":\"https:\/\/evolve-fitness.eu\/es\/shop\/\"},{\"@type\":\"ListItem\",\"position\":3,\"name\":\"Prensa de piernas con placas Evolve Prime Series\"}]},{\"@type\":\"WebSite\",\"@id\":\"https:\/\/evolve-fitness.eu\/es\/#website\",\"url\":\"https:\/\/evolve-fitness.eu\/es\/\",\"name\":\"Evolve\",\"description\":\"Your Evolved Gear Arrived\",\"publisher\":{\"@id\":\"https:\/\/evolve-fitness.eu\/es\/#organization\"},\"potentialAction\":[{\"@type\":\"SearchAction\",\"target\":{\"@type\":\"EntryPoint\",\"urlTemplate\":\"https:\/\/evolve-fitness.eu\/es\/?s={search_term_string}\"},\"query-input\":{\"@type\":\"PropertyValueSpecification\",\"valueRequired\":true,\"valueName\":\"search_term_string\"}}],\"inLanguage\":\"es\"},{\"@type\":\"Organization\",\"@id\":\"https:\/\/evolve-fitness.eu\/es\/#organization\",\"name\":\"Evolve\",\"url\":\"https:\/\/evolve-fitness.eu\/es\/\",\"logo\":{\"@type\":\"ImageObject\",\"inLanguage\":\"es\",\"@id\":\"https:\/\/evolve-fitness.eu\/es\/#\/schema\/logo\/image\/\",\"url\":\"https:\/\/evolve-fitness.eu\/wp-content\/uploads\/2023\/05\/Evolve-logo.svg\",\"contentUrl\":\"https:\/\/evolve-fitness.eu\/wp-content\/uploads\/2023\/05\/Evolve-logo.svg\",\"width\":176,\"height\":20,\"caption\":\"Evolve\"},\"image\":{\"@id\":\"https:\/\/evolve-fitness.eu\/es\/#\/schema\/logo\/image\/\"},\"sameAs\":[\"https:\/\/www.facebook.com\/EvolveFitnessEurope\"]}]}<\/script>\n<!-- \/ Yoast SEO plugin. -->","yoast_head_json":{"title":"Prensa de piernas con placas Evolve Prime Series - Evolve","description":"La prensa de piernas con placas Evolve Prime Series es una m\u00e1quina de entrenamiento de fuerza de alta calidad dise\u00f1ada para trabajar cu\u00e1driceps, isquiotibiales y gl\u00fateos.","robots":{"index":"index","follow":"follow","max-snippet":"max-snippet:-1","max-image-preview":"max-image-preview:large","max-video-preview":"max-video-preview:-1"},"canonical":"https:\/\/evolve-fitness.eu\/es\/producto\/prensa-de-piernas-con-placas-evolve-prime-series\/","og_locale":"es_ES","og_type":"article","og_title":"Prensa de piernas con placas Evolve Prime Series - Evolve","og_description":"La prensa de piernas con placas Evolve Prime Series es una m\u00e1quina de entrenamiento de fuerza de alta calidad dise\u00f1ada para trabajar cu\u00e1driceps, isquiotibiales y gl\u00fateos.","og_url":"https:\/\/evolve-fitness.eu\/es\/producto\/prensa-de-piernas-con-placas-evolve-prime-series\/","og_site_name":"Evolve","article_publisher":"https:\/\/www.facebook.com\/EvolveFitnessEurope","article_modified_time":"2025-11-14T10:17:41+00:00","og_image":[{"width":3000,"height":3000,"url":"https:\/\/evolve-fitness.eu\/wp-content\/uploads\/2025\/03\/EV-PL-PR-091-Evolve-Prime-Series-Plate-Loaded-Leg-Press-Recovered.png","type":"image\/png"}],"twitter_card":"summary_large_image","schema":{"@context":"https:\/\/schema.org","@graph":[{"@type":"WebPage","@id":"https:\/\/evolve-fitness.eu\/es\/producto\/prensa-de-piernas-con-placas-evolve-prime-series\/","url":"https:\/\/evolve-fitness.eu\/es\/producto\/prensa-de-piernas-con-placas-evolve-prime-series\/","name":"Prensa de piernas con placas Evolve Prime Series - Evolve","isPartOf":{"@id":"https:\/\/evolve-fitness.eu\/es\/#website"},"primaryImageOfPage":{"@id":"https:\/\/evolve-fitness.eu\/es\/producto\/prensa-de-piernas-con-placas-evolve-prime-series\/#primaryimage"},"image":{"@id":"https:\/\/evolve-fitness.eu\/es\/producto\/prensa-de-piernas-con-placas-evolve-prime-series\/#primaryimage"},"thumbnailUrl":"https:\/\/evolve-fitness.eu\/wp-content\/uploads\/2025\/03\/EV-PL-PR-091-Evolve-Prime-Series-Plate-Loaded-Leg-Press-Recovered.png","datePublished":"2025-03-24T06:52:49+00:00","dateModified":"2025-11-14T10:17:41+00:00","description":"La prensa de piernas con placas Evolve Prime Series es una m\u00e1quina de entrenamiento de fuerza de alta calidad dise\u00f1ada para trabajar cu\u00e1driceps, isquiotibiales y gl\u00fateos.","breadcrumb":{"@id":"https:\/\/evolve-fitness.eu\/es\/producto\/prensa-de-piernas-con-placas-evolve-prime-series\/#breadcrumb"},"inLanguage":"es","potentialAction":[{"@type":"ReadAction","target":["https:\/\/evolve-fitness.eu\/es\/producto\/prensa-de-piernas-con-placas-evolve-prime-series\/"]}]},{"@type":"ImageObject","inLanguage":"es","@id":"https:\/\/evolve-fitness.eu\/es\/producto\/prensa-de-piernas-con-placas-evolve-prime-series\/#primaryimage","url":"https:\/\/evolve-fitness.eu\/wp-content\/uploads\/2025\/03\/EV-PL-PR-091-Evolve-Prime-Series-Plate-Loaded-Leg-Press-Recovered.png","contentUrl":"https:\/\/evolve-fitness.eu\/wp-content\/uploads\/2025\/03\/EV-PL-PR-091-Evolve-Prime-Series-Plate-Loaded-Leg-Press-Recovered.png","width":3000,"height":3000},{"@type":"BreadcrumbList","@id":"https:\/\/evolve-fitness.eu\/es\/producto\/prensa-de-piernas-con-placas-evolve-prime-series\/#breadcrumb","itemListElement":[{"@type":"ListItem","position":1,"name":"Home","item":"https:\/\/evolve-fitness.eu\/es\/"},{"@type":"ListItem","position":2,"name":"Productos","item":"https:\/\/evolve-fitness.eu\/es\/shop\/"},{"@type":"ListItem","position":3,"name":"Prensa de piernas con placas Evolve Prime Series"}]},{"@type":"WebSite","@id":"https:\/\/evolve-fitness.eu\/es\/#website","url":"https:\/\/evolve-fitness.eu\/es\/","name":"Evolve","description":"Your Evolved Gear Arrived","publisher":{"@id":"https:\/\/evolve-fitness.eu\/es\/#organization"},"potentialAction":[{"@type":"SearchAction","target":{"@type":"EntryPoint","urlTemplate":"https:\/\/evolve-fitness.eu\/es\/?s={search_term_string}"},"query-input":{"@type":"PropertyValueSpecification","valueRequired":true,"valueName":"search_term_string"}}],"inLanguage":"es"},{"@type":"Organization","@id":"https:\/\/evolve-fitness.eu\/es\/#organization","name":"Evolve","url":"https:\/\/evolve-fitness.eu\/es\/","logo":{"@type":"ImageObject","inLanguage":"es","@id":"https:\/\/evolve-fitness.eu\/es\/#\/schema\/logo\/image\/","url":"https:\/\/evolve-fitness.eu\/wp-content\/uploads\/2023\/05\/Evolve-logo.svg","contentUrl":"https:\/\/evolve-fitness.eu\/wp-content\/uploads\/2023\/05\/Evolve-logo.svg","width":176,"height":20,"caption":"Evolve"},"image":{"@id":"https:\/\/evolve-fitness.eu\/es\/#\/schema\/logo\/image\/"},"sameAs":["https:\/\/www.facebook.com\/EvolveFitnessEurope"]}]}},"_links":{"self":[{"href":"https:\/\/evolve-fitness.eu\/es\/wp-json\/wp\/v2\/product\/214172","targetHints":{"allow":["GET"]}}],"collection":[{"href":"https:\/\/evolve-fitness.eu\/es\/wp-json\/wp\/v2\/product"}],"about":[{"href":"https:\/\/evolve-fitness.eu\/es\/wp-json\/wp\/v2\/types\/product"}],"wp:featuredmedia":[{"embeddable":true,"href":"https:\/\/evolve-fitness.eu\/es\/wp-json\/wp\/v2\/media\/188601"}],"wp:attachment":[{"href":"https:\/\/evolve-fitness.eu\/es\/wp-json\/wp\/v2\/media?parent=214172"}],"wp:term":[{"taxonomy":"product_brand","embeddable":true,"href":"https:\/\/evolve-fitness.eu\/es\/wp-json\/wp\/v2\/product_brand?post=214172"},{"taxonomy":"product_cat","embeddable":true,"href":"https:\/\/evolve-fitness.eu\/es\/wp-json\/wp\/v2\/product_cat?post=214172"},{"taxonomy":"product_tag","embeddable":true,"href":"https:\/\/evolve-fitness.eu\/es\/wp-json\/wp\/v2\/product_tag?post=214172"}],"curies":[{"name":"wp","href":"https:\/\/api.w.org\/{rel}","templated":true}]}}