{"id":214225,"date":"2025-11-14T14:48:28","date_gmt":"2025-11-14T12:48:28","guid":{"rendered":"https:\/\/evolve-fitness.eu\/product\/abduccion-de-cadera-en-sedestacion-con-placa-evolve-serie-ultra-ul-620\/"},"modified":"2026-03-06T16:08:24","modified_gmt":"2026-03-06T14:08:24","slug":"abduccion-de-cadera-en-sedestacion-con-placa-evolve-serie-ultra-ul-620","status":"publish","type":"product","link":"https:\/\/evolve-fitness.eu\/es\/producto\/abduccion-de-cadera-en-sedestacion-con-placa-evolve-serie-ultra-ul-620\/","title":{"rendered":"Abducci\u00f3n de cadera en sedestaci\u00f3n con placa Evolve Serie Ultra (UL-620)"},"content":{"rendered":"\n<section class=\"wp-block-group alignfull black-content has-white-color has-darkgray-background-color has-text-color has-background is-layout-constrained wp-block-group-is-layout-constrained\" style=\"padding-top:var(--wp--preset--spacing--section-bottom);padding-bottom:var(--wp--preset--spacing--section-bottom)\">\n<div class=\"wp-block-columns alignwide mobile-reverse is-layout-flex wp-container-core-columns-is-layout-ca64bf2d wp-block-columns-is-layout-flex\" style=\"margin-bottom:var(--wp--preset--spacing--side-padding)\">\n<div class=\"wp-block-column is-vertically-aligned-center is-layout-flow wp-block-column-is-layout-flow\">\n<h3 class=\"wp-block-heading\" style=\"margin-bottom:var(--wp--preset--spacing--h-3-bottom)\"><strong><strong><strong><strong><strong><strong><strong><strong><strong><strong><strong>Abducci\u00f3n de Cadera Sentada con Placa Evolve Serie Ultra  <\/strong><\/strong><\/strong><\/strong><\/strong><\/strong><\/strong><\/strong><\/strong><\/strong><\/strong><\/h3>\n\n\n\n<p style=\"margin-bottom:var(--wp--preset--spacing--tb-section-padding)\">La Abducci\u00f3n de Cadera Sentada con Placa UL-620 de la Serie Evolve Ultra ofrece resistencia ajustable con carga de placa, lo que permite a los usuarios adaptar la intensidad del entrenamiento con placas de peso est\u00e1ndar para una progresi\u00f3n eficaz en todos los niveles de forma f\u00edsica. Su posici\u00f3n sentada ergon\u00f3mica con soportes bien formados garantiza una alineaci\u00f3n corporal adecuada, minimizando la tensi\u00f3n y mejorando la activaci\u00f3n de los m\u00fasculos estabilizadores. El movimiento controlado de abducci\u00f3n de la cadera act\u00faa eficazmente sobre los gl\u00fateos y la musculatura de la cadera, mejorando la fuerza, la estabilidad y la funci\u00f3n general de la parte inferior del cuerpo. Construida con acero de calidad comercial y acabados de primera, la m\u00e1quina ofrece una durabilidad a largo plazo adecuada para entornos de entrenamiento exigentes. El pr\u00e1ctico almacenamiento de placas integrado mantiene las pesas organizadas y accesibles, mientras que el dise\u00f1o general compacto garantiza un uso eficiente del espacio tanto en gimnasios comerciales como en zonas de entrenamiento dom\u00e9sticas.    <\/p>\n<\/div>\n\n\n\n<div class=\"wp-block-column is-vertically-aligned-center is-layout-flow wp-block-column-is-layout-flow\">\n<figure class=\"wp-block-image size-large\"><img decoding=\"async\" src=\"https:\/\/store.evolve-fitness.eu\/wp-content\/uploads\/2025\/11\/EV-PL-UL-620-5-3-1024x1024.png\" alt=\"\" class=\"wp-image-147007\"\/><\/figure>\n<\/div>\n<\/div>\n<\/section>\n","protected":false},"excerpt":{"rendered":"<p>  Mejora la zona de entrenamiento de fuerza de tu gimnasio con la Abducci\u00f3n de Cadera Sentada con Placa de la Serie Evolve Ultra. Dise\u00f1ada para gimnasios profesionales y comerciales, esta m\u00e1quina se dirige a los gl\u00fateos y la parte externa de los muslos con precisi\u00f3n y control. Presenta un armaz\u00f3n de acero duradero con protecci\u00f3n contra el \u00f3xido, un sistema de resistencia suave cargado con placas y una posici\u00f3n de inicio ajustable para una experiencia de entrenamiento personalizada.  <\/p>\n<p>Los cojines ergon\u00f3micos y las empu\u00f1aduras antideslizantes aseguran la comodidad y estabilidad del usuario durante el entrenamiento, mientras que los materiales de alta calidad garantizan un rendimiento duradero. Con opciones personalizables de color de armaz\u00f3n y tapicer\u00eda y una garant\u00eda de 2 a\u00f1os, la Abducci\u00f3n de Cadera Sentada Evolve Serie Ultra es una opci\u00f3n de primera calidad para los gimnasios que pretenden ofrecer equipos fiables y biomec\u00e1nicamente avanzados. <\/p>\n","protected":false},"featured_media":214234,"template":"","meta":{"_acf_changed":false,"inline_featured_image":false},"product_brand":[],"product_cat":[2949,2950],"product_tag":[],"class_list":{"0":"post-214225","1":"product","2":"type-product","3":"status-publish","4":"has-post-thumbnail","6":"product_cat-maquinas-de-carga-de-placas","7":"product_cat-maquinas-de-placas-ultra-series","9":"first","10":"instock","11":"shipping-taxable","12":"purchasable","13":"product-type-simple"},"acf":{"long_title":"  Abducci\u00f3n de cadera en sedestaci\u00f3n con placa Evolve Serie Ultra (UL-620)","subtitle":"","specifications":[{"label":"SKU","text_value":"EV-PL-UL-620","icon":"x"},{"label":"Dimensiones","text_value":"1895 x 1407 x 1247 mm","icon":"x"},{"label":"Peso","text_value":"165 kg","icon":"x"},{"label":"Max. carga","text_value":"150 kg","icon":"x"},{"label":"Grosor del marco","text_value":"3 mm","icon":"x"},{"label":"Tapicer\u00eda gruesa","text_value":"","icon":"v"},{"label":"Protectores de suelo duraderos","text_value":"","icon":"v"},{"label":"Asas antideslizantes","text_value":"","icon":"v"},{"label":"Pintura anticorrosi\u00f3n","text_value":"2 a\u00f1os","icon":"v"},{"label":"Marco met\u00e1lico sin bordes afilados","text_value":"","icon":"v"},{"label":"Protectores de suelo duraderos","text_value":"","icon":"v"},{"label":"Garant\u00eda","text_value":"2 a\u00f1os","icon":"x"}]},"yoast_head":"<!-- This site is optimized with the Yoast SEO plugin v26.6 - https:\/\/yoast.com\/wordpress\/plugins\/seo\/ -->\n<title>Abducci\u00f3n de cadera en sedestaci\u00f3n con placa Evolve Serie Ultra (UL-620) - Evolve<\/title>\n<meta name=\"robots\" content=\"index, follow, max-snippet:-1, max-image-preview:large, max-video-preview:-1\" \/>\n<link rel=\"canonical\" href=\"https:\/\/evolve-fitness.eu\/es\/producto\/abduccion-de-cadera-en-sedestacion-con-placa-evolve-serie-ultra-ul-620\/\" \/>\n<meta property=\"og:locale\" content=\"es_ES\" \/>\n<meta property=\"og:type\" content=\"article\" \/>\n<meta property=\"og:title\" content=\"Abducci\u00f3n de cadera en sedestaci\u00f3n con placa Evolve Serie Ultra (UL-620) - Evolve\" \/>\n<meta property=\"og:url\" content=\"https:\/\/evolve-fitness.eu\/es\/producto\/abduccion-de-cadera-en-sedestacion-con-placa-evolve-serie-ultra-ul-620\/\" \/>\n<meta property=\"og:site_name\" content=\"Evolve\" \/>\n<meta property=\"article:publisher\" content=\"https:\/\/www.facebook.com\/EvolveFitnessEurope\" \/>\n<meta property=\"article:modified_time\" content=\"2026-03-06T14:08:24+00:00\" \/>\n<meta property=\"og:image\" content=\"https:\/\/evolve-fitness.eu\/wp-content\/uploads\/2025\/11\/EV-PL-UL-620-5.png\" \/>\n\t<meta property=\"og:image:width\" content=\"1200\" \/>\n\t<meta property=\"og:image:height\" content=\"1200\" \/>\n\t<meta property=\"og:image:type\" content=\"image\/png\" \/>\n<meta name=\"twitter:card\" content=\"summary_large_image\" \/>\n<script type=\"application\/ld+json\" class=\"yoast-schema-graph\">{\"@context\":\"https:\/\/schema.org\",\"@graph\":[{\"@type\":\"WebPage\",\"@id\":\"https:\/\/evolve-fitness.eu\/es\/producto\/abduccion-de-cadera-en-sedestacion-con-placa-evolve-serie-ultra-ul-620\/\",\"url\":\"https:\/\/evolve-fitness.eu\/es\/producto\/abduccion-de-cadera-en-sedestacion-con-placa-evolve-serie-ultra-ul-620\/\",\"name\":\"Abducci\u00f3n de cadera en sedestaci\u00f3n con placa Evolve Serie Ultra (UL-620) - Evolve\",\"isPartOf\":{\"@id\":\"https:\/\/evolve-fitness.eu\/es\/#website\"},\"primaryImageOfPage\":{\"@id\":\"https:\/\/evolve-fitness.eu\/es\/producto\/abduccion-de-cadera-en-sedestacion-con-placa-evolve-serie-ultra-ul-620\/#primaryimage\"},\"image\":{\"@id\":\"https:\/\/evolve-fitness.eu\/es\/producto\/abduccion-de-cadera-en-sedestacion-con-placa-evolve-serie-ultra-ul-620\/#primaryimage\"},\"thumbnailUrl\":\"https:\/\/evolve-fitness.eu\/wp-content\/uploads\/2025\/11\/EV-PL-UL-620-5.png\",\"datePublished\":\"2025-11-14T12:48:28+00:00\",\"dateModified\":\"2026-03-06T14:08:24+00:00\",\"breadcrumb\":{\"@id\":\"https:\/\/evolve-fitness.eu\/es\/producto\/abduccion-de-cadera-en-sedestacion-con-placa-evolve-serie-ultra-ul-620\/#breadcrumb\"},\"inLanguage\":\"es\",\"potentialAction\":[{\"@type\":\"ReadAction\",\"target\":[\"https:\/\/evolve-fitness.eu\/es\/producto\/abduccion-de-cadera-en-sedestacion-con-placa-evolve-serie-ultra-ul-620\/\"]}]},{\"@type\":\"ImageObject\",\"inLanguage\":\"es\",\"@id\":\"https:\/\/evolve-fitness.eu\/es\/producto\/abduccion-de-cadera-en-sedestacion-con-placa-evolve-serie-ultra-ul-620\/#primaryimage\",\"url\":\"https:\/\/evolve-fitness.eu\/wp-content\/uploads\/2025\/11\/EV-PL-UL-620-5.png\",\"contentUrl\":\"https:\/\/evolve-fitness.eu\/wp-content\/uploads\/2025\/11\/EV-PL-UL-620-5.png\",\"width\":1200,\"height\":1200},{\"@type\":\"BreadcrumbList\",\"@id\":\"https:\/\/evolve-fitness.eu\/es\/producto\/abduccion-de-cadera-en-sedestacion-con-placa-evolve-serie-ultra-ul-620\/#breadcrumb\",\"itemListElement\":[{\"@type\":\"ListItem\",\"position\":1,\"name\":\"Home\",\"item\":\"https:\/\/evolve-fitness.eu\/es\/\"},{\"@type\":\"ListItem\",\"position\":2,\"name\":\"Productos\",\"item\":\"https:\/\/evolve-fitness.eu\/es\/shop\/\"},{\"@type\":\"ListItem\",\"position\":3,\"name\":\"Abducci\u00f3n de cadera en sedestaci\u00f3n con placa Evolve Serie Ultra (UL-620)\"}]},{\"@type\":\"WebSite\",\"@id\":\"https:\/\/evolve-fitness.eu\/es\/#website\",\"url\":\"https:\/\/evolve-fitness.eu\/es\/\",\"name\":\"Evolve\",\"description\":\"Your Evolved Gear Arrived\",\"publisher\":{\"@id\":\"https:\/\/evolve-fitness.eu\/es\/#organization\"},\"potentialAction\":[{\"@type\":\"SearchAction\",\"target\":{\"@type\":\"EntryPoint\",\"urlTemplate\":\"https:\/\/evolve-fitness.eu\/es\/?s={search_term_string}\"},\"query-input\":{\"@type\":\"PropertyValueSpecification\",\"valueRequired\":true,\"valueName\":\"search_term_string\"}}],\"inLanguage\":\"es\"},{\"@type\":\"Organization\",\"@id\":\"https:\/\/evolve-fitness.eu\/es\/#organization\",\"name\":\"Evolve\",\"url\":\"https:\/\/evolve-fitness.eu\/es\/\",\"logo\":{\"@type\":\"ImageObject\",\"inLanguage\":\"es\",\"@id\":\"https:\/\/evolve-fitness.eu\/es\/#\/schema\/logo\/image\/\",\"url\":\"https:\/\/evolve-fitness.eu\/wp-content\/uploads\/2023\/05\/Evolve-logo.svg\",\"contentUrl\":\"https:\/\/evolve-fitness.eu\/wp-content\/uploads\/2023\/05\/Evolve-logo.svg\",\"width\":176,\"height\":20,\"caption\":\"Evolve\"},\"image\":{\"@id\":\"https:\/\/evolve-fitness.eu\/es\/#\/schema\/logo\/image\/\"},\"sameAs\":[\"https:\/\/www.facebook.com\/EvolveFitnessEurope\"]}]}<\/script>\n<!-- \/ Yoast SEO plugin. -->","yoast_head_json":{"title":"Abducci\u00f3n de cadera en sedestaci\u00f3n con placa Evolve Serie Ultra (UL-620) - Evolve","robots":{"index":"index","follow":"follow","max-snippet":"max-snippet:-1","max-image-preview":"max-image-preview:large","max-video-preview":"max-video-preview:-1"},"canonical":"https:\/\/evolve-fitness.eu\/es\/producto\/abduccion-de-cadera-en-sedestacion-con-placa-evolve-serie-ultra-ul-620\/","og_locale":"es_ES","og_type":"article","og_title":"Abducci\u00f3n de cadera en sedestaci\u00f3n con placa Evolve Serie Ultra (UL-620) - Evolve","og_url":"https:\/\/evolve-fitness.eu\/es\/producto\/abduccion-de-cadera-en-sedestacion-con-placa-evolve-serie-ultra-ul-620\/","og_site_name":"Evolve","article_publisher":"https:\/\/www.facebook.com\/EvolveFitnessEurope","article_modified_time":"2026-03-06T14:08:24+00:00","og_image":[{"width":1200,"height":1200,"url":"https:\/\/evolve-fitness.eu\/wp-content\/uploads\/2025\/11\/EV-PL-UL-620-5.png","type":"image\/png"}],"twitter_card":"summary_large_image","schema":{"@context":"https:\/\/schema.org","@graph":[{"@type":"WebPage","@id":"https:\/\/evolve-fitness.eu\/es\/producto\/abduccion-de-cadera-en-sedestacion-con-placa-evolve-serie-ultra-ul-620\/","url":"https:\/\/evolve-fitness.eu\/es\/producto\/abduccion-de-cadera-en-sedestacion-con-placa-evolve-serie-ultra-ul-620\/","name":"Abducci\u00f3n de cadera en sedestaci\u00f3n con placa Evolve Serie Ultra (UL-620) - Evolve","isPartOf":{"@id":"https:\/\/evolve-fitness.eu\/es\/#website"},"primaryImageOfPage":{"@id":"https:\/\/evolve-fitness.eu\/es\/producto\/abduccion-de-cadera-en-sedestacion-con-placa-evolve-serie-ultra-ul-620\/#primaryimage"},"image":{"@id":"https:\/\/evolve-fitness.eu\/es\/producto\/abduccion-de-cadera-en-sedestacion-con-placa-evolve-serie-ultra-ul-620\/#primaryimage"},"thumbnailUrl":"https:\/\/evolve-fitness.eu\/wp-content\/uploads\/2025\/11\/EV-PL-UL-620-5.png","datePublished":"2025-11-14T12:48:28+00:00","dateModified":"2026-03-06T14:08:24+00:00","breadcrumb":{"@id":"https:\/\/evolve-fitness.eu\/es\/producto\/abduccion-de-cadera-en-sedestacion-con-placa-evolve-serie-ultra-ul-620\/#breadcrumb"},"inLanguage":"es","potentialAction":[{"@type":"ReadAction","target":["https:\/\/evolve-fitness.eu\/es\/producto\/abduccion-de-cadera-en-sedestacion-con-placa-evolve-serie-ultra-ul-620\/"]}]},{"@type":"ImageObject","inLanguage":"es","@id":"https:\/\/evolve-fitness.eu\/es\/producto\/abduccion-de-cadera-en-sedestacion-con-placa-evolve-serie-ultra-ul-620\/#primaryimage","url":"https:\/\/evolve-fitness.eu\/wp-content\/uploads\/2025\/11\/EV-PL-UL-620-5.png","contentUrl":"https:\/\/evolve-fitness.eu\/wp-content\/uploads\/2025\/11\/EV-PL-UL-620-5.png","width":1200,"height":1200},{"@type":"BreadcrumbList","@id":"https:\/\/evolve-fitness.eu\/es\/producto\/abduccion-de-cadera-en-sedestacion-con-placa-evolve-serie-ultra-ul-620\/#breadcrumb","itemListElement":[{"@type":"ListItem","position":1,"name":"Home","item":"https:\/\/evolve-fitness.eu\/es\/"},{"@type":"ListItem","position":2,"name":"Productos","item":"https:\/\/evolve-fitness.eu\/es\/shop\/"},{"@type":"ListItem","position":3,"name":"Abducci\u00f3n de cadera en sedestaci\u00f3n con placa Evolve Serie Ultra (UL-620)"}]},{"@type":"WebSite","@id":"https:\/\/evolve-fitness.eu\/es\/#website","url":"https:\/\/evolve-fitness.eu\/es\/","name":"Evolve","description":"Your Evolved Gear Arrived","publisher":{"@id":"https:\/\/evolve-fitness.eu\/es\/#organization"},"potentialAction":[{"@type":"SearchAction","target":{"@type":"EntryPoint","urlTemplate":"https:\/\/evolve-fitness.eu\/es\/?s={search_term_string}"},"query-input":{"@type":"PropertyValueSpecification","valueRequired":true,"valueName":"search_term_string"}}],"inLanguage":"es"},{"@type":"Organization","@id":"https:\/\/evolve-fitness.eu\/es\/#organization","name":"Evolve","url":"https:\/\/evolve-fitness.eu\/es\/","logo":{"@type":"ImageObject","inLanguage":"es","@id":"https:\/\/evolve-fitness.eu\/es\/#\/schema\/logo\/image\/","url":"https:\/\/evolve-fitness.eu\/wp-content\/uploads\/2023\/05\/Evolve-logo.svg","contentUrl":"https:\/\/evolve-fitness.eu\/wp-content\/uploads\/2023\/05\/Evolve-logo.svg","width":176,"height":20,"caption":"Evolve"},"image":{"@id":"https:\/\/evolve-fitness.eu\/es\/#\/schema\/logo\/image\/"},"sameAs":["https:\/\/www.facebook.com\/EvolveFitnessEurope"]}]}},"_links":{"self":[{"href":"https:\/\/evolve-fitness.eu\/es\/wp-json\/wp\/v2\/product\/214225","targetHints":{"allow":["GET"]}}],"collection":[{"href":"https:\/\/evolve-fitness.eu\/es\/wp-json\/wp\/v2\/product"}],"about":[{"href":"https:\/\/evolve-fitness.eu\/es\/wp-json\/wp\/v2\/types\/product"}],"wp:featuredmedia":[{"embeddable":true,"href":"https:\/\/evolve-fitness.eu\/es\/wp-json\/wp\/v2\/media\/214234"}],"wp:attachment":[{"href":"https:\/\/evolve-fitness.eu\/es\/wp-json\/wp\/v2\/media?parent=214225"}],"wp:term":[{"taxonomy":"product_brand","embeddable":true,"href":"https:\/\/evolve-fitness.eu\/es\/wp-json\/wp\/v2\/product_brand?post=214225"},{"taxonomy":"product_cat","embeddable":true,"href":"https:\/\/evolve-fitness.eu\/es\/wp-json\/wp\/v2\/product_cat?post=214225"},{"taxonomy":"product_tag","embeddable":true,"href":"https:\/\/evolve-fitness.eu\/es\/wp-json\/wp\/v2\/product_tag?post=214225"}],"curies":[{"name":"wp","href":"https:\/\/api.w.org\/{rel}","templated":true}]}}