{"id":214441,"date":"2025-11-17T13:28:50","date_gmt":"2025-11-17T11:28:50","guid":{"rendered":"https:\/\/evolve-fitness.eu\/product\/maquina-selectorizada-de-flexiones-y-extensiones-de-brazos-evolve-serie-ultra-ul-440\/"},"modified":"2026-03-26T11:51:23","modified_gmt":"2026-03-26T09:51:23","slug":"maquina-selectorizada-de-flexiones-y-extensiones-de-brazos-evolve-serie-ultra-ul-440","status":"publish","type":"product","link":"https:\/\/evolve-fitness.eu\/es\/producto\/maquina-selectorizada-de-flexiones-y-extensiones-de-brazos-evolve-serie-ultra-ul-440\/","title":{"rendered":"M\u00e1quina selectorizada de flexiones y extensiones de brazos Evolve Serie Ultra (UL-440)"},"content":{"rendered":"\n<section class=\"wp-block-group alignfull black-content has-white-color has-darkgray-background-color has-text-color has-background is-layout-constrained wp-block-group-is-layout-constrained\" style=\"padding-top:var(--wp--preset--spacing--section-bottom);padding-bottom:var(--wp--preset--spacing--section-bottom)\">\n<div class=\"wp-block-columns alignwide mobile-reverse is-layout-flex wp-container-core-columns-is-layout-ca64bf2d wp-block-columns-is-layout-flex\" style=\"margin-bottom:var(--wp--preset--spacing--side-padding)\">\n<div class=\"wp-block-column is-vertically-aligned-center is-layout-flow wp-block-column-is-layout-flow\">\n<h3 class=\"wp-block-heading\" style=\"margin-bottom:var(--wp--preset--spacing--h-3-bottom)\"><strong><strong><strong><strong><strong><strong><strong><strong><strong><strong><strong>M\u00e1quina selectorizada de flexiones y extensiones de brazos Evolve Serie Ultra (UL-440)<\/strong><\/strong><\/strong><\/strong><\/strong><\/strong><\/strong><\/strong><\/strong><\/strong><\/strong><\/h3>\n\n\n\n<p style=\"margin-bottom:var(--wp--preset--spacing--tb-section-padding)\">La M\u00e1quina de Curl y Extensiones de Brazos Selectorizada Evolve Serie Ultra (UL-440) combina curl de b\u00edceps y extensiones de tr\u00edceps en una m\u00e1quina de fuerza compacta de doble funci\u00f3n. Su pila de pesas selectorizada proporciona un ajuste suave y preciso de la resistencia, lo que la hace adecuada para usuarios de todos los niveles de forma f\u00edsica. Con una almohadilla ergon\u00f3mica para el brazo, un sistema de palanca pivotante y una trayectoria de movimiento guiada, la UL-440 favorece la alineaci\u00f3n correcta de las articulaciones, la precisi\u00f3n de los m\u00fasculos y el movimiento controlado en cada repetici\u00f3n. Construido con acero de calidad comercial, ofrece una larga durabilidad y un rendimiento fiable, lo que lo convierte en una opci\u00f3n excelente para gimnasios profesionales y espacios de fitness dom\u00e9sticos de primera calidad.   <br\/><\/p>\n<\/div>\n\n\n\n<div class=\"wp-block-column is-vertically-aligned-center is-layout-flow wp-block-column-is-layout-flow\">\n<figure class=\"wp-block-image size-full\"><img decoding=\"async\" src=\"https:\/\/store.evolve-fitness.eu\/wp-content\/uploads\/2025\/11\/EV-SC-UL-440-Evolve-Ultra-Series-Selectorized-Arm-Curl-and-Extension-Mac-3-3.png\" alt=\"\" class=\"wp-image-147032\"\/><\/figure>\n<\/div>\n<\/div>\n\n\n\n<div class=\"wp-block-columns alignwide are-vertically-aligned-center mobile-reverse is-layout-flex wp-container-core-columns-is-layout-e8158c2f wp-block-columns-is-layout-flex\" style=\"padding-top:var(--wp--preset--spacing--side-padding)\">\n<div class=\"wp-block-column is-vertically-aligned-center is-layout-flow wp-block-column-is-layout-flow\">\n<figure class=\"wp-block-video\"><video height=\"1080\" style=\"aspect-ratio: 1920 \/ 1080;\" width=\"1920\" autoplay=\"\" controls=\"\" loop=\"\" muted=\"\" src=\"https:\/\/evolve-fitness.eu\/wp-content\/uploads\/2023\/08\/EV-SC-UL-220Easy-Staart.mp4\"><\/video><\/figure>\n<\/div>\n\n\n\n<div class=\"wp-block-column is-vertically-aligned-center is-layout-flow wp-block-column-is-layout-flow\">\n<h3 class=\"wp-block-heading\" style=\"margin-bottom:var(--wp--preset--spacing--h-3-bottom)\"><strong><strong>Empu\u00f1aduras \u00f3ptimas<\/strong><\/strong><\/h3>\n\n\n\n<p><strong><em><strong><em><strong><em><strong><em>Elevar la experiencia del fitness<\/em><\/strong><\/em><\/strong><\/em><\/strong><\/em><\/strong><\/p>\n\n\n\n<p style=\"margin-bottom:var(--wp--preset--spacing--tb-section-padding)\">Atraer y retener a los clientes es esencial para todo propietario de gimnasio y gestor de instalaciones de fitness. Meticulosamente dise\u00f1ado para ofrecer comodidad y seguridad, este equipo mejora la experiencia general del entrenamiento y fomenta la confianza durante cada sesi\u00f3n. Ayuda a mantener a los clientes comprometidos, motivados y centrados en alcanzar sus objetivos de fitness en tu centro.  <br\/><\/p>\n<\/div>\n<\/div>\n\n\n\n<div class=\"wp-block-columns alignwide are-vertically-aligned-center mobile-reverse is-layout-flex wp-container-core-columns-is-layout-e8158c2f wp-block-columns-is-layout-flex\" style=\"padding-top:var(--wp--preset--spacing--side-padding)\">\n<div class=\"wp-block-column is-vertically-aligned-center is-layout-flow wp-block-column-is-layout-flow\">\n<h3 class=\"wp-block-heading\" style=\"margin-bottom:var(--wp--preset--spacing--h-3-bottom)\"><strong>Cable<\/strong><\/h3>\n\n\n\n<p><strong><em><strong><em>Calidad superior<\/em><\/strong><\/em><\/strong><\/p>\n\n\n\n<p style=\"margin-bottom:var(--wp--preset--spacing--tb-section-padding)\">Las m\u00e1quinas Evolve de la serie Ultra utilizan cables de calidad superior dise\u00f1ados para ofrecer una resistencia, durabilidad y suavidad de funcionamiento excepcionales. Cada cable tiene seis hebras principales, cada una de las cuales est\u00e1 formada por 19 hilos trenzados, un revestimiento de Poliamida 12 (PA12) y un di\u00e1metro de 5 mm. Con una fuerza de rotura de 9000 kN, estos cables est\u00e1n fabricados para ofrecer una fiabilidad excepcional en entornos comerciales exigentes. Tanto si realizas flexiones de b\u00edceps, prensas de pecho, dominadas u otros ejercicios de entrenamiento de fuerza, el sistema de cable de alto rendimiento garantiza un movimiento suave y una resistencia constante para una experiencia de entrenamiento eficaz, controlada y c\u00f3moda.<\/p>\n<\/div>\n\n\n\n<div class=\"wp-block-column is-vertically-aligned-center is-layout-flow wp-block-column-is-layout-flow\">\n<figure class=\"wp-block-video\"><video height=\"720\" style=\"aspect-ratio: 1280 \/ 720;\" width=\"1280\" autoplay=\"\" controls=\"\" loop=\"\" muted=\"\" src=\"https:\/\/evolve-fitness.eu\/wp-content\/uploads\/2023\/10\/Evolve-cable.mp4\"><\/video><\/figure>\n<\/div>\n<\/div>\n\n\n\n<div class=\"wp-block-columns alignwide are-vertically-aligned-center mobile-reverse is-layout-flex wp-container-core-columns-is-layout-e8158c2f wp-block-columns-is-layout-flex\" style=\"padding-top:var(--wp--preset--spacing--side-padding)\">\n<div class=\"wp-block-column is-vertically-aligned-center is-layout-flow wp-block-column-is-layout-flow\">\n<figure class=\"wp-block-video\"><video height=\"1080\" style=\"aspect-ratio: 1920 \/ 1080;\" width=\"1920\" autoplay=\"\" controls=\"\" loop=\"\" muted=\"\" src=\"https:\/\/evolve-fitness.eu\/wp-content\/uploads\/2023\/08\/UL-040-Weight-Stack.mp4\"><\/video><\/figure>\n<\/div>\n\n\n\n<div class=\"wp-block-column is-vertically-aligned-center is-layout-flow wp-block-column-is-layout-flow\">\n<h3 class=\"wp-block-heading\" style=\"margin-bottom:var(--wp--preset--spacing--h-3-bottom)\"><strong>Pila de pesas<\/strong><\/h3>\n\n\n\n<p><strong><em><strong><em>Elevar la experiencia del fitness<\/em><\/strong><\/em><\/strong><\/p>\n\n\n\n<p style=\"margin-bottom:var(--wp--preset--spacing--tb-section-padding)\">La m\u00e1quina de Curl de B\u00edceps Selectorizada Evolve Serie Ultra dispone de una pila de pesas de 80 kg, con la opci\u00f3n de ampliarla a 142 kg para los usuarios que buscan una mayor intensidad de entrenamiento. El bloque de pesas totalmente cerrado mejora la seguridad durante los entrenamientos, al tiempo que contribuye al dise\u00f1o limpio, moderno y profesional de la m\u00e1quina. <\/p>\n<\/div>\n<\/div>\n\n\n\n<div class=\"wp-block-columns alignwide are-vertically-aligned-center mobile-reverse is-layout-flex wp-container-core-columns-is-layout-e8158c2f wp-block-columns-is-layout-flex\" style=\"padding-top:var(--wp--preset--spacing--side-padding)\">\n<div class=\"wp-block-column is-vertically-aligned-center is-layout-flow wp-block-column-is-layout-flow\">\n<h3 class=\"wp-block-heading\" style=\"margin-bottom:var(--wp--preset--spacing--h-3-bottom)\"><strong>Duradero y protector<\/strong><\/h3>\n\n\n\n<p><strong><em><strong><em>Recubrimiento electrost\u00e1tico en polvo<\/em><\/strong><\/em><\/strong><\/p>\n\n\n\n<p style=\"margin-bottom:var(--wp--preset--spacing--tb-section-padding)\">Las m\u00e1quinas de fuerza de la serie Evolve Ultra presentan un armaz\u00f3n con recubrimiento electrost\u00e1tico en polvo negro perla mate que equilibra a la perfecci\u00f3n estilo y funcionalidad. El refinado acabado mate realza el aspecto premium de la m\u00e1quina, mientras que sus propiedades de resistencia a la fricci\u00f3n, anticorrosi\u00f3n y resistencia a los ara\u00f1azos garantizan una durabilidad excepcional y una fiabilidad a largo plazo en entornos de fitness exigentes. Escudos protectores Los robustos pies de goma de las m\u00e1quinas Evolve Serie Ultra act\u00faan como escudos protectores, ayudando a evitar posibles da\u00f1os en las superficies del suelo durante el uso. Dise\u00f1ados para ofrecer protecci\u00f3n y estabilidad, estos resistentes pies de goma no s\u00f3lo protegen el suelo, sino que tambi\u00e9n mejoran el equilibrio general de la m\u00e1quina y su posicionamiento seguro.   <\/p>\n<\/div>\n\n\n\n<div class=\"wp-block-column is-vertically-aligned-center is-layout-flow wp-block-column-is-layout-flow\">\n<figure class=\"wp-block-video\"><video height=\"720\" style=\"aspect-ratio: 1280 \/ 720;\" width=\"1280\" autoplay=\"\" controls=\"\" loop=\"\" muted=\"\" src=\"https:\/\/evolve-fitness.eu\/wp-content\/uploads\/2023\/10\/Evolve-Double-powder-coated-Frame.mp4\"><\/video><\/figure>\n<\/div>\n<\/div>\n<\/section>\n\n<p>tipo \/ elegir un bloque<\/p>\n","protected":false},"excerpt":{"rendered":"<p>La m\u00e1quina de flexiones y extensiones de brazos con plato selectorizado Evolve Ultra Series (UL-440) combina dos ejercicios esenciales para los brazos: flexiones de b\u00edceps y extensiones de tr\u00edceps, en una sola unidad eficaz. Su sistema de placas selectorizadas permite un ajuste r\u00e1pido y preciso de la resistencia, garantizando una activaci\u00f3n muscular controlada y espec\u00edfica. Los apoyabrazos ergon\u00f3micos y la posici\u00f3n de las empu\u00f1aduras mantienen una alineaci\u00f3n \u00f3ptima, aumentando la comodidad y reduciendo el esfuerzo innecesario. Construido en acero de calidad comercial con un acabado de primera, el UL-440 ofrece durabilidad y un movimiento guiado suave adecuado para un uso de alta intensidad. Con su tama\u00f1o compacto y rendimiento fiable, es una opci\u00f3n ideal para entornos de entrenamiento profesional que buscan un equipo vers\u00e1til para la parte superior del cuerpo.    <\/p>\n","protected":false},"featured_media":214442,"template":"","meta":{"_acf_changed":false,"inline_featured_image":false},"product_brand":[],"product_cat":[2598,3857],"product_tag":[],"class_list":{"0":"post-214441","1":"product","2":"type-product","3":"status-publish","4":"has-post-thumbnail","6":"product_cat-maquinas-selectorizadas","7":"product_cat-maquinas-selectorizadas-ultra-series-es","9":"first","10":"instock","11":"shipping-taxable","12":"purchasable","13":"product-type-simple"},"acf":{"long_title":"M\u00e1quina selectorizada de flexiones y extensiones de brazos Evolve Serie Ultra (UL-440)","subtitle":"","specifications":[{"label":"SKU","text_value":"EV-SC-UL-440","icon":"x"},{"label":"Dimensiones","text_value":"1380 x 1207 x 1602 mm","icon":"x"},{"label":"Peso","text_value":"142 kg","icon":"x"},{"label":"Pila de pesas","text_value":"80 kg","icon":"x"},{"label":"Max. Pila de pesas","text_value":"117,5 kg","icon":"x"},{"label":"Grosor del marco","text_value":"3 mm","icon":"x"},{"label":"Plato de lastre superior","text_value":"","icon":"v"},{"label":"Posici\u00f3n de entrenamiento ajustable","text_value":"","icon":"v"},{"label":"Pasador magn\u00e9tico de la pila de pesas","text_value":"","icon":"v"},{"label":"Placa con instrucciones de formaci\u00f3n","text_value":"","icon":"v"},{"label":"Pila de pesas cubierta","text_value":"","icon":"v"},{"label":"Protectores de suelo duraderos","text_value":"","icon":"v"},{"label":"Pintura anticorrosiva","text_value":"","icon":"v"},{"label":"Tapicer\u00eda gruesa revestida de cuero PU","text_value":"","icon":"v"},{"label":"Cable de nylon","text_value":"2 a\u00f1os","icon":"v"},{"label":"Asas antideslizantes","text_value":"","icon":"v"},{"label":"Garant\u00eda","text_value":"2 a\u00f1os","icon":"x"}]},"yoast_head":"<!-- This site is optimized with the Yoast SEO plugin v26.6 - https:\/\/yoast.com\/wordpress\/plugins\/seo\/ -->\n<title>M\u00e1quina selectorizada de flexiones y extensiones de brazos Evolve Serie Ultra (UL-440) - Evolve<\/title>\n<meta name=\"description\" content=\"La m\u00e1quina selectorizada de flexiones y extensiones de brazos cargada con placas Evolve Serie Ultra (UL-440) combina dos ejercicios esenciales para los brazos\" \/>\n<meta name=\"robots\" content=\"index, follow, max-snippet:-1, max-image-preview:large, max-video-preview:-1\" \/>\n<link rel=\"canonical\" href=\"https:\/\/evolve-fitness.eu\/es\/producto\/maquina-selectorizada-de-flexiones-y-extensiones-de-brazos-evolve-serie-ultra-ul-440\/\" \/>\n<meta property=\"og:locale\" content=\"es_ES\" \/>\n<meta property=\"og:type\" content=\"article\" \/>\n<meta property=\"og:title\" content=\"M\u00e1quina selectorizada de flexiones y extensiones de brazos Evolve Serie Ultra (UL-440) - Evolve\" \/>\n<meta property=\"og:description\" content=\"La m\u00e1quina selectorizada de flexiones y extensiones de brazos cargada con placas Evolve Serie Ultra (UL-440) combina dos ejercicios esenciales para los brazos\" \/>\n<meta property=\"og:url\" content=\"https:\/\/evolve-fitness.eu\/es\/producto\/maquina-selectorizada-de-flexiones-y-extensiones-de-brazos-evolve-serie-ultra-ul-440\/\" \/>\n<meta property=\"og:site_name\" content=\"Evolve\" \/>\n<meta property=\"article:publisher\" content=\"https:\/\/www.facebook.com\/EvolveFitnessEurope\" \/>\n<meta property=\"article:modified_time\" content=\"2026-03-26T09:51:23+00:00\" \/>\n<meta property=\"og:image\" content=\"https:\/\/evolve-fitness.eu\/wp-content\/uploads\/2025\/11\/EV-SC-UL-440-Evolve-Ultra-Series-Selectorized-Arm-Curl-and-Extension-Mac-3.png\" \/>\n\t<meta property=\"og:image:width\" content=\"1000\" \/>\n\t<meta property=\"og:image:height\" content=\"1000\" \/>\n\t<meta property=\"og:image:type\" content=\"image\/png\" \/>\n<meta name=\"twitter:card\" content=\"summary_large_image\" \/>\n<script type=\"application\/ld+json\" class=\"yoast-schema-graph\">{\"@context\":\"https:\/\/schema.org\",\"@graph\":[{\"@type\":\"WebPage\",\"@id\":\"https:\/\/evolve-fitness.eu\/es\/producto\/maquina-selectorizada-de-flexiones-y-extensiones-de-brazos-evolve-serie-ultra-ul-440\/\",\"url\":\"https:\/\/evolve-fitness.eu\/es\/producto\/maquina-selectorizada-de-flexiones-y-extensiones-de-brazos-evolve-serie-ultra-ul-440\/\",\"name\":\"M\u00e1quina selectorizada de flexiones y extensiones de brazos Evolve Serie Ultra (UL-440) - Evolve\",\"isPartOf\":{\"@id\":\"https:\/\/evolve-fitness.eu\/es\/#website\"},\"primaryImageOfPage\":{\"@id\":\"https:\/\/evolve-fitness.eu\/es\/producto\/maquina-selectorizada-de-flexiones-y-extensiones-de-brazos-evolve-serie-ultra-ul-440\/#primaryimage\"},\"image\":{\"@id\":\"https:\/\/evolve-fitness.eu\/es\/producto\/maquina-selectorizada-de-flexiones-y-extensiones-de-brazos-evolve-serie-ultra-ul-440\/#primaryimage\"},\"thumbnailUrl\":\"https:\/\/evolve-fitness.eu\/wp-content\/uploads\/2025\/11\/EV-SC-UL-440-Evolve-Ultra-Series-Selectorized-Arm-Curl-and-Extension-Mac-3.png\",\"datePublished\":\"2025-11-17T11:28:50+00:00\",\"dateModified\":\"2026-03-26T09:51:23+00:00\",\"description\":\"La m\u00e1quina selectorizada de flexiones y extensiones de brazos cargada con placas Evolve Serie Ultra (UL-440) combina dos ejercicios esenciales para los brazos\",\"breadcrumb\":{\"@id\":\"https:\/\/evolve-fitness.eu\/es\/producto\/maquina-selectorizada-de-flexiones-y-extensiones-de-brazos-evolve-serie-ultra-ul-440\/#breadcrumb\"},\"inLanguage\":\"es\",\"potentialAction\":[{\"@type\":\"ReadAction\",\"target\":[\"https:\/\/evolve-fitness.eu\/es\/producto\/maquina-selectorizada-de-flexiones-y-extensiones-de-brazos-evolve-serie-ultra-ul-440\/\"]}]},{\"@type\":\"ImageObject\",\"inLanguage\":\"es\",\"@id\":\"https:\/\/evolve-fitness.eu\/es\/producto\/maquina-selectorizada-de-flexiones-y-extensiones-de-brazos-evolve-serie-ultra-ul-440\/#primaryimage\",\"url\":\"https:\/\/evolve-fitness.eu\/wp-content\/uploads\/2025\/11\/EV-SC-UL-440-Evolve-Ultra-Series-Selectorized-Arm-Curl-and-Extension-Mac-3.png\",\"contentUrl\":\"https:\/\/evolve-fitness.eu\/wp-content\/uploads\/2025\/11\/EV-SC-UL-440-Evolve-Ultra-Series-Selectorized-Arm-Curl-and-Extension-Mac-3.png\",\"width\":1000,\"height\":1000},{\"@type\":\"BreadcrumbList\",\"@id\":\"https:\/\/evolve-fitness.eu\/es\/producto\/maquina-selectorizada-de-flexiones-y-extensiones-de-brazos-evolve-serie-ultra-ul-440\/#breadcrumb\",\"itemListElement\":[{\"@type\":\"ListItem\",\"position\":1,\"name\":\"Home\",\"item\":\"https:\/\/evolve-fitness.eu\/es\/\"},{\"@type\":\"ListItem\",\"position\":2,\"name\":\"Productos\",\"item\":\"https:\/\/evolve-fitness.eu\/es\/shop\/\"},{\"@type\":\"ListItem\",\"position\":3,\"name\":\"M\u00e1quina selectorizada de flexiones y extensiones de brazos Evolve Serie Ultra (UL-440)\"}]},{\"@type\":\"WebSite\",\"@id\":\"https:\/\/evolve-fitness.eu\/es\/#website\",\"url\":\"https:\/\/evolve-fitness.eu\/es\/\",\"name\":\"Evolve\",\"description\":\"Your Evolved Gear Arrived\",\"publisher\":{\"@id\":\"https:\/\/evolve-fitness.eu\/es\/#organization\"},\"potentialAction\":[{\"@type\":\"SearchAction\",\"target\":{\"@type\":\"EntryPoint\",\"urlTemplate\":\"https:\/\/evolve-fitness.eu\/es\/?s={search_term_string}\"},\"query-input\":{\"@type\":\"PropertyValueSpecification\",\"valueRequired\":true,\"valueName\":\"search_term_string\"}}],\"inLanguage\":\"es\"},{\"@type\":\"Organization\",\"@id\":\"https:\/\/evolve-fitness.eu\/es\/#organization\",\"name\":\"Evolve\",\"url\":\"https:\/\/evolve-fitness.eu\/es\/\",\"logo\":{\"@type\":\"ImageObject\",\"inLanguage\":\"es\",\"@id\":\"https:\/\/evolve-fitness.eu\/es\/#\/schema\/logo\/image\/\",\"url\":\"https:\/\/evolve-fitness.eu\/wp-content\/uploads\/2023\/05\/Evolve-logo.svg\",\"contentUrl\":\"https:\/\/evolve-fitness.eu\/wp-content\/uploads\/2023\/05\/Evolve-logo.svg\",\"width\":176,\"height\":20,\"caption\":\"Evolve\"},\"image\":{\"@id\":\"https:\/\/evolve-fitness.eu\/es\/#\/schema\/logo\/image\/\"},\"sameAs\":[\"https:\/\/www.facebook.com\/EvolveFitnessEurope\"]}]}<\/script>\n<!-- \/ Yoast SEO plugin. -->","yoast_head_json":{"title":"M\u00e1quina selectorizada de flexiones y extensiones de brazos Evolve Serie Ultra (UL-440) - Evolve","description":"La m\u00e1quina selectorizada de flexiones y extensiones de brazos cargada con placas Evolve Serie Ultra (UL-440) combina dos ejercicios esenciales para los brazos","robots":{"index":"index","follow":"follow","max-snippet":"max-snippet:-1","max-image-preview":"max-image-preview:large","max-video-preview":"max-video-preview:-1"},"canonical":"https:\/\/evolve-fitness.eu\/es\/producto\/maquina-selectorizada-de-flexiones-y-extensiones-de-brazos-evolve-serie-ultra-ul-440\/","og_locale":"es_ES","og_type":"article","og_title":"M\u00e1quina selectorizada de flexiones y extensiones de brazos Evolve Serie Ultra (UL-440) - Evolve","og_description":"La m\u00e1quina selectorizada de flexiones y extensiones de brazos cargada con placas Evolve Serie Ultra (UL-440) combina dos ejercicios esenciales para los brazos","og_url":"https:\/\/evolve-fitness.eu\/es\/producto\/maquina-selectorizada-de-flexiones-y-extensiones-de-brazos-evolve-serie-ultra-ul-440\/","og_site_name":"Evolve","article_publisher":"https:\/\/www.facebook.com\/EvolveFitnessEurope","article_modified_time":"2026-03-26T09:51:23+00:00","og_image":[{"width":1000,"height":1000,"url":"https:\/\/evolve-fitness.eu\/wp-content\/uploads\/2025\/11\/EV-SC-UL-440-Evolve-Ultra-Series-Selectorized-Arm-Curl-and-Extension-Mac-3.png","type":"image\/png"}],"twitter_card":"summary_large_image","schema":{"@context":"https:\/\/schema.org","@graph":[{"@type":"WebPage","@id":"https:\/\/evolve-fitness.eu\/es\/producto\/maquina-selectorizada-de-flexiones-y-extensiones-de-brazos-evolve-serie-ultra-ul-440\/","url":"https:\/\/evolve-fitness.eu\/es\/producto\/maquina-selectorizada-de-flexiones-y-extensiones-de-brazos-evolve-serie-ultra-ul-440\/","name":"M\u00e1quina selectorizada de flexiones y extensiones de brazos Evolve Serie Ultra (UL-440) - Evolve","isPartOf":{"@id":"https:\/\/evolve-fitness.eu\/es\/#website"},"primaryImageOfPage":{"@id":"https:\/\/evolve-fitness.eu\/es\/producto\/maquina-selectorizada-de-flexiones-y-extensiones-de-brazos-evolve-serie-ultra-ul-440\/#primaryimage"},"image":{"@id":"https:\/\/evolve-fitness.eu\/es\/producto\/maquina-selectorizada-de-flexiones-y-extensiones-de-brazos-evolve-serie-ultra-ul-440\/#primaryimage"},"thumbnailUrl":"https:\/\/evolve-fitness.eu\/wp-content\/uploads\/2025\/11\/EV-SC-UL-440-Evolve-Ultra-Series-Selectorized-Arm-Curl-and-Extension-Mac-3.png","datePublished":"2025-11-17T11:28:50+00:00","dateModified":"2026-03-26T09:51:23+00:00","description":"La m\u00e1quina selectorizada de flexiones y extensiones de brazos cargada con placas Evolve Serie Ultra (UL-440) combina dos ejercicios esenciales para los brazos","breadcrumb":{"@id":"https:\/\/evolve-fitness.eu\/es\/producto\/maquina-selectorizada-de-flexiones-y-extensiones-de-brazos-evolve-serie-ultra-ul-440\/#breadcrumb"},"inLanguage":"es","potentialAction":[{"@type":"ReadAction","target":["https:\/\/evolve-fitness.eu\/es\/producto\/maquina-selectorizada-de-flexiones-y-extensiones-de-brazos-evolve-serie-ultra-ul-440\/"]}]},{"@type":"ImageObject","inLanguage":"es","@id":"https:\/\/evolve-fitness.eu\/es\/producto\/maquina-selectorizada-de-flexiones-y-extensiones-de-brazos-evolve-serie-ultra-ul-440\/#primaryimage","url":"https:\/\/evolve-fitness.eu\/wp-content\/uploads\/2025\/11\/EV-SC-UL-440-Evolve-Ultra-Series-Selectorized-Arm-Curl-and-Extension-Mac-3.png","contentUrl":"https:\/\/evolve-fitness.eu\/wp-content\/uploads\/2025\/11\/EV-SC-UL-440-Evolve-Ultra-Series-Selectorized-Arm-Curl-and-Extension-Mac-3.png","width":1000,"height":1000},{"@type":"BreadcrumbList","@id":"https:\/\/evolve-fitness.eu\/es\/producto\/maquina-selectorizada-de-flexiones-y-extensiones-de-brazos-evolve-serie-ultra-ul-440\/#breadcrumb","itemListElement":[{"@type":"ListItem","position":1,"name":"Home","item":"https:\/\/evolve-fitness.eu\/es\/"},{"@type":"ListItem","position":2,"name":"Productos","item":"https:\/\/evolve-fitness.eu\/es\/shop\/"},{"@type":"ListItem","position":3,"name":"M\u00e1quina selectorizada de flexiones y extensiones de brazos Evolve Serie Ultra (UL-440)"}]},{"@type":"WebSite","@id":"https:\/\/evolve-fitness.eu\/es\/#website","url":"https:\/\/evolve-fitness.eu\/es\/","name":"Evolve","description":"Your Evolved Gear Arrived","publisher":{"@id":"https:\/\/evolve-fitness.eu\/es\/#organization"},"potentialAction":[{"@type":"SearchAction","target":{"@type":"EntryPoint","urlTemplate":"https:\/\/evolve-fitness.eu\/es\/?s={search_term_string}"},"query-input":{"@type":"PropertyValueSpecification","valueRequired":true,"valueName":"search_term_string"}}],"inLanguage":"es"},{"@type":"Organization","@id":"https:\/\/evolve-fitness.eu\/es\/#organization","name":"Evolve","url":"https:\/\/evolve-fitness.eu\/es\/","logo":{"@type":"ImageObject","inLanguage":"es","@id":"https:\/\/evolve-fitness.eu\/es\/#\/schema\/logo\/image\/","url":"https:\/\/evolve-fitness.eu\/wp-content\/uploads\/2023\/05\/Evolve-logo.svg","contentUrl":"https:\/\/evolve-fitness.eu\/wp-content\/uploads\/2023\/05\/Evolve-logo.svg","width":176,"height":20,"caption":"Evolve"},"image":{"@id":"https:\/\/evolve-fitness.eu\/es\/#\/schema\/logo\/image\/"},"sameAs":["https:\/\/www.facebook.com\/EvolveFitnessEurope"]}]}},"_links":{"self":[{"href":"https:\/\/evolve-fitness.eu\/es\/wp-json\/wp\/v2\/product\/214441","targetHints":{"allow":["GET"]}}],"collection":[{"href":"https:\/\/evolve-fitness.eu\/es\/wp-json\/wp\/v2\/product"}],"about":[{"href":"https:\/\/evolve-fitness.eu\/es\/wp-json\/wp\/v2\/types\/product"}],"wp:featuredmedia":[{"embeddable":true,"href":"https:\/\/evolve-fitness.eu\/es\/wp-json\/wp\/v2\/media\/214442"}],"wp:attachment":[{"href":"https:\/\/evolve-fitness.eu\/es\/wp-json\/wp\/v2\/media?parent=214441"}],"wp:term":[{"taxonomy":"product_brand","embeddable":true,"href":"https:\/\/evolve-fitness.eu\/es\/wp-json\/wp\/v2\/product_brand?post=214441"},{"taxonomy":"product_cat","embeddable":true,"href":"https:\/\/evolve-fitness.eu\/es\/wp-json\/wp\/v2\/product_cat?post=214441"},{"taxonomy":"product_tag","embeddable":true,"href":"https:\/\/evolve-fitness.eu\/es\/wp-json\/wp\/v2\/product_tag?post=214441"}],"curies":[{"name":"wp","href":"https:\/\/api.w.org\/{rel}","templated":true}]}}