{"id":214546,"date":"2025-11-17T14:38:08","date_gmt":"2025-11-17T12:38:08","guid":{"rendered":"https:\/\/evolve-fitness.eu\/product\/extension-de-triceps-selectorizada-evolve-serie-ultra-ul-070\/"},"modified":"2026-03-27T09:11:47","modified_gmt":"2026-03-27T07:11:47","slug":"extension-de-triceps-selectorizada-evolve-serie-ultra-ul-070","status":"publish","type":"product","link":"https:\/\/evolve-fitness.eu\/es\/producto\/extension-de-triceps-selectorizada-evolve-serie-ultra-ul-070\/","title":{"rendered":"Extensi\u00f3n de tr\u00edceps selectorizada Evolve Serie Ultra (UL-070)"},"content":{"rendered":"\n<section class=\"wp-block-group alignfull black-content has-white-color has-darkgray-background-color has-text-color has-background is-layout-constrained wp-block-group-is-layout-constrained\" style=\"padding-top:var(--wp--preset--spacing--section-bottom);padding-bottom:var(--wp--preset--spacing--section-bottom)\">\n<div class=\"wp-block-columns alignwide mobile-reverse is-layout-flex wp-container-core-columns-is-layout-ca64bf2d wp-block-columns-is-layout-flex\" style=\"margin-bottom:var(--wp--preset--spacing--side-padding)\">\n<div class=\"wp-block-column is-vertically-aligned-center is-layout-flow wp-block-column-is-layout-flow\">\n<h3 class=\"wp-block-heading\" style=\"margin-bottom:var(--wp--preset--spacing--h-3-bottom)\">Extensi\u00f3n de tr\u00edceps selectorizada Evolve Serie Ultra (UL-070)<\/h3>\n\n\n\n<p style=\"margin-bottom:var(--wp--preset--spacing--tb-section-padding)\">La Extensi\u00f3n de Tr\u00edceps Selectorizada Evolve Serie Ultra (UL-070) est\u00e1 dise\u00f1ada para el entrenamiento preciso y aislado de los tr\u00edceps con una pila de pesas selectorizada, suave y ajustable. Sus apoyabrazos ergon\u00f3micos, la posici\u00f3n optimizada de las empu\u00f1aduras y la trayectoria de movimiento guiada favorecen una alineaci\u00f3n adecuada, una resistencia constante y una activaci\u00f3n muscular eficaz en toda la amplitud de movimiento. Construido con acero de calidad comercial y tapicer\u00eda de primera calidad, ofrece durabilidad, estabilidad y comodidad duraderas, tanto para gimnasios profesionales como para espacios de fitness dom\u00e9sticos de alta gama.  <\/p>\n<\/div>\n\n\n\n<div class=\"wp-block-column is-vertically-aligned-center is-layout-flow wp-block-column-is-layout-flow\">\n<figure class=\"wp-block-image size-full\"><img decoding=\"async\" src=\"https:\/\/store.evolve-fitness.eu\/wp-content\/uploads\/2025\/11\/EV-SC-UL-070-Evolve-Ultra-Series-Selectorized-Triceps-Extension-1.png\" alt=\"\" class=\"wp-image-147033\"\/><\/figure>\n<\/div>\n<\/div>\n\n\n\n<div class=\"wp-block-columns alignwide mobile-reverse is-layout-flex wp-container-core-columns-is-layout-ca64bf2d wp-block-columns-is-layout-flex\" style=\"margin-bottom:var(--wp--preset--spacing--side-padding)\">\n<div class=\"wp-block-column is-vertically-aligned-center is-layout-flow wp-block-column-is-layout-flow\">\n<figure class=\"wp-block-image size-large is-style-rounded\"><img loading=\"lazy\" decoding=\"async\" width=\"1024\" height=\"576\" src=\"https:\/\/evolve-fitness.eu\/wp-content\/uploads\/2023\/08\/Moulded-Seats-Precise-Seat-Adjustments-UL-010-1024x576.jpg\" alt=\"UL-010\" class=\"wp-image-9934\" srcset=\"https:\/\/evolve-fitness.eu\/wp-content\/uploads\/2023\/08\/Moulded-Seats-Precise-Seat-Adjustments-UL-010-1024x576.jpg 1024w, https:\/\/evolve-fitness.eu\/wp-content\/uploads\/2023\/08\/Moulded-Seats-Precise-Seat-Adjustments-UL-010-300x169.jpg 300w, https:\/\/evolve-fitness.eu\/wp-content\/uploads\/2023\/08\/Moulded-Seats-Precise-Seat-Adjustments-UL-010-267x150.jpg 267w, https:\/\/evolve-fitness.eu\/wp-content\/uploads\/2023\/08\/Moulded-Seats-Precise-Seat-Adjustments-UL-010-600x338.jpg 600w, https:\/\/evolve-fitness.eu\/wp-content\/uploads\/2023\/08\/Moulded-Seats-Precise-Seat-Adjustments-UL-010-150x84.jpg 150w, https:\/\/evolve-fitness.eu\/wp-content\/uploads\/2023\/08\/Moulded-Seats-Precise-Seat-Adjustments-UL-010-768x432.jpg 768w, https:\/\/evolve-fitness.eu\/wp-content\/uploads\/2023\/08\/Moulded-Seats-Precise-Seat-Adjustments-UL-010-1536x864.jpg 1536w, https:\/\/evolve-fitness.eu\/wp-content\/uploads\/2023\/08\/Moulded-Seats-Precise-Seat-Adjustments-UL-010.jpg 1920w\" sizes=\"auto, (max-width: 1024px) 100vw, 1024px\" \/><\/figure>\n<\/div>\n\n\n\n<div class=\"wp-block-column is-vertically-aligned-center is-layout-flow wp-block-column-is-layout-flow\">\n<h3 class=\"wp-block-heading\" style=\"margin-bottom:var(--wp--preset--spacing--h-3-bottom)\">Asientos moldeados y ajustes precisos del asiento<\/h3>\n\n\n\n<p><strong><em>Durabilidad y comodidad excepcionales<\/em><\/strong><\/p>\n\n\n\n<p style=\"margin-bottom:var(--wp--preset--spacing--tb-section-padding)\">Los asientos de poliuretano de la serie Evolve Ultra est\u00e1n dise\u00f1ados con una estructura moldeada y un tapizado de doble costura para ofrecer una durabilidad y comodidad extraordinarias. Ofrecen soporte ergon\u00f3mico para la columna vertebral, f\u00e1cil mantenimiento y una superficie de entrenamiento higi\u00e9nica, y est\u00e1n fabricados para soportar entrenamientos intensivos de fuerza. El asiento asistido hidr\u00e1ulicamente puede ajustarse con una sola mano y dispone de 18 posiciones para optimizar la comodidad del usuario y la eficacia del entrenamiento.  <br\/><\/p>\n<\/div>\n<\/div>\n\n\n\n<div class=\"wp-block-columns alignwide mobile-reverse is-layout-flex wp-container-core-columns-is-layout-ca64bf2d wp-block-columns-is-layout-flex\" style=\"margin-bottom:var(--wp--preset--spacing--side-padding)\">\n<div class=\"wp-block-column is-vertically-aligned-center is-layout-flow wp-block-column-is-layout-flow\">\n<h3 class=\"wp-block-heading\" style=\"margin-bottom:var(--wp--preset--spacing--h-3-bottom)\">Pesa totalmente cubierta de 122,5 kg<\/h3>\n\n\n\n<p style=\"margin-bottom:var(--wp--preset--spacing--tb-section-padding)\">La m\u00e1quina de extensi\u00f3n de tr\u00edceps selectorizada Evolve Serie Ultra tiene un peso total de 148 kg y est\u00e1 equipada con una pila de pesas de 122,5 kg. Su pila de pesas totalmente cerrada mejora la seguridad del usuario durante los entrenamientos, al tiempo que contribuye al dise\u00f1o limpio, duradero y profesional de la m\u00e1quina. <br\/><\/p>\n<\/div>\n\n\n\n<div class=\"wp-block-column is-vertically-aligned-center is-layout-flow wp-block-column-is-layout-flow\">\n<figure class=\"wp-block-image size-full is-style-rounded\"><img loading=\"lazy\" decoding=\"async\" width=\"768\" height=\"779\" src=\"https:\/\/evolve-fitness.eu\/wp-content\/uploads\/2024\/01\/stack.webp\" alt=\"\" class=\"wp-image-9940\" srcset=\"https:\/\/evolve-fitness.eu\/wp-content\/uploads\/2024\/01\/stack.webp 768w, https:\/\/evolve-fitness.eu\/wp-content\/uploads\/2024\/01\/stack-300x304.webp 300w, https:\/\/evolve-fitness.eu\/wp-content\/uploads\/2024\/01\/stack-148x150.webp 148w, https:\/\/evolve-fitness.eu\/wp-content\/uploads\/2024\/01\/stack-600x609.webp 600w, https:\/\/evolve-fitness.eu\/wp-content\/uploads\/2024\/01\/stack-296x300.webp 296w\" sizes=\"auto, (max-width: 768px) 100vw, 768px\" \/><\/figure>\n<\/div>\n<\/div>\n\n\n\n<div class=\"wp-block-columns alignwide mobile-reverse is-layout-flex wp-container-core-columns-is-layout-ca64bf2d wp-block-columns-is-layout-flex\" style=\"margin-bottom:var(--wp--preset--spacing--side-padding)\">\n<div class=\"wp-block-column is-vertically-aligned-center is-layout-flow wp-block-column-is-layout-flow\">\n<figure class=\"wp-block-video\"><video height=\"720\" style=\"aspect-ratio: 1280 \/ 720;\" width=\"1280\" autoplay=\"\" controls=\"\" loop=\"\" muted=\"\" src=\"https:\/\/evolve-fitness.eu\/wp-content\/uploads\/2023\/10\/Evolve-cable.mp4\"><\/video><\/figure>\n<\/div>\n\n\n\n<div class=\"wp-block-column is-vertically-aligned-center is-layout-flow wp-block-column-is-layout-flow\">\n<h3 class=\"wp-block-heading\" style=\"margin-bottom:var(--wp--preset--spacing--h-3-bottom)\">Cable<\/h3>\n\n\n\n<p>Calidad superior<\/p>\n\n\n\n<p style=\"margin-bottom:var(--wp--preset--spacing--tb-section-padding)\">Las m\u00e1quinas de la serie Evolve Ultra utilizan cables de calidad superior, hay seis filamentos principales, y cada filamento consta de 19 hilos trenzados entre s\u00ed, material de Poliamida 12 (PA12) y un di\u00e1metro de 5 mm. Estos cables est\u00e1n dise\u00f1ados para ofrecer resistencia y durabilidad, con una fuerza de rotura de 9000 kN, lo que los convierte en la opci\u00f3n preferida para aplicaciones en las que se necesita una fiabilidad, durabilidad y rendimiento excepcionales.Al pasar de un ejercicio a otro, ya sean flexiones de b\u00edceps, press de pecho, dominadas o cualquier otra actividad de fortalecimiento, el rendimiento excepcional de los cables de la serie Evolve Ultra garantiza que sus movimientos sean suaves y la resistencia sea constante, lo que promueve una experiencia de entrenamiento que es a la vez eficaz y agradable.<\/p>\n<\/div>\n<\/div>\n\n\n\n<div class=\"wp-block-columns alignwide mobile-reverse is-layout-flex wp-container-core-columns-is-layout-ca64bf2d wp-block-columns-is-layout-flex\" style=\"margin-bottom:var(--wp--preset--spacing--side-padding)\">\n<div class=\"wp-block-column is-vertically-aligned-center is-layout-flow wp-block-column-is-layout-flow\">\n<h3 class=\"wp-block-heading\" style=\"margin-bottom:var(--wp--preset--spacing--h-3-bottom)\">Doble recubrimiento en polvo<\/h3>\n\n\n\n<p><strong><em>Perla con recubrimiento electrost\u00e1tico en polvo<\/em><\/strong><\/p>\n\n\n\n<p style=\"margin-bottom:var(--wp--preset--spacing--tb-section-padding)\">Las m\u00e1quinas de fuerza de la serie Evolve Ultra, con armaz\u00f3n recubierto de polvo electrost\u00e1tico negro perla mate, ejemplifican tanto la forma como la funci\u00f3n. Su atractivo est\u00e9tico se ve realzado por el acabado negro mate, mientras que sus caracter\u00edsticas pr\u00e1cticas, como la resistencia a la fricci\u00f3n, las propiedades anticorrosi\u00f3n y la resistencia a los ara\u00f1azos, garantizan que sea un compa\u00f1ero de fitness fiable y duradero.<\/p>\n<\/div>\n\n\n\n<div class=\"wp-block-column is-vertically-aligned-center is-layout-flow wp-block-column-is-layout-flow\">\n<figure class=\"wp-block-video\"><video height=\"720\" style=\"aspect-ratio: 1280 \/ 720;\" width=\"1280\" autoplay=\"\" controls=\"\" loop=\"\" muted=\"\" src=\"https:\/\/evolve-fitness.eu\/wp-content\/uploads\/2023\/10\/Evolve-Double-powder-coated-Frame.mp4\"><\/video><\/figure>\n<\/div>\n<\/div>\n<\/section>\n","protected":false},"excerpt":{"rendered":"<p>  La Extensi\u00f3n de Tr\u00edceps Selectorizada Evolve Ultra Series (UL-070) est\u00e1 dise\u00f1ada para proporcionar una activaci\u00f3n precisa y aislada de los tr\u00edceps mediante un suave sistema de pesas selectorizadas. Sus soportes ergon\u00f3micos para los brazos y la posici\u00f3n optimizada de las empu\u00f1aduras garantizan una alineaci\u00f3n correcta, reduciendo la tensi\u00f3n y maximizando el compromiso muscular en todo el rango de extensi\u00f3n. Construida con acero de calidad comercial y acabados de primera, esta m\u00e1quina ofrece un rendimiento fiable y durabilidad en entornos de entrenamiento de uso intensivo. Su dise\u00f1o compacto y compacto la convierte en un complemento ideal para gimnasios dom\u00e9sticos comerciales y profesionales.  <\/p>\n","protected":false},"featured_media":214548,"template":"","meta":{"_acf_changed":false,"inline_featured_image":false},"product_brand":[],"product_cat":[2598,3857],"product_tag":[],"class_list":{"0":"post-214546","1":"product","2":"type-product","3":"status-publish","4":"has-post-thumbnail","6":"product_cat-maquinas-selectorizadas","7":"product_cat-maquinas-selectorizadas-ultra-series-es","9":"first","10":"instock","11":"shipping-taxable","12":"purchasable","13":"product-type-simple"},"acf":{"long_title":"Extensi\u00f3n de tr\u00edceps selectorizada Evolve Serie Ultra (UL-070)","subtitle":"","specifications":[{"label":"SKU","text_value":"EV-SC-UL-070","icon":"x"},{"label":"Dimensiones","text_value":"1737 x 1270 x 1603 mm","icon":"x"},{"label":"Peso","text_value":"148 kg","icon":"x"},{"label":"Pila de pesas","text_value":"122,5 kg","icon":"x"},{"label":"Max. Pila de pesas","text_value":"117,5 kg","icon":"x"},{"label":"Plato de lastre superior","text_value":"2 x 2,5 kg","icon":"x"},{"label":"Grosor del marco","text_value":"3 mm","icon":"x"},{"label":"Plato de lastre superior","text_value":"","icon":"v"},{"label":"Posici\u00f3n de entrenamiento ajustable","text_value":"","icon":"v"},{"label":"Pasador magn\u00e9tico de la pila de pesas  ","text_value":"","icon":"v"},{"label":"Placa con instrucciones de formaci\u00f3n  ","text_value":"","icon":"v"},{"label":"Pila de pesas cubierta","text_value":"","icon":"v"},{"label":"Protectores de suelo duraderos","text_value":"","icon":"v"},{"label":"Pintura anticorrosiva","text_value":"2 a\u00f1os","icon":"v"},{"label":"Tapicer\u00eda gruesa revestida de cuero PU","text_value":"","icon":"v"},{"label":"Cable de nylon  ","text_value":"","icon":"v"},{"label":"Asas antideslizantes","text_value":"","icon":"v"},{"label":"Botella de agua y estuche para accesorios","text_value":"2 a\u00f1os","icon":"v"},{"label":"Garant\u00eda","text_value":"2 a\u00f1os","icon":"x"}]},"yoast_head":"<!-- This site is optimized with the Yoast SEO plugin v26.6 - https:\/\/yoast.com\/wordpress\/plugins\/seo\/ -->\n<title>Extensi\u00f3n de tr\u00edceps selectorizada Evolve Serie Ultra (UL-070) - Evolve<\/title>\n<meta name=\"description\" content=\"La extensi\u00f3n de tr\u00edceps selectorizada Evolve Ultra Series (UL-070) est\u00e1 dise\u00f1ada para proporcionar una activaci\u00f3n precisa y aislada del tr\u00edceps mediante\" \/>\n<meta name=\"robots\" content=\"index, follow, max-snippet:-1, max-image-preview:large, max-video-preview:-1\" \/>\n<link rel=\"canonical\" href=\"https:\/\/evolve-fitness.eu\/es\/producto\/extension-de-triceps-selectorizada-evolve-serie-ultra-ul-070\/\" \/>\n<meta property=\"og:locale\" content=\"es_ES\" \/>\n<meta property=\"og:type\" content=\"article\" \/>\n<meta property=\"og:title\" content=\"Extensi\u00f3n de tr\u00edceps selectorizada Evolve Serie Ultra (UL-070) - Evolve\" \/>\n<meta property=\"og:description\" content=\"La extensi\u00f3n de tr\u00edceps selectorizada Evolve Ultra Series (UL-070) est\u00e1 dise\u00f1ada para proporcionar una activaci\u00f3n precisa y aislada del tr\u00edceps mediante\" \/>\n<meta property=\"og:url\" content=\"https:\/\/evolve-fitness.eu\/es\/producto\/extension-de-triceps-selectorizada-evolve-serie-ultra-ul-070\/\" \/>\n<meta property=\"og:site_name\" content=\"Evolve\" \/>\n<meta property=\"article:publisher\" content=\"https:\/\/www.facebook.com\/EvolveFitnessEurope\" \/>\n<meta property=\"article:modified_time\" content=\"2026-03-27T07:11:47+00:00\" \/>\n<meta property=\"og:image\" content=\"https:\/\/evolve-fitness.eu\/wp-content\/uploads\/2025\/11\/EV-SC-UL-070-Evolve-Ultra-Series-Selectorized-Triceps-Extension-1.png\" \/>\n\t<meta property=\"og:image:width\" content=\"1000\" \/>\n\t<meta property=\"og:image:height\" content=\"1000\" \/>\n\t<meta property=\"og:image:type\" content=\"image\/png\" \/>\n<meta name=\"twitter:card\" content=\"summary_large_image\" \/>\n<script type=\"application\/ld+json\" class=\"yoast-schema-graph\">{\"@context\":\"https:\/\/schema.org\",\"@graph\":[{\"@type\":\"WebPage\",\"@id\":\"https:\/\/evolve-fitness.eu\/es\/producto\/extension-de-triceps-selectorizada-evolve-serie-ultra-ul-070\/\",\"url\":\"https:\/\/evolve-fitness.eu\/es\/producto\/extension-de-triceps-selectorizada-evolve-serie-ultra-ul-070\/\",\"name\":\"Extensi\u00f3n de tr\u00edceps selectorizada Evolve Serie Ultra (UL-070) - Evolve\",\"isPartOf\":{\"@id\":\"https:\/\/evolve-fitness.eu\/es\/#website\"},\"primaryImageOfPage\":{\"@id\":\"https:\/\/evolve-fitness.eu\/es\/producto\/extension-de-triceps-selectorizada-evolve-serie-ultra-ul-070\/#primaryimage\"},\"image\":{\"@id\":\"https:\/\/evolve-fitness.eu\/es\/producto\/extension-de-triceps-selectorizada-evolve-serie-ultra-ul-070\/#primaryimage\"},\"thumbnailUrl\":\"https:\/\/evolve-fitness.eu\/wp-content\/uploads\/2025\/11\/EV-SC-UL-070-Evolve-Ultra-Series-Selectorized-Triceps-Extension-1.png\",\"datePublished\":\"2025-11-17T12:38:08+00:00\",\"dateModified\":\"2026-03-27T07:11:47+00:00\",\"description\":\"La extensi\u00f3n de tr\u00edceps selectorizada Evolve Ultra Series (UL-070) est\u00e1 dise\u00f1ada para proporcionar una activaci\u00f3n precisa y aislada del tr\u00edceps mediante\",\"breadcrumb\":{\"@id\":\"https:\/\/evolve-fitness.eu\/es\/producto\/extension-de-triceps-selectorizada-evolve-serie-ultra-ul-070\/#breadcrumb\"},\"inLanguage\":\"es\",\"potentialAction\":[{\"@type\":\"ReadAction\",\"target\":[\"https:\/\/evolve-fitness.eu\/es\/producto\/extension-de-triceps-selectorizada-evolve-serie-ultra-ul-070\/\"]}]},{\"@type\":\"ImageObject\",\"inLanguage\":\"es\",\"@id\":\"https:\/\/evolve-fitness.eu\/es\/producto\/extension-de-triceps-selectorizada-evolve-serie-ultra-ul-070\/#primaryimage\",\"url\":\"https:\/\/evolve-fitness.eu\/wp-content\/uploads\/2025\/11\/EV-SC-UL-070-Evolve-Ultra-Series-Selectorized-Triceps-Extension-1.png\",\"contentUrl\":\"https:\/\/evolve-fitness.eu\/wp-content\/uploads\/2025\/11\/EV-SC-UL-070-Evolve-Ultra-Series-Selectorized-Triceps-Extension-1.png\",\"width\":1000,\"height\":1000},{\"@type\":\"BreadcrumbList\",\"@id\":\"https:\/\/evolve-fitness.eu\/es\/producto\/extension-de-triceps-selectorizada-evolve-serie-ultra-ul-070\/#breadcrumb\",\"itemListElement\":[{\"@type\":\"ListItem\",\"position\":1,\"name\":\"Home\",\"item\":\"https:\/\/evolve-fitness.eu\/es\/\"},{\"@type\":\"ListItem\",\"position\":2,\"name\":\"Productos\",\"item\":\"https:\/\/evolve-fitness.eu\/es\/shop\/\"},{\"@type\":\"ListItem\",\"position\":3,\"name\":\"Extensi\u00f3n de tr\u00edceps selectorizada Evolve Serie Ultra (UL-070)\"}]},{\"@type\":\"WebSite\",\"@id\":\"https:\/\/evolve-fitness.eu\/es\/#website\",\"url\":\"https:\/\/evolve-fitness.eu\/es\/\",\"name\":\"Evolve\",\"description\":\"Your Evolved Gear Arrived\",\"publisher\":{\"@id\":\"https:\/\/evolve-fitness.eu\/es\/#organization\"},\"potentialAction\":[{\"@type\":\"SearchAction\",\"target\":{\"@type\":\"EntryPoint\",\"urlTemplate\":\"https:\/\/evolve-fitness.eu\/es\/?s={search_term_string}\"},\"query-input\":{\"@type\":\"PropertyValueSpecification\",\"valueRequired\":true,\"valueName\":\"search_term_string\"}}],\"inLanguage\":\"es\"},{\"@type\":\"Organization\",\"@id\":\"https:\/\/evolve-fitness.eu\/es\/#organization\",\"name\":\"Evolve\",\"url\":\"https:\/\/evolve-fitness.eu\/es\/\",\"logo\":{\"@type\":\"ImageObject\",\"inLanguage\":\"es\",\"@id\":\"https:\/\/evolve-fitness.eu\/es\/#\/schema\/logo\/image\/\",\"url\":\"https:\/\/evolve-fitness.eu\/wp-content\/uploads\/2023\/05\/Evolve-logo.svg\",\"contentUrl\":\"https:\/\/evolve-fitness.eu\/wp-content\/uploads\/2023\/05\/Evolve-logo.svg\",\"width\":176,\"height\":20,\"caption\":\"Evolve\"},\"image\":{\"@id\":\"https:\/\/evolve-fitness.eu\/es\/#\/schema\/logo\/image\/\"},\"sameAs\":[\"https:\/\/www.facebook.com\/EvolveFitnessEurope\"]}]}<\/script>\n<!-- \/ Yoast SEO plugin. -->","yoast_head_json":{"title":"Extensi\u00f3n de tr\u00edceps selectorizada Evolve Serie Ultra (UL-070) - Evolve","description":"La extensi\u00f3n de tr\u00edceps selectorizada Evolve Ultra Series (UL-070) est\u00e1 dise\u00f1ada para proporcionar una activaci\u00f3n precisa y aislada del tr\u00edceps mediante","robots":{"index":"index","follow":"follow","max-snippet":"max-snippet:-1","max-image-preview":"max-image-preview:large","max-video-preview":"max-video-preview:-1"},"canonical":"https:\/\/evolve-fitness.eu\/es\/producto\/extension-de-triceps-selectorizada-evolve-serie-ultra-ul-070\/","og_locale":"es_ES","og_type":"article","og_title":"Extensi\u00f3n de tr\u00edceps selectorizada Evolve Serie Ultra (UL-070) - Evolve","og_description":"La extensi\u00f3n de tr\u00edceps selectorizada Evolve Ultra Series (UL-070) est\u00e1 dise\u00f1ada para proporcionar una activaci\u00f3n precisa y aislada del tr\u00edceps mediante","og_url":"https:\/\/evolve-fitness.eu\/es\/producto\/extension-de-triceps-selectorizada-evolve-serie-ultra-ul-070\/","og_site_name":"Evolve","article_publisher":"https:\/\/www.facebook.com\/EvolveFitnessEurope","article_modified_time":"2026-03-27T07:11:47+00:00","og_image":[{"width":1000,"height":1000,"url":"https:\/\/evolve-fitness.eu\/wp-content\/uploads\/2025\/11\/EV-SC-UL-070-Evolve-Ultra-Series-Selectorized-Triceps-Extension-1.png","type":"image\/png"}],"twitter_card":"summary_large_image","schema":{"@context":"https:\/\/schema.org","@graph":[{"@type":"WebPage","@id":"https:\/\/evolve-fitness.eu\/es\/producto\/extension-de-triceps-selectorizada-evolve-serie-ultra-ul-070\/","url":"https:\/\/evolve-fitness.eu\/es\/producto\/extension-de-triceps-selectorizada-evolve-serie-ultra-ul-070\/","name":"Extensi\u00f3n de tr\u00edceps selectorizada Evolve Serie Ultra (UL-070) - Evolve","isPartOf":{"@id":"https:\/\/evolve-fitness.eu\/es\/#website"},"primaryImageOfPage":{"@id":"https:\/\/evolve-fitness.eu\/es\/producto\/extension-de-triceps-selectorizada-evolve-serie-ultra-ul-070\/#primaryimage"},"image":{"@id":"https:\/\/evolve-fitness.eu\/es\/producto\/extension-de-triceps-selectorizada-evolve-serie-ultra-ul-070\/#primaryimage"},"thumbnailUrl":"https:\/\/evolve-fitness.eu\/wp-content\/uploads\/2025\/11\/EV-SC-UL-070-Evolve-Ultra-Series-Selectorized-Triceps-Extension-1.png","datePublished":"2025-11-17T12:38:08+00:00","dateModified":"2026-03-27T07:11:47+00:00","description":"La extensi\u00f3n de tr\u00edceps selectorizada Evolve Ultra Series (UL-070) est\u00e1 dise\u00f1ada para proporcionar una activaci\u00f3n precisa y aislada del tr\u00edceps mediante","breadcrumb":{"@id":"https:\/\/evolve-fitness.eu\/es\/producto\/extension-de-triceps-selectorizada-evolve-serie-ultra-ul-070\/#breadcrumb"},"inLanguage":"es","potentialAction":[{"@type":"ReadAction","target":["https:\/\/evolve-fitness.eu\/es\/producto\/extension-de-triceps-selectorizada-evolve-serie-ultra-ul-070\/"]}]},{"@type":"ImageObject","inLanguage":"es","@id":"https:\/\/evolve-fitness.eu\/es\/producto\/extension-de-triceps-selectorizada-evolve-serie-ultra-ul-070\/#primaryimage","url":"https:\/\/evolve-fitness.eu\/wp-content\/uploads\/2025\/11\/EV-SC-UL-070-Evolve-Ultra-Series-Selectorized-Triceps-Extension-1.png","contentUrl":"https:\/\/evolve-fitness.eu\/wp-content\/uploads\/2025\/11\/EV-SC-UL-070-Evolve-Ultra-Series-Selectorized-Triceps-Extension-1.png","width":1000,"height":1000},{"@type":"BreadcrumbList","@id":"https:\/\/evolve-fitness.eu\/es\/producto\/extension-de-triceps-selectorizada-evolve-serie-ultra-ul-070\/#breadcrumb","itemListElement":[{"@type":"ListItem","position":1,"name":"Home","item":"https:\/\/evolve-fitness.eu\/es\/"},{"@type":"ListItem","position":2,"name":"Productos","item":"https:\/\/evolve-fitness.eu\/es\/shop\/"},{"@type":"ListItem","position":3,"name":"Extensi\u00f3n de tr\u00edceps selectorizada Evolve Serie Ultra (UL-070)"}]},{"@type":"WebSite","@id":"https:\/\/evolve-fitness.eu\/es\/#website","url":"https:\/\/evolve-fitness.eu\/es\/","name":"Evolve","description":"Your Evolved Gear Arrived","publisher":{"@id":"https:\/\/evolve-fitness.eu\/es\/#organization"},"potentialAction":[{"@type":"SearchAction","target":{"@type":"EntryPoint","urlTemplate":"https:\/\/evolve-fitness.eu\/es\/?s={search_term_string}"},"query-input":{"@type":"PropertyValueSpecification","valueRequired":true,"valueName":"search_term_string"}}],"inLanguage":"es"},{"@type":"Organization","@id":"https:\/\/evolve-fitness.eu\/es\/#organization","name":"Evolve","url":"https:\/\/evolve-fitness.eu\/es\/","logo":{"@type":"ImageObject","inLanguage":"es","@id":"https:\/\/evolve-fitness.eu\/es\/#\/schema\/logo\/image\/","url":"https:\/\/evolve-fitness.eu\/wp-content\/uploads\/2023\/05\/Evolve-logo.svg","contentUrl":"https:\/\/evolve-fitness.eu\/wp-content\/uploads\/2023\/05\/Evolve-logo.svg","width":176,"height":20,"caption":"Evolve"},"image":{"@id":"https:\/\/evolve-fitness.eu\/es\/#\/schema\/logo\/image\/"},"sameAs":["https:\/\/www.facebook.com\/EvolveFitnessEurope"]}]}},"_links":{"self":[{"href":"https:\/\/evolve-fitness.eu\/es\/wp-json\/wp\/v2\/product\/214546","targetHints":{"allow":["GET"]}}],"collection":[{"href":"https:\/\/evolve-fitness.eu\/es\/wp-json\/wp\/v2\/product"}],"about":[{"href":"https:\/\/evolve-fitness.eu\/es\/wp-json\/wp\/v2\/types\/product"}],"wp:featuredmedia":[{"embeddable":true,"href":"https:\/\/evolve-fitness.eu\/es\/wp-json\/wp\/v2\/media\/214548"}],"wp:attachment":[{"href":"https:\/\/evolve-fitness.eu\/es\/wp-json\/wp\/v2\/media?parent=214546"}],"wp:term":[{"taxonomy":"product_brand","embeddable":true,"href":"https:\/\/evolve-fitness.eu\/es\/wp-json\/wp\/v2\/product_brand?post=214546"},{"taxonomy":"product_cat","embeddable":true,"href":"https:\/\/evolve-fitness.eu\/es\/wp-json\/wp\/v2\/product_cat?post=214546"},{"taxonomy":"product_tag","embeddable":true,"href":"https:\/\/evolve-fitness.eu\/es\/wp-json\/wp\/v2\/product_tag?post=214546"}],"curies":[{"name":"wp","href":"https:\/\/api.w.org\/{rel}","templated":true}]}}