{"id":225030,"date":"2026-03-13T14:40:53","date_gmt":"2026-03-13T12:40:53","guid":{"rendered":"https:\/\/evolve-fitness.eu\/?post_type=product&#038;p=225030"},"modified":"2026-03-13T15:09:47","modified_gmt":"2026-03-13T13:09:47","slug":"maquina-de-gluteos-con-placas-evolve-serie-ultra-ul-625-copy","status":"publish","type":"product","link":"https:\/\/evolve-fitness.eu\/es\/producto\/maquina-de-gluteos-con-placas-evolve-serie-ultra-ul-625-copy\/","title":{"rendered":"Evolve Ultra Series Placa cargada Multi &#8211; Deadlift (UL-585)"},"content":{"rendered":"\n<section class=\"wp-block-group alignfull black-content has-white-color has-darkgray-background-color has-text-color has-background is-layout-constrained wp-block-group-is-layout-constrained\" style=\"padding-top:var(--wp--preset--spacing--section-bottom);padding-bottom:var(--wp--preset--spacing--section-bottom)\">\n<div class=\"wp-block-columns alignwide mobile-reverse is-layout-flex wp-container-core-columns-is-layout-ca64bf2d wp-block-columns-is-layout-flex\" style=\"margin-bottom:var(--wp--preset--spacing--side-padding)\">\n<div class=\"wp-block-column is-vertically-aligned-center is-layout-flow wp-block-column-is-layout-flow\">\n<h3 class=\"wp-block-heading\" style=\"margin-bottom:var(--wp--preset--spacing--h-3-bottom)\"><strong><strong><strong><strong><strong><strong><strong><strong><strong><strong><strong>Evolve Ultra Series Placa Cargada Multi &#8211; Peso Muerto  <\/strong><\/strong><\/strong><\/strong><\/strong><\/strong><\/strong><\/strong><\/strong><\/strong><\/strong><\/h3>\n\n\n\n<p style=\"margin-bottom:var(--wp--preset--spacing--tb-section-padding)\">El <strong>Multi-Deadlift cargado con placas de la serie Ultra de Evolve (UL-585<\/strong> ) es una soluci\u00f3n de entrenamiento de fuerza de primera calidad desarrollada para entrenamientos eficaces centrados en el deadlift en gimnasios comerciales. Dise\u00f1ado para mejorar el desarrollo de la parte inferior del cuerpo y la cadena posterior, permite a los usuarios realizar potentes movimientos de levantamiento en una posici\u00f3n de entrenamiento controlada y segura. Esto lo convierte en una opci\u00f3n excelente para atletas, entusiastas de la fuerza y usuarios de gimnasios en general que deseen desarrollar la fuerza funcional.  <\/p>\n\n\n\n<p>Construida con un armaz\u00f3n de alta resistencia, la UL-585 est\u00e1 hecha para soportar un uso diario intensivo en entornos de gimnasio con mucho tr\u00e1fico. El dise\u00f1o \u00abPlate Loaded\u00bb proporciona una forma sencilla y fiable de ajustar la resistencia, lo que permite a los usuarios adaptar los entrenamientos a su nivel de fuerza individual y a sus objetivos de entrenamiento. Su s\u00f3lida construcci\u00f3n garantiza rendimiento, estabilidad y seguridad a largo plazo en cada sesi\u00f3n.  <\/p>\n\n\n\n<p>La disposici\u00f3n ergon\u00f3mica est\u00e1 dise\u00f1ada para promover una posici\u00f3n corporal adecuada y una mec\u00e1nica de elevaci\u00f3n eficiente. Esto ayuda a los usuarios a mantener la comodidad y el control durante el ejercicio, al tiempo que maximiza el compromiso muscular. Adecuada para diversas rutinas de entrenamiento de fuerza, la m\u00e1quina favorece el desarrollo eficaz de los gl\u00fateos, los isquiotibiales y otros grupos musculares clave de la parte inferior del cuerpo.  <\/p>\n\n\n\n<p style=\"margin-bottom:var(--wp--preset--spacing--tb-section-padding)\">Con su aspecto moderno, construcci\u00f3n duradera y funcionalidad profesional, el <strong>elevador de cargas m\u00faltiples con placas de la serie Ultra de Evolve (UL-585)<\/strong> es un valioso complemento para cualquier gimnasio, estudio de entrenamiento o centro de rendimiento que desee ampliar su gama de equipos de fuerza de primera calidad para la parte inferior del cuerpo.<\/p>\n\n\n\n<p style=\"margin-bottom:var(--wp--preset--spacing--tb-section-padding)\"><\/p>\n<\/div>\n\n\n\n<div class=\"wp-block-column is-vertically-aligned-center is-layout-flow wp-block-column-is-layout-flow\">\n<figure class=\"wp-block-image size-large\"><img loading=\"lazy\" decoding=\"async\" width=\"1024\" height=\"1024\" src=\"https:\/\/evolve-fitness.eu\/wp-content\/uploads\/2026\/03\/EV-PL-UL-585-Evolve-Ultra-Series-Plate-Loaded-Multi-Deadlift-2-1-1024x1024.png\" alt=\"\" class=\"wp-image-225038\" srcset=\"https:\/\/evolve-fitness.eu\/wp-content\/uploads\/2026\/03\/EV-PL-UL-585-Evolve-Ultra-Series-Plate-Loaded-Multi-Deadlift-2-1-1024x1024.png 1024w, https:\/\/evolve-fitness.eu\/wp-content\/uploads\/2026\/03\/EV-PL-UL-585-Evolve-Ultra-Series-Plate-Loaded-Multi-Deadlift-2-1-300x300.png 300w, https:\/\/evolve-fitness.eu\/wp-content\/uploads\/2026\/03\/EV-PL-UL-585-Evolve-Ultra-Series-Plate-Loaded-Multi-Deadlift-2-1-150x150.png 150w, https:\/\/evolve-fitness.eu\/wp-content\/uploads\/2026\/03\/EV-PL-UL-585-Evolve-Ultra-Series-Plate-Loaded-Multi-Deadlift-2-1-768x768.png 768w, https:\/\/evolve-fitness.eu\/wp-content\/uploads\/2026\/03\/EV-PL-UL-585-Evolve-Ultra-Series-Plate-Loaded-Multi-Deadlift-2-1-1536x1536.png 1536w, https:\/\/evolve-fitness.eu\/wp-content\/uploads\/2026\/03\/EV-PL-UL-585-Evolve-Ultra-Series-Plate-Loaded-Multi-Deadlift-2-1-2048x2048.png 2048w, https:\/\/evolve-fitness.eu\/wp-content\/uploads\/2026\/03\/EV-PL-UL-585-Evolve-Ultra-Series-Plate-Loaded-Multi-Deadlift-2-1-600x600.png 600w\" sizes=\"auto, (max-width: 1024px) 100vw, 1024px\" \/><\/figure>\n<\/div>\n<\/div>\n<\/section>\n","protected":false},"excerpt":{"rendered":"<p>El elevador m\u00faltiple cargado con placas de la serie Evolve Ultra (UL-585) est\u00e1 dise\u00f1ado para soportar un potente entrenamiento de la parte inferior del cuerpo y de la cadena posterior con una plataforma de elevaci\u00f3n estable y controlada. Construido para entornos de fitness profesionales, ofrece durabilidad, comodidad y versatilidad a los usuarios que buscan mejorar la fuerza, la potencia y el rendimiento funcional. <\/p>\n","protected":false},"featured_media":225043,"template":"","meta":{"_acf_changed":false,"inline_featured_image":false},"product_brand":[],"product_cat":[2949,2950],"product_tag":[],"class_list":{"0":"post-225030","1":"product","2":"type-product","3":"status-publish","4":"has-post-thumbnail","6":"product_cat-maquinas-de-carga-de-placas","7":"product_cat-maquinas-de-placas-ultra-series","9":"first","10":"instock","11":"shipping-taxable","12":"purchasable","13":"product-type-simple"},"acf":{"long_title":"Evolve Ultra Series Placa cargada Multi - Deadlift (UL-585)  ","subtitle":"","specifications":[{"label":"SKU","text_value":"EV-PL-UL-585","icon":"x"},{"label":"Dimensiones","text_value":"1458 x 1491 x 900 mm","icon":"x"},{"label":"Peso","text_value":"150 kg","icon":"x"},{"label":"Max. carga","text_value":"320 kg","icon":"x"},{"label":"Grosor del marco","text_value":"3 mm","icon":"x"},{"label":"Tapicer\u00eda gruesa","text_value":"","icon":"v"},{"label":"Protectores de suelo duraderos","text_value":"","icon":"v"},{"label":"Asas antideslizantes","text_value":"","icon":"v"},{"label":"Pintura anticorrosi\u00f3n","text_value":"","icon":"v"},{"label":"Marco met\u00e1lico sin bordes afilados","text_value":"","icon":"v"},{"label":"Garant\u00eda","text_value":"2 a\u00f1os","icon":"x"}]},"yoast_head":"<!-- This site is optimized with the Yoast SEO plugin v26.6 - https:\/\/yoast.com\/wordpress\/plugins\/seo\/ -->\n<title>Evolve Ultra Series Placa cargada Multi - Deadlift (UL-585) - Evolve<\/title>\n<meta name=\"robots\" content=\"index, follow, max-snippet:-1, max-image-preview:large, max-video-preview:-1\" \/>\n<link rel=\"canonical\" href=\"https:\/\/evolve-fitness.eu\/es\/producto\/maquina-de-gluteos-con-placas-evolve-serie-ultra-ul-625-copy\/\" \/>\n<meta property=\"og:locale\" content=\"es_ES\" \/>\n<meta property=\"og:type\" content=\"article\" \/>\n<meta property=\"og:title\" content=\"Evolve Ultra Series Placa cargada Multi - Deadlift (UL-585) - Evolve\" \/>\n<meta property=\"og:url\" content=\"https:\/\/evolve-fitness.eu\/es\/producto\/maquina-de-gluteos-con-placas-evolve-serie-ultra-ul-625-copy\/\" \/>\n<meta property=\"og:site_name\" content=\"Evolve\" \/>\n<meta property=\"article:publisher\" content=\"https:\/\/www.facebook.com\/EvolveFitnessEurope\" \/>\n<meta property=\"article:modified_time\" content=\"2026-03-13T13:09:47+00:00\" \/>\n<meta property=\"og:image\" content=\"https:\/\/evolve-fitness.eu\/wp-content\/uploads\/2026\/03\/EV-PL-UL-585-Evolve-Ultra-Series-Plate-Loaded-Multi-Deadlift-2.png\" \/>\n\t<meta property=\"og:image:width\" content=\"2560\" \/>\n\t<meta property=\"og:image:height\" content=\"2560\" \/>\n\t<meta property=\"og:image:type\" content=\"image\/png\" \/>\n<meta name=\"twitter:card\" content=\"summary_large_image\" \/>\n<script type=\"application\/ld+json\" class=\"yoast-schema-graph\">{\"@context\":\"https:\/\/schema.org\",\"@graph\":[{\"@type\":\"WebPage\",\"@id\":\"https:\/\/evolve-fitness.eu\/es\/producto\/maquina-de-gluteos-con-placas-evolve-serie-ultra-ul-625-copy\/\",\"url\":\"https:\/\/evolve-fitness.eu\/es\/producto\/maquina-de-gluteos-con-placas-evolve-serie-ultra-ul-625-copy\/\",\"name\":\"Evolve Ultra Series Placa cargada Multi - Deadlift (UL-585) - Evolve\",\"isPartOf\":{\"@id\":\"https:\/\/evolve-fitness.eu\/es\/#website\"},\"primaryImageOfPage\":{\"@id\":\"https:\/\/evolve-fitness.eu\/es\/producto\/maquina-de-gluteos-con-placas-evolve-serie-ultra-ul-625-copy\/#primaryimage\"},\"image\":{\"@id\":\"https:\/\/evolve-fitness.eu\/es\/producto\/maquina-de-gluteos-con-placas-evolve-serie-ultra-ul-625-copy\/#primaryimage\"},\"thumbnailUrl\":\"https:\/\/evolve-fitness.eu\/wp-content\/uploads\/2026\/03\/EV-PL-UL-585-Evolve-Ultra-Series-Plate-Loaded-Multi-Deadlift-2.png\",\"datePublished\":\"2026-03-13T12:40:53+00:00\",\"dateModified\":\"2026-03-13T13:09:47+00:00\",\"breadcrumb\":{\"@id\":\"https:\/\/evolve-fitness.eu\/es\/producto\/maquina-de-gluteos-con-placas-evolve-serie-ultra-ul-625-copy\/#breadcrumb\"},\"inLanguage\":\"es\",\"potentialAction\":[{\"@type\":\"ReadAction\",\"target\":[\"https:\/\/evolve-fitness.eu\/es\/producto\/maquina-de-gluteos-con-placas-evolve-serie-ultra-ul-625-copy\/\"]}]},{\"@type\":\"ImageObject\",\"inLanguage\":\"es\",\"@id\":\"https:\/\/evolve-fitness.eu\/es\/producto\/maquina-de-gluteos-con-placas-evolve-serie-ultra-ul-625-copy\/#primaryimage\",\"url\":\"https:\/\/evolve-fitness.eu\/wp-content\/uploads\/2026\/03\/EV-PL-UL-585-Evolve-Ultra-Series-Plate-Loaded-Multi-Deadlift-2.png\",\"contentUrl\":\"https:\/\/evolve-fitness.eu\/wp-content\/uploads\/2026\/03\/EV-PL-UL-585-Evolve-Ultra-Series-Plate-Loaded-Multi-Deadlift-2.png\",\"width\":2560,\"height\":2560},{\"@type\":\"BreadcrumbList\",\"@id\":\"https:\/\/evolve-fitness.eu\/es\/producto\/maquina-de-gluteos-con-placas-evolve-serie-ultra-ul-625-copy\/#breadcrumb\",\"itemListElement\":[{\"@type\":\"ListItem\",\"position\":1,\"name\":\"Home\",\"item\":\"https:\/\/evolve-fitness.eu\/es\/\"},{\"@type\":\"ListItem\",\"position\":2,\"name\":\"Productos\",\"item\":\"https:\/\/evolve-fitness.eu\/es\/shop\/\"},{\"@type\":\"ListItem\",\"position\":3,\"name\":\"Evolve Ultra Series Placa cargada Multi &#8211; Deadlift (UL-585)\"}]},{\"@type\":\"WebSite\",\"@id\":\"https:\/\/evolve-fitness.eu\/es\/#website\",\"url\":\"https:\/\/evolve-fitness.eu\/es\/\",\"name\":\"Evolve\",\"description\":\"Your Evolved Gear Arrived\",\"publisher\":{\"@id\":\"https:\/\/evolve-fitness.eu\/es\/#organization\"},\"potentialAction\":[{\"@type\":\"SearchAction\",\"target\":{\"@type\":\"EntryPoint\",\"urlTemplate\":\"https:\/\/evolve-fitness.eu\/es\/?s={search_term_string}\"},\"query-input\":{\"@type\":\"PropertyValueSpecification\",\"valueRequired\":true,\"valueName\":\"search_term_string\"}}],\"inLanguage\":\"es\"},{\"@type\":\"Organization\",\"@id\":\"https:\/\/evolve-fitness.eu\/es\/#organization\",\"name\":\"Evolve\",\"url\":\"https:\/\/evolve-fitness.eu\/es\/\",\"logo\":{\"@type\":\"ImageObject\",\"inLanguage\":\"es\",\"@id\":\"https:\/\/evolve-fitness.eu\/es\/#\/schema\/logo\/image\/\",\"url\":\"https:\/\/evolve-fitness.eu\/wp-content\/uploads\/2023\/05\/Evolve-logo.svg\",\"contentUrl\":\"https:\/\/evolve-fitness.eu\/wp-content\/uploads\/2023\/05\/Evolve-logo.svg\",\"width\":176,\"height\":20,\"caption\":\"Evolve\"},\"image\":{\"@id\":\"https:\/\/evolve-fitness.eu\/es\/#\/schema\/logo\/image\/\"},\"sameAs\":[\"https:\/\/www.facebook.com\/EvolveFitnessEurope\"]}]}<\/script>\n<!-- \/ Yoast SEO plugin. -->","yoast_head_json":{"title":"Evolve Ultra Series Placa cargada Multi - Deadlift (UL-585) - Evolve","robots":{"index":"index","follow":"follow","max-snippet":"max-snippet:-1","max-image-preview":"max-image-preview:large","max-video-preview":"max-video-preview:-1"},"canonical":"https:\/\/evolve-fitness.eu\/es\/producto\/maquina-de-gluteos-con-placas-evolve-serie-ultra-ul-625-copy\/","og_locale":"es_ES","og_type":"article","og_title":"Evolve Ultra Series Placa cargada Multi - Deadlift (UL-585) - Evolve","og_url":"https:\/\/evolve-fitness.eu\/es\/producto\/maquina-de-gluteos-con-placas-evolve-serie-ultra-ul-625-copy\/","og_site_name":"Evolve","article_publisher":"https:\/\/www.facebook.com\/EvolveFitnessEurope","article_modified_time":"2026-03-13T13:09:47+00:00","og_image":[{"width":2560,"height":2560,"url":"https:\/\/evolve-fitness.eu\/wp-content\/uploads\/2026\/03\/EV-PL-UL-585-Evolve-Ultra-Series-Plate-Loaded-Multi-Deadlift-2.png","type":"image\/png"}],"twitter_card":"summary_large_image","schema":{"@context":"https:\/\/schema.org","@graph":[{"@type":"WebPage","@id":"https:\/\/evolve-fitness.eu\/es\/producto\/maquina-de-gluteos-con-placas-evolve-serie-ultra-ul-625-copy\/","url":"https:\/\/evolve-fitness.eu\/es\/producto\/maquina-de-gluteos-con-placas-evolve-serie-ultra-ul-625-copy\/","name":"Evolve Ultra Series Placa cargada Multi - Deadlift (UL-585) - Evolve","isPartOf":{"@id":"https:\/\/evolve-fitness.eu\/es\/#website"},"primaryImageOfPage":{"@id":"https:\/\/evolve-fitness.eu\/es\/producto\/maquina-de-gluteos-con-placas-evolve-serie-ultra-ul-625-copy\/#primaryimage"},"image":{"@id":"https:\/\/evolve-fitness.eu\/es\/producto\/maquina-de-gluteos-con-placas-evolve-serie-ultra-ul-625-copy\/#primaryimage"},"thumbnailUrl":"https:\/\/evolve-fitness.eu\/wp-content\/uploads\/2026\/03\/EV-PL-UL-585-Evolve-Ultra-Series-Plate-Loaded-Multi-Deadlift-2.png","datePublished":"2026-03-13T12:40:53+00:00","dateModified":"2026-03-13T13:09:47+00:00","breadcrumb":{"@id":"https:\/\/evolve-fitness.eu\/es\/producto\/maquina-de-gluteos-con-placas-evolve-serie-ultra-ul-625-copy\/#breadcrumb"},"inLanguage":"es","potentialAction":[{"@type":"ReadAction","target":["https:\/\/evolve-fitness.eu\/es\/producto\/maquina-de-gluteos-con-placas-evolve-serie-ultra-ul-625-copy\/"]}]},{"@type":"ImageObject","inLanguage":"es","@id":"https:\/\/evolve-fitness.eu\/es\/producto\/maquina-de-gluteos-con-placas-evolve-serie-ultra-ul-625-copy\/#primaryimage","url":"https:\/\/evolve-fitness.eu\/wp-content\/uploads\/2026\/03\/EV-PL-UL-585-Evolve-Ultra-Series-Plate-Loaded-Multi-Deadlift-2.png","contentUrl":"https:\/\/evolve-fitness.eu\/wp-content\/uploads\/2026\/03\/EV-PL-UL-585-Evolve-Ultra-Series-Plate-Loaded-Multi-Deadlift-2.png","width":2560,"height":2560},{"@type":"BreadcrumbList","@id":"https:\/\/evolve-fitness.eu\/es\/producto\/maquina-de-gluteos-con-placas-evolve-serie-ultra-ul-625-copy\/#breadcrumb","itemListElement":[{"@type":"ListItem","position":1,"name":"Home","item":"https:\/\/evolve-fitness.eu\/es\/"},{"@type":"ListItem","position":2,"name":"Productos","item":"https:\/\/evolve-fitness.eu\/es\/shop\/"},{"@type":"ListItem","position":3,"name":"Evolve Ultra Series Placa cargada Multi &#8211; Deadlift (UL-585)"}]},{"@type":"WebSite","@id":"https:\/\/evolve-fitness.eu\/es\/#website","url":"https:\/\/evolve-fitness.eu\/es\/","name":"Evolve","description":"Your Evolved Gear Arrived","publisher":{"@id":"https:\/\/evolve-fitness.eu\/es\/#organization"},"potentialAction":[{"@type":"SearchAction","target":{"@type":"EntryPoint","urlTemplate":"https:\/\/evolve-fitness.eu\/es\/?s={search_term_string}"},"query-input":{"@type":"PropertyValueSpecification","valueRequired":true,"valueName":"search_term_string"}}],"inLanguage":"es"},{"@type":"Organization","@id":"https:\/\/evolve-fitness.eu\/es\/#organization","name":"Evolve","url":"https:\/\/evolve-fitness.eu\/es\/","logo":{"@type":"ImageObject","inLanguage":"es","@id":"https:\/\/evolve-fitness.eu\/es\/#\/schema\/logo\/image\/","url":"https:\/\/evolve-fitness.eu\/wp-content\/uploads\/2023\/05\/Evolve-logo.svg","contentUrl":"https:\/\/evolve-fitness.eu\/wp-content\/uploads\/2023\/05\/Evolve-logo.svg","width":176,"height":20,"caption":"Evolve"},"image":{"@id":"https:\/\/evolve-fitness.eu\/es\/#\/schema\/logo\/image\/"},"sameAs":["https:\/\/www.facebook.com\/EvolveFitnessEurope"]}]}},"_links":{"self":[{"href":"https:\/\/evolve-fitness.eu\/es\/wp-json\/wp\/v2\/product\/225030","targetHints":{"allow":["GET"]}}],"collection":[{"href":"https:\/\/evolve-fitness.eu\/es\/wp-json\/wp\/v2\/product"}],"about":[{"href":"https:\/\/evolve-fitness.eu\/es\/wp-json\/wp\/v2\/types\/product"}],"wp:featuredmedia":[{"embeddable":true,"href":"https:\/\/evolve-fitness.eu\/es\/wp-json\/wp\/v2\/media\/225043"}],"wp:attachment":[{"href":"https:\/\/evolve-fitness.eu\/es\/wp-json\/wp\/v2\/media?parent=225030"}],"wp:term":[{"taxonomy":"product_brand","embeddable":true,"href":"https:\/\/evolve-fitness.eu\/es\/wp-json\/wp\/v2\/product_brand?post=225030"},{"taxonomy":"product_cat","embeddable":true,"href":"https:\/\/evolve-fitness.eu\/es\/wp-json\/wp\/v2\/product_cat?post=225030"},{"taxonomy":"product_tag","embeddable":true,"href":"https:\/\/evolve-fitness.eu\/es\/wp-json\/wp\/v2\/product_tag?post=225030"}],"curies":[{"name":"wp","href":"https:\/\/api.w.org\/{rel}","templated":true}]}}