{"id":225932,"date":"2025-07-04T11:47:29","date_gmt":"2025-07-04T11:47:29","guid":{"rendered":"https:\/\/evolve-fitness.eu\/product\/remo-sentado-isolateral-selectorizado-evolve-serie-ultra\/"},"modified":"2026-03-30T13:55:28","modified_gmt":"2026-03-30T10:55:28","slug":"remo-sentado-isolateral-selectorizado-evolve-serie-ultra","status":"publish","type":"product","link":"https:\/\/evolve-fitness.eu\/es\/producto\/remo-sentado-isolateral-selectorizado-evolve-serie-ultra\/","title":{"rendered":"Remo sentado isolateral selectorizado Evolve Serie Ultra (UL-300)"},"content":{"rendered":"\n<section class=\"wp-block-group alignfull black-content has-white-color has-darkgray-background-color has-text-color has-background is-layout-constrained wp-block-group-is-layout-constrained\" style=\"padding-top:var(--wp--preset--spacing--section-bottom);padding-bottom:var(--wp--preset--spacing--section-bottom)\">\n<div class=\"wp-block-columns alignwide mobile-reverse is-layout-flex wp-container-core-columns-is-layout-ca64bf2d wp-block-columns-is-layout-flex\" style=\"margin-bottom:var(--wp--preset--spacing--side-padding)\">\n<div class=\"wp-block-column is-vertically-aligned-center is-layout-flow wp-block-column-is-layout-flow\">\n<figure class=\"wp-block-image size-large\"><img loading=\"lazy\" decoding=\"async\" width=\"1024\" height=\"1024\" src=\"https:\/\/evolve-fitness.eu\/wp-content\/uploads\/2025\/07\/EV-SC-UL-300-Evolve-Ultra-Series-Selectorized-Iso-Lateral-Seated-Row-1024x1024.png\" alt=\"\" class=\"wp-image-200732\" srcset=\"https:\/\/evolve-fitness.eu\/wp-content\/uploads\/2025\/07\/EV-SC-UL-300-Evolve-Ultra-Series-Selectorized-Iso-Lateral-Seated-Row-1024x1024.png 1024w, https:\/\/evolve-fitness.eu\/wp-content\/uploads\/2025\/07\/EV-SC-UL-300-Evolve-Ultra-Series-Selectorized-Iso-Lateral-Seated-Row-300x300.png 300w, https:\/\/evolve-fitness.eu\/wp-content\/uploads\/2025\/07\/EV-SC-UL-300-Evolve-Ultra-Series-Selectorized-Iso-Lateral-Seated-Row-150x150.png 150w, https:\/\/evolve-fitness.eu\/wp-content\/uploads\/2025\/07\/EV-SC-UL-300-Evolve-Ultra-Series-Selectorized-Iso-Lateral-Seated-Row-768x768.png 768w, https:\/\/evolve-fitness.eu\/wp-content\/uploads\/2025\/07\/EV-SC-UL-300-Evolve-Ultra-Series-Selectorized-Iso-Lateral-Seated-Row-600x600.png 600w, https:\/\/evolve-fitness.eu\/wp-content\/uploads\/2025\/07\/EV-SC-UL-300-Evolve-Ultra-Series-Selectorized-Iso-Lateral-Seated-Row.png 1500w\" sizes=\"auto, (max-width: 1024px) 100vw, 1024px\" \/><\/figure>\n<\/div>\n\n\n\n<div class=\"wp-block-column is-vertically-aligned-center is-layout-flow wp-block-column-is-layout-flow\">\n<h3 class=\"wp-block-heading\" style=\"margin-bottom:var(--wp--preset--spacing--h-3-bottom)\"><strong>Remo de Precisi\u00f3n Independiente<\/strong><\/h3>\n\n\n\n<p><strong><em><strong><strong><strong><strong><strong><strong><strong><em><strong><em><strong>Entrenamiento equilibrado de la espalda para una simetr\u00eda m\u00e1xima<\/strong><\/em><\/strong><\/em><\/strong><\/strong><\/strong><\/strong><\/strong><\/strong><\/strong><\/em><\/strong><\/p>\n\n\n\n<p style=\"margin-bottom:var(--wp--preset--spacing--tb-section-padding)\">El remo sentado isolateral est\u00e1 dise\u00f1ado para trabajar eficazmente el dorsal ancho, los romboides y los trapecios mediante un movimiento de remo controlado y natural. Su dise\u00f1o independiente de doble brazo permite que cada lado de la espalda trabaje por separado, ayudando a reducir los desequilibrios musculares y a promover un desarrollo muscular equilibrado. La almohadilla pectoral ajustable y el asiento ergon\u00f3mico proporcionan un posicionamiento \u00f3ptimo, mientras que el sistema de resistencia suave garantiza un movimiento de tracci\u00f3n fluido y consistente en toda la amplitud del movimiento.  <br\/><\/p>\n<\/div>\n<\/div>\n\n\n\n<div class=\"wp-block-columns alignwide mobile-reverse is-layout-flex wp-container-core-columns-is-layout-ca64bf2d wp-block-columns-is-layout-flex\" style=\"margin-bottom:var(--wp--preset--spacing--side-padding)\">\n<div class=\"wp-block-column is-vertically-aligned-center is-layout-flow wp-block-column-is-layout-flow\">\n<h3 class=\"wp-block-heading\" style=\"margin-bottom:var(--wp--preset--spacing--h-3-bottom)\">Pesa de 110 kg totalmente cubierta<\/h3>\n\n\n\n<p style=\"margin-bottom:var(--wp--preset--spacing--tb-section-padding)\">La M\u00e1quina de Remo Sentado Iso Lateral Selectorizada Evolve Serie Ultra tiene un peso total de 150 kg y est\u00e1 equipada con una pila de pesas de 110 kg. Su pila de pesas totalmente cerrada mejora la seguridad del usuario durante los entrenamientos, al tiempo que contribuye al dise\u00f1o limpio, duradero y profesional de la m\u00e1quina. <br\/><\/p>\n<\/div>\n\n\n\n<div class=\"wp-block-column is-vertically-aligned-center is-layout-flow wp-block-column-is-layout-flow\">\n<figure class=\"wp-block-image size-full is-style-rounded\"><img loading=\"lazy\" decoding=\"async\" width=\"768\" height=\"779\" src=\"https:\/\/evolve-fitness.eu\/wp-content\/uploads\/2024\/01\/stack.webp\" alt=\"\" class=\"wp-image-9940\" srcset=\"https:\/\/evolve-fitness.eu\/wp-content\/uploads\/2024\/01\/stack.webp 768w, https:\/\/evolve-fitness.eu\/wp-content\/uploads\/2024\/01\/stack-300x304.webp 300w, https:\/\/evolve-fitness.eu\/wp-content\/uploads\/2024\/01\/stack-148x150.webp 148w, https:\/\/evolve-fitness.eu\/wp-content\/uploads\/2024\/01\/stack-600x609.webp 600w, https:\/\/evolve-fitness.eu\/wp-content\/uploads\/2024\/01\/stack-296x300.webp 296w\" sizes=\"auto, (max-width: 768px) 100vw, 768px\" \/><\/figure>\n<\/div>\n<\/div>\n\n\n\n<div class=\"wp-block-columns alignwide is-layout-flex wp-container-core-columns-is-layout-c45ee707 wp-block-columns-is-layout-flex\" style=\"margin-bottom:var(--wp--preset--spacing--side-padding);padding-top:var(--wp--preset--spacing--side-padding)\">\n<div class=\"wp-block-column is-vertically-aligned-center is-layout-flow wp-block-column-is-layout-flow\">\n<figure class=\"wp-block-image size-full is-style-rounded\"><img loading=\"lazy\" decoding=\"async\" width=\"768\" height=\"779\" src=\"https:\/\/evolve-fitness.eu\/wp-content\/uploads\/2024\/01\/plate.webp\" alt=\"\" class=\"wp-image-9942\" srcset=\"https:\/\/evolve-fitness.eu\/wp-content\/uploads\/2024\/01\/plate.webp 768w, https:\/\/evolve-fitness.eu\/wp-content\/uploads\/2024\/01\/plate-300x304.webp 300w, https:\/\/evolve-fitness.eu\/wp-content\/uploads\/2024\/01\/plate-148x150.webp 148w, https:\/\/evolve-fitness.eu\/wp-content\/uploads\/2024\/01\/plate-600x609.webp 600w, https:\/\/evolve-fitness.eu\/wp-content\/uploads\/2024\/01\/plate-296x300.webp 296w\" sizes=\"auto, (max-width: 768px) 100vw, 768px\" \/><\/figure>\n<\/div>\n\n\n\n<div class=\"wp-block-column is-vertically-aligned-center is-layout-flow wp-block-column-is-layout-flow\">\n<h3 class=\"wp-block-heading\" style=\"margin-bottom:var(--wp--preset--spacing--h-3-bottom)\">Plato de lastre superior<\/h3>\n\n\n\n<p><strong><em>Para un mejor rendimiento<\/em><\/strong> <\/p>\n\n\n\n<p style=\"margin-bottom:var(--wp--preset--spacing--tb-section-padding)\">La m\u00e1quina de remo sentado isolateral selectorizado de la serie Evolve Ultra tiene dos placas de pesas superiores adicionales de 2,5 kg que cumplen una doble funci\u00f3n al mejorar el rendimiento de la m\u00e1quina de ejercicios. En primer lugar, ampl\u00eda la resistencia m\u00e1xima que puede proporcionar la m\u00e1quina, lo que permite a los usuarios desafiarse a\u00fan m\u00e1s en sus entrenamientos. Adem\u00e1s, estos platos de pesas adicionales ofrecen una ventaja \u00fanica al permitir a los usuarios realizar incrementos m\u00e1s peque\u00f1os y precisos en sus ajustes de resistencia, ya que cada plato proporciona un aumento de 2,5 kg. Esta precisi\u00f3n en la selecci\u00f3n de la resistencia permite a las personas ajustar sus entrenamientos para satisfacer sus necesidades y objetivos espec\u00edficos, garantizando que cada sesi\u00f3n de ejercicio se adapte para optimizar los resultados.<\/p>\n<\/div>\n<\/div>\n\n\n\n<div class=\"wp-block-columns alignwide mobile-reverse is-layout-flex wp-container-core-columns-is-layout-ca64bf2d wp-block-columns-is-layout-flex\" style=\"margin-bottom:var(--wp--preset--spacing--side-padding)\">\n<div class=\"wp-block-column is-vertically-aligned-center is-layout-flow wp-block-column-is-layout-flow\">\n<h3 class=\"wp-block-heading\" style=\"margin-bottom:var(--wp--preset--spacing--h-3-bottom)\">Doble recubrimiento en polvo<\/h3>\n\n\n\n<p><strong><em>Perla con recubrimiento electrost\u00e1tico en polvo<\/em><\/strong><\/p>\n\n\n\n<p style=\"margin-bottom:var(--wp--preset--spacing--tb-section-padding)\">Las m\u00e1quinas de fuerza de la serie Evolve Ultra, con armaz\u00f3n recubierto de polvo electrost\u00e1tico negro perla mate, ejemplifican tanto la forma como la funci\u00f3n. Su atractivo est\u00e9tico se ve realzado por el acabado negro mate, mientras que sus caracter\u00edsticas pr\u00e1cticas, como la resistencia a la fricci\u00f3n, las propiedades anticorrosi\u00f3n y la resistencia a los ara\u00f1azos, garantizan que sea un compa\u00f1ero de fitness fiable y duradero.<\/p>\n<\/div>\n\n\n\n<div class=\"wp-block-column is-vertically-aligned-center is-layout-flow wp-block-column-is-layout-flow\">\n<figure class=\"wp-block-video\"><video height=\"720\" style=\"aspect-ratio: 1280 \/ 720;\" width=\"1280\" autoplay=\"\" controls=\"\" loop=\"\" muted=\"\" src=\"https:\/\/evolve-fitness.eu\/wp-content\/uploads\/2023\/10\/Evolve-Double-powder-coated-Frame.mp4\"><\/video><\/figure>\n<\/div>\n<\/div>\n\n\n\n<div class=\"wp-block-columns alignwide mobile-reverse is-layout-flex wp-container-core-columns-is-layout-ca64bf2d wp-block-columns-is-layout-flex\" style=\"margin-bottom:var(--wp--preset--spacing--side-padding)\">\n<div class=\"wp-block-column is-vertically-aligned-center is-layout-flow wp-block-column-is-layout-flow\">\n<figure class=\"wp-block-video\"><video height=\"720\" style=\"aspect-ratio: 1280 \/ 720;\" width=\"1280\" autoplay=\"\" controls=\"\" loop=\"\" muted=\"\" src=\"https:\/\/evolve-fitness.eu\/wp-content\/uploads\/2023\/10\/Evolve-cable.mp4\"><\/video><\/figure>\n<\/div>\n\n\n\n<div class=\"wp-block-column is-vertically-aligned-center is-layout-flow wp-block-column-is-layout-flow\">\n<h3 class=\"wp-block-heading\" style=\"margin-bottom:var(--wp--preset--spacing--h-3-bottom)\">Cable<\/h3>\n\n\n\n<p>Calidad superior<\/p>\n\n\n\n<p style=\"margin-bottom:var(--wp--preset--spacing--tb-section-padding)\">Las m\u00e1quinas de la serie Evolve Ultra utilizan cables de calidad superior, hay seis filamentos principales, y cada filamento consta de 19 hilos trenzados entre s\u00ed, material de Poliamida 12 (PA12) y un di\u00e1metro de 5 mm. Estos cables est\u00e1n dise\u00f1ados para ofrecer resistencia y durabilidad, con una fuerza de rotura de 9000 kN, lo que los convierte en la opci\u00f3n preferida para aplicaciones en las que se necesita una fiabilidad, durabilidad y rendimiento excepcionales.Al pasar de un ejercicio a otro, ya sean flexiones de b\u00edceps, press de pecho, dominadas o cualquier otra actividad de fortalecimiento, el rendimiento excepcional de los cables de la serie Evolve Ultra garantiza que sus movimientos sean suaves y la resistencia sea constante, lo que promueve una experiencia de entrenamiento que es a la vez eficaz y agradable.<\/p>\n<\/div>\n<\/div>\n<\/section>\n","protected":false},"excerpt":{"rendered":"<p>El Remo Sentado Iso Lateral Selectorizado Evolve Serie Ultra (EV-SC-UL-300) es una m\u00e1quina de entrenamiento de fuerza de primera calidad dise\u00f1ada para un desarrollo preciso y aislado de la espalda. Con brazos de movimiento independientes y un asiento y una almohadilla pectoral biomec\u00e1nicamente optimizados, garantiza un compromiso muscular equilibrado y una experiencia de entrenamiento ergon\u00f3mica. Ideal para todos los niveles de forma f\u00edsica, esta m\u00e1quina combina una calidad de construcci\u00f3n superior con una moderna integraci\u00f3n digital para conseguir entrenamientos eficientes, seguros y eficaces.  <\/p>\n","protected":false},"featured_media":200780,"template":"","meta":{"_acf_changed":false,"inline_featured_image":false},"product_brand":[],"product_cat":[2598,3857],"product_tag":[],"class_list":{"0":"post-225932","1":"product","2":"type-product","3":"status-publish","4":"has-post-thumbnail","6":"product_cat-maquinas-selectorizadas","7":"product_cat-maquinas-selectorizadas-ultra-series-es","9":"first","10":"instock","11":"shipping-taxable","12":"purchasable","13":"product-type-simple"},"acf":{"long_title":"  Remo sentado isolateral selectorizado Evolve Serie Ultra (UL-300)","subtitle":"","specifications":[{"label":"SKU","text_value":"EV-SC-UL-300","icon":"x"},{"label":"Dimensiones","text_value":"1650 \u00d7 1200 \u00d7 1602 mm","icon":"x"},{"label":"Peso","text_value":"150 kg","icon":"x"},{"label":"Pila de pesas","text_value":"110 kg","icon":"x"},{"label":"Pila de pesas opcional","text_value":"122,5 kg","icon":"x"},{"label":"Resistencia m\u00ednima","text_value":"5 kg","icon":"x"},{"label":"Plato de lastre superior","text_value":"2 x 2,5 kg","icon":"x"},{"label":"Posiciones de apoyo tor\u00e1cico ajustables","text_value":"5","icon":"x"},{"label":"Posiciones ajustables del asiento","text_value":"18","icon":"x"},{"label":"Peso m\u00e1ximo del usuario","text_value":"180 kg","icon":"x"},{"label":"Grosor del marco","text_value":"3 mm","icon":"x"},{"label":"Plato de lastre superior","text_value":"","icon":"v"},{"label":"Posici\u00f3n de entrenamiento ajustable","text_value":"","icon":"v"},{"label":"Posiciones ajustables del asiento","text_value":"","icon":"v"},{"label":"Asas giratorias de 360 grados","text_value":"","icon":"v"},{"label":"Cada brazo funciona independientemente del otro","text_value":"","icon":"v"},{"label":"Empu\u00f1adura auxiliar integrada para la ejecuci\u00f3n de ejercicios con un solo brazo","text_value":"","icon":"v"},{"label":"Pasador magn\u00e9tico de la pila de pesas","text_value":"","icon":"v"},{"label":"Pasador magn\u00e9tico de la pila de pesas de color brillante para facilitar su identificaci\u00f3n","text_value":"","icon":"v"},{"label":"Asas de ajuste de colores brillantes para facilitar la identificaci\u00f3n","text_value":"","icon":"v"},{"label":"Placa con instrucciones de formaci\u00f3n","text_value":"","icon":"v"},{"label":"Pila de pesas cubierta","text_value":"","icon":"v"},{"label":"Protectores de suelo duraderos","text_value":"2 a\u00f1os","icon":"v"},{"label":"Pintura anticorrosiva","text_value":"2 a\u00f1os","icon":"v"},{"label":"Tapicer\u00eda gruesa revestida de cuero PU","text_value":"2 a\u00f1os","icon":"v"},{"label":"Cable de nylon","text_value":"","icon":"v"},{"label":"Asas antideslizantes","text_value":"","icon":"v"},{"label":"Botella de agua y estuche para accesorios","text_value":"","icon":"v"},{"label":"Garant\u00eda","text_value":"2 a\u00f1os","icon":"x"}]},"yoast_head":"<!-- This site is optimized with the Yoast SEO plugin v26.6 - https:\/\/yoast.com\/wordpress\/plugins\/seo\/ -->\n<title>Remo sentado isolateral selectorizado Evolve Serie Ultra (UL-300) - Evolve<\/title>\n<meta name=\"description\" content=\"El remo sentado isolateral selectorizado de la serie Evolve Ultra (EV-SC-UL-300) es una m\u00e1quina de entrenamiento de fuerza de primera calidad, dise\u00f1ada para el entrenamiento preciso y aislado de la espalda.\" \/>\n<meta name=\"robots\" content=\"index, follow, max-snippet:-1, max-image-preview:large, max-video-preview:-1\" \/>\n<link rel=\"canonical\" href=\"https:\/\/evolve-fitness.eu\/es\/producto\/remo-sentado-isolateral-selectorizado-evolve-serie-ultra\/\" \/>\n<meta property=\"og:locale\" content=\"es_ES\" \/>\n<meta property=\"og:type\" content=\"article\" \/>\n<meta property=\"og:title\" content=\"Remo sentado isolateral selectorizado Evolve Serie Ultra (UL-300) - Evolve\" \/>\n<meta property=\"og:description\" content=\"El remo sentado isolateral selectorizado de la serie Evolve Ultra (EV-SC-UL-300) es una m\u00e1quina de entrenamiento de fuerza de primera calidad, dise\u00f1ada para el entrenamiento preciso y aislado de la espalda.\" \/>\n<meta property=\"og:url\" content=\"https:\/\/evolve-fitness.eu\/es\/producto\/remo-sentado-isolateral-selectorizado-evolve-serie-ultra\/\" \/>\n<meta property=\"og:site_name\" content=\"Evolve\" \/>\n<meta property=\"article:publisher\" content=\"https:\/\/www.facebook.com\/EvolveFitnessEurope\" \/>\n<meta property=\"article:modified_time\" content=\"2026-03-30T10:55:28+00:00\" \/>\n<meta property=\"og:image\" content=\"https:\/\/evolve-fitness.eu\/wp-content\/uploads\/2025\/07\/EV-SC-UL-300-Evolve-Ultra-Series-Selectorized-Iso-Lateral-Seated-Row-1.png\" \/>\n\t<meta property=\"og:image:width\" content=\"1500\" \/>\n\t<meta property=\"og:image:height\" content=\"1500\" \/>\n\t<meta property=\"og:image:type\" content=\"image\/png\" \/>\n<meta name=\"twitter:card\" content=\"summary_large_image\" \/>\n<script type=\"application\/ld+json\" class=\"yoast-schema-graph\">{\"@context\":\"https:\/\/schema.org\",\"@graph\":[{\"@type\":\"WebPage\",\"@id\":\"https:\/\/evolve-fitness.eu\/es\/producto\/remo-sentado-isolateral-selectorizado-evolve-serie-ultra\/\",\"url\":\"https:\/\/evolve-fitness.eu\/es\/producto\/remo-sentado-isolateral-selectorizado-evolve-serie-ultra\/\",\"name\":\"Remo sentado isolateral selectorizado Evolve Serie Ultra (UL-300) - Evolve\",\"isPartOf\":{\"@id\":\"https:\/\/evolve-fitness.eu\/es\/#website\"},\"primaryImageOfPage\":{\"@id\":\"https:\/\/evolve-fitness.eu\/es\/producto\/remo-sentado-isolateral-selectorizado-evolve-serie-ultra\/#primaryimage\"},\"image\":{\"@id\":\"https:\/\/evolve-fitness.eu\/es\/producto\/remo-sentado-isolateral-selectorizado-evolve-serie-ultra\/#primaryimage\"},\"thumbnailUrl\":\"https:\/\/evolve-fitness.eu\/wp-content\/uploads\/2025\/07\/EV-SC-UL-300-Evolve-Ultra-Series-Selectorized-Iso-Lateral-Seated-Row-1.png\",\"datePublished\":\"2025-07-04T11:47:29+00:00\",\"dateModified\":\"2026-03-30T10:55:28+00:00\",\"description\":\"El remo sentado isolateral selectorizado de la serie Evolve Ultra (EV-SC-UL-300) es una m\u00e1quina de entrenamiento de fuerza de primera calidad, dise\u00f1ada para el entrenamiento preciso y aislado de la espalda.\",\"breadcrumb\":{\"@id\":\"https:\/\/evolve-fitness.eu\/es\/producto\/remo-sentado-isolateral-selectorizado-evolve-serie-ultra\/#breadcrumb\"},\"inLanguage\":\"es\",\"potentialAction\":[{\"@type\":\"ReadAction\",\"target\":[\"https:\/\/evolve-fitness.eu\/es\/producto\/remo-sentado-isolateral-selectorizado-evolve-serie-ultra\/\"]}]},{\"@type\":\"ImageObject\",\"inLanguage\":\"es\",\"@id\":\"https:\/\/evolve-fitness.eu\/es\/producto\/remo-sentado-isolateral-selectorizado-evolve-serie-ultra\/#primaryimage\",\"url\":\"https:\/\/evolve-fitness.eu\/wp-content\/uploads\/2025\/07\/EV-SC-UL-300-Evolve-Ultra-Series-Selectorized-Iso-Lateral-Seated-Row-1.png\",\"contentUrl\":\"https:\/\/evolve-fitness.eu\/wp-content\/uploads\/2025\/07\/EV-SC-UL-300-Evolve-Ultra-Series-Selectorized-Iso-Lateral-Seated-Row-1.png\",\"width\":1500,\"height\":1500},{\"@type\":\"BreadcrumbList\",\"@id\":\"https:\/\/evolve-fitness.eu\/es\/producto\/remo-sentado-isolateral-selectorizado-evolve-serie-ultra\/#breadcrumb\",\"itemListElement\":[{\"@type\":\"ListItem\",\"position\":1,\"name\":\"Home\",\"item\":\"https:\/\/evolve-fitness.eu\/es\/\"},{\"@type\":\"ListItem\",\"position\":2,\"name\":\"Productos\",\"item\":\"https:\/\/evolve-fitness.eu\/es\/shop\/\"},{\"@type\":\"ListItem\",\"position\":3,\"name\":\"Remo sentado isolateral selectorizado Evolve Serie Ultra (UL-300)\"}]},{\"@type\":\"WebSite\",\"@id\":\"https:\/\/evolve-fitness.eu\/es\/#website\",\"url\":\"https:\/\/evolve-fitness.eu\/es\/\",\"name\":\"Evolve\",\"description\":\"Your Evolved Gear Arrived\",\"publisher\":{\"@id\":\"https:\/\/evolve-fitness.eu\/es\/#organization\"},\"potentialAction\":[{\"@type\":\"SearchAction\",\"target\":{\"@type\":\"EntryPoint\",\"urlTemplate\":\"https:\/\/evolve-fitness.eu\/es\/?s={search_term_string}\"},\"query-input\":{\"@type\":\"PropertyValueSpecification\",\"valueRequired\":true,\"valueName\":\"search_term_string\"}}],\"inLanguage\":\"es\"},{\"@type\":\"Organization\",\"@id\":\"https:\/\/evolve-fitness.eu\/es\/#organization\",\"name\":\"Evolve\",\"url\":\"https:\/\/evolve-fitness.eu\/es\/\",\"logo\":{\"@type\":\"ImageObject\",\"inLanguage\":\"es\",\"@id\":\"https:\/\/evolve-fitness.eu\/es\/#\/schema\/logo\/image\/\",\"url\":\"https:\/\/evolve-fitness.eu\/wp-content\/uploads\/2023\/05\/Evolve-logo.svg\",\"contentUrl\":\"https:\/\/evolve-fitness.eu\/wp-content\/uploads\/2023\/05\/Evolve-logo.svg\",\"width\":176,\"height\":20,\"caption\":\"Evolve\"},\"image\":{\"@id\":\"https:\/\/evolve-fitness.eu\/es\/#\/schema\/logo\/image\/\"},\"sameAs\":[\"https:\/\/www.facebook.com\/EvolveFitnessEurope\"]}]}<\/script>\n<!-- \/ Yoast SEO plugin. -->","yoast_head_json":{"title":"Remo sentado isolateral selectorizado Evolve Serie Ultra (UL-300) - Evolve","description":"El remo sentado isolateral selectorizado de la serie Evolve Ultra (EV-SC-UL-300) es una m\u00e1quina de entrenamiento de fuerza de primera calidad, dise\u00f1ada para el entrenamiento preciso y aislado de la espalda.","robots":{"index":"index","follow":"follow","max-snippet":"max-snippet:-1","max-image-preview":"max-image-preview:large","max-video-preview":"max-video-preview:-1"},"canonical":"https:\/\/evolve-fitness.eu\/es\/producto\/remo-sentado-isolateral-selectorizado-evolve-serie-ultra\/","og_locale":"es_ES","og_type":"article","og_title":"Remo sentado isolateral selectorizado Evolve Serie Ultra (UL-300) - Evolve","og_description":"El remo sentado isolateral selectorizado de la serie Evolve Ultra (EV-SC-UL-300) es una m\u00e1quina de entrenamiento de fuerza de primera calidad, dise\u00f1ada para el entrenamiento preciso y aislado de la espalda.","og_url":"https:\/\/evolve-fitness.eu\/es\/producto\/remo-sentado-isolateral-selectorizado-evolve-serie-ultra\/","og_site_name":"Evolve","article_publisher":"https:\/\/www.facebook.com\/EvolveFitnessEurope","article_modified_time":"2026-03-30T10:55:28+00:00","og_image":[{"width":1500,"height":1500,"url":"https:\/\/evolve-fitness.eu\/wp-content\/uploads\/2025\/07\/EV-SC-UL-300-Evolve-Ultra-Series-Selectorized-Iso-Lateral-Seated-Row-1.png","type":"image\/png"}],"twitter_card":"summary_large_image","schema":{"@context":"https:\/\/schema.org","@graph":[{"@type":"WebPage","@id":"https:\/\/evolve-fitness.eu\/es\/producto\/remo-sentado-isolateral-selectorizado-evolve-serie-ultra\/","url":"https:\/\/evolve-fitness.eu\/es\/producto\/remo-sentado-isolateral-selectorizado-evolve-serie-ultra\/","name":"Remo sentado isolateral selectorizado Evolve Serie Ultra (UL-300) - Evolve","isPartOf":{"@id":"https:\/\/evolve-fitness.eu\/es\/#website"},"primaryImageOfPage":{"@id":"https:\/\/evolve-fitness.eu\/es\/producto\/remo-sentado-isolateral-selectorizado-evolve-serie-ultra\/#primaryimage"},"image":{"@id":"https:\/\/evolve-fitness.eu\/es\/producto\/remo-sentado-isolateral-selectorizado-evolve-serie-ultra\/#primaryimage"},"thumbnailUrl":"https:\/\/evolve-fitness.eu\/wp-content\/uploads\/2025\/07\/EV-SC-UL-300-Evolve-Ultra-Series-Selectorized-Iso-Lateral-Seated-Row-1.png","datePublished":"2025-07-04T11:47:29+00:00","dateModified":"2026-03-30T10:55:28+00:00","description":"El remo sentado isolateral selectorizado de la serie Evolve Ultra (EV-SC-UL-300) es una m\u00e1quina de entrenamiento de fuerza de primera calidad, dise\u00f1ada para el entrenamiento preciso y aislado de la espalda.","breadcrumb":{"@id":"https:\/\/evolve-fitness.eu\/es\/producto\/remo-sentado-isolateral-selectorizado-evolve-serie-ultra\/#breadcrumb"},"inLanguage":"es","potentialAction":[{"@type":"ReadAction","target":["https:\/\/evolve-fitness.eu\/es\/producto\/remo-sentado-isolateral-selectorizado-evolve-serie-ultra\/"]}]},{"@type":"ImageObject","inLanguage":"es","@id":"https:\/\/evolve-fitness.eu\/es\/producto\/remo-sentado-isolateral-selectorizado-evolve-serie-ultra\/#primaryimage","url":"https:\/\/evolve-fitness.eu\/wp-content\/uploads\/2025\/07\/EV-SC-UL-300-Evolve-Ultra-Series-Selectorized-Iso-Lateral-Seated-Row-1.png","contentUrl":"https:\/\/evolve-fitness.eu\/wp-content\/uploads\/2025\/07\/EV-SC-UL-300-Evolve-Ultra-Series-Selectorized-Iso-Lateral-Seated-Row-1.png","width":1500,"height":1500},{"@type":"BreadcrumbList","@id":"https:\/\/evolve-fitness.eu\/es\/producto\/remo-sentado-isolateral-selectorizado-evolve-serie-ultra\/#breadcrumb","itemListElement":[{"@type":"ListItem","position":1,"name":"Home","item":"https:\/\/evolve-fitness.eu\/es\/"},{"@type":"ListItem","position":2,"name":"Productos","item":"https:\/\/evolve-fitness.eu\/es\/shop\/"},{"@type":"ListItem","position":3,"name":"Remo sentado isolateral selectorizado Evolve Serie Ultra (UL-300)"}]},{"@type":"WebSite","@id":"https:\/\/evolve-fitness.eu\/es\/#website","url":"https:\/\/evolve-fitness.eu\/es\/","name":"Evolve","description":"Your Evolved Gear Arrived","publisher":{"@id":"https:\/\/evolve-fitness.eu\/es\/#organization"},"potentialAction":[{"@type":"SearchAction","target":{"@type":"EntryPoint","urlTemplate":"https:\/\/evolve-fitness.eu\/es\/?s={search_term_string}"},"query-input":{"@type":"PropertyValueSpecification","valueRequired":true,"valueName":"search_term_string"}}],"inLanguage":"es"},{"@type":"Organization","@id":"https:\/\/evolve-fitness.eu\/es\/#organization","name":"Evolve","url":"https:\/\/evolve-fitness.eu\/es\/","logo":{"@type":"ImageObject","inLanguage":"es","@id":"https:\/\/evolve-fitness.eu\/es\/#\/schema\/logo\/image\/","url":"https:\/\/evolve-fitness.eu\/wp-content\/uploads\/2023\/05\/Evolve-logo.svg","contentUrl":"https:\/\/evolve-fitness.eu\/wp-content\/uploads\/2023\/05\/Evolve-logo.svg","width":176,"height":20,"caption":"Evolve"},"image":{"@id":"https:\/\/evolve-fitness.eu\/es\/#\/schema\/logo\/image\/"},"sameAs":["https:\/\/www.facebook.com\/EvolveFitnessEurope"]}]}},"_links":{"self":[{"href":"https:\/\/evolve-fitness.eu\/es\/wp-json\/wp\/v2\/product\/225932","targetHints":{"allow":["GET"]}}],"collection":[{"href":"https:\/\/evolve-fitness.eu\/es\/wp-json\/wp\/v2\/product"}],"about":[{"href":"https:\/\/evolve-fitness.eu\/es\/wp-json\/wp\/v2\/types\/product"}],"wp:featuredmedia":[{"embeddable":true,"href":"https:\/\/evolve-fitness.eu\/es\/wp-json\/wp\/v2\/media\/200780"}],"wp:attachment":[{"href":"https:\/\/evolve-fitness.eu\/es\/wp-json\/wp\/v2\/media?parent=225932"}],"wp:term":[{"taxonomy":"product_brand","embeddable":true,"href":"https:\/\/evolve-fitness.eu\/es\/wp-json\/wp\/v2\/product_brand?post=225932"},{"taxonomy":"product_cat","embeddable":true,"href":"https:\/\/evolve-fitness.eu\/es\/wp-json\/wp\/v2\/product_cat?post=225932"},{"taxonomy":"product_tag","embeddable":true,"href":"https:\/\/evolve-fitness.eu\/es\/wp-json\/wp\/v2\/product_tag?post=225932"}],"curies":[{"name":"wp","href":"https:\/\/api.w.org\/{rel}","templated":true}]}}