{"id":225979,"date":"2025-08-22T07:46:41","date_gmt":"2025-08-22T07:46:41","guid":{"rendered":"https:\/\/evolve-fitness.eu\/product\/maquina-de-extension-de-espalda-selectorizada-evolve-serie-ultra\/"},"modified":"2026-03-26T11:37:41","modified_gmt":"2026-03-26T09:37:41","slug":"maquina-de-extension-de-espalda-selectorizada-evolve-serie-ultra","status":"publish","type":"product","link":"https:\/\/evolve-fitness.eu\/es\/producto\/maquina-de-extension-de-espalda-selectorizada-evolve-serie-ultra\/","title":{"rendered":"M\u00e1quina de extensi\u00f3n de espalda selectorizada Evolve Serie Ultra (UL-400)"},"content":{"rendered":"\n<section class=\"wp-block-group alignfull has-lightgray-background-color has-background is-layout-constrained wp-block-group-is-layout-constrained\">\n<div class=\"wp-block-columns alignwide is-layout-flex wp-container-core-columns-is-layout-2edb0647 wp-block-columns-is-layout-flex\" style=\"margin-top:0;margin-bottom:0\">\n<div class=\"wp-block-column is-layout-flow wp-block-column-is-layout-flow\" style=\"flex-basis:33.33%\"><\/div>\n\n\n\n<div class=\"wp-block-column is-layout-flow wp-block-column-is-layout-flow\" style=\"flex-basis:66.66%\"><\/div>\n<\/div>\n<\/section>\n\n<section class=\"wp-block-group alignfull black-content has-white-color has-darkgray-background-color has-text-color has-background is-layout-constrained wp-block-group-is-layout-constrained\" style=\"padding-top:var(--wp--preset--spacing--section-bottom);padding-bottom:var(--wp--preset--spacing--section-bottom)\">\n<div class=\"wp-block-columns alignwide mobile-reverse is-layout-flex wp-container-core-columns-is-layout-ca64bf2d wp-block-columns-is-layout-flex\" style=\"margin-bottom:var(--wp--preset--spacing--side-padding)\">\n<div class=\"wp-block-column is-vertically-aligned-center is-layout-flow wp-block-column-is-layout-flow\">\n<h3 class=\"wp-block-heading\" style=\"margin-bottom:var(--wp--preset--spacing--h-3-bottom)\"><strong>EL FUTURO DEL ENTRENAMIENTO DE FUERZA<\/strong><\/h3>\n\n\n\n<p style=\"margin-bottom:var(--wp--preset--spacing--tb-section-padding)\">La m\u00e1quina de extensi\u00f3n de espalda selectorizada Evolve Ultra Series es una m\u00e1quina de fuerza comercial de primera calidad dise\u00f1ada para el entrenamiento espec\u00edfico de la zona lumbar, los gl\u00fateos y el tronco. Su sistema de pesas selectorizadas favorece un movimiento preciso y controlado, ayudando a los usuarios a activar eficazmente los erectores espinales, mejorar la postura y fortalecer toda la cadena posterior. Construida con un armaz\u00f3n de acero reforzado, acolchado ergon\u00f3mico y componentes selectorizados de alta calidad, esta m\u00e1quina de extensi\u00f3n de espalda ofrece durabilidad, comodidad y rendimiento fiable para gimnasios profesionales e instalaciones de fitness.  <br\/><\/p>\n<\/div>\n\n\n\n<div class=\"wp-block-column is-vertically-aligned-center is-layout-flow wp-block-column-is-layout-flow\">\n<figure class=\"wp-block-image size-full is-style-rounded\"><img loading=\"lazy\" decoding=\"async\" width=\"1024\" height=\"1024\" src=\"https:\/\/evolve-fitness.eu\/wp-content\/uploads\/2025\/08\/EV-SC-UL-400-Evolve-Ultra-Series-Back-Extension-1024x1024-1.webp\" alt=\"\" class=\"wp-image-226081\" srcset=\"https:\/\/evolve-fitness.eu\/wp-content\/uploads\/2025\/08\/EV-SC-UL-400-Evolve-Ultra-Series-Back-Extension-1024x1024-1.webp 1024w, https:\/\/evolve-fitness.eu\/wp-content\/uploads\/2025\/08\/EV-SC-UL-400-Evolve-Ultra-Series-Back-Extension-1024x1024-1-300x300.webp 300w, https:\/\/evolve-fitness.eu\/wp-content\/uploads\/2025\/08\/EV-SC-UL-400-Evolve-Ultra-Series-Back-Extension-1024x1024-1-150x150.webp 150w, https:\/\/evolve-fitness.eu\/wp-content\/uploads\/2025\/08\/EV-SC-UL-400-Evolve-Ultra-Series-Back-Extension-1024x1024-1-768x768.webp 768w, https:\/\/evolve-fitness.eu\/wp-content\/uploads\/2025\/08\/EV-SC-UL-400-Evolve-Ultra-Series-Back-Extension-1024x1024-1-600x600.webp 600w\" sizes=\"auto, (max-width: 1024px) 100vw, 1024px\" \/><\/figure>\n<\/div>\n<\/div>\n\n\n\n<div class=\"wp-block-columns alignwide mobile-reverse is-layout-flex wp-container-core-columns-is-layout-ca64bf2d wp-block-columns-is-layout-flex\" style=\"margin-bottom:var(--wp--preset--spacing--side-padding)\">\n<div class=\"wp-block-column is-vertically-aligned-center is-layout-flow wp-block-column-is-layout-flow\">\n<figure class=\"wp-block-image size-full is-style-rounded\"><img loading=\"lazy\" decoding=\"async\" width=\"768\" height=\"779\" src=\"https:\/\/evolve-fitness.eu\/wp-content\/uploads\/2024\/01\/stack.webp\" alt=\"\" class=\"wp-image-9940\" srcset=\"https:\/\/evolve-fitness.eu\/wp-content\/uploads\/2024\/01\/stack.webp 768w, https:\/\/evolve-fitness.eu\/wp-content\/uploads\/2024\/01\/stack-300x304.webp 300w, https:\/\/evolve-fitness.eu\/wp-content\/uploads\/2024\/01\/stack-148x150.webp 148w, https:\/\/evolve-fitness.eu\/wp-content\/uploads\/2024\/01\/stack-600x609.webp 600w, https:\/\/evolve-fitness.eu\/wp-content\/uploads\/2024\/01\/stack-296x300.webp 296w\" sizes=\"auto, (max-width: 768px) 100vw, 768px\" \/><\/figure>\n<\/div>\n\n\n\n<div class=\"wp-block-column is-vertically-aligned-center is-layout-flow wp-block-column-is-layout-flow\">\n<h3 class=\"wp-block-heading\" style=\"margin-bottom:var(--wp--preset--spacing--h-3-bottom)\">Pesa de 85 kg totalmente cubierta<\/h3>\n\n\n\n<p style=\"margin-bottom:var(--wp--preset--spacing--tb-section-padding)\">La m\u00e1quina de extensi\u00f3n de espalda selectorizada Evolve Serie Ultra tiene un peso total de 300 kg y est\u00e1 equipada con una pila de pesas de 85 kg. Su pila de pesas totalmente cerrada mejora la seguridad del usuario durante los entrenamientos, al tiempo que contribuye al dise\u00f1o limpio, duradero y profesional de la m\u00e1quina. <br\/><\/p>\n<\/div>\n<\/div>\n\n\n\n<div class=\"wp-block-columns alignwide mobile-reverse is-layout-flex wp-container-core-columns-is-layout-ca64bf2d wp-block-columns-is-layout-flex\" style=\"margin-bottom:var(--wp--preset--spacing--side-padding)\">\n<div class=\"wp-block-column is-vertically-aligned-center is-layout-flow wp-block-column-is-layout-flow\">\n<h3 class=\"wp-block-heading\" style=\"margin-bottom:var(--wp--preset--spacing--h-3-bottom)\">Doble recubrimiento en polvo<\/h3>\n\n\n\n<p><strong><em>Perla con recubrimiento electrost\u00e1tico en polvo<\/em><\/strong><\/p>\n\n\n\n<p style=\"margin-bottom:var(--wp--preset--spacing--tb-section-padding)\">Las m\u00e1quinas de fuerza de la serie Evolve Ultra, con armaz\u00f3n recubierto de polvo electrost\u00e1tico negro perla mate, ejemplifican tanto la forma como la funci\u00f3n. Su atractivo est\u00e9tico se ve realzado por el acabado negro mate, mientras que sus caracter\u00edsticas pr\u00e1cticas, como la resistencia a la fricci\u00f3n, las propiedades anticorrosi\u00f3n y la resistencia a los ara\u00f1azos, garantizan que sea un compa\u00f1ero de fitness fiable y duradero.<\/p>\n<\/div>\n\n\n\n<div class=\"wp-block-column is-vertically-aligned-center is-layout-flow wp-block-column-is-layout-flow\">\n<figure class=\"wp-block-video\"><video height=\"720\" style=\"aspect-ratio: 1280 \/ 720;\" width=\"1280\" autoplay=\"\" controls=\"\" loop=\"\" muted=\"\" src=\"https:\/\/evolve-fitness.eu\/wp-content\/uploads\/2023\/10\/Evolve-Double-powder-coated-Frame.mp4\"><\/video><\/figure>\n<\/div>\n<\/div>\n\n\n\n<div class=\"wp-block-columns alignwide mobile-reverse is-layout-flex wp-container-core-columns-is-layout-ca64bf2d wp-block-columns-is-layout-flex\" style=\"margin-bottom:var(--wp--preset--spacing--side-padding)\">\n<div class=\"wp-block-column is-vertically-aligned-center is-layout-flow wp-block-column-is-layout-flow\">\n<figure class=\"wp-block-video\"><video height=\"720\" style=\"aspect-ratio: 1280 \/ 720;\" width=\"1280\" autoplay=\"\" controls=\"\" loop=\"\" muted=\"\" src=\"https:\/\/evolve-fitness.eu\/wp-content\/uploads\/2023\/10\/Evolve-cable.mp4\"><\/video><\/figure>\n<\/div>\n\n\n\n<div class=\"wp-block-column is-vertically-aligned-center is-layout-flow wp-block-column-is-layout-flow\">\n<h3 class=\"wp-block-heading\" style=\"margin-bottom:var(--wp--preset--spacing--h-3-bottom)\">Cable<\/h3>\n\n\n\n<p>Calidad superior<\/p>\n\n\n\n<p style=\"margin-bottom:var(--wp--preset--spacing--tb-section-padding)\">Las m\u00e1quinas de la serie Evolve Ultra utilizan cables de calidad superior, hay seis filamentos principales, y cada filamento consta de 19 hilos trenzados entre s\u00ed, material de Poliamida 12 (PA12) y un di\u00e1metro de 5 mm. Estos cables est\u00e1n dise\u00f1ados para ofrecer resistencia y durabilidad, con una fuerza de rotura de 9000 kN, lo que los convierte en la opci\u00f3n preferida para aplicaciones en las que se necesita una fiabilidad, durabilidad y rendimiento excepcionales.Al pasar de un ejercicio a otro, ya sean flexiones de b\u00edceps, press de pecho, dominadas o cualquier otra actividad de fortalecimiento, el rendimiento excepcional de los cables de la serie Evolve Ultra garantiza que sus movimientos sean suaves y la resistencia sea constante, lo que promueve una experiencia de entrenamiento que es a la vez eficaz y agradable.<\/p>\n<\/div>\n<\/div>\n<\/section>\n","protected":false},"excerpt":{"rendered":"<p>La m\u00e1quina de extensi\u00f3n de espalda selectorizada Evolve Serie Ultra (EV-SC-UL-400) est\u00e1 dise\u00f1ada para fortalecer la zona lumbar, los gl\u00fateos y el tronco con una resistencia suave y controlada. Su construcci\u00f3n duradera, soporte ergon\u00f3mico y f\u00e1cil ajuste del peso la convierten en una elecci\u00f3n fiable para gimnasios y atletas profesionales. <\/p>\n","protected":false},"featured_media":203143,"template":"","meta":{"_acf_changed":false,"inline_featured_image":false},"product_brand":[],"product_cat":[2598,3857],"product_tag":[],"class_list":{"0":"post-225979","1":"product","2":"type-product","3":"status-publish","4":"has-post-thumbnail","6":"product_cat-maquinas-selectorizadas","7":"product_cat-maquinas-selectorizadas-ultra-series-es","9":"first","10":"instock","11":"shipping-taxable","12":"purchasable","13":"product-type-simple"},"acf":{"long_title":"M\u00e1quina de extensi\u00f3n de espalda selectorizada Evolve Serie Ultra (UL-400)","subtitle":"","specifications":[{"label":"SKU","text_value":"EV-SC-UL-400","icon":"x"},{"label":"Dimensiones","text_value":"1240 \u00d7 1125 \u00d7 1602 mm","icon":"x"},{"label":"Peso","text_value":"300 kg","icon":"x"},{"label":"Pila de pesas","text_value":"85 kg","icon":"x"},{"label":"Plato de lastre superior","text_value":"2 x 2,5 kg","icon":"x"},{"label":"Grosor del marco","text_value":"3 mm","icon":"x"},{"label":"Plato de lastre superior  ","text_value":"","icon":"v"},{"label":"Posici\u00f3n de entrenamiento ajustable  ","text_value":"","icon":"v"},{"label":"Pasador magn\u00e9tico de la pila de pesas  ","text_value":"","icon":"v"},{"label":"Placa con instrucciones de formaci\u00f3n  ","text_value":"","icon":"v"},{"label":"Pila de pesas cubierta","text_value":"","icon":"v"},{"label":"Protectores de suelo duraderos","text_value":"","icon":"v"},{"label":"Pintura anticorrosiva","text_value":"","icon":"v"},{"label":"Tapicer\u00eda gruesa revestida de cuero PU","text_value":"","icon":"v"},{"label":"Cable de nylon  ","text_value":"","icon":"v"},{"label":"Asas antideslizantes","text_value":"","icon":"v"},{"label":"Botella de agua y estuche para accesorios","text_value":"2 a\u00f1os","icon":"v"},{"label":"Garant\u00eda","text_value":"2 a\u00f1os","icon":"x"}]},"yoast_head":"<!-- This site is optimized with the Yoast SEO plugin v26.6 - https:\/\/yoast.com\/wordpress\/plugins\/seo\/ -->\n<title>M\u00e1quina de extensi\u00f3n de espalda selectorizada Evolve Serie Ultra (UL-400) - Evolve<\/title>\n<meta name=\"description\" content=\"La m\u00e1quina de extensi\u00f3n de espalda selectorizada Evolve Serie Ultra (EV-SC-UL-400) est\u00e1 dise\u00f1ada para fortalecer la zona lumbar, los gl\u00fateos y el tronco con un movimiento controlado.\" \/>\n<meta name=\"robots\" content=\"index, follow, max-snippet:-1, max-image-preview:large, max-video-preview:-1\" \/>\n<link rel=\"canonical\" href=\"https:\/\/evolve-fitness.eu\/es\/producto\/maquina-de-extension-de-espalda-selectorizada-evolve-serie-ultra\/\" \/>\n<meta property=\"og:locale\" content=\"es_ES\" \/>\n<meta property=\"og:type\" content=\"article\" \/>\n<meta property=\"og:title\" content=\"M\u00e1quina de extensi\u00f3n de espalda selectorizada Evolve Serie Ultra (UL-400) - Evolve\" \/>\n<meta property=\"og:description\" content=\"La m\u00e1quina de extensi\u00f3n de espalda selectorizada Evolve Serie Ultra (EV-SC-UL-400) est\u00e1 dise\u00f1ada para fortalecer la zona lumbar, los gl\u00fateos y el tronco con un movimiento controlado.\" \/>\n<meta property=\"og:url\" content=\"https:\/\/evolve-fitness.eu\/es\/producto\/maquina-de-extension-de-espalda-selectorizada-evolve-serie-ultra\/\" \/>\n<meta property=\"og:site_name\" content=\"Evolve\" \/>\n<meta property=\"article:publisher\" content=\"https:\/\/www.facebook.com\/EvolveFitnessEurope\" \/>\n<meta property=\"article:modified_time\" content=\"2026-03-26T09:37:41+00:00\" \/>\n<meta property=\"og:image\" content=\"https:\/\/evolve-fitness.eu\/wp-content\/uploads\/2025\/08\/EV-SC-UL-400-Evolve-Ultra-Series-Back-Extension.png\" \/>\n\t<meta property=\"og:image:width\" content=\"1500\" \/>\n\t<meta property=\"og:image:height\" content=\"1500\" \/>\n\t<meta property=\"og:image:type\" content=\"image\/png\" \/>\n<meta name=\"twitter:card\" content=\"summary_large_image\" \/>\n<script type=\"application\/ld+json\" class=\"yoast-schema-graph\">{\"@context\":\"https:\/\/schema.org\",\"@graph\":[{\"@type\":\"WebPage\",\"@id\":\"https:\/\/evolve-fitness.eu\/es\/producto\/maquina-de-extension-de-espalda-selectorizada-evolve-serie-ultra\/\",\"url\":\"https:\/\/evolve-fitness.eu\/es\/producto\/maquina-de-extension-de-espalda-selectorizada-evolve-serie-ultra\/\",\"name\":\"M\u00e1quina de extensi\u00f3n de espalda selectorizada Evolve Serie Ultra (UL-400) - Evolve\",\"isPartOf\":{\"@id\":\"https:\/\/evolve-fitness.eu\/es\/#website\"},\"primaryImageOfPage\":{\"@id\":\"https:\/\/evolve-fitness.eu\/es\/producto\/maquina-de-extension-de-espalda-selectorizada-evolve-serie-ultra\/#primaryimage\"},\"image\":{\"@id\":\"https:\/\/evolve-fitness.eu\/es\/producto\/maquina-de-extension-de-espalda-selectorizada-evolve-serie-ultra\/#primaryimage\"},\"thumbnailUrl\":\"https:\/\/evolve-fitness.eu\/wp-content\/uploads\/2025\/08\/EV-SC-UL-400-Evolve-Ultra-Series-Back-Extension.png\",\"datePublished\":\"2025-08-22T07:46:41+00:00\",\"dateModified\":\"2026-03-26T09:37:41+00:00\",\"description\":\"La m\u00e1quina de extensi\u00f3n de espalda selectorizada Evolve Serie Ultra (EV-SC-UL-400) est\u00e1 dise\u00f1ada para fortalecer la zona lumbar, los gl\u00fateos y el tronco con un movimiento controlado.\",\"breadcrumb\":{\"@id\":\"https:\/\/evolve-fitness.eu\/es\/producto\/maquina-de-extension-de-espalda-selectorizada-evolve-serie-ultra\/#breadcrumb\"},\"inLanguage\":\"es\",\"potentialAction\":[{\"@type\":\"ReadAction\",\"target\":[\"https:\/\/evolve-fitness.eu\/es\/producto\/maquina-de-extension-de-espalda-selectorizada-evolve-serie-ultra\/\"]}]},{\"@type\":\"ImageObject\",\"inLanguage\":\"es\",\"@id\":\"https:\/\/evolve-fitness.eu\/es\/producto\/maquina-de-extension-de-espalda-selectorizada-evolve-serie-ultra\/#primaryimage\",\"url\":\"https:\/\/evolve-fitness.eu\/wp-content\/uploads\/2025\/08\/EV-SC-UL-400-Evolve-Ultra-Series-Back-Extension.png\",\"contentUrl\":\"https:\/\/evolve-fitness.eu\/wp-content\/uploads\/2025\/08\/EV-SC-UL-400-Evolve-Ultra-Series-Back-Extension.png\",\"width\":1500,\"height\":1500},{\"@type\":\"BreadcrumbList\",\"@id\":\"https:\/\/evolve-fitness.eu\/es\/producto\/maquina-de-extension-de-espalda-selectorizada-evolve-serie-ultra\/#breadcrumb\",\"itemListElement\":[{\"@type\":\"ListItem\",\"position\":1,\"name\":\"Home\",\"item\":\"https:\/\/evolve-fitness.eu\/es\/\"},{\"@type\":\"ListItem\",\"position\":2,\"name\":\"Productos\",\"item\":\"https:\/\/evolve-fitness.eu\/es\/shop\/\"},{\"@type\":\"ListItem\",\"position\":3,\"name\":\"M\u00e1quina de extensi\u00f3n de espalda selectorizada Evolve Serie Ultra (UL-400)\"}]},{\"@type\":\"WebSite\",\"@id\":\"https:\/\/evolve-fitness.eu\/es\/#website\",\"url\":\"https:\/\/evolve-fitness.eu\/es\/\",\"name\":\"Evolve\",\"description\":\"Your Evolved Gear Arrived\",\"publisher\":{\"@id\":\"https:\/\/evolve-fitness.eu\/es\/#organization\"},\"potentialAction\":[{\"@type\":\"SearchAction\",\"target\":{\"@type\":\"EntryPoint\",\"urlTemplate\":\"https:\/\/evolve-fitness.eu\/es\/?s={search_term_string}\"},\"query-input\":{\"@type\":\"PropertyValueSpecification\",\"valueRequired\":true,\"valueName\":\"search_term_string\"}}],\"inLanguage\":\"es\"},{\"@type\":\"Organization\",\"@id\":\"https:\/\/evolve-fitness.eu\/es\/#organization\",\"name\":\"Evolve\",\"url\":\"https:\/\/evolve-fitness.eu\/es\/\",\"logo\":{\"@type\":\"ImageObject\",\"inLanguage\":\"es\",\"@id\":\"https:\/\/evolve-fitness.eu\/es\/#\/schema\/logo\/image\/\",\"url\":\"https:\/\/evolve-fitness.eu\/wp-content\/uploads\/2023\/05\/Evolve-logo.svg\",\"contentUrl\":\"https:\/\/evolve-fitness.eu\/wp-content\/uploads\/2023\/05\/Evolve-logo.svg\",\"width\":176,\"height\":20,\"caption\":\"Evolve\"},\"image\":{\"@id\":\"https:\/\/evolve-fitness.eu\/es\/#\/schema\/logo\/image\/\"},\"sameAs\":[\"https:\/\/www.facebook.com\/EvolveFitnessEurope\"]}]}<\/script>\n<!-- \/ Yoast SEO plugin. -->","yoast_head_json":{"title":"M\u00e1quina de extensi\u00f3n de espalda selectorizada Evolve Serie Ultra (UL-400) - Evolve","description":"La m\u00e1quina de extensi\u00f3n de espalda selectorizada Evolve Serie Ultra (EV-SC-UL-400) est\u00e1 dise\u00f1ada para fortalecer la zona lumbar, los gl\u00fateos y el tronco con un movimiento controlado.","robots":{"index":"index","follow":"follow","max-snippet":"max-snippet:-1","max-image-preview":"max-image-preview:large","max-video-preview":"max-video-preview:-1"},"canonical":"https:\/\/evolve-fitness.eu\/es\/producto\/maquina-de-extension-de-espalda-selectorizada-evolve-serie-ultra\/","og_locale":"es_ES","og_type":"article","og_title":"M\u00e1quina de extensi\u00f3n de espalda selectorizada Evolve Serie Ultra (UL-400) - Evolve","og_description":"La m\u00e1quina de extensi\u00f3n de espalda selectorizada Evolve Serie Ultra (EV-SC-UL-400) est\u00e1 dise\u00f1ada para fortalecer la zona lumbar, los gl\u00fateos y el tronco con un movimiento controlado.","og_url":"https:\/\/evolve-fitness.eu\/es\/producto\/maquina-de-extension-de-espalda-selectorizada-evolve-serie-ultra\/","og_site_name":"Evolve","article_publisher":"https:\/\/www.facebook.com\/EvolveFitnessEurope","article_modified_time":"2026-03-26T09:37:41+00:00","og_image":[{"width":1500,"height":1500,"url":"https:\/\/evolve-fitness.eu\/wp-content\/uploads\/2025\/08\/EV-SC-UL-400-Evolve-Ultra-Series-Back-Extension.png","type":"image\/png"}],"twitter_card":"summary_large_image","schema":{"@context":"https:\/\/schema.org","@graph":[{"@type":"WebPage","@id":"https:\/\/evolve-fitness.eu\/es\/producto\/maquina-de-extension-de-espalda-selectorizada-evolve-serie-ultra\/","url":"https:\/\/evolve-fitness.eu\/es\/producto\/maquina-de-extension-de-espalda-selectorizada-evolve-serie-ultra\/","name":"M\u00e1quina de extensi\u00f3n de espalda selectorizada Evolve Serie Ultra (UL-400) - Evolve","isPartOf":{"@id":"https:\/\/evolve-fitness.eu\/es\/#website"},"primaryImageOfPage":{"@id":"https:\/\/evolve-fitness.eu\/es\/producto\/maquina-de-extension-de-espalda-selectorizada-evolve-serie-ultra\/#primaryimage"},"image":{"@id":"https:\/\/evolve-fitness.eu\/es\/producto\/maquina-de-extension-de-espalda-selectorizada-evolve-serie-ultra\/#primaryimage"},"thumbnailUrl":"https:\/\/evolve-fitness.eu\/wp-content\/uploads\/2025\/08\/EV-SC-UL-400-Evolve-Ultra-Series-Back-Extension.png","datePublished":"2025-08-22T07:46:41+00:00","dateModified":"2026-03-26T09:37:41+00:00","description":"La m\u00e1quina de extensi\u00f3n de espalda selectorizada Evolve Serie Ultra (EV-SC-UL-400) est\u00e1 dise\u00f1ada para fortalecer la zona lumbar, los gl\u00fateos y el tronco con un movimiento controlado.","breadcrumb":{"@id":"https:\/\/evolve-fitness.eu\/es\/producto\/maquina-de-extension-de-espalda-selectorizada-evolve-serie-ultra\/#breadcrumb"},"inLanguage":"es","potentialAction":[{"@type":"ReadAction","target":["https:\/\/evolve-fitness.eu\/es\/producto\/maquina-de-extension-de-espalda-selectorizada-evolve-serie-ultra\/"]}]},{"@type":"ImageObject","inLanguage":"es","@id":"https:\/\/evolve-fitness.eu\/es\/producto\/maquina-de-extension-de-espalda-selectorizada-evolve-serie-ultra\/#primaryimage","url":"https:\/\/evolve-fitness.eu\/wp-content\/uploads\/2025\/08\/EV-SC-UL-400-Evolve-Ultra-Series-Back-Extension.png","contentUrl":"https:\/\/evolve-fitness.eu\/wp-content\/uploads\/2025\/08\/EV-SC-UL-400-Evolve-Ultra-Series-Back-Extension.png","width":1500,"height":1500},{"@type":"BreadcrumbList","@id":"https:\/\/evolve-fitness.eu\/es\/producto\/maquina-de-extension-de-espalda-selectorizada-evolve-serie-ultra\/#breadcrumb","itemListElement":[{"@type":"ListItem","position":1,"name":"Home","item":"https:\/\/evolve-fitness.eu\/es\/"},{"@type":"ListItem","position":2,"name":"Productos","item":"https:\/\/evolve-fitness.eu\/es\/shop\/"},{"@type":"ListItem","position":3,"name":"M\u00e1quina de extensi\u00f3n de espalda selectorizada Evolve Serie Ultra (UL-400)"}]},{"@type":"WebSite","@id":"https:\/\/evolve-fitness.eu\/es\/#website","url":"https:\/\/evolve-fitness.eu\/es\/","name":"Evolve","description":"Your Evolved Gear Arrived","publisher":{"@id":"https:\/\/evolve-fitness.eu\/es\/#organization"},"potentialAction":[{"@type":"SearchAction","target":{"@type":"EntryPoint","urlTemplate":"https:\/\/evolve-fitness.eu\/es\/?s={search_term_string}"},"query-input":{"@type":"PropertyValueSpecification","valueRequired":true,"valueName":"search_term_string"}}],"inLanguage":"es"},{"@type":"Organization","@id":"https:\/\/evolve-fitness.eu\/es\/#organization","name":"Evolve","url":"https:\/\/evolve-fitness.eu\/es\/","logo":{"@type":"ImageObject","inLanguage":"es","@id":"https:\/\/evolve-fitness.eu\/es\/#\/schema\/logo\/image\/","url":"https:\/\/evolve-fitness.eu\/wp-content\/uploads\/2023\/05\/Evolve-logo.svg","contentUrl":"https:\/\/evolve-fitness.eu\/wp-content\/uploads\/2023\/05\/Evolve-logo.svg","width":176,"height":20,"caption":"Evolve"},"image":{"@id":"https:\/\/evolve-fitness.eu\/es\/#\/schema\/logo\/image\/"},"sameAs":["https:\/\/www.facebook.com\/EvolveFitnessEurope"]}]}},"_links":{"self":[{"href":"https:\/\/evolve-fitness.eu\/es\/wp-json\/wp\/v2\/product\/225979","targetHints":{"allow":["GET"]}}],"collection":[{"href":"https:\/\/evolve-fitness.eu\/es\/wp-json\/wp\/v2\/product"}],"about":[{"href":"https:\/\/evolve-fitness.eu\/es\/wp-json\/wp\/v2\/types\/product"}],"wp:featuredmedia":[{"embeddable":true,"href":"https:\/\/evolve-fitness.eu\/es\/wp-json\/wp\/v2\/media\/203143"}],"wp:attachment":[{"href":"https:\/\/evolve-fitness.eu\/es\/wp-json\/wp\/v2\/media?parent=225979"}],"wp:term":[{"taxonomy":"product_brand","embeddable":true,"href":"https:\/\/evolve-fitness.eu\/es\/wp-json\/wp\/v2\/product_brand?post=225979"},{"taxonomy":"product_cat","embeddable":true,"href":"https:\/\/evolve-fitness.eu\/es\/wp-json\/wp\/v2\/product_cat?post=225979"},{"taxonomy":"product_tag","embeddable":true,"href":"https:\/\/evolve-fitness.eu\/es\/wp-json\/wp\/v2\/product_tag?post=225979"}],"curies":[{"name":"wp","href":"https:\/\/api.w.org\/{rel}","templated":true}]}}