{"id":226181,"date":"2025-06-26T11:52:42","date_gmt":"2025-06-26T11:52:42","guid":{"rendered":"https:\/\/evolve-fitness.eu\/product\/elevacion-lateral-con-carga-de-placas-evolve-serie-ultra\/"},"modified":"2026-03-31T15:33:39","modified_gmt":"2026-03-31T12:33:39","slug":"elevacion-lateral-con-carga-de-placas-evolve-serie-ultra","status":"publish","type":"product","link":"https:\/\/evolve-fitness.eu\/es\/producto\/elevacion-lateral-con-carga-de-placas-evolve-serie-ultra\/","title":{"rendered":"Elevaci\u00f3n lateral con carga de placas Evolve Ultra Series"},"content":{"rendered":"\n<section class=\"wp-block-group alignfull has-lightgray-background-color has-background is-layout-constrained wp-block-group-is-layout-constrained\">\n<div class=\"wp-block-columns alignwide is-layout-flex wp-container-core-columns-is-layout-2edb0647 wp-block-columns-is-layout-flex\" style=\"margin-top:0;margin-bottom:0\">\n<div class=\"wp-block-column is-layout-flow wp-block-column-is-layout-flow\" style=\"flex-basis:33.33%\"><\/div>\n\n\n\n<div class=\"wp-block-column is-layout-flow wp-block-column-is-layout-flow\" style=\"flex-basis:66.66%\"><\/div>\n<\/div>\n<\/section>\n\n<section class=\"wp-block-group alignfull black-content has-white-color has-darkgray-background-color has-text-color has-background is-layout-constrained wp-block-group-is-layout-constrained\" style=\"padding-top:var(--wp--preset--spacing--section-bottom);padding-bottom:var(--wp--preset--spacing--section-bottom)\">\n<div class=\"wp-block-columns alignwide mobile-reverse is-layout-flex wp-container-core-columns-is-layout-ca64bf2d wp-block-columns-is-layout-flex\" style=\"margin-bottom:var(--wp--preset--spacing--side-padding)\">\n<div class=\"wp-block-column is-vertically-aligned-center is-layout-flow wp-block-column-is-layout-flow\">\n<h3 class=\"wp-block-heading\" style=\"margin-bottom:var(--wp--preset--spacing--h-3-bottom)\"><strong><strong><strong><strong><strong><strong><strong><strong><strong><strong><strong>Elevaci\u00f3n lateral con carga de placas Evolve Ultra Series<\/strong><\/strong><\/strong><\/strong><\/strong><\/strong><\/strong><\/strong><\/strong><\/strong><\/strong><\/h3>\n\n\n\n<p style=\"margin-bottom:var(--wp--preset--spacing--tb-section-padding)\">La Elevaci\u00f3n Lateral Cargada con Placa de la Serie Evolve Ultra est\u00e1 dise\u00f1ada para proporcionar una activaci\u00f3n espec\u00edfica de los m\u00fasculos deltoides laterales, lo que la convierte en una m\u00e1quina esencial para desarrollar la anchura y la definici\u00f3n de los hombros. Con su patr\u00f3n de movimiento biomec\u00e1nicamente preciso, favorece la alineaci\u00f3n natural de las articulaciones y minimiza la tensi\u00f3n, permitiendo a los usuarios realizar el ejercicio con una amplitud de movimiento completa y un compromiso muscular \u00f3ptimo. <\/p>\n\n\n\n<p style=\"margin-bottom:var(--wp--preset--spacing--tb-section-padding)\">Los brazos de movimiento independiente permiten el entrenamiento unilateral, ayudando a corregir los desequilibrios musculares y garantizando un desarrollo sim\u00e9trico. Las empu\u00f1aduras tienen forma ergon\u00f3mica y est\u00e1n acolchadas para mayor comodidad, mientras que la trayectoria de movimiento de los brazos es suave y consistente bajo carga. Un sistema de ajuste asistido por gas con una sola mano permite personalizar la altura del asiento de forma r\u00e1pida y sencilla, adapt\u00e1ndose a usuarios de distintas tallas.  <\/p>\n\n\n\n<p style=\"margin-bottom:var(--wp--preset--spacing--tb-section-padding)\">Construida con un bastidor de acero de alta resistencia y recubierta con un duradero acabado en polvo negro mate, la EV-PL-UL-340 ofrece estabilidad a largo plazo y resistencia a la corrosi\u00f3n. Los materiales de primera calidad, la tapicer\u00eda reforzada y su tama\u00f1o compacto hacen que esta m\u00e1quina sea ideal para gimnasios comerciales, centros de entrenamiento de alto rendimiento y gimnasios dom\u00e9sticos especializados. <\/p>\n<\/div>\n\n\n\n<div class=\"wp-block-column is-vertically-aligned-center is-layout-flow wp-block-column-is-layout-flow\">\n<figure class=\"wp-block-image size-full is-style-rounded\"><img loading=\"lazy\" decoding=\"async\" width=\"2200\" height=\"2200\" src=\"https:\/\/evolve-fitness.eu\/wp-content\/uploads\/2025\/06\/EV-PL-UL-340-Evolve-Ultra-Series-Plate-Loaded-Lateral-Raise-1.png\" alt=\"\" class=\"wp-image-200060\" srcset=\"https:\/\/evolve-fitness.eu\/wp-content\/uploads\/2025\/06\/EV-PL-UL-340-Evolve-Ultra-Series-Plate-Loaded-Lateral-Raise-1.png 2200w, https:\/\/evolve-fitness.eu\/wp-content\/uploads\/2025\/06\/EV-PL-UL-340-Evolve-Ultra-Series-Plate-Loaded-Lateral-Raise-1-300x300.png 300w, https:\/\/evolve-fitness.eu\/wp-content\/uploads\/2025\/06\/EV-PL-UL-340-Evolve-Ultra-Series-Plate-Loaded-Lateral-Raise-1-1024x1024.png 1024w, https:\/\/evolve-fitness.eu\/wp-content\/uploads\/2025\/06\/EV-PL-UL-340-Evolve-Ultra-Series-Plate-Loaded-Lateral-Raise-1-150x150.png 150w, https:\/\/evolve-fitness.eu\/wp-content\/uploads\/2025\/06\/EV-PL-UL-340-Evolve-Ultra-Series-Plate-Loaded-Lateral-Raise-1-768x768.png 768w, https:\/\/evolve-fitness.eu\/wp-content\/uploads\/2025\/06\/EV-PL-UL-340-Evolve-Ultra-Series-Plate-Loaded-Lateral-Raise-1-1536x1536.png 1536w, https:\/\/evolve-fitness.eu\/wp-content\/uploads\/2025\/06\/EV-PL-UL-340-Evolve-Ultra-Series-Plate-Loaded-Lateral-Raise-1-2048x2048.png 2048w, https:\/\/evolve-fitness.eu\/wp-content\/uploads\/2025\/06\/EV-PL-UL-340-Evolve-Ultra-Series-Plate-Loaded-Lateral-Raise-1-600x600.png 600w\" sizes=\"auto, (max-width: 2200px) 100vw, 2200px\" \/><\/figure>\n<\/div>\n<\/div>\n<\/section>\n","protected":false},"excerpt":{"rendered":"<p>La Elevaci\u00f3n Lateral Cargada con Placa de la Serie Evolve Ultra est\u00e1 dise\u00f1ada para proporcionar una activaci\u00f3n espec\u00edfica de los m\u00fasculos deltoides laterales, lo que la convierte en una m\u00e1quina esencial para desarrollar la anchura y la definici\u00f3n de los hombros. Con su patr\u00f3n de movimiento biomec\u00e1nicamente preciso, favorece la alineaci\u00f3n natural de las articulaciones y minimiza la tensi\u00f3n, permitiendo a los usuarios realizar el ejercicio con una amplitud de movimiento completa y un compromiso muscular \u00f3ptimo. <\/p>\n","protected":false},"featured_media":200058,"template":"","meta":{"_acf_changed":false,"inline_featured_image":false},"product_brand":[],"product_cat":[2949,2950],"product_tag":[],"class_list":{"0":"post-226181","1":"product","2":"type-product","3":"status-publish","4":"has-post-thumbnail","6":"product_cat-maquinas-de-carga-de-placas","7":"product_cat-maquinas-de-placas-ultra-series","9":"first","10":"instock","11":"shipping-taxable","12":"purchasable","13":"product-type-simple"},"acf":{"long_title":"Elevaci\u00f3n lateral con carga de placas Evolve Ultra Series","subtitle":"","specifications":[{"label":"SKU","text_value":"EV-PL-UL-340","icon":"x"},{"label":"Dimensiones","text_value":"2138 x 1073 x 1681 mm","icon":"x"},{"label":"Peso","text_value":"168 kg","icon":"x"},{"label":"Max. carga","text_value":"100 kg (2 x 50 kg)","icon":"x"},{"label":"Peso m\u00e1ximo del usuario","text_value":"180 kg","icon":"x"},{"label":"Soportes para carga por resistencia","text_value":"4","icon":"x"},{"label":"Altura regulable de la plataforma de bipedestaci\u00f3n","text_value":"6 posiciones","icon":"x"},{"label":"Soportes para platos de pesas","text_value":"2","icon":"x"},{"label":"Grosor del marco","text_value":"3 mm","icon":"x"},{"label":"Resistencia","text_value":"mediante la carga de placas de peso con una abertura de manguito de 51 mm","icon":"x"},{"label":"Acolchado integrado dise\u00f1ado para apoyar la cabeza y entrenar el deltoides posterior","text_value":"","icon":"v"},{"label":"Dos pares de asas colocadas a diferentes alturas","text_value":"","icon":"v"},{"label":"Placa con instrucciones de formaci\u00f3n  ","text_value":"","icon":"v"},{"label":"Plataforma antideslizante de acero con una textura especial","text_value":"","icon":"v"},{"label":"Tapicer\u00eda recubierta de piel sint\u00e9tica antibacteriana","text_value":"2 a\u00f1os","icon":"v"},{"label":"Marco met\u00e1lico sin bordes afilados","text_value":"","icon":"v"},{"label":"Pintura anticorrosi\u00f3n","text_value":"","icon":"v"},{"label":"Asas antideslizantes","text_value":"2 a\u00f1os","icon":"v"},{"label":"Protectores de suelo duraderos","text_value":"","icon":"v"},{"label":"Garant\u00eda","text_value":"2 a\u00f1os","icon":"x"}],"product_frequently_asked_questions":null},"yoast_head":"<!-- This site is optimized with the Yoast SEO plugin v27.4 - https:\/\/yoast.com\/product\/yoast-seo-wordpress\/ -->\n<title>Elevaci\u00f3n lateral con carga de placas Evolve Ultra Series - Evolve<\/title>\n<meta name=\"description\" content=\"La elevaci\u00f3n lateral cargada con placas de la serie Evolve Ultra est\u00e1 dise\u00f1ada para activar de forma espec\u00edfica los m\u00fasculos deltoides laterales\" \/>\n<meta name=\"robots\" content=\"index, follow, max-snippet:-1, max-image-preview:large, max-video-preview:-1\" \/>\n<link rel=\"canonical\" href=\"https:\/\/evolve-fitness.eu\/es\/producto\/elevacion-lateral-con-carga-de-placas-evolve-serie-ultra\/\" \/>\n<meta property=\"og:locale\" content=\"es_ES\" \/>\n<meta property=\"og:type\" content=\"article\" \/>\n<meta property=\"og:title\" content=\"Elevaci\u00f3n lateral con carga de placas Evolve Ultra Series - Evolve\" \/>\n<meta property=\"og:description\" content=\"La elevaci\u00f3n lateral cargada con placas de la serie Evolve Ultra est\u00e1 dise\u00f1ada para activar de forma espec\u00edfica los m\u00fasculos deltoides laterales\" \/>\n<meta property=\"og:url\" content=\"https:\/\/evolve-fitness.eu\/es\/producto\/elevacion-lateral-con-carga-de-placas-evolve-serie-ultra\/\" \/>\n<meta property=\"og:site_name\" content=\"Evolve\" \/>\n<meta property=\"article:publisher\" content=\"https:\/\/www.facebook.com\/EvolveFitnessEurope\" \/>\n<meta property=\"article:modified_time\" content=\"2026-03-31T12:33:39+00:00\" \/>\n<meta property=\"og:image\" content=\"https:\/\/evolve-fitness.eu\/wp-content\/uploads\/2025\/06\/EV-PL-UL-340-Evolve-Ultra-Series-Plate-Loaded-Lateral-Raise.png\" \/>\n\t<meta property=\"og:image:width\" content=\"2200\" \/>\n\t<meta property=\"og:image:height\" content=\"2200\" \/>\n\t<meta property=\"og:image:type\" content=\"image\/png\" \/>\n<meta name=\"twitter:card\" content=\"summary_large_image\" \/>\n<script type=\"application\/ld+json\" class=\"yoast-schema-graph\">{\"@context\":\"https:\\\/\\\/schema.org\",\"@graph\":[{\"@type\":\"WebPage\",\"@id\":\"https:\\\/\\\/evolve-fitness.eu\\\/es\\\/producto\\\/elevacion-lateral-con-carga-de-placas-evolve-serie-ultra\\\/\",\"url\":\"https:\\\/\\\/evolve-fitness.eu\\\/es\\\/producto\\\/elevacion-lateral-con-carga-de-placas-evolve-serie-ultra\\\/\",\"name\":\"Elevaci\u00f3n lateral con carga de placas Evolve Ultra Series - Evolve\",\"isPartOf\":{\"@id\":\"https:\\\/\\\/evolve-fitness.eu\\\/es\\\/#website\"},\"primaryImageOfPage\":{\"@id\":\"https:\\\/\\\/evolve-fitness.eu\\\/es\\\/producto\\\/elevacion-lateral-con-carga-de-placas-evolve-serie-ultra\\\/#primaryimage\"},\"image\":{\"@id\":\"https:\\\/\\\/evolve-fitness.eu\\\/es\\\/producto\\\/elevacion-lateral-con-carga-de-placas-evolve-serie-ultra\\\/#primaryimage\"},\"thumbnailUrl\":\"https:\\\/\\\/evolve-fitness.eu\\\/wp-content\\\/uploads\\\/2025\\\/06\\\/EV-PL-UL-340-Evolve-Ultra-Series-Plate-Loaded-Lateral-Raise.png\",\"datePublished\":\"2025-06-26T11:52:42+00:00\",\"dateModified\":\"2026-03-31T12:33:39+00:00\",\"description\":\"La elevaci\u00f3n lateral cargada con placas de la serie Evolve Ultra est\u00e1 dise\u00f1ada para activar de forma espec\u00edfica los m\u00fasculos deltoides laterales\",\"breadcrumb\":{\"@id\":\"https:\\\/\\\/evolve-fitness.eu\\\/es\\\/producto\\\/elevacion-lateral-con-carga-de-placas-evolve-serie-ultra\\\/#breadcrumb\"},\"inLanguage\":\"es\",\"potentialAction\":[{\"@type\":\"ReadAction\",\"target\":[\"https:\\\/\\\/evolve-fitness.eu\\\/es\\\/producto\\\/elevacion-lateral-con-carga-de-placas-evolve-serie-ultra\\\/\"]}]},{\"@type\":\"ImageObject\",\"inLanguage\":\"es\",\"@id\":\"https:\\\/\\\/evolve-fitness.eu\\\/es\\\/producto\\\/elevacion-lateral-con-carga-de-placas-evolve-serie-ultra\\\/#primaryimage\",\"url\":\"https:\\\/\\\/evolve-fitness.eu\\\/wp-content\\\/uploads\\\/2025\\\/06\\\/EV-PL-UL-340-Evolve-Ultra-Series-Plate-Loaded-Lateral-Raise.png\",\"contentUrl\":\"https:\\\/\\\/evolve-fitness.eu\\\/wp-content\\\/uploads\\\/2025\\\/06\\\/EV-PL-UL-340-Evolve-Ultra-Series-Plate-Loaded-Lateral-Raise.png\",\"width\":2200,\"height\":2200},{\"@type\":\"BreadcrumbList\",\"@id\":\"https:\\\/\\\/evolve-fitness.eu\\\/es\\\/producto\\\/elevacion-lateral-con-carga-de-placas-evolve-serie-ultra\\\/#breadcrumb\",\"itemListElement\":[{\"@type\":\"ListItem\",\"position\":1,\"name\":\"Home\",\"item\":\"https:\\\/\\\/evolve-fitness.eu\\\/es\\\/\"},{\"@type\":\"ListItem\",\"position\":2,\"name\":\"Productos\",\"item\":\"https:\\\/\\\/evolve-fitness.eu\\\/es\\\/shop\\\/\"},{\"@type\":\"ListItem\",\"position\":3,\"name\":\"Elevaci\u00f3n lateral con carga de placas Evolve Ultra Series\"}]},{\"@type\":\"WebSite\",\"@id\":\"https:\\\/\\\/evolve-fitness.eu\\\/es\\\/#website\",\"url\":\"https:\\\/\\\/evolve-fitness.eu\\\/es\\\/\",\"name\":\"Evolve\",\"description\":\"Your Evolved Gear Arrived\",\"publisher\":{\"@id\":\"https:\\\/\\\/evolve-fitness.eu\\\/es\\\/#organization\"},\"potentialAction\":[{\"@type\":\"SearchAction\",\"target\":{\"@type\":\"EntryPoint\",\"urlTemplate\":\"https:\\\/\\\/evolve-fitness.eu\\\/es\\\/?s={search_term_string}\"},\"query-input\":{\"@type\":\"PropertyValueSpecification\",\"valueRequired\":true,\"valueName\":\"search_term_string\"}}],\"inLanguage\":\"es\"},{\"@type\":\"Organization\",\"@id\":\"https:\\\/\\\/evolve-fitness.eu\\\/es\\\/#organization\",\"name\":\"Evolve\",\"url\":\"https:\\\/\\\/evolve-fitness.eu\\\/es\\\/\",\"logo\":{\"@type\":\"ImageObject\",\"inLanguage\":\"es\",\"@id\":\"https:\\\/\\\/evolve-fitness.eu\\\/es\\\/#\\\/schema\\\/logo\\\/image\\\/\",\"url\":\"https:\\\/\\\/evolve-fitness.eu\\\/wp-content\\\/uploads\\\/2023\\\/05\\\/Evolve-logo.svg\",\"contentUrl\":\"https:\\\/\\\/evolve-fitness.eu\\\/wp-content\\\/uploads\\\/2023\\\/05\\\/Evolve-logo.svg\",\"width\":176,\"height\":20,\"caption\":\"Evolve\"},\"image\":{\"@id\":\"https:\\\/\\\/evolve-fitness.eu\\\/es\\\/#\\\/schema\\\/logo\\\/image\\\/\"},\"sameAs\":[\"https:\\\/\\\/www.facebook.com\\\/EvolveFitnessEurope\"]}]}<\/script>\n<!-- \/ Yoast SEO plugin. -->","yoast_head_json":{"title":"Elevaci\u00f3n lateral con carga de placas Evolve Ultra Series - Evolve","description":"La elevaci\u00f3n lateral cargada con placas de la serie Evolve Ultra est\u00e1 dise\u00f1ada para activar de forma espec\u00edfica los m\u00fasculos deltoides laterales","robots":{"index":"index","follow":"follow","max-snippet":"max-snippet:-1","max-image-preview":"max-image-preview:large","max-video-preview":"max-video-preview:-1"},"canonical":"https:\/\/evolve-fitness.eu\/es\/producto\/elevacion-lateral-con-carga-de-placas-evolve-serie-ultra\/","og_locale":"es_ES","og_type":"article","og_title":"Elevaci\u00f3n lateral con carga de placas Evolve Ultra Series - Evolve","og_description":"La elevaci\u00f3n lateral cargada con placas de la serie Evolve Ultra est\u00e1 dise\u00f1ada para activar de forma espec\u00edfica los m\u00fasculos deltoides laterales","og_url":"https:\/\/evolve-fitness.eu\/es\/producto\/elevacion-lateral-con-carga-de-placas-evolve-serie-ultra\/","og_site_name":"Evolve","article_publisher":"https:\/\/www.facebook.com\/EvolveFitnessEurope","article_modified_time":"2026-03-31T12:33:39+00:00","og_image":[{"width":2200,"height":2200,"url":"https:\/\/evolve-fitness.eu\/wp-content\/uploads\/2025\/06\/EV-PL-UL-340-Evolve-Ultra-Series-Plate-Loaded-Lateral-Raise.png","type":"image\/png"}],"twitter_card":"summary_large_image","schema":{"@context":"https:\/\/schema.org","@graph":[{"@type":"WebPage","@id":"https:\/\/evolve-fitness.eu\/es\/producto\/elevacion-lateral-con-carga-de-placas-evolve-serie-ultra\/","url":"https:\/\/evolve-fitness.eu\/es\/producto\/elevacion-lateral-con-carga-de-placas-evolve-serie-ultra\/","name":"Elevaci\u00f3n lateral con carga de placas Evolve Ultra Series - Evolve","isPartOf":{"@id":"https:\/\/evolve-fitness.eu\/es\/#website"},"primaryImageOfPage":{"@id":"https:\/\/evolve-fitness.eu\/es\/producto\/elevacion-lateral-con-carga-de-placas-evolve-serie-ultra\/#primaryimage"},"image":{"@id":"https:\/\/evolve-fitness.eu\/es\/producto\/elevacion-lateral-con-carga-de-placas-evolve-serie-ultra\/#primaryimage"},"thumbnailUrl":"https:\/\/evolve-fitness.eu\/wp-content\/uploads\/2025\/06\/EV-PL-UL-340-Evolve-Ultra-Series-Plate-Loaded-Lateral-Raise.png","datePublished":"2025-06-26T11:52:42+00:00","dateModified":"2026-03-31T12:33:39+00:00","description":"La elevaci\u00f3n lateral cargada con placas de la serie Evolve Ultra est\u00e1 dise\u00f1ada para activar de forma espec\u00edfica los m\u00fasculos deltoides laterales","breadcrumb":{"@id":"https:\/\/evolve-fitness.eu\/es\/producto\/elevacion-lateral-con-carga-de-placas-evolve-serie-ultra\/#breadcrumb"},"inLanguage":"es","potentialAction":[{"@type":"ReadAction","target":["https:\/\/evolve-fitness.eu\/es\/producto\/elevacion-lateral-con-carga-de-placas-evolve-serie-ultra\/"]}]},{"@type":"ImageObject","inLanguage":"es","@id":"https:\/\/evolve-fitness.eu\/es\/producto\/elevacion-lateral-con-carga-de-placas-evolve-serie-ultra\/#primaryimage","url":"https:\/\/evolve-fitness.eu\/wp-content\/uploads\/2025\/06\/EV-PL-UL-340-Evolve-Ultra-Series-Plate-Loaded-Lateral-Raise.png","contentUrl":"https:\/\/evolve-fitness.eu\/wp-content\/uploads\/2025\/06\/EV-PL-UL-340-Evolve-Ultra-Series-Plate-Loaded-Lateral-Raise.png","width":2200,"height":2200},{"@type":"BreadcrumbList","@id":"https:\/\/evolve-fitness.eu\/es\/producto\/elevacion-lateral-con-carga-de-placas-evolve-serie-ultra\/#breadcrumb","itemListElement":[{"@type":"ListItem","position":1,"name":"Home","item":"https:\/\/evolve-fitness.eu\/es\/"},{"@type":"ListItem","position":2,"name":"Productos","item":"https:\/\/evolve-fitness.eu\/es\/shop\/"},{"@type":"ListItem","position":3,"name":"Elevaci\u00f3n lateral con carga de placas Evolve Ultra Series"}]},{"@type":"WebSite","@id":"https:\/\/evolve-fitness.eu\/es\/#website","url":"https:\/\/evolve-fitness.eu\/es\/","name":"Evolve","description":"Your Evolved Gear Arrived","publisher":{"@id":"https:\/\/evolve-fitness.eu\/es\/#organization"},"potentialAction":[{"@type":"SearchAction","target":{"@type":"EntryPoint","urlTemplate":"https:\/\/evolve-fitness.eu\/es\/?s={search_term_string}"},"query-input":{"@type":"PropertyValueSpecification","valueRequired":true,"valueName":"search_term_string"}}],"inLanguage":"es"},{"@type":"Organization","@id":"https:\/\/evolve-fitness.eu\/es\/#organization","name":"Evolve","url":"https:\/\/evolve-fitness.eu\/es\/","logo":{"@type":"ImageObject","inLanguage":"es","@id":"https:\/\/evolve-fitness.eu\/es\/#\/schema\/logo\/image\/","url":"https:\/\/evolve-fitness.eu\/wp-content\/uploads\/2023\/05\/Evolve-logo.svg","contentUrl":"https:\/\/evolve-fitness.eu\/wp-content\/uploads\/2023\/05\/Evolve-logo.svg","width":176,"height":20,"caption":"Evolve"},"image":{"@id":"https:\/\/evolve-fitness.eu\/es\/#\/schema\/logo\/image\/"},"sameAs":["https:\/\/www.facebook.com\/EvolveFitnessEurope"]}]}},"_links":{"self":[{"href":"https:\/\/evolve-fitness.eu\/es\/wp-json\/wp\/v2\/product\/226181","targetHints":{"allow":["GET"]}}],"collection":[{"href":"https:\/\/evolve-fitness.eu\/es\/wp-json\/wp\/v2\/product"}],"about":[{"href":"https:\/\/evolve-fitness.eu\/es\/wp-json\/wp\/v2\/types\/product"}],"wp:featuredmedia":[{"embeddable":true,"href":"https:\/\/evolve-fitness.eu\/es\/wp-json\/wp\/v2\/media\/200058"}],"wp:attachment":[{"href":"https:\/\/evolve-fitness.eu\/es\/wp-json\/wp\/v2\/media?parent=226181"}],"wp:term":[{"taxonomy":"product_brand","embeddable":true,"href":"https:\/\/evolve-fitness.eu\/es\/wp-json\/wp\/v2\/product_brand?post=226181"},{"taxonomy":"product_cat","embeddable":true,"href":"https:\/\/evolve-fitness.eu\/es\/wp-json\/wp\/v2\/product_cat?post=226181"},{"taxonomy":"product_tag","embeddable":true,"href":"https:\/\/evolve-fitness.eu\/es\/wp-json\/wp\/v2\/product_tag?post=226181"}],"curies":[{"name":"wp","href":"https:\/\/api.w.org\/{rel}","templated":true}]}}