{"id":226239,"date":"2025-03-27T12:57:34","date_gmt":"2025-03-27T12:57:34","guid":{"rendered":"https:\/\/evolve-fitness.eu\/product\/estanteria-de-mangos-de-gimnasio-evolve-serie-prime-mangos-de-traccion-gh-020set\/"},"modified":"2026-03-27T10:29:58","modified_gmt":"2026-03-27T08:29:58","slug":"estanteria-de-mangos-de-gimnasio-evolve-serie-prime-mangos-de-traccion-gh-020set","status":"publish","type":"product","link":"https:\/\/evolve-fitness.eu\/es\/producto\/estanteria-de-mangos-de-gimnasio-evolve-serie-prime-mangos-de-traccion-gh-020set\/","title":{"rendered":"Estanter\u00eda de mangos de gimnasio Evolve Serie Prime + mangos de tracci\u00f3n (GH-020SET)"},"content":{"rendered":"\n<section class=\"wp-block-group alignfull black-content has-white-color has-darkgray-background-color has-text-color has-background is-layout-constrained wp-block-group-is-layout-constrained\" style=\"padding-top:var(--wp--preset--spacing--section-bottom);padding-bottom:var(--wp--preset--spacing--section-bottom)\">\n<div class=\"wp-block-columns alignwide mobile-reverse is-layout-flex wp-container-core-columns-is-layout-ca64bf2d wp-block-columns-is-layout-flex\" style=\"margin-bottom:var(--wp--preset--spacing--side-padding)\">\n<div class=\"wp-block-column is-vertically-aligned-center is-layout-flow wp-block-column-is-layout-flow\">\n<h3 class=\"wp-block-heading\" style=\"margin-bottom:var(--wp--preset--spacing--h-3-bottom)\">Organ\u00edzate con Facilidad, Entrena con Confianza<\/h3>\n\n\n\n<p><strong><em><strong>Estanter\u00eda compacta con la m\u00e1xima comodidad<\/strong><\/em><\/strong><\/p>\n\n\n\n<p>El conjunto de asas de gimnasio Evolve Serie Prime + asas de tracci\u00f3n (GH-020SET) no s\u00f3lo mantiene tu zona de entrenamiento limpia y organizada, sino que tambi\u00e9n mejora tu experiencia de ejercicio gracias a las asas ergon\u00f3micas de neopreno de alta calidad. Las asas est\u00e1n cuidadosamente dise\u00f1adas para trabajar los m\u00fasculos de la parte superior del cuerpo, trabajando eficazmente los brazos, los hombros, la espalda y el pecho durante varios movimientos de tracci\u00f3n. Ideales para m\u00e1quinas de cable o configuraciones de entrenamiento de resistencia, estas asas ofrecen una versatilidad, durabilidad y comodidad excepcionales. Tanto si eres un entusiasta del fitness como un entrenador profesional, la incorporaci\u00f3n de estas asas de tracci\u00f3n de neopreno a tu rutina te ayudar\u00e1 a conseguir una fuerza equilibrada de la parte superior del cuerpo, una resistencia mejorada y un acondicionamiento general \u00f3ptimo.   <\/p>\n<\/div>\n\n\n\n<div class=\"wp-block-column is-vertically-aligned-center is-layout-flow wp-block-column-is-layout-flow\">\n<figure class=\"wp-block-video\"><video height=\"2160\" style=\"aspect-ratio: 3840 \/ 2160;\" width=\"3840\" controls=\"\" src=\"https:\/\/evolve-fitness.eu\/wp-content\/uploads\/2025\/03\/VIDEO-EV-GH-PR-100-Evolve-Prime-Series-Neoprene-Gym-Handle-Set-1.mp4\"><\/video><\/figure>\n<\/div>\n<\/div>\n\n\n\n<div class=\"wp-block-columns is-layout-flex wp-container-core-columns-is-layout-9d6595d7 wp-block-columns-is-layout-flex\">\n<div class=\"wp-block-column is-layout-flow wp-block-column-is-layout-flow\">\n<div class=\"wp-block-columns is-layout-flex wp-container-core-columns-is-layout-9d6595d7 wp-block-columns-is-layout-flex\">\n<div class=\"wp-block-column is-layout-flow wp-block-column-is-layout-flow\">\n<figure class=\"wp-block-image size-large is-style-rounded\"><img loading=\"lazy\" decoding=\"async\" width=\"1024\" height=\"683\" src=\"https:\/\/evolve-fitness.eu\/wp-content\/uploads\/2025\/03\/EV-GH-PR-100-Evolve-Prime-Series-Neoprene-Gym-Handle-Set-10-3-1024x683.jpg\" alt=\"\" class=\"wp-image-189545\" srcset=\"https:\/\/evolve-fitness.eu\/wp-content\/uploads\/2025\/03\/EV-GH-PR-100-Evolve-Prime-Series-Neoprene-Gym-Handle-Set-10-3-1024x683.jpg 1024w, https:\/\/evolve-fitness.eu\/wp-content\/uploads\/2025\/03\/EV-GH-PR-100-Evolve-Prime-Series-Neoprene-Gym-Handle-Set-10-3-300x200.jpg 300w, https:\/\/evolve-fitness.eu\/wp-content\/uploads\/2025\/03\/EV-GH-PR-100-Evolve-Prime-Series-Neoprene-Gym-Handle-Set-10-3-150x100.jpg 150w, https:\/\/evolve-fitness.eu\/wp-content\/uploads\/2025\/03\/EV-GH-PR-100-Evolve-Prime-Series-Neoprene-Gym-Handle-Set-10-3-768x512.jpg 768w, https:\/\/evolve-fitness.eu\/wp-content\/uploads\/2025\/03\/EV-GH-PR-100-Evolve-Prime-Series-Neoprene-Gym-Handle-Set-10-3-1536x1024.jpg 1536w, https:\/\/evolve-fitness.eu\/wp-content\/uploads\/2025\/03\/EV-GH-PR-100-Evolve-Prime-Series-Neoprene-Gym-Handle-Set-10-3-2048x1365.jpg 2048w, https:\/\/evolve-fitness.eu\/wp-content\/uploads\/2025\/03\/EV-GH-PR-100-Evolve-Prime-Series-Neoprene-Gym-Handle-Set-10-3-600x400.jpg 600w, https:\/\/evolve-fitness.eu\/wp-content\/uploads\/2025\/03\/EV-GH-PR-100-Evolve-Prime-Series-Neoprene-Gym-Handle-Set-10-3-225x150.jpg 225w\" sizes=\"auto, (max-width: 1024px) 100vw, 1024px\" \/><\/figure>\n<\/div>\n\n\n\n<div class=\"wp-block-column is-layout-flow wp-block-column-is-layout-flow\">\n<h3 class=\"wp-block-heading\" style=\"margin-bottom:var(--wp--preset--spacing--h-3-bottom)\">Mejora la organizaci\u00f3n de tu gimnasio<\/h3>\n\n\n\n<p>Mejora la organizaci\u00f3n de tu gimnasio con el juego de soportes para gimnasio Evolve Prime Series Rack + Pull Handles (GH-020SET): Rack + Tiradores: un sistema vers\u00e1til y fiable dise\u00f1ado para maximizar tu espacio de entrenamiento. El duradero soporte almacena c\u00f3modamente las c\u00f3modas asas recubiertas de neopreno, proporcionando un f\u00e1cil acceso, una mayor longevidad y un aspecto profesional en cualquier entorno de fitness. Ideal tanto para instalaciones comerciales como para gimnasios dom\u00e9sticos, este conjunto garantiza entrenamientos fluidos, mayor seguridad y comodidad superior para atletas de todos los niveles.  <\/p>\n<\/div>\n<\/div>\n<\/div>\n<\/div>\n<\/section>\n","protected":false},"excerpt":{"rendered":"<p>El conjunto de soportes para gimnasio Evolve Prime Series + asas de tracci\u00f3n (GH-020SET) es una soluci\u00f3n de almacenamiento pr\u00e1ctica, robusta y vers\u00e1til, dise\u00f1ada para agilizar tu zona de entrenamiento. Fabricadas con neopreno de calidad, las asas de tracci\u00f3n ofrecen una comodidad, seguridad y control de agarre excepcionales, por lo que son perfectas para usuarios de cualquier nivel de forma f\u00edsica. Ya sea para entornos de gimnasio dom\u00e9sticos o comerciales, este conjunto eleva tu espacio de entrenamiento organizando ordenadamente el equipo esencial y proporcionando un acceso r\u00e1pido a tus accesorios.  <\/p>\n","protected":false},"featured_media":189316,"template":"","meta":{"_acf_changed":false,"inline_featured_image":false},"product_brand":[],"product_cat":[5657,2598],"product_tag":[],"class_list":{"0":"post-226239","1":"product","2":"type-product","3":"status-publish","4":"has-post-thumbnail","6":"product_cat-accesorios-es","7":"product_cat-maquinas-selectorizadas","9":"first","10":"instock","11":"shipping-taxable","12":"purchasable","13":"product-type-simple"},"acf":{"long_title":"Estanter\u00eda de mangos de gimnasio Evolve Serie Prime + mangos de tracci\u00f3n (GH-020SET)","subtitle":"","specifications":[{"label":"SKU","text_value":"EV-RS-GH-020SET","icon":"x"},{"label":"Dimensiones","text_value":"1100 x 260 x 870 mm","icon":"x"},{"label":"Garant\u00eda","text_value":"2 a\u00f1os","icon":"x"}],"product_frequently_asked_questions":null},"yoast_head":"<!-- This site is optimized with the Yoast SEO plugin v27.4 - https:\/\/yoast.com\/product\/yoast-seo-wordpress\/ -->\n<title>Estanter\u00eda de mangos de gimnasio Evolve Serie Prime + mangos de tracci\u00f3n (GH-020SET) - Evolve<\/title>\n<meta name=\"description\" content=\"Evolve gym handles rack set with rack and pull handles es una pr\u00e1ctica soluci\u00f3n de almacenamiento robusta y vers\u00e1til, dise\u00f1ada para colocar en el \u00e1rea de entrenamiento, elevar el espacio\" \/>\n<meta name=\"robots\" content=\"index, follow, max-snippet:-1, max-image-preview:large, max-video-preview:-1\" \/>\n<link rel=\"canonical\" href=\"https:\/\/evolve-fitness.eu\/es\/producto\/estanteria-de-mangos-de-gimnasio-evolve-serie-prime-mangos-de-traccion-gh-020set\/\" \/>\n<meta property=\"og:locale\" content=\"es_ES\" \/>\n<meta property=\"og:type\" content=\"article\" \/>\n<meta property=\"og:title\" content=\"Estanter\u00eda de mangos de gimnasio Evolve Serie Prime + mangos de tracci\u00f3n (GH-020SET) - Evolve\" \/>\n<meta property=\"og:description\" content=\"Evolve gym handles rack set with rack and pull handles es una pr\u00e1ctica soluci\u00f3n de almacenamiento robusta y vers\u00e1til, dise\u00f1ada para colocar en el \u00e1rea de entrenamiento, elevar el espacio\" \/>\n<meta property=\"og:url\" content=\"https:\/\/evolve-fitness.eu\/es\/producto\/estanteria-de-mangos-de-gimnasio-evolve-serie-prime-mangos-de-traccion-gh-020set\/\" \/>\n<meta property=\"og:site_name\" content=\"Evolve\" \/>\n<meta property=\"article:publisher\" content=\"https:\/\/www.facebook.com\/EvolveFitnessEurope\" \/>\n<meta property=\"article:modified_time\" content=\"2026-03-27T08:29:58+00:00\" \/>\n<meta property=\"og:image\" content=\"https:\/\/evolve-fitness.eu\/wp-content\/uploads\/2025\/03\/EV-RS-GH-020.jpg\" \/>\n\t<meta property=\"og:image:width\" content=\"1000\" \/>\n\t<meta property=\"og:image:height\" content=\"1000\" \/>\n\t<meta property=\"og:image:type\" content=\"image\/jpeg\" \/>\n<meta name=\"twitter:card\" content=\"summary_large_image\" \/>\n<script type=\"application\/ld+json\" class=\"yoast-schema-graph\">{\"@context\":\"https:\\\/\\\/schema.org\",\"@graph\":[{\"@type\":\"WebPage\",\"@id\":\"https:\\\/\\\/evolve-fitness.eu\\\/es\\\/producto\\\/estanteria-de-mangos-de-gimnasio-evolve-serie-prime-mangos-de-traccion-gh-020set\\\/\",\"url\":\"https:\\\/\\\/evolve-fitness.eu\\\/es\\\/producto\\\/estanteria-de-mangos-de-gimnasio-evolve-serie-prime-mangos-de-traccion-gh-020set\\\/\",\"name\":\"Estanter\u00eda de mangos de gimnasio Evolve Serie Prime + mangos de tracci\u00f3n (GH-020SET) - Evolve\",\"isPartOf\":{\"@id\":\"https:\\\/\\\/evolve-fitness.eu\\\/es\\\/#website\"},\"primaryImageOfPage\":{\"@id\":\"https:\\\/\\\/evolve-fitness.eu\\\/es\\\/producto\\\/estanteria-de-mangos-de-gimnasio-evolve-serie-prime-mangos-de-traccion-gh-020set\\\/#primaryimage\"},\"image\":{\"@id\":\"https:\\\/\\\/evolve-fitness.eu\\\/es\\\/producto\\\/estanteria-de-mangos-de-gimnasio-evolve-serie-prime-mangos-de-traccion-gh-020set\\\/#primaryimage\"},\"thumbnailUrl\":\"https:\\\/\\\/evolve-fitness.eu\\\/wp-content\\\/uploads\\\/2025\\\/03\\\/EV-RS-GH-020.jpg\",\"datePublished\":\"2025-03-27T12:57:34+00:00\",\"dateModified\":\"2026-03-27T08:29:58+00:00\",\"description\":\"Evolve gym handles rack set with rack and pull handles es una pr\u00e1ctica soluci\u00f3n de almacenamiento robusta y vers\u00e1til, dise\u00f1ada para colocar en el \u00e1rea de entrenamiento, elevar el espacio\",\"breadcrumb\":{\"@id\":\"https:\\\/\\\/evolve-fitness.eu\\\/es\\\/producto\\\/estanteria-de-mangos-de-gimnasio-evolve-serie-prime-mangos-de-traccion-gh-020set\\\/#breadcrumb\"},\"inLanguage\":\"es\",\"potentialAction\":[{\"@type\":\"ReadAction\",\"target\":[\"https:\\\/\\\/evolve-fitness.eu\\\/es\\\/producto\\\/estanteria-de-mangos-de-gimnasio-evolve-serie-prime-mangos-de-traccion-gh-020set\\\/\"]}]},{\"@type\":\"ImageObject\",\"inLanguage\":\"es\",\"@id\":\"https:\\\/\\\/evolve-fitness.eu\\\/es\\\/producto\\\/estanteria-de-mangos-de-gimnasio-evolve-serie-prime-mangos-de-traccion-gh-020set\\\/#primaryimage\",\"url\":\"https:\\\/\\\/evolve-fitness.eu\\\/wp-content\\\/uploads\\\/2025\\\/03\\\/EV-RS-GH-020.jpg\",\"contentUrl\":\"https:\\\/\\\/evolve-fitness.eu\\\/wp-content\\\/uploads\\\/2025\\\/03\\\/EV-RS-GH-020.jpg\",\"width\":1000,\"height\":1000},{\"@type\":\"BreadcrumbList\",\"@id\":\"https:\\\/\\\/evolve-fitness.eu\\\/es\\\/producto\\\/estanteria-de-mangos-de-gimnasio-evolve-serie-prime-mangos-de-traccion-gh-020set\\\/#breadcrumb\",\"itemListElement\":[{\"@type\":\"ListItem\",\"position\":1,\"name\":\"Home\",\"item\":\"https:\\\/\\\/evolve-fitness.eu\\\/es\\\/\"},{\"@type\":\"ListItem\",\"position\":2,\"name\":\"Productos\",\"item\":\"https:\\\/\\\/evolve-fitness.eu\\\/es\\\/shop\\\/\"},{\"@type\":\"ListItem\",\"position\":3,\"name\":\"Estanter\u00eda de mangos de gimnasio Evolve Serie Prime + mangos de tracci\u00f3n (GH-020SET)\"}]},{\"@type\":\"WebSite\",\"@id\":\"https:\\\/\\\/evolve-fitness.eu\\\/es\\\/#website\",\"url\":\"https:\\\/\\\/evolve-fitness.eu\\\/es\\\/\",\"name\":\"Evolve\",\"description\":\"Your Evolved Gear Arrived\",\"publisher\":{\"@id\":\"https:\\\/\\\/evolve-fitness.eu\\\/es\\\/#organization\"},\"potentialAction\":[{\"@type\":\"SearchAction\",\"target\":{\"@type\":\"EntryPoint\",\"urlTemplate\":\"https:\\\/\\\/evolve-fitness.eu\\\/es\\\/?s={search_term_string}\"},\"query-input\":{\"@type\":\"PropertyValueSpecification\",\"valueRequired\":true,\"valueName\":\"search_term_string\"}}],\"inLanguage\":\"es\"},{\"@type\":\"Organization\",\"@id\":\"https:\\\/\\\/evolve-fitness.eu\\\/es\\\/#organization\",\"name\":\"Evolve\",\"url\":\"https:\\\/\\\/evolve-fitness.eu\\\/es\\\/\",\"logo\":{\"@type\":\"ImageObject\",\"inLanguage\":\"es\",\"@id\":\"https:\\\/\\\/evolve-fitness.eu\\\/es\\\/#\\\/schema\\\/logo\\\/image\\\/\",\"url\":\"https:\\\/\\\/evolve-fitness.eu\\\/wp-content\\\/uploads\\\/2023\\\/05\\\/Evolve-logo.svg\",\"contentUrl\":\"https:\\\/\\\/evolve-fitness.eu\\\/wp-content\\\/uploads\\\/2023\\\/05\\\/Evolve-logo.svg\",\"width\":176,\"height\":20,\"caption\":\"Evolve\"},\"image\":{\"@id\":\"https:\\\/\\\/evolve-fitness.eu\\\/es\\\/#\\\/schema\\\/logo\\\/image\\\/\"},\"sameAs\":[\"https:\\\/\\\/www.facebook.com\\\/EvolveFitnessEurope\"]}]}<\/script>\n<!-- \/ Yoast SEO plugin. -->","yoast_head_json":{"title":"Estanter\u00eda de mangos de gimnasio Evolve Serie Prime + mangos de tracci\u00f3n (GH-020SET) - Evolve","description":"Evolve gym handles rack set with rack and pull handles es una pr\u00e1ctica soluci\u00f3n de almacenamiento robusta y vers\u00e1til, dise\u00f1ada para colocar en el \u00e1rea de entrenamiento, elevar el espacio","robots":{"index":"index","follow":"follow","max-snippet":"max-snippet:-1","max-image-preview":"max-image-preview:large","max-video-preview":"max-video-preview:-1"},"canonical":"https:\/\/evolve-fitness.eu\/es\/producto\/estanteria-de-mangos-de-gimnasio-evolve-serie-prime-mangos-de-traccion-gh-020set\/","og_locale":"es_ES","og_type":"article","og_title":"Estanter\u00eda de mangos de gimnasio Evolve Serie Prime + mangos de tracci\u00f3n (GH-020SET) - Evolve","og_description":"Evolve gym handles rack set with rack and pull handles es una pr\u00e1ctica soluci\u00f3n de almacenamiento robusta y vers\u00e1til, dise\u00f1ada para colocar en el \u00e1rea de entrenamiento, elevar el espacio","og_url":"https:\/\/evolve-fitness.eu\/es\/producto\/estanteria-de-mangos-de-gimnasio-evolve-serie-prime-mangos-de-traccion-gh-020set\/","og_site_name":"Evolve","article_publisher":"https:\/\/www.facebook.com\/EvolveFitnessEurope","article_modified_time":"2026-03-27T08:29:58+00:00","og_image":[{"width":1000,"height":1000,"url":"https:\/\/evolve-fitness.eu\/wp-content\/uploads\/2025\/03\/EV-RS-GH-020.jpg","type":"image\/jpeg"}],"twitter_card":"summary_large_image","schema":{"@context":"https:\/\/schema.org","@graph":[{"@type":"WebPage","@id":"https:\/\/evolve-fitness.eu\/es\/producto\/estanteria-de-mangos-de-gimnasio-evolve-serie-prime-mangos-de-traccion-gh-020set\/","url":"https:\/\/evolve-fitness.eu\/es\/producto\/estanteria-de-mangos-de-gimnasio-evolve-serie-prime-mangos-de-traccion-gh-020set\/","name":"Estanter\u00eda de mangos de gimnasio Evolve Serie Prime + mangos de tracci\u00f3n (GH-020SET) - Evolve","isPartOf":{"@id":"https:\/\/evolve-fitness.eu\/es\/#website"},"primaryImageOfPage":{"@id":"https:\/\/evolve-fitness.eu\/es\/producto\/estanteria-de-mangos-de-gimnasio-evolve-serie-prime-mangos-de-traccion-gh-020set\/#primaryimage"},"image":{"@id":"https:\/\/evolve-fitness.eu\/es\/producto\/estanteria-de-mangos-de-gimnasio-evolve-serie-prime-mangos-de-traccion-gh-020set\/#primaryimage"},"thumbnailUrl":"https:\/\/evolve-fitness.eu\/wp-content\/uploads\/2025\/03\/EV-RS-GH-020.jpg","datePublished":"2025-03-27T12:57:34+00:00","dateModified":"2026-03-27T08:29:58+00:00","description":"Evolve gym handles rack set with rack and pull handles es una pr\u00e1ctica soluci\u00f3n de almacenamiento robusta y vers\u00e1til, dise\u00f1ada para colocar en el \u00e1rea de entrenamiento, elevar el espacio","breadcrumb":{"@id":"https:\/\/evolve-fitness.eu\/es\/producto\/estanteria-de-mangos-de-gimnasio-evolve-serie-prime-mangos-de-traccion-gh-020set\/#breadcrumb"},"inLanguage":"es","potentialAction":[{"@type":"ReadAction","target":["https:\/\/evolve-fitness.eu\/es\/producto\/estanteria-de-mangos-de-gimnasio-evolve-serie-prime-mangos-de-traccion-gh-020set\/"]}]},{"@type":"ImageObject","inLanguage":"es","@id":"https:\/\/evolve-fitness.eu\/es\/producto\/estanteria-de-mangos-de-gimnasio-evolve-serie-prime-mangos-de-traccion-gh-020set\/#primaryimage","url":"https:\/\/evolve-fitness.eu\/wp-content\/uploads\/2025\/03\/EV-RS-GH-020.jpg","contentUrl":"https:\/\/evolve-fitness.eu\/wp-content\/uploads\/2025\/03\/EV-RS-GH-020.jpg","width":1000,"height":1000},{"@type":"BreadcrumbList","@id":"https:\/\/evolve-fitness.eu\/es\/producto\/estanteria-de-mangos-de-gimnasio-evolve-serie-prime-mangos-de-traccion-gh-020set\/#breadcrumb","itemListElement":[{"@type":"ListItem","position":1,"name":"Home","item":"https:\/\/evolve-fitness.eu\/es\/"},{"@type":"ListItem","position":2,"name":"Productos","item":"https:\/\/evolve-fitness.eu\/es\/shop\/"},{"@type":"ListItem","position":3,"name":"Estanter\u00eda de mangos de gimnasio Evolve Serie Prime + mangos de tracci\u00f3n (GH-020SET)"}]},{"@type":"WebSite","@id":"https:\/\/evolve-fitness.eu\/es\/#website","url":"https:\/\/evolve-fitness.eu\/es\/","name":"Evolve","description":"Your Evolved Gear Arrived","publisher":{"@id":"https:\/\/evolve-fitness.eu\/es\/#organization"},"potentialAction":[{"@type":"SearchAction","target":{"@type":"EntryPoint","urlTemplate":"https:\/\/evolve-fitness.eu\/es\/?s={search_term_string}"},"query-input":{"@type":"PropertyValueSpecification","valueRequired":true,"valueName":"search_term_string"}}],"inLanguage":"es"},{"@type":"Organization","@id":"https:\/\/evolve-fitness.eu\/es\/#organization","name":"Evolve","url":"https:\/\/evolve-fitness.eu\/es\/","logo":{"@type":"ImageObject","inLanguage":"es","@id":"https:\/\/evolve-fitness.eu\/es\/#\/schema\/logo\/image\/","url":"https:\/\/evolve-fitness.eu\/wp-content\/uploads\/2023\/05\/Evolve-logo.svg","contentUrl":"https:\/\/evolve-fitness.eu\/wp-content\/uploads\/2023\/05\/Evolve-logo.svg","width":176,"height":20,"caption":"Evolve"},"image":{"@id":"https:\/\/evolve-fitness.eu\/es\/#\/schema\/logo\/image\/"},"sameAs":["https:\/\/www.facebook.com\/EvolveFitnessEurope"]}]}},"_links":{"self":[{"href":"https:\/\/evolve-fitness.eu\/es\/wp-json\/wp\/v2\/product\/226239","targetHints":{"allow":["GET"]}}],"collection":[{"href":"https:\/\/evolve-fitness.eu\/es\/wp-json\/wp\/v2\/product"}],"about":[{"href":"https:\/\/evolve-fitness.eu\/es\/wp-json\/wp\/v2\/types\/product"}],"wp:featuredmedia":[{"embeddable":true,"href":"https:\/\/evolve-fitness.eu\/es\/wp-json\/wp\/v2\/media\/189316"}],"wp:attachment":[{"href":"https:\/\/evolve-fitness.eu\/es\/wp-json\/wp\/v2\/media?parent=226239"}],"wp:term":[{"taxonomy":"product_brand","embeddable":true,"href":"https:\/\/evolve-fitness.eu\/es\/wp-json\/wp\/v2\/product_brand?post=226239"},{"taxonomy":"product_cat","embeddable":true,"href":"https:\/\/evolve-fitness.eu\/es\/wp-json\/wp\/v2\/product_cat?post=226239"},{"taxonomy":"product_tag","embeddable":true,"href":"https:\/\/evolve-fitness.eu\/es\/wp-json\/wp\/v2\/product_tag?post=226239"}],"curies":[{"name":"wp","href":"https:\/\/api.w.org\/{rel}","templated":true}]}}