{"id":226246,"date":"2025-03-26T13:51:35","date_gmt":"2025-03-26T13:51:35","guid":{"rendered":"https:\/\/evolve-fitness.eu\/product\/soporte-para-mangos-de-gimnasio-evolve-serie-prime-gh-020\/"},"modified":"2026-03-27T10:43:10","modified_gmt":"2026-03-27T08:43:10","slug":"soporte-para-mangos-de-gimnasio-evolve-serie-prime-gh-020","status":"publish","type":"product","link":"https:\/\/evolve-fitness.eu\/es\/producto\/soporte-para-mangos-de-gimnasio-evolve-serie-prime-gh-020\/","title":{"rendered":"Soporte para mangos de gimnasio Evolve Serie Prime (GH-020)"},"content":{"rendered":"\n<section class=\"wp-block-group alignfull black-content has-white-color has-darkgray-background-color has-text-color has-background is-layout-constrained wp-block-group-is-layout-constrained\" style=\"padding-top:var(--wp--preset--spacing--section-bottom);padding-bottom:var(--wp--preset--spacing--section-bottom)\">\n<div class=\"wp-block-columns alignwide mobile-reverse is-layout-flex wp-container-core-columns-is-layout-ca64bf2d wp-block-columns-is-layout-flex\" style=\"margin-bottom:var(--wp--preset--spacing--side-padding)\">\n<div class=\"wp-block-column is-vertically-aligned-center is-layout-flow wp-block-column-is-layout-flow\">\n<h3 class=\"wp-block-heading\" style=\"margin-bottom:var(--wp--preset--spacing--h-3-bottom)\">Mant\u00e9n la limpieza, mant\u00e9n el sentido<\/h3>\n\n\n\n<p>Organiza el espacio de tu gimnasio como un profesional con la <strong>estanter\u00eda para mangos de gimnasio Evolve Serie Prime (GH-020)<\/strong>, la soluci\u00f3n de almacenamiento perfecta para mantener tu zona de entrenamiento ordenada, segura y eficiente. Dise\u00f1ado espec\u00edficamente para mangos, agarres, cuerdas y accesorios de gimnasio, este estante compacto ayuda a evitar el desorden al tiempo que garantiza que tu equipo est\u00e9 siempre al alcance de la mano. <\/p>\n<\/div>\n\n\n\n<div class=\"wp-block-column is-vertically-aligned-center is-layout-flow wp-block-column-is-layout-flow\">\n<figure class=\"wp-block-image size-large is-style-rounded\"><img decoding=\"async\" src=\"https:\/\/store.evolve-fitness.eu\/wp-content\/uploads\/2025\/03\/EV-RS-GH-020-Evolve-Gym-Handles-Rack-6-1024x683.jpg\" alt=\"\" class=\"wp-image-123268\"\/><\/figure>\n<\/div>\n<\/div>\n\n\n\n<div class=\"wp-block-columns is-layout-flex wp-container-core-columns-is-layout-9d6595d7 wp-block-columns-is-layout-flex\">\n<div class=\"wp-block-column is-layout-flow wp-block-column-is-layout-flow\">\n<div class=\"wp-block-columns is-layout-flex wp-container-core-columns-is-layout-9d6595d7 wp-block-columns-is-layout-flex\">\n<div class=\"wp-block-column is-layout-flow wp-block-column-is-layout-flow\">\n<figure class=\"wp-block-image size-large is-style-rounded\"><img decoding=\"async\" src=\"https:\/\/store.evolve-fitness.eu\/wp-content\/uploads\/2025\/03\/EV-RS-GH-020-Evolve-Gym-Handles-Rack-10-1024x683.jpg\" alt=\"\" class=\"wp-image-123293\"\/><\/figure>\n<\/div>\n\n\n\n<div class=\"wp-block-column is-layout-flow wp-block-column-is-layout-flow\">\n<h3 class=\"wp-block-heading\" style=\"margin-bottom:var(--wp--preset--spacing--h-3-bottom)\">Dise\u00f1o inteligente, construcci\u00f3n s\u00f3lida<\/h3>\n\n\n\n<p>Fabricado con acero de alta calidad y acabado con un elegante recubrimiento en polvo, este soporte est\u00e1 hecho para durar. El dise\u00f1o de ganchos m\u00faltiples ofrece gran capacidad de almacenamiento para todos tus accesorios de cable, desde cuerdas para tr\u00edceps hasta mangos en D, al tiempo que ocupa poco espacio. Ideal para gimnasios comerciales, estudios de fisioterapia o instalaciones dom\u00e9sticas que exigen una organizaci\u00f3n de nivel profesional.  <\/p>\n<\/div>\n<\/div>\n<\/div>\n<\/div>\n<\/section>\n","protected":false},"excerpt":{"rendered":"<p>Organiza el espacio de tu gimnasio como un profesional con la estanter\u00eda para mangos de gimnasio Evolve Serie Prime (GH-020), la soluci\u00f3n de almacenamiento perfecta para mantener tu zona de entrenamiento ordenada, segura y eficiente. Dise\u00f1ado espec\u00edficamente para mangos, agarres, cuerdas y accesorios de gimnasio, este estante compacto ayuda a evitar el desorden al tiempo que garantiza que tu equipo est\u00e9 siempre al alcance de la mano. <\/p>\n","protected":false},"featured_media":189971,"template":"","meta":{"_acf_changed":false,"inline_featured_image":false},"product_brand":[],"product_cat":[5657,2598],"product_tag":[],"class_list":{"0":"post-226246","1":"product","2":"type-product","3":"status-publish","4":"has-post-thumbnail","6":"product_cat-accesorios-es","7":"product_cat-maquinas-selectorizadas","9":"first","10":"instock","11":"shipping-taxable","12":"purchasable","13":"product-type-simple"},"acf":{"long_title":"Soporte para mangos de gimnasio Evolve Serie Prime (GH-020)","subtitle":"","specifications":[{"label":"SKU","text_value":"EV-RS-GH-020","icon":"x"},{"label":"Dimensi\u00f3n","text_value":"1100 x 260 x 870 mm","icon":"x"},{"label":"Peso","text_value":"16 kg","icon":"x"},{"label":"La rejilla tiene 5 ganchos para fijar las asas","text_value":"","icon":"v"},{"label":"Armaz\u00f3n de acero estable con acabado de pintura en polvo","text_value":"","icon":"v"},{"label":"Garant\u00eda","text_value":"2 a\u00f1os","icon":"x"}],"product_frequently_asked_questions":null},"yoast_head":"<!-- This site is optimized with the Yoast SEO plugin v27.4 - https:\/\/yoast.com\/product\/yoast-seo-wordpress\/ -->\n<title>Soporte para mangos de gimnasio Evolve Serie Prime (GH-020) - Evolve<\/title>\n<meta name=\"description\" content=\"Evolve gym handles rack set with rack and pull handles es una pr\u00e1ctica soluci\u00f3n de almacenamiento robusta y vers\u00e1til, dise\u00f1ada para colocar en el \u00e1rea de entrenamiento, elevar el espacio\" \/>\n<meta name=\"robots\" content=\"index, follow, max-snippet:-1, max-image-preview:large, max-video-preview:-1\" \/>\n<link rel=\"canonical\" href=\"https:\/\/evolve-fitness.eu\/es\/producto\/soporte-para-mangos-de-gimnasio-evolve-serie-prime-gh-020\/\" \/>\n<meta property=\"og:locale\" content=\"es_ES\" \/>\n<meta property=\"og:type\" content=\"article\" \/>\n<meta property=\"og:title\" content=\"Soporte para mangos de gimnasio Evolve Serie Prime (GH-020) - Evolve\" \/>\n<meta property=\"og:description\" content=\"Evolve gym handles rack set with rack and pull handles es una pr\u00e1ctica soluci\u00f3n de almacenamiento robusta y vers\u00e1til, dise\u00f1ada para colocar en el \u00e1rea de entrenamiento, elevar el espacio\" \/>\n<meta property=\"og:url\" content=\"https:\/\/evolve-fitness.eu\/es\/producto\/soporte-para-mangos-de-gimnasio-evolve-serie-prime-gh-020\/\" \/>\n<meta property=\"og:site_name\" content=\"Evolve\" \/>\n<meta property=\"article:publisher\" content=\"https:\/\/www.facebook.com\/EvolveFitnessEurope\" \/>\n<meta property=\"article:modified_time\" content=\"2026-03-27T08:43:10+00:00\" \/>\n<meta property=\"og:image\" content=\"https:\/\/evolve-fitness.eu\/wp-content\/uploads\/2025\/03\/Evolve-Gym-Handle-Rack.png\" \/>\n\t<meta property=\"og:image:width\" content=\"2160\" \/>\n\t<meta property=\"og:image:height\" content=\"2160\" \/>\n\t<meta property=\"og:image:type\" content=\"image\/png\" \/>\n<meta name=\"twitter:card\" content=\"summary_large_image\" \/>\n<script type=\"application\/ld+json\" class=\"yoast-schema-graph\">{\"@context\":\"https:\\\/\\\/schema.org\",\"@graph\":[{\"@type\":\"WebPage\",\"@id\":\"https:\\\/\\\/evolve-fitness.eu\\\/es\\\/producto\\\/soporte-para-mangos-de-gimnasio-evolve-serie-prime-gh-020\\\/\",\"url\":\"https:\\\/\\\/evolve-fitness.eu\\\/es\\\/producto\\\/soporte-para-mangos-de-gimnasio-evolve-serie-prime-gh-020\\\/\",\"name\":\"Soporte para mangos de gimnasio Evolve Serie Prime (GH-020) - Evolve\",\"isPartOf\":{\"@id\":\"https:\\\/\\\/evolve-fitness.eu\\\/es\\\/#website\"},\"primaryImageOfPage\":{\"@id\":\"https:\\\/\\\/evolve-fitness.eu\\\/es\\\/producto\\\/soporte-para-mangos-de-gimnasio-evolve-serie-prime-gh-020\\\/#primaryimage\"},\"image\":{\"@id\":\"https:\\\/\\\/evolve-fitness.eu\\\/es\\\/producto\\\/soporte-para-mangos-de-gimnasio-evolve-serie-prime-gh-020\\\/#primaryimage\"},\"thumbnailUrl\":\"https:\\\/\\\/evolve-fitness.eu\\\/wp-content\\\/uploads\\\/2025\\\/03\\\/Evolve-Gym-Handle-Rack.png\",\"datePublished\":\"2025-03-26T13:51:35+00:00\",\"dateModified\":\"2026-03-27T08:43:10+00:00\",\"description\":\"Evolve gym handles rack set with rack and pull handles es una pr\u00e1ctica soluci\u00f3n de almacenamiento robusta y vers\u00e1til, dise\u00f1ada para colocar en el \u00e1rea de entrenamiento, elevar el espacio\",\"breadcrumb\":{\"@id\":\"https:\\\/\\\/evolve-fitness.eu\\\/es\\\/producto\\\/soporte-para-mangos-de-gimnasio-evolve-serie-prime-gh-020\\\/#breadcrumb\"},\"inLanguage\":\"es\",\"potentialAction\":[{\"@type\":\"ReadAction\",\"target\":[\"https:\\\/\\\/evolve-fitness.eu\\\/es\\\/producto\\\/soporte-para-mangos-de-gimnasio-evolve-serie-prime-gh-020\\\/\"]}]},{\"@type\":\"ImageObject\",\"inLanguage\":\"es\",\"@id\":\"https:\\\/\\\/evolve-fitness.eu\\\/es\\\/producto\\\/soporte-para-mangos-de-gimnasio-evolve-serie-prime-gh-020\\\/#primaryimage\",\"url\":\"https:\\\/\\\/evolve-fitness.eu\\\/wp-content\\\/uploads\\\/2025\\\/03\\\/Evolve-Gym-Handle-Rack.png\",\"contentUrl\":\"https:\\\/\\\/evolve-fitness.eu\\\/wp-content\\\/uploads\\\/2025\\\/03\\\/Evolve-Gym-Handle-Rack.png\",\"width\":2160,\"height\":2160},{\"@type\":\"BreadcrumbList\",\"@id\":\"https:\\\/\\\/evolve-fitness.eu\\\/es\\\/producto\\\/soporte-para-mangos-de-gimnasio-evolve-serie-prime-gh-020\\\/#breadcrumb\",\"itemListElement\":[{\"@type\":\"ListItem\",\"position\":1,\"name\":\"Home\",\"item\":\"https:\\\/\\\/evolve-fitness.eu\\\/es\\\/\"},{\"@type\":\"ListItem\",\"position\":2,\"name\":\"Productos\",\"item\":\"https:\\\/\\\/evolve-fitness.eu\\\/es\\\/shop\\\/\"},{\"@type\":\"ListItem\",\"position\":3,\"name\":\"Soporte para mangos de gimnasio Evolve Serie Prime (GH-020)\"}]},{\"@type\":\"WebSite\",\"@id\":\"https:\\\/\\\/evolve-fitness.eu\\\/es\\\/#website\",\"url\":\"https:\\\/\\\/evolve-fitness.eu\\\/es\\\/\",\"name\":\"Evolve\",\"description\":\"Your Evolved Gear Arrived\",\"publisher\":{\"@id\":\"https:\\\/\\\/evolve-fitness.eu\\\/es\\\/#organization\"},\"potentialAction\":[{\"@type\":\"SearchAction\",\"target\":{\"@type\":\"EntryPoint\",\"urlTemplate\":\"https:\\\/\\\/evolve-fitness.eu\\\/es\\\/?s={search_term_string}\"},\"query-input\":{\"@type\":\"PropertyValueSpecification\",\"valueRequired\":true,\"valueName\":\"search_term_string\"}}],\"inLanguage\":\"es\"},{\"@type\":\"Organization\",\"@id\":\"https:\\\/\\\/evolve-fitness.eu\\\/es\\\/#organization\",\"name\":\"Evolve\",\"url\":\"https:\\\/\\\/evolve-fitness.eu\\\/es\\\/\",\"logo\":{\"@type\":\"ImageObject\",\"inLanguage\":\"es\",\"@id\":\"https:\\\/\\\/evolve-fitness.eu\\\/es\\\/#\\\/schema\\\/logo\\\/image\\\/\",\"url\":\"https:\\\/\\\/evolve-fitness.eu\\\/wp-content\\\/uploads\\\/2023\\\/05\\\/Evolve-logo.svg\",\"contentUrl\":\"https:\\\/\\\/evolve-fitness.eu\\\/wp-content\\\/uploads\\\/2023\\\/05\\\/Evolve-logo.svg\",\"width\":176,\"height\":20,\"caption\":\"Evolve\"},\"image\":{\"@id\":\"https:\\\/\\\/evolve-fitness.eu\\\/es\\\/#\\\/schema\\\/logo\\\/image\\\/\"},\"sameAs\":[\"https:\\\/\\\/www.facebook.com\\\/EvolveFitnessEurope\"]}]}<\/script>\n<!-- \/ Yoast SEO plugin. -->","yoast_head_json":{"title":"Soporte para mangos de gimnasio Evolve Serie Prime (GH-020) - Evolve","description":"Evolve gym handles rack set with rack and pull handles es una pr\u00e1ctica soluci\u00f3n de almacenamiento robusta y vers\u00e1til, dise\u00f1ada para colocar en el \u00e1rea de entrenamiento, elevar el espacio","robots":{"index":"index","follow":"follow","max-snippet":"max-snippet:-1","max-image-preview":"max-image-preview:large","max-video-preview":"max-video-preview:-1"},"canonical":"https:\/\/evolve-fitness.eu\/es\/producto\/soporte-para-mangos-de-gimnasio-evolve-serie-prime-gh-020\/","og_locale":"es_ES","og_type":"article","og_title":"Soporte para mangos de gimnasio Evolve Serie Prime (GH-020) - Evolve","og_description":"Evolve gym handles rack set with rack and pull handles es una pr\u00e1ctica soluci\u00f3n de almacenamiento robusta y vers\u00e1til, dise\u00f1ada para colocar en el \u00e1rea de entrenamiento, elevar el espacio","og_url":"https:\/\/evolve-fitness.eu\/es\/producto\/soporte-para-mangos-de-gimnasio-evolve-serie-prime-gh-020\/","og_site_name":"Evolve","article_publisher":"https:\/\/www.facebook.com\/EvolveFitnessEurope","article_modified_time":"2026-03-27T08:43:10+00:00","og_image":[{"width":2160,"height":2160,"url":"https:\/\/evolve-fitness.eu\/wp-content\/uploads\/2025\/03\/Evolve-Gym-Handle-Rack.png","type":"image\/png"}],"twitter_card":"summary_large_image","schema":{"@context":"https:\/\/schema.org","@graph":[{"@type":"WebPage","@id":"https:\/\/evolve-fitness.eu\/es\/producto\/soporte-para-mangos-de-gimnasio-evolve-serie-prime-gh-020\/","url":"https:\/\/evolve-fitness.eu\/es\/producto\/soporte-para-mangos-de-gimnasio-evolve-serie-prime-gh-020\/","name":"Soporte para mangos de gimnasio Evolve Serie Prime (GH-020) - Evolve","isPartOf":{"@id":"https:\/\/evolve-fitness.eu\/es\/#website"},"primaryImageOfPage":{"@id":"https:\/\/evolve-fitness.eu\/es\/producto\/soporte-para-mangos-de-gimnasio-evolve-serie-prime-gh-020\/#primaryimage"},"image":{"@id":"https:\/\/evolve-fitness.eu\/es\/producto\/soporte-para-mangos-de-gimnasio-evolve-serie-prime-gh-020\/#primaryimage"},"thumbnailUrl":"https:\/\/evolve-fitness.eu\/wp-content\/uploads\/2025\/03\/Evolve-Gym-Handle-Rack.png","datePublished":"2025-03-26T13:51:35+00:00","dateModified":"2026-03-27T08:43:10+00:00","description":"Evolve gym handles rack set with rack and pull handles es una pr\u00e1ctica soluci\u00f3n de almacenamiento robusta y vers\u00e1til, dise\u00f1ada para colocar en el \u00e1rea de entrenamiento, elevar el espacio","breadcrumb":{"@id":"https:\/\/evolve-fitness.eu\/es\/producto\/soporte-para-mangos-de-gimnasio-evolve-serie-prime-gh-020\/#breadcrumb"},"inLanguage":"es","potentialAction":[{"@type":"ReadAction","target":["https:\/\/evolve-fitness.eu\/es\/producto\/soporte-para-mangos-de-gimnasio-evolve-serie-prime-gh-020\/"]}]},{"@type":"ImageObject","inLanguage":"es","@id":"https:\/\/evolve-fitness.eu\/es\/producto\/soporte-para-mangos-de-gimnasio-evolve-serie-prime-gh-020\/#primaryimage","url":"https:\/\/evolve-fitness.eu\/wp-content\/uploads\/2025\/03\/Evolve-Gym-Handle-Rack.png","contentUrl":"https:\/\/evolve-fitness.eu\/wp-content\/uploads\/2025\/03\/Evolve-Gym-Handle-Rack.png","width":2160,"height":2160},{"@type":"BreadcrumbList","@id":"https:\/\/evolve-fitness.eu\/es\/producto\/soporte-para-mangos-de-gimnasio-evolve-serie-prime-gh-020\/#breadcrumb","itemListElement":[{"@type":"ListItem","position":1,"name":"Home","item":"https:\/\/evolve-fitness.eu\/es\/"},{"@type":"ListItem","position":2,"name":"Productos","item":"https:\/\/evolve-fitness.eu\/es\/shop\/"},{"@type":"ListItem","position":3,"name":"Soporte para mangos de gimnasio Evolve Serie Prime (GH-020)"}]},{"@type":"WebSite","@id":"https:\/\/evolve-fitness.eu\/es\/#website","url":"https:\/\/evolve-fitness.eu\/es\/","name":"Evolve","description":"Your Evolved Gear Arrived","publisher":{"@id":"https:\/\/evolve-fitness.eu\/es\/#organization"},"potentialAction":[{"@type":"SearchAction","target":{"@type":"EntryPoint","urlTemplate":"https:\/\/evolve-fitness.eu\/es\/?s={search_term_string}"},"query-input":{"@type":"PropertyValueSpecification","valueRequired":true,"valueName":"search_term_string"}}],"inLanguage":"es"},{"@type":"Organization","@id":"https:\/\/evolve-fitness.eu\/es\/#organization","name":"Evolve","url":"https:\/\/evolve-fitness.eu\/es\/","logo":{"@type":"ImageObject","inLanguage":"es","@id":"https:\/\/evolve-fitness.eu\/es\/#\/schema\/logo\/image\/","url":"https:\/\/evolve-fitness.eu\/wp-content\/uploads\/2023\/05\/Evolve-logo.svg","contentUrl":"https:\/\/evolve-fitness.eu\/wp-content\/uploads\/2023\/05\/Evolve-logo.svg","width":176,"height":20,"caption":"Evolve"},"image":{"@id":"https:\/\/evolve-fitness.eu\/es\/#\/schema\/logo\/image\/"},"sameAs":["https:\/\/www.facebook.com\/EvolveFitnessEurope"]}]}},"_links":{"self":[{"href":"https:\/\/evolve-fitness.eu\/es\/wp-json\/wp\/v2\/product\/226246","targetHints":{"allow":["GET"]}}],"collection":[{"href":"https:\/\/evolve-fitness.eu\/es\/wp-json\/wp\/v2\/product"}],"about":[{"href":"https:\/\/evolve-fitness.eu\/es\/wp-json\/wp\/v2\/types\/product"}],"wp:featuredmedia":[{"embeddable":true,"href":"https:\/\/evolve-fitness.eu\/es\/wp-json\/wp\/v2\/media\/189971"}],"wp:attachment":[{"href":"https:\/\/evolve-fitness.eu\/es\/wp-json\/wp\/v2\/media?parent=226246"}],"wp:term":[{"taxonomy":"product_brand","embeddable":true,"href":"https:\/\/evolve-fitness.eu\/es\/wp-json\/wp\/v2\/product_brand?post=226246"},{"taxonomy":"product_cat","embeddable":true,"href":"https:\/\/evolve-fitness.eu\/es\/wp-json\/wp\/v2\/product_cat?post=226246"},{"taxonomy":"product_tag","embeddable":true,"href":"https:\/\/evolve-fitness.eu\/es\/wp-json\/wp\/v2\/product_tag?post=226246"}],"curies":[{"name":"wp","href":"https:\/\/api.w.org\/{rel}","templated":true}]}}