{"id":227806,"date":"2025-03-26T07:04:29","date_gmt":"2025-03-26T07:04:29","guid":{"rendered":"https:\/\/evolve-fitness.eu\/product\/juego-de-minibandas-evolve-3-en-1\/"},"modified":"2026-04-01T10:35:37","modified_gmt":"2026-04-01T07:35:37","slug":"juego-de-minibandas-evolve-3-en-1","status":"publish","type":"product","link":"https:\/\/evolve-fitness.eu\/es\/producto\/juego-de-minibandas-evolve-3-en-1\/","title":{"rendered":"Juego de minibandas Evolve 3 en 1"},"content":{"rendered":"\n<section class=\"wp-block-group alignfull has-lightgray-background-color has-background is-layout-constrained wp-block-group-is-layout-constrained\">\n<div class=\"wp-block-columns alignwide is-layout-flex wp-container-core-columns-is-layout-2edb0647 wp-block-columns-is-layout-flex\" style=\"margin-top:0;margin-bottom:0\">\n<div class=\"wp-block-column is-layout-flow wp-block-column-is-layout-flow\" style=\"flex-basis:33.33%\"><\/div>\n\n\n\n<div class=\"wp-block-column is-layout-flow wp-block-column-is-layout-flow\" style=\"flex-basis:66.66%\"><\/div>\n<\/div>\n<\/section>\n\n<section class=\"wp-block-group alignfull black-content has-white-color has-darkgray-background-color has-text-color has-background is-layout-constrained wp-block-group-is-layout-constrained\" style=\"padding-top:var(--wp--preset--spacing--section-bottom);padding-bottom:var(--wp--preset--spacing--section-bottom)\">\n<section class=\"wp-block-group alignfull black-content has-white-color has-darkgray-background-color has-text-color has-background is-layout-constrained wp-block-group-is-layout-constrained\" style=\"margin-bottom:0;padding-top:var(--wp--preset--spacing--tb-padding);padding-bottom:var(--wp--preset--spacing--tb-padding)\">\n<div class=\"wp-block-columns alignwide mobile-reverse is-layout-flex wp-container-core-columns-is-layout-7a02faa9 wp-block-columns-is-layout-flex\" style=\"margin-bottom:var(--wp--preset--spacing--tb-section-padding)\">\n<div class=\"wp-block-column is-vertically-aligned-center is-layout-flow wp-block-column-is-layout-flow\">\n<h3 class=\"wp-block-heading\" style=\"margin-bottom:var(--wp--preset--spacing--h-3-bottom)\"><strong><strong><strong><strong><strong><strong><strong><strong>Set Evolve Mini Band 3 en 1<\/strong><\/strong><\/strong><\/strong><\/strong><\/strong><\/strong><\/strong><\/h3>\n\n\n\n<p><strong><em><strong><strong><strong><strong><strong><strong><strong><strong><strong><strong><strong><strong><strong>Entrenamiento de resistencia vers\u00e1til en cualquier lugar<\/strong><\/strong><\/strong><\/strong><\/strong><\/strong><\/strong><\/strong><\/strong><\/strong><\/strong><\/strong><\/strong><\/em><\/strong><\/p>\n\n\n\n<p><strong>Evolve Mini Band Set 3 en 1<\/strong> es un vers\u00e1til conjunto de bandas de resistencia dise\u00f1ado para el entrenamiento de fuerza, movilidad y ejercicios de todo el cuerpo. Con tres niveles de resistencia diferentes, es adecuado tanto para principiantes como para usuarios avanzados, y ayuda a mejorar la fuerza muscular, la flexibilidad y la forma f\u00edsica general. <\/p>\n\n\n\n<p>Compacto, ligero y f\u00e1cil de transportar, este minijuego de bandas es perfecto para entrenar en casa, en el gimnasio o de viaje. Para facilitar a\u00fan m\u00e1s el entrenamiento, el set tambi\u00e9n puede utilizarse junto con v\u00eddeos de consejos de entrenamiento que muestran ideas de ejercicios y la t\u00e9cnica adecuada. <\/p>\n\n\n\n<p>Fabricado para ofrecer comodidad y resultados eficaces, el Set 3 en 1 de minibandas Evolve es una opci\u00f3n pr\u00e1ctica para cualquiera que busque un accesorio de fitness sencillo y eficaz.<\/p>\n<\/div>\n\n\n\n<div class=\"wp-block-column is-vertically-aligned-center is-layout-flow wp-block-column-is-layout-flow\">\n<figure class=\"wp-block-video\"><video height=\"1280\" style=\"aspect-ratio: 720 \/ 1280;\" width=\"720\" controls=\"\" src=\"https:\/\/evolve-fitness.eu\/wp-content\/uploads\/2025\/03\/Evolve-Mini-Band-Set-3-in-1.mp4\"><\/video><\/figure>\n<\/div>\n<\/div>\n<\/section>\n<\/section>\n","protected":false},"excerpt":{"rendered":"<p>El Evolve Mini Band Set 3 en 1 es una herramienta de entrenamiento pr\u00e1ctica y vers\u00e1til que consta de tres bandas de resistencia diferentes. Cada banda ofrece un nivel diferente de resistencia, lo que la hace perfecta tanto para principiantes como para usuarios avanzados. El set ayuda a fortalecer los m\u00fasculos, mejorar la flexibilidad y realizar una gran variedad de ejercicios de fitness. Compacto y ligero, es ideal para utilizarlo en casa o de viaje.<\/p>\n","protected":false},"featured_media":189090,"template":"","meta":{"_acf_changed":false,"inline_featured_image":false},"product_brand":[],"product_cat":[13029,2846,3884,2927],"product_tag":[],"class_list":{"0":"post-227806","1":"product","2":"type-product","3":"status-publish","4":"has-post-thumbnail","6":"product_cat-engranaje-hyrox","7":"product_cat-transversal-y-funcional","8":"product_cat-equipamiento-funcional","9":"product_cat-estudio","11":"first","12":"instock","13":"virtual","14":"purchasable","15":"product-type-simple"},"acf":{"long_title":"Juego de minibandas Evolve 3 en 1","subtitle":"","specifications":[{"label":"SKU","text_value":"EV-BD-FB-300","icon":"x"},{"label":"Adecuado para el uso diario","text_value":"","icon":"v"},{"label":"El juego incluye minibandas de 3 niveles de resistencia y una bolsa para guardarlas","text_value":"","icon":"v"}]},"yoast_head":"<!-- This site is optimized with the Yoast SEO plugin v26.6 - https:\/\/yoast.com\/wordpress\/plugins\/seo\/ -->\n<title>Juego de minibandas Evolve 3 en 1 - Evolve<\/title>\n<meta name=\"description\" content=\"El Set 3 en 1 de Mini Bandas Evolve es una herramienta de entrenamiento pr\u00e1ctica y vers\u00e1til que consta de tres bandas de resistencia diferentes.\" \/>\n<meta name=\"robots\" content=\"index, follow, max-snippet:-1, max-image-preview:large, max-video-preview:-1\" \/>\n<link rel=\"canonical\" href=\"https:\/\/evolve-fitness.eu\/es\/producto\/juego-de-minibandas-evolve-3-en-1\/\" \/>\n<meta property=\"og:locale\" content=\"es_ES\" \/>\n<meta property=\"og:type\" content=\"article\" \/>\n<meta property=\"og:title\" content=\"Juego de minibandas Evolve 3 en 1 - Evolve\" \/>\n<meta property=\"og:description\" content=\"El Set 3 en 1 de Mini Bandas Evolve es una herramienta de entrenamiento pr\u00e1ctica y vers\u00e1til que consta de tres bandas de resistencia diferentes.\" \/>\n<meta property=\"og:url\" content=\"https:\/\/evolve-fitness.eu\/es\/producto\/juego-de-minibandas-evolve-3-en-1\/\" \/>\n<meta property=\"og:site_name\" content=\"Evolve\" \/>\n<meta property=\"article:publisher\" content=\"https:\/\/www.facebook.com\/EvolveFitnessEurope\" \/>\n<meta property=\"article:modified_time\" content=\"2026-04-01T07:35:37+00:00\" \/>\n<meta property=\"og:image\" content=\"https:\/\/evolve-fitness.eu\/wp-content\/uploads\/2025\/03\/EV-BD-FB-300-Evolve-Mini-Band-Set-3-in-1-4.jpg\" \/>\n\t<meta property=\"og:image:width\" content=\"2060\" \/>\n\t<meta property=\"og:image:height\" content=\"1373\" \/>\n\t<meta property=\"og:image:type\" content=\"image\/jpeg\" \/>\n<meta name=\"twitter:card\" content=\"summary_large_image\" \/>\n<script type=\"application\/ld+json\" class=\"yoast-schema-graph\">{\"@context\":\"https:\/\/schema.org\",\"@graph\":[{\"@type\":\"WebPage\",\"@id\":\"https:\/\/evolve-fitness.eu\/es\/producto\/juego-de-minibandas-evolve-3-en-1\/\",\"url\":\"https:\/\/evolve-fitness.eu\/es\/producto\/juego-de-minibandas-evolve-3-en-1\/\",\"name\":\"Juego de minibandas Evolve 3 en 1 - Evolve\",\"isPartOf\":{\"@id\":\"https:\/\/evolve-fitness.eu\/es\/#website\"},\"primaryImageOfPage\":{\"@id\":\"https:\/\/evolve-fitness.eu\/es\/producto\/juego-de-minibandas-evolve-3-en-1\/#primaryimage\"},\"image\":{\"@id\":\"https:\/\/evolve-fitness.eu\/es\/producto\/juego-de-minibandas-evolve-3-en-1\/#primaryimage\"},\"thumbnailUrl\":\"https:\/\/evolve-fitness.eu\/wp-content\/uploads\/2025\/03\/EV-BD-FB-300-Evolve-Mini-Band-Set-3-in-1-4.jpg\",\"datePublished\":\"2025-03-26T07:04:29+00:00\",\"dateModified\":\"2026-04-01T07:35:37+00:00\",\"description\":\"El Set 3 en 1 de Mini Bandas Evolve es una herramienta de entrenamiento pr\u00e1ctica y vers\u00e1til que consta de tres bandas de resistencia diferentes.\",\"breadcrumb\":{\"@id\":\"https:\/\/evolve-fitness.eu\/es\/producto\/juego-de-minibandas-evolve-3-en-1\/#breadcrumb\"},\"inLanguage\":\"es\",\"potentialAction\":[{\"@type\":\"ReadAction\",\"target\":[\"https:\/\/evolve-fitness.eu\/es\/producto\/juego-de-minibandas-evolve-3-en-1\/\"]}]},{\"@type\":\"ImageObject\",\"inLanguage\":\"es\",\"@id\":\"https:\/\/evolve-fitness.eu\/es\/producto\/juego-de-minibandas-evolve-3-en-1\/#primaryimage\",\"url\":\"https:\/\/evolve-fitness.eu\/wp-content\/uploads\/2025\/03\/EV-BD-FB-300-Evolve-Mini-Band-Set-3-in-1-4.jpg\",\"contentUrl\":\"https:\/\/evolve-fitness.eu\/wp-content\/uploads\/2025\/03\/EV-BD-FB-300-Evolve-Mini-Band-Set-3-in-1-4.jpg\",\"width\":2060,\"height\":1373},{\"@type\":\"BreadcrumbList\",\"@id\":\"https:\/\/evolve-fitness.eu\/es\/producto\/juego-de-minibandas-evolve-3-en-1\/#breadcrumb\",\"itemListElement\":[{\"@type\":\"ListItem\",\"position\":1,\"name\":\"Home\",\"item\":\"https:\/\/evolve-fitness.eu\/es\/\"},{\"@type\":\"ListItem\",\"position\":2,\"name\":\"Productos\",\"item\":\"https:\/\/evolve-fitness.eu\/es\/shop\/\"},{\"@type\":\"ListItem\",\"position\":3,\"name\":\"Juego de minibandas Evolve 3 en 1\"}]},{\"@type\":\"WebSite\",\"@id\":\"https:\/\/evolve-fitness.eu\/es\/#website\",\"url\":\"https:\/\/evolve-fitness.eu\/es\/\",\"name\":\"Evolve\",\"description\":\"Your Evolved Gear Arrived\",\"publisher\":{\"@id\":\"https:\/\/evolve-fitness.eu\/es\/#organization\"},\"potentialAction\":[{\"@type\":\"SearchAction\",\"target\":{\"@type\":\"EntryPoint\",\"urlTemplate\":\"https:\/\/evolve-fitness.eu\/es\/?s={search_term_string}\"},\"query-input\":{\"@type\":\"PropertyValueSpecification\",\"valueRequired\":true,\"valueName\":\"search_term_string\"}}],\"inLanguage\":\"es\"},{\"@type\":\"Organization\",\"@id\":\"https:\/\/evolve-fitness.eu\/es\/#organization\",\"name\":\"Evolve\",\"url\":\"https:\/\/evolve-fitness.eu\/es\/\",\"logo\":{\"@type\":\"ImageObject\",\"inLanguage\":\"es\",\"@id\":\"https:\/\/evolve-fitness.eu\/es\/#\/schema\/logo\/image\/\",\"url\":\"https:\/\/evolve-fitness.eu\/wp-content\/uploads\/2023\/05\/Evolve-logo.svg\",\"contentUrl\":\"https:\/\/evolve-fitness.eu\/wp-content\/uploads\/2023\/05\/Evolve-logo.svg\",\"width\":176,\"height\":20,\"caption\":\"Evolve\"},\"image\":{\"@id\":\"https:\/\/evolve-fitness.eu\/es\/#\/schema\/logo\/image\/\"},\"sameAs\":[\"https:\/\/www.facebook.com\/EvolveFitnessEurope\"]}]}<\/script>\n<!-- \/ Yoast SEO plugin. -->","yoast_head_json":{"title":"Juego de minibandas Evolve 3 en 1 - Evolve","description":"El Set 3 en 1 de Mini Bandas Evolve es una herramienta de entrenamiento pr\u00e1ctica y vers\u00e1til que consta de tres bandas de resistencia diferentes.","robots":{"index":"index","follow":"follow","max-snippet":"max-snippet:-1","max-image-preview":"max-image-preview:large","max-video-preview":"max-video-preview:-1"},"canonical":"https:\/\/evolve-fitness.eu\/es\/producto\/juego-de-minibandas-evolve-3-en-1\/","og_locale":"es_ES","og_type":"article","og_title":"Juego de minibandas Evolve 3 en 1 - Evolve","og_description":"El Set 3 en 1 de Mini Bandas Evolve es una herramienta de entrenamiento pr\u00e1ctica y vers\u00e1til que consta de tres bandas de resistencia diferentes.","og_url":"https:\/\/evolve-fitness.eu\/es\/producto\/juego-de-minibandas-evolve-3-en-1\/","og_site_name":"Evolve","article_publisher":"https:\/\/www.facebook.com\/EvolveFitnessEurope","article_modified_time":"2026-04-01T07:35:37+00:00","og_image":[{"width":2060,"height":1373,"url":"https:\/\/evolve-fitness.eu\/wp-content\/uploads\/2025\/03\/EV-BD-FB-300-Evolve-Mini-Band-Set-3-in-1-4.jpg","type":"image\/jpeg"}],"twitter_card":"summary_large_image","schema":{"@context":"https:\/\/schema.org","@graph":[{"@type":"WebPage","@id":"https:\/\/evolve-fitness.eu\/es\/producto\/juego-de-minibandas-evolve-3-en-1\/","url":"https:\/\/evolve-fitness.eu\/es\/producto\/juego-de-minibandas-evolve-3-en-1\/","name":"Juego de minibandas Evolve 3 en 1 - Evolve","isPartOf":{"@id":"https:\/\/evolve-fitness.eu\/es\/#website"},"primaryImageOfPage":{"@id":"https:\/\/evolve-fitness.eu\/es\/producto\/juego-de-minibandas-evolve-3-en-1\/#primaryimage"},"image":{"@id":"https:\/\/evolve-fitness.eu\/es\/producto\/juego-de-minibandas-evolve-3-en-1\/#primaryimage"},"thumbnailUrl":"https:\/\/evolve-fitness.eu\/wp-content\/uploads\/2025\/03\/EV-BD-FB-300-Evolve-Mini-Band-Set-3-in-1-4.jpg","datePublished":"2025-03-26T07:04:29+00:00","dateModified":"2026-04-01T07:35:37+00:00","description":"El Set 3 en 1 de Mini Bandas Evolve es una herramienta de entrenamiento pr\u00e1ctica y vers\u00e1til que consta de tres bandas de resistencia diferentes.","breadcrumb":{"@id":"https:\/\/evolve-fitness.eu\/es\/producto\/juego-de-minibandas-evolve-3-en-1\/#breadcrumb"},"inLanguage":"es","potentialAction":[{"@type":"ReadAction","target":["https:\/\/evolve-fitness.eu\/es\/producto\/juego-de-minibandas-evolve-3-en-1\/"]}]},{"@type":"ImageObject","inLanguage":"es","@id":"https:\/\/evolve-fitness.eu\/es\/producto\/juego-de-minibandas-evolve-3-en-1\/#primaryimage","url":"https:\/\/evolve-fitness.eu\/wp-content\/uploads\/2025\/03\/EV-BD-FB-300-Evolve-Mini-Band-Set-3-in-1-4.jpg","contentUrl":"https:\/\/evolve-fitness.eu\/wp-content\/uploads\/2025\/03\/EV-BD-FB-300-Evolve-Mini-Band-Set-3-in-1-4.jpg","width":2060,"height":1373},{"@type":"BreadcrumbList","@id":"https:\/\/evolve-fitness.eu\/es\/producto\/juego-de-minibandas-evolve-3-en-1\/#breadcrumb","itemListElement":[{"@type":"ListItem","position":1,"name":"Home","item":"https:\/\/evolve-fitness.eu\/es\/"},{"@type":"ListItem","position":2,"name":"Productos","item":"https:\/\/evolve-fitness.eu\/es\/shop\/"},{"@type":"ListItem","position":3,"name":"Juego de minibandas Evolve 3 en 1"}]},{"@type":"WebSite","@id":"https:\/\/evolve-fitness.eu\/es\/#website","url":"https:\/\/evolve-fitness.eu\/es\/","name":"Evolve","description":"Your Evolved Gear Arrived","publisher":{"@id":"https:\/\/evolve-fitness.eu\/es\/#organization"},"potentialAction":[{"@type":"SearchAction","target":{"@type":"EntryPoint","urlTemplate":"https:\/\/evolve-fitness.eu\/es\/?s={search_term_string}"},"query-input":{"@type":"PropertyValueSpecification","valueRequired":true,"valueName":"search_term_string"}}],"inLanguage":"es"},{"@type":"Organization","@id":"https:\/\/evolve-fitness.eu\/es\/#organization","name":"Evolve","url":"https:\/\/evolve-fitness.eu\/es\/","logo":{"@type":"ImageObject","inLanguage":"es","@id":"https:\/\/evolve-fitness.eu\/es\/#\/schema\/logo\/image\/","url":"https:\/\/evolve-fitness.eu\/wp-content\/uploads\/2023\/05\/Evolve-logo.svg","contentUrl":"https:\/\/evolve-fitness.eu\/wp-content\/uploads\/2023\/05\/Evolve-logo.svg","width":176,"height":20,"caption":"Evolve"},"image":{"@id":"https:\/\/evolve-fitness.eu\/es\/#\/schema\/logo\/image\/"},"sameAs":["https:\/\/www.facebook.com\/EvolveFitnessEurope"]}]}},"_links":{"self":[{"href":"https:\/\/evolve-fitness.eu\/es\/wp-json\/wp\/v2\/product\/227806","targetHints":{"allow":["GET"]}}],"collection":[{"href":"https:\/\/evolve-fitness.eu\/es\/wp-json\/wp\/v2\/product"}],"about":[{"href":"https:\/\/evolve-fitness.eu\/es\/wp-json\/wp\/v2\/types\/product"}],"wp:featuredmedia":[{"embeddable":true,"href":"https:\/\/evolve-fitness.eu\/es\/wp-json\/wp\/v2\/media\/189090"}],"wp:attachment":[{"href":"https:\/\/evolve-fitness.eu\/es\/wp-json\/wp\/v2\/media?parent=227806"}],"wp:term":[{"taxonomy":"product_brand","embeddable":true,"href":"https:\/\/evolve-fitness.eu\/es\/wp-json\/wp\/v2\/product_brand?post=227806"},{"taxonomy":"product_cat","embeddable":true,"href":"https:\/\/evolve-fitness.eu\/es\/wp-json\/wp\/v2\/product_cat?post=227806"},{"taxonomy":"product_tag","embeddable":true,"href":"https:\/\/evolve-fitness.eu\/es\/wp-json\/wp\/v2\/product_tag?post=227806"}],"curies":[{"name":"wp","href":"https:\/\/api.w.org\/{rel}","templated":true}]}}