{"id":227955,"date":"2025-10-07T08:12:08","date_gmt":"2025-10-07T05:12:08","guid":{"rendered":"https:\/\/evolve-fitness.eu\/product\/desarrollador-de-gluteos-evolve-prime-series-pr-325\/"},"modified":"2026-04-07T11:59:32","modified_gmt":"2026-04-07T08:59:32","slug":"desarrollador-de-gluteos-evolve-prime-series-pr-325","status":"publish","type":"product","link":"https:\/\/evolve-fitness.eu\/es\/producto\/desarrollador-de-gluteos-evolve-prime-series-pr-325\/","title":{"rendered":"Desarrollador de gl\u00fateos Evolve Prime Series (PR-325)"},"content":{"rendered":"\n<section class=\"wp-block-group alignfull black-content has-white-color has-darkgray-background-color has-text-color has-background is-layout-constrained wp-block-group-is-layout-constrained\" style=\"padding-top:var(--wp--preset--spacing--section-bottom);padding-bottom:var(--wp--preset--spacing--section-bottom)\">\n<div class=\"wp-block-columns alignwide mobile-reverse is-layout-flex wp-container-core-columns-is-layout-ca64bf2d wp-block-columns-is-layout-flex\" style=\"margin-bottom:var(--wp--preset--spacing--side-padding)\">\n<div class=\"wp-block-column is-vertically-aligned-center is-layout-flow wp-block-column-is-layout-flow\">\n<h3 class=\"wp-block-heading\" style=\"margin-bottom:var(--wp--preset--spacing--h-3-bottom)\"><strong><strong><strong><strong><strong><strong><strong>Duradero y personalizable<\/strong><\/strong><\/strong><\/strong><\/strong><\/strong><\/strong><\/h3>\n\n\n\n<p><strong><em><strong><em><strong><strong><strong><strong><strong>Bancos de fitness<\/strong><\/strong><\/strong><\/strong><\/strong><\/em><\/strong><\/em><\/strong><\/p>\n\n\n\n<p style=\"margin-bottom:var(--wp--preset--spacing--tb-section-padding)\">Eleve su espacio de fitness con nuestros bancos Evolve. Fabricados con un s\u00f3lido armaz\u00f3n met\u00e1lico mediante la tecnolog\u00eda m\u00e1s avanzada de pulverizaci\u00f3n electrost\u00e1tica de polvos termoendurecibles, estos bancos est\u00e1n hechos para durar. Su robusto dise\u00f1o garantiza que puedan soportar las exigencias de usuarios dom\u00e9sticos, gimnasios profesionales e instalaciones comerciales de fitness, incluidas bases militares, hoteles, albergues y centros de rehabilitaci\u00f3n.<\/p>\n\n\n\n<h3 class=\"wp-block-heading\" style=\"margin-bottom:var(--wp--preset--spacing--h-3-bottom)\"><strong>Funcional<\/strong> <strong>Estabilidad<\/strong><\/h3>\n\n\n\n<p><strong><em><strong><em><strong><strong><strong><strong><strong>Cubiertas de PVC<\/strong><\/strong><\/strong><\/strong><\/strong><\/em><\/strong><\/em><\/strong><\/p>\n\n\n\n<p>Nuestros bancos Evolve est\u00e1n dise\u00f1ados con fundas protectoras de <strong>piel de microfibra<\/strong> para los pies, que protegen tus suelos a la vez que garantizan una estabilidad excepcional, incluso durante los entrenamientos m\u00e1s intensos. Construidos para ofrecer versatilidad, estos bancos proporcionan una experiencia fiable de entrenamiento de todo el cuerpo. La tapicer\u00eda suave y c\u00f3moda est\u00e1 rellena de espuma densa y resistente que mantiene su forma con el paso del tiempo, mientras que el revestimiento de alta calidad garantiza una durabilidad duradera.  <\/p>\n<\/div>\n\n\n\n<div class=\"wp-block-column is-vertically-aligned-center is-layout-flow wp-block-column-is-layout-flow\">\n<figure class=\"wp-block-image size-large\"><img loading=\"lazy\" decoding=\"async\" width=\"683\" height=\"1024\" src=\"https:\/\/evolve-fitness.eu\/wp-content\/uploads\/2023\/09\/A7_07059-683x1024.jpg\" alt=\"\" class=\"wp-image-8273\" srcset=\"https:\/\/evolve-fitness.eu\/wp-content\/uploads\/2023\/09\/A7_07059-683x1024.jpg 683w, https:\/\/evolve-fitness.eu\/wp-content\/uploads\/2023\/09\/A7_07059-300x450.jpg 300w, https:\/\/evolve-fitness.eu\/wp-content\/uploads\/2023\/09\/A7_07059-100x150.jpg 100w, https:\/\/evolve-fitness.eu\/wp-content\/uploads\/2023\/09\/A7_07059-600x900.jpg 600w, https:\/\/evolve-fitness.eu\/wp-content\/uploads\/2023\/09\/A7_07059-200x300.jpg 200w, https:\/\/evolve-fitness.eu\/wp-content\/uploads\/2023\/09\/A7_07059-768x1152.jpg 768w, https:\/\/evolve-fitness.eu\/wp-content\/uploads\/2023\/09\/A7_07059-1024x1536.jpg 1024w, https:\/\/evolve-fitness.eu\/wp-content\/uploads\/2023\/09\/A7_07059.jpg 1280w\" sizes=\"auto, (max-width: 683px) 100vw, 683px\" \/><\/figure>\n<\/div>\n<\/div>\n\n\n\n<div class=\"wp-block-columns alignwide is-layout-flex wp-container-core-columns-is-layout-c45ee707 wp-block-columns-is-layout-flex\" style=\"margin-bottom:var(--wp--preset--spacing--side-padding);padding-top:var(--wp--preset--spacing--side-padding)\">\n<div class=\"wp-block-column is-vertically-aligned-center is-layout-flow wp-block-column-is-layout-flow\">\n<figure class=\"wp-block-image size-large\"><img loading=\"lazy\" decoding=\"async\" width=\"1024\" height=\"1024\" src=\"https:\/\/evolve-fitness.eu\/wp-content\/uploads\/2025\/08\/Evolve-Prime-Series-Glute-Ham-Develope-EV-BN-PR-325-1024x1024.png\" alt=\"\" class=\"wp-image-202841\" srcset=\"https:\/\/evolve-fitness.eu\/wp-content\/uploads\/2025\/08\/Evolve-Prime-Series-Glute-Ham-Develope-EV-BN-PR-325-1024x1024.png 1024w, https:\/\/evolve-fitness.eu\/wp-content\/uploads\/2025\/08\/Evolve-Prime-Series-Glute-Ham-Develope-EV-BN-PR-325-300x300.png 300w, https:\/\/evolve-fitness.eu\/wp-content\/uploads\/2025\/08\/Evolve-Prime-Series-Glute-Ham-Develope-EV-BN-PR-325-150x150.png 150w, https:\/\/evolve-fitness.eu\/wp-content\/uploads\/2025\/08\/Evolve-Prime-Series-Glute-Ham-Develope-EV-BN-PR-325-768x768.png 768w, https:\/\/evolve-fitness.eu\/wp-content\/uploads\/2025\/08\/Evolve-Prime-Series-Glute-Ham-Develope-EV-BN-PR-325-1536x1536.png 1536w, https:\/\/evolve-fitness.eu\/wp-content\/uploads\/2025\/08\/Evolve-Prime-Series-Glute-Ham-Develope-EV-BN-PR-325-2048x2048.png 2048w, https:\/\/evolve-fitness.eu\/wp-content\/uploads\/2025\/08\/Evolve-Prime-Series-Glute-Ham-Develope-EV-BN-PR-325-600x600.png 600w\" sizes=\"auto, (max-width: 1024px) 100vw, 1024px\" \/><\/figure>\n<\/div>\n\n\n\n<div class=\"wp-block-column is-vertically-aligned-center is-layout-flow wp-block-column-is-layout-flow\">\n<h3 class=\"wp-block-heading\" style=\"margin-bottom:var(--wp--preset--spacing--h-3-bottom)\"><strong>Personalizado para su marca<\/strong><\/h3>\n\n\n\n<p><strong><em><strong><em>Combina con el color de tu interior<\/em><\/strong><\/em><\/strong><\/p>\n\n\n\n<p style=\"margin-bottom:var(--wp--preset--spacing--tb-section-padding)\">Mejore la imagen de marca de su gimnasio eligiendo los equipos Evolve. Ofrecemos opciones de personalizaci\u00f3n para que coincida con su esquema de color interior. Incluso puede personalizar los colores de la estructura y la tapicer\u00eda para que se integren a la perfecci\u00f3n con la est\u00e9tica de sus instalaciones. Consiga el equipo de fitness que estaba esperando: duradero, elegante y adaptado a sus necesidades espec\u00edficas. Elija Evolve para obtener equipos de fitness de primera categor\u00eda que destacan en entornos comerciales y complementan su visi\u00f3n del dise\u00f1o.<\/p>\n<\/div>\n<\/div>\n<\/section>\n","protected":false},"excerpt":{"rendered":"<p>El Desarrollador de Gl\u00fateos y Isquiotibiales Evolve Prime Series es una m\u00e1quina de entrenamiento de calidad profesional dise\u00f1ada para fortalecer los gl\u00fateos, los isquiotibiales y la zona lumbar. Construido con un armaz\u00f3n de acero duradero, ajustes regulables y rodillos de espuma de alta densidad con tapicer\u00eda de cuero PU, garantiza comodidad y estabilidad durante los entrenamientos intensos. Ideal para atletas y entusiastas de la fuerza, proporciona un rendimiento fiable, durabilidad prolongada y opciones de entrenamiento vers\u00e1tiles para desarrollar la potencia y la fuerza funcional.  <\/p>\n","protected":false},"featured_media":210766,"template":"","meta":{"_acf_changed":false,"inline_featured_image":false},"product_brand":[],"product_cat":[1153,1754],"product_tag":[1156,1769],"class_list":{"0":"post-227955","1":"product","2":"type-product","3":"status-publish","4":"has-post-thumbnail","6":"product_cat-bancos","7":"product_cat-bancos-prime-series","8":"product_tag-banco","9":"product_tag-confort","11":"first","12":"instock","13":"shipping-taxable","14":"purchasable","15":"product-type-simple"},"acf":{"long_title":"Desarrollador de gl\u00fateos Evolve Prime Series (PR-325)","subtitle":"","specifications":[{"label":"SKU","text_value":"EV-BN-PR-325","icon":"x"},{"label":"Dimensiones","text_value":"1595 x 1008 x 1436 - 1636 mm","icon":"x"},{"label":"Peso","text_value":"183 kg","icon":"x"},{"label":"Peso m\u00e1ximo del usuario  ","text_value":"180 kg","icon":"x"},{"label":"Grosor del marco","text_value":"3 mm","icon":"x"},{"label":"Protectores de suelo duraderos","text_value":"","icon":"v"},{"label":"Tapicer\u00eda gruesa","text_value":"","icon":"v"},{"label":"Garant\u00eda","text_value":"2 a\u00f1os","icon":"x"}]},"yoast_head":"<!-- This site is optimized with the Yoast SEO plugin v26.6 - https:\/\/yoast.com\/wordpress\/plugins\/seo\/ -->\n<title>Desarrollador de gl\u00fateos Evolve Prime Series (PR-325) - Evolve<\/title>\n<meta name=\"description\" content=\"El Desarrollador de Gl\u00fateos y Jamones Evolve Prime Series es una m\u00e1quina de entrenamiento de calidad profesional dise\u00f1ada para fortalecer los gl\u00fateos, los isquiotibiales y la zona lumbar.\" \/>\n<meta name=\"robots\" content=\"index, follow, max-snippet:-1, max-image-preview:large, max-video-preview:-1\" \/>\n<link rel=\"canonical\" href=\"https:\/\/evolve-fitness.eu\/es\/producto\/desarrollador-de-gluteos-evolve-prime-series-pr-325\/\" \/>\n<meta property=\"og:locale\" content=\"es_ES\" \/>\n<meta property=\"og:type\" content=\"article\" \/>\n<meta property=\"og:title\" content=\"Desarrollador de gl\u00fateos Evolve Prime Series (PR-325) - Evolve\" \/>\n<meta property=\"og:description\" content=\"El Desarrollador de Gl\u00fateos y Jamones Evolve Prime Series es una m\u00e1quina de entrenamiento de calidad profesional dise\u00f1ada para fortalecer los gl\u00fateos, los isquiotibiales y la zona lumbar.\" \/>\n<meta property=\"og:url\" content=\"https:\/\/evolve-fitness.eu\/es\/producto\/desarrollador-de-gluteos-evolve-prime-series-pr-325\/\" \/>\n<meta property=\"og:site_name\" content=\"Evolve\" \/>\n<meta property=\"article:publisher\" content=\"https:\/\/www.facebook.com\/EvolveFitnessEurope\" \/>\n<meta property=\"article:modified_time\" content=\"2026-04-07T08:59:32+00:00\" \/>\n<meta property=\"og:image\" content=\"https:\/\/evolve-fitness.eu\/wp-content\/uploads\/2025\/10\/4-2.png\" \/>\n\t<meta property=\"og:image:width\" content=\"675\" \/>\n\t<meta property=\"og:image:height\" content=\"675\" \/>\n\t<meta property=\"og:image:type\" content=\"image\/png\" \/>\n<meta name=\"twitter:card\" content=\"summary_large_image\" \/>\n<script type=\"application\/ld+json\" class=\"yoast-schema-graph\">{\"@context\":\"https:\/\/schema.org\",\"@graph\":[{\"@type\":\"WebPage\",\"@id\":\"https:\/\/evolve-fitness.eu\/es\/producto\/desarrollador-de-gluteos-evolve-prime-series-pr-325\/\",\"url\":\"https:\/\/evolve-fitness.eu\/es\/producto\/desarrollador-de-gluteos-evolve-prime-series-pr-325\/\",\"name\":\"Desarrollador de gl\u00fateos Evolve Prime Series (PR-325) - Evolve\",\"isPartOf\":{\"@id\":\"https:\/\/evolve-fitness.eu\/es\/#website\"},\"primaryImageOfPage\":{\"@id\":\"https:\/\/evolve-fitness.eu\/es\/producto\/desarrollador-de-gluteos-evolve-prime-series-pr-325\/#primaryimage\"},\"image\":{\"@id\":\"https:\/\/evolve-fitness.eu\/es\/producto\/desarrollador-de-gluteos-evolve-prime-series-pr-325\/#primaryimage\"},\"thumbnailUrl\":\"https:\/\/evolve-fitness.eu\/wp-content\/uploads\/2025\/10\/4-2.png\",\"datePublished\":\"2025-10-07T05:12:08+00:00\",\"dateModified\":\"2026-04-07T08:59:32+00:00\",\"description\":\"El Desarrollador de Gl\u00fateos y Jamones Evolve Prime Series es una m\u00e1quina de entrenamiento de calidad profesional dise\u00f1ada para fortalecer los gl\u00fateos, los isquiotibiales y la zona lumbar.\",\"breadcrumb\":{\"@id\":\"https:\/\/evolve-fitness.eu\/es\/producto\/desarrollador-de-gluteos-evolve-prime-series-pr-325\/#breadcrumb\"},\"inLanguage\":\"es\",\"potentialAction\":[{\"@type\":\"ReadAction\",\"target\":[\"https:\/\/evolve-fitness.eu\/es\/producto\/desarrollador-de-gluteos-evolve-prime-series-pr-325\/\"]}]},{\"@type\":\"ImageObject\",\"inLanguage\":\"es\",\"@id\":\"https:\/\/evolve-fitness.eu\/es\/producto\/desarrollador-de-gluteos-evolve-prime-series-pr-325\/#primaryimage\",\"url\":\"https:\/\/evolve-fitness.eu\/wp-content\/uploads\/2025\/10\/4-2.png\",\"contentUrl\":\"https:\/\/evolve-fitness.eu\/wp-content\/uploads\/2025\/10\/4-2.png\",\"width\":675,\"height\":675},{\"@type\":\"BreadcrumbList\",\"@id\":\"https:\/\/evolve-fitness.eu\/es\/producto\/desarrollador-de-gluteos-evolve-prime-series-pr-325\/#breadcrumb\",\"itemListElement\":[{\"@type\":\"ListItem\",\"position\":1,\"name\":\"Home\",\"item\":\"https:\/\/evolve-fitness.eu\/es\/\"},{\"@type\":\"ListItem\",\"position\":2,\"name\":\"Productos\",\"item\":\"https:\/\/evolve-fitness.eu\/es\/shop\/\"},{\"@type\":\"ListItem\",\"position\":3,\"name\":\"Desarrollador de gl\u00fateos Evolve Prime Series (PR-325)\"}]},{\"@type\":\"WebSite\",\"@id\":\"https:\/\/evolve-fitness.eu\/es\/#website\",\"url\":\"https:\/\/evolve-fitness.eu\/es\/\",\"name\":\"Evolve\",\"description\":\"Your Evolved Gear Arrived\",\"publisher\":{\"@id\":\"https:\/\/evolve-fitness.eu\/es\/#organization\"},\"potentialAction\":[{\"@type\":\"SearchAction\",\"target\":{\"@type\":\"EntryPoint\",\"urlTemplate\":\"https:\/\/evolve-fitness.eu\/es\/?s={search_term_string}\"},\"query-input\":{\"@type\":\"PropertyValueSpecification\",\"valueRequired\":true,\"valueName\":\"search_term_string\"}}],\"inLanguage\":\"es\"},{\"@type\":\"Organization\",\"@id\":\"https:\/\/evolve-fitness.eu\/es\/#organization\",\"name\":\"Evolve\",\"url\":\"https:\/\/evolve-fitness.eu\/es\/\",\"logo\":{\"@type\":\"ImageObject\",\"inLanguage\":\"es\",\"@id\":\"https:\/\/evolve-fitness.eu\/es\/#\/schema\/logo\/image\/\",\"url\":\"https:\/\/evolve-fitness.eu\/wp-content\/uploads\/2023\/05\/Evolve-logo.svg\",\"contentUrl\":\"https:\/\/evolve-fitness.eu\/wp-content\/uploads\/2023\/05\/Evolve-logo.svg\",\"width\":176,\"height\":20,\"caption\":\"Evolve\"},\"image\":{\"@id\":\"https:\/\/evolve-fitness.eu\/es\/#\/schema\/logo\/image\/\"},\"sameAs\":[\"https:\/\/www.facebook.com\/EvolveFitnessEurope\"]}]}<\/script>\n<!-- \/ Yoast SEO plugin. -->","yoast_head_json":{"title":"Desarrollador de gl\u00fateos Evolve Prime Series (PR-325) - Evolve","description":"El Desarrollador de Gl\u00fateos y Jamones Evolve Prime Series es una m\u00e1quina de entrenamiento de calidad profesional dise\u00f1ada para fortalecer los gl\u00fateos, los isquiotibiales y la zona lumbar.","robots":{"index":"index","follow":"follow","max-snippet":"max-snippet:-1","max-image-preview":"max-image-preview:large","max-video-preview":"max-video-preview:-1"},"canonical":"https:\/\/evolve-fitness.eu\/es\/producto\/desarrollador-de-gluteos-evolve-prime-series-pr-325\/","og_locale":"es_ES","og_type":"article","og_title":"Desarrollador de gl\u00fateos Evolve Prime Series (PR-325) - Evolve","og_description":"El Desarrollador de Gl\u00fateos y Jamones Evolve Prime Series es una m\u00e1quina de entrenamiento de calidad profesional dise\u00f1ada para fortalecer los gl\u00fateos, los isquiotibiales y la zona lumbar.","og_url":"https:\/\/evolve-fitness.eu\/es\/producto\/desarrollador-de-gluteos-evolve-prime-series-pr-325\/","og_site_name":"Evolve","article_publisher":"https:\/\/www.facebook.com\/EvolveFitnessEurope","article_modified_time":"2026-04-07T08:59:32+00:00","og_image":[{"width":675,"height":675,"url":"https:\/\/evolve-fitness.eu\/wp-content\/uploads\/2025\/10\/4-2.png","type":"image\/png"}],"twitter_card":"summary_large_image","schema":{"@context":"https:\/\/schema.org","@graph":[{"@type":"WebPage","@id":"https:\/\/evolve-fitness.eu\/es\/producto\/desarrollador-de-gluteos-evolve-prime-series-pr-325\/","url":"https:\/\/evolve-fitness.eu\/es\/producto\/desarrollador-de-gluteos-evolve-prime-series-pr-325\/","name":"Desarrollador de gl\u00fateos Evolve Prime Series (PR-325) - Evolve","isPartOf":{"@id":"https:\/\/evolve-fitness.eu\/es\/#website"},"primaryImageOfPage":{"@id":"https:\/\/evolve-fitness.eu\/es\/producto\/desarrollador-de-gluteos-evolve-prime-series-pr-325\/#primaryimage"},"image":{"@id":"https:\/\/evolve-fitness.eu\/es\/producto\/desarrollador-de-gluteos-evolve-prime-series-pr-325\/#primaryimage"},"thumbnailUrl":"https:\/\/evolve-fitness.eu\/wp-content\/uploads\/2025\/10\/4-2.png","datePublished":"2025-10-07T05:12:08+00:00","dateModified":"2026-04-07T08:59:32+00:00","description":"El Desarrollador de Gl\u00fateos y Jamones Evolve Prime Series es una m\u00e1quina de entrenamiento de calidad profesional dise\u00f1ada para fortalecer los gl\u00fateos, los isquiotibiales y la zona lumbar.","breadcrumb":{"@id":"https:\/\/evolve-fitness.eu\/es\/producto\/desarrollador-de-gluteos-evolve-prime-series-pr-325\/#breadcrumb"},"inLanguage":"es","potentialAction":[{"@type":"ReadAction","target":["https:\/\/evolve-fitness.eu\/es\/producto\/desarrollador-de-gluteos-evolve-prime-series-pr-325\/"]}]},{"@type":"ImageObject","inLanguage":"es","@id":"https:\/\/evolve-fitness.eu\/es\/producto\/desarrollador-de-gluteos-evolve-prime-series-pr-325\/#primaryimage","url":"https:\/\/evolve-fitness.eu\/wp-content\/uploads\/2025\/10\/4-2.png","contentUrl":"https:\/\/evolve-fitness.eu\/wp-content\/uploads\/2025\/10\/4-2.png","width":675,"height":675},{"@type":"BreadcrumbList","@id":"https:\/\/evolve-fitness.eu\/es\/producto\/desarrollador-de-gluteos-evolve-prime-series-pr-325\/#breadcrumb","itemListElement":[{"@type":"ListItem","position":1,"name":"Home","item":"https:\/\/evolve-fitness.eu\/es\/"},{"@type":"ListItem","position":2,"name":"Productos","item":"https:\/\/evolve-fitness.eu\/es\/shop\/"},{"@type":"ListItem","position":3,"name":"Desarrollador de gl\u00fateos Evolve Prime Series (PR-325)"}]},{"@type":"WebSite","@id":"https:\/\/evolve-fitness.eu\/es\/#website","url":"https:\/\/evolve-fitness.eu\/es\/","name":"Evolve","description":"Your Evolved Gear Arrived","publisher":{"@id":"https:\/\/evolve-fitness.eu\/es\/#organization"},"potentialAction":[{"@type":"SearchAction","target":{"@type":"EntryPoint","urlTemplate":"https:\/\/evolve-fitness.eu\/es\/?s={search_term_string}"},"query-input":{"@type":"PropertyValueSpecification","valueRequired":true,"valueName":"search_term_string"}}],"inLanguage":"es"},{"@type":"Organization","@id":"https:\/\/evolve-fitness.eu\/es\/#organization","name":"Evolve","url":"https:\/\/evolve-fitness.eu\/es\/","logo":{"@type":"ImageObject","inLanguage":"es","@id":"https:\/\/evolve-fitness.eu\/es\/#\/schema\/logo\/image\/","url":"https:\/\/evolve-fitness.eu\/wp-content\/uploads\/2023\/05\/Evolve-logo.svg","contentUrl":"https:\/\/evolve-fitness.eu\/wp-content\/uploads\/2023\/05\/Evolve-logo.svg","width":176,"height":20,"caption":"Evolve"},"image":{"@id":"https:\/\/evolve-fitness.eu\/es\/#\/schema\/logo\/image\/"},"sameAs":["https:\/\/www.facebook.com\/EvolveFitnessEurope"]}]}},"_links":{"self":[{"href":"https:\/\/evolve-fitness.eu\/es\/wp-json\/wp\/v2\/product\/227955","targetHints":{"allow":["GET"]}}],"collection":[{"href":"https:\/\/evolve-fitness.eu\/es\/wp-json\/wp\/v2\/product"}],"about":[{"href":"https:\/\/evolve-fitness.eu\/es\/wp-json\/wp\/v2\/types\/product"}],"wp:featuredmedia":[{"embeddable":true,"href":"https:\/\/evolve-fitness.eu\/es\/wp-json\/wp\/v2\/media\/210766"}],"wp:attachment":[{"href":"https:\/\/evolve-fitness.eu\/es\/wp-json\/wp\/v2\/media?parent=227955"}],"wp:term":[{"taxonomy":"product_brand","embeddable":true,"href":"https:\/\/evolve-fitness.eu\/es\/wp-json\/wp\/v2\/product_brand?post=227955"},{"taxonomy":"product_cat","embeddable":true,"href":"https:\/\/evolve-fitness.eu\/es\/wp-json\/wp\/v2\/product_cat?post=227955"},{"taxonomy":"product_tag","embeddable":true,"href":"https:\/\/evolve-fitness.eu\/es\/wp-json\/wp\/v2\/product_tag?post=227955"}],"curies":[{"name":"wp","href":"https:\/\/api.w.org\/{rel}","templated":true}]}}