{"id":227971,"date":"2025-04-02T06:10:00","date_gmt":"2025-04-02T03:10:00","guid":{"rendered":"https:\/\/evolve-fitness.eu\/product\/banco-de-empuje-de-cadera-evolve-serie-econ-ec-530\/"},"modified":"2026-04-07T12:01:36","modified_gmt":"2026-04-07T09:01:36","slug":"banco-de-empuje-de-cadera-evolve-serie-econ-ec-530","status":"publish","type":"product","link":"https:\/\/evolve-fitness.eu\/es\/producto\/banco-de-empuje-de-cadera-evolve-serie-econ-ec-530\/","title":{"rendered":"Banco de empuje de cadera Evolve Serie Econ (EC-530)"},"content":{"rendered":"\n<section class=\"wp-block-group alignfull has-lightgray-background-color has-background is-layout-constrained wp-block-group-is-layout-constrained\">\n<div class=\"wp-block-columns alignwide is-layout-flex wp-container-core-columns-is-layout-2edb0647 wp-block-columns-is-layout-flex\" style=\"margin-top:0;margin-bottom:0\">\n<div class=\"wp-block-column is-layout-flow wp-block-column-is-layout-flow\" style=\"flex-basis:33.33%\"><\/div>\n\n\n\n<div class=\"wp-block-column is-layout-flow wp-block-column-is-layout-flow\" style=\"flex-basis:66.66%\"><\/div>\n<\/div>\n<\/section>\n\n<section class=\"wp-block-group alignfull black-content has-white-color has-darkgray-background-color has-text-color has-background is-layout-constrained wp-block-group-is-layout-constrained\" style=\"padding-top:var(--wp--preset--spacing--section-bottom);padding-bottom:var(--wp--preset--spacing--section-bottom)\">\n<div class=\"wp-block-columns alignwide mobile-reverse is-layout-flex wp-container-core-columns-is-layout-ca64bf2d wp-block-columns-is-layout-flex\" style=\"margin-bottom:var(--wp--preset--spacing--side-padding)\">\n<div class=\"wp-block-column is-vertically-aligned-center is-layout-flow wp-block-column-is-layout-flow\">\n<h3 class=\"wp-block-heading\" style=\"margin-bottom:var(--wp--preset--spacing--h-3-bottom)\"><strong><strong><strong>Entrenamiento espec\u00edfico de gl\u00fateos con estabilidad y apoyo<\/strong><\/strong><\/strong><\/h3>\n\n\n\n<p style=\"margin-bottom:var(--wp--preset--spacing--tb-section-padding)\">El banco de empuje de cadera EV-BN-EC-530 de la serie Evolve Econ est\u00e1 dise\u00f1ado espec\u00edficamente para realizar ejercicios de activaci\u00f3n de gl\u00fateos de forma eficaz y segura. Ideal tanto para gimnasios comerciales como dom\u00e9sticos, este banco proporciona un soporte estable para empujes de cadera, puentes de gl\u00fateos y otros movimientos de la parte inferior del cuerpo que activan la cadena posterior. Su dise\u00f1o compacto e independiente facilita su colocaci\u00f3n e integraci\u00f3n en diversas zonas de entrenamiento.  <\/p>\n<\/div>\n\n\n\n<div class=\"wp-block-column is-vertically-aligned-center is-layout-flow wp-block-column-is-layout-flow\">\n<figure class=\"wp-block-image size-full\"><img decoding=\"async\" src=\"https:\/\/evolve-fitness.eu\/wp-content\/uploads\/2025\/04\/EV-BN-EC-530-1-1.png\" alt=\"\" class=\"wp-image-211136\"\/><\/figure>\n<\/div>\n<\/div>\n\n\n\n<div class=\"wp-block-columns alignwide is-layout-flex wp-container-core-columns-is-layout-c45ee707 wp-block-columns-is-layout-flex\" style=\"margin-bottom:var(--wp--preset--spacing--side-padding);padding-top:var(--wp--preset--spacing--side-padding)\">\n<div class=\"wp-block-column is-vertically-aligned-center is-layout-flow wp-block-column-is-layout-flow\">\n<figure class=\"wp-block-image size-full\"><img loading=\"lazy\" decoding=\"async\" width=\"810\" height=\"810\" src=\"https:\/\/evolve-fitness.eu\/wp-content\/uploads\/2025\/04\/EV-BN-EC-530-4.png\" alt=\"\" class=\"wp-image-211132\" srcset=\"https:\/\/evolve-fitness.eu\/wp-content\/uploads\/2025\/04\/EV-BN-EC-530-4.png 810w, https:\/\/evolve-fitness.eu\/wp-content\/uploads\/2025\/04\/EV-BN-EC-530-4-300x300.png 300w, https:\/\/evolve-fitness.eu\/wp-content\/uploads\/2025\/04\/EV-BN-EC-530-4-150x150.png 150w, https:\/\/evolve-fitness.eu\/wp-content\/uploads\/2025\/04\/EV-BN-EC-530-4-768x768.png 768w, https:\/\/evolve-fitness.eu\/wp-content\/uploads\/2025\/04\/EV-BN-EC-530-4-600x600.png 600w\" sizes=\"auto, (max-width: 810px) 100vw, 810px\" \/><\/figure>\n<\/div>\n\n\n\n<div class=\"wp-block-column is-vertically-aligned-center is-layout-flow wp-block-column-is-layout-flow\">\n<h3 class=\"wp-block-heading\" style=\"margin-bottom:var(--wp--preset--spacing--h-3-bottom)\"><strong><strong><strong>Estructura duradera y dise\u00f1o orientado al usuario<\/strong><\/strong><\/strong><\/h3>\n\n\n\n<p>Construida con un s\u00f3lido armaz\u00f3n de acero y acabada con un duradero recubrimiento en polvo, la EV-BN-EC-530 est\u00e1 dise\u00f1ada para resistir el uso habitual en los ajetreados entornos de los gimnasios. El respaldo acolchado garantiza la comodidad y estabilidad del usuario durante todo el ejercicio, mientras que la amplia base evita vuelcos o movimientos. Las patas de goma antideslizantes protegen el suelo y mantienen la unidad en su sitio durante el uso.  <\/p>\n<\/div>\n<\/div>\n<\/section>\n","protected":false},"excerpt":{"rendered":"<p>El banco de empuje de cadera EV-BN-EC-530 de la serie Evolve Econ est\u00e1 dise\u00f1ado espec\u00edficamente para realizar ejercicios de activaci\u00f3n de gl\u00fateos de forma eficaz y segura. Ideal tanto para gimnasios comerciales como dom\u00e9sticos, este banco proporciona un soporte estable para empujes de cadera, puentes de gl\u00fateos y otros movimientos de la parte inferior del cuerpo que activan la cadena posterior. Su dise\u00f1o compacto e independiente facilita su colocaci\u00f3n e integraci\u00f3n en diversas zonas de entrenamiento.  <\/p>\n","protected":false},"featured_media":190433,"template":"","meta":{"_acf_changed":false,"inline_featured_image":false},"product_brand":[],"product_cat":[1153,1154],"product_tag":[],"class_list":{"0":"post-227971","1":"product","2":"type-product","3":"status-publish","4":"has-post-thumbnail","6":"product_cat-bancos","7":"product_cat-bancos-econ-series","9":"first","10":"instock","11":"shipping-taxable","12":"purchasable","13":"product-type-simple"},"acf":{"long_title":"Banco de empuje de cadera Evolve Serie Econ (EC-530)","subtitle":"","specifications":[{"label":"SKU","text_value":"EV-BN-EC-530","icon":"x"},{"label":"Garant\u00eda","text_value":"2 a\u00f1os  ","icon":"x"}]},"yoast_head":"<!-- This site is optimized with the Yoast SEO plugin v26.6 - https:\/\/yoast.com\/wordpress\/plugins\/seo\/ -->\n<title>Banco de empuje de cadera Evolve Serie Econ (EC-530) - Evolve<\/title>\n<meta name=\"description\" content=\"El banco de empuje de cadera EV-BN-EC-530 de la serie Evolve Econ est\u00e1 dise\u00f1ado espec\u00edficamente para realizar ejercicios de activaci\u00f3n de gl\u00fateos de forma eficaz y segura.\" \/>\n<meta name=\"robots\" content=\"index, follow, max-snippet:-1, max-image-preview:large, max-video-preview:-1\" \/>\n<link rel=\"canonical\" href=\"https:\/\/evolve-fitness.eu\/es\/producto\/banco-de-empuje-de-cadera-evolve-serie-econ-ec-530\/\" \/>\n<meta property=\"og:locale\" content=\"es_ES\" \/>\n<meta property=\"og:type\" content=\"article\" \/>\n<meta property=\"og:title\" content=\"Banco de empuje de cadera Evolve Serie Econ (EC-530) - Evolve\" \/>\n<meta property=\"og:description\" content=\"El banco de empuje de cadera EV-BN-EC-530 de la serie Evolve Econ est\u00e1 dise\u00f1ado espec\u00edficamente para realizar ejercicios de activaci\u00f3n de gl\u00fateos de forma eficaz y segura.\" \/>\n<meta property=\"og:url\" content=\"https:\/\/evolve-fitness.eu\/es\/producto\/banco-de-empuje-de-cadera-evolve-serie-econ-ec-530\/\" \/>\n<meta property=\"og:site_name\" content=\"Evolve\" \/>\n<meta property=\"article:publisher\" content=\"https:\/\/www.facebook.com\/EvolveFitnessEurope\" \/>\n<meta property=\"article:modified_time\" content=\"2026-04-07T09:01:36+00:00\" \/>\n<meta property=\"og:image\" content=\"https:\/\/evolve-fitness.eu\/wp-content\/uploads\/2025\/04\/EV-BN-EC-530-Evolve-Econ-Series-Hip-Thrust-Bench.jpg\" \/>\n\t<meta property=\"og:image:width\" content=\"2083\" \/>\n\t<meta property=\"og:image:height\" content=\"2083\" \/>\n\t<meta property=\"og:image:type\" content=\"image\/jpeg\" \/>\n<meta name=\"twitter:card\" content=\"summary_large_image\" \/>\n<script type=\"application\/ld+json\" class=\"yoast-schema-graph\">{\"@context\":\"https:\/\/schema.org\",\"@graph\":[{\"@type\":\"WebPage\",\"@id\":\"https:\/\/evolve-fitness.eu\/es\/producto\/banco-de-empuje-de-cadera-evolve-serie-econ-ec-530\/\",\"url\":\"https:\/\/evolve-fitness.eu\/es\/producto\/banco-de-empuje-de-cadera-evolve-serie-econ-ec-530\/\",\"name\":\"Banco de empuje de cadera Evolve Serie Econ (EC-530) - Evolve\",\"isPartOf\":{\"@id\":\"https:\/\/evolve-fitness.eu\/es\/#website\"},\"primaryImageOfPage\":{\"@id\":\"https:\/\/evolve-fitness.eu\/es\/producto\/banco-de-empuje-de-cadera-evolve-serie-econ-ec-530\/#primaryimage\"},\"image\":{\"@id\":\"https:\/\/evolve-fitness.eu\/es\/producto\/banco-de-empuje-de-cadera-evolve-serie-econ-ec-530\/#primaryimage\"},\"thumbnailUrl\":\"https:\/\/evolve-fitness.eu\/wp-content\/uploads\/2025\/04\/EV-BN-EC-530-Evolve-Econ-Series-Hip-Thrust-Bench.jpg\",\"datePublished\":\"2025-04-02T03:10:00+00:00\",\"dateModified\":\"2026-04-07T09:01:36+00:00\",\"description\":\"El banco de empuje de cadera EV-BN-EC-530 de la serie Evolve Econ est\u00e1 dise\u00f1ado espec\u00edficamente para realizar ejercicios de activaci\u00f3n de gl\u00fateos de forma eficaz y segura.\",\"breadcrumb\":{\"@id\":\"https:\/\/evolve-fitness.eu\/es\/producto\/banco-de-empuje-de-cadera-evolve-serie-econ-ec-530\/#breadcrumb\"},\"inLanguage\":\"es\",\"potentialAction\":[{\"@type\":\"ReadAction\",\"target\":[\"https:\/\/evolve-fitness.eu\/es\/producto\/banco-de-empuje-de-cadera-evolve-serie-econ-ec-530\/\"]}]},{\"@type\":\"ImageObject\",\"inLanguage\":\"es\",\"@id\":\"https:\/\/evolve-fitness.eu\/es\/producto\/banco-de-empuje-de-cadera-evolve-serie-econ-ec-530\/#primaryimage\",\"url\":\"https:\/\/evolve-fitness.eu\/wp-content\/uploads\/2025\/04\/EV-BN-EC-530-Evolve-Econ-Series-Hip-Thrust-Bench.jpg\",\"contentUrl\":\"https:\/\/evolve-fitness.eu\/wp-content\/uploads\/2025\/04\/EV-BN-EC-530-Evolve-Econ-Series-Hip-Thrust-Bench.jpg\",\"width\":2083,\"height\":2083},{\"@type\":\"BreadcrumbList\",\"@id\":\"https:\/\/evolve-fitness.eu\/es\/producto\/banco-de-empuje-de-cadera-evolve-serie-econ-ec-530\/#breadcrumb\",\"itemListElement\":[{\"@type\":\"ListItem\",\"position\":1,\"name\":\"Home\",\"item\":\"https:\/\/evolve-fitness.eu\/es\/\"},{\"@type\":\"ListItem\",\"position\":2,\"name\":\"Productos\",\"item\":\"https:\/\/evolve-fitness.eu\/es\/shop\/\"},{\"@type\":\"ListItem\",\"position\":3,\"name\":\"Banco de empuje de cadera Evolve Serie Econ (EC-530)\"}]},{\"@type\":\"WebSite\",\"@id\":\"https:\/\/evolve-fitness.eu\/es\/#website\",\"url\":\"https:\/\/evolve-fitness.eu\/es\/\",\"name\":\"Evolve\",\"description\":\"Your Evolved Gear Arrived\",\"publisher\":{\"@id\":\"https:\/\/evolve-fitness.eu\/es\/#organization\"},\"potentialAction\":[{\"@type\":\"SearchAction\",\"target\":{\"@type\":\"EntryPoint\",\"urlTemplate\":\"https:\/\/evolve-fitness.eu\/es\/?s={search_term_string}\"},\"query-input\":{\"@type\":\"PropertyValueSpecification\",\"valueRequired\":true,\"valueName\":\"search_term_string\"}}],\"inLanguage\":\"es\"},{\"@type\":\"Organization\",\"@id\":\"https:\/\/evolve-fitness.eu\/es\/#organization\",\"name\":\"Evolve\",\"url\":\"https:\/\/evolve-fitness.eu\/es\/\",\"logo\":{\"@type\":\"ImageObject\",\"inLanguage\":\"es\",\"@id\":\"https:\/\/evolve-fitness.eu\/es\/#\/schema\/logo\/image\/\",\"url\":\"https:\/\/evolve-fitness.eu\/wp-content\/uploads\/2023\/05\/Evolve-logo.svg\",\"contentUrl\":\"https:\/\/evolve-fitness.eu\/wp-content\/uploads\/2023\/05\/Evolve-logo.svg\",\"width\":176,\"height\":20,\"caption\":\"Evolve\"},\"image\":{\"@id\":\"https:\/\/evolve-fitness.eu\/es\/#\/schema\/logo\/image\/\"},\"sameAs\":[\"https:\/\/www.facebook.com\/EvolveFitnessEurope\"]}]}<\/script>\n<!-- \/ Yoast SEO plugin. -->","yoast_head_json":{"title":"Banco de empuje de cadera Evolve Serie Econ (EC-530) - Evolve","description":"El banco de empuje de cadera EV-BN-EC-530 de la serie Evolve Econ est\u00e1 dise\u00f1ado espec\u00edficamente para realizar ejercicios de activaci\u00f3n de gl\u00fateos de forma eficaz y segura.","robots":{"index":"index","follow":"follow","max-snippet":"max-snippet:-1","max-image-preview":"max-image-preview:large","max-video-preview":"max-video-preview:-1"},"canonical":"https:\/\/evolve-fitness.eu\/es\/producto\/banco-de-empuje-de-cadera-evolve-serie-econ-ec-530\/","og_locale":"es_ES","og_type":"article","og_title":"Banco de empuje de cadera Evolve Serie Econ (EC-530) - Evolve","og_description":"El banco de empuje de cadera EV-BN-EC-530 de la serie Evolve Econ est\u00e1 dise\u00f1ado espec\u00edficamente para realizar ejercicios de activaci\u00f3n de gl\u00fateos de forma eficaz y segura.","og_url":"https:\/\/evolve-fitness.eu\/es\/producto\/banco-de-empuje-de-cadera-evolve-serie-econ-ec-530\/","og_site_name":"Evolve","article_publisher":"https:\/\/www.facebook.com\/EvolveFitnessEurope","article_modified_time":"2026-04-07T09:01:36+00:00","og_image":[{"width":2083,"height":2083,"url":"https:\/\/evolve-fitness.eu\/wp-content\/uploads\/2025\/04\/EV-BN-EC-530-Evolve-Econ-Series-Hip-Thrust-Bench.jpg","type":"image\/jpeg"}],"twitter_card":"summary_large_image","schema":{"@context":"https:\/\/schema.org","@graph":[{"@type":"WebPage","@id":"https:\/\/evolve-fitness.eu\/es\/producto\/banco-de-empuje-de-cadera-evolve-serie-econ-ec-530\/","url":"https:\/\/evolve-fitness.eu\/es\/producto\/banco-de-empuje-de-cadera-evolve-serie-econ-ec-530\/","name":"Banco de empuje de cadera Evolve Serie Econ (EC-530) - Evolve","isPartOf":{"@id":"https:\/\/evolve-fitness.eu\/es\/#website"},"primaryImageOfPage":{"@id":"https:\/\/evolve-fitness.eu\/es\/producto\/banco-de-empuje-de-cadera-evolve-serie-econ-ec-530\/#primaryimage"},"image":{"@id":"https:\/\/evolve-fitness.eu\/es\/producto\/banco-de-empuje-de-cadera-evolve-serie-econ-ec-530\/#primaryimage"},"thumbnailUrl":"https:\/\/evolve-fitness.eu\/wp-content\/uploads\/2025\/04\/EV-BN-EC-530-Evolve-Econ-Series-Hip-Thrust-Bench.jpg","datePublished":"2025-04-02T03:10:00+00:00","dateModified":"2026-04-07T09:01:36+00:00","description":"El banco de empuje de cadera EV-BN-EC-530 de la serie Evolve Econ est\u00e1 dise\u00f1ado espec\u00edficamente para realizar ejercicios de activaci\u00f3n de gl\u00fateos de forma eficaz y segura.","breadcrumb":{"@id":"https:\/\/evolve-fitness.eu\/es\/producto\/banco-de-empuje-de-cadera-evolve-serie-econ-ec-530\/#breadcrumb"},"inLanguage":"es","potentialAction":[{"@type":"ReadAction","target":["https:\/\/evolve-fitness.eu\/es\/producto\/banco-de-empuje-de-cadera-evolve-serie-econ-ec-530\/"]}]},{"@type":"ImageObject","inLanguage":"es","@id":"https:\/\/evolve-fitness.eu\/es\/producto\/banco-de-empuje-de-cadera-evolve-serie-econ-ec-530\/#primaryimage","url":"https:\/\/evolve-fitness.eu\/wp-content\/uploads\/2025\/04\/EV-BN-EC-530-Evolve-Econ-Series-Hip-Thrust-Bench.jpg","contentUrl":"https:\/\/evolve-fitness.eu\/wp-content\/uploads\/2025\/04\/EV-BN-EC-530-Evolve-Econ-Series-Hip-Thrust-Bench.jpg","width":2083,"height":2083},{"@type":"BreadcrumbList","@id":"https:\/\/evolve-fitness.eu\/es\/producto\/banco-de-empuje-de-cadera-evolve-serie-econ-ec-530\/#breadcrumb","itemListElement":[{"@type":"ListItem","position":1,"name":"Home","item":"https:\/\/evolve-fitness.eu\/es\/"},{"@type":"ListItem","position":2,"name":"Productos","item":"https:\/\/evolve-fitness.eu\/es\/shop\/"},{"@type":"ListItem","position":3,"name":"Banco de empuje de cadera Evolve Serie Econ (EC-530)"}]},{"@type":"WebSite","@id":"https:\/\/evolve-fitness.eu\/es\/#website","url":"https:\/\/evolve-fitness.eu\/es\/","name":"Evolve","description":"Your Evolved Gear Arrived","publisher":{"@id":"https:\/\/evolve-fitness.eu\/es\/#organization"},"potentialAction":[{"@type":"SearchAction","target":{"@type":"EntryPoint","urlTemplate":"https:\/\/evolve-fitness.eu\/es\/?s={search_term_string}"},"query-input":{"@type":"PropertyValueSpecification","valueRequired":true,"valueName":"search_term_string"}}],"inLanguage":"es"},{"@type":"Organization","@id":"https:\/\/evolve-fitness.eu\/es\/#organization","name":"Evolve","url":"https:\/\/evolve-fitness.eu\/es\/","logo":{"@type":"ImageObject","inLanguage":"es","@id":"https:\/\/evolve-fitness.eu\/es\/#\/schema\/logo\/image\/","url":"https:\/\/evolve-fitness.eu\/wp-content\/uploads\/2023\/05\/Evolve-logo.svg","contentUrl":"https:\/\/evolve-fitness.eu\/wp-content\/uploads\/2023\/05\/Evolve-logo.svg","width":176,"height":20,"caption":"Evolve"},"image":{"@id":"https:\/\/evolve-fitness.eu\/es\/#\/schema\/logo\/image\/"},"sameAs":["https:\/\/www.facebook.com\/EvolveFitnessEurope"]}]}},"_links":{"self":[{"href":"https:\/\/evolve-fitness.eu\/es\/wp-json\/wp\/v2\/product\/227971","targetHints":{"allow":["GET"]}}],"collection":[{"href":"https:\/\/evolve-fitness.eu\/es\/wp-json\/wp\/v2\/product"}],"about":[{"href":"https:\/\/evolve-fitness.eu\/es\/wp-json\/wp\/v2\/types\/product"}],"wp:featuredmedia":[{"embeddable":true,"href":"https:\/\/evolve-fitness.eu\/es\/wp-json\/wp\/v2\/media\/190433"}],"wp:attachment":[{"href":"https:\/\/evolve-fitness.eu\/es\/wp-json\/wp\/v2\/media?parent=227971"}],"wp:term":[{"taxonomy":"product_brand","embeddable":true,"href":"https:\/\/evolve-fitness.eu\/es\/wp-json\/wp\/v2\/product_brand?post=227971"},{"taxonomy":"product_cat","embeddable":true,"href":"https:\/\/evolve-fitness.eu\/es\/wp-json\/wp\/v2\/product_cat?post=227971"},{"taxonomy":"product_tag","embeddable":true,"href":"https:\/\/evolve-fitness.eu\/es\/wp-json\/wp\/v2\/product_tag?post=227971"}],"curies":[{"name":"wp","href":"https:\/\/api.w.org\/{rel}","templated":true}]}}