{"id":228050,"date":"2025-03-17T11:55:11","date_gmt":"2025-03-17T09:55:11","guid":{"rendered":"https:\/\/evolve-fitness.eu\/product\/banco-de-sentadillas-evolve-econ-series-sissy-ec-092\/"},"modified":"2026-04-07T12:05:02","modified_gmt":"2026-04-07T09:05:02","slug":"banco-de-sentadillas-evolve-econ-series-sissy-ec-092","status":"publish","type":"product","link":"https:\/\/evolve-fitness.eu\/es\/producto\/banco-de-sentadillas-evolve-econ-series-sissy-ec-092\/","title":{"rendered":"Banco de sentadillas Evolve Econ Series Sissy (EC-092)"},"content":{"rendered":"\n<section class=\"wp-block-group alignfull has-lightgray-background-color has-background is-layout-constrained wp-block-group-is-layout-constrained\">\n<div class=\"wp-block-columns alignwide is-layout-flex wp-container-core-columns-is-layout-2edb0647 wp-block-columns-is-layout-flex\" style=\"margin-top:0;margin-bottom:0\">\n<div class=\"wp-block-column is-layout-flow wp-block-column-is-layout-flow\" style=\"flex-basis:33.33%\"><\/div>\n\n\n\n<div class=\"wp-block-column is-layout-flow wp-block-column-is-layout-flow\" style=\"flex-basis:66.66%\"><\/div>\n<\/div>\n<\/section>\n\n<p><\/p>\n","protected":false},"excerpt":{"rendered":"<p>El Banco de Sentadillas Sissy Evolve Econ Series es una m\u00e1quina de entrenamiento de la parte inferior del cuerpo compacta pero potente, dise\u00f1ada para potenciar el desarrollo de los cu\u00e1driceps, fortalecer la estabilidad del tronco y mejorar el movimiento funcional. Ideal para desarrollar una fuerza explosiva en las piernas, este equipo es perfecto para atletas, entusiastas del fitness y el entrenamiento de rehabilitaci\u00f3n. Tanto si se utiliza para sentadillas con peso corporal como para variaciones con peso, la Sentadilla Sissy a\u00edsla eficazmente los cu\u00e1driceps, lo que la convierte en una herramienta imprescindible para cualquiera que desee perfeccionar sus ejercicios de piernas. <\/p>\n","protected":false},"featured_media":200135,"template":"","meta":{"_acf_changed":false,"inline_featured_image":false},"product_brand":[],"product_cat":[1153,1154],"product_tag":[],"class_list":{"0":"post-228050","1":"product","2":"type-product","3":"status-publish","4":"has-post-thumbnail","6":"product_cat-bancos","7":"product_cat-bancos-econ-series","9":"first","10":"instock","11":"shipping-taxable","12":"purchasable","13":"product-type-simple"},"acf":{"long_title":"Banco de sentadillas Evolve Econ Series Sissy (EC-092)","subtitle":"","specifications":[{"label":"SKU","text_value":"EV-BN-EC-092","icon":"x"},{"label":"Longitud","text_value":"1110 mm","icon":"x"},{"label":"Anchura","text_value":"570 mm","icon":"x"},{"label":"Altura","text_value":"500 mm","icon":"x"},{"label":"Peso","text_value":"43 kg","icon":"x"},{"label":"Tapicer\u00eda gruesa","text_value":"","icon":"v"},{"label":"Garant\u00eda","text_value":"2 a\u00f1os  ","icon":"x"}]},"yoast_head":"<!-- This site is optimized with the Yoast SEO plugin v26.6 - https:\/\/yoast.com\/wordpress\/plugins\/seo\/ -->\n<title>Banco de sentadillas Evolve Econ Series Sissy (EC-092) - Evolve<\/title>\n<meta name=\"robots\" content=\"index, follow, max-snippet:-1, max-image-preview:large, max-video-preview:-1\" \/>\n<link rel=\"canonical\" href=\"https:\/\/evolve-fitness.eu\/es\/producto\/banco-de-sentadillas-evolve-econ-series-sissy-ec-092\/\" \/>\n<meta property=\"og:locale\" content=\"es_ES\" \/>\n<meta property=\"og:type\" content=\"article\" \/>\n<meta property=\"og:title\" content=\"Banco de sentadillas Evolve Econ Series Sissy (EC-092) - Evolve\" \/>\n<meta property=\"og:url\" content=\"https:\/\/evolve-fitness.eu\/es\/producto\/banco-de-sentadillas-evolve-econ-series-sissy-ec-092\/\" \/>\n<meta property=\"og:site_name\" content=\"Evolve\" \/>\n<meta property=\"article:publisher\" content=\"https:\/\/www.facebook.com\/EvolveFitnessEurope\" \/>\n<meta property=\"article:modified_time\" content=\"2026-04-07T09:05:02+00:00\" \/>\n<meta property=\"og:image\" content=\"https:\/\/evolve-fitness.eu\/wp-content\/uploads\/2025\/03\/EV-BN-EC-092-Evolve-Econ-Series-Sissy-Squat-scaled.jpg\" \/>\n\t<meta property=\"og:image:width\" content=\"2560\" \/>\n\t<meta property=\"og:image:height\" content=\"2560\" \/>\n\t<meta property=\"og:image:type\" content=\"image\/jpeg\" \/>\n<meta name=\"twitter:card\" content=\"summary_large_image\" \/>\n<script type=\"application\/ld+json\" class=\"yoast-schema-graph\">{\"@context\":\"https:\/\/schema.org\",\"@graph\":[{\"@type\":\"WebPage\",\"@id\":\"https:\/\/evolve-fitness.eu\/es\/producto\/banco-de-sentadillas-evolve-econ-series-sissy-ec-092\/\",\"url\":\"https:\/\/evolve-fitness.eu\/es\/producto\/banco-de-sentadillas-evolve-econ-series-sissy-ec-092\/\",\"name\":\"Banco de sentadillas Evolve Econ Series Sissy (EC-092) - Evolve\",\"isPartOf\":{\"@id\":\"https:\/\/evolve-fitness.eu\/es\/#website\"},\"primaryImageOfPage\":{\"@id\":\"https:\/\/evolve-fitness.eu\/es\/producto\/banco-de-sentadillas-evolve-econ-series-sissy-ec-092\/#primaryimage\"},\"image\":{\"@id\":\"https:\/\/evolve-fitness.eu\/es\/producto\/banco-de-sentadillas-evolve-econ-series-sissy-ec-092\/#primaryimage\"},\"thumbnailUrl\":\"https:\/\/evolve-fitness.eu\/wp-content\/uploads\/2025\/03\/EV-BN-EC-092-Evolve-Econ-Series-Sissy-Squat-scaled.jpg\",\"datePublished\":\"2025-03-17T09:55:11+00:00\",\"dateModified\":\"2026-04-07T09:05:02+00:00\",\"breadcrumb\":{\"@id\":\"https:\/\/evolve-fitness.eu\/es\/producto\/banco-de-sentadillas-evolve-econ-series-sissy-ec-092\/#breadcrumb\"},\"inLanguage\":\"es\",\"potentialAction\":[{\"@type\":\"ReadAction\",\"target\":[\"https:\/\/evolve-fitness.eu\/es\/producto\/banco-de-sentadillas-evolve-econ-series-sissy-ec-092\/\"]}]},{\"@type\":\"ImageObject\",\"inLanguage\":\"es\",\"@id\":\"https:\/\/evolve-fitness.eu\/es\/producto\/banco-de-sentadillas-evolve-econ-series-sissy-ec-092\/#primaryimage\",\"url\":\"https:\/\/evolve-fitness.eu\/wp-content\/uploads\/2025\/03\/EV-BN-EC-092-Evolve-Econ-Series-Sissy-Squat-scaled.jpg\",\"contentUrl\":\"https:\/\/evolve-fitness.eu\/wp-content\/uploads\/2025\/03\/EV-BN-EC-092-Evolve-Econ-Series-Sissy-Squat-scaled.jpg\",\"width\":2560,\"height\":2560},{\"@type\":\"BreadcrumbList\",\"@id\":\"https:\/\/evolve-fitness.eu\/es\/producto\/banco-de-sentadillas-evolve-econ-series-sissy-ec-092\/#breadcrumb\",\"itemListElement\":[{\"@type\":\"ListItem\",\"position\":1,\"name\":\"Home\",\"item\":\"https:\/\/evolve-fitness.eu\/es\/\"},{\"@type\":\"ListItem\",\"position\":2,\"name\":\"Productos\",\"item\":\"https:\/\/evolve-fitness.eu\/es\/shop\/\"},{\"@type\":\"ListItem\",\"position\":3,\"name\":\"Banco de sentadillas Evolve Econ Series Sissy (EC-092)\"}]},{\"@type\":\"WebSite\",\"@id\":\"https:\/\/evolve-fitness.eu\/es\/#website\",\"url\":\"https:\/\/evolve-fitness.eu\/es\/\",\"name\":\"Evolve\",\"description\":\"Your Evolved Gear Arrived\",\"publisher\":{\"@id\":\"https:\/\/evolve-fitness.eu\/es\/#organization\"},\"potentialAction\":[{\"@type\":\"SearchAction\",\"target\":{\"@type\":\"EntryPoint\",\"urlTemplate\":\"https:\/\/evolve-fitness.eu\/es\/?s={search_term_string}\"},\"query-input\":{\"@type\":\"PropertyValueSpecification\",\"valueRequired\":true,\"valueName\":\"search_term_string\"}}],\"inLanguage\":\"es\"},{\"@type\":\"Organization\",\"@id\":\"https:\/\/evolve-fitness.eu\/es\/#organization\",\"name\":\"Evolve\",\"url\":\"https:\/\/evolve-fitness.eu\/es\/\",\"logo\":{\"@type\":\"ImageObject\",\"inLanguage\":\"es\",\"@id\":\"https:\/\/evolve-fitness.eu\/es\/#\/schema\/logo\/image\/\",\"url\":\"https:\/\/evolve-fitness.eu\/wp-content\/uploads\/2023\/05\/Evolve-logo.svg\",\"contentUrl\":\"https:\/\/evolve-fitness.eu\/wp-content\/uploads\/2023\/05\/Evolve-logo.svg\",\"width\":176,\"height\":20,\"caption\":\"Evolve\"},\"image\":{\"@id\":\"https:\/\/evolve-fitness.eu\/es\/#\/schema\/logo\/image\/\"},\"sameAs\":[\"https:\/\/www.facebook.com\/EvolveFitnessEurope\"]}]}<\/script>\n<!-- \/ Yoast SEO plugin. -->","yoast_head_json":{"title":"Banco de sentadillas Evolve Econ Series Sissy (EC-092) - Evolve","robots":{"index":"index","follow":"follow","max-snippet":"max-snippet:-1","max-image-preview":"max-image-preview:large","max-video-preview":"max-video-preview:-1"},"canonical":"https:\/\/evolve-fitness.eu\/es\/producto\/banco-de-sentadillas-evolve-econ-series-sissy-ec-092\/","og_locale":"es_ES","og_type":"article","og_title":"Banco de sentadillas Evolve Econ Series Sissy (EC-092) - Evolve","og_url":"https:\/\/evolve-fitness.eu\/es\/producto\/banco-de-sentadillas-evolve-econ-series-sissy-ec-092\/","og_site_name":"Evolve","article_publisher":"https:\/\/www.facebook.com\/EvolveFitnessEurope","article_modified_time":"2026-04-07T09:05:02+00:00","og_image":[{"width":2560,"height":2560,"url":"https:\/\/evolve-fitness.eu\/wp-content\/uploads\/2025\/03\/EV-BN-EC-092-Evolve-Econ-Series-Sissy-Squat-scaled.jpg","type":"image\/jpeg"}],"twitter_card":"summary_large_image","schema":{"@context":"https:\/\/schema.org","@graph":[{"@type":"WebPage","@id":"https:\/\/evolve-fitness.eu\/es\/producto\/banco-de-sentadillas-evolve-econ-series-sissy-ec-092\/","url":"https:\/\/evolve-fitness.eu\/es\/producto\/banco-de-sentadillas-evolve-econ-series-sissy-ec-092\/","name":"Banco de sentadillas Evolve Econ Series Sissy (EC-092) - Evolve","isPartOf":{"@id":"https:\/\/evolve-fitness.eu\/es\/#website"},"primaryImageOfPage":{"@id":"https:\/\/evolve-fitness.eu\/es\/producto\/banco-de-sentadillas-evolve-econ-series-sissy-ec-092\/#primaryimage"},"image":{"@id":"https:\/\/evolve-fitness.eu\/es\/producto\/banco-de-sentadillas-evolve-econ-series-sissy-ec-092\/#primaryimage"},"thumbnailUrl":"https:\/\/evolve-fitness.eu\/wp-content\/uploads\/2025\/03\/EV-BN-EC-092-Evolve-Econ-Series-Sissy-Squat-scaled.jpg","datePublished":"2025-03-17T09:55:11+00:00","dateModified":"2026-04-07T09:05:02+00:00","breadcrumb":{"@id":"https:\/\/evolve-fitness.eu\/es\/producto\/banco-de-sentadillas-evolve-econ-series-sissy-ec-092\/#breadcrumb"},"inLanguage":"es","potentialAction":[{"@type":"ReadAction","target":["https:\/\/evolve-fitness.eu\/es\/producto\/banco-de-sentadillas-evolve-econ-series-sissy-ec-092\/"]}]},{"@type":"ImageObject","inLanguage":"es","@id":"https:\/\/evolve-fitness.eu\/es\/producto\/banco-de-sentadillas-evolve-econ-series-sissy-ec-092\/#primaryimage","url":"https:\/\/evolve-fitness.eu\/wp-content\/uploads\/2025\/03\/EV-BN-EC-092-Evolve-Econ-Series-Sissy-Squat-scaled.jpg","contentUrl":"https:\/\/evolve-fitness.eu\/wp-content\/uploads\/2025\/03\/EV-BN-EC-092-Evolve-Econ-Series-Sissy-Squat-scaled.jpg","width":2560,"height":2560},{"@type":"BreadcrumbList","@id":"https:\/\/evolve-fitness.eu\/es\/producto\/banco-de-sentadillas-evolve-econ-series-sissy-ec-092\/#breadcrumb","itemListElement":[{"@type":"ListItem","position":1,"name":"Home","item":"https:\/\/evolve-fitness.eu\/es\/"},{"@type":"ListItem","position":2,"name":"Productos","item":"https:\/\/evolve-fitness.eu\/es\/shop\/"},{"@type":"ListItem","position":3,"name":"Banco de sentadillas Evolve Econ Series Sissy (EC-092)"}]},{"@type":"WebSite","@id":"https:\/\/evolve-fitness.eu\/es\/#website","url":"https:\/\/evolve-fitness.eu\/es\/","name":"Evolve","description":"Your Evolved Gear Arrived","publisher":{"@id":"https:\/\/evolve-fitness.eu\/es\/#organization"},"potentialAction":[{"@type":"SearchAction","target":{"@type":"EntryPoint","urlTemplate":"https:\/\/evolve-fitness.eu\/es\/?s={search_term_string}"},"query-input":{"@type":"PropertyValueSpecification","valueRequired":true,"valueName":"search_term_string"}}],"inLanguage":"es"},{"@type":"Organization","@id":"https:\/\/evolve-fitness.eu\/es\/#organization","name":"Evolve","url":"https:\/\/evolve-fitness.eu\/es\/","logo":{"@type":"ImageObject","inLanguage":"es","@id":"https:\/\/evolve-fitness.eu\/es\/#\/schema\/logo\/image\/","url":"https:\/\/evolve-fitness.eu\/wp-content\/uploads\/2023\/05\/Evolve-logo.svg","contentUrl":"https:\/\/evolve-fitness.eu\/wp-content\/uploads\/2023\/05\/Evolve-logo.svg","width":176,"height":20,"caption":"Evolve"},"image":{"@id":"https:\/\/evolve-fitness.eu\/es\/#\/schema\/logo\/image\/"},"sameAs":["https:\/\/www.facebook.com\/EvolveFitnessEurope"]}]}},"_links":{"self":[{"href":"https:\/\/evolve-fitness.eu\/es\/wp-json\/wp\/v2\/product\/228050","targetHints":{"allow":["GET"]}}],"collection":[{"href":"https:\/\/evolve-fitness.eu\/es\/wp-json\/wp\/v2\/product"}],"about":[{"href":"https:\/\/evolve-fitness.eu\/es\/wp-json\/wp\/v2\/types\/product"}],"wp:featuredmedia":[{"embeddable":true,"href":"https:\/\/evolve-fitness.eu\/es\/wp-json\/wp\/v2\/media\/200135"}],"wp:attachment":[{"href":"https:\/\/evolve-fitness.eu\/es\/wp-json\/wp\/v2\/media?parent=228050"}],"wp:term":[{"taxonomy":"product_brand","embeddable":true,"href":"https:\/\/evolve-fitness.eu\/es\/wp-json\/wp\/v2\/product_brand?post=228050"},{"taxonomy":"product_cat","embeddable":true,"href":"https:\/\/evolve-fitness.eu\/es\/wp-json\/wp\/v2\/product_cat?post=228050"},{"taxonomy":"product_tag","embeddable":true,"href":"https:\/\/evolve-fitness.eu\/es\/wp-json\/wp\/v2\/product_tag?post=228050"}],"curies":[{"name":"wp","href":"https:\/\/api.w.org\/{rel}","templated":true}]}}