{"id":228796,"date":"2025-06-03T13:27:34","date_gmt":"2025-06-03T10:27:34","guid":{"rendered":"https:\/\/evolve-fitness.eu\/product\/juegos-de-barras-evolve-serie-ultra-con-platos-de-contrapeso-de-uretano-para-cpu-bs-pr\/"},"modified":"2026-04-08T15:58:23","modified_gmt":"2026-04-08T12:58:23","slug":"juegos-de-barras-evolve-serie-ultra-con-platos-de-contrapeso-de-uretano-para-cpu-bs-pr","status":"publish","type":"product","link":"https:\/\/evolve-fitness.eu\/es\/producto\/juegos-de-barras-evolve-serie-ultra-con-platos-de-contrapeso-de-uretano-para-cpu-bs-pr\/","title":{"rendered":"Juegos de Barras Evolve Serie Ultra Con Platos de Contrapeso de Uretano para CPU (BS-PR)"},"content":{"rendered":"\n<section class=\"wp-block-group alignfull black-content has-white-color has-darkgray-background-color has-text-color has-background is-layout-constrained wp-block-group-is-layout-constrained\" style=\"padding-top:var(--wp--preset--spacing--section-bottom);padding-bottom:var(--wp--preset--spacing--section-bottom)\">\n<section class=\"wp-block-group alignfull black-content has-white-color has-darkgray-background-color has-text-color has-background is-layout-constrained wp-block-group-is-layout-constrained\" style=\"padding-top:var(--wp--preset--spacing--section-bottom);padding-bottom:var(--wp--preset--spacing--section-bottom)\">\n<div class=\"wp-block-columns alignwide mobile-reverse is-layout-flex wp-container-core-columns-is-layout-ca64bf2d wp-block-columns-is-layout-flex\" style=\"margin-bottom:var(--wp--preset--spacing--side-padding)\">\n<div class=\"wp-block-column is-vertically-aligned-center is-layout-flow wp-block-column-is-layout-flow\">\n<h3 class=\"wp-block-heading\" style=\"margin-bottom:var(--wp--preset--spacing--h-3-bottom)\"><strong><strong>Juego de entrenamiento de fuerza Evolve &#8211; Barra Serie Prime con placas de peso de uretano CPU Serie Ultra<\/strong><\/strong><\/h3>\n\n\n\n<p style=\"margin-bottom:var(--wp--preset--spacing--tb-section-padding)\">Mejora tu arsenal de entrenamiento con el Juego de entrenamiento de fuerza Evolve, que combina la <strong>barra ol\u00edmpica<\/strong> de \u00e9lite <strong>Evolve Prime Series (220 cm \/ 20 kg)<\/strong>, <strong>los platos de uretano para CPU Evolve Ultra Series<\/strong> dise\u00f1ados con precisi\u00f3n <strong>(1,25-25 kg)<\/strong> y los seguros collares para barra ol\u00edmpica Evolve. Este conjunto est\u00e1 dise\u00f1ado para atletas y profesionales del fitness que exigen un rendimiento excepcional, durabilidad a largo plazo y est\u00e1ndares profesionales de gimnasio en cada levantamiento. <\/p>\n<\/div>\n\n\n\n<div class=\"wp-block-column is-vertically-aligned-center is-layout-flow wp-block-column-is-layout-flow\">\n<figure class=\"wp-block-image size-large is-style-rounded\"><img loading=\"lazy\" decoding=\"async\" width=\"1024\" height=\"683\" src=\"https:\/\/evolve-fitness.eu\/wp-content\/uploads\/2025\/06\/A7_02417-1024x683.jpg\" alt=\"\" class=\"wp-image-198606\" srcset=\"https:\/\/evolve-fitness.eu\/wp-content\/uploads\/2025\/06\/A7_02417-1024x683.jpg 1024w, https:\/\/evolve-fitness.eu\/wp-content\/uploads\/2025\/06\/A7_02417-300x200.jpg 300w, https:\/\/evolve-fitness.eu\/wp-content\/uploads\/2025\/06\/A7_02417-150x100.jpg 150w, https:\/\/evolve-fitness.eu\/wp-content\/uploads\/2025\/06\/A7_02417-768x512.jpg 768w, https:\/\/evolve-fitness.eu\/wp-content\/uploads\/2025\/06\/A7_02417-1536x1024.jpg 1536w, https:\/\/evolve-fitness.eu\/wp-content\/uploads\/2025\/06\/A7_02417-2048x1365.jpg 2048w, https:\/\/evolve-fitness.eu\/wp-content\/uploads\/2025\/06\/A7_02417-600x400.jpg 600w, https:\/\/evolve-fitness.eu\/wp-content\/uploads\/2025\/06\/A7_02417-225x150.jpg 225w\" sizes=\"auto, (max-width: 1024px) 100vw, 1024px\" \/><\/figure>\n<\/div>\n<\/div>\n\n\n\n<div class=\"wp-block-columns alignwide is-layout-flex wp-container-core-columns-is-layout-c45ee707 wp-block-columns-is-layout-flex\" style=\"margin-bottom:var(--wp--preset--spacing--side-padding);padding-top:var(--wp--preset--spacing--side-padding)\">\n<div class=\"wp-block-column is-vertically-aligned-center is-layout-flow wp-block-column-is-layout-flow\">\n<figure class=\"wp-block-video\"><video height=\"1000\" style=\"aspect-ratio: 1000 \/ 1000;\" width=\"1000\" controls=\"\" src=\"https:\/\/store.evolve-fitness.eu\/wp-content\/uploads\/2025\/05\/EV-OB-CK-201-Evolve-Cerakote-Series-Olympic-Woman-201-cm-15-kg-1.mp4\"><\/video><\/figure>\n<\/div>\n\n\n\n<div class=\"wp-block-column is-vertically-aligned-center is-layout-flow wp-block-column-is-layout-flow\">\n<h3 class=\"wp-block-heading\" style=\"margin-bottom:var(--wp--preset--spacing--h-3-bottom)\"><strong>Elite Performance &#8211; Barra de hombre ol\u00edmpica Evolve Prime Series<\/strong><\/h3>\n\n\n\n<p style=\"margin-bottom:var(--wp--preset--spacing--tb-section-padding)\">La barra ol\u00edmpica Evolve Prime Series es el n\u00facleo de este conjunto. Con una longitud de 220 cm y un peso de 20 kg, est\u00e1 dise\u00f1ada para el entrenamiento de fuerza con cargas elevadas. Fabricada con acero de aleaci\u00f3n tratado t\u00e9rmicamente, la barra ofrece un equilibrio perfecto entre resistencia a la tracci\u00f3n y flexibilidad. Los rodamientos de agujas de precisi\u00f3n garantizan una rotaci\u00f3n suave del manguito, ideal para levantamientos ol\u00edmpicos y movimientos din\u00e1micos con barra. Su superficie finamente moleteada proporciona un agarre seguro y c\u00f3modo para todo tipo de entrenamientos, desde sentadillas hasta limpiezas.    <\/p>\n<\/div>\n<\/div>\n\n\n\n<div class=\"wp-block-columns alignwide mobile-reverse is-layout-flex wp-container-core-columns-is-layout-ca64bf2d wp-block-columns-is-layout-flex\" style=\"margin-bottom:var(--wp--preset--spacing--side-padding)\">\n<div class=\"wp-block-column is-vertically-aligned-center is-layout-flow wp-block-column-is-layout-flow\">\n<h3 class=\"wp-block-heading\" style=\"margin-bottom:var(--wp--preset--spacing--h-3-bottom)\"><strong>Seguros y fiables &#8211; Collares de barra ol\u00edmpicos<\/strong><\/h3>\n\n\n\n<p style=\"margin-bottom:var(--wp--preset--spacing--tb-section-padding)\">Los collares para barra ol\u00edmpica Evolve incluidos est\u00e1n dise\u00f1ados para cambiar los platos de forma r\u00e1pida y segura. Dise\u00f1ados para bloquear firmemente las placas de pesas en su lugar durante los levantamientos de alta intensidad, estos collares garantizan una colocaci\u00f3n estable y controlada de la barra. Su mecanismo de bloqueo r\u00e1pido permite colocarlos y quitarlos sin esfuerzo y sin comprometer la seguridad ni la estabilidad.  <\/p>\n<\/div>\n\n\n\n<div class=\"wp-block-column is-vertically-aligned-center is-layout-flow wp-block-column-is-layout-flow\">\n<figure class=\"wp-block-video\"><video height=\"1280\" style=\"aspect-ratio: 1920 \/ 1280;\" width=\"1920\" controls=\"\" src=\"https:\/\/store.evolve-fitness.eu\/wp-content\/uploads\/2025\/05\/EV-OC-CC-02-1.mp4\"><\/video><\/figure>\n<\/div>\n<\/div>\n\n\n\n<div class=\"wp-block-columns alignwide is-layout-flex wp-container-core-columns-is-layout-c45ee707 wp-block-columns-is-layout-flex\" style=\"margin-bottom:var(--wp--preset--spacing--side-padding);padding-top:var(--wp--preset--spacing--side-padding)\">\n<div class=\"wp-block-column is-vertically-aligned-center is-layout-flow wp-block-column-is-layout-flow\">\n<figure class=\"wp-block-image size-large is-style-rounded\"><img loading=\"lazy\" decoding=\"async\" width=\"1024\" height=\"683\" src=\"https:\/\/evolve-fitness.eu\/wp-content\/uploads\/2025\/06\/A7_02441-1024x683.jpg\" alt=\"\" class=\"wp-image-198631\" srcset=\"https:\/\/evolve-fitness.eu\/wp-content\/uploads\/2025\/06\/A7_02441-1024x683.jpg 1024w, https:\/\/evolve-fitness.eu\/wp-content\/uploads\/2025\/06\/A7_02441-300x200.jpg 300w, https:\/\/evolve-fitness.eu\/wp-content\/uploads\/2025\/06\/A7_02441-150x100.jpg 150w, https:\/\/evolve-fitness.eu\/wp-content\/uploads\/2025\/06\/A7_02441-768x512.jpg 768w, https:\/\/evolve-fitness.eu\/wp-content\/uploads\/2025\/06\/A7_02441-1536x1024.jpg 1536w, https:\/\/evolve-fitness.eu\/wp-content\/uploads\/2025\/06\/A7_02441-2048x1365.jpg 2048w, https:\/\/evolve-fitness.eu\/wp-content\/uploads\/2025\/06\/A7_02441-600x400.jpg 600w, https:\/\/evolve-fitness.eu\/wp-content\/uploads\/2025\/06\/A7_02441-225x150.jpg 225w\" sizes=\"auto, (max-width: 1024px) 100vw, 1024px\" \/><\/figure>\n<\/div>\n\n\n\n<div class=\"wp-block-column is-vertically-aligned-center is-layout-flow wp-block-column-is-layout-flow\">\n<h3 class=\"wp-block-heading\" style=\"margin-bottom:var(--wp--preset--spacing--h-3-bottom)\"><strong>Precisi\u00f3n y durabilidad &#8211; Platos de peso de uretano para CPU de la serie Ultra<\/strong><\/h3>\n\n\n\n<p>Este juego incluye <strong>los Platos de Peso de Uretano CPU de la Serie Evolve Ultra<\/strong>, que ofrecen una resistencia sin igual al desgaste, la decoloraci\u00f3n y los impactos. Fabricados con uretano CPU de alta calidad y disponibles en tama\u00f1os de 1,25-25 kg, estos platos est\u00e1n calibrados con precisi\u00f3n y construidos para un uso intensivo y prolongado. Cada plato incluye asas ergon\u00f3micas para facilitar su manejo, una superficie que no deja marcas para proteger el suelo del gimnasio y logotipos e indicadores de peso grabados con l\u00e1ser para una claridad duradera.  <\/p>\n<\/div>\n<\/div>\n\n\n\n<div class=\"wp-block-columns alignwide is-layout-flex wp-container-core-columns-is-layout-c45ee707 wp-block-columns-is-layout-flex\" style=\"margin-bottom:var(--wp--preset--spacing--side-padding);padding-top:var(--wp--preset--spacing--side-padding)\">\n<div class=\"wp-block-column is-vertically-aligned-center is-layout-flow wp-block-column-is-layout-flow\">\n<h3 class=\"wp-block-heading\" style=\"margin-bottom:var(--wp--preset--spacing--h-3-bottom)\"><strong>Entrena como un profesional &#8211; Creado para el progreso y el rendimiento<\/strong><\/h3>\n\n\n\n<p>Este conjunto de entrenamiento de fuerza es ideal para los atletas que buscan un equipo de calidad profesional que combine ingenier\u00eda avanzada con una est\u00e9tica limpia y moderna. Tanto si entrenas en casa como si equipas una instalaci\u00f3n comercial, este conjunto proporciona la confianza, seguridad y eficacia necesarias para un desarrollo serio de la fuerza. <\/p>\n<\/div>\n\n\n\n<div class=\"wp-block-column is-vertically-aligned-center is-layout-flow wp-block-column-is-layout-flow\">\n<div class=\"wp-block-columns is-layout-flex wp-container-core-columns-is-layout-9d6595d7 wp-block-columns-is-layout-flex\">\n<div class=\"wp-block-column is-layout-flow wp-block-column-is-layout-flow\">\n<figure class=\"wp-block-image size-large is-style-rounded\"><img loading=\"lazy\" decoding=\"async\" width=\"1024\" height=\"683\" src=\"https:\/\/evolve-fitness.eu\/wp-content\/uploads\/2025\/06\/A7_02443-1024x683.jpg\" alt=\"\" class=\"wp-image-198681\" srcset=\"https:\/\/evolve-fitness.eu\/wp-content\/uploads\/2025\/06\/A7_02443-1024x683.jpg 1024w, https:\/\/evolve-fitness.eu\/wp-content\/uploads\/2025\/06\/A7_02443-300x200.jpg 300w, https:\/\/evolve-fitness.eu\/wp-content\/uploads\/2025\/06\/A7_02443-150x100.jpg 150w, https:\/\/evolve-fitness.eu\/wp-content\/uploads\/2025\/06\/A7_02443-768x512.jpg 768w, https:\/\/evolve-fitness.eu\/wp-content\/uploads\/2025\/06\/A7_02443-1536x1024.jpg 1536w, https:\/\/evolve-fitness.eu\/wp-content\/uploads\/2025\/06\/A7_02443-2048x1365.jpg 2048w, https:\/\/evolve-fitness.eu\/wp-content\/uploads\/2025\/06\/A7_02443-600x400.jpg 600w, https:\/\/evolve-fitness.eu\/wp-content\/uploads\/2025\/06\/A7_02443-225x150.jpg 225w\" sizes=\"auto, (max-width: 1024px) 100vw, 1024px\" \/><\/figure>\n<\/div>\n<\/div>\n<\/div>\n<\/div>\n<\/section>\n<\/section>\n","protected":false},"excerpt":{"rendered":"<p>Mejora tu arsenal de entrenamiento con el Juego de entrenamiento de fuerza Evolve, que combina la barra ol\u00edmpica de \u00e9lite Evolve Prime Series (220 cm \/ 20 kg), los platos de uretano para CPU Evolve Ultra Series dise\u00f1ados con precisi\u00f3n (1,25-25 kg) y los seguros collares para barra ol\u00edmpica Evolve. Este conjunto est\u00e1 dise\u00f1ado para atletas y profesionales del fitness que exigen un rendimiento excepcional, durabilidad a largo plazo y est\u00e1ndares profesionales de gimnasio en cada levantamiento. <\/p>\n","protected":false},"featured_media":199754,"template":"","meta":{"_acf_changed":false,"inline_featured_image":false},"product_brand":[],"product_cat":[13068,1454],"product_tag":[],"class_list":{"0":"post-228796","1":"product","2":"type-product","3":"status-publish","4":"has-post-thumbnail","6":"product_cat-juegos-de-bar","7":"product_cat-pesos-libres","9":"first","10":"instock","11":"shipping-taxable","12":"purchasable","13":"product-type-variable"},"acf":{"long_title":"Juego de Barras Evolve Serie ultra Con Platos de Contrapeso de Uretano para CPU (BS-PR)","subtitle":"","specifications":[{"label":"SKU","text_value":"EV-BS-PR","icon":"x"}],"product_frequently_asked_questions":null},"yoast_head":"<!-- This site is optimized with the Yoast SEO plugin v27.4 - https:\/\/yoast.com\/product\/yoast-seo-wordpress\/ -->\n<title>Juegos de Barras Evolve Serie Ultra Con Platos de Contrapeso de Uretano para CPU (BS-PR) - Evolve<\/title>\n<meta name=\"description\" content=\"Barra ol\u00edmpica para hombre Workout Evolve Prime Series (220 cm \/ 20 kg), platos de uretano para CPU Evolve Ultra Series (1,25-25 kg) y collares para barra ol\u00edmpica Evolve.\" \/>\n<meta name=\"robots\" content=\"index, follow, max-snippet:-1, max-image-preview:large, max-video-preview:-1\" \/>\n<link rel=\"canonical\" href=\"https:\/\/evolve-fitness.eu\/es\/producto\/juegos-de-barras-evolve-serie-ultra-con-platos-de-contrapeso-de-uretano-para-cpu-bs-pr\/\" \/>\n<meta property=\"og:locale\" content=\"es_ES\" \/>\n<meta property=\"og:type\" content=\"article\" \/>\n<meta property=\"og:title\" content=\"Juegos de Barras Evolve Serie Ultra Con Platos de Contrapeso de Uretano para CPU (BS-PR) - Evolve\" \/>\n<meta property=\"og:description\" content=\"Barra ol\u00edmpica para hombre Workout Evolve Prime Series (220 cm \/ 20 kg), platos de uretano para CPU Evolve Ultra Series (1,25-25 kg) y collares para barra ol\u00edmpica Evolve.\" \/>\n<meta property=\"og:url\" content=\"https:\/\/evolve-fitness.eu\/es\/producto\/juegos-de-barras-evolve-serie-ultra-con-platos-de-contrapeso-de-uretano-para-cpu-bs-pr\/\" \/>\n<meta property=\"og:site_name\" content=\"Evolve\" \/>\n<meta property=\"article:publisher\" content=\"https:\/\/www.facebook.com\/EvolveFitnessEurope\" \/>\n<meta property=\"article:modified_time\" content=\"2026-04-08T12:58:23+00:00\" \/>\n<meta property=\"og:image\" content=\"https:\/\/evolve-fitness.eu\/wp-content\/uploads\/2025\/06\/Heading-scaled.png\" \/>\n\t<meta property=\"og:image:width\" content=\"2560\" \/>\n\t<meta property=\"og:image:height\" content=\"2560\" \/>\n\t<meta property=\"og:image:type\" content=\"image\/png\" \/>\n<meta name=\"twitter:card\" content=\"summary_large_image\" \/>\n<script type=\"application\/ld+json\" class=\"yoast-schema-graph\">{\"@context\":\"https:\\\/\\\/schema.org\",\"@graph\":[{\"@type\":\"WebPage\",\"@id\":\"https:\\\/\\\/evolve-fitness.eu\\\/es\\\/producto\\\/juegos-de-barras-evolve-serie-ultra-con-platos-de-contrapeso-de-uretano-para-cpu-bs-pr\\\/\",\"url\":\"https:\\\/\\\/evolve-fitness.eu\\\/es\\\/producto\\\/juegos-de-barras-evolve-serie-ultra-con-platos-de-contrapeso-de-uretano-para-cpu-bs-pr\\\/\",\"name\":\"Juegos de Barras Evolve Serie Ultra Con Platos de Contrapeso de Uretano para CPU (BS-PR) - Evolve\",\"isPartOf\":{\"@id\":\"https:\\\/\\\/evolve-fitness.eu\\\/es\\\/#website\"},\"primaryImageOfPage\":{\"@id\":\"https:\\\/\\\/evolve-fitness.eu\\\/es\\\/producto\\\/juegos-de-barras-evolve-serie-ultra-con-platos-de-contrapeso-de-uretano-para-cpu-bs-pr\\\/#primaryimage\"},\"image\":{\"@id\":\"https:\\\/\\\/evolve-fitness.eu\\\/es\\\/producto\\\/juegos-de-barras-evolve-serie-ultra-con-platos-de-contrapeso-de-uretano-para-cpu-bs-pr\\\/#primaryimage\"},\"thumbnailUrl\":\"https:\\\/\\\/evolve-fitness.eu\\\/wp-content\\\/uploads\\\/2025\\\/06\\\/Heading-scaled.png\",\"datePublished\":\"2025-06-03T10:27:34+00:00\",\"dateModified\":\"2026-04-08T12:58:23+00:00\",\"description\":\"Barra ol\u00edmpica para hombre Workout Evolve Prime Series (220 cm \\\/ 20 kg), platos de uretano para CPU Evolve Ultra Series (1,25-25 kg) y collares para barra ol\u00edmpica Evolve.\",\"breadcrumb\":{\"@id\":\"https:\\\/\\\/evolve-fitness.eu\\\/es\\\/producto\\\/juegos-de-barras-evolve-serie-ultra-con-platos-de-contrapeso-de-uretano-para-cpu-bs-pr\\\/#breadcrumb\"},\"inLanguage\":\"es\",\"potentialAction\":[{\"@type\":\"ReadAction\",\"target\":[\"https:\\\/\\\/evolve-fitness.eu\\\/es\\\/producto\\\/juegos-de-barras-evolve-serie-ultra-con-platos-de-contrapeso-de-uretano-para-cpu-bs-pr\\\/\"]}]},{\"@type\":\"ImageObject\",\"inLanguage\":\"es\",\"@id\":\"https:\\\/\\\/evolve-fitness.eu\\\/es\\\/producto\\\/juegos-de-barras-evolve-serie-ultra-con-platos-de-contrapeso-de-uretano-para-cpu-bs-pr\\\/#primaryimage\",\"url\":\"https:\\\/\\\/evolve-fitness.eu\\\/wp-content\\\/uploads\\\/2025\\\/06\\\/Heading-scaled.png\",\"contentUrl\":\"https:\\\/\\\/evolve-fitness.eu\\\/wp-content\\\/uploads\\\/2025\\\/06\\\/Heading-scaled.png\",\"width\":2560,\"height\":2560},{\"@type\":\"BreadcrumbList\",\"@id\":\"https:\\\/\\\/evolve-fitness.eu\\\/es\\\/producto\\\/juegos-de-barras-evolve-serie-ultra-con-platos-de-contrapeso-de-uretano-para-cpu-bs-pr\\\/#breadcrumb\",\"itemListElement\":[{\"@type\":\"ListItem\",\"position\":1,\"name\":\"Home\",\"item\":\"https:\\\/\\\/evolve-fitness.eu\\\/es\\\/\"},{\"@type\":\"ListItem\",\"position\":2,\"name\":\"Productos\",\"item\":\"https:\\\/\\\/evolve-fitness.eu\\\/es\\\/shop\\\/\"},{\"@type\":\"ListItem\",\"position\":3,\"name\":\"Juegos de Barras Evolve Serie Ultra Con Platos de Contrapeso de Uretano para CPU (BS-PR)\"}]},{\"@type\":\"WebSite\",\"@id\":\"https:\\\/\\\/evolve-fitness.eu\\\/es\\\/#website\",\"url\":\"https:\\\/\\\/evolve-fitness.eu\\\/es\\\/\",\"name\":\"Evolve\",\"description\":\"Your Evolved Gear Arrived\",\"publisher\":{\"@id\":\"https:\\\/\\\/evolve-fitness.eu\\\/es\\\/#organization\"},\"potentialAction\":[{\"@type\":\"SearchAction\",\"target\":{\"@type\":\"EntryPoint\",\"urlTemplate\":\"https:\\\/\\\/evolve-fitness.eu\\\/es\\\/?s={search_term_string}\"},\"query-input\":{\"@type\":\"PropertyValueSpecification\",\"valueRequired\":true,\"valueName\":\"search_term_string\"}}],\"inLanguage\":\"es\"},{\"@type\":\"Organization\",\"@id\":\"https:\\\/\\\/evolve-fitness.eu\\\/es\\\/#organization\",\"name\":\"Evolve\",\"url\":\"https:\\\/\\\/evolve-fitness.eu\\\/es\\\/\",\"logo\":{\"@type\":\"ImageObject\",\"inLanguage\":\"es\",\"@id\":\"https:\\\/\\\/evolve-fitness.eu\\\/es\\\/#\\\/schema\\\/logo\\\/image\\\/\",\"url\":\"https:\\\/\\\/evolve-fitness.eu\\\/wp-content\\\/uploads\\\/2023\\\/05\\\/Evolve-logo.svg\",\"contentUrl\":\"https:\\\/\\\/evolve-fitness.eu\\\/wp-content\\\/uploads\\\/2023\\\/05\\\/Evolve-logo.svg\",\"width\":176,\"height\":20,\"caption\":\"Evolve\"},\"image\":{\"@id\":\"https:\\\/\\\/evolve-fitness.eu\\\/es\\\/#\\\/schema\\\/logo\\\/image\\\/\"},\"sameAs\":[\"https:\\\/\\\/www.facebook.com\\\/EvolveFitnessEurope\"]}]}<\/script>\n<!-- \/ Yoast SEO plugin. -->","yoast_head_json":{"title":"Juegos de Barras Evolve Serie Ultra Con Platos de Contrapeso de Uretano para CPU (BS-PR) - Evolve","description":"Barra ol\u00edmpica para hombre Workout Evolve Prime Series (220 cm \/ 20 kg), platos de uretano para CPU Evolve Ultra Series (1,25-25 kg) y collares para barra ol\u00edmpica Evolve.","robots":{"index":"index","follow":"follow","max-snippet":"max-snippet:-1","max-image-preview":"max-image-preview:large","max-video-preview":"max-video-preview:-1"},"canonical":"https:\/\/evolve-fitness.eu\/es\/producto\/juegos-de-barras-evolve-serie-ultra-con-platos-de-contrapeso-de-uretano-para-cpu-bs-pr\/","og_locale":"es_ES","og_type":"article","og_title":"Juegos de Barras Evolve Serie Ultra Con Platos de Contrapeso de Uretano para CPU (BS-PR) - Evolve","og_description":"Barra ol\u00edmpica para hombre Workout Evolve Prime Series (220 cm \/ 20 kg), platos de uretano para CPU Evolve Ultra Series (1,25-25 kg) y collares para barra ol\u00edmpica Evolve.","og_url":"https:\/\/evolve-fitness.eu\/es\/producto\/juegos-de-barras-evolve-serie-ultra-con-platos-de-contrapeso-de-uretano-para-cpu-bs-pr\/","og_site_name":"Evolve","article_publisher":"https:\/\/www.facebook.com\/EvolveFitnessEurope","article_modified_time":"2026-04-08T12:58:23+00:00","og_image":[{"width":2560,"height":2560,"url":"https:\/\/evolve-fitness.eu\/wp-content\/uploads\/2025\/06\/Heading-scaled.png","type":"image\/png"}],"twitter_card":"summary_large_image","schema":{"@context":"https:\/\/schema.org","@graph":[{"@type":"WebPage","@id":"https:\/\/evolve-fitness.eu\/es\/producto\/juegos-de-barras-evolve-serie-ultra-con-platos-de-contrapeso-de-uretano-para-cpu-bs-pr\/","url":"https:\/\/evolve-fitness.eu\/es\/producto\/juegos-de-barras-evolve-serie-ultra-con-platos-de-contrapeso-de-uretano-para-cpu-bs-pr\/","name":"Juegos de Barras Evolve Serie Ultra Con Platos de Contrapeso de Uretano para CPU (BS-PR) - Evolve","isPartOf":{"@id":"https:\/\/evolve-fitness.eu\/es\/#website"},"primaryImageOfPage":{"@id":"https:\/\/evolve-fitness.eu\/es\/producto\/juegos-de-barras-evolve-serie-ultra-con-platos-de-contrapeso-de-uretano-para-cpu-bs-pr\/#primaryimage"},"image":{"@id":"https:\/\/evolve-fitness.eu\/es\/producto\/juegos-de-barras-evolve-serie-ultra-con-platos-de-contrapeso-de-uretano-para-cpu-bs-pr\/#primaryimage"},"thumbnailUrl":"https:\/\/evolve-fitness.eu\/wp-content\/uploads\/2025\/06\/Heading-scaled.png","datePublished":"2025-06-03T10:27:34+00:00","dateModified":"2026-04-08T12:58:23+00:00","description":"Barra ol\u00edmpica para hombre Workout Evolve Prime Series (220 cm \/ 20 kg), platos de uretano para CPU Evolve Ultra Series (1,25-25 kg) y collares para barra ol\u00edmpica Evolve.","breadcrumb":{"@id":"https:\/\/evolve-fitness.eu\/es\/producto\/juegos-de-barras-evolve-serie-ultra-con-platos-de-contrapeso-de-uretano-para-cpu-bs-pr\/#breadcrumb"},"inLanguage":"es","potentialAction":[{"@type":"ReadAction","target":["https:\/\/evolve-fitness.eu\/es\/producto\/juegos-de-barras-evolve-serie-ultra-con-platos-de-contrapeso-de-uretano-para-cpu-bs-pr\/"]}]},{"@type":"ImageObject","inLanguage":"es","@id":"https:\/\/evolve-fitness.eu\/es\/producto\/juegos-de-barras-evolve-serie-ultra-con-platos-de-contrapeso-de-uretano-para-cpu-bs-pr\/#primaryimage","url":"https:\/\/evolve-fitness.eu\/wp-content\/uploads\/2025\/06\/Heading-scaled.png","contentUrl":"https:\/\/evolve-fitness.eu\/wp-content\/uploads\/2025\/06\/Heading-scaled.png","width":2560,"height":2560},{"@type":"BreadcrumbList","@id":"https:\/\/evolve-fitness.eu\/es\/producto\/juegos-de-barras-evolve-serie-ultra-con-platos-de-contrapeso-de-uretano-para-cpu-bs-pr\/#breadcrumb","itemListElement":[{"@type":"ListItem","position":1,"name":"Home","item":"https:\/\/evolve-fitness.eu\/es\/"},{"@type":"ListItem","position":2,"name":"Productos","item":"https:\/\/evolve-fitness.eu\/es\/shop\/"},{"@type":"ListItem","position":3,"name":"Juegos de Barras Evolve Serie Ultra Con Platos de Contrapeso de Uretano para CPU (BS-PR)"}]},{"@type":"WebSite","@id":"https:\/\/evolve-fitness.eu\/es\/#website","url":"https:\/\/evolve-fitness.eu\/es\/","name":"Evolve","description":"Your Evolved Gear Arrived","publisher":{"@id":"https:\/\/evolve-fitness.eu\/es\/#organization"},"potentialAction":[{"@type":"SearchAction","target":{"@type":"EntryPoint","urlTemplate":"https:\/\/evolve-fitness.eu\/es\/?s={search_term_string}"},"query-input":{"@type":"PropertyValueSpecification","valueRequired":true,"valueName":"search_term_string"}}],"inLanguage":"es"},{"@type":"Organization","@id":"https:\/\/evolve-fitness.eu\/es\/#organization","name":"Evolve","url":"https:\/\/evolve-fitness.eu\/es\/","logo":{"@type":"ImageObject","inLanguage":"es","@id":"https:\/\/evolve-fitness.eu\/es\/#\/schema\/logo\/image\/","url":"https:\/\/evolve-fitness.eu\/wp-content\/uploads\/2023\/05\/Evolve-logo.svg","contentUrl":"https:\/\/evolve-fitness.eu\/wp-content\/uploads\/2023\/05\/Evolve-logo.svg","width":176,"height":20,"caption":"Evolve"},"image":{"@id":"https:\/\/evolve-fitness.eu\/es\/#\/schema\/logo\/image\/"},"sameAs":["https:\/\/www.facebook.com\/EvolveFitnessEurope"]}]}},"_links":{"self":[{"href":"https:\/\/evolve-fitness.eu\/es\/wp-json\/wp\/v2\/product\/228796","targetHints":{"allow":["GET"]}}],"collection":[{"href":"https:\/\/evolve-fitness.eu\/es\/wp-json\/wp\/v2\/product"}],"about":[{"href":"https:\/\/evolve-fitness.eu\/es\/wp-json\/wp\/v2\/types\/product"}],"wp:featuredmedia":[{"embeddable":true,"href":"https:\/\/evolve-fitness.eu\/es\/wp-json\/wp\/v2\/media\/199754"}],"wp:attachment":[{"href":"https:\/\/evolve-fitness.eu\/es\/wp-json\/wp\/v2\/media?parent=228796"}],"wp:term":[{"taxonomy":"product_brand","embeddable":true,"href":"https:\/\/evolve-fitness.eu\/es\/wp-json\/wp\/v2\/product_brand?post=228796"},{"taxonomy":"product_cat","embeddable":true,"href":"https:\/\/evolve-fitness.eu\/es\/wp-json\/wp\/v2\/product_cat?post=228796"},{"taxonomy":"product_tag","embeddable":true,"href":"https:\/\/evolve-fitness.eu\/es\/wp-json\/wp\/v2\/product_tag?post=228796"}],"curies":[{"name":"wp","href":"https:\/\/api.w.org\/{rel}","templated":true}]}}