{"id":228957,"date":"2025-05-13T11:10:21","date_gmt":"2025-05-13T08:10:21","guid":{"rendered":"https:\/\/evolve-fitness.eu\/product\/juego-de-barras-evolve-home-series-con-platos-de-goma-para-pesas-hs-r\/"},"modified":"2026-04-08T17:43:10","modified_gmt":"2026-04-08T14:43:10","slug":"juego-de-barras-evolve-home-series-con-platos-de-goma-para-pesas-hs-r","status":"publish","type":"product","link":"https:\/\/evolve-fitness.eu\/es\/producto\/juego-de-barras-evolve-home-series-con-platos-de-goma-para-pesas-hs-r\/","title":{"rendered":"Juego de Barras Evolve Home Series Con Platos de Goma para Pesas (HS-R)"},"content":{"rendered":"\n<section class=\"wp-block-group alignfull black-content has-white-color has-darkgray-background-color has-text-color has-background is-layout-constrained wp-block-group-is-layout-constrained\" style=\"padding-top:var(--wp--preset--spacing--section-bottom);padding-bottom:var(--wp--preset--spacing--section-bottom)\">\n<section class=\"wp-block-group alignfull black-content has-white-color has-darkgray-background-color has-text-color has-background is-layout-constrained wp-block-group-is-layout-constrained\" style=\"padding-top:var(--wp--preset--spacing--section-bottom);padding-bottom:var(--wp--preset--spacing--section-bottom)\">\n<div class=\"wp-block-columns alignwide mobile-reverse is-layout-flex wp-container-core-columns-is-layout-ca64bf2d wp-block-columns-is-layout-flex\" style=\"margin-bottom:var(--wp--preset--spacing--side-padding)\">\n<div class=\"wp-block-column is-vertically-aligned-center is-layout-flow wp-block-column-is-layout-flow\">\n<h3 class=\"wp-block-heading\" style=\"margin-bottom:var(--wp--preset--spacing--h-3-bottom)\"><strong>Juego de barras Evolve Home Series: tu soluci\u00f3n completa para el entrenamiento de fuerza<\/strong><\/h3>\n\n\n\n<p><em><strong>Dise\u00f1ado para entusiastas del fitness que buscan un<\/strong><\/em><\/p>\n\n\n\n<p style=\"margin-bottom:var(--wp--preset--spacing--tb-section-padding)\">Presentamos el <strong>Juego de Barras Evolve Home Series<\/strong>, dise\u00f1ado para entusiastas del fitness que buscan una configuraci\u00f3n de entrenamiento de fuerza fiable, duradera y vers\u00e1til. Este completo conjunto combina la <strong>barra ol\u00edmpica<\/strong> de alta calidad <strong>Evolve Home Series (220 cm \/ 20 kg)<\/strong>, los seguros <strong>collares para barra ol\u00edmpica Evolve<\/strong> y una gama de <strong>platos de goma Evolve (1,25-25 kg)<\/strong>. Perfectamente adecuado para gimnasios dom\u00e9sticos, este conjunto garantiza una experiencia de levantamiento de pesas eficaz y segura.  <\/p>\n<\/div>\n\n\n\n<div class=\"wp-block-column is-vertically-aligned-center is-layout-flow wp-block-column-is-layout-flow\">\n<figure class=\"wp-block-image size-large is-style-rounded\"><img decoding=\"async\" src=\"https:\/\/store.evolve-fitness.eu\/wp-content\/uploads\/2025\/05\/EV-WP-RB-1-1024x683.jpg\" alt=\"\" class=\"wp-image-128671\"\/><\/figure>\n<\/div>\n<\/div>\n\n\n\n<div class=\"wp-block-columns alignwide is-layout-flex wp-container-core-columns-is-layout-c45ee707 wp-block-columns-is-layout-flex\" style=\"margin-bottom:var(--wp--preset--spacing--side-padding);padding-top:var(--wp--preset--spacing--side-padding)\">\n<div class=\"wp-block-column is-vertically-aligned-center is-layout-flow wp-block-column-is-layout-flow\">\n<figure class=\"wp-block-video\"><video height=\"1000\" style=\"aspect-ratio: 1000 \/ 1000;\" width=\"1000\" controls=\"\" src=\"https:\/\/store.evolve-fitness.eu\/wp-content\/uploads\/2025\/05\/EV-OB-CK-201-Evolve-Cerakote-Series-Olympic-Woman-201-cm-15-kg-1.mp4\"><\/video><\/figure>\n<\/div>\n\n\n\n<div class=\"wp-block-column is-vertically-aligned-center is-layout-flow wp-block-column-is-layout-flow\">\n<h3 class=\"wp-block-heading\" style=\"margin-bottom:var(--wp--preset--spacing--h-3-bottom)\">Barra Ol\u00edmpica Premium &#8211; Precisi\u00f3n y Rendimiento<\/h3>\n\n\n\n<p style=\"margin-bottom:var(--wp--preset--spacing--tb-section-padding)\">El coraz\u00f3n de este conjunto es la <strong>barra ol\u00edmpica Evolve Home Series<\/strong>, que mide 220 cm y pesa 20 kg. Fabricada en acero de alta calidad, garantiza una larga duraci\u00f3n y un rendimiento \u00f3ptimo. El moleteado de precisi\u00f3n asegura un agarre seguro, mientras que su robusta construcci\u00f3n resiste intensas rutinas de entrenamiento de fuerza.  <\/p>\n<\/div>\n<\/div>\n\n\n\n<div class=\"wp-block-columns alignwide mobile-reverse is-layout-flex wp-container-core-columns-is-layout-ca64bf2d wp-block-columns-is-layout-flex\" style=\"margin-bottom:var(--wp--preset--spacing--side-padding)\">\n<div class=\"wp-block-column is-vertically-aligned-center is-layout-flow wp-block-column-is-layout-flow\">\n<h3 class=\"wp-block-heading\" style=\"margin-bottom:var(--wp--preset--spacing--h-3-bottom)\">Seguros y estables &#8211; Collares de barra ol\u00edmpicos<\/h3>\n\n\n\n<p style=\"margin-bottom:var(--wp--preset--spacing--tb-section-padding)\">Mejorando la seguridad de tus entrenamientos, <strong>los Collares para Barras Ol\u00edmpicas Evolve<\/strong> proporcionan una sujeci\u00f3n firme y fiable de tus placas de pesas. Dise\u00f1ados para un bloqueo r\u00e1pido y sin esfuerzo, eliminan el movimiento de las placas durante los levantamientos, permiti\u00e9ndote centrarte en tu rendimiento. <\/p>\n<\/div>\n\n\n\n<div class=\"wp-block-column is-vertically-aligned-center is-layout-flow wp-block-column-is-layout-flow\">\n<figure class=\"wp-block-video\"><video height=\"1280\" style=\"aspect-ratio: 1920 \/ 1280;\" width=\"1920\" controls=\"\" src=\"https:\/\/store.evolve-fitness.eu\/wp-content\/uploads\/2025\/05\/EV-OC-CC-02-1.mp4\"><\/video><\/figure>\n<\/div>\n<\/div>\n\n\n\n<div class=\"wp-block-columns alignwide is-layout-flex wp-container-core-columns-is-layout-c45ee707 wp-block-columns-is-layout-flex\" style=\"margin-bottom:var(--wp--preset--spacing--side-padding);padding-top:var(--wp--preset--spacing--side-padding)\">\n<div class=\"wp-block-column is-vertically-aligned-center is-layout-flow wp-block-column-is-layout-flow\">\n<figure class=\"wp-block-image size-large is-style-rounded\"><img decoding=\"async\" src=\"https:\/\/store.evolve-fitness.eu\/wp-content\/uploads\/2025\/05\/EV-WP-RB-11-1024x683.jpg\" alt=\"\" class=\"wp-image-128771\"\/><\/figure>\n<\/div>\n\n\n\n<div class=\"wp-block-column is-vertically-aligned-center is-layout-flow wp-block-column-is-layout-flow\">\n<h3 class=\"wp-block-heading\" style=\"margin-bottom:var(--wp--preset--spacing--h-3-bottom)\">Platos de pesas vers\u00e1tiles: robustos y resistentes<\/h3>\n\n\n\n<p>El juego incluye <strong>platos de pesas de goma Evolve<\/strong> de 1,25 a 25 kg, que ofrecen flexibilidad para un entrenamiento de fuerza progresivo. Fabricados con caucho resistente, estos platos reducen el ruido y protegen el suelo de tu gimnasio de posibles da\u00f1os. Su dise\u00f1o ergon\u00f3mico garantiza un f\u00e1cil manejo y un ajuste preciso del peso, por lo que son adecuados para una amplia gama de ejercicios.  <\/p>\n<\/div>\n<\/div>\n\n\n\n<div class=\"wp-block-columns alignwide is-layout-flex wp-container-core-columns-is-layout-c45ee707 wp-block-columns-is-layout-flex\" style=\"margin-bottom:var(--wp--preset--spacing--side-padding);padding-top:var(--wp--preset--spacing--side-padding)\">\n<div class=\"wp-block-column is-vertically-aligned-center is-layout-flow wp-block-column-is-layout-flow\">\n<h3 class=\"wp-block-heading\" style=\"margin-bottom:var(--wp--preset--spacing--h-3-bottom)\">Libera tu potencial con Evolve<\/h3>\n\n\n\n<p>Con el <strong>Juego de Barras Evolve Home Series<\/strong>, estar\u00e1s equipado para afrontar sesiones de entrenamiento vers\u00e1tiles, ya se centren en la fuerza, la resistencia o la musculaci\u00f3n. Este conjunto es ideal tanto para principiantes como para usuarios avanzados, y ofrece calidad y rendimiento para alcanzar tus objetivos de fitness en constante evoluci\u00f3n. <\/p>\n<\/div>\n\n\n\n<div class=\"wp-block-column is-vertically-aligned-center is-layout-flow wp-block-column-is-layout-flow\">\n<div class=\"wp-block-columns is-layout-flex wp-container-core-columns-is-layout-9d6595d7 wp-block-columns-is-layout-flex\">\n<div class=\"wp-block-column is-layout-flow wp-block-column-is-layout-flow\">\n<figure class=\"wp-block-image size-large is-style-rounded\"><img decoding=\"async\" src=\"https:\/\/store.evolve-fitness.eu\/wp-content\/uploads\/2025\/05\/EV-WP-RB-6-1024x683.jpg\" alt=\"\" class=\"wp-image-128796\"\/><\/figure>\n<\/div>\n<\/div>\n<\/div>\n<\/div>\n<\/section>\n<\/section>\n","protected":false},"excerpt":{"rendered":"<p>presenta el Juego de Barras Evolve Home Series, dise\u00f1ado para entusiastas del fitness que buscan una configuraci\u00f3n de entrenamiento de fuerza fiable, duradera y vers\u00e1til. Este completo conjunto combina la barra ol\u00edmpica de alta calidad Evolve Home Series (220 cm \/ 20 kg), los seguros collares para barra ol\u00edmpica Evolve y una gama de platos de goma Evolve (1,25-25 kg). Perfectamente adecuado para gimnasios dom\u00e9sticos, este conjunto garantiza una experiencia de levantamiento de pesas eficaz y segura.  <\/p>\n","protected":false},"featured_media":197399,"template":"","meta":{"_acf_changed":false,"inline_featured_image":false},"product_brand":[],"product_cat":[13068,1454],"product_tag":[],"class_list":{"0":"post-228957","1":"product","2":"type-product","3":"status-publish","4":"has-post-thumbnail","6":"product_cat-juegos-de-bar","7":"product_cat-pesos-libres","9":"first","10":"instock","11":"shipping-taxable","12":"purchasable","13":"product-type-variable"},"acf":{"long_title":"Juego de Barras Evolve Home Series Con Platos de Goma para Pesas (HS-R)","subtitle":"","specifications":[{"label":"SKU","text_value":"EV-BS-HS-R","icon":"x"}],"product_frequently_asked_questions":null},"yoast_head":"<!-- This site is optimized with the Yoast SEO plugin v27.4 - https:\/\/yoast.com\/product\/yoast-seo-wordpress\/ -->\n<title>Juego de Barras Evolve Home Series Con Platos de Goma para Pesas (HS-R) - Evolve<\/title>\n<meta name=\"description\" content=\"Este completo conjunto combina la barra ol\u00edmpica de alta calidad con los collares de barra ol\u00edmpica Evolve, y una gama de platos de goma Evolve para pesas\" \/>\n<meta name=\"robots\" content=\"index, follow, max-snippet:-1, max-image-preview:large, max-video-preview:-1\" \/>\n<link rel=\"canonical\" href=\"https:\/\/evolve-fitness.eu\/es\/producto\/juego-de-barras-evolve-home-series-con-platos-de-goma-para-pesas-hs-r\/\" \/>\n<meta property=\"og:locale\" content=\"es_ES\" \/>\n<meta property=\"og:type\" content=\"article\" \/>\n<meta property=\"og:title\" content=\"Juego de Barras Evolve Home Series Con Platos de Goma para Pesas (HS-R) - Evolve\" \/>\n<meta property=\"og:description\" content=\"Este completo conjunto combina la barra ol\u00edmpica de alta calidad con los collares de barra ol\u00edmpica Evolve, y una gama de platos de goma Evolve para pesas\" \/>\n<meta property=\"og:url\" content=\"https:\/\/evolve-fitness.eu\/es\/producto\/juego-de-barras-evolve-home-series-con-platos-de-goma-para-pesas-hs-r\/\" \/>\n<meta property=\"og:site_name\" content=\"Evolve\" \/>\n<meta property=\"article:publisher\" content=\"https:\/\/www.facebook.com\/EvolveFitnessEurope\" \/>\n<meta property=\"article:modified_time\" content=\"2026-04-08T14:43:10+00:00\" \/>\n<meta property=\"og:image\" content=\"https:\/\/evolve-fitness.eu\/wp-content\/uploads\/2025\/05\/Dizainas-be-pavadinimo-26-scaled.png\" \/>\n\t<meta property=\"og:image:width\" content=\"2560\" \/>\n\t<meta property=\"og:image:height\" content=\"2560\" \/>\n\t<meta property=\"og:image:type\" content=\"image\/png\" \/>\n<meta name=\"twitter:card\" content=\"summary_large_image\" \/>\n<script type=\"application\/ld+json\" class=\"yoast-schema-graph\">{\"@context\":\"https:\\\/\\\/schema.org\",\"@graph\":[{\"@type\":\"WebPage\",\"@id\":\"https:\\\/\\\/evolve-fitness.eu\\\/es\\\/producto\\\/juego-de-barras-evolve-home-series-con-platos-de-goma-para-pesas-hs-r\\\/\",\"url\":\"https:\\\/\\\/evolve-fitness.eu\\\/es\\\/producto\\\/juego-de-barras-evolve-home-series-con-platos-de-goma-para-pesas-hs-r\\\/\",\"name\":\"Juego de Barras Evolve Home Series Con Platos de Goma para Pesas (HS-R) - Evolve\",\"isPartOf\":{\"@id\":\"https:\\\/\\\/evolve-fitness.eu\\\/es\\\/#website\"},\"primaryImageOfPage\":{\"@id\":\"https:\\\/\\\/evolve-fitness.eu\\\/es\\\/producto\\\/juego-de-barras-evolve-home-series-con-platos-de-goma-para-pesas-hs-r\\\/#primaryimage\"},\"image\":{\"@id\":\"https:\\\/\\\/evolve-fitness.eu\\\/es\\\/producto\\\/juego-de-barras-evolve-home-series-con-platos-de-goma-para-pesas-hs-r\\\/#primaryimage\"},\"thumbnailUrl\":\"https:\\\/\\\/evolve-fitness.eu\\\/wp-content\\\/uploads\\\/2025\\\/05\\\/Dizainas-be-pavadinimo-26-scaled.png\",\"datePublished\":\"2025-05-13T08:10:21+00:00\",\"dateModified\":\"2026-04-08T14:43:10+00:00\",\"description\":\"Este completo conjunto combina la barra ol\u00edmpica de alta calidad con los collares de barra ol\u00edmpica Evolve, y una gama de platos de goma Evolve para pesas\",\"breadcrumb\":{\"@id\":\"https:\\\/\\\/evolve-fitness.eu\\\/es\\\/producto\\\/juego-de-barras-evolve-home-series-con-platos-de-goma-para-pesas-hs-r\\\/#breadcrumb\"},\"inLanguage\":\"es\",\"potentialAction\":[{\"@type\":\"ReadAction\",\"target\":[\"https:\\\/\\\/evolve-fitness.eu\\\/es\\\/producto\\\/juego-de-barras-evolve-home-series-con-platos-de-goma-para-pesas-hs-r\\\/\"]}]},{\"@type\":\"ImageObject\",\"inLanguage\":\"es\",\"@id\":\"https:\\\/\\\/evolve-fitness.eu\\\/es\\\/producto\\\/juego-de-barras-evolve-home-series-con-platos-de-goma-para-pesas-hs-r\\\/#primaryimage\",\"url\":\"https:\\\/\\\/evolve-fitness.eu\\\/wp-content\\\/uploads\\\/2025\\\/05\\\/Dizainas-be-pavadinimo-26-scaled.png\",\"contentUrl\":\"https:\\\/\\\/evolve-fitness.eu\\\/wp-content\\\/uploads\\\/2025\\\/05\\\/Dizainas-be-pavadinimo-26-scaled.png\",\"width\":2560,\"height\":2560},{\"@type\":\"BreadcrumbList\",\"@id\":\"https:\\\/\\\/evolve-fitness.eu\\\/es\\\/producto\\\/juego-de-barras-evolve-home-series-con-platos-de-goma-para-pesas-hs-r\\\/#breadcrumb\",\"itemListElement\":[{\"@type\":\"ListItem\",\"position\":1,\"name\":\"Home\",\"item\":\"https:\\\/\\\/evolve-fitness.eu\\\/es\\\/\"},{\"@type\":\"ListItem\",\"position\":2,\"name\":\"Productos\",\"item\":\"https:\\\/\\\/evolve-fitness.eu\\\/es\\\/shop\\\/\"},{\"@type\":\"ListItem\",\"position\":3,\"name\":\"Juego de Barras Evolve Home Series Con Platos de Goma para Pesas (HS-R)\"}]},{\"@type\":\"WebSite\",\"@id\":\"https:\\\/\\\/evolve-fitness.eu\\\/es\\\/#website\",\"url\":\"https:\\\/\\\/evolve-fitness.eu\\\/es\\\/\",\"name\":\"Evolve\",\"description\":\"Your Evolved Gear Arrived\",\"publisher\":{\"@id\":\"https:\\\/\\\/evolve-fitness.eu\\\/es\\\/#organization\"},\"potentialAction\":[{\"@type\":\"SearchAction\",\"target\":{\"@type\":\"EntryPoint\",\"urlTemplate\":\"https:\\\/\\\/evolve-fitness.eu\\\/es\\\/?s={search_term_string}\"},\"query-input\":{\"@type\":\"PropertyValueSpecification\",\"valueRequired\":true,\"valueName\":\"search_term_string\"}}],\"inLanguage\":\"es\"},{\"@type\":\"Organization\",\"@id\":\"https:\\\/\\\/evolve-fitness.eu\\\/es\\\/#organization\",\"name\":\"Evolve\",\"url\":\"https:\\\/\\\/evolve-fitness.eu\\\/es\\\/\",\"logo\":{\"@type\":\"ImageObject\",\"inLanguage\":\"es\",\"@id\":\"https:\\\/\\\/evolve-fitness.eu\\\/es\\\/#\\\/schema\\\/logo\\\/image\\\/\",\"url\":\"https:\\\/\\\/evolve-fitness.eu\\\/wp-content\\\/uploads\\\/2023\\\/05\\\/Evolve-logo.svg\",\"contentUrl\":\"https:\\\/\\\/evolve-fitness.eu\\\/wp-content\\\/uploads\\\/2023\\\/05\\\/Evolve-logo.svg\",\"width\":176,\"height\":20,\"caption\":\"Evolve\"},\"image\":{\"@id\":\"https:\\\/\\\/evolve-fitness.eu\\\/es\\\/#\\\/schema\\\/logo\\\/image\\\/\"},\"sameAs\":[\"https:\\\/\\\/www.facebook.com\\\/EvolveFitnessEurope\"]}]}<\/script>\n<!-- \/ Yoast SEO plugin. -->","yoast_head_json":{"title":"Juego de Barras Evolve Home Series Con Platos de Goma para Pesas (HS-R) - Evolve","description":"Este completo conjunto combina la barra ol\u00edmpica de alta calidad con los collares de barra ol\u00edmpica Evolve, y una gama de platos de goma Evolve para pesas","robots":{"index":"index","follow":"follow","max-snippet":"max-snippet:-1","max-image-preview":"max-image-preview:large","max-video-preview":"max-video-preview:-1"},"canonical":"https:\/\/evolve-fitness.eu\/es\/producto\/juego-de-barras-evolve-home-series-con-platos-de-goma-para-pesas-hs-r\/","og_locale":"es_ES","og_type":"article","og_title":"Juego de Barras Evolve Home Series Con Platos de Goma para Pesas (HS-R) - Evolve","og_description":"Este completo conjunto combina la barra ol\u00edmpica de alta calidad con los collares de barra ol\u00edmpica Evolve, y una gama de platos de goma Evolve para pesas","og_url":"https:\/\/evolve-fitness.eu\/es\/producto\/juego-de-barras-evolve-home-series-con-platos-de-goma-para-pesas-hs-r\/","og_site_name":"Evolve","article_publisher":"https:\/\/www.facebook.com\/EvolveFitnessEurope","article_modified_time":"2026-04-08T14:43:10+00:00","og_image":[{"width":2560,"height":2560,"url":"https:\/\/evolve-fitness.eu\/wp-content\/uploads\/2025\/05\/Dizainas-be-pavadinimo-26-scaled.png","type":"image\/png"}],"twitter_card":"summary_large_image","schema":{"@context":"https:\/\/schema.org","@graph":[{"@type":"WebPage","@id":"https:\/\/evolve-fitness.eu\/es\/producto\/juego-de-barras-evolve-home-series-con-platos-de-goma-para-pesas-hs-r\/","url":"https:\/\/evolve-fitness.eu\/es\/producto\/juego-de-barras-evolve-home-series-con-platos-de-goma-para-pesas-hs-r\/","name":"Juego de Barras Evolve Home Series Con Platos de Goma para Pesas (HS-R) - Evolve","isPartOf":{"@id":"https:\/\/evolve-fitness.eu\/es\/#website"},"primaryImageOfPage":{"@id":"https:\/\/evolve-fitness.eu\/es\/producto\/juego-de-barras-evolve-home-series-con-platos-de-goma-para-pesas-hs-r\/#primaryimage"},"image":{"@id":"https:\/\/evolve-fitness.eu\/es\/producto\/juego-de-barras-evolve-home-series-con-platos-de-goma-para-pesas-hs-r\/#primaryimage"},"thumbnailUrl":"https:\/\/evolve-fitness.eu\/wp-content\/uploads\/2025\/05\/Dizainas-be-pavadinimo-26-scaled.png","datePublished":"2025-05-13T08:10:21+00:00","dateModified":"2026-04-08T14:43:10+00:00","description":"Este completo conjunto combina la barra ol\u00edmpica de alta calidad con los collares de barra ol\u00edmpica Evolve, y una gama de platos de goma Evolve para pesas","breadcrumb":{"@id":"https:\/\/evolve-fitness.eu\/es\/producto\/juego-de-barras-evolve-home-series-con-platos-de-goma-para-pesas-hs-r\/#breadcrumb"},"inLanguage":"es","potentialAction":[{"@type":"ReadAction","target":["https:\/\/evolve-fitness.eu\/es\/producto\/juego-de-barras-evolve-home-series-con-platos-de-goma-para-pesas-hs-r\/"]}]},{"@type":"ImageObject","inLanguage":"es","@id":"https:\/\/evolve-fitness.eu\/es\/producto\/juego-de-barras-evolve-home-series-con-platos-de-goma-para-pesas-hs-r\/#primaryimage","url":"https:\/\/evolve-fitness.eu\/wp-content\/uploads\/2025\/05\/Dizainas-be-pavadinimo-26-scaled.png","contentUrl":"https:\/\/evolve-fitness.eu\/wp-content\/uploads\/2025\/05\/Dizainas-be-pavadinimo-26-scaled.png","width":2560,"height":2560},{"@type":"BreadcrumbList","@id":"https:\/\/evolve-fitness.eu\/es\/producto\/juego-de-barras-evolve-home-series-con-platos-de-goma-para-pesas-hs-r\/#breadcrumb","itemListElement":[{"@type":"ListItem","position":1,"name":"Home","item":"https:\/\/evolve-fitness.eu\/es\/"},{"@type":"ListItem","position":2,"name":"Productos","item":"https:\/\/evolve-fitness.eu\/es\/shop\/"},{"@type":"ListItem","position":3,"name":"Juego de Barras Evolve Home Series Con Platos de Goma para Pesas (HS-R)"}]},{"@type":"WebSite","@id":"https:\/\/evolve-fitness.eu\/es\/#website","url":"https:\/\/evolve-fitness.eu\/es\/","name":"Evolve","description":"Your Evolved Gear Arrived","publisher":{"@id":"https:\/\/evolve-fitness.eu\/es\/#organization"},"potentialAction":[{"@type":"SearchAction","target":{"@type":"EntryPoint","urlTemplate":"https:\/\/evolve-fitness.eu\/es\/?s={search_term_string}"},"query-input":{"@type":"PropertyValueSpecification","valueRequired":true,"valueName":"search_term_string"}}],"inLanguage":"es"},{"@type":"Organization","@id":"https:\/\/evolve-fitness.eu\/es\/#organization","name":"Evolve","url":"https:\/\/evolve-fitness.eu\/es\/","logo":{"@type":"ImageObject","inLanguage":"es","@id":"https:\/\/evolve-fitness.eu\/es\/#\/schema\/logo\/image\/","url":"https:\/\/evolve-fitness.eu\/wp-content\/uploads\/2023\/05\/Evolve-logo.svg","contentUrl":"https:\/\/evolve-fitness.eu\/wp-content\/uploads\/2023\/05\/Evolve-logo.svg","width":176,"height":20,"caption":"Evolve"},"image":{"@id":"https:\/\/evolve-fitness.eu\/es\/#\/schema\/logo\/image\/"},"sameAs":["https:\/\/www.facebook.com\/EvolveFitnessEurope"]}]}},"_links":{"self":[{"href":"https:\/\/evolve-fitness.eu\/es\/wp-json\/wp\/v2\/product\/228957","targetHints":{"allow":["GET"]}}],"collection":[{"href":"https:\/\/evolve-fitness.eu\/es\/wp-json\/wp\/v2\/product"}],"about":[{"href":"https:\/\/evolve-fitness.eu\/es\/wp-json\/wp\/v2\/types\/product"}],"wp:featuredmedia":[{"embeddable":true,"href":"https:\/\/evolve-fitness.eu\/es\/wp-json\/wp\/v2\/media\/197399"}],"wp:attachment":[{"href":"https:\/\/evolve-fitness.eu\/es\/wp-json\/wp\/v2\/media?parent=228957"}],"wp:term":[{"taxonomy":"product_brand","embeddable":true,"href":"https:\/\/evolve-fitness.eu\/es\/wp-json\/wp\/v2\/product_brand?post=228957"},{"taxonomy":"product_cat","embeddable":true,"href":"https:\/\/evolve-fitness.eu\/es\/wp-json\/wp\/v2\/product_cat?post=228957"},{"taxonomy":"product_tag","embeddable":true,"href":"https:\/\/evolve-fitness.eu\/es\/wp-json\/wp\/v2\/product_tag?post=228957"}],"curies":[{"name":"wp","href":"https:\/\/api.w.org\/{rel}","templated":true}]}}