{"id":229121,"date":"2025-03-28T09:47:53","date_gmt":"2025-03-28T07:47:53","guid":{"rendered":"https:\/\/evolve-fitness.eu\/product\/soporte-de-colchoneta-ajustable-de-pie-evolve-ah-300\/"},"modified":"2026-04-09T15:48:23","modified_gmt":"2026-04-09T12:48:23","slug":"soporte-de-colchoneta-ajustable-de-pie-evolve-ah-300","status":"publish","type":"product","link":"https:\/\/evolve-fitness.eu\/es\/producto\/soporte-de-colchoneta-ajustable-de-pie-evolve-ah-300\/","title":{"rendered":"Soporte de colchoneta ajustable de pie Evolve (AH-300)"},"content":{"rendered":"\n<section class=\"wp-block-group alignfull black-content has-white-color has-darkgray-background-color has-text-color has-background is-layout-constrained wp-block-group-is-layout-constrained\" style=\"padding-top:var(--wp--preset--spacing--section-bottom);padding-bottom:var(--wp--preset--spacing--section-bottom)\">\n<div class=\"wp-block-columns alignwide mobile-reverse is-layout-flex wp-container-core-columns-is-layout-ca64bf2d wp-block-columns-is-layout-flex\" style=\"margin-bottom:var(--wp--preset--spacing--side-padding)\">\n<div class=\"wp-block-column is-vertically-aligned-center is-layout-flow wp-block-column-is-layout-flow\">\n<h3 class=\"wp-block-heading\" style=\"margin-bottom:var(--wp--preset--spacing--h-3-bottom)\"><strong><strong>Soporte de Alfombrilla Ajustable Independiente  <\/strong><\/strong><\/h3>\n\n\n\n<p>El <strong>Soporte Ajustable para Colchonetas Evolve (AH-300<\/strong> ) es una pr\u00e1ctica soluci\u00f3n de almacenamiento dise\u00f1ada para mantener las colchonetas de entrenamiento organizadas, accesibles y fuera del suelo, tanto en gimnasios comerciales como dom\u00e9sticos. Su construcci\u00f3n independiente permite una colocaci\u00f3n flexible sin necesidad de montarlo en la pared. <\/p>\n\n\n\n<p>El dise\u00f1o ajustable admite colchonetas de varios tama\u00f1os y grosores, por lo que es adecuado para colchonetas de yoga, fitness, estiramientos y rehabilitaci\u00f3n. La disposici\u00f3n vertical del almacenamiento ayuda a maximizar el espacio en el suelo, manteniendo un \u00e1rea de entrenamiento limpia y profesional. <\/p>\n<\/div>\n\n\n\n<div class=\"wp-block-column is-vertically-aligned-center is-layout-flow wp-block-column-is-layout-flow\">\n<figure class=\"wp-block-image size-large is-style-rounded\"><img loading=\"lazy\" decoding=\"async\" width=\"683\" height=\"1024\" src=\"https:\/\/evolve-fitness.eu\/wp-content\/uploads\/2025\/03\/A7_00863-683x1024.jpg\" alt=\"\" class=\"wp-image-222525\" srcset=\"https:\/\/evolve-fitness.eu\/wp-content\/uploads\/2025\/03\/A7_00863-683x1024.jpg 683w, https:\/\/evolve-fitness.eu\/wp-content\/uploads\/2025\/03\/A7_00863-200x300.jpg 200w, https:\/\/evolve-fitness.eu\/wp-content\/uploads\/2025\/03\/A7_00863-100x150.jpg 100w, https:\/\/evolve-fitness.eu\/wp-content\/uploads\/2025\/03\/A7_00863-768x1152.jpg 768w, https:\/\/evolve-fitness.eu\/wp-content\/uploads\/2025\/03\/A7_00863-1024x1536.jpg 1024w, https:\/\/evolve-fitness.eu\/wp-content\/uploads\/2025\/03\/A7_00863-300x450.jpg 300w, https:\/\/evolve-fitness.eu\/wp-content\/uploads\/2025\/03\/A7_00863-600x900.jpg 600w, https:\/\/evolve-fitness.eu\/wp-content\/uploads\/2025\/03\/A7_00863.jpg 1365w\" sizes=\"auto, (max-width: 683px) 100vw, 683px\" \/><\/figure>\n<\/div>\n<\/div>\n\n\n\n<div class=\"wp-block-columns alignwide mobile-reverse is-layout-flex wp-container-core-columns-is-layout-ca64bf2d wp-block-columns-is-layout-flex\" style=\"margin-bottom:var(--wp--preset--spacing--side-padding)\">\n<div class=\"wp-block-column is-layout-flow wp-block-column-is-layout-flow\">\n<figure class=\"wp-block-image size-large is-style-rounded\"><img loading=\"lazy\" decoding=\"async\" width=\"683\" height=\"1024\" src=\"https:\/\/evolve-fitness.eu\/wp-content\/uploads\/2025\/03\/A7_00889-683x1024.jpg\" alt=\"\" class=\"wp-image-222526\" srcset=\"https:\/\/evolve-fitness.eu\/wp-content\/uploads\/2025\/03\/A7_00889-683x1024.jpg 683w, https:\/\/evolve-fitness.eu\/wp-content\/uploads\/2025\/03\/A7_00889-200x300.jpg 200w, https:\/\/evolve-fitness.eu\/wp-content\/uploads\/2025\/03\/A7_00889-100x150.jpg 100w, https:\/\/evolve-fitness.eu\/wp-content\/uploads\/2025\/03\/A7_00889-768x1152.jpg 768w, https:\/\/evolve-fitness.eu\/wp-content\/uploads\/2025\/03\/A7_00889-1024x1536.jpg 1024w, https:\/\/evolve-fitness.eu\/wp-content\/uploads\/2025\/03\/A7_00889-300x450.jpg 300w, https:\/\/evolve-fitness.eu\/wp-content\/uploads\/2025\/03\/A7_00889-600x900.jpg 600w, https:\/\/evolve-fitness.eu\/wp-content\/uploads\/2025\/03\/A7_00889.jpg 1365w\" sizes=\"auto, (max-width: 683px) 100vw, 683px\" \/><\/figure>\n<\/div>\n\n\n\n<div class=\"wp-block-column is-vertically-aligned-center is-layout-flow wp-block-column-is-layout-flow\">\n<h3 class=\"wp-block-heading\" style=\"margin-bottom:var(--wp--preset--spacing--h-3-bottom)\"><strong><strong>MOVIMIENTO SIN ESFUERZO<\/strong><\/strong><\/h3>\n\n\n\n<p>El soporte est\u00e1 equipado con <strong>ruedas giratorias de alta resistencia con freno<\/strong>, que permiten desplazarse sin esfuerzo entre las zonas de entrenamiento, manteniendo la estabilidad cuando est\u00e1 colocado. <strong>Las asas laterales<\/strong> ergon\u00f3micas hacen que el reposicionamiento sea sencillo y seguro, incluso cuando est\u00e1 totalmente cargado. <\/p>\n<\/div>\n<\/div>\n\n\n\n<div class=\"wp-block-columns alignwide mobile-reverse is-layout-flex wp-container-core-columns-is-layout-ca64bf2d wp-block-columns-is-layout-flex\" style=\"margin-bottom:var(--wp--preset--spacing--side-padding)\">\n<div class=\"wp-block-column is-vertically-aligned-center is-layout-flow wp-block-column-is-layout-flow\">\n<h3 class=\"wp-block-heading\" style=\"margin-bottom:var(--wp--preset--spacing--h-3-bottom)\"><strong><strong>f\u00e1cil adaptaci\u00f3n a diferentes anchos de alfombrilla<\/strong><\/strong><\/h3>\n\n\n\n<p>Sus <strong>soportes laterales ajustables<\/strong> permiten una f\u00e1cil adaptaci\u00f3n a diferentes anchuras de colchoneta, garantizando la compatibilidad con una amplia gama de colchonetas de ejercicios. El <strong>sistema de pomo de bloqueo<\/strong> integrado permite un ajuste r\u00e1pido y seguro, manteniendo las colchonetas estables durante el almacenamiento y el transporte. <\/p>\n<\/div>\n\n\n\n<div class=\"wp-block-column is-vertically-aligned-center is-layout-flow wp-block-column-is-layout-flow\">\n<div class=\"wp-block-columns is-layout-flex wp-container-core-columns-is-layout-9d6595d7 wp-block-columns-is-layout-flex\">\n<div class=\"wp-block-column is-layout-flow wp-block-column-is-layout-flow\">\n<figure class=\"wp-block-image size-full is-style-rounded\"><img loading=\"lazy\" decoding=\"async\" width=\"683\" height=\"455\" src=\"https:\/\/evolve-fitness.eu\/wp-content\/uploads\/2026\/01\/Dizainas-be-pavadinimo-3-edited-1.png\" alt=\"\" class=\"wp-image-222531\" srcset=\"https:\/\/evolve-fitness.eu\/wp-content\/uploads\/2026\/01\/Dizainas-be-pavadinimo-3-edited-1.png 683w, https:\/\/evolve-fitness.eu\/wp-content\/uploads\/2026\/01\/Dizainas-be-pavadinimo-3-edited-1-300x200.png 300w, https:\/\/evolve-fitness.eu\/wp-content\/uploads\/2026\/01\/Dizainas-be-pavadinimo-3-edited-1-150x100.png 150w, https:\/\/evolve-fitness.eu\/wp-content\/uploads\/2026\/01\/Dizainas-be-pavadinimo-3-edited-1-600x400.png 600w, https:\/\/evolve-fitness.eu\/wp-content\/uploads\/2026\/01\/Dizainas-be-pavadinimo-3-edited-1-225x150.png 225w\" sizes=\"auto, (max-width: 683px) 100vw, 683px\" \/><\/figure>\n<\/div>\n<\/div>\n<\/div>\n<\/div>\n\n\n\n<div class=\"wp-block-columns alignwide mobile-reverse is-layout-flex wp-container-core-columns-is-layout-ca64bf2d wp-block-columns-is-layout-flex\" style=\"margin-bottom:var(--wp--preset--spacing--side-padding)\">\n<div class=\"wp-block-column is-layout-flow wp-block-column-is-layout-flow\">\n<figure class=\"wp-block-image size-large is-style-rounded\"><img loading=\"lazy\" decoding=\"async\" width=\"683\" height=\"1024\" src=\"https:\/\/evolve-fitness.eu\/wp-content\/uploads\/2025\/03\/A7_03222-683x1024.jpg\" alt=\"\" class=\"wp-image-222532\" srcset=\"https:\/\/evolve-fitness.eu\/wp-content\/uploads\/2025\/03\/A7_03222-683x1024.jpg 683w, https:\/\/evolve-fitness.eu\/wp-content\/uploads\/2025\/03\/A7_03222-200x300.jpg 200w, https:\/\/evolve-fitness.eu\/wp-content\/uploads\/2025\/03\/A7_03222-100x150.jpg 100w, https:\/\/evolve-fitness.eu\/wp-content\/uploads\/2025\/03\/A7_03222-768x1152.jpg 768w, https:\/\/evolve-fitness.eu\/wp-content\/uploads\/2025\/03\/A7_03222-1024x1536.jpg 1024w, https:\/\/evolve-fitness.eu\/wp-content\/uploads\/2025\/03\/A7_03222-1365x2048.jpg 1365w, https:\/\/evolve-fitness.eu\/wp-content\/uploads\/2025\/03\/A7_03222-300x450.jpg 300w, https:\/\/evolve-fitness.eu\/wp-content\/uploads\/2025\/03\/A7_03222-600x900.jpg 600w, https:\/\/evolve-fitness.eu\/wp-content\/uploads\/2025\/03\/A7_03222-scaled.jpg 1707w\" sizes=\"auto, (max-width: 683px) 100vw, 683px\" \/><\/figure>\n<\/div>\n\n\n\n<div class=\"wp-block-column is-vertically-aligned-center is-layout-flow wp-block-column-is-layout-flow\">\n<h3 class=\"wp-block-heading\" style=\"margin-bottom:var(--wp--preset--spacing--h-3-bottom)\"><strong><strong>Construido con acero duradero<\/strong><\/strong><\/h3>\n\n\n\n<p>Construida con acero duradero, la AH-300 garantiza estabilidad y fiabilidad a largo plazo en el uso diario. La s\u00f3lida base proporciona un apoyo seguro, mientras que el dise\u00f1o sencillo y funcional permite cargar y retirar r\u00e1pidamente las colchonetas, mejorando la eficiencia general del gimnasio. <\/p>\n\n\n\n<p>Este soporte para colchonetas es un complemento ideal para gimnasios, estudios e instalaciones de entrenamiento que busquen una soluci\u00f3n de almacenamiento de colchonetas organizada, profesional y que ocupe poco espacio.<\/p>\n<\/div>\n<\/div>\n<\/section>\n","protected":false},"excerpt":{"rendered":"<p>Mant\u00e9n tu espacio de entrenamiento ordenado y organizado con la estanter\u00eda de almacenamiento Evolve EV-RS-AH-300. Dise\u00f1ado para almacenar diversos accesorios de fitness, este estante robusto y compacto garantiza un acceso r\u00e1pido a tu equipo, manteniendo al mismo tiempo un \u00e1rea de entrenamiento libre de desorden. <\/p>\n","protected":false},"featured_media":229122,"template":"","meta":{"_acf_changed":false,"inline_featured_image":false},"product_brand":[],"product_cat":[1454,5268,2927],"product_tag":[],"class_list":{"0":"post-229121","1":"product","2":"type-product","3":"status-publish","4":"has-post-thumbnail","6":"product_cat-pesos-libres","7":"product_cat-estanterias-y-soluciones-de-almacenamiento","8":"product_cat-estudio","10":"first","11":"instock","12":"shipping-taxable","13":"purchasable","14":"product-type-simple"},"acf":{"long_title":"Soporte de colchoneta ajustable de pie Evolve (AH-300)","subtitle":"","specifications":[{"label":"SKU","text_value":"EV-RS-AH-300","icon":"x"}]},"yoast_head":"<!-- This site is optimized with the Yoast SEO plugin v26.6 - https:\/\/yoast.com\/wordpress\/plugins\/seo\/ -->\n<title>Soporte de colchoneta ajustable de pie Evolve (AH-300) - Evolve<\/title>\n<meta name=\"description\" content=\"Mant\u00e9n tu espacio de entrenamiento ordenado y organizado con la estanter\u00eda de almacenamiento Evolve. Dise\u00f1ada para almacenar diversos accesorios de fitness, esta estanter\u00eda robusta y compacta\" \/>\n<meta name=\"robots\" content=\"index, follow, max-snippet:-1, max-image-preview:large, max-video-preview:-1\" \/>\n<link rel=\"canonical\" href=\"https:\/\/evolve-fitness.eu\/es\/producto\/soporte-de-colchoneta-ajustable-de-pie-evolve-ah-300\/\" \/>\n<meta property=\"og:locale\" content=\"es_ES\" \/>\n<meta property=\"og:type\" content=\"article\" \/>\n<meta property=\"og:title\" content=\"Soporte de colchoneta ajustable de pie Evolve (AH-300) - Evolve\" \/>\n<meta property=\"og:description\" content=\"Mant\u00e9n tu espacio de entrenamiento ordenado y organizado con la estanter\u00eda de almacenamiento Evolve. Dise\u00f1ada para almacenar diversos accesorios de fitness, esta estanter\u00eda robusta y compacta\" \/>\n<meta property=\"og:url\" content=\"https:\/\/evolve-fitness.eu\/es\/producto\/soporte-de-colchoneta-ajustable-de-pie-evolve-ah-300\/\" \/>\n<meta property=\"og:site_name\" content=\"Evolve\" \/>\n<meta property=\"article:publisher\" content=\"https:\/\/www.facebook.com\/EvolveFitnessEurope\" \/>\n<meta property=\"article:modified_time\" content=\"2026-04-09T12:48:23+00:00\" \/>\n<meta property=\"og:image\" content=\"https:\/\/evolve-fitness.eu\/wp-content\/uploads\/2025\/03\/EV-RS-AH-300-1.png\" \/>\n\t<meta property=\"og:image:width\" content=\"1600\" \/>\n\t<meta property=\"og:image:height\" content=\"1600\" \/>\n\t<meta property=\"og:image:type\" content=\"image\/png\" \/>\n<meta name=\"twitter:card\" content=\"summary_large_image\" \/>\n<script type=\"application\/ld+json\" class=\"yoast-schema-graph\">{\"@context\":\"https:\/\/schema.org\",\"@graph\":[{\"@type\":\"WebPage\",\"@id\":\"https:\/\/evolve-fitness.eu\/es\/producto\/soporte-de-colchoneta-ajustable-de-pie-evolve-ah-300\/\",\"url\":\"https:\/\/evolve-fitness.eu\/es\/producto\/soporte-de-colchoneta-ajustable-de-pie-evolve-ah-300\/\",\"name\":\"Soporte de colchoneta ajustable de pie Evolve (AH-300) - Evolve\",\"isPartOf\":{\"@id\":\"https:\/\/evolve-fitness.eu\/es\/#website\"},\"primaryImageOfPage\":{\"@id\":\"https:\/\/evolve-fitness.eu\/es\/producto\/soporte-de-colchoneta-ajustable-de-pie-evolve-ah-300\/#primaryimage\"},\"image\":{\"@id\":\"https:\/\/evolve-fitness.eu\/es\/producto\/soporte-de-colchoneta-ajustable-de-pie-evolve-ah-300\/#primaryimage\"},\"thumbnailUrl\":\"https:\/\/evolve-fitness.eu\/wp-content\/uploads\/2025\/03\/EV-RS-AH-300-1.png\",\"datePublished\":\"2025-03-28T07:47:53+00:00\",\"dateModified\":\"2026-04-09T12:48:23+00:00\",\"description\":\"Mant\u00e9n tu espacio de entrenamiento ordenado y organizado con la estanter\u00eda de almacenamiento Evolve. Dise\u00f1ada para almacenar diversos accesorios de fitness, esta estanter\u00eda robusta y compacta\",\"breadcrumb\":{\"@id\":\"https:\/\/evolve-fitness.eu\/es\/producto\/soporte-de-colchoneta-ajustable-de-pie-evolve-ah-300\/#breadcrumb\"},\"inLanguage\":\"es\",\"potentialAction\":[{\"@type\":\"ReadAction\",\"target\":[\"https:\/\/evolve-fitness.eu\/es\/producto\/soporte-de-colchoneta-ajustable-de-pie-evolve-ah-300\/\"]}]},{\"@type\":\"ImageObject\",\"inLanguage\":\"es\",\"@id\":\"https:\/\/evolve-fitness.eu\/es\/producto\/soporte-de-colchoneta-ajustable-de-pie-evolve-ah-300\/#primaryimage\",\"url\":\"https:\/\/evolve-fitness.eu\/wp-content\/uploads\/2025\/03\/EV-RS-AH-300-1.png\",\"contentUrl\":\"https:\/\/evolve-fitness.eu\/wp-content\/uploads\/2025\/03\/EV-RS-AH-300-1.png\",\"width\":1600,\"height\":1600},{\"@type\":\"BreadcrumbList\",\"@id\":\"https:\/\/evolve-fitness.eu\/es\/producto\/soporte-de-colchoneta-ajustable-de-pie-evolve-ah-300\/#breadcrumb\",\"itemListElement\":[{\"@type\":\"ListItem\",\"position\":1,\"name\":\"Home\",\"item\":\"https:\/\/evolve-fitness.eu\/es\/\"},{\"@type\":\"ListItem\",\"position\":2,\"name\":\"Productos\",\"item\":\"https:\/\/evolve-fitness.eu\/es\/shop\/\"},{\"@type\":\"ListItem\",\"position\":3,\"name\":\"Soporte de colchoneta ajustable de pie Evolve (AH-300)\"}]},{\"@type\":\"WebSite\",\"@id\":\"https:\/\/evolve-fitness.eu\/es\/#website\",\"url\":\"https:\/\/evolve-fitness.eu\/es\/\",\"name\":\"Evolve\",\"description\":\"Your Evolved Gear Arrived\",\"publisher\":{\"@id\":\"https:\/\/evolve-fitness.eu\/es\/#organization\"},\"potentialAction\":[{\"@type\":\"SearchAction\",\"target\":{\"@type\":\"EntryPoint\",\"urlTemplate\":\"https:\/\/evolve-fitness.eu\/es\/?s={search_term_string}\"},\"query-input\":{\"@type\":\"PropertyValueSpecification\",\"valueRequired\":true,\"valueName\":\"search_term_string\"}}],\"inLanguage\":\"es\"},{\"@type\":\"Organization\",\"@id\":\"https:\/\/evolve-fitness.eu\/es\/#organization\",\"name\":\"Evolve\",\"url\":\"https:\/\/evolve-fitness.eu\/es\/\",\"logo\":{\"@type\":\"ImageObject\",\"inLanguage\":\"es\",\"@id\":\"https:\/\/evolve-fitness.eu\/es\/#\/schema\/logo\/image\/\",\"url\":\"https:\/\/evolve-fitness.eu\/wp-content\/uploads\/2023\/05\/Evolve-logo.svg\",\"contentUrl\":\"https:\/\/evolve-fitness.eu\/wp-content\/uploads\/2023\/05\/Evolve-logo.svg\",\"width\":176,\"height\":20,\"caption\":\"Evolve\"},\"image\":{\"@id\":\"https:\/\/evolve-fitness.eu\/es\/#\/schema\/logo\/image\/\"},\"sameAs\":[\"https:\/\/www.facebook.com\/EvolveFitnessEurope\"]}]}<\/script>\n<!-- \/ Yoast SEO plugin. -->","yoast_head_json":{"title":"Soporte de colchoneta ajustable de pie Evolve (AH-300) - Evolve","description":"Mant\u00e9n tu espacio de entrenamiento ordenado y organizado con la estanter\u00eda de almacenamiento Evolve. Dise\u00f1ada para almacenar diversos accesorios de fitness, esta estanter\u00eda robusta y compacta","robots":{"index":"index","follow":"follow","max-snippet":"max-snippet:-1","max-image-preview":"max-image-preview:large","max-video-preview":"max-video-preview:-1"},"canonical":"https:\/\/evolve-fitness.eu\/es\/producto\/soporte-de-colchoneta-ajustable-de-pie-evolve-ah-300\/","og_locale":"es_ES","og_type":"article","og_title":"Soporte de colchoneta ajustable de pie Evolve (AH-300) - Evolve","og_description":"Mant\u00e9n tu espacio de entrenamiento ordenado y organizado con la estanter\u00eda de almacenamiento Evolve. Dise\u00f1ada para almacenar diversos accesorios de fitness, esta estanter\u00eda robusta y compacta","og_url":"https:\/\/evolve-fitness.eu\/es\/producto\/soporte-de-colchoneta-ajustable-de-pie-evolve-ah-300\/","og_site_name":"Evolve","article_publisher":"https:\/\/www.facebook.com\/EvolveFitnessEurope","article_modified_time":"2026-04-09T12:48:23+00:00","og_image":[{"width":1600,"height":1600,"url":"https:\/\/evolve-fitness.eu\/wp-content\/uploads\/2025\/03\/EV-RS-AH-300-1.png","type":"image\/png"}],"twitter_card":"summary_large_image","schema":{"@context":"https:\/\/schema.org","@graph":[{"@type":"WebPage","@id":"https:\/\/evolve-fitness.eu\/es\/producto\/soporte-de-colchoneta-ajustable-de-pie-evolve-ah-300\/","url":"https:\/\/evolve-fitness.eu\/es\/producto\/soporte-de-colchoneta-ajustable-de-pie-evolve-ah-300\/","name":"Soporte de colchoneta ajustable de pie Evolve (AH-300) - Evolve","isPartOf":{"@id":"https:\/\/evolve-fitness.eu\/es\/#website"},"primaryImageOfPage":{"@id":"https:\/\/evolve-fitness.eu\/es\/producto\/soporte-de-colchoneta-ajustable-de-pie-evolve-ah-300\/#primaryimage"},"image":{"@id":"https:\/\/evolve-fitness.eu\/es\/producto\/soporte-de-colchoneta-ajustable-de-pie-evolve-ah-300\/#primaryimage"},"thumbnailUrl":"https:\/\/evolve-fitness.eu\/wp-content\/uploads\/2025\/03\/EV-RS-AH-300-1.png","datePublished":"2025-03-28T07:47:53+00:00","dateModified":"2026-04-09T12:48:23+00:00","description":"Mant\u00e9n tu espacio de entrenamiento ordenado y organizado con la estanter\u00eda de almacenamiento Evolve. Dise\u00f1ada para almacenar diversos accesorios de fitness, esta estanter\u00eda robusta y compacta","breadcrumb":{"@id":"https:\/\/evolve-fitness.eu\/es\/producto\/soporte-de-colchoneta-ajustable-de-pie-evolve-ah-300\/#breadcrumb"},"inLanguage":"es","potentialAction":[{"@type":"ReadAction","target":["https:\/\/evolve-fitness.eu\/es\/producto\/soporte-de-colchoneta-ajustable-de-pie-evolve-ah-300\/"]}]},{"@type":"ImageObject","inLanguage":"es","@id":"https:\/\/evolve-fitness.eu\/es\/producto\/soporte-de-colchoneta-ajustable-de-pie-evolve-ah-300\/#primaryimage","url":"https:\/\/evolve-fitness.eu\/wp-content\/uploads\/2025\/03\/EV-RS-AH-300-1.png","contentUrl":"https:\/\/evolve-fitness.eu\/wp-content\/uploads\/2025\/03\/EV-RS-AH-300-1.png","width":1600,"height":1600},{"@type":"BreadcrumbList","@id":"https:\/\/evolve-fitness.eu\/es\/producto\/soporte-de-colchoneta-ajustable-de-pie-evolve-ah-300\/#breadcrumb","itemListElement":[{"@type":"ListItem","position":1,"name":"Home","item":"https:\/\/evolve-fitness.eu\/es\/"},{"@type":"ListItem","position":2,"name":"Productos","item":"https:\/\/evolve-fitness.eu\/es\/shop\/"},{"@type":"ListItem","position":3,"name":"Soporte de colchoneta ajustable de pie Evolve (AH-300)"}]},{"@type":"WebSite","@id":"https:\/\/evolve-fitness.eu\/es\/#website","url":"https:\/\/evolve-fitness.eu\/es\/","name":"Evolve","description":"Your Evolved Gear Arrived","publisher":{"@id":"https:\/\/evolve-fitness.eu\/es\/#organization"},"potentialAction":[{"@type":"SearchAction","target":{"@type":"EntryPoint","urlTemplate":"https:\/\/evolve-fitness.eu\/es\/?s={search_term_string}"},"query-input":{"@type":"PropertyValueSpecification","valueRequired":true,"valueName":"search_term_string"}}],"inLanguage":"es"},{"@type":"Organization","@id":"https:\/\/evolve-fitness.eu\/es\/#organization","name":"Evolve","url":"https:\/\/evolve-fitness.eu\/es\/","logo":{"@type":"ImageObject","inLanguage":"es","@id":"https:\/\/evolve-fitness.eu\/es\/#\/schema\/logo\/image\/","url":"https:\/\/evolve-fitness.eu\/wp-content\/uploads\/2023\/05\/Evolve-logo.svg","contentUrl":"https:\/\/evolve-fitness.eu\/wp-content\/uploads\/2023\/05\/Evolve-logo.svg","width":176,"height":20,"caption":"Evolve"},"image":{"@id":"https:\/\/evolve-fitness.eu\/es\/#\/schema\/logo\/image\/"},"sameAs":["https:\/\/www.facebook.com\/EvolveFitnessEurope"]}]}},"_links":{"self":[{"href":"https:\/\/evolve-fitness.eu\/es\/wp-json\/wp\/v2\/product\/229121","targetHints":{"allow":["GET"]}}],"collection":[{"href":"https:\/\/evolve-fitness.eu\/es\/wp-json\/wp\/v2\/product"}],"about":[{"href":"https:\/\/evolve-fitness.eu\/es\/wp-json\/wp\/v2\/types\/product"}],"wp:featuredmedia":[{"embeddable":true,"href":"https:\/\/evolve-fitness.eu\/es\/wp-json\/wp\/v2\/media\/229122"}],"wp:attachment":[{"href":"https:\/\/evolve-fitness.eu\/es\/wp-json\/wp\/v2\/media?parent=229121"}],"wp:term":[{"taxonomy":"product_brand","embeddable":true,"href":"https:\/\/evolve-fitness.eu\/es\/wp-json\/wp\/v2\/product_brand?post=229121"},{"taxonomy":"product_cat","embeddable":true,"href":"https:\/\/evolve-fitness.eu\/es\/wp-json\/wp\/v2\/product_cat?post=229121"},{"taxonomy":"product_tag","embeddable":true,"href":"https:\/\/evolve-fitness.eu\/es\/wp-json\/wp\/v2\/product_tag?post=229121"}],"curies":[{"name":"wp","href":"https:\/\/api.w.org\/{rel}","templated":true}]}}