{"id":229669,"date":"2026-04-14T10:26:48","date_gmt":"2026-04-14T07:26:48","guid":{"rendered":"https:\/\/evolve-fitness.eu\/product\/soporte-de-baloncesto-enterrado-evolve-ah-180\/"},"modified":"2026-04-15T13:01:17","modified_gmt":"2026-04-15T10:01:17","slug":"soporte-de-baloncesto-enterrado-evolve-ah-180","status":"publish","type":"product","link":"https:\/\/evolve-fitness.eu\/es\/producto\/soporte-de-baloncesto-enterrado-evolve-ah-180\/","title":{"rendered":"Soporte de baloncesto enterrado Evolve (AH-180)"},"content":{"rendered":"\n<section class=\"wp-block-group alignfull black-content has-white-color has-darkgray-background-color has-text-color has-background is-layout-constrained wp-block-group-is-layout-constrained\" style=\"padding-top:var(--wp--preset--spacing--section-bottom);padding-bottom:var(--wp--preset--spacing--section-bottom)\">\n<div class=\"wp-block-columns alignwide mobile-reverse is-layout-flex wp-container-core-columns-is-layout-ca64bf2d wp-block-columns-is-layout-flex\" style=\"margin-bottom:var(--wp--preset--spacing--side-padding)\">\n<div class=\"wp-block-column is-vertically-aligned-center is-layout-flow wp-block-column-is-layout-flow\">\n<h3 class=\"wp-block-heading\" style=\"margin-bottom:var(--wp--preset--spacing--h-3-bottom)\"><strong><strong>Dise\u00f1o profesional y ajustabilidad<\/strong><\/strong><\/h3>\n\n\n\n<p style=\"margin-bottom:var(--wp--preset--spacing--tb-section-padding)\">El soporte de baloncesto de altura regulable para suelo Evolve est\u00e1 dise\u00f1ado para un uso intensivo, y ofrece fiabilidad, estabilidad y una experiencia de juego profesional. El rango de ajuste de altura de 167 a 305 cm permite una f\u00e1cil adaptaci\u00f3n para jugadores de distintas edades y niveles de habilidad, desde el entrenamiento de j\u00f3venes hasta el juego competitivo de adultos. Un tablero de cristal templado de 12 mm con marco met\u00e1lico reforzado y embellecedor de aluminio garantiza una durabilidad excelente y un rebote uniforme del bal\u00f3n, mientras que el gran tama\u00f1o del tablero (1805 \u00d7 1050 mm) favorece un juego preciso y din\u00e1mico.  <\/p>\n<\/div>\n\n\n\n<div class=\"wp-block-column is-vertically-aligned-center is-layout-flow wp-block-column-is-layout-flow\">\n<figure class=\"wp-block-gallery has-nested-images columns-default is-cropped wp-block-gallery-1 is-layout-flex wp-block-gallery-is-layout-flex\">\n<figure class=\"wp-block-image size-large\"><img decoding=\"async\" data-id=\"148046\" src=\"https:\/\/store.evolve-fitness.eu\/wp-content\/uploads\/2026\/01\/EV-BS-IG-AH-1801-1-1024x1024.png\" alt=\"\" class=\"wp-image-148046\"\/><\/figure>\n<\/figure>\n<\/div>\n<\/div>\n\n\n\n<div class=\"wp-block-columns alignwide is-layout-flex wp-container-core-columns-is-layout-c45ee707 wp-block-columns-is-layout-flex\" style=\"margin-bottom:var(--wp--preset--spacing--side-padding);padding-top:var(--wp--preset--spacing--side-padding)\">\n<div class=\"wp-block-column is-vertically-aligned-center is-layout-flow wp-block-column-is-layout-flow\">\n<div class=\"wp-block-columns is-layout-flex wp-container-core-columns-is-layout-9d6595d7 wp-block-columns-is-layout-flex\">\n<div class=\"wp-block-column is-layout-flow wp-block-column-is-layout-flow\"><\/div>\n<\/div>\n\n\n\n<figure class=\"wp-block-image size-full\"><img decoding=\"async\" src=\"https:\/\/store.evolve-fitness.eu\/wp-content\/uploads\/2026\/01\/Be-pavadinimo-600-x-600-piks.-1.png\" alt=\"\" class=\"wp-image-148350\"\/><\/figure>\n<\/div>\n\n\n\n<div class=\"wp-block-column is-vertically-aligned-center is-layout-flow wp-block-column-is-layout-flow\">\n<h3 class=\"wp-block-heading\" style=\"margin-bottom:var(--wp--preset--spacing--h-3-bottom)\">Estabilidad y rendimiento a largo plazo<\/h3>\n\n\n\n<p>El borde de acero de 45 cm con dos muelles amortiguadores es adecuado para el juego intensivo y los mates, y se complementa con una red de nailon resistente a la intemperie. Con un peso total de 277 kg y una instalaci\u00f3n segura en el suelo, el soporte proporciona una estabilidad y seguridad excepcionales. El s\u00f3lido armaz\u00f3n de acero con un perfil de 15 \u00d7 15 cm y un grosor de pared de 4 mm garantiza la durabilidad a largo plazo en entornos exigentes.  <\/p>\n<\/div>\n<\/div>\n\n\n\n<div class=\"wp-block-columns alignwide mobile-reverse is-layout-flex wp-container-core-columns-is-layout-ca64bf2d wp-block-columns-is-layout-flex\" style=\"margin-bottom:var(--wp--preset--spacing--side-padding)\">\n<div class=\"wp-block-column is-vertically-aligned-center is-layout-flow wp-block-column-is-layout-flow\">\n<h3 class=\"wp-block-heading\" style=\"margin-bottom:var(--wp--preset--spacing--h-3-bottom)\"><strong><strong>El acolchado del poste proporciona seguridad adicional<\/strong><\/strong><\/h3>\n\n\n\n<p style=\"margin-bottom:var(--wp--preset--spacing--tb-section-padding)\">El acolchado para postes proporciona seguridad adicional para la cancha de baloncesto de tu casa, protegiendo a los jugadores del impacto accidental con el poste durante el juego. Ayuda a reducir el riesgo de lesiones, especialmente durante los descansos r\u00e1pidos, los rebotes o las conducciones agresivas hacia la canasta. Dise\u00f1ada para sistemas de baloncesto en el suelo, la almohadilla se ajusta firmemente alrededor del poste y absorbe el impacto manteniendo un aspecto limpio y profesional. Es un accesorio de seguridad esencial que hace que tu cancha sea m\u00e1s segura para jugadores de todas las edades y niveles de habilidad, sin afectar al juego ni al rendimiento.   <\/p>\n<\/div>\n\n\n\n<div class=\"wp-block-column is-vertically-aligned-center is-layout-flow wp-block-column-is-layout-flow\">\n<figure class=\"wp-block-gallery has-nested-images columns-default is-cropped wp-block-gallery-2 is-layout-flex wp-block-gallery-is-layout-flex\">\n<figure class=\"wp-block-image size-full is-style-rounded\"><img decoding=\"async\" data-id=\"148368\" src=\"https:\/\/store.evolve-fitness.eu\/wp-content\/uploads\/2026\/01\/Dizainas-be-pavadinimo.png\" alt=\"\" class=\"wp-image-148368\"\/><\/figure>\n<\/figure>\n<\/div>\n<\/div>\n\n\n\n<div class=\"wp-block-columns alignwide is-layout-flex wp-container-core-columns-is-layout-c45ee707 wp-block-columns-is-layout-flex\" style=\"margin-bottom:var(--wp--preset--spacing--side-padding);padding-top:var(--wp--preset--spacing--side-padding)\">\n<div class=\"wp-block-column is-vertically-aligned-center is-layout-flow wp-block-column-is-layout-flow\">\n<div class=\"wp-block-columns is-layout-flex wp-container-core-columns-is-layout-9d6595d7 wp-block-columns-is-layout-flex\">\n<div class=\"wp-block-column is-layout-flow wp-block-column-is-layout-flow\"><\/div>\n<\/div>\n\n\n\n<figure class=\"wp-block-image size-full is-style-rounded\"><img decoding=\"async\" src=\"https:\/\/store.evolve-fitness.eu\/wp-content\/uploads\/2026\/01\/Dizainas-be-pavadinimo-1.png\" alt=\"\" class=\"wp-image-148370\"\/><\/figure>\n<\/div>\n\n\n\n<div class=\"wp-block-column is-vertically-aligned-center is-layout-flow wp-block-column-is-layout-flow\">\n<h3 class=\"wp-block-heading\" style=\"margin-bottom:var(--wp--preset--spacing--h-3-bottom)\">La superficie est\u00e1 acabada con polvo de alta calidad<\/h3>\n\n\n\n<p>La superficie est\u00e1 acabada con un recubrimiento en polvo de alta calidad que proporciona una excelente resistencia a la intemperie y las condiciones ambientales. Este revestimiento duradero protege la estructura de acero de la corrosi\u00f3n, la humedad, la exposici\u00f3n a los rayos UV y los cambios de temperatura, garantizando un rendimiento duradero en exteriores. <\/p>\n\n\n\n<p>Gracias al acabado con recubrimiento en polvo, la superficie mantiene su aspecto e integridad estructural a lo largo del tiempo, incluso con el uso regular en pistas exteriores dom\u00e9sticas, escuelas o parques infantiles p\u00fablicos.<\/p>\n<\/div>\n<\/div>\n\n\n\n<div class=\"wp-block-columns alignwide mobile-reverse is-layout-flex wp-container-core-columns-is-layout-ca64bf2d wp-block-columns-is-layout-flex\" style=\"margin-bottom:var(--wp--preset--spacing--side-padding)\">\n<div class=\"wp-block-column is-vertically-aligned-center is-layout-flow wp-block-column-is-layout-flow\">\n<h3 class=\"wp-block-heading\" style=\"margin-bottom:var(--wp--preset--spacing--h-3-bottom)\"><strong><strong>la cubierta de la placa de montaje proporciona<\/strong><\/strong> seguridad alrededor de la base<\/h3>\n\n\n\n<p style=\"margin-bottom:var(--wp--preset--spacing--tb-section-padding)\">La cubierta de la placa de montaje proporciona un aspecto limpio y acabado, a la vez que mejora la seguridad alrededor de la base de la porter\u00eda de baloncesto. Oculta los pernos de anclaje, reduciendo el riesgo de tropiezos o lesiones y dando a la instalaci\u00f3n un aspecto m\u00e1s pulido. La cubierta se puede quitar f\u00e1cilmente, lo que permite desatornillar la porter\u00eda y cambiarla de sitio si es necesario. Esto la convierte en una soluci\u00f3n pr\u00e1ctica para los usuarios que deseen tener flexibilidad para trasladar o reconfigurar su pista en el futuro, sin comprometer la seguridad ni la est\u00e9tica.   <\/p>\n<\/div>\n\n\n\n<div class=\"wp-block-column is-vertically-aligned-center is-layout-flow wp-block-column-is-layout-flow\">\n<figure class=\"wp-block-gallery has-nested-images columns-default is-cropped wp-block-gallery-3 is-layout-flex wp-block-gallery-is-layout-flex\">\n<figure class=\"wp-block-image size-full is-style-rounded\"><img decoding=\"async\" data-id=\"149000\" src=\"https:\/\/store.evolve-fitness.eu\/wp-content\/uploads\/2026\/01\/STOVO-DANGTIS.png\" alt=\"\" class=\"wp-image-149000\"\/><\/figure>\n<\/figure>\n<\/div>\n<\/div>\n\n\n\n<div class=\"wp-block-columns alignwide is-layout-flex wp-container-core-columns-is-layout-c45ee707 wp-block-columns-is-layout-flex\" style=\"margin-bottom:var(--wp--preset--spacing--side-padding);padding-top:var(--wp--preset--spacing--side-padding)\">\n<div class=\"wp-block-column is-vertically-aligned-center is-layout-flow wp-block-column-is-layout-flow\">\n<div class=\"wp-block-columns is-layout-flex wp-container-core-columns-is-layout-9d6595d7 wp-block-columns-is-layout-flex\">\n<div class=\"wp-block-column is-layout-flow wp-block-column-is-layout-flow\"><\/div>\n<\/div>\n\n\n\n<figure class=\"wp-block-image size-full is-style-rounded\"><img decoding=\"async\" src=\"https:\/\/store.evolve-fitness.eu\/wp-content\/uploads\/2026\/01\/183-cm-4.png\" alt=\"\" class=\"wp-image-148382\"\/><\/figure>\n<\/div>\n\n\n\n<div class=\"wp-block-column is-vertically-aligned-center is-layout-flow wp-block-column-is-layout-flow\">\n<h3 class=\"wp-block-heading\" style=\"margin-bottom:var(--wp--preset--spacing--h-3-bottom)\">La superficie est\u00e1 acabada con polvo de alta calidad<\/h3>\n\n\n\n<p>El sistema de baloncesto est\u00e1 equipado con pernos de acero inoxidable y tapones antirrobo, que proporcionan mayor seguridad y durabilidad a largo plazo. El acero inoxidable garantiza una excelente resistencia al \u00f3xido y la corrosi\u00f3n, incluso en entornos exteriores expuestos a la lluvia y la humedad. <\/p>\n\n\n\n<p>Las tapas antirrobo a\u00f1aden una capa adicional de seguridad al impedir la extracci\u00f3n no autorizada, al tiempo que cubren los bordes afilados para un acabado m\u00e1s limpio y seguro. Las tapas pueden personalizarse con tu logotipo, a\u00f1adiendo un toque profesional, <\/p>\n\n\n\n<p>Gracias al acabado con recubrimiento en polvo, la superficie mantiene su aspecto e integridad estructural a lo largo del tiempo, incluso con el uso regular en pistas exteriores dom\u00e9sticas, escuelas o parques infantiles p\u00fablicos.<\/p>\n<\/div>\n<\/div>\n\n\n\n<div class=\"wp-block-columns alignwide mobile-reverse is-layout-flex wp-container-core-columns-is-layout-ca64bf2d wp-block-columns-is-layout-flex\" style=\"margin-bottom:var(--wp--preset--spacing--side-padding)\">\n<div class=\"wp-block-column is-vertically-aligned-center is-layout-flow wp-block-column-is-layout-flow\">\n<h3 class=\"wp-block-heading\" style=\"margin-bottom:var(--wp--preset--spacing--h-3-bottom)\">caracter\u00edsticas de la porter\u00eda de baloncesto<\/h3>\n\n\n\n<p style=\"margin-bottom:var(--wp--preset--spacing--tb-section-padding)\">La porter\u00eda de baloncesto cuenta con tres grandes brazos de soporte fabricados con acero resistente y de alta resistencia, dise\u00f1ados para aumentar significativamente la estabilidad general. Esta construcci\u00f3n reforzada reduce la vibraci\u00f3n y el movimiento durante el juego, incluso en condiciones de uso intenso, como mates o rebotes agresivos. Los s\u00f3lidos brazos de acero distribuyen la carga uniformemente por toda la estructura, garantizando una sensaci\u00f3n firme y segura y una fiabilidad duradera para las canchas exteriores dom\u00e9sticas, escuelas e instalaciones de entrenamiento.  <\/p>\n<\/div>\n\n\n\n<div class=\"wp-block-column is-vertically-aligned-center is-layout-flow wp-block-column-is-layout-flow\">\n<figure class=\"wp-block-gallery has-nested-images columns-default is-cropped wp-block-gallery-4 is-layout-flex wp-block-gallery-is-layout-flex\">\n<figure class=\"wp-block-image size-full is-style-rounded\"><img decoding=\"async\" data-id=\"148373\" src=\"https:\/\/store.evolve-fitness.eu\/wp-content\/uploads\/2026\/01\/Dizainas-be-pavadinimo-4.png\" alt=\"\" class=\"wp-image-148373\"\/><\/figure>\n<\/figure>\n<\/div>\n<\/div>\n\n\n\n<div class=\"wp-block-columns alignwide is-layout-flex wp-container-core-columns-is-layout-c45ee707 wp-block-columns-is-layout-flex\" style=\"margin-bottom:var(--wp--preset--spacing--side-padding);padding-top:var(--wp--preset--spacing--side-padding)\">\n<div class=\"wp-block-column is-vertically-aligned-center is-layout-flow wp-block-column-is-layout-flow\">\n<div class=\"wp-block-columns is-layout-flex wp-container-core-columns-is-layout-9d6595d7 wp-block-columns-is-layout-flex\">\n<div class=\"wp-block-column is-layout-flow wp-block-column-is-layout-flow\"><\/div>\n<\/div>\n\n\n\n<figure class=\"wp-block-image size-full is-style-rounded\"><img decoding=\"async\" src=\"https:\/\/store.evolve-fitness.eu\/wp-content\/uploads\/2026\/01\/183-cm-2.png\" alt=\"\" class=\"wp-image-148379\"\/><\/figure>\n<\/div>\n\n\n\n<div class=\"wp-block-column is-vertically-aligned-center is-layout-flow wp-block-column-is-layout-flow\">\n<h3 class=\"wp-block-heading\" style=\"margin-bottom:var(--wp--preset--spacing--h-3-bottom)\">M\u00e1stil s\u00f3lido y resistente<\/h3>\n\n\n\n<p>M\u00e1stil s\u00f3lido y resistente fabricado en acero de alta resistencia, dise\u00f1ado para proporcionar la m\u00e1xima estabilidad. Su robusta construcci\u00f3n es lo suficientemente pesada como para contrapesar eficazmente el tablero, garantizando una estructura firme y estable durante el juego y el uso prolongado en exteriores. <\/p>\n<\/div>\n<\/div>\n<\/section>\n","protected":false},"excerpt":{"rendered":"<p>  El soporte de baloncesto de altura regulable para suelo Evolve es una soluci\u00f3n de alta calidad dise\u00f1ada para un juego duradero e intensivo. La altura ajustable de la canasta, de 167 a 305 cm, permite adaptar el soporte a jugadores de distintas edades y niveles de habilidad, desde ni\u00f1os a adultos. <\/p>\n<p>El duradero tablero de cristal templado de 12 mm con marco met\u00e1lico y embellecedor de aluminio garantiza una excelente absorci\u00f3n de impactos, longevidad y una experiencia de juego de nivel profesional. El aro de acero de 45 cm de di\u00e1metro con dos muelles amortiguadores est\u00e1 dise\u00f1ado para un uso intensivo. La construcci\u00f3n maciza y el peso total de 277 kg proporcionan una estabilidad excepcional, mientras que el m\u00e9todo de instalaci\u00f3n en el suelo garantiza un uso seguro y fiable en todas las condiciones.    <\/p>\n","protected":false},"featured_media":229714,"template":"","meta":{"_acf_changed":false,"inline_featured_image":false},"product_brand":[],"product_cat":[13108],"product_tag":[],"class_list":{"0":"post-229669","1":"product","2":"type-product","3":"status-publish","4":"has-post-thumbnail","6":"product_cat-equipamiento-de-baloncesto","8":"first","9":"instock","10":"shipping-taxable","11":"purchasable","12":"product-type-simple"},"acf":{"long_title":"Soporte de baloncesto enterrado Evolve (AH-180)","subtitle":"","specifications":[{"label":"SKU","text_value":"EV-BS-IG-AH-180","icon":"x"},{"label":"Dimensiones del envase","text_value":"1930 x 1280 x 430 mm","icon":"x"},{"label":"Peso  ","text_value":"277 kg","icon":"x"},{"label":"Rango de ajuste de altura","text_value":"167 x 305 cm","icon":"x"},{"label":"Dimensiones del marco","text_value":"150 x 150 mm","icon":"x"},{"label":"Tipo de tablero","text_value":"Cristal templado con marco de acero","icon":"x"},{"label":"Tama\u00f1o del tablero","text_value":"1805 x 1050 mm","icon":"x"},{"label":"Grosor del tablero","text_value":"12 mm","icon":"x"},{"label":"Tipo de llanta  ","text_value":"Llanta de acero de 45 cm de di\u00e1metro con muelles","icon":"x"},{"label":"Material neto","text_value":"Nylon, resistente a la intemperie","icon":"x"},{"label":"Grosor del marco","text_value":"4 mm","icon":"x"},{"label":"Proyecci\u00f3n del tablero","text_value":"120 cm","icon":"x"},{"label":"Garant\u00eda  ","text_value":"2 a\u00f1os","icon":"x"}],"product_frequently_asked_questions":null},"yoast_head":"<!-- This site is optimized with the Yoast SEO plugin v27.4 - https:\/\/yoast.com\/product\/yoast-seo-wordpress\/ -->\n<title>Soporte de baloncesto enterrado Evolve (AH-180) - Evolve<\/title>\n<meta name=\"robots\" content=\"index, follow, max-snippet:-1, max-image-preview:large, max-video-preview:-1\" \/>\n<link rel=\"canonical\" href=\"https:\/\/evolve-fitness.eu\/es\/producto\/soporte-de-baloncesto-enterrado-evolve-ah-180\/\" \/>\n<meta property=\"og:locale\" content=\"es_ES\" \/>\n<meta property=\"og:type\" content=\"article\" \/>\n<meta property=\"og:title\" content=\"Soporte de baloncesto enterrado Evolve (AH-180) - Evolve\" \/>\n<meta property=\"og:url\" content=\"https:\/\/evolve-fitness.eu\/es\/producto\/soporte-de-baloncesto-enterrado-evolve-ah-180\/\" \/>\n<meta property=\"og:site_name\" content=\"Evolve\" \/>\n<meta property=\"article:publisher\" content=\"https:\/\/www.facebook.com\/EvolveFitnessEurope\" \/>\n<meta property=\"article:modified_time\" content=\"2026-04-15T10:01:17+00:00\" \/>\n<meta property=\"og:image\" content=\"https:\/\/evolve-fitness.eu\/wp-content\/uploads\/2026\/04\/EV-BS-IG-AH-1801.webp\" \/>\n\t<meta property=\"og:image:width\" content=\"1080\" \/>\n\t<meta property=\"og:image:height\" content=\"1080\" \/>\n\t<meta property=\"og:image:type\" content=\"image\/webp\" \/>\n<meta name=\"twitter:card\" content=\"summary_large_image\" \/>\n<script type=\"application\/ld+json\" class=\"yoast-schema-graph\">{\"@context\":\"https:\\\/\\\/schema.org\",\"@graph\":[{\"@type\":\"WebPage\",\"@id\":\"https:\\\/\\\/evolve-fitness.eu\\\/es\\\/producto\\\/soporte-de-baloncesto-enterrado-evolve-ah-180\\\/\",\"url\":\"https:\\\/\\\/evolve-fitness.eu\\\/es\\\/producto\\\/soporte-de-baloncesto-enterrado-evolve-ah-180\\\/\",\"name\":\"Soporte de baloncesto enterrado Evolve (AH-180) - Evolve\",\"isPartOf\":{\"@id\":\"https:\\\/\\\/evolve-fitness.eu\\\/es\\\/#website\"},\"primaryImageOfPage\":{\"@id\":\"https:\\\/\\\/evolve-fitness.eu\\\/es\\\/producto\\\/soporte-de-baloncesto-enterrado-evolve-ah-180\\\/#primaryimage\"},\"image\":{\"@id\":\"https:\\\/\\\/evolve-fitness.eu\\\/es\\\/producto\\\/soporte-de-baloncesto-enterrado-evolve-ah-180\\\/#primaryimage\"},\"thumbnailUrl\":\"https:\\\/\\\/evolve-fitness.eu\\\/wp-content\\\/uploads\\\/2026\\\/04\\\/EV-BS-IG-AH-1801.webp\",\"datePublished\":\"2026-04-14T07:26:48+00:00\",\"dateModified\":\"2026-04-15T10:01:17+00:00\",\"breadcrumb\":{\"@id\":\"https:\\\/\\\/evolve-fitness.eu\\\/es\\\/producto\\\/soporte-de-baloncesto-enterrado-evolve-ah-180\\\/#breadcrumb\"},\"inLanguage\":\"es\",\"potentialAction\":[{\"@type\":\"ReadAction\",\"target\":[\"https:\\\/\\\/evolve-fitness.eu\\\/es\\\/producto\\\/soporte-de-baloncesto-enterrado-evolve-ah-180\\\/\"]}]},{\"@type\":\"ImageObject\",\"inLanguage\":\"es\",\"@id\":\"https:\\\/\\\/evolve-fitness.eu\\\/es\\\/producto\\\/soporte-de-baloncesto-enterrado-evolve-ah-180\\\/#primaryimage\",\"url\":\"https:\\\/\\\/evolve-fitness.eu\\\/wp-content\\\/uploads\\\/2026\\\/04\\\/EV-BS-IG-AH-1801.webp\",\"contentUrl\":\"https:\\\/\\\/evolve-fitness.eu\\\/wp-content\\\/uploads\\\/2026\\\/04\\\/EV-BS-IG-AH-1801.webp\",\"width\":1080,\"height\":1080},{\"@type\":\"BreadcrumbList\",\"@id\":\"https:\\\/\\\/evolve-fitness.eu\\\/es\\\/producto\\\/soporte-de-baloncesto-enterrado-evolve-ah-180\\\/#breadcrumb\",\"itemListElement\":[{\"@type\":\"ListItem\",\"position\":1,\"name\":\"Home\",\"item\":\"https:\\\/\\\/evolve-fitness.eu\\\/es\\\/\"},{\"@type\":\"ListItem\",\"position\":2,\"name\":\"Productos\",\"item\":\"https:\\\/\\\/evolve-fitness.eu\\\/es\\\/shop\\\/\"},{\"@type\":\"ListItem\",\"position\":3,\"name\":\"Soporte de baloncesto enterrado Evolve (AH-180)\"}]},{\"@type\":\"WebSite\",\"@id\":\"https:\\\/\\\/evolve-fitness.eu\\\/es\\\/#website\",\"url\":\"https:\\\/\\\/evolve-fitness.eu\\\/es\\\/\",\"name\":\"Evolve\",\"description\":\"Your Evolved Gear Arrived\",\"publisher\":{\"@id\":\"https:\\\/\\\/evolve-fitness.eu\\\/es\\\/#organization\"},\"potentialAction\":[{\"@type\":\"SearchAction\",\"target\":{\"@type\":\"EntryPoint\",\"urlTemplate\":\"https:\\\/\\\/evolve-fitness.eu\\\/es\\\/?s={search_term_string}\"},\"query-input\":{\"@type\":\"PropertyValueSpecification\",\"valueRequired\":true,\"valueName\":\"search_term_string\"}}],\"inLanguage\":\"es\"},{\"@type\":\"Organization\",\"@id\":\"https:\\\/\\\/evolve-fitness.eu\\\/es\\\/#organization\",\"name\":\"Evolve\",\"url\":\"https:\\\/\\\/evolve-fitness.eu\\\/es\\\/\",\"logo\":{\"@type\":\"ImageObject\",\"inLanguage\":\"es\",\"@id\":\"https:\\\/\\\/evolve-fitness.eu\\\/es\\\/#\\\/schema\\\/logo\\\/image\\\/\",\"url\":\"https:\\\/\\\/evolve-fitness.eu\\\/wp-content\\\/uploads\\\/2023\\\/05\\\/Evolve-logo.svg\",\"contentUrl\":\"https:\\\/\\\/evolve-fitness.eu\\\/wp-content\\\/uploads\\\/2023\\\/05\\\/Evolve-logo.svg\",\"width\":176,\"height\":20,\"caption\":\"Evolve\"},\"image\":{\"@id\":\"https:\\\/\\\/evolve-fitness.eu\\\/es\\\/#\\\/schema\\\/logo\\\/image\\\/\"},\"sameAs\":[\"https:\\\/\\\/www.facebook.com\\\/EvolveFitnessEurope\"]}]}<\/script>\n<!-- \/ Yoast SEO plugin. -->","yoast_head_json":{"title":"Soporte de baloncesto enterrado Evolve (AH-180) - Evolve","robots":{"index":"index","follow":"follow","max-snippet":"max-snippet:-1","max-image-preview":"max-image-preview:large","max-video-preview":"max-video-preview:-1"},"canonical":"https:\/\/evolve-fitness.eu\/es\/producto\/soporte-de-baloncesto-enterrado-evolve-ah-180\/","og_locale":"es_ES","og_type":"article","og_title":"Soporte de baloncesto enterrado Evolve (AH-180) - Evolve","og_url":"https:\/\/evolve-fitness.eu\/es\/producto\/soporte-de-baloncesto-enterrado-evolve-ah-180\/","og_site_name":"Evolve","article_publisher":"https:\/\/www.facebook.com\/EvolveFitnessEurope","article_modified_time":"2026-04-15T10:01:17+00:00","og_image":[{"width":1080,"height":1080,"url":"https:\/\/evolve-fitness.eu\/wp-content\/uploads\/2026\/04\/EV-BS-IG-AH-1801.webp","type":"image\/webp"}],"twitter_card":"summary_large_image","schema":{"@context":"https:\/\/schema.org","@graph":[{"@type":"WebPage","@id":"https:\/\/evolve-fitness.eu\/es\/producto\/soporte-de-baloncesto-enterrado-evolve-ah-180\/","url":"https:\/\/evolve-fitness.eu\/es\/producto\/soporte-de-baloncesto-enterrado-evolve-ah-180\/","name":"Soporte de baloncesto enterrado Evolve (AH-180) - Evolve","isPartOf":{"@id":"https:\/\/evolve-fitness.eu\/es\/#website"},"primaryImageOfPage":{"@id":"https:\/\/evolve-fitness.eu\/es\/producto\/soporte-de-baloncesto-enterrado-evolve-ah-180\/#primaryimage"},"image":{"@id":"https:\/\/evolve-fitness.eu\/es\/producto\/soporte-de-baloncesto-enterrado-evolve-ah-180\/#primaryimage"},"thumbnailUrl":"https:\/\/evolve-fitness.eu\/wp-content\/uploads\/2026\/04\/EV-BS-IG-AH-1801.webp","datePublished":"2026-04-14T07:26:48+00:00","dateModified":"2026-04-15T10:01:17+00:00","breadcrumb":{"@id":"https:\/\/evolve-fitness.eu\/es\/producto\/soporte-de-baloncesto-enterrado-evolve-ah-180\/#breadcrumb"},"inLanguage":"es","potentialAction":[{"@type":"ReadAction","target":["https:\/\/evolve-fitness.eu\/es\/producto\/soporte-de-baloncesto-enterrado-evolve-ah-180\/"]}]},{"@type":"ImageObject","inLanguage":"es","@id":"https:\/\/evolve-fitness.eu\/es\/producto\/soporte-de-baloncesto-enterrado-evolve-ah-180\/#primaryimage","url":"https:\/\/evolve-fitness.eu\/wp-content\/uploads\/2026\/04\/EV-BS-IG-AH-1801.webp","contentUrl":"https:\/\/evolve-fitness.eu\/wp-content\/uploads\/2026\/04\/EV-BS-IG-AH-1801.webp","width":1080,"height":1080},{"@type":"BreadcrumbList","@id":"https:\/\/evolve-fitness.eu\/es\/producto\/soporte-de-baloncesto-enterrado-evolve-ah-180\/#breadcrumb","itemListElement":[{"@type":"ListItem","position":1,"name":"Home","item":"https:\/\/evolve-fitness.eu\/es\/"},{"@type":"ListItem","position":2,"name":"Productos","item":"https:\/\/evolve-fitness.eu\/es\/shop\/"},{"@type":"ListItem","position":3,"name":"Soporte de baloncesto enterrado Evolve (AH-180)"}]},{"@type":"WebSite","@id":"https:\/\/evolve-fitness.eu\/es\/#website","url":"https:\/\/evolve-fitness.eu\/es\/","name":"Evolve","description":"Your Evolved Gear Arrived","publisher":{"@id":"https:\/\/evolve-fitness.eu\/es\/#organization"},"potentialAction":[{"@type":"SearchAction","target":{"@type":"EntryPoint","urlTemplate":"https:\/\/evolve-fitness.eu\/es\/?s={search_term_string}"},"query-input":{"@type":"PropertyValueSpecification","valueRequired":true,"valueName":"search_term_string"}}],"inLanguage":"es"},{"@type":"Organization","@id":"https:\/\/evolve-fitness.eu\/es\/#organization","name":"Evolve","url":"https:\/\/evolve-fitness.eu\/es\/","logo":{"@type":"ImageObject","inLanguage":"es","@id":"https:\/\/evolve-fitness.eu\/es\/#\/schema\/logo\/image\/","url":"https:\/\/evolve-fitness.eu\/wp-content\/uploads\/2023\/05\/Evolve-logo.svg","contentUrl":"https:\/\/evolve-fitness.eu\/wp-content\/uploads\/2023\/05\/Evolve-logo.svg","width":176,"height":20,"caption":"Evolve"},"image":{"@id":"https:\/\/evolve-fitness.eu\/es\/#\/schema\/logo\/image\/"},"sameAs":["https:\/\/www.facebook.com\/EvolveFitnessEurope"]}]}},"_links":{"self":[{"href":"https:\/\/evolve-fitness.eu\/es\/wp-json\/wp\/v2\/product\/229669","targetHints":{"allow":["GET"]}}],"collection":[{"href":"https:\/\/evolve-fitness.eu\/es\/wp-json\/wp\/v2\/product"}],"about":[{"href":"https:\/\/evolve-fitness.eu\/es\/wp-json\/wp\/v2\/types\/product"}],"wp:featuredmedia":[{"embeddable":true,"href":"https:\/\/evolve-fitness.eu\/es\/wp-json\/wp\/v2\/media\/229714"}],"wp:attachment":[{"href":"https:\/\/evolve-fitness.eu\/es\/wp-json\/wp\/v2\/media?parent=229669"}],"wp:term":[{"taxonomy":"product_brand","embeddable":true,"href":"https:\/\/evolve-fitness.eu\/es\/wp-json\/wp\/v2\/product_brand?post=229669"},{"taxonomy":"product_cat","embeddable":true,"href":"https:\/\/evolve-fitness.eu\/es\/wp-json\/wp\/v2\/product_cat?post=229669"},{"taxonomy":"product_tag","embeddable":true,"href":"https:\/\/evolve-fitness.eu\/es\/wp-json\/wp\/v2\/product_tag?post=229669"}],"curies":[{"name":"wp","href":"https:\/\/api.w.org\/{rel}","templated":true}]}}