{"id":229906,"date":"2026-04-15T13:23:10","date_gmt":"2026-04-15T10:23:10","guid":{"rendered":"https:\/\/evolve-fitness.eu\/product\/balon-de-baloncesto-evolve-pb-070\/"},"modified":"2026-04-15T13:25:14","modified_gmt":"2026-04-15T10:25:14","slug":"balon-de-baloncesto-evolve-pb-070","status":"publish","type":"product","link":"https:\/\/evolve-fitness.eu\/es\/producto\/balon-de-baloncesto-evolve-pb-070\/","title":{"rendered":"Bal\u00f3n de baloncesto Evolve (PB-070)"},"content":{"rendered":"\n<section class=\"wp-block-group alignfull black-content has-white-color has-darkgray-background-color has-text-color has-background is-layout-constrained wp-block-group-is-layout-constrained\" style=\"padding-top:var(--wp--preset--spacing--section-bottom);padding-bottom:var(--wp--preset--spacing--section-bottom)\">\n<div class=\"wp-block-columns alignwide mobile-reverse is-layout-flex wp-container-core-columns-is-layout-ca64bf2d wp-block-columns-is-layout-flex\" style=\"margin-bottom:var(--wp--preset--spacing--side-padding)\">\n<div class=\"wp-block-column is-vertically-aligned-center is-layout-flow wp-block-column-is-layout-flow\">\n<h3 class=\"wp-block-heading\" style=\"margin-bottom:var(--wp--preset--spacing--h-3-bottom)\"><strong><strong><strong>Baloncesto duradero y vers\u00e1til para jugar en interiores y exteriores<\/strong><\/strong><\/strong><\/h3>\n\n\n\n<p style=\"margin-bottom:var(--wp--preset--spacing--tb-section-padding)\">El <strong>bal\u00f3n de baloncesto Evolve Talla 7<\/strong> est\u00e1 dise\u00f1ado tanto para uso en interiores como en exteriores, y proporciona un agarre, una durabilidad y un control excelentes. Tanto si practicas en la cancha como si juegas un partido de competici\u00f3n, este bal\u00f3n de baloncesto ofrece <strong>un rendimiento \u00f3ptimo<\/strong> para jugadores de todos los niveles de habilidad. <\/p>\n<\/div>\n\n\n\n<div class=\"wp-block-column is-vertically-aligned-center is-layout-flow wp-block-column-is-layout-flow\">\n<figure class=\"wp-block-image size-large\"><img decoding=\"async\" src=\"https:\/\/store.evolve-fitness.eu\/wp-content\/uploads\/2025\/03\/Basketball-stand-9-1024x576.png\" alt=\"\" class=\"wp-image-120172\"\/><\/figure>\n<\/div>\n<\/div>\n<\/section>\n","protected":false},"excerpt":{"rendered":"<p>El bal\u00f3n de baloncesto Evolve Talla 7 est\u00e1 dise\u00f1ado tanto para uso en interiores como en exteriores, y proporciona un agarre, una durabilidad y un control excelentes. Tanto si practicas en la cancha como si juegas un partido de competici\u00f3n, este bal\u00f3n de baloncesto ofrece un rendimiento \u00f3ptimo para jugadores de todos los niveles de habilidad. <\/p>\n","protected":false},"featured_media":229907,"template":"","meta":{"_acf_changed":false,"inline_featured_image":false},"product_brand":[],"product_cat":[13108],"product_tag":[],"class_list":{"0":"post-229906","1":"product","2":"type-product","3":"status-publish","4":"has-post-thumbnail","6":"product_cat-equipamiento-de-baloncesto","8":"first","9":"instock","10":"shipping-taxable","11":"purchasable","12":"product-type-simple"},"acf":{"long_title":"Bal\u00f3n de baloncesto Evolve (PB-070)","subtitle":"","specifications":[{"label":"SKU","text_value":"EV-BS-PB-070","icon":"x"},{"label":"Tama\u00f1o oficial","text_value":"7","icon":"x"},{"label":"Material de alta calidad","text_value":"De piel sint\u00e9tica duradera","icon":"x"},{"label":"Agarre y control superiores","text_value":"La superficie texturizada garantiza un excelente manejo del bal\u00f3n","icon":"x"},{"label":"Uso interior y exterior","text_value":"Adecuado para pistas de madera dura","icon":"x"},{"label":"Durabilidad y retenci\u00f3n del aire","text_value":"Dise\u00f1ado para mantener la forma","icon":"x"},{"label":"Garant\u00eda  ","text_value":"2 a\u00f1os","icon":"x"}],"product_frequently_asked_questions":null},"yoast_head":"<!-- This site is optimized with the Yoast SEO plugin v27.4 - https:\/\/yoast.com\/product\/yoast-seo-wordpress\/ -->\n<title>Bal\u00f3n de baloncesto Evolve (PB-070) - Evolve<\/title>\n<meta name=\"robots\" content=\"index, follow, max-snippet:-1, max-image-preview:large, max-video-preview:-1\" \/>\n<link rel=\"canonical\" href=\"https:\/\/evolve-fitness.eu\/es\/producto\/balon-de-baloncesto-evolve-pb-070\/\" \/>\n<meta property=\"og:locale\" content=\"es_ES\" \/>\n<meta property=\"og:type\" content=\"article\" \/>\n<meta property=\"og:title\" content=\"Bal\u00f3n de baloncesto Evolve (PB-070) - Evolve\" \/>\n<meta property=\"og:url\" content=\"https:\/\/evolve-fitness.eu\/es\/producto\/balon-de-baloncesto-evolve-pb-070\/\" \/>\n<meta property=\"og:site_name\" content=\"Evolve\" \/>\n<meta property=\"article:publisher\" content=\"https:\/\/www.facebook.com\/EvolveFitnessEurope\" \/>\n<meta property=\"article:modified_time\" content=\"2026-04-15T10:25:14+00:00\" \/>\n<meta property=\"og:image\" content=\"https:\/\/evolve-fitness.eu\/wp-content\/uploads\/2026\/04\/evolve-krepsinio-kamuolys-7-dydis.webp\" \/>\n\t<meta property=\"og:image:width\" content=\"800\" \/>\n\t<meta property=\"og:image:height\" content=\"800\" \/>\n\t<meta property=\"og:image:type\" content=\"image\/webp\" \/>\n<meta name=\"twitter:card\" content=\"summary_large_image\" \/>\n<script type=\"application\/ld+json\" class=\"yoast-schema-graph\">{\"@context\":\"https:\\\/\\\/schema.org\",\"@graph\":[{\"@type\":\"WebPage\",\"@id\":\"https:\\\/\\\/evolve-fitness.eu\\\/es\\\/producto\\\/balon-de-baloncesto-evolve-pb-070\\\/\",\"url\":\"https:\\\/\\\/evolve-fitness.eu\\\/es\\\/producto\\\/balon-de-baloncesto-evolve-pb-070\\\/\",\"name\":\"Bal\u00f3n de baloncesto Evolve (PB-070) - Evolve\",\"isPartOf\":{\"@id\":\"https:\\\/\\\/evolve-fitness.eu\\\/es\\\/#website\"},\"primaryImageOfPage\":{\"@id\":\"https:\\\/\\\/evolve-fitness.eu\\\/es\\\/producto\\\/balon-de-baloncesto-evolve-pb-070\\\/#primaryimage\"},\"image\":{\"@id\":\"https:\\\/\\\/evolve-fitness.eu\\\/es\\\/producto\\\/balon-de-baloncesto-evolve-pb-070\\\/#primaryimage\"},\"thumbnailUrl\":\"https:\\\/\\\/evolve-fitness.eu\\\/wp-content\\\/uploads\\\/2026\\\/04\\\/evolve-krepsinio-kamuolys-7-dydis.webp\",\"datePublished\":\"2026-04-15T10:23:10+00:00\",\"dateModified\":\"2026-04-15T10:25:14+00:00\",\"breadcrumb\":{\"@id\":\"https:\\\/\\\/evolve-fitness.eu\\\/es\\\/producto\\\/balon-de-baloncesto-evolve-pb-070\\\/#breadcrumb\"},\"inLanguage\":\"es\",\"potentialAction\":[{\"@type\":\"ReadAction\",\"target\":[\"https:\\\/\\\/evolve-fitness.eu\\\/es\\\/producto\\\/balon-de-baloncesto-evolve-pb-070\\\/\"]}]},{\"@type\":\"ImageObject\",\"inLanguage\":\"es\",\"@id\":\"https:\\\/\\\/evolve-fitness.eu\\\/es\\\/producto\\\/balon-de-baloncesto-evolve-pb-070\\\/#primaryimage\",\"url\":\"https:\\\/\\\/evolve-fitness.eu\\\/wp-content\\\/uploads\\\/2026\\\/04\\\/evolve-krepsinio-kamuolys-7-dydis.webp\",\"contentUrl\":\"https:\\\/\\\/evolve-fitness.eu\\\/wp-content\\\/uploads\\\/2026\\\/04\\\/evolve-krepsinio-kamuolys-7-dydis.webp\",\"width\":800,\"height\":800},{\"@type\":\"BreadcrumbList\",\"@id\":\"https:\\\/\\\/evolve-fitness.eu\\\/es\\\/producto\\\/balon-de-baloncesto-evolve-pb-070\\\/#breadcrumb\",\"itemListElement\":[{\"@type\":\"ListItem\",\"position\":1,\"name\":\"Home\",\"item\":\"https:\\\/\\\/evolve-fitness.eu\\\/es\\\/\"},{\"@type\":\"ListItem\",\"position\":2,\"name\":\"Productos\",\"item\":\"https:\\\/\\\/evolve-fitness.eu\\\/es\\\/shop\\\/\"},{\"@type\":\"ListItem\",\"position\":3,\"name\":\"Bal\u00f3n de baloncesto Evolve (PB-070)\"}]},{\"@type\":\"WebSite\",\"@id\":\"https:\\\/\\\/evolve-fitness.eu\\\/es\\\/#website\",\"url\":\"https:\\\/\\\/evolve-fitness.eu\\\/es\\\/\",\"name\":\"Evolve\",\"description\":\"Your Evolved Gear Arrived\",\"publisher\":{\"@id\":\"https:\\\/\\\/evolve-fitness.eu\\\/es\\\/#organization\"},\"potentialAction\":[{\"@type\":\"SearchAction\",\"target\":{\"@type\":\"EntryPoint\",\"urlTemplate\":\"https:\\\/\\\/evolve-fitness.eu\\\/es\\\/?s={search_term_string}\"},\"query-input\":{\"@type\":\"PropertyValueSpecification\",\"valueRequired\":true,\"valueName\":\"search_term_string\"}}],\"inLanguage\":\"es\"},{\"@type\":\"Organization\",\"@id\":\"https:\\\/\\\/evolve-fitness.eu\\\/es\\\/#organization\",\"name\":\"Evolve\",\"url\":\"https:\\\/\\\/evolve-fitness.eu\\\/es\\\/\",\"logo\":{\"@type\":\"ImageObject\",\"inLanguage\":\"es\",\"@id\":\"https:\\\/\\\/evolve-fitness.eu\\\/es\\\/#\\\/schema\\\/logo\\\/image\\\/\",\"url\":\"https:\\\/\\\/evolve-fitness.eu\\\/wp-content\\\/uploads\\\/2023\\\/05\\\/Evolve-logo.svg\",\"contentUrl\":\"https:\\\/\\\/evolve-fitness.eu\\\/wp-content\\\/uploads\\\/2023\\\/05\\\/Evolve-logo.svg\",\"width\":176,\"height\":20,\"caption\":\"Evolve\"},\"image\":{\"@id\":\"https:\\\/\\\/evolve-fitness.eu\\\/es\\\/#\\\/schema\\\/logo\\\/image\\\/\"},\"sameAs\":[\"https:\\\/\\\/www.facebook.com\\\/EvolveFitnessEurope\"]}]}<\/script>\n<!-- \/ Yoast SEO plugin. -->","yoast_head_json":{"title":"Bal\u00f3n de baloncesto Evolve (PB-070) - Evolve","robots":{"index":"index","follow":"follow","max-snippet":"max-snippet:-1","max-image-preview":"max-image-preview:large","max-video-preview":"max-video-preview:-1"},"canonical":"https:\/\/evolve-fitness.eu\/es\/producto\/balon-de-baloncesto-evolve-pb-070\/","og_locale":"es_ES","og_type":"article","og_title":"Bal\u00f3n de baloncesto Evolve (PB-070) - Evolve","og_url":"https:\/\/evolve-fitness.eu\/es\/producto\/balon-de-baloncesto-evolve-pb-070\/","og_site_name":"Evolve","article_publisher":"https:\/\/www.facebook.com\/EvolveFitnessEurope","article_modified_time":"2026-04-15T10:25:14+00:00","og_image":[{"width":800,"height":800,"url":"https:\/\/evolve-fitness.eu\/wp-content\/uploads\/2026\/04\/evolve-krepsinio-kamuolys-7-dydis.webp","type":"image\/webp"}],"twitter_card":"summary_large_image","schema":{"@context":"https:\/\/schema.org","@graph":[{"@type":"WebPage","@id":"https:\/\/evolve-fitness.eu\/es\/producto\/balon-de-baloncesto-evolve-pb-070\/","url":"https:\/\/evolve-fitness.eu\/es\/producto\/balon-de-baloncesto-evolve-pb-070\/","name":"Bal\u00f3n de baloncesto Evolve (PB-070) - Evolve","isPartOf":{"@id":"https:\/\/evolve-fitness.eu\/es\/#website"},"primaryImageOfPage":{"@id":"https:\/\/evolve-fitness.eu\/es\/producto\/balon-de-baloncesto-evolve-pb-070\/#primaryimage"},"image":{"@id":"https:\/\/evolve-fitness.eu\/es\/producto\/balon-de-baloncesto-evolve-pb-070\/#primaryimage"},"thumbnailUrl":"https:\/\/evolve-fitness.eu\/wp-content\/uploads\/2026\/04\/evolve-krepsinio-kamuolys-7-dydis.webp","datePublished":"2026-04-15T10:23:10+00:00","dateModified":"2026-04-15T10:25:14+00:00","breadcrumb":{"@id":"https:\/\/evolve-fitness.eu\/es\/producto\/balon-de-baloncesto-evolve-pb-070\/#breadcrumb"},"inLanguage":"es","potentialAction":[{"@type":"ReadAction","target":["https:\/\/evolve-fitness.eu\/es\/producto\/balon-de-baloncesto-evolve-pb-070\/"]}]},{"@type":"ImageObject","inLanguage":"es","@id":"https:\/\/evolve-fitness.eu\/es\/producto\/balon-de-baloncesto-evolve-pb-070\/#primaryimage","url":"https:\/\/evolve-fitness.eu\/wp-content\/uploads\/2026\/04\/evolve-krepsinio-kamuolys-7-dydis.webp","contentUrl":"https:\/\/evolve-fitness.eu\/wp-content\/uploads\/2026\/04\/evolve-krepsinio-kamuolys-7-dydis.webp","width":800,"height":800},{"@type":"BreadcrumbList","@id":"https:\/\/evolve-fitness.eu\/es\/producto\/balon-de-baloncesto-evolve-pb-070\/#breadcrumb","itemListElement":[{"@type":"ListItem","position":1,"name":"Home","item":"https:\/\/evolve-fitness.eu\/es\/"},{"@type":"ListItem","position":2,"name":"Productos","item":"https:\/\/evolve-fitness.eu\/es\/shop\/"},{"@type":"ListItem","position":3,"name":"Bal\u00f3n de baloncesto Evolve (PB-070)"}]},{"@type":"WebSite","@id":"https:\/\/evolve-fitness.eu\/es\/#website","url":"https:\/\/evolve-fitness.eu\/es\/","name":"Evolve","description":"Your Evolved Gear Arrived","publisher":{"@id":"https:\/\/evolve-fitness.eu\/es\/#organization"},"potentialAction":[{"@type":"SearchAction","target":{"@type":"EntryPoint","urlTemplate":"https:\/\/evolve-fitness.eu\/es\/?s={search_term_string}"},"query-input":{"@type":"PropertyValueSpecification","valueRequired":true,"valueName":"search_term_string"}}],"inLanguage":"es"},{"@type":"Organization","@id":"https:\/\/evolve-fitness.eu\/es\/#organization","name":"Evolve","url":"https:\/\/evolve-fitness.eu\/es\/","logo":{"@type":"ImageObject","inLanguage":"es","@id":"https:\/\/evolve-fitness.eu\/es\/#\/schema\/logo\/image\/","url":"https:\/\/evolve-fitness.eu\/wp-content\/uploads\/2023\/05\/Evolve-logo.svg","contentUrl":"https:\/\/evolve-fitness.eu\/wp-content\/uploads\/2023\/05\/Evolve-logo.svg","width":176,"height":20,"caption":"Evolve"},"image":{"@id":"https:\/\/evolve-fitness.eu\/es\/#\/schema\/logo\/image\/"},"sameAs":["https:\/\/www.facebook.com\/EvolveFitnessEurope"]}]}},"_links":{"self":[{"href":"https:\/\/evolve-fitness.eu\/es\/wp-json\/wp\/v2\/product\/229906","targetHints":{"allow":["GET"]}}],"collection":[{"href":"https:\/\/evolve-fitness.eu\/es\/wp-json\/wp\/v2\/product"}],"about":[{"href":"https:\/\/evolve-fitness.eu\/es\/wp-json\/wp\/v2\/types\/product"}],"wp:featuredmedia":[{"embeddable":true,"href":"https:\/\/evolve-fitness.eu\/es\/wp-json\/wp\/v2\/media\/229907"}],"wp:attachment":[{"href":"https:\/\/evolve-fitness.eu\/es\/wp-json\/wp\/v2\/media?parent=229906"}],"wp:term":[{"taxonomy":"product_brand","embeddable":true,"href":"https:\/\/evolve-fitness.eu\/es\/wp-json\/wp\/v2\/product_brand?post=229906"},{"taxonomy":"product_cat","embeddable":true,"href":"https:\/\/evolve-fitness.eu\/es\/wp-json\/wp\/v2\/product_cat?post=229906"},{"taxonomy":"product_tag","embeddable":true,"href":"https:\/\/evolve-fitness.eu\/es\/wp-json\/wp\/v2\/product_tag?post=229906"}],"curies":[{"name":"wp","href":"https:\/\/api.w.org\/{rel}","templated":true}]}}