{"id":230238,"date":"2026-04-15T15:24:43","date_gmt":"2026-04-15T12:24:43","guid":{"rendered":"https:\/\/evolve-fitness.eu\/product\/pavimento-deportivo-de-polipropileno-evolve-ev-fl-pp-cantidad-8-93-m%c2%b2\/"},"modified":"2026-04-16T13:53:50","modified_gmt":"2026-04-16T10:53:50","slug":"pavimento-deportivo-de-polipropileno-evolve-ev-fl-pp-cantidad-8-93-m%c2%b2","status":"publish","type":"product","link":"https:\/\/evolve-fitness.eu\/es\/producto\/pavimento-deportivo-de-polipropileno-evolve-ev-fl-pp-cantidad-8-93-m%c2%b2\/","title":{"rendered":"Pavimento Deportivo de Polipropileno Evolve (FL-PP)"},"content":{"rendered":"\n<section class=\"wp-block-group alignfull black-content has-white-color has-darkgray-background-color has-text-color has-background is-layout-constrained wp-block-group-is-layout-constrained\" style=\"padding-top:var(--wp--preset--spacing--section-bottom);padding-bottom:var(--wp--preset--spacing--section-bottom)\">\n<div class=\"wp-block-columns alignwide is-layout-flex wp-container-core-columns-is-layout-c45ee707 wp-block-columns-is-layout-flex\" style=\"margin-bottom:var(--wp--preset--spacing--side-padding);padding-top:var(--wp--preset--spacing--side-padding)\">\n<div class=\"wp-block-column is-vertically-aligned-center is-layout-flow wp-block-column-is-layout-flow\">\n<h3 class=\"wp-block-heading\" style=\"margin-bottom:var(--wp--preset--spacing--h-3-bottom)\"><strong>Suelos deportivos duraderos de polipropileno para espacios activos<\/strong><\/h3>\n\n\n\n<p>El suelo deportivo de polipropileno Evolve es una superficie de alta calidad, duradera y pr\u00e1ctica, dise\u00f1ada para una amplia gama de zonas deportivas y de ocio activo. Fabricado con polipropileno de primera calidad, ofrece una excelente resistencia a los da\u00f1os mec\u00e1nicos, la exposici\u00f3n a los rayos UV y la humedad, por lo que es adecuado para el exigente uso diario. Su robusta construcci\u00f3n lo hace ideal para actividades como atletismo, f\u00fatbol, tenis y zonas de juegos infantiles, mientras que su f\u00e1cil y r\u00e1pida instalaci\u00f3n ayuda a reducir los costes de mantenimiento y reparaci\u00f3n. Disponible en marr\u00f3n y gris, este suelo se integra con naturalidad en distintos entornos y ofrece un rendimiento duradero para pistas deportivas, zonas de actividades al aire libre y espacios de entrenamiento.   <\/p>\n\n\n\n<p><\/p>\n\n\n\n<p><\/p>\n<\/div>\n\n\n\n<div class=\"wp-block-column is-vertically-aligned-center is-layout-flow wp-block-column-is-layout-flow\">\n<figure class=\"wp-block-image size-full\"><img loading=\"lazy\" decoding=\"async\" width=\"1080\" height=\"1080\" src=\"https:\/\/evolve-fitness.eu\/wp-content\/uploads\/2026\/04\/EV-FL-PP-1.png\" alt=\"\" class=\"wp-image-230149\" srcset=\"https:\/\/evolve-fitness.eu\/wp-content\/uploads\/2026\/04\/EV-FL-PP-1.png 1080w, https:\/\/evolve-fitness.eu\/wp-content\/uploads\/2026\/04\/EV-FL-PP-1-300x300.png 300w, https:\/\/evolve-fitness.eu\/wp-content\/uploads\/2026\/04\/EV-FL-PP-1-1024x1024.png 1024w, https:\/\/evolve-fitness.eu\/wp-content\/uploads\/2026\/04\/EV-FL-PP-1-150x150.png 150w, https:\/\/evolve-fitness.eu\/wp-content\/uploads\/2026\/04\/EV-FL-PP-1-768x768.png 768w, https:\/\/evolve-fitness.eu\/wp-content\/uploads\/2026\/04\/EV-FL-PP-1-600x600.png 600w\" sizes=\"auto, (max-width: 1080px) 100vw, 1080px\" \/><\/figure>\n<\/div>\n<\/div>\n\n\n\n<div class=\"wp-block-columns alignwide mobile-reverse is-layout-flex wp-container-core-columns-is-layout-ca64bf2d wp-block-columns-is-layout-flex\" style=\"margin-bottom:var(--wp--preset--spacing--side-padding)\">\n<div class=\"wp-block-column is-vertically-aligned-center is-layout-flow wp-block-column-is-layout-flow\">\n<div class=\"wp-block-columns is-layout-flex wp-container-core-columns-is-layout-9d6595d7 wp-block-columns-is-layout-flex\">\n<div class=\"wp-block-column is-layout-flow wp-block-column-is-layout-flow\" style=\"flex-basis:100%\">\n<figure class=\"wp-block-image size-full is-resized\"><img loading=\"lazy\" decoding=\"async\" width=\"1080\" height=\"1080\" src=\"https:\/\/evolve-fitness.eu\/wp-content\/uploads\/2026\/04\/EV-FL-PP-2.png\" alt=\"\" class=\"wp-image-230150\" style=\"width:710px;height:auto\" srcset=\"https:\/\/evolve-fitness.eu\/wp-content\/uploads\/2026\/04\/EV-FL-PP-2.png 1080w, https:\/\/evolve-fitness.eu\/wp-content\/uploads\/2026\/04\/EV-FL-PP-2-300x300.png 300w, https:\/\/evolve-fitness.eu\/wp-content\/uploads\/2026\/04\/EV-FL-PP-2-1024x1024.png 1024w, https:\/\/evolve-fitness.eu\/wp-content\/uploads\/2026\/04\/EV-FL-PP-2-150x150.png 150w, https:\/\/evolve-fitness.eu\/wp-content\/uploads\/2026\/04\/EV-FL-PP-2-768x768.png 768w, https:\/\/evolve-fitness.eu\/wp-content\/uploads\/2026\/04\/EV-FL-PP-2-600x600.png 600w\" sizes=\"auto, (max-width: 1080px) 100vw, 1080px\" \/><\/figure>\n<\/div>\n<\/div>\n<\/div>\n\n\n\n<div class=\"wp-block-column is-vertically-aligned-center is-layout-flow wp-block-column-is-layout-flow\">\n<h3 class=\"wp-block-heading\" style=\"margin-bottom:var(--wp--preset--spacing--h-3-bottom)\">Aplicaci\u00f3n vers\u00e1til y detalles pr\u00e1cticos de pedido<\/h3>\n\n\n\n<p>El suelo deportivo de polipropileno Evolve es adecuado para una amplia gama de entornos, como pistas deportivas de f\u00fatbol, baloncesto, tenis y voleibol, as\u00ed como \u00e1reas recreativas, zonas de entrenamiento, parques infantiles y otros espacios deportivos o de ocio activo al aire libre. La cantidad m\u00ednima de pedido es de 1 caja, que cubre 8,93 m\u00b2, y cada caja pesa 33 kg. Este suelo es una opci\u00f3n excelente para quienes buscan una superficie deportiva duradera, pr\u00e1ctica y fiable, f\u00e1cil de mantener y adecuada tanto para interiores como para exteriores.  <\/p>\n\n\n\n<p><\/p>\n<\/div>\n<\/div>\n<\/section>\n","protected":false},"excerpt":{"rendered":"<p>El suelo deportivo de polipropileno Evolve es una superficie duradera de polipropileno dise\u00f1ada para una amplia gama de zonas deportivas y de ocio activo. El suelo es resistente al uso intensivo, f\u00e1cil de mantener y perfectamente adecuado tanto para espacios interiores como exteriores, dependiendo del lugar de instalaci\u00f3n. Es una elecci\u00f3n fiable para quienes buscan una superficie deportiva duradera, pr\u00e1ctica y f\u00e1cil de instalar.  <\/p>\n<p>Hay dos opciones de color disponibles: marr\u00f3n o gris.  <\/p>\n","protected":false},"featured_media":230239,"template":"","meta":{"_acf_changed":false,"inline_featured_image":false},"product_brand":[],"product_cat":[5253],"product_tag":[],"class_list":{"0":"post-230238","1":"product","2":"type-product","3":"status-publish","4":"has-post-thumbnail","6":"product_cat-suelos","8":"first","9":"instock","10":"shipping-taxable","11":"purchasable","12":"product-type-variable"},"acf":{"long_title":"Pavimento Deportivo de Polipropileno Evolve (FL-PP)  ","subtitle":"","specifications":[{"label":"SKU","text_value":"EV-FL-PP","icon":"x"},{"label":"Material","text_value":"polipropileno","icon":"x"},{"label":"Color","text_value":"marr\u00f3n | gris","icon":"x"},{"label":"Dimensiones de 1 ficha","text_value":"8,93 m\u00b2","icon":"x"},{"label":"Peso","text_value":"33 kg (1 caja)","icon":"x"},{"label":"Resistencia a los rayos UV","text_value":"s\u00ed - ayuda a prevenir la p\u00e9rdida de color en exteriores","icon":"x"},{"label":"Resistencia a la humedad","text_value":"montaje directo con elementos de fijaci\u00f3n especiales","icon":"v"},{"label":"Tipo de montaje","text_value":"montaje directo con elementos de fijaci\u00f3n especiales","icon":"x"},{"label":"Mantenimiento","text_value":"f\u00e1cil de limpiar y mantener con soluciones de limpieza normales","icon":"x"},{"label":"Absorci\u00f3n ac\u00fastica","text_value":"medio (se recomienda utilizar aislamiento ac\u00fastico adicional en las habitaciones contiguas si es necesario)","icon":"x"},{"label":"Cantidad m\u00ednima de pedido","text_value":"1 caja (8,93 m\u00b2)","icon":"x"},{"label":"Peso de 1 caja","text_value":"33 kg","icon":"x"},{"label":"\u00c1reas de uso","text_value":"pistas deportivas (f\u00fatbol, baloncesto, tenis, voleibol) | zonas de recreo y entrenamiento | parques infantiles | espacios deportivos al aire libre y zonas de ocio activo","icon":"x"}],"product_frequently_asked_questions":null},"yoast_head":"<!-- This site is optimized with the Yoast SEO plugin v27.4 - https:\/\/yoast.com\/product\/yoast-seo-wordpress\/ -->\n<title>Pavimento Deportivo de Polipropileno Evolve (FL-PP) - Evolve<\/title>\n<meta name=\"robots\" content=\"index, follow, max-snippet:-1, max-image-preview:large, max-video-preview:-1\" \/>\n<link rel=\"canonical\" href=\"https:\/\/evolve-fitness.eu\/es\/producto\/pavimento-deportivo-de-polipropileno-evolve-ev-fl-pp-cantidad-8-93-m%c2%b2\/\" \/>\n<meta property=\"og:locale\" content=\"es_ES\" \/>\n<meta property=\"og:type\" content=\"article\" \/>\n<meta property=\"og:title\" content=\"Pavimento Deportivo de Polipropileno Evolve (FL-PP) - Evolve\" \/>\n<meta property=\"og:url\" content=\"https:\/\/evolve-fitness.eu\/es\/producto\/pavimento-deportivo-de-polipropileno-evolve-ev-fl-pp-cantidad-8-93-m%c2%b2\/\" \/>\n<meta property=\"og:site_name\" content=\"Evolve\" \/>\n<meta property=\"article:publisher\" content=\"https:\/\/www.facebook.com\/EvolveFitnessEurope\" \/>\n<meta property=\"article:modified_time\" content=\"2026-04-16T10:53:50+00:00\" \/>\n<meta property=\"og:image\" content=\"https:\/\/evolve-fitness.eu\/wp-content\/uploads\/2026\/04\/EV-FL-PP-GR-1.png\" \/>\n\t<meta property=\"og:image:width\" content=\"1080\" \/>\n\t<meta property=\"og:image:height\" content=\"1080\" \/>\n\t<meta property=\"og:image:type\" content=\"image\/png\" \/>\n<meta name=\"twitter:card\" content=\"summary_large_image\" \/>\n<script type=\"application\/ld+json\" class=\"yoast-schema-graph\">{\"@context\":\"https:\\\/\\\/schema.org\",\"@graph\":[{\"@type\":\"WebPage\",\"@id\":\"https:\\\/\\\/evolve-fitness.eu\\\/es\\\/producto\\\/pavimento-deportivo-de-polipropileno-evolve-ev-fl-pp-cantidad-8-93-m%c2%b2\\\/\",\"url\":\"https:\\\/\\\/evolve-fitness.eu\\\/es\\\/producto\\\/pavimento-deportivo-de-polipropileno-evolve-ev-fl-pp-cantidad-8-93-m%c2%b2\\\/\",\"name\":\"Pavimento Deportivo de Polipropileno Evolve (FL-PP) - Evolve\",\"isPartOf\":{\"@id\":\"https:\\\/\\\/evolve-fitness.eu\\\/es\\\/#website\"},\"primaryImageOfPage\":{\"@id\":\"https:\\\/\\\/evolve-fitness.eu\\\/es\\\/producto\\\/pavimento-deportivo-de-polipropileno-evolve-ev-fl-pp-cantidad-8-93-m%c2%b2\\\/#primaryimage\"},\"image\":{\"@id\":\"https:\\\/\\\/evolve-fitness.eu\\\/es\\\/producto\\\/pavimento-deportivo-de-polipropileno-evolve-ev-fl-pp-cantidad-8-93-m%c2%b2\\\/#primaryimage\"},\"thumbnailUrl\":\"https:\\\/\\\/evolve-fitness.eu\\\/wp-content\\\/uploads\\\/2026\\\/04\\\/EV-FL-PP-GR-1.png\",\"datePublished\":\"2026-04-15T12:24:43+00:00\",\"dateModified\":\"2026-04-16T10:53:50+00:00\",\"breadcrumb\":{\"@id\":\"https:\\\/\\\/evolve-fitness.eu\\\/es\\\/producto\\\/pavimento-deportivo-de-polipropileno-evolve-ev-fl-pp-cantidad-8-93-m%c2%b2\\\/#breadcrumb\"},\"inLanguage\":\"es\",\"potentialAction\":[{\"@type\":\"ReadAction\",\"target\":[\"https:\\\/\\\/evolve-fitness.eu\\\/es\\\/producto\\\/pavimento-deportivo-de-polipropileno-evolve-ev-fl-pp-cantidad-8-93-m%c2%b2\\\/\"]}]},{\"@type\":\"ImageObject\",\"inLanguage\":\"es\",\"@id\":\"https:\\\/\\\/evolve-fitness.eu\\\/es\\\/producto\\\/pavimento-deportivo-de-polipropileno-evolve-ev-fl-pp-cantidad-8-93-m%c2%b2\\\/#primaryimage\",\"url\":\"https:\\\/\\\/evolve-fitness.eu\\\/wp-content\\\/uploads\\\/2026\\\/04\\\/EV-FL-PP-GR-1.png\",\"contentUrl\":\"https:\\\/\\\/evolve-fitness.eu\\\/wp-content\\\/uploads\\\/2026\\\/04\\\/EV-FL-PP-GR-1.png\",\"width\":1080,\"height\":1080},{\"@type\":\"BreadcrumbList\",\"@id\":\"https:\\\/\\\/evolve-fitness.eu\\\/es\\\/producto\\\/pavimento-deportivo-de-polipropileno-evolve-ev-fl-pp-cantidad-8-93-m%c2%b2\\\/#breadcrumb\",\"itemListElement\":[{\"@type\":\"ListItem\",\"position\":1,\"name\":\"Home\",\"item\":\"https:\\\/\\\/evolve-fitness.eu\\\/es\\\/\"},{\"@type\":\"ListItem\",\"position\":2,\"name\":\"Productos\",\"item\":\"https:\\\/\\\/evolve-fitness.eu\\\/es\\\/shop\\\/\"},{\"@type\":\"ListItem\",\"position\":3,\"name\":\"Pavimento Deportivo de Polipropileno Evolve (FL-PP)\"}]},{\"@type\":\"WebSite\",\"@id\":\"https:\\\/\\\/evolve-fitness.eu\\\/es\\\/#website\",\"url\":\"https:\\\/\\\/evolve-fitness.eu\\\/es\\\/\",\"name\":\"Evolve\",\"description\":\"Your Evolved Gear Arrived\",\"publisher\":{\"@id\":\"https:\\\/\\\/evolve-fitness.eu\\\/es\\\/#organization\"},\"potentialAction\":[{\"@type\":\"SearchAction\",\"target\":{\"@type\":\"EntryPoint\",\"urlTemplate\":\"https:\\\/\\\/evolve-fitness.eu\\\/es\\\/?s={search_term_string}\"},\"query-input\":{\"@type\":\"PropertyValueSpecification\",\"valueRequired\":true,\"valueName\":\"search_term_string\"}}],\"inLanguage\":\"es\"},{\"@type\":\"Organization\",\"@id\":\"https:\\\/\\\/evolve-fitness.eu\\\/es\\\/#organization\",\"name\":\"Evolve\",\"url\":\"https:\\\/\\\/evolve-fitness.eu\\\/es\\\/\",\"logo\":{\"@type\":\"ImageObject\",\"inLanguage\":\"es\",\"@id\":\"https:\\\/\\\/evolve-fitness.eu\\\/es\\\/#\\\/schema\\\/logo\\\/image\\\/\",\"url\":\"https:\\\/\\\/evolve-fitness.eu\\\/wp-content\\\/uploads\\\/2023\\\/05\\\/Evolve-logo.svg\",\"contentUrl\":\"https:\\\/\\\/evolve-fitness.eu\\\/wp-content\\\/uploads\\\/2023\\\/05\\\/Evolve-logo.svg\",\"width\":176,\"height\":20,\"caption\":\"Evolve\"},\"image\":{\"@id\":\"https:\\\/\\\/evolve-fitness.eu\\\/es\\\/#\\\/schema\\\/logo\\\/image\\\/\"},\"sameAs\":[\"https:\\\/\\\/www.facebook.com\\\/EvolveFitnessEurope\"]}]}<\/script>\n<!-- \/ Yoast SEO plugin. -->","yoast_head_json":{"title":"Pavimento Deportivo de Polipropileno Evolve (FL-PP) - Evolve","robots":{"index":"index","follow":"follow","max-snippet":"max-snippet:-1","max-image-preview":"max-image-preview:large","max-video-preview":"max-video-preview:-1"},"canonical":"https:\/\/evolve-fitness.eu\/es\/producto\/pavimento-deportivo-de-polipropileno-evolve-ev-fl-pp-cantidad-8-93-m%c2%b2\/","og_locale":"es_ES","og_type":"article","og_title":"Pavimento Deportivo de Polipropileno Evolve (FL-PP) - Evolve","og_url":"https:\/\/evolve-fitness.eu\/es\/producto\/pavimento-deportivo-de-polipropileno-evolve-ev-fl-pp-cantidad-8-93-m%c2%b2\/","og_site_name":"Evolve","article_publisher":"https:\/\/www.facebook.com\/EvolveFitnessEurope","article_modified_time":"2026-04-16T10:53:50+00:00","og_image":[{"width":1080,"height":1080,"url":"https:\/\/evolve-fitness.eu\/wp-content\/uploads\/2026\/04\/EV-FL-PP-GR-1.png","type":"image\/png"}],"twitter_card":"summary_large_image","schema":{"@context":"https:\/\/schema.org","@graph":[{"@type":"WebPage","@id":"https:\/\/evolve-fitness.eu\/es\/producto\/pavimento-deportivo-de-polipropileno-evolve-ev-fl-pp-cantidad-8-93-m%c2%b2\/","url":"https:\/\/evolve-fitness.eu\/es\/producto\/pavimento-deportivo-de-polipropileno-evolve-ev-fl-pp-cantidad-8-93-m%c2%b2\/","name":"Pavimento Deportivo de Polipropileno Evolve (FL-PP) - Evolve","isPartOf":{"@id":"https:\/\/evolve-fitness.eu\/es\/#website"},"primaryImageOfPage":{"@id":"https:\/\/evolve-fitness.eu\/es\/producto\/pavimento-deportivo-de-polipropileno-evolve-ev-fl-pp-cantidad-8-93-m%c2%b2\/#primaryimage"},"image":{"@id":"https:\/\/evolve-fitness.eu\/es\/producto\/pavimento-deportivo-de-polipropileno-evolve-ev-fl-pp-cantidad-8-93-m%c2%b2\/#primaryimage"},"thumbnailUrl":"https:\/\/evolve-fitness.eu\/wp-content\/uploads\/2026\/04\/EV-FL-PP-GR-1.png","datePublished":"2026-04-15T12:24:43+00:00","dateModified":"2026-04-16T10:53:50+00:00","breadcrumb":{"@id":"https:\/\/evolve-fitness.eu\/es\/producto\/pavimento-deportivo-de-polipropileno-evolve-ev-fl-pp-cantidad-8-93-m%c2%b2\/#breadcrumb"},"inLanguage":"es","potentialAction":[{"@type":"ReadAction","target":["https:\/\/evolve-fitness.eu\/es\/producto\/pavimento-deportivo-de-polipropileno-evolve-ev-fl-pp-cantidad-8-93-m%c2%b2\/"]}]},{"@type":"ImageObject","inLanguage":"es","@id":"https:\/\/evolve-fitness.eu\/es\/producto\/pavimento-deportivo-de-polipropileno-evolve-ev-fl-pp-cantidad-8-93-m%c2%b2\/#primaryimage","url":"https:\/\/evolve-fitness.eu\/wp-content\/uploads\/2026\/04\/EV-FL-PP-GR-1.png","contentUrl":"https:\/\/evolve-fitness.eu\/wp-content\/uploads\/2026\/04\/EV-FL-PP-GR-1.png","width":1080,"height":1080},{"@type":"BreadcrumbList","@id":"https:\/\/evolve-fitness.eu\/es\/producto\/pavimento-deportivo-de-polipropileno-evolve-ev-fl-pp-cantidad-8-93-m%c2%b2\/#breadcrumb","itemListElement":[{"@type":"ListItem","position":1,"name":"Home","item":"https:\/\/evolve-fitness.eu\/es\/"},{"@type":"ListItem","position":2,"name":"Productos","item":"https:\/\/evolve-fitness.eu\/es\/shop\/"},{"@type":"ListItem","position":3,"name":"Pavimento Deportivo de Polipropileno Evolve (FL-PP)"}]},{"@type":"WebSite","@id":"https:\/\/evolve-fitness.eu\/es\/#website","url":"https:\/\/evolve-fitness.eu\/es\/","name":"Evolve","description":"Your Evolved Gear Arrived","publisher":{"@id":"https:\/\/evolve-fitness.eu\/es\/#organization"},"potentialAction":[{"@type":"SearchAction","target":{"@type":"EntryPoint","urlTemplate":"https:\/\/evolve-fitness.eu\/es\/?s={search_term_string}"},"query-input":{"@type":"PropertyValueSpecification","valueRequired":true,"valueName":"search_term_string"}}],"inLanguage":"es"},{"@type":"Organization","@id":"https:\/\/evolve-fitness.eu\/es\/#organization","name":"Evolve","url":"https:\/\/evolve-fitness.eu\/es\/","logo":{"@type":"ImageObject","inLanguage":"es","@id":"https:\/\/evolve-fitness.eu\/es\/#\/schema\/logo\/image\/","url":"https:\/\/evolve-fitness.eu\/wp-content\/uploads\/2023\/05\/Evolve-logo.svg","contentUrl":"https:\/\/evolve-fitness.eu\/wp-content\/uploads\/2023\/05\/Evolve-logo.svg","width":176,"height":20,"caption":"Evolve"},"image":{"@id":"https:\/\/evolve-fitness.eu\/es\/#\/schema\/logo\/image\/"},"sameAs":["https:\/\/www.facebook.com\/EvolveFitnessEurope"]}]}},"_links":{"self":[{"href":"https:\/\/evolve-fitness.eu\/es\/wp-json\/wp\/v2\/product\/230238","targetHints":{"allow":["GET"]}}],"collection":[{"href":"https:\/\/evolve-fitness.eu\/es\/wp-json\/wp\/v2\/product"}],"about":[{"href":"https:\/\/evolve-fitness.eu\/es\/wp-json\/wp\/v2\/types\/product"}],"wp:featuredmedia":[{"embeddable":true,"href":"https:\/\/evolve-fitness.eu\/es\/wp-json\/wp\/v2\/media\/230239"}],"wp:attachment":[{"href":"https:\/\/evolve-fitness.eu\/es\/wp-json\/wp\/v2\/media?parent=230238"}],"wp:term":[{"taxonomy":"product_brand","embeddable":true,"href":"https:\/\/evolve-fitness.eu\/es\/wp-json\/wp\/v2\/product_brand?post=230238"},{"taxonomy":"product_cat","embeddable":true,"href":"https:\/\/evolve-fitness.eu\/es\/wp-json\/wp\/v2\/product_cat?post=230238"},{"taxonomy":"product_tag","embeddable":true,"href":"https:\/\/evolve-fitness.eu\/es\/wp-json\/wp\/v2\/product_tag?post=230238"}],"curies":[{"name":"wp","href":"https:\/\/api.w.org\/{rel}","templated":true}]}}