{"id":230281,"date":"2026-04-16T08:42:57","date_gmt":"2026-04-16T05:42:57","guid":{"rendered":"https:\/\/evolve-fitness.eu\/?post_type=product&#038;p=230281"},"modified":"2026-04-16T11:04:25","modified_gmt":"2026-04-16T08:04:25","slug":"pavimento-deportivo-de-polipropileno-evolve-ev-fl-pp-cantidad-8-93-m%c2%b2-copy","status":"publish","type":"product","link":"https:\/\/evolve-fitness.eu\/es\/producto\/pavimento-deportivo-de-polipropileno-evolve-ev-fl-pp-cantidad-8-93-m%c2%b2-copy\/","title":{"rendered":"Pavimento Deportivo Termopl\u00e1stico Evolve (FL-TP)"},"content":{"rendered":"\n<section class=\"wp-block-group alignfull black-content has-white-color has-darkgray-background-color has-text-color has-background is-layout-constrained wp-block-group-is-layout-constrained\" style=\"padding-top:var(--wp--preset--spacing--section-bottom);padding-bottom:var(--wp--preset--spacing--section-bottom)\">\n<div class=\"wp-block-columns alignwide is-layout-flex wp-container-core-columns-is-layout-c45ee707 wp-block-columns-is-layout-flex\" style=\"margin-bottom:var(--wp--preset--spacing--side-padding);padding-top:var(--wp--preset--spacing--side-padding)\">\n<div class=\"wp-block-column is-vertically-aligned-center is-layout-flow wp-block-column-is-layout-flow\">\n<h3 class=\"wp-block-heading\" style=\"margin-bottom:var(--wp--preset--spacing--h-3-bottom)\"><strong>Suelos deportivos duraderos y vers\u00e1tiles<\/strong><\/h3>\n\n\n\n<p>El suelo deportivo termopl\u00e1stico Evolve es una superficie de alta calidad, duradera y vers\u00e1til, dise\u00f1ada para una amplia gama de pistas deportivas. Hoy en d\u00eda, los criterios m\u00e1s importantes para la instalaci\u00f3n de pistas deportivas son la versatilidad y la durabilidad a largo plazo del pavimento deportivo. Esta superficie es resistente al uso intensivo, f\u00e1cil de mantener y perfectamente adecuada para zonas al aire libre. El sistema de suelo Evolve es f\u00e1cil de instalar, mientras que su durabilidad y practicidad garantizan un alto nivel de satisfacci\u00f3n a los usuarios de pistas deportivas y otros espacios activos.   <\/p>\n\n\n\n<p><\/p>\n\n\n\n<p><\/p>\n<\/div>\n\n\n\n<div class=\"wp-block-column is-vertically-aligned-center is-layout-flow wp-block-column-is-layout-flow\">\n<figure class=\"wp-block-image size-full\"><img loading=\"lazy\" decoding=\"async\" width=\"1080\" height=\"1080\" src=\"https:\/\/evolve-fitness.eu\/wp-content\/uploads\/2026\/04\/EV-FL-TP-1.png\" alt=\"\" class=\"wp-image-230303\" srcset=\"https:\/\/evolve-fitness.eu\/wp-content\/uploads\/2026\/04\/EV-FL-TP-1.png 1080w, https:\/\/evolve-fitness.eu\/wp-content\/uploads\/2026\/04\/EV-FL-TP-1-300x300.png 300w, https:\/\/evolve-fitness.eu\/wp-content\/uploads\/2026\/04\/EV-FL-TP-1-1024x1024.png 1024w, https:\/\/evolve-fitness.eu\/wp-content\/uploads\/2026\/04\/EV-FL-TP-1-150x150.png 150w, https:\/\/evolve-fitness.eu\/wp-content\/uploads\/2026\/04\/EV-FL-TP-1-768x768.png 768w, https:\/\/evolve-fitness.eu\/wp-content\/uploads\/2026\/04\/EV-FL-TP-1-600x600.png 600w\" sizes=\"auto, (max-width: 1080px) 100vw, 1080px\" \/><\/figure>\n<\/div>\n<\/div>\n\n\n\n<div class=\"wp-block-columns alignwide mobile-reverse is-layout-flex wp-container-core-columns-is-layout-ca64bf2d wp-block-columns-is-layout-flex\" style=\"margin-bottom:var(--wp--preset--spacing--side-padding)\">\n<div class=\"wp-block-column is-vertically-aligned-center is-layout-flow wp-block-column-is-layout-flow\">\n<div class=\"wp-block-columns is-layout-flex wp-container-core-columns-is-layout-9d6595d7 wp-block-columns-is-layout-flex\">\n<div class=\"wp-block-column is-layout-flow wp-block-column-is-layout-flow\" style=\"flex-basis:100%\">\n<figure class=\"wp-block-image size-full is-resized\"><img loading=\"lazy\" decoding=\"async\" width=\"1080\" height=\"1080\" src=\"https:\/\/evolve-fitness.eu\/wp-content\/uploads\/2026\/04\/EV-FL-TP-2-1.png\" alt=\"\" class=\"wp-image-230304\" style=\"width:710px;height:auto\" srcset=\"https:\/\/evolve-fitness.eu\/wp-content\/uploads\/2026\/04\/EV-FL-TP-2-1.png 1080w, https:\/\/evolve-fitness.eu\/wp-content\/uploads\/2026\/04\/EV-FL-TP-2-1-300x300.png 300w, https:\/\/evolve-fitness.eu\/wp-content\/uploads\/2026\/04\/EV-FL-TP-2-1-1024x1024.png 1024w, https:\/\/evolve-fitness.eu\/wp-content\/uploads\/2026\/04\/EV-FL-TP-2-1-150x150.png 150w, https:\/\/evolve-fitness.eu\/wp-content\/uploads\/2026\/04\/EV-FL-TP-2-1-768x768.png 768w, https:\/\/evolve-fitness.eu\/wp-content\/uploads\/2026\/04\/EV-FL-TP-2-1-600x600.png 600w\" sizes=\"auto, (max-width: 1080px) 100vw, 1080px\" \/><\/figure>\n<\/div>\n<\/div>\n<\/div>\n\n\n\n<div class=\"wp-block-column is-vertically-aligned-center is-layout-flow wp-block-column-is-layout-flow\">\n<h3 class=\"wp-block-heading\" style=\"margin-bottom:var(--wp--preset--spacing--h-3-bottom)\">Mantenimiento pr\u00e1ctico y personalizaci\u00f3n<\/h3>\n\n\n\n<p>El suelo deportivo termopl\u00e1stico Evolve es f\u00e1cil de mantener y sencillo de limpiar gracias a su superficie permeable al agua, que permite barrer o lavar sin esfuerzo. El suelo cuenta con un sistema de instalaci\u00f3n de flotaci\u00f3n libre, por lo que no se necesitan adhesivos ni materiales de fijaci\u00f3n durante el montaje. Tambi\u00e9n se puede personalizar con varias l\u00edneas de corte, combinaciones de colores, logotipos y elementos gr\u00e1ficos. La cantidad m\u00ednima de pedido es de 1 caja (8,93 m\u00b2), y el peso de 1 caja es de 36 kg. Este pavimento es una opci\u00f3n excelente para quienes buscan una superficie deportiva duradera y pr\u00e1ctica, ya que ofrece excelentes propiedades de absorci\u00f3n de impactos y lo hace ideal para pistas deportivas profesionales y de aficionados, al tiempo que requiere unos costes de mantenimiento m\u00ednimos.    <\/p>\n\n\n\n<p><\/p>\n<\/div>\n<\/div>\n<\/section>\n","protected":false},"excerpt":{"rendered":"<p>Los suelos termopl\u00e1sticos para pistas exteriores son ideales para tenis, f\u00fatbol, baloncesto, balonmano, voleibol, b\u00e1dminton, etc. El suelo destaca por sus excelentes propiedades de absorci\u00f3n de impactos. Es resistente a las heladas y a los rayos UV, no se decolora al sol y permanece estable.  <\/p>\n<p>Disponible en dos opciones de color: verde o azul.<\/p>\n","protected":false},"featured_media":230363,"template":"","meta":{"_acf_changed":false,"inline_featured_image":false},"product_brand":[],"product_cat":[5253],"product_tag":[],"class_list":{"0":"post-230281","1":"product","2":"type-product","3":"status-publish","4":"has-post-thumbnail","6":"product_cat-suelos","8":"first","9":"instock","10":"shipping-taxable","11":"purchasable","12":"product-type-variable"},"acf":{"long_title":"Pavimento deportivo termopl\u00e1stico Evolve (FL-TP)  ","subtitle":"","specifications":[{"label":"SKU","text_value":"EV-FL-TP","icon":"x"},{"label":"Material","text_value":"termopl\u00e1stico resistente a la intemperie","icon":"x"},{"label":"Dimensiones","text_value":"30,48 x 30,48 x 1,4 cm","icon":"x"},{"label":"Peso","text_value":"370 g (una teja)","icon":"x"},{"label":"Estructura","text_value":"rejilla doble","icon":"x"},{"label":"Tipo de conexi\u00f3n","text_value":"leng\u00fcetas de bloqueo dobles en cada lado para un montaje f\u00e1cil y r\u00e1pido","icon":"x"},{"label":"Colores","text_value":"verde o azul","icon":"x"},{"label":"Resistencia a los rayos UV","text_value":"s\u00ed - no desti\u00f1e el color en exteriores","icon":"x"},{"label":"Resistencia a la humedad","text_value":"medio (se recomienda utilizar aislamiento ac\u00fastico adicional en las habitaciones contiguas si es necesario)","icon":"v"},{"label":"Tipo de instalaci\u00f3n","text_value":"sistema de flotaci\u00f3n libre - no se necesitan adhesivos ni materiales de fijaci\u00f3n","icon":"x"},{"label":"\u00c1reas de uso","text_value":"pistas de tenis | pistas de baloncesto | pistas de f\u00fatbol | pistas de balonmano | pistas de voleibol | pistas de b\u00e1dminton | pistas polideportivas","icon":"x"},{"label":"Peso de 1 caja","text_value":"36 kg","icon":"x"},{"label":"Limpieza","text_value":"f\u00e1cil de limpiar - superficie permeable al agua, simple barrido o lavado","icon":"x"},{"label":"Montaje","text_value":"sistema de flotaci\u00f3n libre - no se necesitan adhesivos ni materiales de fijaci\u00f3n","icon":"x"},{"label":"Personalizaci\u00f3n","text_value":"hay disponibles varias marcas de l\u00ednea, combinaciones de colores, logotipos y elementos gr\u00e1ficos","icon":"x"},{"label":"Resistencia a los rayos UV","text_value":"no se decolora con la luz solar, sin desgaste perceptible durante al menos 5 a\u00f1os","icon":"x"},{"label":"Secado r\u00e1pido","text_value":"superficie permeable al agua - no queda agua despu\u00e9s de la lluvia","icon":"x"},{"label":"Amortiguaci\u00f3n","text_value":"excelentes propiedades de absorci\u00f3n de impactos para un juego seguro","icon":"x"},{"label":"Resistencia a las heladas","text_value":"permanece estable y flexible durante el invierno","icon":"x"},{"label":"Tracci\u00f3n","text_value":"propiedades superficiales \u00f3ptimas para un juego eficaz","icon":"x"},{"label":"Flexibilidad lateral","text_value":"proporciona un movimiento c\u00f3modo","icon":"x"}],"product_frequently_asked_questions":null},"yoast_head":"<!-- This site is optimized with the Yoast SEO plugin v27.4 - https:\/\/yoast.com\/product\/yoast-seo-wordpress\/ -->\n<title>Pavimento Deportivo Termopl\u00e1stico Evolve (FL-TP) - Evolve<\/title>\n<meta name=\"robots\" content=\"index, follow, max-snippet:-1, max-image-preview:large, max-video-preview:-1\" \/>\n<link rel=\"canonical\" href=\"https:\/\/evolve-fitness.eu\/es\/producto\/pavimento-deportivo-de-polipropileno-evolve-ev-fl-pp-cantidad-8-93-m%c2%b2-copy\/\" \/>\n<meta property=\"og:locale\" content=\"es_ES\" \/>\n<meta property=\"og:type\" content=\"article\" \/>\n<meta property=\"og:title\" content=\"Pavimento Deportivo Termopl\u00e1stico Evolve (FL-TP) - Evolve\" \/>\n<meta property=\"og:url\" content=\"https:\/\/evolve-fitness.eu\/es\/producto\/pavimento-deportivo-de-polipropileno-evolve-ev-fl-pp-cantidad-8-93-m%c2%b2-copy\/\" \/>\n<meta property=\"og:site_name\" content=\"Evolve\" \/>\n<meta property=\"article:publisher\" content=\"https:\/\/www.facebook.com\/EvolveFitnessEurope\" \/>\n<meta property=\"article:modified_time\" content=\"2026-04-16T08:04:25+00:00\" \/>\n<meta property=\"og:image\" content=\"https:\/\/evolve-fitness.eu\/wp-content\/uploads\/2026\/04\/ev-fl-tp-1-1.png\" \/>\n\t<meta property=\"og:image:width\" content=\"1080\" \/>\n\t<meta property=\"og:image:height\" content=\"1080\" \/>\n\t<meta property=\"og:image:type\" content=\"image\/png\" \/>\n<meta name=\"twitter:card\" content=\"summary_large_image\" \/>\n<script type=\"application\/ld+json\" class=\"yoast-schema-graph\">{\"@context\":\"https:\\\/\\\/schema.org\",\"@graph\":[{\"@type\":\"WebPage\",\"@id\":\"https:\\\/\\\/evolve-fitness.eu\\\/es\\\/producto\\\/pavimento-deportivo-de-polipropileno-evolve-ev-fl-pp-cantidad-8-93-m%c2%b2-copy\\\/\",\"url\":\"https:\\\/\\\/evolve-fitness.eu\\\/es\\\/producto\\\/pavimento-deportivo-de-polipropileno-evolve-ev-fl-pp-cantidad-8-93-m%c2%b2-copy\\\/\",\"name\":\"Pavimento Deportivo Termopl\u00e1stico Evolve (FL-TP) - Evolve\",\"isPartOf\":{\"@id\":\"https:\\\/\\\/evolve-fitness.eu\\\/es\\\/#website\"},\"primaryImageOfPage\":{\"@id\":\"https:\\\/\\\/evolve-fitness.eu\\\/es\\\/producto\\\/pavimento-deportivo-de-polipropileno-evolve-ev-fl-pp-cantidad-8-93-m%c2%b2-copy\\\/#primaryimage\"},\"image\":{\"@id\":\"https:\\\/\\\/evolve-fitness.eu\\\/es\\\/producto\\\/pavimento-deportivo-de-polipropileno-evolve-ev-fl-pp-cantidad-8-93-m%c2%b2-copy\\\/#primaryimage\"},\"thumbnailUrl\":\"https:\\\/\\\/evolve-fitness.eu\\\/wp-content\\\/uploads\\\/2026\\\/04\\\/ev-fl-tp-1-1.png\",\"datePublished\":\"2026-04-16T05:42:57+00:00\",\"dateModified\":\"2026-04-16T08:04:25+00:00\",\"breadcrumb\":{\"@id\":\"https:\\\/\\\/evolve-fitness.eu\\\/es\\\/producto\\\/pavimento-deportivo-de-polipropileno-evolve-ev-fl-pp-cantidad-8-93-m%c2%b2-copy\\\/#breadcrumb\"},\"inLanguage\":\"es\",\"potentialAction\":[{\"@type\":\"ReadAction\",\"target\":[\"https:\\\/\\\/evolve-fitness.eu\\\/es\\\/producto\\\/pavimento-deportivo-de-polipropileno-evolve-ev-fl-pp-cantidad-8-93-m%c2%b2-copy\\\/\"]}]},{\"@type\":\"ImageObject\",\"inLanguage\":\"es\",\"@id\":\"https:\\\/\\\/evolve-fitness.eu\\\/es\\\/producto\\\/pavimento-deportivo-de-polipropileno-evolve-ev-fl-pp-cantidad-8-93-m%c2%b2-copy\\\/#primaryimage\",\"url\":\"https:\\\/\\\/evolve-fitness.eu\\\/wp-content\\\/uploads\\\/2026\\\/04\\\/ev-fl-tp-1-1.png\",\"contentUrl\":\"https:\\\/\\\/evolve-fitness.eu\\\/wp-content\\\/uploads\\\/2026\\\/04\\\/ev-fl-tp-1-1.png\",\"width\":1080,\"height\":1080},{\"@type\":\"BreadcrumbList\",\"@id\":\"https:\\\/\\\/evolve-fitness.eu\\\/es\\\/producto\\\/pavimento-deportivo-de-polipropileno-evolve-ev-fl-pp-cantidad-8-93-m%c2%b2-copy\\\/#breadcrumb\",\"itemListElement\":[{\"@type\":\"ListItem\",\"position\":1,\"name\":\"Home\",\"item\":\"https:\\\/\\\/evolve-fitness.eu\\\/es\\\/\"},{\"@type\":\"ListItem\",\"position\":2,\"name\":\"Productos\",\"item\":\"https:\\\/\\\/evolve-fitness.eu\\\/es\\\/shop\\\/\"},{\"@type\":\"ListItem\",\"position\":3,\"name\":\"Pavimento Deportivo Termopl\u00e1stico Evolve (FL-TP)\"}]},{\"@type\":\"WebSite\",\"@id\":\"https:\\\/\\\/evolve-fitness.eu\\\/es\\\/#website\",\"url\":\"https:\\\/\\\/evolve-fitness.eu\\\/es\\\/\",\"name\":\"Evolve\",\"description\":\"Your Evolved Gear Arrived\",\"publisher\":{\"@id\":\"https:\\\/\\\/evolve-fitness.eu\\\/es\\\/#organization\"},\"potentialAction\":[{\"@type\":\"SearchAction\",\"target\":{\"@type\":\"EntryPoint\",\"urlTemplate\":\"https:\\\/\\\/evolve-fitness.eu\\\/es\\\/?s={search_term_string}\"},\"query-input\":{\"@type\":\"PropertyValueSpecification\",\"valueRequired\":true,\"valueName\":\"search_term_string\"}}],\"inLanguage\":\"es\"},{\"@type\":\"Organization\",\"@id\":\"https:\\\/\\\/evolve-fitness.eu\\\/es\\\/#organization\",\"name\":\"Evolve\",\"url\":\"https:\\\/\\\/evolve-fitness.eu\\\/es\\\/\",\"logo\":{\"@type\":\"ImageObject\",\"inLanguage\":\"es\",\"@id\":\"https:\\\/\\\/evolve-fitness.eu\\\/es\\\/#\\\/schema\\\/logo\\\/image\\\/\",\"url\":\"https:\\\/\\\/evolve-fitness.eu\\\/wp-content\\\/uploads\\\/2023\\\/05\\\/Evolve-logo.svg\",\"contentUrl\":\"https:\\\/\\\/evolve-fitness.eu\\\/wp-content\\\/uploads\\\/2023\\\/05\\\/Evolve-logo.svg\",\"width\":176,\"height\":20,\"caption\":\"Evolve\"},\"image\":{\"@id\":\"https:\\\/\\\/evolve-fitness.eu\\\/es\\\/#\\\/schema\\\/logo\\\/image\\\/\"},\"sameAs\":[\"https:\\\/\\\/www.facebook.com\\\/EvolveFitnessEurope\"]}]}<\/script>\n<!-- \/ Yoast SEO plugin. -->","yoast_head_json":{"title":"Pavimento Deportivo Termopl\u00e1stico Evolve (FL-TP) - Evolve","robots":{"index":"index","follow":"follow","max-snippet":"max-snippet:-1","max-image-preview":"max-image-preview:large","max-video-preview":"max-video-preview:-1"},"canonical":"https:\/\/evolve-fitness.eu\/es\/producto\/pavimento-deportivo-de-polipropileno-evolve-ev-fl-pp-cantidad-8-93-m%c2%b2-copy\/","og_locale":"es_ES","og_type":"article","og_title":"Pavimento Deportivo Termopl\u00e1stico Evolve (FL-TP) - Evolve","og_url":"https:\/\/evolve-fitness.eu\/es\/producto\/pavimento-deportivo-de-polipropileno-evolve-ev-fl-pp-cantidad-8-93-m%c2%b2-copy\/","og_site_name":"Evolve","article_publisher":"https:\/\/www.facebook.com\/EvolveFitnessEurope","article_modified_time":"2026-04-16T08:04:25+00:00","og_image":[{"width":1080,"height":1080,"url":"https:\/\/evolve-fitness.eu\/wp-content\/uploads\/2026\/04\/ev-fl-tp-1-1.png","type":"image\/png"}],"twitter_card":"summary_large_image","schema":{"@context":"https:\/\/schema.org","@graph":[{"@type":"WebPage","@id":"https:\/\/evolve-fitness.eu\/es\/producto\/pavimento-deportivo-de-polipropileno-evolve-ev-fl-pp-cantidad-8-93-m%c2%b2-copy\/","url":"https:\/\/evolve-fitness.eu\/es\/producto\/pavimento-deportivo-de-polipropileno-evolve-ev-fl-pp-cantidad-8-93-m%c2%b2-copy\/","name":"Pavimento Deportivo Termopl\u00e1stico Evolve (FL-TP) - Evolve","isPartOf":{"@id":"https:\/\/evolve-fitness.eu\/es\/#website"},"primaryImageOfPage":{"@id":"https:\/\/evolve-fitness.eu\/es\/producto\/pavimento-deportivo-de-polipropileno-evolve-ev-fl-pp-cantidad-8-93-m%c2%b2-copy\/#primaryimage"},"image":{"@id":"https:\/\/evolve-fitness.eu\/es\/producto\/pavimento-deportivo-de-polipropileno-evolve-ev-fl-pp-cantidad-8-93-m%c2%b2-copy\/#primaryimage"},"thumbnailUrl":"https:\/\/evolve-fitness.eu\/wp-content\/uploads\/2026\/04\/ev-fl-tp-1-1.png","datePublished":"2026-04-16T05:42:57+00:00","dateModified":"2026-04-16T08:04:25+00:00","breadcrumb":{"@id":"https:\/\/evolve-fitness.eu\/es\/producto\/pavimento-deportivo-de-polipropileno-evolve-ev-fl-pp-cantidad-8-93-m%c2%b2-copy\/#breadcrumb"},"inLanguage":"es","potentialAction":[{"@type":"ReadAction","target":["https:\/\/evolve-fitness.eu\/es\/producto\/pavimento-deportivo-de-polipropileno-evolve-ev-fl-pp-cantidad-8-93-m%c2%b2-copy\/"]}]},{"@type":"ImageObject","inLanguage":"es","@id":"https:\/\/evolve-fitness.eu\/es\/producto\/pavimento-deportivo-de-polipropileno-evolve-ev-fl-pp-cantidad-8-93-m%c2%b2-copy\/#primaryimage","url":"https:\/\/evolve-fitness.eu\/wp-content\/uploads\/2026\/04\/ev-fl-tp-1-1.png","contentUrl":"https:\/\/evolve-fitness.eu\/wp-content\/uploads\/2026\/04\/ev-fl-tp-1-1.png","width":1080,"height":1080},{"@type":"BreadcrumbList","@id":"https:\/\/evolve-fitness.eu\/es\/producto\/pavimento-deportivo-de-polipropileno-evolve-ev-fl-pp-cantidad-8-93-m%c2%b2-copy\/#breadcrumb","itemListElement":[{"@type":"ListItem","position":1,"name":"Home","item":"https:\/\/evolve-fitness.eu\/es\/"},{"@type":"ListItem","position":2,"name":"Productos","item":"https:\/\/evolve-fitness.eu\/es\/shop\/"},{"@type":"ListItem","position":3,"name":"Pavimento Deportivo Termopl\u00e1stico Evolve (FL-TP)"}]},{"@type":"WebSite","@id":"https:\/\/evolve-fitness.eu\/es\/#website","url":"https:\/\/evolve-fitness.eu\/es\/","name":"Evolve","description":"Your Evolved Gear Arrived","publisher":{"@id":"https:\/\/evolve-fitness.eu\/es\/#organization"},"potentialAction":[{"@type":"SearchAction","target":{"@type":"EntryPoint","urlTemplate":"https:\/\/evolve-fitness.eu\/es\/?s={search_term_string}"},"query-input":{"@type":"PropertyValueSpecification","valueRequired":true,"valueName":"search_term_string"}}],"inLanguage":"es"},{"@type":"Organization","@id":"https:\/\/evolve-fitness.eu\/es\/#organization","name":"Evolve","url":"https:\/\/evolve-fitness.eu\/es\/","logo":{"@type":"ImageObject","inLanguage":"es","@id":"https:\/\/evolve-fitness.eu\/es\/#\/schema\/logo\/image\/","url":"https:\/\/evolve-fitness.eu\/wp-content\/uploads\/2023\/05\/Evolve-logo.svg","contentUrl":"https:\/\/evolve-fitness.eu\/wp-content\/uploads\/2023\/05\/Evolve-logo.svg","width":176,"height":20,"caption":"Evolve"},"image":{"@id":"https:\/\/evolve-fitness.eu\/es\/#\/schema\/logo\/image\/"},"sameAs":["https:\/\/www.facebook.com\/EvolveFitnessEurope"]}]}},"_links":{"self":[{"href":"https:\/\/evolve-fitness.eu\/es\/wp-json\/wp\/v2\/product\/230281","targetHints":{"allow":["GET"]}}],"collection":[{"href":"https:\/\/evolve-fitness.eu\/es\/wp-json\/wp\/v2\/product"}],"about":[{"href":"https:\/\/evolve-fitness.eu\/es\/wp-json\/wp\/v2\/types\/product"}],"wp:featuredmedia":[{"embeddable":true,"href":"https:\/\/evolve-fitness.eu\/es\/wp-json\/wp\/v2\/media\/230363"}],"wp:attachment":[{"href":"https:\/\/evolve-fitness.eu\/es\/wp-json\/wp\/v2\/media?parent=230281"}],"wp:term":[{"taxonomy":"product_brand","embeddable":true,"href":"https:\/\/evolve-fitness.eu\/es\/wp-json\/wp\/v2\/product_brand?post=230281"},{"taxonomy":"product_cat","embeddable":true,"href":"https:\/\/evolve-fitness.eu\/es\/wp-json\/wp\/v2\/product_cat?post=230281"},{"taxonomy":"product_tag","embeddable":true,"href":"https:\/\/evolve-fitness.eu\/es\/wp-json\/wp\/v2\/product_tag?post=230281"}],"curies":[{"name":"wp","href":"https:\/\/api.w.org\/{rel}","templated":true}]}}