{"id":232330,"date":"2026-02-13T13:50:01","date_gmt":"2026-02-13T11:50:01","guid":{"rendered":"https:\/\/evolve-fitness.eu\/product\/juego-de-escalera-de-madera-evolve-con-montantes-gw-010\/"},"modified":"2026-02-13T13:50:01","modified_gmt":"2026-02-13T11:50:01","slug":"juego-de-escalera-de-madera-evolve-con-montantes-gw-010","status":"publish","type":"product","link":"https:\/\/evolve-fitness.eu\/es\/producto\/juego-de-escalera-de-madera-evolve-con-montantes-gw-010\/","title":{"rendered":"Juego de escalera de madera Evolve con montantes (GW-010)"},"content":{"rendered":"","protected":false},"excerpt":{"rendered":"<p>El Juego de escalera de madera con montantes Evolve es un accesorio de entrenamiento profesional dise\u00f1ado para montarse en sistemas de estanter\u00edas murales o independientes. Este componente permite realizar con seguridad y comodidad ejercicios de movilidad, estiramiento y coordinaci\u00f3n. <\/p>\n<p>El equipo est\u00e1 construido para un uso intensivo en gimnasios, centros de rehabilitaci\u00f3n o \u00e1reas de entrenamiento funcional, donde se valora mucho la sensaci\u00f3n de agarre natural, la estabilidad y la durabilidad a largo plazo.<\/p>\n<p>\n","protected":false},"featured_media":232331,"template":"","meta":{"_acf_changed":false,"inline_featured_image":false},"product_brand":[],"product_cat":[2847,2927,2848],"product_tag":[],"class_list":{"0":"post-232330","1":"product","2":"type-product","3":"status-publish","4":"has-post-thumbnail","6":"product_cat-componentes-de-la-plataforma","7":"product_cat-estudio","8":"product_cat-partes-principales","10":"first","11":"instock","12":"shipping-taxable","13":"purchasable","14":"product-type-simple"},"acf":{"long_title":"Juego de escalera de madera Evolve con montantes (GW-010)","subtitle":"","specifications":[{"label":"SKU","text_value":"EV-AT-GW-010","icon":"x"},{"label":"Altura","text_value":"2700 mm","icon":"x"},{"label":"Anchura","text_value":"1100 mm","icon":"x"},{"label":"Distancia entre pelda\u00f1os","text_value":"175 mm","icon":"x"},{"label":"Di\u00e1metro","text_value":"\u00d8 30 mm","icon":"x"},{"label":"Construcci\u00f3n","text_value":"Estructura de acero y madera","icon":"x"},{"label":"Utilizaci\u00f3n","text_value":"Comercial \/ Profesional","icon":"x"},{"label":"Garant\u00eda","text_value":"2 a\u00f1os","icon":"x"}],"product_frequently_asked_questions":null},"yoast_head":"<!-- This site is optimized with the Yoast SEO plugin v27.4 - https:\/\/yoast.com\/product\/yoast-seo-wordpress\/ -->\n<title>Juego de escalera de madera Evolve con montantes (GW-010) - Evolve<\/title>\n<meta name=\"description\" content=\"La placa base Evolve - 110 cm es una base estructural resistente dise\u00f1ada para proporcionar la m\u00e1xima estabilidad y alineaci\u00f3n al conectar dos montantes\" \/>\n<meta name=\"robots\" content=\"index, follow, max-snippet:-1, max-image-preview:large, max-video-preview:-1\" \/>\n<link rel=\"canonical\" href=\"https:\/\/evolve-fitness.eu\/es\/producto\/juego-de-escalera-de-madera-evolve-con-montantes-gw-010\/\" \/>\n<meta property=\"og:locale\" content=\"es_ES\" \/>\n<meta property=\"og:type\" content=\"article\" \/>\n<meta property=\"og:title\" content=\"Juego de escalera de madera Evolve con montantes (GW-010) - Evolve\" \/>\n<meta property=\"og:description\" content=\"La placa base Evolve - 110 cm es una base estructural resistente dise\u00f1ada para proporcionar la m\u00e1xima estabilidad y alineaci\u00f3n al conectar dos montantes\" \/>\n<meta property=\"og:url\" content=\"https:\/\/evolve-fitness.eu\/es\/producto\/juego-de-escalera-de-madera-evolve-con-montantes-gw-010\/\" \/>\n<meta property=\"og:site_name\" content=\"Evolve\" \/>\n<meta property=\"article:publisher\" content=\"https:\/\/www.facebook.com\/EvolveFitnessEurope\" \/>\n<meta property=\"og:image\" content=\"https:\/\/evolve-fitness.eu\/wp-content\/uploads\/2026\/02\/EV-AT-GW-010.png\" \/>\n\t<meta property=\"og:image:width\" content=\"1080\" \/>\n\t<meta property=\"og:image:height\" content=\"1080\" \/>\n\t<meta property=\"og:image:type\" content=\"image\/png\" \/>\n<meta name=\"twitter:card\" content=\"summary_large_image\" \/>\n<script type=\"application\/ld+json\" class=\"yoast-schema-graph\">{\"@context\":\"https:\\\/\\\/schema.org\",\"@graph\":[{\"@type\":\"WebPage\",\"@id\":\"https:\\\/\\\/evolve-fitness.eu\\\/es\\\/producto\\\/juego-de-escalera-de-madera-evolve-con-montantes-gw-010\\\/\",\"url\":\"https:\\\/\\\/evolve-fitness.eu\\\/es\\\/producto\\\/juego-de-escalera-de-madera-evolve-con-montantes-gw-010\\\/\",\"name\":\"Juego de escalera de madera Evolve con montantes (GW-010) - Evolve\",\"isPartOf\":{\"@id\":\"https:\\\/\\\/evolve-fitness.eu\\\/es\\\/#website\"},\"primaryImageOfPage\":{\"@id\":\"https:\\\/\\\/evolve-fitness.eu\\\/es\\\/producto\\\/juego-de-escalera-de-madera-evolve-con-montantes-gw-010\\\/#primaryimage\"},\"image\":{\"@id\":\"https:\\\/\\\/evolve-fitness.eu\\\/es\\\/producto\\\/juego-de-escalera-de-madera-evolve-con-montantes-gw-010\\\/#primaryimage\"},\"thumbnailUrl\":\"https:\\\/\\\/evolve-fitness.eu\\\/wp-content\\\/uploads\\\/2026\\\/02\\\/EV-AT-GW-010.png\",\"datePublished\":\"2026-02-13T11:50:01+00:00\",\"description\":\"La placa base Evolve - 110 cm es una base estructural resistente dise\u00f1ada para proporcionar la m\u00e1xima estabilidad y alineaci\u00f3n al conectar dos montantes\",\"breadcrumb\":{\"@id\":\"https:\\\/\\\/evolve-fitness.eu\\\/es\\\/producto\\\/juego-de-escalera-de-madera-evolve-con-montantes-gw-010\\\/#breadcrumb\"},\"inLanguage\":\"es\",\"potentialAction\":[{\"@type\":\"ReadAction\",\"target\":[\"https:\\\/\\\/evolve-fitness.eu\\\/es\\\/producto\\\/juego-de-escalera-de-madera-evolve-con-montantes-gw-010\\\/\"]}]},{\"@type\":\"ImageObject\",\"inLanguage\":\"es\",\"@id\":\"https:\\\/\\\/evolve-fitness.eu\\\/es\\\/producto\\\/juego-de-escalera-de-madera-evolve-con-montantes-gw-010\\\/#primaryimage\",\"url\":\"https:\\\/\\\/evolve-fitness.eu\\\/wp-content\\\/uploads\\\/2026\\\/02\\\/EV-AT-GW-010.png\",\"contentUrl\":\"https:\\\/\\\/evolve-fitness.eu\\\/wp-content\\\/uploads\\\/2026\\\/02\\\/EV-AT-GW-010.png\",\"width\":1080,\"height\":1080},{\"@type\":\"BreadcrumbList\",\"@id\":\"https:\\\/\\\/evolve-fitness.eu\\\/es\\\/producto\\\/juego-de-escalera-de-madera-evolve-con-montantes-gw-010\\\/#breadcrumb\",\"itemListElement\":[{\"@type\":\"ListItem\",\"position\":1,\"name\":\"Home\",\"item\":\"https:\\\/\\\/evolve-fitness.eu\\\/es\\\/\"},{\"@type\":\"ListItem\",\"position\":2,\"name\":\"Productos\",\"item\":\"https:\\\/\\\/evolve-fitness.eu\\\/es\\\/shop\\\/\"},{\"@type\":\"ListItem\",\"position\":3,\"name\":\"Juego de escalera de madera Evolve con montantes (GW-010)\"}]},{\"@type\":\"WebSite\",\"@id\":\"https:\\\/\\\/evolve-fitness.eu\\\/es\\\/#website\",\"url\":\"https:\\\/\\\/evolve-fitness.eu\\\/es\\\/\",\"name\":\"Evolve\",\"description\":\"Your Evolved Gear Arrived\",\"publisher\":{\"@id\":\"https:\\\/\\\/evolve-fitness.eu\\\/es\\\/#organization\"},\"potentialAction\":[{\"@type\":\"SearchAction\",\"target\":{\"@type\":\"EntryPoint\",\"urlTemplate\":\"https:\\\/\\\/evolve-fitness.eu\\\/es\\\/?s={search_term_string}\"},\"query-input\":{\"@type\":\"PropertyValueSpecification\",\"valueRequired\":true,\"valueName\":\"search_term_string\"}}],\"inLanguage\":\"es\"},{\"@type\":\"Organization\",\"@id\":\"https:\\\/\\\/evolve-fitness.eu\\\/es\\\/#organization\",\"name\":\"Evolve\",\"url\":\"https:\\\/\\\/evolve-fitness.eu\\\/es\\\/\",\"logo\":{\"@type\":\"ImageObject\",\"inLanguage\":\"es\",\"@id\":\"https:\\\/\\\/evolve-fitness.eu\\\/es\\\/#\\\/schema\\\/logo\\\/image\\\/\",\"url\":\"https:\\\/\\\/evolve-fitness.eu\\\/wp-content\\\/uploads\\\/2023\\\/05\\\/Evolve-logo.svg\",\"contentUrl\":\"https:\\\/\\\/evolve-fitness.eu\\\/wp-content\\\/uploads\\\/2023\\\/05\\\/Evolve-logo.svg\",\"width\":176,\"height\":20,\"caption\":\"Evolve\"},\"image\":{\"@id\":\"https:\\\/\\\/evolve-fitness.eu\\\/es\\\/#\\\/schema\\\/logo\\\/image\\\/\"},\"sameAs\":[\"https:\\\/\\\/www.facebook.com\\\/EvolveFitnessEurope\"]}]}<\/script>\n<!-- \/ Yoast SEO plugin. -->","yoast_head_json":{"title":"Juego de escalera de madera Evolve con montantes (GW-010) - Evolve","description":"La placa base Evolve - 110 cm es una base estructural resistente dise\u00f1ada para proporcionar la m\u00e1xima estabilidad y alineaci\u00f3n al conectar dos montantes","robots":{"index":"index","follow":"follow","max-snippet":"max-snippet:-1","max-image-preview":"max-image-preview:large","max-video-preview":"max-video-preview:-1"},"canonical":"https:\/\/evolve-fitness.eu\/es\/producto\/juego-de-escalera-de-madera-evolve-con-montantes-gw-010\/","og_locale":"es_ES","og_type":"article","og_title":"Juego de escalera de madera Evolve con montantes (GW-010) - Evolve","og_description":"La placa base Evolve - 110 cm es una base estructural resistente dise\u00f1ada para proporcionar la m\u00e1xima estabilidad y alineaci\u00f3n al conectar dos montantes","og_url":"https:\/\/evolve-fitness.eu\/es\/producto\/juego-de-escalera-de-madera-evolve-con-montantes-gw-010\/","og_site_name":"Evolve","article_publisher":"https:\/\/www.facebook.com\/EvolveFitnessEurope","og_image":[{"width":1080,"height":1080,"url":"https:\/\/evolve-fitness.eu\/wp-content\/uploads\/2026\/02\/EV-AT-GW-010.png","type":"image\/png"}],"twitter_card":"summary_large_image","schema":{"@context":"https:\/\/schema.org","@graph":[{"@type":"WebPage","@id":"https:\/\/evolve-fitness.eu\/es\/producto\/juego-de-escalera-de-madera-evolve-con-montantes-gw-010\/","url":"https:\/\/evolve-fitness.eu\/es\/producto\/juego-de-escalera-de-madera-evolve-con-montantes-gw-010\/","name":"Juego de escalera de madera Evolve con montantes (GW-010) - Evolve","isPartOf":{"@id":"https:\/\/evolve-fitness.eu\/es\/#website"},"primaryImageOfPage":{"@id":"https:\/\/evolve-fitness.eu\/es\/producto\/juego-de-escalera-de-madera-evolve-con-montantes-gw-010\/#primaryimage"},"image":{"@id":"https:\/\/evolve-fitness.eu\/es\/producto\/juego-de-escalera-de-madera-evolve-con-montantes-gw-010\/#primaryimage"},"thumbnailUrl":"https:\/\/evolve-fitness.eu\/wp-content\/uploads\/2026\/02\/EV-AT-GW-010.png","datePublished":"2026-02-13T11:50:01+00:00","description":"La placa base Evolve - 110 cm es una base estructural resistente dise\u00f1ada para proporcionar la m\u00e1xima estabilidad y alineaci\u00f3n al conectar dos montantes","breadcrumb":{"@id":"https:\/\/evolve-fitness.eu\/es\/producto\/juego-de-escalera-de-madera-evolve-con-montantes-gw-010\/#breadcrumb"},"inLanguage":"es","potentialAction":[{"@type":"ReadAction","target":["https:\/\/evolve-fitness.eu\/es\/producto\/juego-de-escalera-de-madera-evolve-con-montantes-gw-010\/"]}]},{"@type":"ImageObject","inLanguage":"es","@id":"https:\/\/evolve-fitness.eu\/es\/producto\/juego-de-escalera-de-madera-evolve-con-montantes-gw-010\/#primaryimage","url":"https:\/\/evolve-fitness.eu\/wp-content\/uploads\/2026\/02\/EV-AT-GW-010.png","contentUrl":"https:\/\/evolve-fitness.eu\/wp-content\/uploads\/2026\/02\/EV-AT-GW-010.png","width":1080,"height":1080},{"@type":"BreadcrumbList","@id":"https:\/\/evolve-fitness.eu\/es\/producto\/juego-de-escalera-de-madera-evolve-con-montantes-gw-010\/#breadcrumb","itemListElement":[{"@type":"ListItem","position":1,"name":"Home","item":"https:\/\/evolve-fitness.eu\/es\/"},{"@type":"ListItem","position":2,"name":"Productos","item":"https:\/\/evolve-fitness.eu\/es\/shop\/"},{"@type":"ListItem","position":3,"name":"Juego de escalera de madera Evolve con montantes (GW-010)"}]},{"@type":"WebSite","@id":"https:\/\/evolve-fitness.eu\/es\/#website","url":"https:\/\/evolve-fitness.eu\/es\/","name":"Evolve","description":"Your Evolved Gear Arrived","publisher":{"@id":"https:\/\/evolve-fitness.eu\/es\/#organization"},"potentialAction":[{"@type":"SearchAction","target":{"@type":"EntryPoint","urlTemplate":"https:\/\/evolve-fitness.eu\/es\/?s={search_term_string}"},"query-input":{"@type":"PropertyValueSpecification","valueRequired":true,"valueName":"search_term_string"}}],"inLanguage":"es"},{"@type":"Organization","@id":"https:\/\/evolve-fitness.eu\/es\/#organization","name":"Evolve","url":"https:\/\/evolve-fitness.eu\/es\/","logo":{"@type":"ImageObject","inLanguage":"es","@id":"https:\/\/evolve-fitness.eu\/es\/#\/schema\/logo\/image\/","url":"https:\/\/evolve-fitness.eu\/wp-content\/uploads\/2023\/05\/Evolve-logo.svg","contentUrl":"https:\/\/evolve-fitness.eu\/wp-content\/uploads\/2023\/05\/Evolve-logo.svg","width":176,"height":20,"caption":"Evolve"},"image":{"@id":"https:\/\/evolve-fitness.eu\/es\/#\/schema\/logo\/image\/"},"sameAs":["https:\/\/www.facebook.com\/EvolveFitnessEurope"]}]}},"_links":{"self":[{"href":"https:\/\/evolve-fitness.eu\/es\/wp-json\/wp\/v2\/product\/232330","targetHints":{"allow":["GET"]}}],"collection":[{"href":"https:\/\/evolve-fitness.eu\/es\/wp-json\/wp\/v2\/product"}],"about":[{"href":"https:\/\/evolve-fitness.eu\/es\/wp-json\/wp\/v2\/types\/product"}],"wp:featuredmedia":[{"embeddable":true,"href":"https:\/\/evolve-fitness.eu\/es\/wp-json\/wp\/v2\/media\/232331"}],"wp:attachment":[{"href":"https:\/\/evolve-fitness.eu\/es\/wp-json\/wp\/v2\/media?parent=232330"}],"wp:term":[{"taxonomy":"product_brand","embeddable":true,"href":"https:\/\/evolve-fitness.eu\/es\/wp-json\/wp\/v2\/product_brand?post=232330"},{"taxonomy":"product_cat","embeddable":true,"href":"https:\/\/evolve-fitness.eu\/es\/wp-json\/wp\/v2\/product_cat?post=232330"},{"taxonomy":"product_tag","embeddable":true,"href":"https:\/\/evolve-fitness.eu\/es\/wp-json\/wp\/v2\/product_tag?post=232330"}],"curies":[{"name":"wp","href":"https:\/\/api.w.org\/{rel}","templated":true}]}}