{"id":234293,"date":"2025-10-14T10:36:44","date_gmt":"2025-10-14T10:36:44","guid":{"rendered":"https:\/\/evolve-fitness.eu\/product\/prensa-vertical-de-piernas-con-placas-evolve-econ-series-ec-120\/"},"modified":"2025-10-14T10:36:44","modified_gmt":"2025-10-14T07:36:44","slug":"prensa-vertical-de-piernas-con-placas-evolve-econ-series-ec-120","status":"publish","type":"product","link":"https:\/\/evolve-fitness.eu\/es\/producto\/prensa-vertical-de-piernas-con-placas-evolve-econ-series-ec-120\/","title":{"rendered":"Prensa vertical de piernas con placas Evolve Econ Series (EC-120)"},"content":{"rendered":"","protected":false},"excerpt":{"rendered":"<p>La prensa de piernas vertical con carga de placas Evolve Econ Series est\u00e1 dise\u00f1ada para maximizar la fuerza de la parte inferior del cuerpo, centr\u00e1ndose en los cu\u00e1driceps, isquiotibiales y gl\u00fateos. Su dise\u00f1o vertical proporciona un movimiento de prensado natural y eficaz con una distribuci\u00f3n \u00f3ptima de la carga, mientras que el sistema de placas garantiza un ajuste suave de la resistencia. Construido con materiales resistentes para mayor durabilidad y estabilidad, es ideal para entornos de gimnasio comerciales y profesionales.  <\/p>\n<p>\n","protected":false},"featured_media":234297,"template":"","meta":{"_acf_changed":false,"inline_featured_image":false},"product_brand":[],"product_cat":[2949,5424],"product_tag":[1762,13136],"class_list":{"0":"post-234293","1":"product","2":"type-product","3":"status-publish","4":"has-post-thumbnail","6":"product_cat-maquinas-de-carga-de-placas","7":"product_cat-maquinas-de-carga-por-placas-econ-series","8":"product_tag-fuerza","9":"product_tag-placa-cargada","11":"first","12":"instock","13":"shipping-taxable","14":"purchasable","15":"product-type-simple"},"acf":{"long_title":"Prensa vertical de piernas con placas Evolve Econ Series (EC-120)","subtitle":"","specifications":[{"label":"SKU","text_value":"EV-PL-EC-120","icon":"x"},{"label":"Dimensiones","text_value":"1655 x 1214 x 1711 mm","icon":"x"},{"label":"Peso","text_value":"110,4 kg","icon":"x"},{"label":"Max. carga","text_value":"2 x 100 kg + 1 x 150 kg","icon":"x"},{"label":"Pintura anticorrosi\u00f3n","text_value":"","icon":"v"},{"label":"Marco met\u00e1lico sin bordes afilados","text_value":"","icon":"v"},{"label":"Protectores de suelo duraderos","text_value":"","icon":"v"},{"label":"Garant\u00eda","text_value":"2 a\u00f1os","icon":"x"}],"product_frequently_asked_questions":null},"yoast_head":"<!-- This site is optimized with the Yoast SEO plugin v27.4 - https:\/\/yoast.com\/product\/yoast-seo-wordpress\/ -->\n<title>Prensa vertical de piernas con placas Evolve Econ Series (EC-120) - Evolve<\/title>\n<meta name=\"description\" content=\"La prensa vertical de piernas con placa de la serie Evolve Econ est\u00e1 dise\u00f1ada para maximizar la fuerza de la parte inferior del cuerpo, centr\u00e1ndose en los cu\u00e1driceps.\" \/>\n<meta name=\"robots\" content=\"index, follow, max-snippet:-1, max-image-preview:large, max-video-preview:-1\" \/>\n<link rel=\"canonical\" href=\"https:\/\/evolve-fitness.eu\/es\/producto\/prensa-vertical-de-piernas-con-placas-evolve-econ-series-ec-120\/\" \/>\n<meta property=\"og:locale\" content=\"es_ES\" \/>\n<meta property=\"og:type\" content=\"article\" \/>\n<meta property=\"og:title\" content=\"Prensa vertical de piernas con placas Evolve Econ Series (EC-120) - Evolve\" \/>\n<meta property=\"og:description\" content=\"La prensa vertical de piernas con placa de la serie Evolve Econ est\u00e1 dise\u00f1ada para maximizar la fuerza de la parte inferior del cuerpo, centr\u00e1ndose en los cu\u00e1driceps.\" \/>\n<meta property=\"og:url\" content=\"https:\/\/evolve-fitness.eu\/es\/producto\/prensa-vertical-de-piernas-con-placas-evolve-econ-series-ec-120\/\" \/>\n<meta property=\"og:site_name\" content=\"Evolve\" \/>\n<meta property=\"article:publisher\" content=\"https:\/\/www.facebook.com\/EvolveFitnessEurope\" \/>\n<meta property=\"og:image\" content=\"https:\/\/evolve-fitness.eu\/wp-content\/uploads\/2025\/10\/EV-PL-EC-1201.png\" \/>\n\t<meta property=\"og:image:width\" content=\"1200\" \/>\n\t<meta property=\"og:image:height\" content=\"1200\" \/>\n\t<meta property=\"og:image:type\" content=\"image\/png\" \/>\n<meta name=\"twitter:card\" content=\"summary_large_image\" \/>\n<script type=\"application\/ld+json\" class=\"yoast-schema-graph\">{\"@context\":\"https:\\\/\\\/schema.org\",\"@graph\":[{\"@type\":\"WebPage\",\"@id\":\"https:\\\/\\\/evolve-fitness.eu\\\/es\\\/producto\\\/prensa-vertical-de-piernas-con-placas-evolve-econ-series-ec-120\\\/\",\"url\":\"https:\\\/\\\/evolve-fitness.eu\\\/es\\\/producto\\\/prensa-vertical-de-piernas-con-placas-evolve-econ-series-ec-120\\\/\",\"name\":\"Prensa vertical de piernas con placas Evolve Econ Series (EC-120) - Evolve\",\"isPartOf\":{\"@id\":\"https:\\\/\\\/evolve-fitness.eu\\\/es\\\/#website\"},\"primaryImageOfPage\":{\"@id\":\"https:\\\/\\\/evolve-fitness.eu\\\/es\\\/producto\\\/prensa-vertical-de-piernas-con-placas-evolve-econ-series-ec-120\\\/#primaryimage\"},\"image\":{\"@id\":\"https:\\\/\\\/evolve-fitness.eu\\\/es\\\/producto\\\/prensa-vertical-de-piernas-con-placas-evolve-econ-series-ec-120\\\/#primaryimage\"},\"thumbnailUrl\":\"https:\\\/\\\/evolve-fitness.eu\\\/wp-content\\\/uploads\\\/2025\\\/10\\\/EV-PL-EC-1201.png\",\"datePublished\":\"2025-10-14T10:36:44+00:00\",\"description\":\"La prensa vertical de piernas con placa de la serie Evolve Econ est\u00e1 dise\u00f1ada para maximizar la fuerza de la parte inferior del cuerpo, centr\u00e1ndose en los cu\u00e1driceps.\",\"breadcrumb\":{\"@id\":\"https:\\\/\\\/evolve-fitness.eu\\\/es\\\/producto\\\/prensa-vertical-de-piernas-con-placas-evolve-econ-series-ec-120\\\/#breadcrumb\"},\"inLanguage\":\"es\",\"potentialAction\":[{\"@type\":\"ReadAction\",\"target\":[\"https:\\\/\\\/evolve-fitness.eu\\\/es\\\/producto\\\/prensa-vertical-de-piernas-con-placas-evolve-econ-series-ec-120\\\/\"]}]},{\"@type\":\"ImageObject\",\"inLanguage\":\"es\",\"@id\":\"https:\\\/\\\/evolve-fitness.eu\\\/es\\\/producto\\\/prensa-vertical-de-piernas-con-placas-evolve-econ-series-ec-120\\\/#primaryimage\",\"url\":\"https:\\\/\\\/evolve-fitness.eu\\\/wp-content\\\/uploads\\\/2025\\\/10\\\/EV-PL-EC-1201.png\",\"contentUrl\":\"https:\\\/\\\/evolve-fitness.eu\\\/wp-content\\\/uploads\\\/2025\\\/10\\\/EV-PL-EC-1201.png\",\"width\":1200,\"height\":1200},{\"@type\":\"BreadcrumbList\",\"@id\":\"https:\\\/\\\/evolve-fitness.eu\\\/es\\\/producto\\\/prensa-vertical-de-piernas-con-placas-evolve-econ-series-ec-120\\\/#breadcrumb\",\"itemListElement\":[{\"@type\":\"ListItem\",\"position\":1,\"name\":\"Home\",\"item\":\"https:\\\/\\\/evolve-fitness.eu\\\/es\\\/\"},{\"@type\":\"ListItem\",\"position\":2,\"name\":\"Productos\",\"item\":\"https:\\\/\\\/evolve-fitness.eu\\\/es\\\/shop\\\/\"},{\"@type\":\"ListItem\",\"position\":3,\"name\":\"Prensa vertical de piernas con placas Evolve Econ Series (EC-120)\"}]},{\"@type\":\"WebSite\",\"@id\":\"https:\\\/\\\/evolve-fitness.eu\\\/es\\\/#website\",\"url\":\"https:\\\/\\\/evolve-fitness.eu\\\/es\\\/\",\"name\":\"Evolve\",\"description\":\"Your Evolved Gear Arrived\",\"publisher\":{\"@id\":\"https:\\\/\\\/evolve-fitness.eu\\\/es\\\/#organization\"},\"potentialAction\":[{\"@type\":\"SearchAction\",\"target\":{\"@type\":\"EntryPoint\",\"urlTemplate\":\"https:\\\/\\\/evolve-fitness.eu\\\/es\\\/?s={search_term_string}\"},\"query-input\":{\"@type\":\"PropertyValueSpecification\",\"valueRequired\":true,\"valueName\":\"search_term_string\"}}],\"inLanguage\":\"es\"},{\"@type\":\"Organization\",\"@id\":\"https:\\\/\\\/evolve-fitness.eu\\\/es\\\/#organization\",\"name\":\"Evolve\",\"url\":\"https:\\\/\\\/evolve-fitness.eu\\\/es\\\/\",\"logo\":{\"@type\":\"ImageObject\",\"inLanguage\":\"es\",\"@id\":\"https:\\\/\\\/evolve-fitness.eu\\\/es\\\/#\\\/schema\\\/logo\\\/image\\\/\",\"url\":\"https:\\\/\\\/evolve-fitness.eu\\\/wp-content\\\/uploads\\\/2023\\\/05\\\/Evolve-logo.svg\",\"contentUrl\":\"https:\\\/\\\/evolve-fitness.eu\\\/wp-content\\\/uploads\\\/2023\\\/05\\\/Evolve-logo.svg\",\"width\":176,\"height\":20,\"caption\":\"Evolve\"},\"image\":{\"@id\":\"https:\\\/\\\/evolve-fitness.eu\\\/es\\\/#\\\/schema\\\/logo\\\/image\\\/\"},\"sameAs\":[\"https:\\\/\\\/www.facebook.com\\\/EvolveFitnessEurope\"]}]}<\/script>\n<!-- \/ Yoast SEO plugin. -->","yoast_head_json":{"title":"Prensa vertical de piernas con placas Evolve Econ Series (EC-120) - Evolve","description":"La prensa vertical de piernas con placa de la serie Evolve Econ est\u00e1 dise\u00f1ada para maximizar la fuerza de la parte inferior del cuerpo, centr\u00e1ndose en los cu\u00e1driceps.","robots":{"index":"index","follow":"follow","max-snippet":"max-snippet:-1","max-image-preview":"max-image-preview:large","max-video-preview":"max-video-preview:-1"},"canonical":"https:\/\/evolve-fitness.eu\/es\/producto\/prensa-vertical-de-piernas-con-placas-evolve-econ-series-ec-120\/","og_locale":"es_ES","og_type":"article","og_title":"Prensa vertical de piernas con placas Evolve Econ Series (EC-120) - Evolve","og_description":"La prensa vertical de piernas con placa de la serie Evolve Econ est\u00e1 dise\u00f1ada para maximizar la fuerza de la parte inferior del cuerpo, centr\u00e1ndose en los cu\u00e1driceps.","og_url":"https:\/\/evolve-fitness.eu\/es\/producto\/prensa-vertical-de-piernas-con-placas-evolve-econ-series-ec-120\/","og_site_name":"Evolve","article_publisher":"https:\/\/www.facebook.com\/EvolveFitnessEurope","og_image":[{"width":1200,"height":1200,"url":"https:\/\/evolve-fitness.eu\/wp-content\/uploads\/2025\/10\/EV-PL-EC-1201.png","type":"image\/png"}],"twitter_card":"summary_large_image","schema":{"@context":"https:\/\/schema.org","@graph":[{"@type":"WebPage","@id":"https:\/\/evolve-fitness.eu\/es\/producto\/prensa-vertical-de-piernas-con-placas-evolve-econ-series-ec-120\/","url":"https:\/\/evolve-fitness.eu\/es\/producto\/prensa-vertical-de-piernas-con-placas-evolve-econ-series-ec-120\/","name":"Prensa vertical de piernas con placas Evolve Econ Series (EC-120) - Evolve","isPartOf":{"@id":"https:\/\/evolve-fitness.eu\/es\/#website"},"primaryImageOfPage":{"@id":"https:\/\/evolve-fitness.eu\/es\/producto\/prensa-vertical-de-piernas-con-placas-evolve-econ-series-ec-120\/#primaryimage"},"image":{"@id":"https:\/\/evolve-fitness.eu\/es\/producto\/prensa-vertical-de-piernas-con-placas-evolve-econ-series-ec-120\/#primaryimage"},"thumbnailUrl":"https:\/\/evolve-fitness.eu\/wp-content\/uploads\/2025\/10\/EV-PL-EC-1201.png","datePublished":"2025-10-14T10:36:44+00:00","description":"La prensa vertical de piernas con placa de la serie Evolve Econ est\u00e1 dise\u00f1ada para maximizar la fuerza de la parte inferior del cuerpo, centr\u00e1ndose en los cu\u00e1driceps.","breadcrumb":{"@id":"https:\/\/evolve-fitness.eu\/es\/producto\/prensa-vertical-de-piernas-con-placas-evolve-econ-series-ec-120\/#breadcrumb"},"inLanguage":"es","potentialAction":[{"@type":"ReadAction","target":["https:\/\/evolve-fitness.eu\/es\/producto\/prensa-vertical-de-piernas-con-placas-evolve-econ-series-ec-120\/"]}]},{"@type":"ImageObject","inLanguage":"es","@id":"https:\/\/evolve-fitness.eu\/es\/producto\/prensa-vertical-de-piernas-con-placas-evolve-econ-series-ec-120\/#primaryimage","url":"https:\/\/evolve-fitness.eu\/wp-content\/uploads\/2025\/10\/EV-PL-EC-1201.png","contentUrl":"https:\/\/evolve-fitness.eu\/wp-content\/uploads\/2025\/10\/EV-PL-EC-1201.png","width":1200,"height":1200},{"@type":"BreadcrumbList","@id":"https:\/\/evolve-fitness.eu\/es\/producto\/prensa-vertical-de-piernas-con-placas-evolve-econ-series-ec-120\/#breadcrumb","itemListElement":[{"@type":"ListItem","position":1,"name":"Home","item":"https:\/\/evolve-fitness.eu\/es\/"},{"@type":"ListItem","position":2,"name":"Productos","item":"https:\/\/evolve-fitness.eu\/es\/shop\/"},{"@type":"ListItem","position":3,"name":"Prensa vertical de piernas con placas Evolve Econ Series (EC-120)"}]},{"@type":"WebSite","@id":"https:\/\/evolve-fitness.eu\/es\/#website","url":"https:\/\/evolve-fitness.eu\/es\/","name":"Evolve","description":"Your Evolved Gear Arrived","publisher":{"@id":"https:\/\/evolve-fitness.eu\/es\/#organization"},"potentialAction":[{"@type":"SearchAction","target":{"@type":"EntryPoint","urlTemplate":"https:\/\/evolve-fitness.eu\/es\/?s={search_term_string}"},"query-input":{"@type":"PropertyValueSpecification","valueRequired":true,"valueName":"search_term_string"}}],"inLanguage":"es"},{"@type":"Organization","@id":"https:\/\/evolve-fitness.eu\/es\/#organization","name":"Evolve","url":"https:\/\/evolve-fitness.eu\/es\/","logo":{"@type":"ImageObject","inLanguage":"es","@id":"https:\/\/evolve-fitness.eu\/es\/#\/schema\/logo\/image\/","url":"https:\/\/evolve-fitness.eu\/wp-content\/uploads\/2023\/05\/Evolve-logo.svg","contentUrl":"https:\/\/evolve-fitness.eu\/wp-content\/uploads\/2023\/05\/Evolve-logo.svg","width":176,"height":20,"caption":"Evolve"},"image":{"@id":"https:\/\/evolve-fitness.eu\/es\/#\/schema\/logo\/image\/"},"sameAs":["https:\/\/www.facebook.com\/EvolveFitnessEurope"]}]}},"_links":{"self":[{"href":"https:\/\/evolve-fitness.eu\/es\/wp-json\/wp\/v2\/product\/234293","targetHints":{"allow":["GET"]}}],"collection":[{"href":"https:\/\/evolve-fitness.eu\/es\/wp-json\/wp\/v2\/product"}],"about":[{"href":"https:\/\/evolve-fitness.eu\/es\/wp-json\/wp\/v2\/types\/product"}],"wp:featuredmedia":[{"embeddable":true,"href":"https:\/\/evolve-fitness.eu\/es\/wp-json\/wp\/v2\/media\/234297"}],"wp:attachment":[{"href":"https:\/\/evolve-fitness.eu\/es\/wp-json\/wp\/v2\/media?parent=234293"}],"wp:term":[{"taxonomy":"product_brand","embeddable":true,"href":"https:\/\/evolve-fitness.eu\/es\/wp-json\/wp\/v2\/product_brand?post=234293"},{"taxonomy":"product_cat","embeddable":true,"href":"https:\/\/evolve-fitness.eu\/es\/wp-json\/wp\/v2\/product_cat?post=234293"},{"taxonomy":"product_tag","embeddable":true,"href":"https:\/\/evolve-fitness.eu\/es\/wp-json\/wp\/v2\/product_tag?post=234293"}],"curies":[{"name":"wp","href":"https:\/\/api.w.org\/{rel}","templated":true}]}}