{"id":234353,"date":"2025-10-14T10:47:00","date_gmt":"2025-10-14T10:47:00","guid":{"rendered":"https:\/\/evolve-fitness.eu\/product\/empuje-de-cadera-con-placa-evolve-serie-econ-ec-130\/"},"modified":"2025-10-14T10:47:00","modified_gmt":"2025-10-14T07:47:00","slug":"empuje-de-cadera-con-placa-evolve-serie-econ-ec-130","status":"publish","type":"product","link":"https:\/\/evolve-fitness.eu\/es\/producto\/empuje-de-cadera-con-placa-evolve-serie-econ-ec-130\/","title":{"rendered":"Empuje de cadera con placa Evolve Serie Econ (EC-130)"},"content":{"rendered":"","protected":false},"excerpt":{"rendered":"<p>La serie Evolve Econ de empuje de cadera con carga de placas est\u00e1 dise\u00f1ada para trabajar y fortalecer eficazmente los gl\u00fateos, los isquiotibiales y el tronco mediante un movimiento de elevaci\u00f3n seguro y controlado. Su sistema de resistencia con placas permite un ajuste suave de la carga, mientras que la plataforma ergon\u00f3mica acolchada y la colocaci\u00f3n ajustable de los pies garantizan comodidad y estabilidad. Construida para ofrecer durabilidad y un rendimiento constante, es ideal para entornos de entrenamiento de fuerza profesionales y comerciales.  <\/p>\n<p>\n","protected":false},"featured_media":234357,"template":"","meta":{"_acf_changed":false,"inline_featured_image":false},"product_brand":[],"product_cat":[2949,5424],"product_tag":[13136],"class_list":{"0":"post-234353","1":"product","2":"type-product","3":"status-publish","4":"has-post-thumbnail","6":"product_cat-maquinas-de-carga-de-placas","7":"product_cat-maquinas-de-carga-por-placas-econ-series","8":"product_tag-placa-cargada","10":"first","11":"instock","12":"shipping-taxable","13":"purchasable","14":"product-type-simple"},"acf":{"long_title":"Empuje de cadera con placa Evolve Serie Econ (EC-130)","subtitle":"","specifications":[{"label":"SKU","text_value":"EV-PL-EC-130","icon":"x"},{"label":"Dimensiones","text_value":"1292 x 1449 x 784 mm","icon":"x"},{"label":"Peso","text_value":"88,4 kg","icon":"x"},{"label":"Max. carga","text_value":"100 kg","icon":"x"},{"label":"Pintura anticorrosi\u00f3n","text_value":"","icon":"v"},{"label":"Marco met\u00e1lico sin bordes afilados","text_value":"","icon":"v"},{"label":"Protectores de suelo duraderos","text_value":"","icon":"v"},{"label":"Garant\u00eda","text_value":"2 a\u00f1os","icon":"x"}],"product_frequently_asked_questions":null},"yoast_head":"<!-- This site is optimized with the Yoast SEO plugin v27.4 - https:\/\/yoast.com\/product\/yoast-seo-wordpress\/ -->\n<title>Empuje de cadera con placa Evolve Serie Econ (EC-130) - Evolve<\/title>\n<meta name=\"description\" content=\"El empuje de cadera con carga de placas de la serie Evolve Econ est\u00e1 dise\u00f1ado para trabajar y fortalecer eficazmente los gl\u00fateos, los isquiotibiales y el tronco a trav\u00e9s de\" \/>\n<meta name=\"robots\" content=\"index, follow, max-snippet:-1, max-image-preview:large, max-video-preview:-1\" \/>\n<link rel=\"canonical\" href=\"https:\/\/evolve-fitness.eu\/es\/producto\/empuje-de-cadera-con-placa-evolve-serie-econ-ec-130\/\" \/>\n<meta property=\"og:locale\" content=\"es_ES\" \/>\n<meta property=\"og:type\" content=\"article\" \/>\n<meta property=\"og:title\" content=\"Empuje de cadera con placa Evolve Serie Econ (EC-130) - Evolve\" \/>\n<meta property=\"og:description\" content=\"El empuje de cadera con carga de placas de la serie Evolve Econ est\u00e1 dise\u00f1ado para trabajar y fortalecer eficazmente los gl\u00fateos, los isquiotibiales y el tronco a trav\u00e9s de\" \/>\n<meta property=\"og:url\" content=\"https:\/\/evolve-fitness.eu\/es\/producto\/empuje-de-cadera-con-placa-evolve-serie-econ-ec-130\/\" \/>\n<meta property=\"og:site_name\" content=\"Evolve\" \/>\n<meta property=\"article:publisher\" content=\"https:\/\/www.facebook.com\/EvolveFitnessEurope\" \/>\n<meta property=\"og:image\" content=\"https:\/\/evolve-fitness.eu\/wp-content\/uploads\/2025\/10\/EV-PL-EC-130.png\" \/>\n\t<meta property=\"og:image:width\" content=\"810\" \/>\n\t<meta property=\"og:image:height\" content=\"810\" \/>\n\t<meta property=\"og:image:type\" content=\"image\/png\" \/>\n<meta name=\"twitter:card\" content=\"summary_large_image\" \/>\n<script type=\"application\/ld+json\" class=\"yoast-schema-graph\">{\"@context\":\"https:\\\/\\\/schema.org\",\"@graph\":[{\"@type\":\"WebPage\",\"@id\":\"https:\\\/\\\/evolve-fitness.eu\\\/es\\\/producto\\\/empuje-de-cadera-con-placa-evolve-serie-econ-ec-130\\\/\",\"url\":\"https:\\\/\\\/evolve-fitness.eu\\\/es\\\/producto\\\/empuje-de-cadera-con-placa-evolve-serie-econ-ec-130\\\/\",\"name\":\"Empuje de cadera con placa Evolve Serie Econ (EC-130) - Evolve\",\"isPartOf\":{\"@id\":\"https:\\\/\\\/evolve-fitness.eu\\\/es\\\/#website\"},\"primaryImageOfPage\":{\"@id\":\"https:\\\/\\\/evolve-fitness.eu\\\/es\\\/producto\\\/empuje-de-cadera-con-placa-evolve-serie-econ-ec-130\\\/#primaryimage\"},\"image\":{\"@id\":\"https:\\\/\\\/evolve-fitness.eu\\\/es\\\/producto\\\/empuje-de-cadera-con-placa-evolve-serie-econ-ec-130\\\/#primaryimage\"},\"thumbnailUrl\":\"https:\\\/\\\/evolve-fitness.eu\\\/wp-content\\\/uploads\\\/2025\\\/10\\\/EV-PL-EC-130.png\",\"datePublished\":\"2025-10-14T10:47:00+00:00\",\"description\":\"El empuje de cadera con carga de placas de la serie Evolve Econ est\u00e1 dise\u00f1ado para trabajar y fortalecer eficazmente los gl\u00fateos, los isquiotibiales y el tronco a trav\u00e9s de\",\"breadcrumb\":{\"@id\":\"https:\\\/\\\/evolve-fitness.eu\\\/es\\\/producto\\\/empuje-de-cadera-con-placa-evolve-serie-econ-ec-130\\\/#breadcrumb\"},\"inLanguage\":\"es\",\"potentialAction\":[{\"@type\":\"ReadAction\",\"target\":[\"https:\\\/\\\/evolve-fitness.eu\\\/es\\\/producto\\\/empuje-de-cadera-con-placa-evolve-serie-econ-ec-130\\\/\"]}]},{\"@type\":\"ImageObject\",\"inLanguage\":\"es\",\"@id\":\"https:\\\/\\\/evolve-fitness.eu\\\/es\\\/producto\\\/empuje-de-cadera-con-placa-evolve-serie-econ-ec-130\\\/#primaryimage\",\"url\":\"https:\\\/\\\/evolve-fitness.eu\\\/wp-content\\\/uploads\\\/2025\\\/10\\\/EV-PL-EC-130.png\",\"contentUrl\":\"https:\\\/\\\/evolve-fitness.eu\\\/wp-content\\\/uploads\\\/2025\\\/10\\\/EV-PL-EC-130.png\",\"width\":810,\"height\":810},{\"@type\":\"BreadcrumbList\",\"@id\":\"https:\\\/\\\/evolve-fitness.eu\\\/es\\\/producto\\\/empuje-de-cadera-con-placa-evolve-serie-econ-ec-130\\\/#breadcrumb\",\"itemListElement\":[{\"@type\":\"ListItem\",\"position\":1,\"name\":\"Home\",\"item\":\"https:\\\/\\\/evolve-fitness.eu\\\/es\\\/\"},{\"@type\":\"ListItem\",\"position\":2,\"name\":\"Productos\",\"item\":\"https:\\\/\\\/evolve-fitness.eu\\\/es\\\/shop\\\/\"},{\"@type\":\"ListItem\",\"position\":3,\"name\":\"Empuje de cadera con placa Evolve Serie Econ (EC-130)\"}]},{\"@type\":\"WebSite\",\"@id\":\"https:\\\/\\\/evolve-fitness.eu\\\/es\\\/#website\",\"url\":\"https:\\\/\\\/evolve-fitness.eu\\\/es\\\/\",\"name\":\"Evolve\",\"description\":\"Your Evolved Gear Arrived\",\"publisher\":{\"@id\":\"https:\\\/\\\/evolve-fitness.eu\\\/es\\\/#organization\"},\"potentialAction\":[{\"@type\":\"SearchAction\",\"target\":{\"@type\":\"EntryPoint\",\"urlTemplate\":\"https:\\\/\\\/evolve-fitness.eu\\\/es\\\/?s={search_term_string}\"},\"query-input\":{\"@type\":\"PropertyValueSpecification\",\"valueRequired\":true,\"valueName\":\"search_term_string\"}}],\"inLanguage\":\"es\"},{\"@type\":\"Organization\",\"@id\":\"https:\\\/\\\/evolve-fitness.eu\\\/es\\\/#organization\",\"name\":\"Evolve\",\"url\":\"https:\\\/\\\/evolve-fitness.eu\\\/es\\\/\",\"logo\":{\"@type\":\"ImageObject\",\"inLanguage\":\"es\",\"@id\":\"https:\\\/\\\/evolve-fitness.eu\\\/es\\\/#\\\/schema\\\/logo\\\/image\\\/\",\"url\":\"https:\\\/\\\/evolve-fitness.eu\\\/wp-content\\\/uploads\\\/2023\\\/05\\\/Evolve-logo.svg\",\"contentUrl\":\"https:\\\/\\\/evolve-fitness.eu\\\/wp-content\\\/uploads\\\/2023\\\/05\\\/Evolve-logo.svg\",\"width\":176,\"height\":20,\"caption\":\"Evolve\"},\"image\":{\"@id\":\"https:\\\/\\\/evolve-fitness.eu\\\/es\\\/#\\\/schema\\\/logo\\\/image\\\/\"},\"sameAs\":[\"https:\\\/\\\/www.facebook.com\\\/EvolveFitnessEurope\"]}]}<\/script>\n<!-- \/ Yoast SEO plugin. -->","yoast_head_json":{"title":"Empuje de cadera con placa Evolve Serie Econ (EC-130) - Evolve","description":"El empuje de cadera con carga de placas de la serie Evolve Econ est\u00e1 dise\u00f1ado para trabajar y fortalecer eficazmente los gl\u00fateos, los isquiotibiales y el tronco a trav\u00e9s de","robots":{"index":"index","follow":"follow","max-snippet":"max-snippet:-1","max-image-preview":"max-image-preview:large","max-video-preview":"max-video-preview:-1"},"canonical":"https:\/\/evolve-fitness.eu\/es\/producto\/empuje-de-cadera-con-placa-evolve-serie-econ-ec-130\/","og_locale":"es_ES","og_type":"article","og_title":"Empuje de cadera con placa Evolve Serie Econ (EC-130) - Evolve","og_description":"El empuje de cadera con carga de placas de la serie Evolve Econ est\u00e1 dise\u00f1ado para trabajar y fortalecer eficazmente los gl\u00fateos, los isquiotibiales y el tronco a trav\u00e9s de","og_url":"https:\/\/evolve-fitness.eu\/es\/producto\/empuje-de-cadera-con-placa-evolve-serie-econ-ec-130\/","og_site_name":"Evolve","article_publisher":"https:\/\/www.facebook.com\/EvolveFitnessEurope","og_image":[{"width":810,"height":810,"url":"https:\/\/evolve-fitness.eu\/wp-content\/uploads\/2025\/10\/EV-PL-EC-130.png","type":"image\/png"}],"twitter_card":"summary_large_image","schema":{"@context":"https:\/\/schema.org","@graph":[{"@type":"WebPage","@id":"https:\/\/evolve-fitness.eu\/es\/producto\/empuje-de-cadera-con-placa-evolve-serie-econ-ec-130\/","url":"https:\/\/evolve-fitness.eu\/es\/producto\/empuje-de-cadera-con-placa-evolve-serie-econ-ec-130\/","name":"Empuje de cadera con placa Evolve Serie Econ (EC-130) - Evolve","isPartOf":{"@id":"https:\/\/evolve-fitness.eu\/es\/#website"},"primaryImageOfPage":{"@id":"https:\/\/evolve-fitness.eu\/es\/producto\/empuje-de-cadera-con-placa-evolve-serie-econ-ec-130\/#primaryimage"},"image":{"@id":"https:\/\/evolve-fitness.eu\/es\/producto\/empuje-de-cadera-con-placa-evolve-serie-econ-ec-130\/#primaryimage"},"thumbnailUrl":"https:\/\/evolve-fitness.eu\/wp-content\/uploads\/2025\/10\/EV-PL-EC-130.png","datePublished":"2025-10-14T10:47:00+00:00","description":"El empuje de cadera con carga de placas de la serie Evolve Econ est\u00e1 dise\u00f1ado para trabajar y fortalecer eficazmente los gl\u00fateos, los isquiotibiales y el tronco a trav\u00e9s de","breadcrumb":{"@id":"https:\/\/evolve-fitness.eu\/es\/producto\/empuje-de-cadera-con-placa-evolve-serie-econ-ec-130\/#breadcrumb"},"inLanguage":"es","potentialAction":[{"@type":"ReadAction","target":["https:\/\/evolve-fitness.eu\/es\/producto\/empuje-de-cadera-con-placa-evolve-serie-econ-ec-130\/"]}]},{"@type":"ImageObject","inLanguage":"es","@id":"https:\/\/evolve-fitness.eu\/es\/producto\/empuje-de-cadera-con-placa-evolve-serie-econ-ec-130\/#primaryimage","url":"https:\/\/evolve-fitness.eu\/wp-content\/uploads\/2025\/10\/EV-PL-EC-130.png","contentUrl":"https:\/\/evolve-fitness.eu\/wp-content\/uploads\/2025\/10\/EV-PL-EC-130.png","width":810,"height":810},{"@type":"BreadcrumbList","@id":"https:\/\/evolve-fitness.eu\/es\/producto\/empuje-de-cadera-con-placa-evolve-serie-econ-ec-130\/#breadcrumb","itemListElement":[{"@type":"ListItem","position":1,"name":"Home","item":"https:\/\/evolve-fitness.eu\/es\/"},{"@type":"ListItem","position":2,"name":"Productos","item":"https:\/\/evolve-fitness.eu\/es\/shop\/"},{"@type":"ListItem","position":3,"name":"Empuje de cadera con placa Evolve Serie Econ (EC-130)"}]},{"@type":"WebSite","@id":"https:\/\/evolve-fitness.eu\/es\/#website","url":"https:\/\/evolve-fitness.eu\/es\/","name":"Evolve","description":"Your Evolved Gear Arrived","publisher":{"@id":"https:\/\/evolve-fitness.eu\/es\/#organization"},"potentialAction":[{"@type":"SearchAction","target":{"@type":"EntryPoint","urlTemplate":"https:\/\/evolve-fitness.eu\/es\/?s={search_term_string}"},"query-input":{"@type":"PropertyValueSpecification","valueRequired":true,"valueName":"search_term_string"}}],"inLanguage":"es"},{"@type":"Organization","@id":"https:\/\/evolve-fitness.eu\/es\/#organization","name":"Evolve","url":"https:\/\/evolve-fitness.eu\/es\/","logo":{"@type":"ImageObject","inLanguage":"es","@id":"https:\/\/evolve-fitness.eu\/es\/#\/schema\/logo\/image\/","url":"https:\/\/evolve-fitness.eu\/wp-content\/uploads\/2023\/05\/Evolve-logo.svg","contentUrl":"https:\/\/evolve-fitness.eu\/wp-content\/uploads\/2023\/05\/Evolve-logo.svg","width":176,"height":20,"caption":"Evolve"},"image":{"@id":"https:\/\/evolve-fitness.eu\/es\/#\/schema\/logo\/image\/"},"sameAs":["https:\/\/www.facebook.com\/EvolveFitnessEurope"]}]}},"_links":{"self":[{"href":"https:\/\/evolve-fitness.eu\/es\/wp-json\/wp\/v2\/product\/234353","targetHints":{"allow":["GET"]}}],"collection":[{"href":"https:\/\/evolve-fitness.eu\/es\/wp-json\/wp\/v2\/product"}],"about":[{"href":"https:\/\/evolve-fitness.eu\/es\/wp-json\/wp\/v2\/types\/product"}],"wp:featuredmedia":[{"embeddable":true,"href":"https:\/\/evolve-fitness.eu\/es\/wp-json\/wp\/v2\/media\/234357"}],"wp:attachment":[{"href":"https:\/\/evolve-fitness.eu\/es\/wp-json\/wp\/v2\/media?parent=234353"}],"wp:term":[{"taxonomy":"product_brand","embeddable":true,"href":"https:\/\/evolve-fitness.eu\/es\/wp-json\/wp\/v2\/product_brand?post=234353"},{"taxonomy":"product_cat","embeddable":true,"href":"https:\/\/evolve-fitness.eu\/es\/wp-json\/wp\/v2\/product_cat?post=234353"},{"taxonomy":"product_tag","embeddable":true,"href":"https:\/\/evolve-fitness.eu\/es\/wp-json\/wp\/v2\/product_tag?post=234353"}],"curies":[{"name":"wp","href":"https:\/\/api.w.org\/{rel}","templated":true}]}}