{"id":234413,"date":"2025-10-14T14:08:44","date_gmt":"2025-10-14T11:08:44","guid":{"rendered":"https:\/\/evolve-fitness.eu\/product\/sentadilla-con-cinturon-y-placa-evolve-econ-series-ec-140\/"},"modified":"2025-10-14T14:08:44","modified_gmt":"2025-10-14T11:08:44","slug":"sentadilla-con-cinturon-y-placa-evolve-econ-series-ec-140","status":"publish","type":"product","link":"https:\/\/evolve-fitness.eu\/es\/producto\/sentadilla-con-cinturon-y-placa-evolve-econ-series-ec-140\/","title":{"rendered":"Sentadilla con cintur\u00f3n y placa Evolve Econ Series (EC-140)"},"content":{"rendered":"","protected":false},"excerpt":{"rendered":"<p>La Sentadilla con Cintur\u00f3n Cargado con Placa Evolve Econ Series est\u00e1 dise\u00f1ada para desarrollar la fuerza de la parte inferior del cuerpo minimizando la carga sobre la columna vertebral. Su sistema de placas proporciona una resistencia suave y ajustable, que permite a los usuarios trabajar eficazmente los cu\u00e1driceps, isquiotibiales y gl\u00fateos. Con una plataforma estable y un sistema de cintur\u00f3n ergon\u00f3mico, garantiza comodidad, seguridad y un rendimiento constante, por lo que es ideal para entornos de entrenamiento comerciales y profesionales.  <\/p>\n<p>\n","protected":false},"featured_media":234428,"template":"","meta":{"_acf_changed":false,"inline_featured_image":false},"product_brand":[],"product_cat":[2949,5424],"product_tag":[1762,13136,13146],"class_list":{"0":"post-234413","1":"product","2":"type-product","3":"status-publish","4":"has-post-thumbnail","6":"product_cat-maquinas-de-carga-de-placas","7":"product_cat-maquinas-de-carga-por-placas-econ-series","8":"product_tag-fuerza","9":"product_tag-placa-cargada","10":"product_tag-sentadilla-con-cinturon","12":"first","13":"instock","14":"shipping-taxable","15":"purchasable","16":"product-type-simple"},"acf":{"long_title":"Sentadilla con cintur\u00f3n y placa Evolve Econ Series (EC-140)","subtitle":"","specifications":[{"label":"SKU","text_value":"EV-PL-EC-140","icon":"x"},{"label":"Dimensiones","text_value":"1615 x 1250 x 1032 mm","icon":"x"},{"label":"Peso","text_value":"77,5 kg","icon":"x"},{"label":"Max. carga","text_value":"2 x 175 kg","icon":"x"},{"label":"Max. peso del usuario","text_value":"150 kg","icon":"x"},{"label":"Pintura anticorrosi\u00f3n","text_value":"","icon":"v"},{"label":"Marco met\u00e1lico sin bordes afilados","text_value":"","icon":"v"},{"label":"Protectores de suelo duraderos","text_value":"","icon":"v"},{"label":"Garant\u00eda","text_value":"2 a\u00f1os","icon":"x"}],"product_frequently_asked_questions":null},"yoast_head":"<!-- This site is optimized with the Yoast SEO plugin v27.4 - https:\/\/yoast.com\/product\/yoast-seo-wordpress\/ -->\n<title>Sentadilla con cintur\u00f3n y placa Evolve Econ Series (EC-140) - Evolve<\/title>\n<meta name=\"description\" content=\"La Sentadilla con Cintur\u00f3n y Placa de Carga de la Serie Evolve Econ est\u00e1 dise\u00f1ada para desarrollar la fuerza de la parte inferior del cuerpo minimizando la carga sobre la columna vertebral. Su placa de carga\" \/>\n<meta name=\"robots\" content=\"index, follow, max-snippet:-1, max-image-preview:large, max-video-preview:-1\" \/>\n<link rel=\"canonical\" href=\"https:\/\/evolve-fitness.eu\/es\/producto\/sentadilla-con-cinturon-y-placa-evolve-econ-series-ec-140\/\" \/>\n<meta property=\"og:locale\" content=\"es_ES\" \/>\n<meta property=\"og:type\" content=\"article\" \/>\n<meta property=\"og:title\" content=\"Sentadilla con cintur\u00f3n y placa Evolve Econ Series (EC-140) - Evolve\" \/>\n<meta property=\"og:description\" content=\"La Sentadilla con Cintur\u00f3n y Placa de Carga de la Serie Evolve Econ est\u00e1 dise\u00f1ada para desarrollar la fuerza de la parte inferior del cuerpo minimizando la carga sobre la columna vertebral. Su placa de carga\" \/>\n<meta property=\"og:url\" content=\"https:\/\/evolve-fitness.eu\/es\/producto\/sentadilla-con-cinturon-y-placa-evolve-econ-series-ec-140\/\" \/>\n<meta property=\"og:site_name\" content=\"Evolve\" \/>\n<meta property=\"article:publisher\" content=\"https:\/\/www.facebook.com\/EvolveFitnessEurope\" \/>\n<meta property=\"og:image\" content=\"https:\/\/evolve-fitness.eu\/wp-content\/uploads\/2025\/10\/EV-PL-EC-140.png\" \/>\n\t<meta property=\"og:image:width\" content=\"810\" \/>\n\t<meta property=\"og:image:height\" content=\"810\" \/>\n\t<meta property=\"og:image:type\" content=\"image\/png\" \/>\n<meta name=\"twitter:card\" content=\"summary_large_image\" \/>\n<script type=\"application\/ld+json\" class=\"yoast-schema-graph\">{\"@context\":\"https:\\\/\\\/schema.org\",\"@graph\":[{\"@type\":\"WebPage\",\"@id\":\"https:\\\/\\\/evolve-fitness.eu\\\/es\\\/producto\\\/sentadilla-con-cinturon-y-placa-evolve-econ-series-ec-140\\\/\",\"url\":\"https:\\\/\\\/evolve-fitness.eu\\\/es\\\/producto\\\/sentadilla-con-cinturon-y-placa-evolve-econ-series-ec-140\\\/\",\"name\":\"Sentadilla con cintur\u00f3n y placa Evolve Econ Series (EC-140) - Evolve\",\"isPartOf\":{\"@id\":\"https:\\\/\\\/evolve-fitness.eu\\\/es\\\/#website\"},\"primaryImageOfPage\":{\"@id\":\"https:\\\/\\\/evolve-fitness.eu\\\/es\\\/producto\\\/sentadilla-con-cinturon-y-placa-evolve-econ-series-ec-140\\\/#primaryimage\"},\"image\":{\"@id\":\"https:\\\/\\\/evolve-fitness.eu\\\/es\\\/producto\\\/sentadilla-con-cinturon-y-placa-evolve-econ-series-ec-140\\\/#primaryimage\"},\"thumbnailUrl\":\"https:\\\/\\\/evolve-fitness.eu\\\/wp-content\\\/uploads\\\/2025\\\/10\\\/EV-PL-EC-140.png\",\"datePublished\":\"2025-10-14T11:08:44+00:00\",\"description\":\"La Sentadilla con Cintur\u00f3n y Placa de Carga de la Serie Evolve Econ est\u00e1 dise\u00f1ada para desarrollar la fuerza de la parte inferior del cuerpo minimizando la carga sobre la columna vertebral. Su placa de carga\",\"breadcrumb\":{\"@id\":\"https:\\\/\\\/evolve-fitness.eu\\\/es\\\/producto\\\/sentadilla-con-cinturon-y-placa-evolve-econ-series-ec-140\\\/#breadcrumb\"},\"inLanguage\":\"es\",\"potentialAction\":[{\"@type\":\"ReadAction\",\"target\":[\"https:\\\/\\\/evolve-fitness.eu\\\/es\\\/producto\\\/sentadilla-con-cinturon-y-placa-evolve-econ-series-ec-140\\\/\"]}]},{\"@type\":\"ImageObject\",\"inLanguage\":\"es\",\"@id\":\"https:\\\/\\\/evolve-fitness.eu\\\/es\\\/producto\\\/sentadilla-con-cinturon-y-placa-evolve-econ-series-ec-140\\\/#primaryimage\",\"url\":\"https:\\\/\\\/evolve-fitness.eu\\\/wp-content\\\/uploads\\\/2025\\\/10\\\/EV-PL-EC-140.png\",\"contentUrl\":\"https:\\\/\\\/evolve-fitness.eu\\\/wp-content\\\/uploads\\\/2025\\\/10\\\/EV-PL-EC-140.png\",\"width\":810,\"height\":810},{\"@type\":\"BreadcrumbList\",\"@id\":\"https:\\\/\\\/evolve-fitness.eu\\\/es\\\/producto\\\/sentadilla-con-cinturon-y-placa-evolve-econ-series-ec-140\\\/#breadcrumb\",\"itemListElement\":[{\"@type\":\"ListItem\",\"position\":1,\"name\":\"Home\",\"item\":\"https:\\\/\\\/evolve-fitness.eu\\\/es\\\/\"},{\"@type\":\"ListItem\",\"position\":2,\"name\":\"Productos\",\"item\":\"https:\\\/\\\/evolve-fitness.eu\\\/es\\\/shop\\\/\"},{\"@type\":\"ListItem\",\"position\":3,\"name\":\"Sentadilla con cintur\u00f3n y placa Evolve Econ Series (EC-140)\"}]},{\"@type\":\"WebSite\",\"@id\":\"https:\\\/\\\/evolve-fitness.eu\\\/es\\\/#website\",\"url\":\"https:\\\/\\\/evolve-fitness.eu\\\/es\\\/\",\"name\":\"Evolve\",\"description\":\"Your Evolved Gear Arrived\",\"publisher\":{\"@id\":\"https:\\\/\\\/evolve-fitness.eu\\\/es\\\/#organization\"},\"potentialAction\":[{\"@type\":\"SearchAction\",\"target\":{\"@type\":\"EntryPoint\",\"urlTemplate\":\"https:\\\/\\\/evolve-fitness.eu\\\/es\\\/?s={search_term_string}\"},\"query-input\":{\"@type\":\"PropertyValueSpecification\",\"valueRequired\":true,\"valueName\":\"search_term_string\"}}],\"inLanguage\":\"es\"},{\"@type\":\"Organization\",\"@id\":\"https:\\\/\\\/evolve-fitness.eu\\\/es\\\/#organization\",\"name\":\"Evolve\",\"url\":\"https:\\\/\\\/evolve-fitness.eu\\\/es\\\/\",\"logo\":{\"@type\":\"ImageObject\",\"inLanguage\":\"es\",\"@id\":\"https:\\\/\\\/evolve-fitness.eu\\\/es\\\/#\\\/schema\\\/logo\\\/image\\\/\",\"url\":\"https:\\\/\\\/evolve-fitness.eu\\\/wp-content\\\/uploads\\\/2023\\\/05\\\/Evolve-logo.svg\",\"contentUrl\":\"https:\\\/\\\/evolve-fitness.eu\\\/wp-content\\\/uploads\\\/2023\\\/05\\\/Evolve-logo.svg\",\"width\":176,\"height\":20,\"caption\":\"Evolve\"},\"image\":{\"@id\":\"https:\\\/\\\/evolve-fitness.eu\\\/es\\\/#\\\/schema\\\/logo\\\/image\\\/\"},\"sameAs\":[\"https:\\\/\\\/www.facebook.com\\\/EvolveFitnessEurope\"]}]}<\/script>\n<!-- \/ Yoast SEO plugin. -->","yoast_head_json":{"title":"Sentadilla con cintur\u00f3n y placa Evolve Econ Series (EC-140) - Evolve","description":"La Sentadilla con Cintur\u00f3n y Placa de Carga de la Serie Evolve Econ est\u00e1 dise\u00f1ada para desarrollar la fuerza de la parte inferior del cuerpo minimizando la carga sobre la columna vertebral. Su placa de carga","robots":{"index":"index","follow":"follow","max-snippet":"max-snippet:-1","max-image-preview":"max-image-preview:large","max-video-preview":"max-video-preview:-1"},"canonical":"https:\/\/evolve-fitness.eu\/es\/producto\/sentadilla-con-cinturon-y-placa-evolve-econ-series-ec-140\/","og_locale":"es_ES","og_type":"article","og_title":"Sentadilla con cintur\u00f3n y placa Evolve Econ Series (EC-140) - Evolve","og_description":"La Sentadilla con Cintur\u00f3n y Placa de Carga de la Serie Evolve Econ est\u00e1 dise\u00f1ada para desarrollar la fuerza de la parte inferior del cuerpo minimizando la carga sobre la columna vertebral. Su placa de carga","og_url":"https:\/\/evolve-fitness.eu\/es\/producto\/sentadilla-con-cinturon-y-placa-evolve-econ-series-ec-140\/","og_site_name":"Evolve","article_publisher":"https:\/\/www.facebook.com\/EvolveFitnessEurope","og_image":[{"width":810,"height":810,"url":"https:\/\/evolve-fitness.eu\/wp-content\/uploads\/2025\/10\/EV-PL-EC-140.png","type":"image\/png"}],"twitter_card":"summary_large_image","schema":{"@context":"https:\/\/schema.org","@graph":[{"@type":"WebPage","@id":"https:\/\/evolve-fitness.eu\/es\/producto\/sentadilla-con-cinturon-y-placa-evolve-econ-series-ec-140\/","url":"https:\/\/evolve-fitness.eu\/es\/producto\/sentadilla-con-cinturon-y-placa-evolve-econ-series-ec-140\/","name":"Sentadilla con cintur\u00f3n y placa Evolve Econ Series (EC-140) - Evolve","isPartOf":{"@id":"https:\/\/evolve-fitness.eu\/es\/#website"},"primaryImageOfPage":{"@id":"https:\/\/evolve-fitness.eu\/es\/producto\/sentadilla-con-cinturon-y-placa-evolve-econ-series-ec-140\/#primaryimage"},"image":{"@id":"https:\/\/evolve-fitness.eu\/es\/producto\/sentadilla-con-cinturon-y-placa-evolve-econ-series-ec-140\/#primaryimage"},"thumbnailUrl":"https:\/\/evolve-fitness.eu\/wp-content\/uploads\/2025\/10\/EV-PL-EC-140.png","datePublished":"2025-10-14T11:08:44+00:00","description":"La Sentadilla con Cintur\u00f3n y Placa de Carga de la Serie Evolve Econ est\u00e1 dise\u00f1ada para desarrollar la fuerza de la parte inferior del cuerpo minimizando la carga sobre la columna vertebral. Su placa de carga","breadcrumb":{"@id":"https:\/\/evolve-fitness.eu\/es\/producto\/sentadilla-con-cinturon-y-placa-evolve-econ-series-ec-140\/#breadcrumb"},"inLanguage":"es","potentialAction":[{"@type":"ReadAction","target":["https:\/\/evolve-fitness.eu\/es\/producto\/sentadilla-con-cinturon-y-placa-evolve-econ-series-ec-140\/"]}]},{"@type":"ImageObject","inLanguage":"es","@id":"https:\/\/evolve-fitness.eu\/es\/producto\/sentadilla-con-cinturon-y-placa-evolve-econ-series-ec-140\/#primaryimage","url":"https:\/\/evolve-fitness.eu\/wp-content\/uploads\/2025\/10\/EV-PL-EC-140.png","contentUrl":"https:\/\/evolve-fitness.eu\/wp-content\/uploads\/2025\/10\/EV-PL-EC-140.png","width":810,"height":810},{"@type":"BreadcrumbList","@id":"https:\/\/evolve-fitness.eu\/es\/producto\/sentadilla-con-cinturon-y-placa-evolve-econ-series-ec-140\/#breadcrumb","itemListElement":[{"@type":"ListItem","position":1,"name":"Home","item":"https:\/\/evolve-fitness.eu\/es\/"},{"@type":"ListItem","position":2,"name":"Productos","item":"https:\/\/evolve-fitness.eu\/es\/shop\/"},{"@type":"ListItem","position":3,"name":"Sentadilla con cintur\u00f3n y placa Evolve Econ Series (EC-140)"}]},{"@type":"WebSite","@id":"https:\/\/evolve-fitness.eu\/es\/#website","url":"https:\/\/evolve-fitness.eu\/es\/","name":"Evolve","description":"Your Evolved Gear Arrived","publisher":{"@id":"https:\/\/evolve-fitness.eu\/es\/#organization"},"potentialAction":[{"@type":"SearchAction","target":{"@type":"EntryPoint","urlTemplate":"https:\/\/evolve-fitness.eu\/es\/?s={search_term_string}"},"query-input":{"@type":"PropertyValueSpecification","valueRequired":true,"valueName":"search_term_string"}}],"inLanguage":"es"},{"@type":"Organization","@id":"https:\/\/evolve-fitness.eu\/es\/#organization","name":"Evolve","url":"https:\/\/evolve-fitness.eu\/es\/","logo":{"@type":"ImageObject","inLanguage":"es","@id":"https:\/\/evolve-fitness.eu\/es\/#\/schema\/logo\/image\/","url":"https:\/\/evolve-fitness.eu\/wp-content\/uploads\/2023\/05\/Evolve-logo.svg","contentUrl":"https:\/\/evolve-fitness.eu\/wp-content\/uploads\/2023\/05\/Evolve-logo.svg","width":176,"height":20,"caption":"Evolve"},"image":{"@id":"https:\/\/evolve-fitness.eu\/es\/#\/schema\/logo\/image\/"},"sameAs":["https:\/\/www.facebook.com\/EvolveFitnessEurope"]}]}},"_links":{"self":[{"href":"https:\/\/evolve-fitness.eu\/es\/wp-json\/wp\/v2\/product\/234413","targetHints":{"allow":["GET"]}}],"collection":[{"href":"https:\/\/evolve-fitness.eu\/es\/wp-json\/wp\/v2\/product"}],"about":[{"href":"https:\/\/evolve-fitness.eu\/es\/wp-json\/wp\/v2\/types\/product"}],"wp:featuredmedia":[{"embeddable":true,"href":"https:\/\/evolve-fitness.eu\/es\/wp-json\/wp\/v2\/media\/234428"}],"wp:attachment":[{"href":"https:\/\/evolve-fitness.eu\/es\/wp-json\/wp\/v2\/media?parent=234413"}],"wp:term":[{"taxonomy":"product_brand","embeddable":true,"href":"https:\/\/evolve-fitness.eu\/es\/wp-json\/wp\/v2\/product_brand?post=234413"},{"taxonomy":"product_cat","embeddable":true,"href":"https:\/\/evolve-fitness.eu\/es\/wp-json\/wp\/v2\/product_cat?post=234413"},{"taxonomy":"product_tag","embeddable":true,"href":"https:\/\/evolve-fitness.eu\/es\/wp-json\/wp\/v2\/product_tag?post=234413"}],"curies":[{"name":"wp","href":"https:\/\/api.w.org\/{rel}","templated":true}]}}