{"id":235156,"date":"2025-10-14T16:25:13","date_gmt":"2025-10-14T13:25:13","guid":{"rendered":"https:\/\/evolve-fitness.eu\/product\/evolve-econ-series-maquina-de-smith-y-media-cremallera-con-placas-ec-230\/"},"modified":"2025-10-14T16:25:13","modified_gmt":"2025-10-14T13:25:13","slug":"evolve-econ-series-maquina-de-smith-y-media-cremallera-con-placas-ec-230","status":"publish","type":"product","link":"https:\/\/evolve-fitness.eu\/es\/producto\/evolve-econ-series-maquina-de-smith-y-media-cremallera-con-placas-ec-230\/","title":{"rendered":"Evolve Econ Series M\u00e1quina de Smith y Media Cremallera con Placas (EC-230)"},"content":{"rendered":"","protected":false},"excerpt":{"rendered":"<p>La media estanter\u00eda y m\u00e1quina Smith con carga de placas Evolve Econ Series (EC-230) es una estaci\u00f3n de entrenamiento de fuerza multifuncional dise\u00f1ada para una completa versatilidad de entrenamiento. Combina la estabilidad de una m\u00e1quina Smith con la libertad de una media estanter\u00eda, lo que permite realizar ejercicios con barra de forma segura y controlada. Construida con un armaz\u00f3n duradero y una resistencia suave cargada con placas, es ideal para entornos de gimnasio comerciales y profesionales.  <\/p>\n","protected":false},"featured_media":235177,"template":"","meta":{"_acf_changed":false,"inline_featured_image":false},"product_brand":[],"product_cat":[2949,5424],"product_tag":[13207,1762,13206,13156],"class_list":{"0":"post-235156","1":"product","2":"type-product","3":"status-publish","4":"has-post-thumbnail","6":"product_cat-maquinas-de-carga-de-placas","7":"product_cat-maquinas-de-carga-por-placas-econ-series","8":"product_tag-fijacion-de-la-fila-sentada","9":"product_tag-fuerza","10":"product_tag-maquina-smith","11":"product_tag-sentadilla-hack","13":"first","14":"instock","15":"shipping-taxable","16":"purchasable","17":"product-type-simple"},"acf":{"long_title":"Evolve Econ Series M\u00e1quina de Smith y Media Cremallera con Placas (EC-230)","subtitle":"","specifications":[{"label":"SKU","text_value":"EV-PL-EC-230","icon":"x"},{"label":"Dimensiones","text_value":"1404 x 1850 x 2343 mm","icon":"x"},{"label":"Peso","text_value":"77,5 kg","icon":"x"},{"label":"Max. carga","text_value":"250 kg","icon":"x"},{"label":"Garant\u00eda","text_value":"2 a\u00f1os","icon":"x"}],"product_frequently_asked_questions":null},"yoast_head":"<!-- This site is optimized with the Yoast SEO plugin v27.4 - https:\/\/yoast.com\/product\/yoast-seo-wordpress\/ -->\n<title>Evolve Econ Series M\u00e1quina de Smith y Media Cremallera con Placas (EC-230) - Evolve<\/title>\n<meta name=\"description\" content=\"La m\u00e1quina Evolve Econ Series Half Rack &amp; Smith Machine con placa cargada y accesorio Lat Pulldown\/Seated Row es un entrenamiento de fuerza multifuncional\" \/>\n<meta name=\"robots\" content=\"index, follow, max-snippet:-1, max-image-preview:large, max-video-preview:-1\" \/>\n<link rel=\"canonical\" href=\"https:\/\/evolve-fitness.eu\/es\/producto\/evolve-econ-series-maquina-de-smith-y-media-cremallera-con-placas-ec-230\/\" \/>\n<meta property=\"og:locale\" content=\"es_ES\" \/>\n<meta property=\"og:type\" content=\"article\" \/>\n<meta property=\"og:title\" content=\"Evolve Econ Series M\u00e1quina de Smith y Media Cremallera con Placas (EC-230) - Evolve\" \/>\n<meta property=\"og:description\" content=\"La m\u00e1quina Evolve Econ Series Half Rack &amp; Smith Machine con placa cargada y accesorio Lat Pulldown\/Seated Row es un entrenamiento de fuerza multifuncional\" \/>\n<meta property=\"og:url\" content=\"https:\/\/evolve-fitness.eu\/es\/producto\/evolve-econ-series-maquina-de-smith-y-media-cremallera-con-placas-ec-230\/\" \/>\n<meta property=\"og:site_name\" content=\"Evolve\" \/>\n<meta property=\"article:publisher\" content=\"https:\/\/www.facebook.com\/EvolveFitnessEurope\" \/>\n<meta property=\"og:image\" content=\"https:\/\/evolve-fitness.eu\/wp-content\/uploads\/2025\/10\/EC-230.png\" \/>\n\t<meta property=\"og:image:width\" content=\"450\" \/>\n\t<meta property=\"og:image:height\" content=\"338\" \/>\n\t<meta property=\"og:image:type\" content=\"image\/png\" \/>\n<meta name=\"twitter:card\" content=\"summary_large_image\" \/>\n<script type=\"application\/ld+json\" class=\"yoast-schema-graph\">{\"@context\":\"https:\\\/\\\/schema.org\",\"@graph\":[{\"@type\":\"WebPage\",\"@id\":\"https:\\\/\\\/evolve-fitness.eu\\\/es\\\/producto\\\/evolve-econ-series-maquina-de-smith-y-media-cremallera-con-placas-ec-230\\\/\",\"url\":\"https:\\\/\\\/evolve-fitness.eu\\\/es\\\/producto\\\/evolve-econ-series-maquina-de-smith-y-media-cremallera-con-placas-ec-230\\\/\",\"name\":\"Evolve Econ Series M\u00e1quina de Smith y Media Cremallera con Placas (EC-230) - Evolve\",\"isPartOf\":{\"@id\":\"https:\\\/\\\/evolve-fitness.eu\\\/es\\\/#website\"},\"primaryImageOfPage\":{\"@id\":\"https:\\\/\\\/evolve-fitness.eu\\\/es\\\/producto\\\/evolve-econ-series-maquina-de-smith-y-media-cremallera-con-placas-ec-230\\\/#primaryimage\"},\"image\":{\"@id\":\"https:\\\/\\\/evolve-fitness.eu\\\/es\\\/producto\\\/evolve-econ-series-maquina-de-smith-y-media-cremallera-con-placas-ec-230\\\/#primaryimage\"},\"thumbnailUrl\":\"https:\\\/\\\/evolve-fitness.eu\\\/wp-content\\\/uploads\\\/2025\\\/10\\\/EC-230.png\",\"datePublished\":\"2025-10-14T13:25:13+00:00\",\"description\":\"La m\u00e1quina Evolve Econ Series Half Rack & Smith Machine con placa cargada y accesorio Lat Pulldown\\\/Seated Row es un entrenamiento de fuerza multifuncional\",\"breadcrumb\":{\"@id\":\"https:\\\/\\\/evolve-fitness.eu\\\/es\\\/producto\\\/evolve-econ-series-maquina-de-smith-y-media-cremallera-con-placas-ec-230\\\/#breadcrumb\"},\"inLanguage\":\"es\",\"potentialAction\":[{\"@type\":\"ReadAction\",\"target\":[\"https:\\\/\\\/evolve-fitness.eu\\\/es\\\/producto\\\/evolve-econ-series-maquina-de-smith-y-media-cremallera-con-placas-ec-230\\\/\"]}]},{\"@type\":\"ImageObject\",\"inLanguage\":\"es\",\"@id\":\"https:\\\/\\\/evolve-fitness.eu\\\/es\\\/producto\\\/evolve-econ-series-maquina-de-smith-y-media-cremallera-con-placas-ec-230\\\/#primaryimage\",\"url\":\"https:\\\/\\\/evolve-fitness.eu\\\/wp-content\\\/uploads\\\/2025\\\/10\\\/EC-230.png\",\"contentUrl\":\"https:\\\/\\\/evolve-fitness.eu\\\/wp-content\\\/uploads\\\/2025\\\/10\\\/EC-230.png\",\"width\":450,\"height\":338},{\"@type\":\"BreadcrumbList\",\"@id\":\"https:\\\/\\\/evolve-fitness.eu\\\/es\\\/producto\\\/evolve-econ-series-maquina-de-smith-y-media-cremallera-con-placas-ec-230\\\/#breadcrumb\",\"itemListElement\":[{\"@type\":\"ListItem\",\"position\":1,\"name\":\"Home\",\"item\":\"https:\\\/\\\/evolve-fitness.eu\\\/es\\\/\"},{\"@type\":\"ListItem\",\"position\":2,\"name\":\"Productos\",\"item\":\"https:\\\/\\\/evolve-fitness.eu\\\/es\\\/shop\\\/\"},{\"@type\":\"ListItem\",\"position\":3,\"name\":\"Evolve Econ Series M\u00e1quina de Smith y Media Cremallera con Placas (EC-230)\"}]},{\"@type\":\"WebSite\",\"@id\":\"https:\\\/\\\/evolve-fitness.eu\\\/es\\\/#website\",\"url\":\"https:\\\/\\\/evolve-fitness.eu\\\/es\\\/\",\"name\":\"Evolve\",\"description\":\"Your Evolved Gear Arrived\",\"publisher\":{\"@id\":\"https:\\\/\\\/evolve-fitness.eu\\\/es\\\/#organization\"},\"potentialAction\":[{\"@type\":\"SearchAction\",\"target\":{\"@type\":\"EntryPoint\",\"urlTemplate\":\"https:\\\/\\\/evolve-fitness.eu\\\/es\\\/?s={search_term_string}\"},\"query-input\":{\"@type\":\"PropertyValueSpecification\",\"valueRequired\":true,\"valueName\":\"search_term_string\"}}],\"inLanguage\":\"es\"},{\"@type\":\"Organization\",\"@id\":\"https:\\\/\\\/evolve-fitness.eu\\\/es\\\/#organization\",\"name\":\"Evolve\",\"url\":\"https:\\\/\\\/evolve-fitness.eu\\\/es\\\/\",\"logo\":{\"@type\":\"ImageObject\",\"inLanguage\":\"es\",\"@id\":\"https:\\\/\\\/evolve-fitness.eu\\\/es\\\/#\\\/schema\\\/logo\\\/image\\\/\",\"url\":\"https:\\\/\\\/evolve-fitness.eu\\\/wp-content\\\/uploads\\\/2023\\\/05\\\/Evolve-logo.svg\",\"contentUrl\":\"https:\\\/\\\/evolve-fitness.eu\\\/wp-content\\\/uploads\\\/2023\\\/05\\\/Evolve-logo.svg\",\"width\":176,\"height\":20,\"caption\":\"Evolve\"},\"image\":{\"@id\":\"https:\\\/\\\/evolve-fitness.eu\\\/es\\\/#\\\/schema\\\/logo\\\/image\\\/\"},\"sameAs\":[\"https:\\\/\\\/www.facebook.com\\\/EvolveFitnessEurope\"]}]}<\/script>\n<!-- \/ Yoast SEO plugin. -->","yoast_head_json":{"title":"Evolve Econ Series M\u00e1quina de Smith y Media Cremallera con Placas (EC-230) - Evolve","description":"La m\u00e1quina Evolve Econ Series Half Rack & Smith Machine con placa cargada y accesorio Lat Pulldown\/Seated Row es un entrenamiento de fuerza multifuncional","robots":{"index":"index","follow":"follow","max-snippet":"max-snippet:-1","max-image-preview":"max-image-preview:large","max-video-preview":"max-video-preview:-1"},"canonical":"https:\/\/evolve-fitness.eu\/es\/producto\/evolve-econ-series-maquina-de-smith-y-media-cremallera-con-placas-ec-230\/","og_locale":"es_ES","og_type":"article","og_title":"Evolve Econ Series M\u00e1quina de Smith y Media Cremallera con Placas (EC-230) - Evolve","og_description":"La m\u00e1quina Evolve Econ Series Half Rack & Smith Machine con placa cargada y accesorio Lat Pulldown\/Seated Row es un entrenamiento de fuerza multifuncional","og_url":"https:\/\/evolve-fitness.eu\/es\/producto\/evolve-econ-series-maquina-de-smith-y-media-cremallera-con-placas-ec-230\/","og_site_name":"Evolve","article_publisher":"https:\/\/www.facebook.com\/EvolveFitnessEurope","og_image":[{"width":450,"height":338,"url":"https:\/\/evolve-fitness.eu\/wp-content\/uploads\/2025\/10\/EC-230.png","type":"image\/png"}],"twitter_card":"summary_large_image","schema":{"@context":"https:\/\/schema.org","@graph":[{"@type":"WebPage","@id":"https:\/\/evolve-fitness.eu\/es\/producto\/evolve-econ-series-maquina-de-smith-y-media-cremallera-con-placas-ec-230\/","url":"https:\/\/evolve-fitness.eu\/es\/producto\/evolve-econ-series-maquina-de-smith-y-media-cremallera-con-placas-ec-230\/","name":"Evolve Econ Series M\u00e1quina de Smith y Media Cremallera con Placas (EC-230) - Evolve","isPartOf":{"@id":"https:\/\/evolve-fitness.eu\/es\/#website"},"primaryImageOfPage":{"@id":"https:\/\/evolve-fitness.eu\/es\/producto\/evolve-econ-series-maquina-de-smith-y-media-cremallera-con-placas-ec-230\/#primaryimage"},"image":{"@id":"https:\/\/evolve-fitness.eu\/es\/producto\/evolve-econ-series-maquina-de-smith-y-media-cremallera-con-placas-ec-230\/#primaryimage"},"thumbnailUrl":"https:\/\/evolve-fitness.eu\/wp-content\/uploads\/2025\/10\/EC-230.png","datePublished":"2025-10-14T13:25:13+00:00","description":"La m\u00e1quina Evolve Econ Series Half Rack & Smith Machine con placa cargada y accesorio Lat Pulldown\/Seated Row es un entrenamiento de fuerza multifuncional","breadcrumb":{"@id":"https:\/\/evolve-fitness.eu\/es\/producto\/evolve-econ-series-maquina-de-smith-y-media-cremallera-con-placas-ec-230\/#breadcrumb"},"inLanguage":"es","potentialAction":[{"@type":"ReadAction","target":["https:\/\/evolve-fitness.eu\/es\/producto\/evolve-econ-series-maquina-de-smith-y-media-cremallera-con-placas-ec-230\/"]}]},{"@type":"ImageObject","inLanguage":"es","@id":"https:\/\/evolve-fitness.eu\/es\/producto\/evolve-econ-series-maquina-de-smith-y-media-cremallera-con-placas-ec-230\/#primaryimage","url":"https:\/\/evolve-fitness.eu\/wp-content\/uploads\/2025\/10\/EC-230.png","contentUrl":"https:\/\/evolve-fitness.eu\/wp-content\/uploads\/2025\/10\/EC-230.png","width":450,"height":338},{"@type":"BreadcrumbList","@id":"https:\/\/evolve-fitness.eu\/es\/producto\/evolve-econ-series-maquina-de-smith-y-media-cremallera-con-placas-ec-230\/#breadcrumb","itemListElement":[{"@type":"ListItem","position":1,"name":"Home","item":"https:\/\/evolve-fitness.eu\/es\/"},{"@type":"ListItem","position":2,"name":"Productos","item":"https:\/\/evolve-fitness.eu\/es\/shop\/"},{"@type":"ListItem","position":3,"name":"Evolve Econ Series M\u00e1quina de Smith y Media Cremallera con Placas (EC-230)"}]},{"@type":"WebSite","@id":"https:\/\/evolve-fitness.eu\/es\/#website","url":"https:\/\/evolve-fitness.eu\/es\/","name":"Evolve","description":"Your Evolved Gear Arrived","publisher":{"@id":"https:\/\/evolve-fitness.eu\/es\/#organization"},"potentialAction":[{"@type":"SearchAction","target":{"@type":"EntryPoint","urlTemplate":"https:\/\/evolve-fitness.eu\/es\/?s={search_term_string}"},"query-input":{"@type":"PropertyValueSpecification","valueRequired":true,"valueName":"search_term_string"}}],"inLanguage":"es"},{"@type":"Organization","@id":"https:\/\/evolve-fitness.eu\/es\/#organization","name":"Evolve","url":"https:\/\/evolve-fitness.eu\/es\/","logo":{"@type":"ImageObject","inLanguage":"es","@id":"https:\/\/evolve-fitness.eu\/es\/#\/schema\/logo\/image\/","url":"https:\/\/evolve-fitness.eu\/wp-content\/uploads\/2023\/05\/Evolve-logo.svg","contentUrl":"https:\/\/evolve-fitness.eu\/wp-content\/uploads\/2023\/05\/Evolve-logo.svg","width":176,"height":20,"caption":"Evolve"},"image":{"@id":"https:\/\/evolve-fitness.eu\/es\/#\/schema\/logo\/image\/"},"sameAs":["https:\/\/www.facebook.com\/EvolveFitnessEurope"]}]}},"_links":{"self":[{"href":"https:\/\/evolve-fitness.eu\/es\/wp-json\/wp\/v2\/product\/235156","targetHints":{"allow":["GET"]}}],"collection":[{"href":"https:\/\/evolve-fitness.eu\/es\/wp-json\/wp\/v2\/product"}],"about":[{"href":"https:\/\/evolve-fitness.eu\/es\/wp-json\/wp\/v2\/types\/product"}],"wp:featuredmedia":[{"embeddable":true,"href":"https:\/\/evolve-fitness.eu\/es\/wp-json\/wp\/v2\/media\/235177"}],"wp:attachment":[{"href":"https:\/\/evolve-fitness.eu\/es\/wp-json\/wp\/v2\/media?parent=235156"}],"wp:term":[{"taxonomy":"product_brand","embeddable":true,"href":"https:\/\/evolve-fitness.eu\/es\/wp-json\/wp\/v2\/product_brand?post=235156"},{"taxonomy":"product_cat","embeddable":true,"href":"https:\/\/evolve-fitness.eu\/es\/wp-json\/wp\/v2\/product_cat?post=235156"},{"taxonomy":"product_tag","embeddable":true,"href":"https:\/\/evolve-fitness.eu\/es\/wp-json\/wp\/v2\/product_tag?post=235156"}],"curies":[{"name":"wp","href":"https:\/\/api.w.org\/{rel}","templated":true}]}}