{"id":236031,"date":"2026-02-23T13:51:27","date_gmt":"2026-02-23T11:51:27","guid":{"rendered":"https:\/\/evolve-fitness.eu\/product\/estanteria-de-placas-de-acero-evolve-powerlifting-pp-010\/"},"modified":"2026-04-23T09:04:12","modified_gmt":"2026-04-23T06:04:12","slug":"estanteria-de-placas-de-acero-evolve-powerlifting-pp-010","status":"publish","type":"product","link":"https:\/\/evolve-fitness.eu\/es\/producto\/estanteria-de-placas-de-acero-evolve-powerlifting-pp-010\/","title":{"rendered":"Estanter\u00eda de placas de acero Evolve Powerlifting (PP-010)"},"content":{"rendered":"\n<section class=\"wp-block-group alignfull black-content has-white-color has-darkgray-background-color has-text-color has-background is-layout-constrained wp-block-group-is-layout-constrained\" style=\"padding-top:var(--wp--preset--spacing--section-bottom);padding-bottom:var(--wp--preset--spacing--section-bottom)\">\n<div class=\"wp-block-columns alignwide mobile-reverse is-layout-flex wp-container-core-columns-is-layout-ca64bf2d wp-block-columns-is-layout-flex\" style=\"margin-bottom:var(--wp--preset--spacing--side-padding)\">\n<div class=\"wp-block-column is-vertically-aligned-center is-layout-flow wp-block-column-is-layout-flow\">\n<h3 class=\"wp-block-heading\" style=\"margin-bottom:var(--wp--preset--spacing--h-3-bottom)\"><strong><strong><strong><strong><strong><strong><strong><strong><strong>ALMACENAMIENTO DE PLACAS COMPACTO Y EFICAZ<\/strong><\/strong><\/strong><\/strong><\/strong><\/strong><\/strong><\/strong><\/strong><\/h3>\n\n\n\n<p>La estanter\u00eda para platos de acero Evolve Powerlifting est\u00e1 dise\u00f1ada para proporcionar una soluci\u00f3n de almacenamiento limpia y organizada para los platos de acero de powerlifting. Su tama\u00f1o compacto maximiza el espacio en el suelo, manteniendo las placas f\u00e1cilmente accesibles durante las intensas sesiones de entrenamiento. Ideal para zonas de fuerza, \u00e1reas de powerlifting y entornos de gimnasios profesionales.  <\/p>\n<\/div>\n\n\n\n<div class=\"wp-block-column is-vertically-aligned-center is-layout-flow wp-block-column-is-layout-flow\">\n<figure class=\"wp-block-image size-full is-resized\"><img loading=\"lazy\" decoding=\"async\" width=\"810\" height=\"810\" src=\"https:\/\/evolve-fitness.eu\/wp-content\/uploads\/2026\/02\/2.png\" alt=\"\" class=\"wp-image-223277\" style=\"width:660px;height:auto\" srcset=\"https:\/\/evolve-fitness.eu\/wp-content\/uploads\/2026\/02\/2.png 810w, https:\/\/evolve-fitness.eu\/wp-content\/uploads\/2026\/02\/2-300x300.png 300w, https:\/\/evolve-fitness.eu\/wp-content\/uploads\/2026\/02\/2-150x150.png 150w, https:\/\/evolve-fitness.eu\/wp-content\/uploads\/2026\/02\/2-768x768.png 768w, https:\/\/evolve-fitness.eu\/wp-content\/uploads\/2026\/02\/2-600x600.png 600w\" sizes=\"auto, (max-width: 810px) 100vw, 810px\" \/><\/figure>\n<\/div>\n<\/div>\n\n\n\n<div class=\"wp-block-columns alignwide is-layout-flex wp-container-core-columns-is-layout-c45ee707 wp-block-columns-is-layout-flex\" style=\"margin-bottom:var(--wp--preset--spacing--side-padding);padding-top:var(--wp--preset--spacing--side-padding)\">\n<div class=\"wp-block-column is-vertically-aligned-center is-layout-flow wp-block-column-is-layout-flow\">\n<figure class=\"wp-block-image size-full\"><img loading=\"lazy\" decoding=\"async\" width=\"810\" height=\"810\" src=\"https:\/\/evolve-fitness.eu\/wp-content\/uploads\/2026\/02\/1.png\" alt=\"\" class=\"wp-image-223278\" srcset=\"https:\/\/evolve-fitness.eu\/wp-content\/uploads\/2026\/02\/1.png 810w, https:\/\/evolve-fitness.eu\/wp-content\/uploads\/2026\/02\/1-300x300.png 300w, https:\/\/evolve-fitness.eu\/wp-content\/uploads\/2026\/02\/1-150x150.png 150w, https:\/\/evolve-fitness.eu\/wp-content\/uploads\/2026\/02\/1-768x768.png 768w, https:\/\/evolve-fitness.eu\/wp-content\/uploads\/2026\/02\/1-600x600.png 600w\" sizes=\"auto, (max-width: 810px) 100vw, 810px\" \/><\/figure>\n<\/div>\n\n\n\n<div class=\"wp-block-column is-vertically-aligned-center is-layout-constrained wp-block-column-is-layout-constrained\">\n<h3 class=\"wp-block-heading\" style=\"margin-bottom:var(--wp--preset--spacing--h-3-bottom)\"><strong><strong><strong><strong><strong><strong><strong><strong><strong>CONSTRUCCI\u00d3N DE ACERO RESISTENTE<\/strong><\/strong><\/strong><\/strong><\/strong><\/strong><\/strong><\/strong><\/strong><\/h3>\n\n\n\n<p>Construida con acero de alta calidad y acabada con un duradero recubrimiento en polvo, la estanter\u00eda est\u00e1 dise\u00f1ada para soportar cargas pesadas y un uso diario constante. El bastidor reforzado garantiza la m\u00e1xima estabilidad, mientras que el acabado de primera protege contra ara\u00f1azos, corrosi\u00f3n y desgaste. <\/p>\n<\/div>\n<\/div>\n\n\n\n<div class=\"wp-block-columns alignwide mobile-reverse is-layout-flex wp-container-core-columns-is-layout-ca64bf2d wp-block-columns-is-layout-flex\" style=\"margin-bottom:var(--wp--preset--spacing--side-padding)\">\n<div class=\"wp-block-column is-vertically-aligned-center is-layout-flow wp-block-column-is-layout-flow\">\n<h3 class=\"wp-block-heading\" style=\"margin-bottom:var(--wp--preset--spacing--h-3-bottom)\"><strong><strong><strong><strong><strong><strong><strong><strong><strong>DISE\u00d1O ORGANIZADO Y SEGURO<\/strong><\/strong><\/strong><\/strong><\/strong><\/strong><\/strong><\/strong><\/strong><\/h3>\n\n\n\n<p>Las ranuras para placas individuales mantienen las pesas perfectamente separadas, evitando da\u00f1os y permitiendo una r\u00e1pida selecci\u00f3n de las placas. La estructura en \u00e1ngulo facilita la carga y descarga, lo que ayuda a mantener un flujo de entrenamiento eficiente en gimnasios muy concurridos. <\/p>\n<\/div>\n\n\n\n<div class=\"wp-block-column is-vertically-aligned-center is-layout-flow wp-block-column-is-layout-flow\">\n<figure class=\"wp-block-image size-full is-resized\"><img loading=\"lazy\" decoding=\"async\" width=\"810\" height=\"810\" src=\"https:\/\/evolve-fitness.eu\/wp-content\/uploads\/2026\/02\/4.png\" alt=\"\" class=\"wp-image-223279\" style=\"width:660px;height:auto\" srcset=\"https:\/\/evolve-fitness.eu\/wp-content\/uploads\/2026\/02\/4.png 810w, https:\/\/evolve-fitness.eu\/wp-content\/uploads\/2026\/02\/4-300x300.png 300w, https:\/\/evolve-fitness.eu\/wp-content\/uploads\/2026\/02\/4-150x150.png 150w, https:\/\/evolve-fitness.eu\/wp-content\/uploads\/2026\/02\/4-768x768.png 768w, https:\/\/evolve-fitness.eu\/wp-content\/uploads\/2026\/02\/4-600x600.png 600w\" sizes=\"auto, (max-width: 810px) 100vw, 810px\" \/><\/figure>\n<\/div>\n<\/div>\n\n\n\n<div class=\"wp-block-columns alignwide is-layout-flex wp-container-core-columns-is-layout-c45ee707 wp-block-columns-is-layout-flex\" style=\"margin-bottom:var(--wp--preset--spacing--side-padding);padding-top:var(--wp--preset--spacing--side-padding)\">\n<div class=\"wp-block-column is-vertically-aligned-center is-layout-flow wp-block-column-is-layout-flow\">\n<figure class=\"wp-block-image size-full\"><img loading=\"lazy\" decoding=\"async\" width=\"810\" height=\"810\" src=\"https:\/\/evolve-fitness.eu\/wp-content\/uploads\/2026\/02\/3.png\" alt=\"\" class=\"wp-image-223280\" srcset=\"https:\/\/evolve-fitness.eu\/wp-content\/uploads\/2026\/02\/3.png 810w, https:\/\/evolve-fitness.eu\/wp-content\/uploads\/2026\/02\/3-300x300.png 300w, https:\/\/evolve-fitness.eu\/wp-content\/uploads\/2026\/02\/3-150x150.png 150w, https:\/\/evolve-fitness.eu\/wp-content\/uploads\/2026\/02\/3-768x768.png 768w, https:\/\/evolve-fitness.eu\/wp-content\/uploads\/2026\/02\/3-600x600.png 600w\" sizes=\"auto, (max-width: 810px) 100vw, 810px\" \/><\/figure>\n<\/div>\n\n\n\n<div class=\"wp-block-column is-vertically-aligned-center is-layout-constrained wp-block-column-is-layout-constrained\">\n<h3 class=\"wp-block-heading\" style=\"margin-bottom:var(--wp--preset--spacing--h-3-bottom)\"><strong><strong><strong><strong><strong><strong><strong><strong><strong>DISE\u00d1ADO PARA ESPACIOS DE FORMACI\u00d3N PROFESIONAL<\/strong><\/strong><\/strong><\/strong><\/strong><\/strong><\/strong><\/strong><\/strong><\/h3>\n\n\n\n<p>Ya sea en un gimnasio comercial, un club de powerlifting o un centro de entrenamiento de \u00e9lite, la estanter\u00eda de placas de acero Evolve ofrece durabilidad, funcionalidad y un aspecto profesional que complementa cualquier \u00e1rea de entrenamiento de fuerza.<\/p>\n<\/div>\n<\/div>\n<\/section>\n","protected":false},"excerpt":{"rendered":"<p>La estanter\u00eda de placas de acero Evolve Powerlifting es una soluci\u00f3n de almacenamiento compacta y resistente, dise\u00f1ada para entornos profesionales de entrenamiento de fuerza. Fabricado en acero duradero con un acabado de primera calidad con recubrimiento en polvo, proporciona un almacenamiento seguro y organizado para las planchas de levantamiento de potencia, al tiempo que maximiza el espacio del gimnasio. Su dise\u00f1o estable y funcional garantiza un f\u00e1cil acceso, un rendimiento duradero y una zona de entrenamiento limpia y profesional.    <\/p>\n","protected":false},"featured_media":236032,"template":"","meta":{"_acf_changed":false,"inline_featured_image":false},"product_brand":[],"product_cat":[5268,1454],"product_tag":[],"class_list":{"0":"post-236031","1":"product","2":"type-product","3":"status-publish","4":"has-post-thumbnail","6":"product_cat-estanterias-y-soluciones-de-almacenamiento","7":"product_cat-pesos-libres","9":"first","10":"instock","11":"shipping-taxable","12":"purchasable","13":"product-type-simple"},"acf":{"long_title":"  Evolve Powerlifting Estanter\u00eda de placas de acero","subtitle":"","specifications":[{"label":"SKU","text_value":"EV-RS-PP-010","icon":"x"},{"label":"Dimensiones","text_value":"1434 x 586 x 800 mm","icon":"x"},{"label":"Peso","text_value":"42,5 kg","icon":"x"},{"label":"Garant\u00eda","text_value":"2 a\u00f1os","icon":"x"}],"product_frequently_asked_questions":null},"yoast_head":"<!-- This site is optimized with the Yoast SEO plugin v27.4 - https:\/\/yoast.com\/product\/yoast-seo-wordpress\/ -->\n<title>Estanter\u00eda de placas de acero Evolve Powerlifting (PP-010) - Evolve<\/title>\n<meta name=\"description\" content=\"La estanter\u00eda de placas de acero Evolve Powerlifting es una soluci\u00f3n de almacenamiento compacta y resistente dise\u00f1ada para entornos profesionales de entrenamiento de fuerza.\" \/>\n<meta name=\"robots\" content=\"index, follow, max-snippet:-1, max-image-preview:large, max-video-preview:-1\" \/>\n<link rel=\"canonical\" href=\"https:\/\/evolve-fitness.eu\/es\/producto\/estanteria-de-placas-de-acero-evolve-powerlifting-pp-010\/\" \/>\n<meta property=\"og:locale\" content=\"es_ES\" \/>\n<meta property=\"og:type\" content=\"article\" \/>\n<meta property=\"og:title\" content=\"Estanter\u00eda de placas de acero Evolve Powerlifting (PP-010) - Evolve\" \/>\n<meta property=\"og:description\" content=\"La estanter\u00eda de placas de acero Evolve Powerlifting es una soluci\u00f3n de almacenamiento compacta y resistente dise\u00f1ada para entornos profesionales de entrenamiento de fuerza.\" \/>\n<meta property=\"og:url\" content=\"https:\/\/evolve-fitness.eu\/es\/producto\/estanteria-de-placas-de-acero-evolve-powerlifting-pp-010\/\" \/>\n<meta property=\"og:site_name\" content=\"Evolve\" \/>\n<meta property=\"article:publisher\" content=\"https:\/\/www.facebook.com\/EvolveFitnessEurope\" \/>\n<meta property=\"article:modified_time\" content=\"2026-04-23T06:04:12+00:00\" \/>\n<meta property=\"og:image\" content=\"https:\/\/evolve-fitness.eu\/wp-content\/uploads\/2026\/02\/2.png\" \/>\n\t<meta property=\"og:image:width\" content=\"810\" \/>\n\t<meta property=\"og:image:height\" content=\"810\" \/>\n\t<meta property=\"og:image:type\" content=\"image\/png\" \/>\n<meta name=\"twitter:card\" content=\"summary_large_image\" \/>\n<script type=\"application\/ld+json\" class=\"yoast-schema-graph\">{\"@context\":\"https:\\\/\\\/schema.org\",\"@graph\":[{\"@type\":\"WebPage\",\"@id\":\"https:\\\/\\\/evolve-fitness.eu\\\/es\\\/producto\\\/estanteria-de-placas-de-acero-evolve-powerlifting-pp-010\\\/\",\"url\":\"https:\\\/\\\/evolve-fitness.eu\\\/es\\\/producto\\\/estanteria-de-placas-de-acero-evolve-powerlifting-pp-010\\\/\",\"name\":\"Estanter\u00eda de placas de acero Evolve Powerlifting (PP-010) - Evolve\",\"isPartOf\":{\"@id\":\"https:\\\/\\\/evolve-fitness.eu\\\/es\\\/#website\"},\"primaryImageOfPage\":{\"@id\":\"https:\\\/\\\/evolve-fitness.eu\\\/es\\\/producto\\\/estanteria-de-placas-de-acero-evolve-powerlifting-pp-010\\\/#primaryimage\"},\"image\":{\"@id\":\"https:\\\/\\\/evolve-fitness.eu\\\/es\\\/producto\\\/estanteria-de-placas-de-acero-evolve-powerlifting-pp-010\\\/#primaryimage\"},\"thumbnailUrl\":\"https:\\\/\\\/evolve-fitness.eu\\\/wp-content\\\/uploads\\\/2026\\\/02\\\/2.png\",\"datePublished\":\"2026-02-23T11:51:27+00:00\",\"dateModified\":\"2026-04-23T06:04:12+00:00\",\"description\":\"La estanter\u00eda de placas de acero Evolve Powerlifting es una soluci\u00f3n de almacenamiento compacta y resistente dise\u00f1ada para entornos profesionales de entrenamiento de fuerza.\",\"breadcrumb\":{\"@id\":\"https:\\\/\\\/evolve-fitness.eu\\\/es\\\/producto\\\/estanteria-de-placas-de-acero-evolve-powerlifting-pp-010\\\/#breadcrumb\"},\"inLanguage\":\"es\",\"potentialAction\":[{\"@type\":\"ReadAction\",\"target\":[\"https:\\\/\\\/evolve-fitness.eu\\\/es\\\/producto\\\/estanteria-de-placas-de-acero-evolve-powerlifting-pp-010\\\/\"]}]},{\"@type\":\"ImageObject\",\"inLanguage\":\"es\",\"@id\":\"https:\\\/\\\/evolve-fitness.eu\\\/es\\\/producto\\\/estanteria-de-placas-de-acero-evolve-powerlifting-pp-010\\\/#primaryimage\",\"url\":\"https:\\\/\\\/evolve-fitness.eu\\\/wp-content\\\/uploads\\\/2026\\\/02\\\/2.png\",\"contentUrl\":\"https:\\\/\\\/evolve-fitness.eu\\\/wp-content\\\/uploads\\\/2026\\\/02\\\/2.png\",\"width\":810,\"height\":810},{\"@type\":\"BreadcrumbList\",\"@id\":\"https:\\\/\\\/evolve-fitness.eu\\\/es\\\/producto\\\/estanteria-de-placas-de-acero-evolve-powerlifting-pp-010\\\/#breadcrumb\",\"itemListElement\":[{\"@type\":\"ListItem\",\"position\":1,\"name\":\"Home\",\"item\":\"https:\\\/\\\/evolve-fitness.eu\\\/es\\\/\"},{\"@type\":\"ListItem\",\"position\":2,\"name\":\"Productos\",\"item\":\"https:\\\/\\\/evolve-fitness.eu\\\/es\\\/shop\\\/\"},{\"@type\":\"ListItem\",\"position\":3,\"name\":\"Estanter\u00eda de placas de acero Evolve Powerlifting (PP-010)\"}]},{\"@type\":\"WebSite\",\"@id\":\"https:\\\/\\\/evolve-fitness.eu\\\/es\\\/#website\",\"url\":\"https:\\\/\\\/evolve-fitness.eu\\\/es\\\/\",\"name\":\"Evolve\",\"description\":\"Your Evolved Gear Arrived\",\"publisher\":{\"@id\":\"https:\\\/\\\/evolve-fitness.eu\\\/es\\\/#organization\"},\"potentialAction\":[{\"@type\":\"SearchAction\",\"target\":{\"@type\":\"EntryPoint\",\"urlTemplate\":\"https:\\\/\\\/evolve-fitness.eu\\\/es\\\/?s={search_term_string}\"},\"query-input\":{\"@type\":\"PropertyValueSpecification\",\"valueRequired\":true,\"valueName\":\"search_term_string\"}}],\"inLanguage\":\"es\"},{\"@type\":\"Organization\",\"@id\":\"https:\\\/\\\/evolve-fitness.eu\\\/es\\\/#organization\",\"name\":\"Evolve\",\"url\":\"https:\\\/\\\/evolve-fitness.eu\\\/es\\\/\",\"logo\":{\"@type\":\"ImageObject\",\"inLanguage\":\"es\",\"@id\":\"https:\\\/\\\/evolve-fitness.eu\\\/es\\\/#\\\/schema\\\/logo\\\/image\\\/\",\"url\":\"https:\\\/\\\/evolve-fitness.eu\\\/wp-content\\\/uploads\\\/2023\\\/05\\\/Evolve-logo.svg\",\"contentUrl\":\"https:\\\/\\\/evolve-fitness.eu\\\/wp-content\\\/uploads\\\/2023\\\/05\\\/Evolve-logo.svg\",\"width\":176,\"height\":20,\"caption\":\"Evolve\"},\"image\":{\"@id\":\"https:\\\/\\\/evolve-fitness.eu\\\/es\\\/#\\\/schema\\\/logo\\\/image\\\/\"},\"sameAs\":[\"https:\\\/\\\/www.facebook.com\\\/EvolveFitnessEurope\"]}]}<\/script>\n<!-- \/ Yoast SEO plugin. -->","yoast_head_json":{"title":"Estanter\u00eda de placas de acero Evolve Powerlifting (PP-010) - Evolve","description":"La estanter\u00eda de placas de acero Evolve Powerlifting es una soluci\u00f3n de almacenamiento compacta y resistente dise\u00f1ada para entornos profesionales de entrenamiento de fuerza.","robots":{"index":"index","follow":"follow","max-snippet":"max-snippet:-1","max-image-preview":"max-image-preview:large","max-video-preview":"max-video-preview:-1"},"canonical":"https:\/\/evolve-fitness.eu\/es\/producto\/estanteria-de-placas-de-acero-evolve-powerlifting-pp-010\/","og_locale":"es_ES","og_type":"article","og_title":"Estanter\u00eda de placas de acero Evolve Powerlifting (PP-010) - Evolve","og_description":"La estanter\u00eda de placas de acero Evolve Powerlifting es una soluci\u00f3n de almacenamiento compacta y resistente dise\u00f1ada para entornos profesionales de entrenamiento de fuerza.","og_url":"https:\/\/evolve-fitness.eu\/es\/producto\/estanteria-de-placas-de-acero-evolve-powerlifting-pp-010\/","og_site_name":"Evolve","article_publisher":"https:\/\/www.facebook.com\/EvolveFitnessEurope","article_modified_time":"2026-04-23T06:04:12+00:00","og_image":[{"width":810,"height":810,"url":"https:\/\/evolve-fitness.eu\/wp-content\/uploads\/2026\/02\/2.png","type":"image\/png"}],"twitter_card":"summary_large_image","schema":{"@context":"https:\/\/schema.org","@graph":[{"@type":"WebPage","@id":"https:\/\/evolve-fitness.eu\/es\/producto\/estanteria-de-placas-de-acero-evolve-powerlifting-pp-010\/","url":"https:\/\/evolve-fitness.eu\/es\/producto\/estanteria-de-placas-de-acero-evolve-powerlifting-pp-010\/","name":"Estanter\u00eda de placas de acero Evolve Powerlifting (PP-010) - Evolve","isPartOf":{"@id":"https:\/\/evolve-fitness.eu\/es\/#website"},"primaryImageOfPage":{"@id":"https:\/\/evolve-fitness.eu\/es\/producto\/estanteria-de-placas-de-acero-evolve-powerlifting-pp-010\/#primaryimage"},"image":{"@id":"https:\/\/evolve-fitness.eu\/es\/producto\/estanteria-de-placas-de-acero-evolve-powerlifting-pp-010\/#primaryimage"},"thumbnailUrl":"https:\/\/evolve-fitness.eu\/wp-content\/uploads\/2026\/02\/2.png","datePublished":"2026-02-23T11:51:27+00:00","dateModified":"2026-04-23T06:04:12+00:00","description":"La estanter\u00eda de placas de acero Evolve Powerlifting es una soluci\u00f3n de almacenamiento compacta y resistente dise\u00f1ada para entornos profesionales de entrenamiento de fuerza.","breadcrumb":{"@id":"https:\/\/evolve-fitness.eu\/es\/producto\/estanteria-de-placas-de-acero-evolve-powerlifting-pp-010\/#breadcrumb"},"inLanguage":"es","potentialAction":[{"@type":"ReadAction","target":["https:\/\/evolve-fitness.eu\/es\/producto\/estanteria-de-placas-de-acero-evolve-powerlifting-pp-010\/"]}]},{"@type":"ImageObject","inLanguage":"es","@id":"https:\/\/evolve-fitness.eu\/es\/producto\/estanteria-de-placas-de-acero-evolve-powerlifting-pp-010\/#primaryimage","url":"https:\/\/evolve-fitness.eu\/wp-content\/uploads\/2026\/02\/2.png","contentUrl":"https:\/\/evolve-fitness.eu\/wp-content\/uploads\/2026\/02\/2.png","width":810,"height":810},{"@type":"BreadcrumbList","@id":"https:\/\/evolve-fitness.eu\/es\/producto\/estanteria-de-placas-de-acero-evolve-powerlifting-pp-010\/#breadcrumb","itemListElement":[{"@type":"ListItem","position":1,"name":"Home","item":"https:\/\/evolve-fitness.eu\/es\/"},{"@type":"ListItem","position":2,"name":"Productos","item":"https:\/\/evolve-fitness.eu\/es\/shop\/"},{"@type":"ListItem","position":3,"name":"Estanter\u00eda de placas de acero Evolve Powerlifting (PP-010)"}]},{"@type":"WebSite","@id":"https:\/\/evolve-fitness.eu\/es\/#website","url":"https:\/\/evolve-fitness.eu\/es\/","name":"Evolve","description":"Your Evolved Gear Arrived","publisher":{"@id":"https:\/\/evolve-fitness.eu\/es\/#organization"},"potentialAction":[{"@type":"SearchAction","target":{"@type":"EntryPoint","urlTemplate":"https:\/\/evolve-fitness.eu\/es\/?s={search_term_string}"},"query-input":{"@type":"PropertyValueSpecification","valueRequired":true,"valueName":"search_term_string"}}],"inLanguage":"es"},{"@type":"Organization","@id":"https:\/\/evolve-fitness.eu\/es\/#organization","name":"Evolve","url":"https:\/\/evolve-fitness.eu\/es\/","logo":{"@type":"ImageObject","inLanguage":"es","@id":"https:\/\/evolve-fitness.eu\/es\/#\/schema\/logo\/image\/","url":"https:\/\/evolve-fitness.eu\/wp-content\/uploads\/2023\/05\/Evolve-logo.svg","contentUrl":"https:\/\/evolve-fitness.eu\/wp-content\/uploads\/2023\/05\/Evolve-logo.svg","width":176,"height":20,"caption":"Evolve"},"image":{"@id":"https:\/\/evolve-fitness.eu\/es\/#\/schema\/logo\/image\/"},"sameAs":["https:\/\/www.facebook.com\/EvolveFitnessEurope"]}]}},"_links":{"self":[{"href":"https:\/\/evolve-fitness.eu\/es\/wp-json\/wp\/v2\/product\/236031","targetHints":{"allow":["GET"]}}],"collection":[{"href":"https:\/\/evolve-fitness.eu\/es\/wp-json\/wp\/v2\/product"}],"about":[{"href":"https:\/\/evolve-fitness.eu\/es\/wp-json\/wp\/v2\/types\/product"}],"wp:featuredmedia":[{"embeddable":true,"href":"https:\/\/evolve-fitness.eu\/es\/wp-json\/wp\/v2\/media\/236032"}],"wp:attachment":[{"href":"https:\/\/evolve-fitness.eu\/es\/wp-json\/wp\/v2\/media?parent=236031"}],"wp:term":[{"taxonomy":"product_brand","embeddable":true,"href":"https:\/\/evolve-fitness.eu\/es\/wp-json\/wp\/v2\/product_brand?post=236031"},{"taxonomy":"product_cat","embeddable":true,"href":"https:\/\/evolve-fitness.eu\/es\/wp-json\/wp\/v2\/product_cat?post=236031"},{"taxonomy":"product_tag","embeddable":true,"href":"https:\/\/evolve-fitness.eu\/es\/wp-json\/wp\/v2\/product_tag?post=236031"}],"curies":[{"name":"wp","href":"https:\/\/api.w.org\/{rel}","templated":true}]}}