{"id":236117,"date":"2025-03-24T06:40:46","date_gmt":"2025-03-24T04:40:46","guid":{"rendered":"https:\/\/evolve-fitness.eu\/product\/sentadilla-en-v-con-placa-evolve-prime-series-pr-071\/"},"modified":"2026-04-23T09:07:13","modified_gmt":"2026-04-23T06:07:13","slug":"sentadilla-en-v-con-placa-evolve-prime-series-pr-071","status":"publish","type":"product","link":"https:\/\/evolve-fitness.eu\/es\/producto\/sentadilla-en-v-con-placa-evolve-prime-series-pr-071\/","title":{"rendered":"Sentadilla en V con placa Evolve Prime Series (PR-071)"},"content":{"rendered":"\n<section class=\"wp-block-group alignfull has-lightgray-background-color has-background is-layout-constrained wp-block-group-is-layout-constrained\">\n<div class=\"wp-block-columns alignwide is-layout-flex wp-container-core-columns-is-layout-2edb0647 wp-block-columns-is-layout-flex\" style=\"margin-top:0;margin-bottom:0\">\n<div class=\"wp-block-column is-layout-flow wp-block-column-is-layout-flow\" style=\"flex-basis:33.33%\"><\/div>\n\n\n\n<div class=\"wp-block-column is-layout-flow wp-block-column-is-layout-flow\" style=\"flex-basis:66.66%\"><\/div>\n<\/div>\n<\/section>\n\n<section class=\"wp-block-group alignfull black-content has-white-color has-darkgray-background-color has-text-color has-background is-layout-constrained wp-block-group-is-layout-constrained\" style=\"padding-top:var(--wp--preset--spacing--section-bottom);padding-bottom:var(--wp--preset--spacing--section-bottom)\">\n<h3 class=\"wp-block-heading has-text-align-center\"><strong><strong>EVOLVE SERIE PRIME CARGADA CON PLACAS<\/strong><\/strong><\/h3>\n\n\n\n<p>Con la serie Evolve Plate Loaded Prime, la excelencia es el est\u00e1ndar. Eleve su entrenamiento de fuerza con m\u00e1quinas dise\u00f1adas para ofrecer comodidad, durabilidad y rendimiento. Explore hoy mismo toda la l\u00ednea y redefina su camino hacia la forma f\u00edsica.  <\/p>\n\n\n\n<section class=\"wp-block-group alignfull black-content has-white-color has-darkgray-background-color has-text-color has-background is-layout-constrained wp-block-group-is-layout-constrained\" style=\"padding-top:var(--wp--preset--spacing--section-bottom);padding-bottom:var(--wp--preset--spacing--section-bottom)\">\n<div class=\"wp-block-columns alignwide mobile-reverse is-layout-flex wp-container-core-columns-is-layout-ca64bf2d wp-block-columns-is-layout-flex\" style=\"margin-bottom:var(--wp--preset--spacing--side-padding)\">\n<div class=\"wp-block-column is-vertically-aligned-center is-layout-flow wp-block-column-is-layout-flow\">\n<h3 class=\"wp-block-heading\" style=\"margin-bottom:var(--wp--preset--spacing--h-3-bottom)\"><strong><strong><strong>Opciones de ejercicio global<\/strong><\/strong><\/strong><\/h3>\n\n\n\n<p><strong><em><strong>Ejercicios espec\u00edficos para la parte inferior del cuerpo<\/strong><\/em><\/strong><\/p>\n\n\n\n<p style=\"margin-bottom:var(--wp--preset--spacing--tb-section-padding)\">La Sentadilla en V cargada con placas de la serie Evolve Prime est\u00e1 dise\u00f1ada para trabajar eficazmente los cu\u00e1driceps, isquiotibiales, gl\u00fateos y gemelos. El intuitivo sistema de ajuste de la m\u00e1quina permite una f\u00e1cil configuraci\u00f3n y transici\u00f3n entre ejercicios, ofreciendo una experiencia de entrenamiento vers\u00e1til. <\/p>\n\n\n\n<h3 class=\"wp-block-heading\" style=\"margin-bottom:var(--wp--preset--spacing--h-3-bottom)\"><strong><strong><strong><strong><strong>Funciones avanzadas<\/strong><\/strong><\/strong><\/strong><\/strong><\/h3>\n\n\n\n<p><strong><em>Durabilidad y eficacia<\/em><\/strong><\/p>\n\n\n\n<p>Construida con tejido resistente de primera calidad y herrajes de acero inoxidable, esta m\u00e1quina V Squat est\u00e1 hecha para durar. La tecnolog\u00eda de pulverizaci\u00f3n electrost\u00e1tica de polvo termoendurecible proporciona un acabado resistente, manteniendo su atractivo est\u00e9tico con el paso del tiempo. Las clavijas integradas para almacenar los platos de pesas mejoran la eficiencia del espacio, garantizando un entorno de entrenamiento sin desorden.  <\/p>\n<\/div>\n\n\n\n<div class=\"wp-block-column is-vertically-aligned-center is-layout-flow wp-block-column-is-layout-flow\">\n<figure class=\"wp-block-image size-large\"><img loading=\"lazy\" decoding=\"async\" width=\"1024\" height=\"1024\" src=\"https:\/\/evolve-fitness.eu\/wp-content\/uploads\/2025\/03\/EV-PL-PR-071-Evolve-Prime-Series-Plate-Loaded-V-Squat-Recovered-1024x1024.png\" alt=\"\" class=\"wp-image-188502\" srcset=\"https:\/\/evolve-fitness.eu\/wp-content\/uploads\/2025\/03\/EV-PL-PR-071-Evolve-Prime-Series-Plate-Loaded-V-Squat-Recovered-1024x1024.png 1024w, https:\/\/evolve-fitness.eu\/wp-content\/uploads\/2025\/03\/EV-PL-PR-071-Evolve-Prime-Series-Plate-Loaded-V-Squat-Recovered-300x300.png 300w, https:\/\/evolve-fitness.eu\/wp-content\/uploads\/2025\/03\/EV-PL-PR-071-Evolve-Prime-Series-Plate-Loaded-V-Squat-Recovered-150x150.png 150w, https:\/\/evolve-fitness.eu\/wp-content\/uploads\/2025\/03\/EV-PL-PR-071-Evolve-Prime-Series-Plate-Loaded-V-Squat-Recovered-768x768.png 768w, https:\/\/evolve-fitness.eu\/wp-content\/uploads\/2025\/03\/EV-PL-PR-071-Evolve-Prime-Series-Plate-Loaded-V-Squat-Recovered-1536x1536.png 1536w, https:\/\/evolve-fitness.eu\/wp-content\/uploads\/2025\/03\/EV-PL-PR-071-Evolve-Prime-Series-Plate-Loaded-V-Squat-Recovered-2048x2048.png 2048w, https:\/\/evolve-fitness.eu\/wp-content\/uploads\/2025\/03\/EV-PL-PR-071-Evolve-Prime-Series-Plate-Loaded-V-Squat-Recovered-600x600.png 600w\" sizes=\"auto, (max-width: 1024px) 100vw, 1024px\" \/><\/figure>\n<\/div>\n<\/div>\n<\/section>\n<\/section>\n","protected":false},"excerpt":{"rendered":"<p>La Sentadilla en V con Placa de Carga Evolve Prime Series es un equipo de entrenamiento de fuerza de primera calidad dise\u00f1ado para trabajar los m\u00fasculos de la parte inferior del cuerpo, especialmente los cu\u00e1driceps, gl\u00fateos e isquiotibiales. Con un dise\u00f1o robusto y cargado con placas, permite realizar movimientos de sentadilla suaves y eficaces. La plataforma en forma de V garantiza una posici\u00f3n \u00f3ptima del cuerpo, proporcionando comodidad y seguridad durante los levantamientos pesados. Ideal tanto para gimnasios comerciales como para instalaciones de fitness dom\u00e9sticas, esta m\u00e1quina de sentadillas en V est\u00e1 fabricada para soportar un uso intenso y ofrecer un rendimiento excepcional.   <\/p>\n","protected":false},"featured_media":188525,"template":"","meta":{"_acf_changed":false,"inline_featured_image":false},"product_brand":[],"product_cat":[2949,5439],"product_tag":[],"class_list":{"0":"post-236117","1":"product","2":"type-product","3":"status-publish","4":"has-post-thumbnail","6":"product_cat-maquinas-de-carga-de-placas","7":"product_cat-prime-series-placa-cargada","9":"first","10":"instock","11":"shipping-taxable","12":"purchasable","13":"product-type-simple"},"acf":{"long_title":"Sentadilla en V con placa Evolve Prime Series (PR-071)","subtitle":"","specifications":[{"label":"SKU","text_value":"EV-PL-PR-071","icon":"x"},{"label":"Dimensiones","text_value":"2200 x 1290 x 1840 mm","icon":"x"},{"label":"Peso","text_value":"210 kg","icon":"x"},{"label":"Peso m\u00e1ximo del usuario","text_value":"180 kg","icon":"x"},{"label":"Reposapi\u00e9s angular antideslizante de gran tama\u00f1o","text_value":"","icon":"v"},{"label":"Protectores de suelo duraderos","text_value":"","icon":"v"},{"label":"Marco met\u00e1lico sin bordes afilados","text_value":"","icon":"v"},{"label":"Asas antideslizantes","text_value":"","icon":"x"},{"label":"Pintura anticorrosi\u00f3n","text_value":"","icon":"v"},{"label":"Tapicer\u00eda gruesa","text_value":"","icon":"v"},{"label":"Garant\u00eda","text_value":"2 a\u00f1os","icon":"x"}],"product_frequently_asked_questions":null},"yoast_head":"<!-- This site is optimized with the Yoast SEO plugin v27.4 - https:\/\/yoast.com\/product\/yoast-seo-wordpress\/ -->\n<title>Sentadilla en V con placa Evolve Prime Series (PR-071) - Evolve<\/title>\n<meta name=\"description\" content=\"La Sentadilla en V con Placa Evolve es un equipo de entrenamiento de fuerza dise\u00f1ado para trabajar los m\u00fasculos de la parte inferior del cuerpo, especialmente los cu\u00e1driceps, los gl\u00fateos y los isquiotibiales.\" \/>\n<meta name=\"robots\" content=\"index, follow, max-snippet:-1, max-image-preview:large, max-video-preview:-1\" \/>\n<link rel=\"canonical\" href=\"https:\/\/evolve-fitness.eu\/es\/producto\/sentadilla-en-v-con-placa-evolve-prime-series-pr-071\/\" \/>\n<meta property=\"og:locale\" content=\"es_ES\" \/>\n<meta property=\"og:type\" content=\"article\" \/>\n<meta property=\"og:title\" content=\"Sentadilla en V con placa Evolve Prime Series (PR-071) - Evolve\" \/>\n<meta property=\"og:description\" content=\"La Sentadilla en V con Placa Evolve es un equipo de entrenamiento de fuerza dise\u00f1ado para trabajar los m\u00fasculos de la parte inferior del cuerpo, especialmente los cu\u00e1driceps, los gl\u00fateos y los isquiotibiales.\" \/>\n<meta property=\"og:url\" content=\"https:\/\/evolve-fitness.eu\/es\/producto\/sentadilla-en-v-con-placa-evolve-prime-series-pr-071\/\" \/>\n<meta property=\"og:site_name\" content=\"Evolve\" \/>\n<meta property=\"article:publisher\" content=\"https:\/\/www.facebook.com\/EvolveFitnessEurope\" \/>\n<meta property=\"article:modified_time\" content=\"2026-04-23T06:07:13+00:00\" \/>\n<meta property=\"og:image\" content=\"https:\/\/evolve-fitness.eu\/wp-content\/uploads\/2025\/03\/EV-PL-PR-071-Evolve-Prime-Series-Plate-Loaded-V-Squat-Recovered.png\" \/>\n\t<meta property=\"og:image:width\" content=\"3000\" \/>\n\t<meta property=\"og:image:height\" content=\"3000\" \/>\n\t<meta property=\"og:image:type\" content=\"image\/png\" \/>\n<meta name=\"twitter:card\" content=\"summary_large_image\" \/>\n<script type=\"application\/ld+json\" class=\"yoast-schema-graph\">{\"@context\":\"https:\\\/\\\/schema.org\",\"@graph\":[{\"@type\":\"WebPage\",\"@id\":\"https:\\\/\\\/evolve-fitness.eu\\\/es\\\/producto\\\/sentadilla-en-v-con-placa-evolve-prime-series-pr-071\\\/\",\"url\":\"https:\\\/\\\/evolve-fitness.eu\\\/es\\\/producto\\\/sentadilla-en-v-con-placa-evolve-prime-series-pr-071\\\/\",\"name\":\"Sentadilla en V con placa Evolve Prime Series (PR-071) - Evolve\",\"isPartOf\":{\"@id\":\"https:\\\/\\\/evolve-fitness.eu\\\/es\\\/#website\"},\"primaryImageOfPage\":{\"@id\":\"https:\\\/\\\/evolve-fitness.eu\\\/es\\\/producto\\\/sentadilla-en-v-con-placa-evolve-prime-series-pr-071\\\/#primaryimage\"},\"image\":{\"@id\":\"https:\\\/\\\/evolve-fitness.eu\\\/es\\\/producto\\\/sentadilla-en-v-con-placa-evolve-prime-series-pr-071\\\/#primaryimage\"},\"thumbnailUrl\":\"https:\\\/\\\/evolve-fitness.eu\\\/wp-content\\\/uploads\\\/2025\\\/03\\\/EV-PL-PR-071-Evolve-Prime-Series-Plate-Loaded-V-Squat-Recovered.png\",\"datePublished\":\"2025-03-24T04:40:46+00:00\",\"dateModified\":\"2026-04-23T06:07:13+00:00\",\"description\":\"La Sentadilla en V con Placa Evolve es un equipo de entrenamiento de fuerza dise\u00f1ado para trabajar los m\u00fasculos de la parte inferior del cuerpo, especialmente los cu\u00e1driceps, los gl\u00fateos y los isquiotibiales.\",\"breadcrumb\":{\"@id\":\"https:\\\/\\\/evolve-fitness.eu\\\/es\\\/producto\\\/sentadilla-en-v-con-placa-evolve-prime-series-pr-071\\\/#breadcrumb\"},\"inLanguage\":\"es\",\"potentialAction\":[{\"@type\":\"ReadAction\",\"target\":[\"https:\\\/\\\/evolve-fitness.eu\\\/es\\\/producto\\\/sentadilla-en-v-con-placa-evolve-prime-series-pr-071\\\/\"]}]},{\"@type\":\"ImageObject\",\"inLanguage\":\"es\",\"@id\":\"https:\\\/\\\/evolve-fitness.eu\\\/es\\\/producto\\\/sentadilla-en-v-con-placa-evolve-prime-series-pr-071\\\/#primaryimage\",\"url\":\"https:\\\/\\\/evolve-fitness.eu\\\/wp-content\\\/uploads\\\/2025\\\/03\\\/EV-PL-PR-071-Evolve-Prime-Series-Plate-Loaded-V-Squat-Recovered.png\",\"contentUrl\":\"https:\\\/\\\/evolve-fitness.eu\\\/wp-content\\\/uploads\\\/2025\\\/03\\\/EV-PL-PR-071-Evolve-Prime-Series-Plate-Loaded-V-Squat-Recovered.png\",\"width\":3000,\"height\":3000},{\"@type\":\"BreadcrumbList\",\"@id\":\"https:\\\/\\\/evolve-fitness.eu\\\/es\\\/producto\\\/sentadilla-en-v-con-placa-evolve-prime-series-pr-071\\\/#breadcrumb\",\"itemListElement\":[{\"@type\":\"ListItem\",\"position\":1,\"name\":\"Home\",\"item\":\"https:\\\/\\\/evolve-fitness.eu\\\/es\\\/\"},{\"@type\":\"ListItem\",\"position\":2,\"name\":\"Productos\",\"item\":\"https:\\\/\\\/evolve-fitness.eu\\\/es\\\/shop\\\/\"},{\"@type\":\"ListItem\",\"position\":3,\"name\":\"Sentadilla en V con placa Evolve Prime Series (PR-071)\"}]},{\"@type\":\"WebSite\",\"@id\":\"https:\\\/\\\/evolve-fitness.eu\\\/es\\\/#website\",\"url\":\"https:\\\/\\\/evolve-fitness.eu\\\/es\\\/\",\"name\":\"Evolve\",\"description\":\"Your Evolved Gear Arrived\",\"publisher\":{\"@id\":\"https:\\\/\\\/evolve-fitness.eu\\\/es\\\/#organization\"},\"potentialAction\":[{\"@type\":\"SearchAction\",\"target\":{\"@type\":\"EntryPoint\",\"urlTemplate\":\"https:\\\/\\\/evolve-fitness.eu\\\/es\\\/?s={search_term_string}\"},\"query-input\":{\"@type\":\"PropertyValueSpecification\",\"valueRequired\":true,\"valueName\":\"search_term_string\"}}],\"inLanguage\":\"es\"},{\"@type\":\"Organization\",\"@id\":\"https:\\\/\\\/evolve-fitness.eu\\\/es\\\/#organization\",\"name\":\"Evolve\",\"url\":\"https:\\\/\\\/evolve-fitness.eu\\\/es\\\/\",\"logo\":{\"@type\":\"ImageObject\",\"inLanguage\":\"es\",\"@id\":\"https:\\\/\\\/evolve-fitness.eu\\\/es\\\/#\\\/schema\\\/logo\\\/image\\\/\",\"url\":\"https:\\\/\\\/evolve-fitness.eu\\\/wp-content\\\/uploads\\\/2023\\\/05\\\/Evolve-logo.svg\",\"contentUrl\":\"https:\\\/\\\/evolve-fitness.eu\\\/wp-content\\\/uploads\\\/2023\\\/05\\\/Evolve-logo.svg\",\"width\":176,\"height\":20,\"caption\":\"Evolve\"},\"image\":{\"@id\":\"https:\\\/\\\/evolve-fitness.eu\\\/es\\\/#\\\/schema\\\/logo\\\/image\\\/\"},\"sameAs\":[\"https:\\\/\\\/www.facebook.com\\\/EvolveFitnessEurope\"]}]}<\/script>\n<!-- \/ Yoast SEO plugin. -->","yoast_head_json":{"title":"Sentadilla en V con placa Evolve Prime Series (PR-071) - Evolve","description":"La Sentadilla en V con Placa Evolve es un equipo de entrenamiento de fuerza dise\u00f1ado para trabajar los m\u00fasculos de la parte inferior del cuerpo, especialmente los cu\u00e1driceps, los gl\u00fateos y los isquiotibiales.","robots":{"index":"index","follow":"follow","max-snippet":"max-snippet:-1","max-image-preview":"max-image-preview:large","max-video-preview":"max-video-preview:-1"},"canonical":"https:\/\/evolve-fitness.eu\/es\/producto\/sentadilla-en-v-con-placa-evolve-prime-series-pr-071\/","og_locale":"es_ES","og_type":"article","og_title":"Sentadilla en V con placa Evolve Prime Series (PR-071) - Evolve","og_description":"La Sentadilla en V con Placa Evolve es un equipo de entrenamiento de fuerza dise\u00f1ado para trabajar los m\u00fasculos de la parte inferior del cuerpo, especialmente los cu\u00e1driceps, los gl\u00fateos y los isquiotibiales.","og_url":"https:\/\/evolve-fitness.eu\/es\/producto\/sentadilla-en-v-con-placa-evolve-prime-series-pr-071\/","og_site_name":"Evolve","article_publisher":"https:\/\/www.facebook.com\/EvolveFitnessEurope","article_modified_time":"2026-04-23T06:07:13+00:00","og_image":[{"width":3000,"height":3000,"url":"https:\/\/evolve-fitness.eu\/wp-content\/uploads\/2025\/03\/EV-PL-PR-071-Evolve-Prime-Series-Plate-Loaded-V-Squat-Recovered.png","type":"image\/png"}],"twitter_card":"summary_large_image","schema":{"@context":"https:\/\/schema.org","@graph":[{"@type":"WebPage","@id":"https:\/\/evolve-fitness.eu\/es\/producto\/sentadilla-en-v-con-placa-evolve-prime-series-pr-071\/","url":"https:\/\/evolve-fitness.eu\/es\/producto\/sentadilla-en-v-con-placa-evolve-prime-series-pr-071\/","name":"Sentadilla en V con placa Evolve Prime Series (PR-071) - Evolve","isPartOf":{"@id":"https:\/\/evolve-fitness.eu\/es\/#website"},"primaryImageOfPage":{"@id":"https:\/\/evolve-fitness.eu\/es\/producto\/sentadilla-en-v-con-placa-evolve-prime-series-pr-071\/#primaryimage"},"image":{"@id":"https:\/\/evolve-fitness.eu\/es\/producto\/sentadilla-en-v-con-placa-evolve-prime-series-pr-071\/#primaryimage"},"thumbnailUrl":"https:\/\/evolve-fitness.eu\/wp-content\/uploads\/2025\/03\/EV-PL-PR-071-Evolve-Prime-Series-Plate-Loaded-V-Squat-Recovered.png","datePublished":"2025-03-24T04:40:46+00:00","dateModified":"2026-04-23T06:07:13+00:00","description":"La Sentadilla en V con Placa Evolve es un equipo de entrenamiento de fuerza dise\u00f1ado para trabajar los m\u00fasculos de la parte inferior del cuerpo, especialmente los cu\u00e1driceps, los gl\u00fateos y los isquiotibiales.","breadcrumb":{"@id":"https:\/\/evolve-fitness.eu\/es\/producto\/sentadilla-en-v-con-placa-evolve-prime-series-pr-071\/#breadcrumb"},"inLanguage":"es","potentialAction":[{"@type":"ReadAction","target":["https:\/\/evolve-fitness.eu\/es\/producto\/sentadilla-en-v-con-placa-evolve-prime-series-pr-071\/"]}]},{"@type":"ImageObject","inLanguage":"es","@id":"https:\/\/evolve-fitness.eu\/es\/producto\/sentadilla-en-v-con-placa-evolve-prime-series-pr-071\/#primaryimage","url":"https:\/\/evolve-fitness.eu\/wp-content\/uploads\/2025\/03\/EV-PL-PR-071-Evolve-Prime-Series-Plate-Loaded-V-Squat-Recovered.png","contentUrl":"https:\/\/evolve-fitness.eu\/wp-content\/uploads\/2025\/03\/EV-PL-PR-071-Evolve-Prime-Series-Plate-Loaded-V-Squat-Recovered.png","width":3000,"height":3000},{"@type":"BreadcrumbList","@id":"https:\/\/evolve-fitness.eu\/es\/producto\/sentadilla-en-v-con-placa-evolve-prime-series-pr-071\/#breadcrumb","itemListElement":[{"@type":"ListItem","position":1,"name":"Home","item":"https:\/\/evolve-fitness.eu\/es\/"},{"@type":"ListItem","position":2,"name":"Productos","item":"https:\/\/evolve-fitness.eu\/es\/shop\/"},{"@type":"ListItem","position":3,"name":"Sentadilla en V con placa Evolve Prime Series (PR-071)"}]},{"@type":"WebSite","@id":"https:\/\/evolve-fitness.eu\/es\/#website","url":"https:\/\/evolve-fitness.eu\/es\/","name":"Evolve","description":"Your Evolved Gear Arrived","publisher":{"@id":"https:\/\/evolve-fitness.eu\/es\/#organization"},"potentialAction":[{"@type":"SearchAction","target":{"@type":"EntryPoint","urlTemplate":"https:\/\/evolve-fitness.eu\/es\/?s={search_term_string}"},"query-input":{"@type":"PropertyValueSpecification","valueRequired":true,"valueName":"search_term_string"}}],"inLanguage":"es"},{"@type":"Organization","@id":"https:\/\/evolve-fitness.eu\/es\/#organization","name":"Evolve","url":"https:\/\/evolve-fitness.eu\/es\/","logo":{"@type":"ImageObject","inLanguage":"es","@id":"https:\/\/evolve-fitness.eu\/es\/#\/schema\/logo\/image\/","url":"https:\/\/evolve-fitness.eu\/wp-content\/uploads\/2023\/05\/Evolve-logo.svg","contentUrl":"https:\/\/evolve-fitness.eu\/wp-content\/uploads\/2023\/05\/Evolve-logo.svg","width":176,"height":20,"caption":"Evolve"},"image":{"@id":"https:\/\/evolve-fitness.eu\/es\/#\/schema\/logo\/image\/"},"sameAs":["https:\/\/www.facebook.com\/EvolveFitnessEurope"]}]}},"_links":{"self":[{"href":"https:\/\/evolve-fitness.eu\/es\/wp-json\/wp\/v2\/product\/236117","targetHints":{"allow":["GET"]}}],"collection":[{"href":"https:\/\/evolve-fitness.eu\/es\/wp-json\/wp\/v2\/product"}],"about":[{"href":"https:\/\/evolve-fitness.eu\/es\/wp-json\/wp\/v2\/types\/product"}],"wp:featuredmedia":[{"embeddable":true,"href":"https:\/\/evolve-fitness.eu\/es\/wp-json\/wp\/v2\/media\/188525"}],"wp:attachment":[{"href":"https:\/\/evolve-fitness.eu\/es\/wp-json\/wp\/v2\/media?parent=236117"}],"wp:term":[{"taxonomy":"product_brand","embeddable":true,"href":"https:\/\/evolve-fitness.eu\/es\/wp-json\/wp\/v2\/product_brand?post=236117"},{"taxonomy":"product_cat","embeddable":true,"href":"https:\/\/evolve-fitness.eu\/es\/wp-json\/wp\/v2\/product_cat?post=236117"},{"taxonomy":"product_tag","embeddable":true,"href":"https:\/\/evolve-fitness.eu\/es\/wp-json\/wp\/v2\/product_tag?post=236117"}],"curies":[{"name":"wp","href":"https:\/\/api.w.org\/{rel}","templated":true}]}}