{"id":236142,"date":"2025-06-26T12:57:53","date_gmt":"2025-06-26T09:57:53","guid":{"rendered":"https:\/\/evolve-fitness.eu\/product\/fila-smith-cargada-con-placas-evolve-serie-ultra\/"},"modified":"2026-04-23T09:08:50","modified_gmt":"2026-04-23T06:08:50","slug":"fila-smith-cargada-con-placas-evolve-serie-ultra","status":"publish","type":"product","link":"https:\/\/evolve-fitness.eu\/es\/producto\/fila-smith-cargada-con-placas-evolve-serie-ultra\/","title":{"rendered":"Fila Smith cargada con placas Evolve Serie Ultra"},"content":{"rendered":"\n<section class=\"wp-block-group alignfull has-lightgray-background-color has-background is-layout-constrained wp-block-group-is-layout-constrained\">\n<div class=\"wp-block-columns alignwide is-layout-flex wp-container-core-columns-is-layout-2edb0647 wp-block-columns-is-layout-flex\" style=\"margin-top:0;margin-bottom:0\">\n<div class=\"wp-block-column is-layout-flow wp-block-column-is-layout-flow\" style=\"flex-basis:33.33%\"><\/div>\n\n\n\n<div class=\"wp-block-column is-layout-flow wp-block-column-is-layout-flow\" style=\"flex-basis:66.66%\"><\/div>\n<\/div>\n<\/section>\n\n<section class=\"wp-block-group alignfull black-content has-white-color has-darkgray-background-color has-text-color has-background is-layout-constrained wp-block-group-is-layout-constrained\" style=\"padding-top:var(--wp--preset--spacing--section-bottom);padding-bottom:var(--wp--preset--spacing--section-bottom)\">\n<div class=\"wp-block-columns alignwide mobile-reverse is-layout-flex wp-container-core-columns-is-layout-ca64bf2d wp-block-columns-is-layout-flex\" style=\"margin-bottom:var(--wp--preset--spacing--side-padding)\">\n<div class=\"wp-block-column is-vertically-aligned-center is-layout-flow wp-block-column-is-layout-flow\">\n<h3 class=\"wp-block-heading\" style=\"margin-bottom:var(--wp--preset--spacing--h-3-bottom)\"><strong><strong><strong><strong><strong><strong><strong><strong><strong><strong><strong>Fila Smith cargada con placas Evolve Serie Ultra<\/strong><\/strong><\/strong><\/strong><\/strong><\/strong><\/strong><\/strong><\/strong><\/strong><\/strong><\/h3>\n\n\n\n<p style=\"margin-bottom:var(--wp--preset--spacing--tb-section-padding)\"><strong>Resistencia cargada con<\/strong> placas &#8211; Personaliza la intensidad del entrenamiento utilizando placas de pesas est\u00e1ndar; es ideal para atletas de todos los niveles y mejora la eficacia del entrenamiento gracias a los sencillos cambios de placas. <strong>Movimiento guiado de la barra Smith<\/strong> &#8211; Garantiza una trayectoria de remo consistente y segura, combinando los beneficios del movimiento de peso libre con la estabilidad. <strong>Posici\u00f3n de remo ergon\u00f3mica<\/strong> &#8211; La almohadilla pectoral en \u00e1ngulo y las empu\u00f1aduras posicionan el cuerpo para un compromiso muscular \u00f3ptimo, reduciendo la tensi\u00f3n en las mu\u00f1ecas y la zona lumbar. <strong>Construcci\u00f3n resistente<\/strong> &#8211; Construido con acero de calidad comercial y acabados de primera calidad, que garantizan la durabilidad en entornos de gimnasio de uso intensivo. <strong>Almacenamiento de placas integrado<\/strong> &#8211; Mantiene el espacio de entrenamiento ordenado y organizado, con postes de almacenamiento convenientemente colocados para las placas. <strong>Tama\u00f1o compacto<\/strong> &#8211; Dise\u00f1ado para maximizar el espacio en gimnasios comerciales y dom\u00e9sticos sin sacrificar el rendimiento.     <\/p>\n<\/div>\n\n\n\n<div class=\"wp-block-column is-vertically-aligned-center is-layout-flow wp-block-column-is-layout-flow\">\n<figure class=\"wp-block-image size-full is-style-rounded\"><img loading=\"lazy\" decoding=\"async\" width=\"2200\" height=\"2200\" src=\"https:\/\/evolve-fitness.eu\/wp-content\/uploads\/2025\/06\/EV-PL-UL-590-Evolve-Ultra-Series-Plate-Loaded-Smith-Row.png\" alt=\"\" class=\"wp-image-200167\" srcset=\"https:\/\/evolve-fitness.eu\/wp-content\/uploads\/2025\/06\/EV-PL-UL-590-Evolve-Ultra-Series-Plate-Loaded-Smith-Row.png 2200w, https:\/\/evolve-fitness.eu\/wp-content\/uploads\/2025\/06\/EV-PL-UL-590-Evolve-Ultra-Series-Plate-Loaded-Smith-Row-300x300.png 300w, https:\/\/evolve-fitness.eu\/wp-content\/uploads\/2025\/06\/EV-PL-UL-590-Evolve-Ultra-Series-Plate-Loaded-Smith-Row-1024x1024.png 1024w, https:\/\/evolve-fitness.eu\/wp-content\/uploads\/2025\/06\/EV-PL-UL-590-Evolve-Ultra-Series-Plate-Loaded-Smith-Row-150x150.png 150w, https:\/\/evolve-fitness.eu\/wp-content\/uploads\/2025\/06\/EV-PL-UL-590-Evolve-Ultra-Series-Plate-Loaded-Smith-Row-768x768.png 768w, https:\/\/evolve-fitness.eu\/wp-content\/uploads\/2025\/06\/EV-PL-UL-590-Evolve-Ultra-Series-Plate-Loaded-Smith-Row-1536x1536.png 1536w, https:\/\/evolve-fitness.eu\/wp-content\/uploads\/2025\/06\/EV-PL-UL-590-Evolve-Ultra-Series-Plate-Loaded-Smith-Row-2048x2048.png 2048w, https:\/\/evolve-fitness.eu\/wp-content\/uploads\/2025\/06\/EV-PL-UL-590-Evolve-Ultra-Series-Plate-Loaded-Smith-Row-600x600.png 600w\" sizes=\"auto, (max-width: 2200px) 100vw, 2200px\" \/><\/figure>\n<\/div>\n<\/div>\n\n\n\n<h3 class=\"wp-block-heading\" style=\"margin-bottom:var(--wp--preset--spacing--h-3-bottom)\"><\/h3>\n<\/section>\n","protected":false},"excerpt":{"rendered":"<p>El Remo Smith con Placa de Carga Evolve Serie Ultra (EV-PL-UL-590) se ha dise\u00f1ado cuidadosamente para desarrollar los m\u00fasculos de la parte media y superior de la espalda con precisi\u00f3n y potencia. Con un mecanismo de barra Smith guiado para un movimiento suave y controlado, esta m\u00e1quina favorece tanto la alineaci\u00f3n de la forma como la seguridad bajo cargas significativas.   <\/p>\n","protected":false},"featured_media":200190,"template":"","meta":{"_acf_changed":false,"inline_featured_image":false},"product_brand":[],"product_cat":[2949,2950],"product_tag":[],"class_list":{"0":"post-236142","1":"product","2":"type-product","3":"status-publish","4":"has-post-thumbnail","6":"product_cat-maquinas-de-carga-de-placas","7":"product_cat-maquinas-de-placas-ultra-series","9":"first","10":"instock","11":"shipping-taxable","12":"purchasable","13":"product-type-simple"},"acf":{"long_title":"Fila Smith cargada con placas Evolve Serie Ultra","subtitle":"","specifications":[{"label":"SKU","text_value":"EV-PL-UL-590","icon":"x"},{"label":"Dimensi\u00f3n","text_value":"1717 x 1737 x 1107 mm","icon":"x"},{"label":"Peso m\u00e1ximo del usuario","text_value":"180 kg","icon":"x"},{"label":"Peso","text_value":"161 kg","icon":"x"},{"label":"Asas antideslizantes","text_value":"","icon":"v"},{"label":"Marco met\u00e1lico sin bordes afilados","text_value":"","icon":"v"},{"label":"Protectores de suelo duraderos","text_value":"","icon":"v"},{"label":"Asas antideslizantes","text_value":"","icon":"v"},{"label":"Tapicer\u00eda gruesa","text_value":"","icon":"v"},{"label":"Garant\u00eda","text_value":"2 a\u00f1os","icon":"x"}],"product_frequently_asked_questions":null},"yoast_head":"<!-- This site is optimized with the Yoast SEO plugin v27.4 - https:\/\/yoast.com\/product\/yoast-seo-wordpress\/ -->\n<title>Fila Smith cargada con placas Evolve Serie Ultra - Evolve<\/title>\n<meta name=\"description\" content=\"El remo Smith cargado con placas de la serie Evolve Ultra (EV-PL-UL-590) est\u00e1 cuidadosamente dise\u00f1ado para desarrollar los m\u00fasculos de la parte media y superior de la espalda con precisi\u00f3n y potencia.\" \/>\n<meta name=\"robots\" content=\"index, follow, max-snippet:-1, max-image-preview:large, max-video-preview:-1\" \/>\n<link rel=\"canonical\" href=\"https:\/\/evolve-fitness.eu\/es\/producto\/fila-smith-cargada-con-placas-evolve-serie-ultra\/\" \/>\n<meta property=\"og:locale\" content=\"es_ES\" \/>\n<meta property=\"og:type\" content=\"article\" \/>\n<meta property=\"og:title\" content=\"Fila Smith cargada con placas Evolve Serie Ultra - Evolve\" \/>\n<meta property=\"og:description\" content=\"El remo Smith cargado con placas de la serie Evolve Ultra (EV-PL-UL-590) est\u00e1 cuidadosamente dise\u00f1ado para desarrollar los m\u00fasculos de la parte media y superior de la espalda con precisi\u00f3n y potencia.\" \/>\n<meta property=\"og:url\" content=\"https:\/\/evolve-fitness.eu\/es\/producto\/fila-smith-cargada-con-placas-evolve-serie-ultra\/\" \/>\n<meta property=\"og:site_name\" content=\"Evolve\" \/>\n<meta property=\"article:publisher\" content=\"https:\/\/www.facebook.com\/EvolveFitnessEurope\" \/>\n<meta property=\"article:modified_time\" content=\"2026-04-23T06:08:50+00:00\" \/>\n<meta property=\"og:image\" content=\"https:\/\/evolve-fitness.eu\/wp-content\/uploads\/2025\/06\/EV-PL-UL-590-Evolve-Ultra-Series-Plate-Loaded-Smith-Row-1024x1024.png\" \/>\n\t<meta property=\"og:image:width\" content=\"1024\" \/>\n\t<meta property=\"og:image:height\" content=\"1024\" \/>\n\t<meta property=\"og:image:type\" content=\"image\/png\" \/>\n<meta name=\"twitter:card\" content=\"summary_large_image\" \/>\n<script type=\"application\/ld+json\" class=\"yoast-schema-graph\">{\"@context\":\"https:\\\/\\\/schema.org\",\"@graph\":[{\"@type\":\"WebPage\",\"@id\":\"https:\\\/\\\/evolve-fitness.eu\\\/es\\\/producto\\\/fila-smith-cargada-con-placas-evolve-serie-ultra\\\/\",\"url\":\"https:\\\/\\\/evolve-fitness.eu\\\/es\\\/producto\\\/fila-smith-cargada-con-placas-evolve-serie-ultra\\\/\",\"name\":\"Fila Smith cargada con placas Evolve Serie Ultra - Evolve\",\"isPartOf\":{\"@id\":\"https:\\\/\\\/evolve-fitness.eu\\\/es\\\/#website\"},\"primaryImageOfPage\":{\"@id\":\"https:\\\/\\\/evolve-fitness.eu\\\/es\\\/producto\\\/fila-smith-cargada-con-placas-evolve-serie-ultra\\\/#primaryimage\"},\"image\":{\"@id\":\"https:\\\/\\\/evolve-fitness.eu\\\/es\\\/producto\\\/fila-smith-cargada-con-placas-evolve-serie-ultra\\\/#primaryimage\"},\"thumbnailUrl\":\"https:\\\/\\\/evolve-fitness.eu\\\/wp-content\\\/uploads\\\/2025\\\/06\\\/EV-PL-UL-590-Evolve-Ultra-Series-Plate-Loaded-Smith-Row.png\",\"datePublished\":\"2025-06-26T09:57:53+00:00\",\"dateModified\":\"2026-04-23T06:08:50+00:00\",\"description\":\"El remo Smith cargado con placas de la serie Evolve Ultra (EV-PL-UL-590) est\u00e1 cuidadosamente dise\u00f1ado para desarrollar los m\u00fasculos de la parte media y superior de la espalda con precisi\u00f3n y potencia.\",\"breadcrumb\":{\"@id\":\"https:\\\/\\\/evolve-fitness.eu\\\/es\\\/producto\\\/fila-smith-cargada-con-placas-evolve-serie-ultra\\\/#breadcrumb\"},\"inLanguage\":\"es\",\"potentialAction\":[{\"@type\":\"ReadAction\",\"target\":[\"https:\\\/\\\/evolve-fitness.eu\\\/es\\\/producto\\\/fila-smith-cargada-con-placas-evolve-serie-ultra\\\/\"]}]},{\"@type\":\"ImageObject\",\"inLanguage\":\"es\",\"@id\":\"https:\\\/\\\/evolve-fitness.eu\\\/es\\\/producto\\\/fila-smith-cargada-con-placas-evolve-serie-ultra\\\/#primaryimage\",\"url\":\"https:\\\/\\\/evolve-fitness.eu\\\/wp-content\\\/uploads\\\/2025\\\/06\\\/EV-PL-UL-590-Evolve-Ultra-Series-Plate-Loaded-Smith-Row.png\",\"contentUrl\":\"https:\\\/\\\/evolve-fitness.eu\\\/wp-content\\\/uploads\\\/2025\\\/06\\\/EV-PL-UL-590-Evolve-Ultra-Series-Plate-Loaded-Smith-Row.png\",\"width\":2200,\"height\":2200},{\"@type\":\"BreadcrumbList\",\"@id\":\"https:\\\/\\\/evolve-fitness.eu\\\/es\\\/producto\\\/fila-smith-cargada-con-placas-evolve-serie-ultra\\\/#breadcrumb\",\"itemListElement\":[{\"@type\":\"ListItem\",\"position\":1,\"name\":\"Home\",\"item\":\"https:\\\/\\\/evolve-fitness.eu\\\/es\\\/\"},{\"@type\":\"ListItem\",\"position\":2,\"name\":\"Productos\",\"item\":\"https:\\\/\\\/evolve-fitness.eu\\\/es\\\/shop\\\/\"},{\"@type\":\"ListItem\",\"position\":3,\"name\":\"Fila Smith cargada con placas Evolve Serie Ultra\"}]},{\"@type\":\"WebSite\",\"@id\":\"https:\\\/\\\/evolve-fitness.eu\\\/es\\\/#website\",\"url\":\"https:\\\/\\\/evolve-fitness.eu\\\/es\\\/\",\"name\":\"Evolve\",\"description\":\"Your Evolved Gear Arrived\",\"publisher\":{\"@id\":\"https:\\\/\\\/evolve-fitness.eu\\\/es\\\/#organization\"},\"potentialAction\":[{\"@type\":\"SearchAction\",\"target\":{\"@type\":\"EntryPoint\",\"urlTemplate\":\"https:\\\/\\\/evolve-fitness.eu\\\/es\\\/?s={search_term_string}\"},\"query-input\":{\"@type\":\"PropertyValueSpecification\",\"valueRequired\":true,\"valueName\":\"search_term_string\"}}],\"inLanguage\":\"es\"},{\"@type\":\"Organization\",\"@id\":\"https:\\\/\\\/evolve-fitness.eu\\\/es\\\/#organization\",\"name\":\"Evolve\",\"url\":\"https:\\\/\\\/evolve-fitness.eu\\\/es\\\/\",\"logo\":{\"@type\":\"ImageObject\",\"inLanguage\":\"es\",\"@id\":\"https:\\\/\\\/evolve-fitness.eu\\\/es\\\/#\\\/schema\\\/logo\\\/image\\\/\",\"url\":\"https:\\\/\\\/evolve-fitness.eu\\\/wp-content\\\/uploads\\\/2023\\\/05\\\/Evolve-logo.svg\",\"contentUrl\":\"https:\\\/\\\/evolve-fitness.eu\\\/wp-content\\\/uploads\\\/2023\\\/05\\\/Evolve-logo.svg\",\"width\":176,\"height\":20,\"caption\":\"Evolve\"},\"image\":{\"@id\":\"https:\\\/\\\/evolve-fitness.eu\\\/es\\\/#\\\/schema\\\/logo\\\/image\\\/\"},\"sameAs\":[\"https:\\\/\\\/www.facebook.com\\\/EvolveFitnessEurope\"]}]}<\/script>\n<!-- \/ Yoast SEO plugin. -->","yoast_head_json":{"title":"Fila Smith cargada con placas Evolve Serie Ultra - Evolve","description":"El remo Smith cargado con placas de la serie Evolve Ultra (EV-PL-UL-590) est\u00e1 cuidadosamente dise\u00f1ado para desarrollar los m\u00fasculos de la parte media y superior de la espalda con precisi\u00f3n y potencia.","robots":{"index":"index","follow":"follow","max-snippet":"max-snippet:-1","max-image-preview":"max-image-preview:large","max-video-preview":"max-video-preview:-1"},"canonical":"https:\/\/evolve-fitness.eu\/es\/producto\/fila-smith-cargada-con-placas-evolve-serie-ultra\/","og_locale":"es_ES","og_type":"article","og_title":"Fila Smith cargada con placas Evolve Serie Ultra - Evolve","og_description":"El remo Smith cargado con placas de la serie Evolve Ultra (EV-PL-UL-590) est\u00e1 cuidadosamente dise\u00f1ado para desarrollar los m\u00fasculos de la parte media y superior de la espalda con precisi\u00f3n y potencia.","og_url":"https:\/\/evolve-fitness.eu\/es\/producto\/fila-smith-cargada-con-placas-evolve-serie-ultra\/","og_site_name":"Evolve","article_publisher":"https:\/\/www.facebook.com\/EvolveFitnessEurope","article_modified_time":"2026-04-23T06:08:50+00:00","og_image":[{"width":1024,"height":1024,"url":"https:\/\/evolve-fitness.eu\/wp-content\/uploads\/2025\/06\/EV-PL-UL-590-Evolve-Ultra-Series-Plate-Loaded-Smith-Row-1024x1024.png","type":"image\/png"}],"twitter_card":"summary_large_image","schema":{"@context":"https:\/\/schema.org","@graph":[{"@type":"WebPage","@id":"https:\/\/evolve-fitness.eu\/es\/producto\/fila-smith-cargada-con-placas-evolve-serie-ultra\/","url":"https:\/\/evolve-fitness.eu\/es\/producto\/fila-smith-cargada-con-placas-evolve-serie-ultra\/","name":"Fila Smith cargada con placas Evolve Serie Ultra - Evolve","isPartOf":{"@id":"https:\/\/evolve-fitness.eu\/es\/#website"},"primaryImageOfPage":{"@id":"https:\/\/evolve-fitness.eu\/es\/producto\/fila-smith-cargada-con-placas-evolve-serie-ultra\/#primaryimage"},"image":{"@id":"https:\/\/evolve-fitness.eu\/es\/producto\/fila-smith-cargada-con-placas-evolve-serie-ultra\/#primaryimage"},"thumbnailUrl":"https:\/\/evolve-fitness.eu\/wp-content\/uploads\/2025\/06\/EV-PL-UL-590-Evolve-Ultra-Series-Plate-Loaded-Smith-Row.png","datePublished":"2025-06-26T09:57:53+00:00","dateModified":"2026-04-23T06:08:50+00:00","description":"El remo Smith cargado con placas de la serie Evolve Ultra (EV-PL-UL-590) est\u00e1 cuidadosamente dise\u00f1ado para desarrollar los m\u00fasculos de la parte media y superior de la espalda con precisi\u00f3n y potencia.","breadcrumb":{"@id":"https:\/\/evolve-fitness.eu\/es\/producto\/fila-smith-cargada-con-placas-evolve-serie-ultra\/#breadcrumb"},"inLanguage":"es","potentialAction":[{"@type":"ReadAction","target":["https:\/\/evolve-fitness.eu\/es\/producto\/fila-smith-cargada-con-placas-evolve-serie-ultra\/"]}]},{"@type":"ImageObject","inLanguage":"es","@id":"https:\/\/evolve-fitness.eu\/es\/producto\/fila-smith-cargada-con-placas-evolve-serie-ultra\/#primaryimage","url":"https:\/\/evolve-fitness.eu\/wp-content\/uploads\/2025\/06\/EV-PL-UL-590-Evolve-Ultra-Series-Plate-Loaded-Smith-Row.png","contentUrl":"https:\/\/evolve-fitness.eu\/wp-content\/uploads\/2025\/06\/EV-PL-UL-590-Evolve-Ultra-Series-Plate-Loaded-Smith-Row.png","width":2200,"height":2200},{"@type":"BreadcrumbList","@id":"https:\/\/evolve-fitness.eu\/es\/producto\/fila-smith-cargada-con-placas-evolve-serie-ultra\/#breadcrumb","itemListElement":[{"@type":"ListItem","position":1,"name":"Home","item":"https:\/\/evolve-fitness.eu\/es\/"},{"@type":"ListItem","position":2,"name":"Productos","item":"https:\/\/evolve-fitness.eu\/es\/shop\/"},{"@type":"ListItem","position":3,"name":"Fila Smith cargada con placas Evolve Serie Ultra"}]},{"@type":"WebSite","@id":"https:\/\/evolve-fitness.eu\/es\/#website","url":"https:\/\/evolve-fitness.eu\/es\/","name":"Evolve","description":"Your Evolved Gear Arrived","publisher":{"@id":"https:\/\/evolve-fitness.eu\/es\/#organization"},"potentialAction":[{"@type":"SearchAction","target":{"@type":"EntryPoint","urlTemplate":"https:\/\/evolve-fitness.eu\/es\/?s={search_term_string}"},"query-input":{"@type":"PropertyValueSpecification","valueRequired":true,"valueName":"search_term_string"}}],"inLanguage":"es"},{"@type":"Organization","@id":"https:\/\/evolve-fitness.eu\/es\/#organization","name":"Evolve","url":"https:\/\/evolve-fitness.eu\/es\/","logo":{"@type":"ImageObject","inLanguage":"es","@id":"https:\/\/evolve-fitness.eu\/es\/#\/schema\/logo\/image\/","url":"https:\/\/evolve-fitness.eu\/wp-content\/uploads\/2023\/05\/Evolve-logo.svg","contentUrl":"https:\/\/evolve-fitness.eu\/wp-content\/uploads\/2023\/05\/Evolve-logo.svg","width":176,"height":20,"caption":"Evolve"},"image":{"@id":"https:\/\/evolve-fitness.eu\/es\/#\/schema\/logo\/image\/"},"sameAs":["https:\/\/www.facebook.com\/EvolveFitnessEurope"]}]}},"_links":{"self":[{"href":"https:\/\/evolve-fitness.eu\/es\/wp-json\/wp\/v2\/product\/236142","targetHints":{"allow":["GET"]}}],"collection":[{"href":"https:\/\/evolve-fitness.eu\/es\/wp-json\/wp\/v2\/product"}],"about":[{"href":"https:\/\/evolve-fitness.eu\/es\/wp-json\/wp\/v2\/types\/product"}],"wp:featuredmedia":[{"embeddable":true,"href":"https:\/\/evolve-fitness.eu\/es\/wp-json\/wp\/v2\/media\/200190"}],"wp:attachment":[{"href":"https:\/\/evolve-fitness.eu\/es\/wp-json\/wp\/v2\/media?parent=236142"}],"wp:term":[{"taxonomy":"product_brand","embeddable":true,"href":"https:\/\/evolve-fitness.eu\/es\/wp-json\/wp\/v2\/product_brand?post=236142"},{"taxonomy":"product_cat","embeddable":true,"href":"https:\/\/evolve-fitness.eu\/es\/wp-json\/wp\/v2\/product_cat?post=236142"},{"taxonomy":"product_tag","embeddable":true,"href":"https:\/\/evolve-fitness.eu\/es\/wp-json\/wp\/v2\/product_tag?post=236142"}],"curies":[{"name":"wp","href":"https:\/\/api.w.org\/{rel}","templated":true}]}}