{"id":236161,"date":"2025-06-26T13:20:46","date_gmt":"2025-06-26T10:20:46","guid":{"rendered":"https:\/\/evolve-fitness.eu\/product\/prensa-de-hombros-smith-con-placa-evolve-serie-ultra-ul-560\/"},"modified":"2026-04-23T09:09:31","modified_gmt":"2026-04-23T06:09:31","slug":"prensa-de-hombros-smith-con-placa-evolve-serie-ultra-ul-560","status":"publish","type":"product","link":"https:\/\/evolve-fitness.eu\/es\/producto\/prensa-de-hombros-smith-con-placa-evolve-serie-ultra-ul-560\/","title":{"rendered":"Prensa de hombros Smith con placa Evolve Serie Ultra (UL-560)"},"content":{"rendered":"\n<section class=\"wp-block-group alignfull has-lightgray-background-color has-background is-layout-constrained wp-block-group-is-layout-constrained\">\n<div class=\"wp-block-columns alignwide is-layout-flex wp-container-core-columns-is-layout-2edb0647 wp-block-columns-is-layout-flex\" style=\"margin-top:0;margin-bottom:0\">\n<div class=\"wp-block-column is-layout-flow wp-block-column-is-layout-flow\" style=\"flex-basis:33.33%\"><\/div>\n\n\n\n<div class=\"wp-block-column is-layout-flow wp-block-column-is-layout-flow\" style=\"flex-basis:66.66%\"><\/div>\n<\/div>\n<\/section>\n\n<section class=\"wp-block-group alignfull black-content has-white-color has-darkgray-background-color has-text-color has-background is-layout-constrained wp-block-group-is-layout-constrained\" style=\"padding-top:var(--wp--preset--spacing--section-bottom);padding-bottom:var(--wp--preset--spacing--section-bottom)\">\n<div class=\"wp-block-columns alignwide mobile-reverse is-layout-flex wp-container-core-columns-is-layout-ca64bf2d wp-block-columns-is-layout-flex\" style=\"margin-bottom:var(--wp--preset--spacing--side-padding)\">\n<div class=\"wp-block-column is-vertically-aligned-center is-layout-flow wp-block-column-is-layout-flow\">\n<h3 class=\"wp-block-heading\" style=\"margin-bottom:var(--wp--preset--spacing--h-3-bottom)\"><strong><strong><strong><strong><strong><strong><strong><strong><strong><strong><strong>Prensa de hombros Smith con carga de placas Evolve Ultra Series  <\/strong><\/strong><\/strong><\/strong><\/strong><\/strong><\/strong><\/strong><\/strong><\/strong><\/strong><\/h3>\n\n\n\n<p style=\"margin-bottom:var(--wp--preset--spacing--tb-section-padding)\">La prensa de hombro Smith cargada con placas de la serie Evolve Ultra est\u00e1 dise\u00f1ada para proporcionar un entrenamiento de hombro preciso, estable y altamente eficaz para usuarios de todos los niveles de experiencia. Su sistema de placas permite una personalizaci\u00f3n completa de la resistencia mediante el uso de placas de peso est\u00e1ndar, lo que favorece la sobrecarga progresiva y el desarrollo equilibrado de la fuerza. El mecanismo Smith guiado proporciona un movimiento controlado en toda la amplitud de movimiento, fomentando una biomec\u00e1nica adecuada y reduciendo la tensi\u00f3n innecesaria de las articulaciones. El asiento ergon\u00f3mico, las empu\u00f1aduras antideslizantes y el acolchado duradero de alta calidad garantizan comodidad y estabilidad en cada repetici\u00f3n. Construida en acero de calidad comercial con un acabado resistente a la corrosi\u00f3n, la m\u00e1quina est\u00e1 dise\u00f1ada para soportar un uso diario intensivo en gimnasios profesionales, sin dejar de ser una opci\u00f3n excelente para gimnasios dom\u00e9sticos avanzados. Ofrece una soluci\u00f3n fiable y duradera para desarrollar la fuerza de los hombros, mejorar la estabilidad de la parte superior del cuerpo y favorecer el rendimiento general.     <\/p>\n<\/div>\n\n\n\n<div class=\"wp-block-column is-vertically-aligned-center is-layout-flow wp-block-column-is-layout-flow\">\n<figure class=\"wp-block-gallery has-nested-images columns-default is-cropped wp-block-gallery-1 is-layout-flex wp-block-gallery-is-layout-flex\">\n<figure class=\"wp-block-image size-large\"><img decoding=\"async\" data-id=\"147287\" src=\"https:\/\/store.evolve-fitness.eu\/wp-content\/uploads\/2025\/06\/EV-PL-UL-560-Evolve-Ultra-Series-Plate-Loaded-Smith-Shoulder-Press-1-1024x1024.png\" alt=\"\" class=\"wp-image-147287\"\/><\/figure>\n<\/figure>\n<\/div>\n<\/div>\n\n\n\n<h3 class=\"wp-block-heading\" style=\"margin-bottom:var(--wp--preset--spacing--h-3-bottom)\"><\/h3>\n<\/section>\n","protected":false},"excerpt":{"rendered":"<p>Dise\u00f1ada para satisfacer las exigencias del entrenamiento de fuerza de alto nivel, la prensa de hombros Smith con placa de la serie Evolve Ultra, EV-PL-UL-560, ofrece una refinada combinaci\u00f3n de potencia, precisi\u00f3n y eficacia biomec\u00e1nica. Dise\u00f1ada para instalaciones profesionales y atletas serios, garantiza patrones de movimiento controlados, una resistencia constante y un rendimiento fiable durante un uso intensivo y prolongado. <\/p>\n","protected":false},"featured_media":200317,"template":"","meta":{"_acf_changed":false,"inline_featured_image":false},"product_brand":[],"product_cat":[2949,2950],"product_tag":[],"class_list":{"0":"post-236161","1":"product","2":"type-product","3":"status-publish","4":"has-post-thumbnail","6":"product_cat-maquinas-de-carga-de-placas","7":"product_cat-maquinas-de-placas-ultra-series","9":"first","10":"instock","11":"shipping-taxable","12":"purchasable","13":"product-type-simple"},"acf":{"long_title":"Prensa de hombros Smith con placa Evolve Serie Ultra (UL-560)","subtitle":"","specifications":[{"label":"SKU","text_value":"EV-PL-UL-560","icon":"x"},{"label":"Dimensiones","text_value":"1773 x 1887 x 2106 mm","icon":"x"},{"label":"Peso","text_value":"230 kg","icon":"x"},{"label":"Peso m\u00e1ximo del usuario","text_value":"180 kg","icon":"x"},{"label":"Niveles de inclinaci\u00f3n","text_value":"11","icon":"x"},{"label":"Pintura anticorrosi\u00f3n","text_value":"","icon":"v"},{"label":"Marco met\u00e1lico sin bordes afilados","text_value":"","icon":"v"},{"label":"Protectores de suelo duraderos","text_value":"","icon":"v"},{"label":"Asas antideslizantes","text_value":"","icon":"v"},{"label":"Tapicer\u00eda gruesa","text_value":"","icon":"v"},{"label":"Garant\u00eda","text_value":"2 a\u00f1os","icon":"x"}],"product_frequently_asked_questions":null},"yoast_head":"<!-- This site is optimized with the Yoast SEO plugin v27.4 - https:\/\/yoast.com\/product\/yoast-seo-wordpress\/ -->\n<title>Prensa de hombros Smith con placa Evolve Serie Ultra (UL-560) - Evolve<\/title>\n<meta name=\"description\" content=\"Dise\u00f1ada para un desarrollo serio del hombro, la prensa de hombros Smith con placa de la serie Evolve Ultra (EV-PL-UL-560) proporciona fuerza, precisi\u00f3n y resistencia.\" \/>\n<meta name=\"robots\" content=\"index, follow, max-snippet:-1, max-image-preview:large, max-video-preview:-1\" \/>\n<link rel=\"canonical\" href=\"https:\/\/evolve-fitness.eu\/es\/producto\/prensa-de-hombros-smith-con-placa-evolve-serie-ultra-ul-560\/\" \/>\n<meta property=\"og:locale\" content=\"es_ES\" \/>\n<meta property=\"og:type\" content=\"article\" \/>\n<meta property=\"og:title\" content=\"Prensa de hombros Smith con placa Evolve Serie Ultra (UL-560) - Evolve\" \/>\n<meta property=\"og:description\" content=\"Dise\u00f1ada para un desarrollo serio del hombro, la prensa de hombros Smith con placa de la serie Evolve Ultra (EV-PL-UL-560) proporciona fuerza, precisi\u00f3n y resistencia.\" \/>\n<meta property=\"og:url\" content=\"https:\/\/evolve-fitness.eu\/es\/producto\/prensa-de-hombros-smith-con-placa-evolve-serie-ultra-ul-560\/\" \/>\n<meta property=\"og:site_name\" content=\"Evolve\" \/>\n<meta property=\"article:publisher\" content=\"https:\/\/www.facebook.com\/EvolveFitnessEurope\" \/>\n<meta property=\"article:modified_time\" content=\"2026-04-23T06:09:31+00:00\" \/>\n<meta property=\"og:image\" content=\"https:\/\/evolve-fitness.eu\/wp-content\/uploads\/2025\/06\/EV-PL-UL-560-Evolve-Ultra-Series-Plate-Loaded-Smith-Shoulder-Press-1-1024x1024.png\" \/>\n\t<meta property=\"og:image:width\" content=\"1024\" \/>\n\t<meta property=\"og:image:height\" content=\"1024\" \/>\n\t<meta property=\"og:image:type\" content=\"image\/png\" \/>\n<meta name=\"twitter:card\" content=\"summary_large_image\" \/>\n<script type=\"application\/ld+json\" class=\"yoast-schema-graph\">{\"@context\":\"https:\\\/\\\/schema.org\",\"@graph\":[{\"@type\":\"WebPage\",\"@id\":\"https:\\\/\\\/evolve-fitness.eu\\\/es\\\/producto\\\/prensa-de-hombros-smith-con-placa-evolve-serie-ultra-ul-560\\\/\",\"url\":\"https:\\\/\\\/evolve-fitness.eu\\\/es\\\/producto\\\/prensa-de-hombros-smith-con-placa-evolve-serie-ultra-ul-560\\\/\",\"name\":\"Prensa de hombros Smith con placa Evolve Serie Ultra (UL-560) - Evolve\",\"isPartOf\":{\"@id\":\"https:\\\/\\\/evolve-fitness.eu\\\/es\\\/#website\"},\"primaryImageOfPage\":{\"@id\":\"https:\\\/\\\/evolve-fitness.eu\\\/es\\\/producto\\\/prensa-de-hombros-smith-con-placa-evolve-serie-ultra-ul-560\\\/#primaryimage\"},\"image\":{\"@id\":\"https:\\\/\\\/evolve-fitness.eu\\\/es\\\/producto\\\/prensa-de-hombros-smith-con-placa-evolve-serie-ultra-ul-560\\\/#primaryimage\"},\"thumbnailUrl\":\"https:\\\/\\\/evolve-fitness.eu\\\/wp-content\\\/uploads\\\/2025\\\/06\\\/EV-PL-UL-560-Evolve-Ultra-Series-Plate-Loaded-Smith-Shoulder-Press-1.png\",\"datePublished\":\"2025-06-26T10:20:46+00:00\",\"dateModified\":\"2026-04-23T06:09:31+00:00\",\"description\":\"Dise\u00f1ada para un desarrollo serio del hombro, la prensa de hombros Smith con placa de la serie Evolve Ultra (EV-PL-UL-560) proporciona fuerza, precisi\u00f3n y resistencia.\",\"breadcrumb\":{\"@id\":\"https:\\\/\\\/evolve-fitness.eu\\\/es\\\/producto\\\/prensa-de-hombros-smith-con-placa-evolve-serie-ultra-ul-560\\\/#breadcrumb\"},\"inLanguage\":\"es\",\"potentialAction\":[{\"@type\":\"ReadAction\",\"target\":[\"https:\\\/\\\/evolve-fitness.eu\\\/es\\\/producto\\\/prensa-de-hombros-smith-con-placa-evolve-serie-ultra-ul-560\\\/\"]}]},{\"@type\":\"ImageObject\",\"inLanguage\":\"es\",\"@id\":\"https:\\\/\\\/evolve-fitness.eu\\\/es\\\/producto\\\/prensa-de-hombros-smith-con-placa-evolve-serie-ultra-ul-560\\\/#primaryimage\",\"url\":\"https:\\\/\\\/evolve-fitness.eu\\\/wp-content\\\/uploads\\\/2025\\\/06\\\/EV-PL-UL-560-Evolve-Ultra-Series-Plate-Loaded-Smith-Shoulder-Press-1.png\",\"contentUrl\":\"https:\\\/\\\/evolve-fitness.eu\\\/wp-content\\\/uploads\\\/2025\\\/06\\\/EV-PL-UL-560-Evolve-Ultra-Series-Plate-Loaded-Smith-Shoulder-Press-1.png\",\"width\":2200,\"height\":2200},{\"@type\":\"BreadcrumbList\",\"@id\":\"https:\\\/\\\/evolve-fitness.eu\\\/es\\\/producto\\\/prensa-de-hombros-smith-con-placa-evolve-serie-ultra-ul-560\\\/#breadcrumb\",\"itemListElement\":[{\"@type\":\"ListItem\",\"position\":1,\"name\":\"Home\",\"item\":\"https:\\\/\\\/evolve-fitness.eu\\\/es\\\/\"},{\"@type\":\"ListItem\",\"position\":2,\"name\":\"Productos\",\"item\":\"https:\\\/\\\/evolve-fitness.eu\\\/es\\\/shop\\\/\"},{\"@type\":\"ListItem\",\"position\":3,\"name\":\"Prensa de hombros Smith con placa Evolve Serie Ultra (UL-560)\"}]},{\"@type\":\"WebSite\",\"@id\":\"https:\\\/\\\/evolve-fitness.eu\\\/es\\\/#website\",\"url\":\"https:\\\/\\\/evolve-fitness.eu\\\/es\\\/\",\"name\":\"Evolve\",\"description\":\"Your Evolved Gear Arrived\",\"publisher\":{\"@id\":\"https:\\\/\\\/evolve-fitness.eu\\\/es\\\/#organization\"},\"potentialAction\":[{\"@type\":\"SearchAction\",\"target\":{\"@type\":\"EntryPoint\",\"urlTemplate\":\"https:\\\/\\\/evolve-fitness.eu\\\/es\\\/?s={search_term_string}\"},\"query-input\":{\"@type\":\"PropertyValueSpecification\",\"valueRequired\":true,\"valueName\":\"search_term_string\"}}],\"inLanguage\":\"es\"},{\"@type\":\"Organization\",\"@id\":\"https:\\\/\\\/evolve-fitness.eu\\\/es\\\/#organization\",\"name\":\"Evolve\",\"url\":\"https:\\\/\\\/evolve-fitness.eu\\\/es\\\/\",\"logo\":{\"@type\":\"ImageObject\",\"inLanguage\":\"es\",\"@id\":\"https:\\\/\\\/evolve-fitness.eu\\\/es\\\/#\\\/schema\\\/logo\\\/image\\\/\",\"url\":\"https:\\\/\\\/evolve-fitness.eu\\\/wp-content\\\/uploads\\\/2023\\\/05\\\/Evolve-logo.svg\",\"contentUrl\":\"https:\\\/\\\/evolve-fitness.eu\\\/wp-content\\\/uploads\\\/2023\\\/05\\\/Evolve-logo.svg\",\"width\":176,\"height\":20,\"caption\":\"Evolve\"},\"image\":{\"@id\":\"https:\\\/\\\/evolve-fitness.eu\\\/es\\\/#\\\/schema\\\/logo\\\/image\\\/\"},\"sameAs\":[\"https:\\\/\\\/www.facebook.com\\\/EvolveFitnessEurope\"]}]}<\/script>\n<!-- \/ Yoast SEO plugin. -->","yoast_head_json":{"title":"Prensa de hombros Smith con placa Evolve Serie Ultra (UL-560) - Evolve","description":"Dise\u00f1ada para un desarrollo serio del hombro, la prensa de hombros Smith con placa de la serie Evolve Ultra (EV-PL-UL-560) proporciona fuerza, precisi\u00f3n y resistencia.","robots":{"index":"index","follow":"follow","max-snippet":"max-snippet:-1","max-image-preview":"max-image-preview:large","max-video-preview":"max-video-preview:-1"},"canonical":"https:\/\/evolve-fitness.eu\/es\/producto\/prensa-de-hombros-smith-con-placa-evolve-serie-ultra-ul-560\/","og_locale":"es_ES","og_type":"article","og_title":"Prensa de hombros Smith con placa Evolve Serie Ultra (UL-560) - Evolve","og_description":"Dise\u00f1ada para un desarrollo serio del hombro, la prensa de hombros Smith con placa de la serie Evolve Ultra (EV-PL-UL-560) proporciona fuerza, precisi\u00f3n y resistencia.","og_url":"https:\/\/evolve-fitness.eu\/es\/producto\/prensa-de-hombros-smith-con-placa-evolve-serie-ultra-ul-560\/","og_site_name":"Evolve","article_publisher":"https:\/\/www.facebook.com\/EvolveFitnessEurope","article_modified_time":"2026-04-23T06:09:31+00:00","og_image":[{"width":1024,"height":1024,"url":"https:\/\/evolve-fitness.eu\/wp-content\/uploads\/2025\/06\/EV-PL-UL-560-Evolve-Ultra-Series-Plate-Loaded-Smith-Shoulder-Press-1-1024x1024.png","type":"image\/png"}],"twitter_card":"summary_large_image","schema":{"@context":"https:\/\/schema.org","@graph":[{"@type":"WebPage","@id":"https:\/\/evolve-fitness.eu\/es\/producto\/prensa-de-hombros-smith-con-placa-evolve-serie-ultra-ul-560\/","url":"https:\/\/evolve-fitness.eu\/es\/producto\/prensa-de-hombros-smith-con-placa-evolve-serie-ultra-ul-560\/","name":"Prensa de hombros Smith con placa Evolve Serie Ultra (UL-560) - Evolve","isPartOf":{"@id":"https:\/\/evolve-fitness.eu\/es\/#website"},"primaryImageOfPage":{"@id":"https:\/\/evolve-fitness.eu\/es\/producto\/prensa-de-hombros-smith-con-placa-evolve-serie-ultra-ul-560\/#primaryimage"},"image":{"@id":"https:\/\/evolve-fitness.eu\/es\/producto\/prensa-de-hombros-smith-con-placa-evolve-serie-ultra-ul-560\/#primaryimage"},"thumbnailUrl":"https:\/\/evolve-fitness.eu\/wp-content\/uploads\/2025\/06\/EV-PL-UL-560-Evolve-Ultra-Series-Plate-Loaded-Smith-Shoulder-Press-1.png","datePublished":"2025-06-26T10:20:46+00:00","dateModified":"2026-04-23T06:09:31+00:00","description":"Dise\u00f1ada para un desarrollo serio del hombro, la prensa de hombros Smith con placa de la serie Evolve Ultra (EV-PL-UL-560) proporciona fuerza, precisi\u00f3n y resistencia.","breadcrumb":{"@id":"https:\/\/evolve-fitness.eu\/es\/producto\/prensa-de-hombros-smith-con-placa-evolve-serie-ultra-ul-560\/#breadcrumb"},"inLanguage":"es","potentialAction":[{"@type":"ReadAction","target":["https:\/\/evolve-fitness.eu\/es\/producto\/prensa-de-hombros-smith-con-placa-evolve-serie-ultra-ul-560\/"]}]},{"@type":"ImageObject","inLanguage":"es","@id":"https:\/\/evolve-fitness.eu\/es\/producto\/prensa-de-hombros-smith-con-placa-evolve-serie-ultra-ul-560\/#primaryimage","url":"https:\/\/evolve-fitness.eu\/wp-content\/uploads\/2025\/06\/EV-PL-UL-560-Evolve-Ultra-Series-Plate-Loaded-Smith-Shoulder-Press-1.png","contentUrl":"https:\/\/evolve-fitness.eu\/wp-content\/uploads\/2025\/06\/EV-PL-UL-560-Evolve-Ultra-Series-Plate-Loaded-Smith-Shoulder-Press-1.png","width":2200,"height":2200},{"@type":"BreadcrumbList","@id":"https:\/\/evolve-fitness.eu\/es\/producto\/prensa-de-hombros-smith-con-placa-evolve-serie-ultra-ul-560\/#breadcrumb","itemListElement":[{"@type":"ListItem","position":1,"name":"Home","item":"https:\/\/evolve-fitness.eu\/es\/"},{"@type":"ListItem","position":2,"name":"Productos","item":"https:\/\/evolve-fitness.eu\/es\/shop\/"},{"@type":"ListItem","position":3,"name":"Prensa de hombros Smith con placa Evolve Serie Ultra (UL-560)"}]},{"@type":"WebSite","@id":"https:\/\/evolve-fitness.eu\/es\/#website","url":"https:\/\/evolve-fitness.eu\/es\/","name":"Evolve","description":"Your Evolved Gear Arrived","publisher":{"@id":"https:\/\/evolve-fitness.eu\/es\/#organization"},"potentialAction":[{"@type":"SearchAction","target":{"@type":"EntryPoint","urlTemplate":"https:\/\/evolve-fitness.eu\/es\/?s={search_term_string}"},"query-input":{"@type":"PropertyValueSpecification","valueRequired":true,"valueName":"search_term_string"}}],"inLanguage":"es"},{"@type":"Organization","@id":"https:\/\/evolve-fitness.eu\/es\/#organization","name":"Evolve","url":"https:\/\/evolve-fitness.eu\/es\/","logo":{"@type":"ImageObject","inLanguage":"es","@id":"https:\/\/evolve-fitness.eu\/es\/#\/schema\/logo\/image\/","url":"https:\/\/evolve-fitness.eu\/wp-content\/uploads\/2023\/05\/Evolve-logo.svg","contentUrl":"https:\/\/evolve-fitness.eu\/wp-content\/uploads\/2023\/05\/Evolve-logo.svg","width":176,"height":20,"caption":"Evolve"},"image":{"@id":"https:\/\/evolve-fitness.eu\/es\/#\/schema\/logo\/image\/"},"sameAs":["https:\/\/www.facebook.com\/EvolveFitnessEurope"]}]}},"_links":{"self":[{"href":"https:\/\/evolve-fitness.eu\/es\/wp-json\/wp\/v2\/product\/236161","targetHints":{"allow":["GET"]}}],"collection":[{"href":"https:\/\/evolve-fitness.eu\/es\/wp-json\/wp\/v2\/product"}],"about":[{"href":"https:\/\/evolve-fitness.eu\/es\/wp-json\/wp\/v2\/types\/product"}],"wp:featuredmedia":[{"embeddable":true,"href":"https:\/\/evolve-fitness.eu\/es\/wp-json\/wp\/v2\/media\/200317"}],"wp:attachment":[{"href":"https:\/\/evolve-fitness.eu\/es\/wp-json\/wp\/v2\/media?parent=236161"}],"wp:term":[{"taxonomy":"product_brand","embeddable":true,"href":"https:\/\/evolve-fitness.eu\/es\/wp-json\/wp\/v2\/product_brand?post=236161"},{"taxonomy":"product_cat","embeddable":true,"href":"https:\/\/evolve-fitness.eu\/es\/wp-json\/wp\/v2\/product_cat?post=236161"},{"taxonomy":"product_tag","embeddable":true,"href":"https:\/\/evolve-fitness.eu\/es\/wp-json\/wp\/v2\/product_tag?post=236161"}],"curies":[{"name":"wp","href":"https:\/\/api.w.org\/{rel}","templated":true}]}}