{"id":236178,"date":"2025-08-22T07:24:44","date_gmt":"2025-08-22T04:24:44","guid":{"rendered":"https:\/\/evolve-fitness.eu\/product\/maquina-de-extension-de-espalda-con-carga-de-placas-evolve-serie-prime\/"},"modified":"2026-04-23T09:10:42","modified_gmt":"2026-04-23T06:10:42","slug":"maquina-de-extension-de-espalda-con-carga-de-placas-evolve-serie-prime","status":"publish","type":"product","link":"https:\/\/evolve-fitness.eu\/es\/producto\/maquina-de-extension-de-espalda-con-carga-de-placas-evolve-serie-prime\/","title":{"rendered":"M\u00e1quina de extensi\u00f3n de espalda con carga de placas Evolve Serie Prime"},"content":{"rendered":"\n<section class=\"wp-block-group alignfull has-lightgray-background-color has-background is-layout-constrained wp-block-group-is-layout-constrained\">\n<div class=\"wp-block-columns alignwide is-layout-flex wp-container-core-columns-is-layout-2edb0647 wp-block-columns-is-layout-flex\" style=\"margin-top:0;margin-bottom:0\">\n<div class=\"wp-block-column is-layout-flow wp-block-column-is-layout-flow\" style=\"flex-basis:33.33%\"><\/div>\n\n\n\n<div class=\"wp-block-column is-layout-flow wp-block-column-is-layout-flow\" style=\"flex-basis:66.66%\"><\/div>\n<\/div>\n<\/section>\n\n<section class=\"wp-block-group alignfull black-content has-white-color has-darkgray-background-color has-text-color has-background is-layout-constrained wp-block-group-is-layout-constrained\" style=\"padding-top:var(--wp--preset--spacing--section-bottom);padding-bottom:var(--wp--preset--spacing--section-bottom)\">\n<h3 class=\"wp-block-heading has-text-align-center\"><strong><strong>EVOLVE SERIE PRIME CARGADA CON PLACAS<\/strong><\/strong><\/h3>\n\n\n\n<p>Con la serie Evolve Plate Loaded Prime, la excelencia es el est\u00e1ndar. Eleve su entrenamiento de fuerza con m\u00e1quinas dise\u00f1adas para ofrecer comodidad, durabilidad y rendimiento. Explore hoy mismo toda la l\u00ednea y redefina su camino hacia la forma f\u00edsica.  <\/p>\n\n\n\n<section class=\"wp-block-group alignfull black-content has-white-color has-darkgray-background-color has-text-color has-background is-layout-constrained wp-block-group-is-layout-constrained\" style=\"padding-top:var(--wp--preset--spacing--section-bottom);padding-bottom:var(--wp--preset--spacing--section-bottom)\">\n<div class=\"wp-block-columns alignwide mobile-reverse is-layout-flex wp-container-core-columns-is-layout-ca64bf2d wp-block-columns-is-layout-flex\" style=\"margin-bottom:var(--wp--preset--spacing--side-padding)\">\n<div class=\"wp-block-column is-vertically-aligned-center is-layout-flow wp-block-column-is-layout-flow\">\n<h3 class=\"wp-block-heading\" style=\"margin-bottom:var(--wp--preset--spacing--h-3-bottom)\"><strong><strong><strong><strong><strong><strong>Desarrollo muscular dirigido<\/strong><\/strong><\/strong><\/strong><\/strong><\/strong><\/h3>\n\n\n\n<p><strong><em><strong><strong><strong>Fuerza de la parte inferior de la espalda y del tronco<\/strong><\/strong><\/strong><\/em><\/strong><\/p>\n\n\n\n<p style=\"margin-bottom:var(--wp--preset--spacing--tb-section-padding)\">La m\u00e1quina de extensi\u00f3n de espalda cargada con placas Evolve Prime Series est\u00e1 dise\u00f1ada para fortalecer la zona lumbar, los gl\u00fateos y el tronco con la m\u00e1xima eficacia. Proporciona un movimiento controlado que a\u00edsla los erectores espinales al tiempo que activa los m\u00fasculos estabilizadores, por lo que es esencial para construir una cadena posterior fuerte y equilibrada. <\/p>\n\n\n\n<h3 class=\"wp-block-heading\" style=\"margin-bottom:var(--wp--preset--spacing--h-3-bottom)\"><strong><strong><strong><strong><strong><strong>Construcci\u00f3n centrada en el usuario<\/strong><\/strong><\/strong><\/strong><\/strong><\/strong><\/h3>\n\n\n\n<p><strong><em><strong><strong><strong>Construcci\u00f3n duradera y profesional<\/strong><\/strong><\/strong><\/em><\/strong><\/p>\n\n\n\n<p>Con un armaz\u00f3n de acero reforzado y un mecanismo cargado con placas, la M\u00e1quina de Extensi\u00f3n de Espalda garantiza una larga durabilidad y estabilidad bajo un uso intensivo. La amplia plataforma para los pies y el acolchado ergon\u00f3mico proporcionan comodidad y seguridad, favoreciendo una t\u00e9cnica adecuada durante cada repetici\u00f3n. <\/p>\n\n\n\n<p> <\/p>\n\n\n\n<h3 class=\"wp-block-heading\"><strong><strong>EL FUTURO DEL ENTRENAMIENTO DE FUERZA<\/strong><\/strong><\/h3>\n\n\n\n<p><strong><em><strong><strong>Dise\u00f1o premium para atletas serios<\/strong><\/strong><\/em><\/strong><\/p>\n\n\n\n<p><br\/>La m\u00e1quina de extensi\u00f3n de espalda Evolve Prime Series ofrece la calidad y fiabilidad que los atletas esperan de un equipo profesional. Combinando fuerza, seguridad y funcionalidad, es una soluci\u00f3n imprescindible para los gimnasios que pretenden ofrecer experiencias de entrenamiento de primera y resultados a largo plazo. <\/p>\n<\/div>\n\n\n\n<div class=\"wp-block-column is-vertically-aligned-center is-layout-flow wp-block-column-is-layout-flow\">\n<figure class=\"wp-block-image size-large is-resized is-style-rounded\"><img loading=\"lazy\" decoding=\"async\" width=\"1024\" height=\"1024\" src=\"https:\/\/evolve-fitness.eu\/wp-content\/uploads\/2025\/08\/EV-PL-PR-330-Evolve-Prime-Series-Plate-Loaded-Back-Extension-Machine-1024x1024.png\" alt=\"\" class=\"wp-image-203070\" style=\"aspect-ratio:0.9107648725212465;width:783px;height:auto\" srcset=\"https:\/\/evolve-fitness.eu\/wp-content\/uploads\/2025\/08\/EV-PL-PR-330-Evolve-Prime-Series-Plate-Loaded-Back-Extension-Machine-1024x1024.png 1024w, https:\/\/evolve-fitness.eu\/wp-content\/uploads\/2025\/08\/EV-PL-PR-330-Evolve-Prime-Series-Plate-Loaded-Back-Extension-Machine-300x300.png 300w, https:\/\/evolve-fitness.eu\/wp-content\/uploads\/2025\/08\/EV-PL-PR-330-Evolve-Prime-Series-Plate-Loaded-Back-Extension-Machine-150x150.png 150w, https:\/\/evolve-fitness.eu\/wp-content\/uploads\/2025\/08\/EV-PL-PR-330-Evolve-Prime-Series-Plate-Loaded-Back-Extension-Machine-768x768.png 768w, https:\/\/evolve-fitness.eu\/wp-content\/uploads\/2025\/08\/EV-PL-PR-330-Evolve-Prime-Series-Plate-Loaded-Back-Extension-Machine-1536x1536.png 1536w, https:\/\/evolve-fitness.eu\/wp-content\/uploads\/2025\/08\/EV-PL-PR-330-Evolve-Prime-Series-Plate-Loaded-Back-Extension-Machine-2048x2048.png 2048w, https:\/\/evolve-fitness.eu\/wp-content\/uploads\/2025\/08\/EV-PL-PR-330-Evolve-Prime-Series-Plate-Loaded-Back-Extension-Machine-600x600.png 600w\" sizes=\"auto, (max-width: 1024px) 100vw, 1024px\" \/><\/figure>\n<\/div>\n<\/div>\n<\/section>\n<\/section>\n","protected":false},"excerpt":{"rendered":"<p>La m\u00e1quina de extensi\u00f3n de espalda con placas de la serie Evolve Prime (EV-PL-PR-330) est\u00e1 dise\u00f1ada para el desarrollo espec\u00edfico de la zona lumbar y la estabilidad del tronco. Su robusto armaz\u00f3n de acero, las almohadillas de apoyo ergon\u00f3micas y el sistema de placas proporcionan durabilidad, seguridad y un entrenamiento de fuerza eficaz para uso profesional en gimnasios. <\/p>\n","protected":false},"featured_media":203093,"template":"","meta":{"_acf_changed":false,"inline_featured_image":false},"product_brand":[],"product_cat":[2949,5439],"product_tag":[],"class_list":{"0":"post-236178","1":"product","2":"type-product","3":"status-publish","4":"has-post-thumbnail","6":"product_cat-maquinas-de-carga-de-placas","7":"product_cat-prime-series-placa-cargada","9":"first","10":"instock","11":"shipping-taxable","12":"purchasable","13":"product-type-simple"},"acf":{"long_title":"M\u00e1quina de extensi\u00f3n de espalda con carga de placas Evolve Serie Prime","subtitle":"","specifications":[{"label":"SKU","text_value":"EV-PL-PR-330","icon":"x"},{"label":"Dimensiones","text_value":"1712 \u00d7 1392 \u00d7 1450 mm","icon":"x"},{"label":"Peso","text_value":"175,5 kg","icon":"x"},{"label":"Peso m\u00e1ximo del usuario","text_value":"180 kg","icon":"x"},{"label":"Tapicer\u00eda gruesa","text_value":"","icon":"v"},{"label":"Protectores de suelo duraderos","text_value":"","icon":"v"},{"label":"Marco met\u00e1lico sin bordes afilados","text_value":"","icon":"v"},{"label":"Pintura anticorrosi\u00f3n","text_value":"","icon":"v"},{"label":"Asas antideslizantes","text_value":"","icon":"v"},{"label":"Garant\u00eda","text_value":"2 a\u00f1os","icon":"x"}],"product_frequently_asked_questions":null},"yoast_head":"<!-- This site is optimized with the Yoast SEO plugin v27.4 - https:\/\/yoast.com\/product\/yoast-seo-wordpress\/ -->\n<title>M\u00e1quina de extensi\u00f3n de espalda con carga de placas Evolve Serie Prime - Evolve<\/title>\n<meta name=\"description\" content=\"La m\u00e1quina de extensi\u00f3n de espalda con placas de la serie Evolve Prime (EV-PL-PR-330) est\u00e1 dise\u00f1ada para el desarrollo espec\u00edfico de la zona lumbar y la estabilidad del tronco.\" \/>\n<meta name=\"robots\" content=\"index, follow, max-snippet:-1, max-image-preview:large, max-video-preview:-1\" \/>\n<link rel=\"canonical\" href=\"https:\/\/evolve-fitness.eu\/es\/producto\/maquina-de-extension-de-espalda-con-carga-de-placas-evolve-serie-prime\/\" \/>\n<meta property=\"og:locale\" content=\"es_ES\" \/>\n<meta property=\"og:type\" content=\"article\" \/>\n<meta property=\"og:title\" content=\"M\u00e1quina de extensi\u00f3n de espalda con carga de placas Evolve Serie Prime - Evolve\" \/>\n<meta property=\"og:description\" content=\"La m\u00e1quina de extensi\u00f3n de espalda con placas de la serie Evolve Prime (EV-PL-PR-330) est\u00e1 dise\u00f1ada para el desarrollo espec\u00edfico de la zona lumbar y la estabilidad del tronco.\" \/>\n<meta property=\"og:url\" content=\"https:\/\/evolve-fitness.eu\/es\/producto\/maquina-de-extension-de-espalda-con-carga-de-placas-evolve-serie-prime\/\" \/>\n<meta property=\"og:site_name\" content=\"Evolve\" \/>\n<meta property=\"article:publisher\" content=\"https:\/\/www.facebook.com\/EvolveFitnessEurope\" \/>\n<meta property=\"article:modified_time\" content=\"2026-04-23T06:10:42+00:00\" \/>\n<meta property=\"og:image\" content=\"https:\/\/evolve-fitness.eu\/wp-content\/uploads\/2025\/08\/EV-PL-PR-330-Evolve-Prime-Series-Plate-Loaded-Back-Extension-Machine-scaled.png\" \/>\n\t<meta property=\"og:image:width\" content=\"2560\" \/>\n\t<meta property=\"og:image:height\" content=\"2560\" \/>\n\t<meta property=\"og:image:type\" content=\"image\/png\" \/>\n<meta name=\"twitter:card\" content=\"summary_large_image\" \/>\n<script type=\"application\/ld+json\" class=\"yoast-schema-graph\">{\"@context\":\"https:\\\/\\\/schema.org\",\"@graph\":[{\"@type\":\"WebPage\",\"@id\":\"https:\\\/\\\/evolve-fitness.eu\\\/es\\\/producto\\\/maquina-de-extension-de-espalda-con-carga-de-placas-evolve-serie-prime\\\/\",\"url\":\"https:\\\/\\\/evolve-fitness.eu\\\/es\\\/producto\\\/maquina-de-extension-de-espalda-con-carga-de-placas-evolve-serie-prime\\\/\",\"name\":\"M\u00e1quina de extensi\u00f3n de espalda con carga de placas Evolve Serie Prime - Evolve\",\"isPartOf\":{\"@id\":\"https:\\\/\\\/evolve-fitness.eu\\\/es\\\/#website\"},\"primaryImageOfPage\":{\"@id\":\"https:\\\/\\\/evolve-fitness.eu\\\/es\\\/producto\\\/maquina-de-extension-de-espalda-con-carga-de-placas-evolve-serie-prime\\\/#primaryimage\"},\"image\":{\"@id\":\"https:\\\/\\\/evolve-fitness.eu\\\/es\\\/producto\\\/maquina-de-extension-de-espalda-con-carga-de-placas-evolve-serie-prime\\\/#primaryimage\"},\"thumbnailUrl\":\"https:\\\/\\\/evolve-fitness.eu\\\/wp-content\\\/uploads\\\/2025\\\/08\\\/EV-PL-PR-330-Evolve-Prime-Series-Plate-Loaded-Back-Extension-Machine-scaled.png\",\"datePublished\":\"2025-08-22T04:24:44+00:00\",\"dateModified\":\"2026-04-23T06:10:42+00:00\",\"description\":\"La m\u00e1quina de extensi\u00f3n de espalda con placas de la serie Evolve Prime (EV-PL-PR-330) est\u00e1 dise\u00f1ada para el desarrollo espec\u00edfico de la zona lumbar y la estabilidad del tronco.\",\"breadcrumb\":{\"@id\":\"https:\\\/\\\/evolve-fitness.eu\\\/es\\\/producto\\\/maquina-de-extension-de-espalda-con-carga-de-placas-evolve-serie-prime\\\/#breadcrumb\"},\"inLanguage\":\"es\",\"potentialAction\":[{\"@type\":\"ReadAction\",\"target\":[\"https:\\\/\\\/evolve-fitness.eu\\\/es\\\/producto\\\/maquina-de-extension-de-espalda-con-carga-de-placas-evolve-serie-prime\\\/\"]}]},{\"@type\":\"ImageObject\",\"inLanguage\":\"es\",\"@id\":\"https:\\\/\\\/evolve-fitness.eu\\\/es\\\/producto\\\/maquina-de-extension-de-espalda-con-carga-de-placas-evolve-serie-prime\\\/#primaryimage\",\"url\":\"https:\\\/\\\/evolve-fitness.eu\\\/wp-content\\\/uploads\\\/2025\\\/08\\\/EV-PL-PR-330-Evolve-Prime-Series-Plate-Loaded-Back-Extension-Machine-scaled.png\",\"contentUrl\":\"https:\\\/\\\/evolve-fitness.eu\\\/wp-content\\\/uploads\\\/2025\\\/08\\\/EV-PL-PR-330-Evolve-Prime-Series-Plate-Loaded-Back-Extension-Machine-scaled.png\",\"width\":2560,\"height\":2560},{\"@type\":\"BreadcrumbList\",\"@id\":\"https:\\\/\\\/evolve-fitness.eu\\\/es\\\/producto\\\/maquina-de-extension-de-espalda-con-carga-de-placas-evolve-serie-prime\\\/#breadcrumb\",\"itemListElement\":[{\"@type\":\"ListItem\",\"position\":1,\"name\":\"Home\",\"item\":\"https:\\\/\\\/evolve-fitness.eu\\\/es\\\/\"},{\"@type\":\"ListItem\",\"position\":2,\"name\":\"Productos\",\"item\":\"https:\\\/\\\/evolve-fitness.eu\\\/es\\\/shop\\\/\"},{\"@type\":\"ListItem\",\"position\":3,\"name\":\"M\u00e1quina de extensi\u00f3n de espalda con carga de placas Evolve Serie Prime\"}]},{\"@type\":\"WebSite\",\"@id\":\"https:\\\/\\\/evolve-fitness.eu\\\/es\\\/#website\",\"url\":\"https:\\\/\\\/evolve-fitness.eu\\\/es\\\/\",\"name\":\"Evolve\",\"description\":\"Your Evolved Gear Arrived\",\"publisher\":{\"@id\":\"https:\\\/\\\/evolve-fitness.eu\\\/es\\\/#organization\"},\"potentialAction\":[{\"@type\":\"SearchAction\",\"target\":{\"@type\":\"EntryPoint\",\"urlTemplate\":\"https:\\\/\\\/evolve-fitness.eu\\\/es\\\/?s={search_term_string}\"},\"query-input\":{\"@type\":\"PropertyValueSpecification\",\"valueRequired\":true,\"valueName\":\"search_term_string\"}}],\"inLanguage\":\"es\"},{\"@type\":\"Organization\",\"@id\":\"https:\\\/\\\/evolve-fitness.eu\\\/es\\\/#organization\",\"name\":\"Evolve\",\"url\":\"https:\\\/\\\/evolve-fitness.eu\\\/es\\\/\",\"logo\":{\"@type\":\"ImageObject\",\"inLanguage\":\"es\",\"@id\":\"https:\\\/\\\/evolve-fitness.eu\\\/es\\\/#\\\/schema\\\/logo\\\/image\\\/\",\"url\":\"https:\\\/\\\/evolve-fitness.eu\\\/wp-content\\\/uploads\\\/2023\\\/05\\\/Evolve-logo.svg\",\"contentUrl\":\"https:\\\/\\\/evolve-fitness.eu\\\/wp-content\\\/uploads\\\/2023\\\/05\\\/Evolve-logo.svg\",\"width\":176,\"height\":20,\"caption\":\"Evolve\"},\"image\":{\"@id\":\"https:\\\/\\\/evolve-fitness.eu\\\/es\\\/#\\\/schema\\\/logo\\\/image\\\/\"},\"sameAs\":[\"https:\\\/\\\/www.facebook.com\\\/EvolveFitnessEurope\"]}]}<\/script>\n<!-- \/ Yoast SEO plugin. -->","yoast_head_json":{"title":"M\u00e1quina de extensi\u00f3n de espalda con carga de placas Evolve Serie Prime - Evolve","description":"La m\u00e1quina de extensi\u00f3n de espalda con placas de la serie Evolve Prime (EV-PL-PR-330) est\u00e1 dise\u00f1ada para el desarrollo espec\u00edfico de la zona lumbar y la estabilidad del tronco.","robots":{"index":"index","follow":"follow","max-snippet":"max-snippet:-1","max-image-preview":"max-image-preview:large","max-video-preview":"max-video-preview:-1"},"canonical":"https:\/\/evolve-fitness.eu\/es\/producto\/maquina-de-extension-de-espalda-con-carga-de-placas-evolve-serie-prime\/","og_locale":"es_ES","og_type":"article","og_title":"M\u00e1quina de extensi\u00f3n de espalda con carga de placas Evolve Serie Prime - Evolve","og_description":"La m\u00e1quina de extensi\u00f3n de espalda con placas de la serie Evolve Prime (EV-PL-PR-330) est\u00e1 dise\u00f1ada para el desarrollo espec\u00edfico de la zona lumbar y la estabilidad del tronco.","og_url":"https:\/\/evolve-fitness.eu\/es\/producto\/maquina-de-extension-de-espalda-con-carga-de-placas-evolve-serie-prime\/","og_site_name":"Evolve","article_publisher":"https:\/\/www.facebook.com\/EvolveFitnessEurope","article_modified_time":"2026-04-23T06:10:42+00:00","og_image":[{"width":2560,"height":2560,"url":"https:\/\/evolve-fitness.eu\/wp-content\/uploads\/2025\/08\/EV-PL-PR-330-Evolve-Prime-Series-Plate-Loaded-Back-Extension-Machine-scaled.png","type":"image\/png"}],"twitter_card":"summary_large_image","schema":{"@context":"https:\/\/schema.org","@graph":[{"@type":"WebPage","@id":"https:\/\/evolve-fitness.eu\/es\/producto\/maquina-de-extension-de-espalda-con-carga-de-placas-evolve-serie-prime\/","url":"https:\/\/evolve-fitness.eu\/es\/producto\/maquina-de-extension-de-espalda-con-carga-de-placas-evolve-serie-prime\/","name":"M\u00e1quina de extensi\u00f3n de espalda con carga de placas Evolve Serie Prime - Evolve","isPartOf":{"@id":"https:\/\/evolve-fitness.eu\/es\/#website"},"primaryImageOfPage":{"@id":"https:\/\/evolve-fitness.eu\/es\/producto\/maquina-de-extension-de-espalda-con-carga-de-placas-evolve-serie-prime\/#primaryimage"},"image":{"@id":"https:\/\/evolve-fitness.eu\/es\/producto\/maquina-de-extension-de-espalda-con-carga-de-placas-evolve-serie-prime\/#primaryimage"},"thumbnailUrl":"https:\/\/evolve-fitness.eu\/wp-content\/uploads\/2025\/08\/EV-PL-PR-330-Evolve-Prime-Series-Plate-Loaded-Back-Extension-Machine-scaled.png","datePublished":"2025-08-22T04:24:44+00:00","dateModified":"2026-04-23T06:10:42+00:00","description":"La m\u00e1quina de extensi\u00f3n de espalda con placas de la serie Evolve Prime (EV-PL-PR-330) est\u00e1 dise\u00f1ada para el desarrollo espec\u00edfico de la zona lumbar y la estabilidad del tronco.","breadcrumb":{"@id":"https:\/\/evolve-fitness.eu\/es\/producto\/maquina-de-extension-de-espalda-con-carga-de-placas-evolve-serie-prime\/#breadcrumb"},"inLanguage":"es","potentialAction":[{"@type":"ReadAction","target":["https:\/\/evolve-fitness.eu\/es\/producto\/maquina-de-extension-de-espalda-con-carga-de-placas-evolve-serie-prime\/"]}]},{"@type":"ImageObject","inLanguage":"es","@id":"https:\/\/evolve-fitness.eu\/es\/producto\/maquina-de-extension-de-espalda-con-carga-de-placas-evolve-serie-prime\/#primaryimage","url":"https:\/\/evolve-fitness.eu\/wp-content\/uploads\/2025\/08\/EV-PL-PR-330-Evolve-Prime-Series-Plate-Loaded-Back-Extension-Machine-scaled.png","contentUrl":"https:\/\/evolve-fitness.eu\/wp-content\/uploads\/2025\/08\/EV-PL-PR-330-Evolve-Prime-Series-Plate-Loaded-Back-Extension-Machine-scaled.png","width":2560,"height":2560},{"@type":"BreadcrumbList","@id":"https:\/\/evolve-fitness.eu\/es\/producto\/maquina-de-extension-de-espalda-con-carga-de-placas-evolve-serie-prime\/#breadcrumb","itemListElement":[{"@type":"ListItem","position":1,"name":"Home","item":"https:\/\/evolve-fitness.eu\/es\/"},{"@type":"ListItem","position":2,"name":"Productos","item":"https:\/\/evolve-fitness.eu\/es\/shop\/"},{"@type":"ListItem","position":3,"name":"M\u00e1quina de extensi\u00f3n de espalda con carga de placas Evolve Serie Prime"}]},{"@type":"WebSite","@id":"https:\/\/evolve-fitness.eu\/es\/#website","url":"https:\/\/evolve-fitness.eu\/es\/","name":"Evolve","description":"Your Evolved Gear Arrived","publisher":{"@id":"https:\/\/evolve-fitness.eu\/es\/#organization"},"potentialAction":[{"@type":"SearchAction","target":{"@type":"EntryPoint","urlTemplate":"https:\/\/evolve-fitness.eu\/es\/?s={search_term_string}"},"query-input":{"@type":"PropertyValueSpecification","valueRequired":true,"valueName":"search_term_string"}}],"inLanguage":"es"},{"@type":"Organization","@id":"https:\/\/evolve-fitness.eu\/es\/#organization","name":"Evolve","url":"https:\/\/evolve-fitness.eu\/es\/","logo":{"@type":"ImageObject","inLanguage":"es","@id":"https:\/\/evolve-fitness.eu\/es\/#\/schema\/logo\/image\/","url":"https:\/\/evolve-fitness.eu\/wp-content\/uploads\/2023\/05\/Evolve-logo.svg","contentUrl":"https:\/\/evolve-fitness.eu\/wp-content\/uploads\/2023\/05\/Evolve-logo.svg","width":176,"height":20,"caption":"Evolve"},"image":{"@id":"https:\/\/evolve-fitness.eu\/es\/#\/schema\/logo\/image\/"},"sameAs":["https:\/\/www.facebook.com\/EvolveFitnessEurope"]}]}},"_links":{"self":[{"href":"https:\/\/evolve-fitness.eu\/es\/wp-json\/wp\/v2\/product\/236178","targetHints":{"allow":["GET"]}}],"collection":[{"href":"https:\/\/evolve-fitness.eu\/es\/wp-json\/wp\/v2\/product"}],"about":[{"href":"https:\/\/evolve-fitness.eu\/es\/wp-json\/wp\/v2\/types\/product"}],"wp:featuredmedia":[{"embeddable":true,"href":"https:\/\/evolve-fitness.eu\/es\/wp-json\/wp\/v2\/media\/203093"}],"wp:attachment":[{"href":"https:\/\/evolve-fitness.eu\/es\/wp-json\/wp\/v2\/media?parent=236178"}],"wp:term":[{"taxonomy":"product_brand","embeddable":true,"href":"https:\/\/evolve-fitness.eu\/es\/wp-json\/wp\/v2\/product_brand?post=236178"},{"taxonomy":"product_cat","embeddable":true,"href":"https:\/\/evolve-fitness.eu\/es\/wp-json\/wp\/v2\/product_cat?post=236178"},{"taxonomy":"product_tag","embeddable":true,"href":"https:\/\/evolve-fitness.eu\/es\/wp-json\/wp\/v2\/product_tag?post=236178"}],"curies":[{"name":"wp","href":"https:\/\/api.w.org\/{rel}","templated":true}]}}