{"id":236410,"date":"2025-03-19T11:37:58","date_gmt":"2025-03-19T09:37:58","guid":{"rendered":"https:\/\/evolve-fitness.eu\/product\/tiron-de-pecho-frontal-con-carga-de-plancha-de-la-serie-evolve-prime\/"},"modified":"2026-04-23T09:15:08","modified_gmt":"2026-04-23T06:15:08","slug":"tiron-de-pecho-frontal-con-carga-de-plancha-de-la-serie-evolve-prime","status":"publish","type":"product","link":"https:\/\/evolve-fitness.eu\/es\/producto\/tiron-de-pecho-frontal-con-carga-de-plancha-de-la-serie-evolve-prime\/","title":{"rendered":"Tir\u00f3n de pecho frontal con carga de plancha de la serie Evolve Prime"},"content":{"rendered":"\n<section class=\"wp-block-group alignfull has-lightgray-background-color has-background is-layout-constrained wp-block-group-is-layout-constrained\">\n<div class=\"wp-block-columns alignwide is-layout-flex wp-container-core-columns-is-layout-2edb0647 wp-block-columns-is-layout-flex\" style=\"margin-top:0;margin-bottom:0\">\n<div class=\"wp-block-column is-layout-flow wp-block-column-is-layout-flow\" style=\"flex-basis:33.33%\"><\/div>\n\n\n\n<div class=\"wp-block-column is-layout-flow wp-block-column-is-layout-flow\" style=\"flex-basis:66.66%\"><\/div>\n<\/div>\n<\/section>\n\n<section class=\"wp-block-group alignfull black-content has-white-color has-darkgray-background-color has-text-color has-background is-layout-constrained wp-block-group-is-layout-constrained\" style=\"padding-top:var(--wp--preset--spacing--section-bottom);padding-bottom:var(--wp--preset--spacing--section-bottom)\">\n<h3 class=\"wp-block-heading has-text-align-center\"><strong><strong>EVOLVE SERIE PRIME CARGADA CON PLACAS<\/strong><\/strong><\/h3>\n\n\n\n<p>Con la serie Evolve Plate Loaded Prime, la excelencia es el est\u00e1ndar. Eleve su entrenamiento de fuerza con m\u00e1quinas dise\u00f1adas para ofrecer comodidad, durabilidad y rendimiento. Explore hoy mismo toda la l\u00ednea y redefina su camino hacia la forma f\u00edsica.  <\/p>\n\n\n\n<section class=\"wp-block-group alignfull black-content has-white-color has-darkgray-background-color has-text-color has-background is-layout-constrained wp-block-group-is-layout-constrained\" style=\"padding-top:var(--wp--preset--spacing--section-bottom);padding-bottom:var(--wp--preset--spacing--section-bottom)\">\n<div class=\"wp-block-columns alignwide mobile-reverse is-layout-flex wp-container-core-columns-is-layout-ca64bf2d wp-block-columns-is-layout-flex\" style=\"margin-bottom:var(--wp--preset--spacing--side-padding)\">\n<div class=\"wp-block-column is-vertically-aligned-center is-layout-flow wp-block-column-is-layout-flow\">\n<h3 class=\"wp-block-heading\" style=\"margin-bottom:var(--wp--preset--spacing--h-3-bottom)\"><strong><strong><strong>Doble funcionalidad vers\u00e1til<\/strong><\/strong><\/strong><\/h3>\n\n\n\n<p><strong><strong><strong><em>Para la fuerza de la parte superior del cuerpo<\/em><\/strong><\/strong><\/strong><\/p>\n\n\n\n<p style=\"margin-bottom:var(--wp--preset--spacing--tb-section-padding)\">El estiramiento frontal de los dorsales latinos con placa de la serie Evolve Prime est\u00e1 dise\u00f1ado para maximizar el compromiso de los dorsales latinos y la fuerza de la parte superior del cuerpo con un movimiento de tracci\u00f3n natural y controlado. Su trayectoria de movimiento suave y biomec\u00e1nicamente optimizada garantiza una activaci\u00f3n muscular eficaz al tiempo que minimiza la tensi\u00f3n en las articulaciones. Ideal para desarrollar una espalda ancha y fuerte, esta m\u00e1quina de dominadas es un elemento b\u00e1sico en cualquier programa de entrenamiento de fuerza.    <\/p>\n\n\n\n<h3 class=\"wp-block-heading\" style=\"margin-bottom:var(--wp--preset--spacing--h-3-bottom)\"><strong><strong><strong><strong><strong>Ingenier\u00eda de precisi\u00f3n<\/strong><\/strong><\/strong><\/strong><\/strong><\/h3>\n\n\n\n<p><strong><strong><strong><strong><strong><em>Para un compromiso muscular \u00f3ptimo<\/em><\/strong><\/strong><\/strong><\/strong><\/strong><\/p>\n\n\n\n<p>La m\u00e1quina Evolve Prime Series Front Lat Pulldown cargada con placas presenta un movimiento independiente de los brazos para un desarrollo muscular equilibrado, mientras que sus asas en \u00e1ngulo ofrecen m\u00faltiples variaciones de agarre para trabajar diferentes zonas de la espalda. El robusto armaz\u00f3n y el suave sistema de carga de placas garantizan una resistencia constante, permitiendo a los usuarios superar sus l\u00edmites con seguridad y eficacia. Si tu objetivo es aumentar la fuerza de la parte superior del cuerpo, mejorar la postura o construir una espalda bien definida, esta m\u00e1quina ofrece la combinaci\u00f3n perfecta de estabilidad, comodidad y rendimiento.    <\/p>\n<\/div>\n\n\n\n<div class=\"wp-block-column is-vertically-aligned-center is-layout-flow wp-block-column-is-layout-flow\">\n<figure class=\"wp-block-image size-full is-resized is-style-rounded\"><img loading=\"lazy\" decoding=\"async\" width=\"3000\" height=\"3000\" src=\"https:\/\/evolve-fitness.eu\/wp-content\/uploads\/2025\/03\/EV-PL-PR-016-Evolve-Prime-Series-Plate-Loaded-Fron-Lat-Pull-Down-Recovered.png\" alt=\"\" class=\"wp-image-187238\" style=\"width:643px;height:706px\" srcset=\"https:\/\/evolve-fitness.eu\/wp-content\/uploads\/2025\/03\/EV-PL-PR-016-Evolve-Prime-Series-Plate-Loaded-Fron-Lat-Pull-Down-Recovered.png 3000w, https:\/\/evolve-fitness.eu\/wp-content\/uploads\/2025\/03\/EV-PL-PR-016-Evolve-Prime-Series-Plate-Loaded-Fron-Lat-Pull-Down-Recovered-300x300.png 300w, https:\/\/evolve-fitness.eu\/wp-content\/uploads\/2025\/03\/EV-PL-PR-016-Evolve-Prime-Series-Plate-Loaded-Fron-Lat-Pull-Down-Recovered-1024x1024.png 1024w, https:\/\/evolve-fitness.eu\/wp-content\/uploads\/2025\/03\/EV-PL-PR-016-Evolve-Prime-Series-Plate-Loaded-Fron-Lat-Pull-Down-Recovered-150x150.png 150w, https:\/\/evolve-fitness.eu\/wp-content\/uploads\/2025\/03\/EV-PL-PR-016-Evolve-Prime-Series-Plate-Loaded-Fron-Lat-Pull-Down-Recovered-768x768.png 768w, https:\/\/evolve-fitness.eu\/wp-content\/uploads\/2025\/03\/EV-PL-PR-016-Evolve-Prime-Series-Plate-Loaded-Fron-Lat-Pull-Down-Recovered-1536x1536.png 1536w, https:\/\/evolve-fitness.eu\/wp-content\/uploads\/2025\/03\/EV-PL-PR-016-Evolve-Prime-Series-Plate-Loaded-Fron-Lat-Pull-Down-Recovered-2048x2048.png 2048w, https:\/\/evolve-fitness.eu\/wp-content\/uploads\/2025\/03\/EV-PL-PR-016-Evolve-Prime-Series-Plate-Loaded-Fron-Lat-Pull-Down-Recovered-600x600.png 600w\" sizes=\"auto, (max-width: 3000px) 100vw, 3000px\" \/><\/figure>\n<\/div>\n<\/div>\n<\/section>\n<\/section>\n","protected":false},"excerpt":{"rendered":"<p>Consigue una fuerza superior de la espalda con una mec\u00e1nica de tracci\u00f3n precisa. La m\u00e1quina de tracci\u00f3n frontal con placas de la serie Evolve Prime est\u00e1 dise\u00f1ada para maximizar la fuerza de los dorsales y de la parte superior del cuerpo con un movimiento de tracci\u00f3n natural y controlado. Con un asiento ergon\u00f3mico, almohadillas ajustables para los muslos y un sistema de resistencia con placas, esta m\u00e1quina soporta una sobrecarga progresiva para todos los niveles de forma f\u00edsica. Perfecta para desarrollar una espalda ancha y fuerte, garantiza una activaci\u00f3n muscular eficaz al tiempo que minimiza la tensi\u00f3n articular.   <\/p>\n","protected":false},"featured_media":187261,"template":"","meta":{"_acf_changed":false,"inline_featured_image":false},"product_brand":[],"product_cat":[2949,5439],"product_tag":[],"class_list":{"0":"post-236410","1":"product","2":"type-product","3":"status-publish","4":"has-post-thumbnail","6":"product_cat-maquinas-de-carga-de-placas","7":"product_cat-prime-series-placa-cargada","9":"first","10":"instock","11":"shipping-taxable","12":"purchasable","13":"product-type-simple"},"acf":{"long_title":"Tir\u00f3n de pecho frontal con carga de plancha de la serie Evolve Prime","subtitle":"","specifications":[{"label":"SKU","text_value":"EV-PL-PR-016","icon":"x"},{"label":"Dimensiones","text_value":"1600 x 1600 x 2030 mm","icon":"x"},{"label":"Peso","text_value":"160 kg","icon":"x"},{"label":"Peso m\u00e1ximo del usuario","text_value":"180 kg","icon":"x"},{"label":"Almacenamiento del plato de pesas","text_value":"","icon":"v"},{"label":"Protectores de suelo duraderos","text_value":"","icon":"v"},{"label":"Pintura anticorrosi\u00f3n","text_value":"","icon":"v"},{"label":"Marco met\u00e1lico sin bordes afilados","text_value":"","icon":"v"},{"label":"Tapicer\u00eda gruesa","text_value":"","icon":"v"},{"label":"Garant\u00eda","text_value":"2 a\u00f1os","icon":"x"}],"product_frequently_asked_questions":null},"yoast_head":"<!-- This site is optimized with the Yoast SEO plugin v27.4 - https:\/\/yoast.com\/product\/yoast-seo-wordpress\/ -->\n<title>Tir\u00f3n de pecho frontal con carga de plancha de la serie Evolve Prime - Evolve<\/title>\n<meta name=\"description\" content=\"El estiramiento frontal de dorsales con placa Evolve est\u00e1 dise\u00f1ado para maximizar el compromiso de los dorsales y la fuerza de la parte superior del cuerpo con un movimiento de tracci\u00f3n natural y controlado.\" \/>\n<meta name=\"robots\" content=\"index, follow, max-snippet:-1, max-image-preview:large, max-video-preview:-1\" \/>\n<link rel=\"canonical\" href=\"https:\/\/evolve-fitness.eu\/es\/producto\/tiron-de-pecho-frontal-con-carga-de-plancha-de-la-serie-evolve-prime\/\" \/>\n<meta property=\"og:locale\" content=\"es_ES\" \/>\n<meta property=\"og:type\" content=\"article\" \/>\n<meta property=\"og:title\" content=\"Tir\u00f3n de pecho frontal con carga de plancha de la serie Evolve Prime - Evolve\" \/>\n<meta property=\"og:description\" content=\"El estiramiento frontal de dorsales con placa Evolve est\u00e1 dise\u00f1ado para maximizar el compromiso de los dorsales y la fuerza de la parte superior del cuerpo con un movimiento de tracci\u00f3n natural y controlado.\" \/>\n<meta property=\"og:url\" content=\"https:\/\/evolve-fitness.eu\/es\/producto\/tiron-de-pecho-frontal-con-carga-de-plancha-de-la-serie-evolve-prime\/\" \/>\n<meta property=\"og:site_name\" content=\"Evolve\" \/>\n<meta property=\"article:publisher\" content=\"https:\/\/www.facebook.com\/EvolveFitnessEurope\" \/>\n<meta property=\"article:modified_time\" content=\"2026-04-23T06:15:08+00:00\" \/>\n<meta property=\"og:image\" content=\"https:\/\/evolve-fitness.eu\/wp-content\/uploads\/2025\/03\/EV-PL-PR-016-Evolve-Prime-Series-Plate-Loaded-Fron-Lat-Pull-Down-Recovered.png\" \/>\n\t<meta property=\"og:image:width\" content=\"3000\" \/>\n\t<meta property=\"og:image:height\" content=\"3000\" \/>\n\t<meta property=\"og:image:type\" content=\"image\/png\" \/>\n<meta name=\"twitter:card\" content=\"summary_large_image\" \/>\n<script type=\"application\/ld+json\" class=\"yoast-schema-graph\">{\"@context\":\"https:\\\/\\\/schema.org\",\"@graph\":[{\"@type\":\"WebPage\",\"@id\":\"https:\\\/\\\/evolve-fitness.eu\\\/es\\\/producto\\\/tiron-de-pecho-frontal-con-carga-de-plancha-de-la-serie-evolve-prime\\\/\",\"url\":\"https:\\\/\\\/evolve-fitness.eu\\\/es\\\/producto\\\/tiron-de-pecho-frontal-con-carga-de-plancha-de-la-serie-evolve-prime\\\/\",\"name\":\"Tir\u00f3n de pecho frontal con carga de plancha de la serie Evolve Prime - Evolve\",\"isPartOf\":{\"@id\":\"https:\\\/\\\/evolve-fitness.eu\\\/es\\\/#website\"},\"primaryImageOfPage\":{\"@id\":\"https:\\\/\\\/evolve-fitness.eu\\\/es\\\/producto\\\/tiron-de-pecho-frontal-con-carga-de-plancha-de-la-serie-evolve-prime\\\/#primaryimage\"},\"image\":{\"@id\":\"https:\\\/\\\/evolve-fitness.eu\\\/es\\\/producto\\\/tiron-de-pecho-frontal-con-carga-de-plancha-de-la-serie-evolve-prime\\\/#primaryimage\"},\"thumbnailUrl\":\"https:\\\/\\\/evolve-fitness.eu\\\/wp-content\\\/uploads\\\/2025\\\/03\\\/EV-PL-PR-016-Evolve-Prime-Series-Plate-Loaded-Fron-Lat-Pull-Down-Recovered.png\",\"datePublished\":\"2025-03-19T09:37:58+00:00\",\"dateModified\":\"2026-04-23T06:15:08+00:00\",\"description\":\"El estiramiento frontal de dorsales con placa Evolve est\u00e1 dise\u00f1ado para maximizar el compromiso de los dorsales y la fuerza de la parte superior del cuerpo con un movimiento de tracci\u00f3n natural y controlado.\",\"breadcrumb\":{\"@id\":\"https:\\\/\\\/evolve-fitness.eu\\\/es\\\/producto\\\/tiron-de-pecho-frontal-con-carga-de-plancha-de-la-serie-evolve-prime\\\/#breadcrumb\"},\"inLanguage\":\"es\",\"potentialAction\":[{\"@type\":\"ReadAction\",\"target\":[\"https:\\\/\\\/evolve-fitness.eu\\\/es\\\/producto\\\/tiron-de-pecho-frontal-con-carga-de-plancha-de-la-serie-evolve-prime\\\/\"]}]},{\"@type\":\"ImageObject\",\"inLanguage\":\"es\",\"@id\":\"https:\\\/\\\/evolve-fitness.eu\\\/es\\\/producto\\\/tiron-de-pecho-frontal-con-carga-de-plancha-de-la-serie-evolve-prime\\\/#primaryimage\",\"url\":\"https:\\\/\\\/evolve-fitness.eu\\\/wp-content\\\/uploads\\\/2025\\\/03\\\/EV-PL-PR-016-Evolve-Prime-Series-Plate-Loaded-Fron-Lat-Pull-Down-Recovered.png\",\"contentUrl\":\"https:\\\/\\\/evolve-fitness.eu\\\/wp-content\\\/uploads\\\/2025\\\/03\\\/EV-PL-PR-016-Evolve-Prime-Series-Plate-Loaded-Fron-Lat-Pull-Down-Recovered.png\",\"width\":3000,\"height\":3000},{\"@type\":\"BreadcrumbList\",\"@id\":\"https:\\\/\\\/evolve-fitness.eu\\\/es\\\/producto\\\/tiron-de-pecho-frontal-con-carga-de-plancha-de-la-serie-evolve-prime\\\/#breadcrumb\",\"itemListElement\":[{\"@type\":\"ListItem\",\"position\":1,\"name\":\"Home\",\"item\":\"https:\\\/\\\/evolve-fitness.eu\\\/es\\\/\"},{\"@type\":\"ListItem\",\"position\":2,\"name\":\"Productos\",\"item\":\"https:\\\/\\\/evolve-fitness.eu\\\/es\\\/shop\\\/\"},{\"@type\":\"ListItem\",\"position\":3,\"name\":\"Tir\u00f3n de pecho frontal con carga de plancha de la serie Evolve Prime\"}]},{\"@type\":\"WebSite\",\"@id\":\"https:\\\/\\\/evolve-fitness.eu\\\/es\\\/#website\",\"url\":\"https:\\\/\\\/evolve-fitness.eu\\\/es\\\/\",\"name\":\"Evolve\",\"description\":\"Your Evolved Gear Arrived\",\"publisher\":{\"@id\":\"https:\\\/\\\/evolve-fitness.eu\\\/es\\\/#organization\"},\"potentialAction\":[{\"@type\":\"SearchAction\",\"target\":{\"@type\":\"EntryPoint\",\"urlTemplate\":\"https:\\\/\\\/evolve-fitness.eu\\\/es\\\/?s={search_term_string}\"},\"query-input\":{\"@type\":\"PropertyValueSpecification\",\"valueRequired\":true,\"valueName\":\"search_term_string\"}}],\"inLanguage\":\"es\"},{\"@type\":\"Organization\",\"@id\":\"https:\\\/\\\/evolve-fitness.eu\\\/es\\\/#organization\",\"name\":\"Evolve\",\"url\":\"https:\\\/\\\/evolve-fitness.eu\\\/es\\\/\",\"logo\":{\"@type\":\"ImageObject\",\"inLanguage\":\"es\",\"@id\":\"https:\\\/\\\/evolve-fitness.eu\\\/es\\\/#\\\/schema\\\/logo\\\/image\\\/\",\"url\":\"https:\\\/\\\/evolve-fitness.eu\\\/wp-content\\\/uploads\\\/2023\\\/05\\\/Evolve-logo.svg\",\"contentUrl\":\"https:\\\/\\\/evolve-fitness.eu\\\/wp-content\\\/uploads\\\/2023\\\/05\\\/Evolve-logo.svg\",\"width\":176,\"height\":20,\"caption\":\"Evolve\"},\"image\":{\"@id\":\"https:\\\/\\\/evolve-fitness.eu\\\/es\\\/#\\\/schema\\\/logo\\\/image\\\/\"},\"sameAs\":[\"https:\\\/\\\/www.facebook.com\\\/EvolveFitnessEurope\"]}]}<\/script>\n<!-- \/ Yoast SEO plugin. -->","yoast_head_json":{"title":"Tir\u00f3n de pecho frontal con carga de plancha de la serie Evolve Prime - Evolve","description":"El estiramiento frontal de dorsales con placa Evolve est\u00e1 dise\u00f1ado para maximizar el compromiso de los dorsales y la fuerza de la parte superior del cuerpo con un movimiento de tracci\u00f3n natural y controlado.","robots":{"index":"index","follow":"follow","max-snippet":"max-snippet:-1","max-image-preview":"max-image-preview:large","max-video-preview":"max-video-preview:-1"},"canonical":"https:\/\/evolve-fitness.eu\/es\/producto\/tiron-de-pecho-frontal-con-carga-de-plancha-de-la-serie-evolve-prime\/","og_locale":"es_ES","og_type":"article","og_title":"Tir\u00f3n de pecho frontal con carga de plancha de la serie Evolve Prime - Evolve","og_description":"El estiramiento frontal de dorsales con placa Evolve est\u00e1 dise\u00f1ado para maximizar el compromiso de los dorsales y la fuerza de la parte superior del cuerpo con un movimiento de tracci\u00f3n natural y controlado.","og_url":"https:\/\/evolve-fitness.eu\/es\/producto\/tiron-de-pecho-frontal-con-carga-de-plancha-de-la-serie-evolve-prime\/","og_site_name":"Evolve","article_publisher":"https:\/\/www.facebook.com\/EvolveFitnessEurope","article_modified_time":"2026-04-23T06:15:08+00:00","og_image":[{"width":3000,"height":3000,"url":"https:\/\/evolve-fitness.eu\/wp-content\/uploads\/2025\/03\/EV-PL-PR-016-Evolve-Prime-Series-Plate-Loaded-Fron-Lat-Pull-Down-Recovered.png","type":"image\/png"}],"twitter_card":"summary_large_image","schema":{"@context":"https:\/\/schema.org","@graph":[{"@type":"WebPage","@id":"https:\/\/evolve-fitness.eu\/es\/producto\/tiron-de-pecho-frontal-con-carga-de-plancha-de-la-serie-evolve-prime\/","url":"https:\/\/evolve-fitness.eu\/es\/producto\/tiron-de-pecho-frontal-con-carga-de-plancha-de-la-serie-evolve-prime\/","name":"Tir\u00f3n de pecho frontal con carga de plancha de la serie Evolve Prime - Evolve","isPartOf":{"@id":"https:\/\/evolve-fitness.eu\/es\/#website"},"primaryImageOfPage":{"@id":"https:\/\/evolve-fitness.eu\/es\/producto\/tiron-de-pecho-frontal-con-carga-de-plancha-de-la-serie-evolve-prime\/#primaryimage"},"image":{"@id":"https:\/\/evolve-fitness.eu\/es\/producto\/tiron-de-pecho-frontal-con-carga-de-plancha-de-la-serie-evolve-prime\/#primaryimage"},"thumbnailUrl":"https:\/\/evolve-fitness.eu\/wp-content\/uploads\/2025\/03\/EV-PL-PR-016-Evolve-Prime-Series-Plate-Loaded-Fron-Lat-Pull-Down-Recovered.png","datePublished":"2025-03-19T09:37:58+00:00","dateModified":"2026-04-23T06:15:08+00:00","description":"El estiramiento frontal de dorsales con placa Evolve est\u00e1 dise\u00f1ado para maximizar el compromiso de los dorsales y la fuerza de la parte superior del cuerpo con un movimiento de tracci\u00f3n natural y controlado.","breadcrumb":{"@id":"https:\/\/evolve-fitness.eu\/es\/producto\/tiron-de-pecho-frontal-con-carga-de-plancha-de-la-serie-evolve-prime\/#breadcrumb"},"inLanguage":"es","potentialAction":[{"@type":"ReadAction","target":["https:\/\/evolve-fitness.eu\/es\/producto\/tiron-de-pecho-frontal-con-carga-de-plancha-de-la-serie-evolve-prime\/"]}]},{"@type":"ImageObject","inLanguage":"es","@id":"https:\/\/evolve-fitness.eu\/es\/producto\/tiron-de-pecho-frontal-con-carga-de-plancha-de-la-serie-evolve-prime\/#primaryimage","url":"https:\/\/evolve-fitness.eu\/wp-content\/uploads\/2025\/03\/EV-PL-PR-016-Evolve-Prime-Series-Plate-Loaded-Fron-Lat-Pull-Down-Recovered.png","contentUrl":"https:\/\/evolve-fitness.eu\/wp-content\/uploads\/2025\/03\/EV-PL-PR-016-Evolve-Prime-Series-Plate-Loaded-Fron-Lat-Pull-Down-Recovered.png","width":3000,"height":3000},{"@type":"BreadcrumbList","@id":"https:\/\/evolve-fitness.eu\/es\/producto\/tiron-de-pecho-frontal-con-carga-de-plancha-de-la-serie-evolve-prime\/#breadcrumb","itemListElement":[{"@type":"ListItem","position":1,"name":"Home","item":"https:\/\/evolve-fitness.eu\/es\/"},{"@type":"ListItem","position":2,"name":"Productos","item":"https:\/\/evolve-fitness.eu\/es\/shop\/"},{"@type":"ListItem","position":3,"name":"Tir\u00f3n de pecho frontal con carga de plancha de la serie Evolve Prime"}]},{"@type":"WebSite","@id":"https:\/\/evolve-fitness.eu\/es\/#website","url":"https:\/\/evolve-fitness.eu\/es\/","name":"Evolve","description":"Your Evolved Gear Arrived","publisher":{"@id":"https:\/\/evolve-fitness.eu\/es\/#organization"},"potentialAction":[{"@type":"SearchAction","target":{"@type":"EntryPoint","urlTemplate":"https:\/\/evolve-fitness.eu\/es\/?s={search_term_string}"},"query-input":{"@type":"PropertyValueSpecification","valueRequired":true,"valueName":"search_term_string"}}],"inLanguage":"es"},{"@type":"Organization","@id":"https:\/\/evolve-fitness.eu\/es\/#organization","name":"Evolve","url":"https:\/\/evolve-fitness.eu\/es\/","logo":{"@type":"ImageObject","inLanguage":"es","@id":"https:\/\/evolve-fitness.eu\/es\/#\/schema\/logo\/image\/","url":"https:\/\/evolve-fitness.eu\/wp-content\/uploads\/2023\/05\/Evolve-logo.svg","contentUrl":"https:\/\/evolve-fitness.eu\/wp-content\/uploads\/2023\/05\/Evolve-logo.svg","width":176,"height":20,"caption":"Evolve"},"image":{"@id":"https:\/\/evolve-fitness.eu\/es\/#\/schema\/logo\/image\/"},"sameAs":["https:\/\/www.facebook.com\/EvolveFitnessEurope"]}]}},"_links":{"self":[{"href":"https:\/\/evolve-fitness.eu\/es\/wp-json\/wp\/v2\/product\/236410","targetHints":{"allow":["GET"]}}],"collection":[{"href":"https:\/\/evolve-fitness.eu\/es\/wp-json\/wp\/v2\/product"}],"about":[{"href":"https:\/\/evolve-fitness.eu\/es\/wp-json\/wp\/v2\/types\/product"}],"wp:featuredmedia":[{"embeddable":true,"href":"https:\/\/evolve-fitness.eu\/es\/wp-json\/wp\/v2\/media\/187261"}],"wp:attachment":[{"href":"https:\/\/evolve-fitness.eu\/es\/wp-json\/wp\/v2\/media?parent=236410"}],"wp:term":[{"taxonomy":"product_brand","embeddable":true,"href":"https:\/\/evolve-fitness.eu\/es\/wp-json\/wp\/v2\/product_brand?post=236410"},{"taxonomy":"product_cat","embeddable":true,"href":"https:\/\/evolve-fitness.eu\/es\/wp-json\/wp\/v2\/product_cat?post=236410"},{"taxonomy":"product_tag","embeddable":true,"href":"https:\/\/evolve-fitness.eu\/es\/wp-json\/wp\/v2\/product_tag?post=236410"}],"curies":[{"name":"wp","href":"https:\/\/api.w.org\/{rel}","templated":true}]}}