{"id":236455,"date":"2025-03-19T14:21:48","date_gmt":"2025-03-19T12:21:48","guid":{"rendered":"https:\/\/evolve-fitness.eu\/product\/curl-de-brazos-sentado-con-placa-de-la-serie-evolve-prime\/"},"modified":"2026-04-23T09:17:28","modified_gmt":"2026-04-23T06:17:28","slug":"curl-de-brazos-sentado-con-placa-de-la-serie-evolve-prime","status":"publish","type":"product","link":"https:\/\/evolve-fitness.eu\/es\/producto\/curl-de-brazos-sentado-con-placa-de-la-serie-evolve-prime\/","title":{"rendered":"Curl de brazos sentado con placa de la serie Evolve Prime"},"content":{"rendered":"\n<section class=\"wp-block-group alignfull has-lightgray-background-color has-background is-layout-constrained wp-block-group-is-layout-constrained\">\n<div class=\"wp-block-columns alignwide is-layout-flex wp-container-core-columns-is-layout-2edb0647 wp-block-columns-is-layout-flex\" style=\"margin-top:0;margin-bottom:0\">\n<div class=\"wp-block-column is-layout-flow wp-block-column-is-layout-flow\" style=\"flex-basis:33.33%\"><\/div>\n\n\n\n<div class=\"wp-block-column is-layout-flow wp-block-column-is-layout-flow\" style=\"flex-basis:66.66%\"><\/div>\n<\/div>\n<\/section>\n\n<section class=\"wp-block-group alignfull black-content has-white-color has-darkgray-background-color has-text-color has-background is-layout-constrained wp-block-group-is-layout-constrained\" style=\"padding-top:var(--wp--preset--spacing--section-bottom);padding-bottom:var(--wp--preset--spacing--section-bottom)\">\n<h3 class=\"wp-block-heading has-text-align-center\"><strong><strong>EVOLVE SERIE PRIME CARGADA CON PLACAS<\/strong><\/strong><\/h3>\n\n\n\n<p>Con la serie Evolve Plate Loaded Prime, la excelencia es el est\u00e1ndar. Eleve su entrenamiento de fuerza con m\u00e1quinas dise\u00f1adas para ofrecer comodidad, durabilidad y rendimiento. Explore hoy mismo toda la l\u00ednea y redefina su camino hacia la forma f\u00edsica.  <\/p>\n\n\n\n<section class=\"wp-block-group alignfull black-content has-white-color has-darkgray-background-color has-text-color has-background is-layout-constrained wp-block-group-is-layout-constrained\" style=\"padding-top:var(--wp--preset--spacing--section-bottom);padding-bottom:var(--wp--preset--spacing--section-bottom)\">\n<div class=\"wp-block-columns alignwide mobile-reverse is-layout-flex wp-container-core-columns-is-layout-ca64bf2d wp-block-columns-is-layout-flex\" style=\"margin-bottom:var(--wp--preset--spacing--side-padding)\">\n<div class=\"wp-block-column is-vertically-aligned-center is-layout-flow wp-block-column-is-layout-flow\">\n<h3 class=\"wp-block-heading\" style=\"margin-bottom:var(--wp--preset--spacing--h-3-bottom)\"><strong><strong><strong>Entrenamiento eficaz de b\u00edceps<\/strong><\/strong><\/strong><\/h3>\n\n\n\n<p><strong><em>Compromiso muscular espec\u00edfico<\/em><\/strong><\/p>\n\n\n\n<p style=\"margin-bottom:var(--wp--preset--spacing--tb-section-padding)\">El Curl de brazos sentado con placas de la serie Evolve Prime est\u00e1 dise\u00f1ado para maximizar el trabajo de los b\u00edceps con una amplitud de movimiento suave y controlada. Con un asiento ergon\u00f3mico, una almohadilla en \u00e1ngulo para los brazos y un sistema de resistencia cargado con placas, esta m\u00e1quina garantiza una forma adecuada y el aislamiento muscular, minimizando el impulso para un entrenamiento m\u00e1s eficaz. La construcci\u00f3n robusta y las posiciones de agarre ajustables la hacen adecuada para todos los niveles de forma f\u00edsica, proporcionando una forma fiable y eficaz de desarrollar la fuerza y definici\u00f3n de los brazos.    <\/p>\n\n\n\n<h3 class=\"wp-block-heading\" style=\"margin-bottom:var(--wp--preset--spacing--h-3-bottom)\"><strong><strong><strong><strong><strong>Alcanza la m\u00e1xima activaci\u00f3n de los b\u00edceps  <\/strong><\/strong><\/strong><\/strong><\/strong><\/h3>\n\n\n\n<p><strong><em>Movimiento de rizado suave y controlado para un crecimiento m\u00e1ximo<\/em><\/strong><\/p>\n\n\n\n<p>El Curl de brazo sentado con placa de la serie Evolve Prime soporta una sobrecarga progresiva, lo que permite a los usuarios aumentar gradualmente la resistencia para un desarrollo muscular continuo. El soporte acolchado del brazo estabiliza la parte superior del cuerpo, garantizando una forma estricta y la contracci\u00f3n completa del b\u00edceps en cada repetici\u00f3n. Fabricada para ofrecer durabilidad y comodidad, esta m\u00e1quina es un complemento esencial para cualquier gimnasio, ya que ayuda a los atletas y entusiastas del fitness a conseguir unos brazos m\u00e1s fuertes y bien definidos con un entrenamiento de resistencia preciso y eficaz. <\/p>\n<\/div>\n\n\n\n<div class=\"wp-block-column is-vertically-aligned-center is-layout-flow wp-block-column-is-layout-flow\">\n<figure class=\"wp-block-image size-large is-resized is-style-rounded\"><img loading=\"lazy\" decoding=\"async\" width=\"1024\" height=\"1024\" src=\"https:\/\/evolve-fitness.eu\/wp-content\/uploads\/2025\/03\/EV-PL-PR-029-Evolve-Prime-Series-Plate-Loaded-Seated-Arm-Curl-Recovered-1024x1024.png\" alt=\"\" class=\"wp-image-187563\" style=\"width:643px;height:706px\" srcset=\"https:\/\/evolve-fitness.eu\/wp-content\/uploads\/2025\/03\/EV-PL-PR-029-Evolve-Prime-Series-Plate-Loaded-Seated-Arm-Curl-Recovered-1024x1024.png 1024w, https:\/\/evolve-fitness.eu\/wp-content\/uploads\/2025\/03\/EV-PL-PR-029-Evolve-Prime-Series-Plate-Loaded-Seated-Arm-Curl-Recovered-300x300.png 300w, https:\/\/evolve-fitness.eu\/wp-content\/uploads\/2025\/03\/EV-PL-PR-029-Evolve-Prime-Series-Plate-Loaded-Seated-Arm-Curl-Recovered-150x150.png 150w, https:\/\/evolve-fitness.eu\/wp-content\/uploads\/2025\/03\/EV-PL-PR-029-Evolve-Prime-Series-Plate-Loaded-Seated-Arm-Curl-Recovered-768x768.png 768w, https:\/\/evolve-fitness.eu\/wp-content\/uploads\/2025\/03\/EV-PL-PR-029-Evolve-Prime-Series-Plate-Loaded-Seated-Arm-Curl-Recovered-1536x1536.png 1536w, https:\/\/evolve-fitness.eu\/wp-content\/uploads\/2025\/03\/EV-PL-PR-029-Evolve-Prime-Series-Plate-Loaded-Seated-Arm-Curl-Recovered-2048x2048.png 2048w, https:\/\/evolve-fitness.eu\/wp-content\/uploads\/2025\/03\/EV-PL-PR-029-Evolve-Prime-Series-Plate-Loaded-Seated-Arm-Curl-Recovered-600x600.png 600w\" sizes=\"auto, (max-width: 1024px) 100vw, 1024px\" \/><\/figure>\n<\/div>\n<\/div>\n<\/section>\n<\/section>\n","protected":false},"excerpt":{"rendered":"<p>El Curl de brazos sentado con placa de la serie Evolve Prime est\u00e1 dise\u00f1ado para aislar y fortalecer los b\u00edceps con un movimiento de curl suave y controlado. Con un asiento ergon\u00f3mico, almohadillas ajustables para las piernas y resistencia cargada con placas, esta m\u00e1quina garantiza una forma adecuada y el m\u00e1ximo compromiso muscular. Ideal para trabajar los brazos, permite una intensidad personalizable para adaptarse a todos los niveles de forma f\u00edsica, lo que la convierte en un complemento perfecto para cualquier rutina de entrenamiento de fuerza.  <\/p>\n","protected":false},"featured_media":187586,"template":"","meta":{"_acf_changed":false,"inline_featured_image":false},"product_brand":[],"product_cat":[2949,5439],"product_tag":[],"class_list":{"0":"post-236455","1":"product","2":"type-product","3":"status-publish","4":"has-post-thumbnail","6":"product_cat-maquinas-de-carga-de-placas","7":"product_cat-prime-series-placa-cargada","9":"first","10":"instock","11":"shipping-taxable","12":"purchasable","13":"product-type-simple"},"acf":{"long_title":"Curl de brazos sentado con placa de la serie Evolve Prime","subtitle":"","specifications":[{"label":"SKU","text_value":"EV-PL-PR-029","icon":"x"},{"label":"Dimensiones","text_value":"1370 x 1500 x 1520 mm","icon":"x"},{"label":"Peso","text_value":"106 kg","icon":"x"},{"label":"Peso m\u00e1ximo del usuario","text_value":"180 kg","icon":"x"},{"label":"Almacenamiento del plato de pesas","text_value":"","icon":"v"},{"label":"Tapicer\u00eda gruesa","text_value":"","icon":"v"},{"label":"Protectores de suelo duraderos","text_value":"","icon":"v"},{"label":"Marco met\u00e1lico sin bordes afilados","text_value":"","icon":"v"},{"label":"Pintura anticorrosi\u00f3n","text_value":"","icon":"v"},{"label":"Garant\u00eda","text_value":"2 a\u00f1os","icon":"x"}],"product_frequently_asked_questions":null},"yoast_head":"<!-- This site is optimized with the Yoast SEO plugin v27.4 - https:\/\/yoast.com\/product\/yoast-seo-wordpress\/ -->\n<title>Curl de brazos sentado con placa de la serie Evolve Prime - Evolve<\/title>\n<meta name=\"description\" content=\"El Curl de brazo sentado con placa de la serie Evolve Prime est\u00e1 dise\u00f1ado para aislar y fortalecer los b\u00edceps con un movimiento de curl suave y controlado.\" \/>\n<meta name=\"robots\" content=\"index, follow, max-snippet:-1, max-image-preview:large, max-video-preview:-1\" \/>\n<link rel=\"canonical\" href=\"https:\/\/evolve-fitness.eu\/es\/producto\/curl-de-brazos-sentado-con-placa-de-la-serie-evolve-prime\/\" \/>\n<meta property=\"og:locale\" content=\"es_ES\" \/>\n<meta property=\"og:type\" content=\"article\" \/>\n<meta property=\"og:title\" content=\"Curl de brazos sentado con placa de la serie Evolve Prime - Evolve\" \/>\n<meta property=\"og:description\" content=\"El Curl de brazo sentado con placa de la serie Evolve Prime est\u00e1 dise\u00f1ado para aislar y fortalecer los b\u00edceps con un movimiento de curl suave y controlado.\" \/>\n<meta property=\"og:url\" content=\"https:\/\/evolve-fitness.eu\/es\/producto\/curl-de-brazos-sentado-con-placa-de-la-serie-evolve-prime\/\" \/>\n<meta property=\"og:site_name\" content=\"Evolve\" \/>\n<meta property=\"article:publisher\" content=\"https:\/\/www.facebook.com\/EvolveFitnessEurope\" \/>\n<meta property=\"article:modified_time\" content=\"2026-04-23T06:17:28+00:00\" \/>\n<meta property=\"og:image\" content=\"https:\/\/evolve-fitness.eu\/wp-content\/uploads\/2025\/03\/EV-PL-PR-029-Evolve-Prime-Series-Plate-Loaded-Seated-Arm-Curl-Recovered.png\" \/>\n\t<meta property=\"og:image:width\" content=\"3000\" \/>\n\t<meta property=\"og:image:height\" content=\"3000\" \/>\n\t<meta property=\"og:image:type\" content=\"image\/png\" \/>\n<meta name=\"twitter:card\" content=\"summary_large_image\" \/>\n<script type=\"application\/ld+json\" class=\"yoast-schema-graph\">{\"@context\":\"https:\\\/\\\/schema.org\",\"@graph\":[{\"@type\":\"WebPage\",\"@id\":\"https:\\\/\\\/evolve-fitness.eu\\\/es\\\/producto\\\/curl-de-brazos-sentado-con-placa-de-la-serie-evolve-prime\\\/\",\"url\":\"https:\\\/\\\/evolve-fitness.eu\\\/es\\\/producto\\\/curl-de-brazos-sentado-con-placa-de-la-serie-evolve-prime\\\/\",\"name\":\"Curl de brazos sentado con placa de la serie Evolve Prime - Evolve\",\"isPartOf\":{\"@id\":\"https:\\\/\\\/evolve-fitness.eu\\\/es\\\/#website\"},\"primaryImageOfPage\":{\"@id\":\"https:\\\/\\\/evolve-fitness.eu\\\/es\\\/producto\\\/curl-de-brazos-sentado-con-placa-de-la-serie-evolve-prime\\\/#primaryimage\"},\"image\":{\"@id\":\"https:\\\/\\\/evolve-fitness.eu\\\/es\\\/producto\\\/curl-de-brazos-sentado-con-placa-de-la-serie-evolve-prime\\\/#primaryimage\"},\"thumbnailUrl\":\"https:\\\/\\\/evolve-fitness.eu\\\/wp-content\\\/uploads\\\/2025\\\/03\\\/EV-PL-PR-029-Evolve-Prime-Series-Plate-Loaded-Seated-Arm-Curl-Recovered.png\",\"datePublished\":\"2025-03-19T12:21:48+00:00\",\"dateModified\":\"2026-04-23T06:17:28+00:00\",\"description\":\"El Curl de brazo sentado con placa de la serie Evolve Prime est\u00e1 dise\u00f1ado para aislar y fortalecer los b\u00edceps con un movimiento de curl suave y controlado.\",\"breadcrumb\":{\"@id\":\"https:\\\/\\\/evolve-fitness.eu\\\/es\\\/producto\\\/curl-de-brazos-sentado-con-placa-de-la-serie-evolve-prime\\\/#breadcrumb\"},\"inLanguage\":\"es\",\"potentialAction\":[{\"@type\":\"ReadAction\",\"target\":[\"https:\\\/\\\/evolve-fitness.eu\\\/es\\\/producto\\\/curl-de-brazos-sentado-con-placa-de-la-serie-evolve-prime\\\/\"]}]},{\"@type\":\"ImageObject\",\"inLanguage\":\"es\",\"@id\":\"https:\\\/\\\/evolve-fitness.eu\\\/es\\\/producto\\\/curl-de-brazos-sentado-con-placa-de-la-serie-evolve-prime\\\/#primaryimage\",\"url\":\"https:\\\/\\\/evolve-fitness.eu\\\/wp-content\\\/uploads\\\/2025\\\/03\\\/EV-PL-PR-029-Evolve-Prime-Series-Plate-Loaded-Seated-Arm-Curl-Recovered.png\",\"contentUrl\":\"https:\\\/\\\/evolve-fitness.eu\\\/wp-content\\\/uploads\\\/2025\\\/03\\\/EV-PL-PR-029-Evolve-Prime-Series-Plate-Loaded-Seated-Arm-Curl-Recovered.png\",\"width\":3000,\"height\":3000},{\"@type\":\"BreadcrumbList\",\"@id\":\"https:\\\/\\\/evolve-fitness.eu\\\/es\\\/producto\\\/curl-de-brazos-sentado-con-placa-de-la-serie-evolve-prime\\\/#breadcrumb\",\"itemListElement\":[{\"@type\":\"ListItem\",\"position\":1,\"name\":\"Home\",\"item\":\"https:\\\/\\\/evolve-fitness.eu\\\/es\\\/\"},{\"@type\":\"ListItem\",\"position\":2,\"name\":\"Productos\",\"item\":\"https:\\\/\\\/evolve-fitness.eu\\\/es\\\/shop\\\/\"},{\"@type\":\"ListItem\",\"position\":3,\"name\":\"Curl de brazos sentado con placa de la serie Evolve Prime\"}]},{\"@type\":\"WebSite\",\"@id\":\"https:\\\/\\\/evolve-fitness.eu\\\/es\\\/#website\",\"url\":\"https:\\\/\\\/evolve-fitness.eu\\\/es\\\/\",\"name\":\"Evolve\",\"description\":\"Your Evolved Gear Arrived\",\"publisher\":{\"@id\":\"https:\\\/\\\/evolve-fitness.eu\\\/es\\\/#organization\"},\"potentialAction\":[{\"@type\":\"SearchAction\",\"target\":{\"@type\":\"EntryPoint\",\"urlTemplate\":\"https:\\\/\\\/evolve-fitness.eu\\\/es\\\/?s={search_term_string}\"},\"query-input\":{\"@type\":\"PropertyValueSpecification\",\"valueRequired\":true,\"valueName\":\"search_term_string\"}}],\"inLanguage\":\"es\"},{\"@type\":\"Organization\",\"@id\":\"https:\\\/\\\/evolve-fitness.eu\\\/es\\\/#organization\",\"name\":\"Evolve\",\"url\":\"https:\\\/\\\/evolve-fitness.eu\\\/es\\\/\",\"logo\":{\"@type\":\"ImageObject\",\"inLanguage\":\"es\",\"@id\":\"https:\\\/\\\/evolve-fitness.eu\\\/es\\\/#\\\/schema\\\/logo\\\/image\\\/\",\"url\":\"https:\\\/\\\/evolve-fitness.eu\\\/wp-content\\\/uploads\\\/2023\\\/05\\\/Evolve-logo.svg\",\"contentUrl\":\"https:\\\/\\\/evolve-fitness.eu\\\/wp-content\\\/uploads\\\/2023\\\/05\\\/Evolve-logo.svg\",\"width\":176,\"height\":20,\"caption\":\"Evolve\"},\"image\":{\"@id\":\"https:\\\/\\\/evolve-fitness.eu\\\/es\\\/#\\\/schema\\\/logo\\\/image\\\/\"},\"sameAs\":[\"https:\\\/\\\/www.facebook.com\\\/EvolveFitnessEurope\"]}]}<\/script>\n<!-- \/ Yoast SEO plugin. -->","yoast_head_json":{"title":"Curl de brazos sentado con placa de la serie Evolve Prime - Evolve","description":"El Curl de brazo sentado con placa de la serie Evolve Prime est\u00e1 dise\u00f1ado para aislar y fortalecer los b\u00edceps con un movimiento de curl suave y controlado.","robots":{"index":"index","follow":"follow","max-snippet":"max-snippet:-1","max-image-preview":"max-image-preview:large","max-video-preview":"max-video-preview:-1"},"canonical":"https:\/\/evolve-fitness.eu\/es\/producto\/curl-de-brazos-sentado-con-placa-de-la-serie-evolve-prime\/","og_locale":"es_ES","og_type":"article","og_title":"Curl de brazos sentado con placa de la serie Evolve Prime - Evolve","og_description":"El Curl de brazo sentado con placa de la serie Evolve Prime est\u00e1 dise\u00f1ado para aislar y fortalecer los b\u00edceps con un movimiento de curl suave y controlado.","og_url":"https:\/\/evolve-fitness.eu\/es\/producto\/curl-de-brazos-sentado-con-placa-de-la-serie-evolve-prime\/","og_site_name":"Evolve","article_publisher":"https:\/\/www.facebook.com\/EvolveFitnessEurope","article_modified_time":"2026-04-23T06:17:28+00:00","og_image":[{"width":3000,"height":3000,"url":"https:\/\/evolve-fitness.eu\/wp-content\/uploads\/2025\/03\/EV-PL-PR-029-Evolve-Prime-Series-Plate-Loaded-Seated-Arm-Curl-Recovered.png","type":"image\/png"}],"twitter_card":"summary_large_image","schema":{"@context":"https:\/\/schema.org","@graph":[{"@type":"WebPage","@id":"https:\/\/evolve-fitness.eu\/es\/producto\/curl-de-brazos-sentado-con-placa-de-la-serie-evolve-prime\/","url":"https:\/\/evolve-fitness.eu\/es\/producto\/curl-de-brazos-sentado-con-placa-de-la-serie-evolve-prime\/","name":"Curl de brazos sentado con placa de la serie Evolve Prime - Evolve","isPartOf":{"@id":"https:\/\/evolve-fitness.eu\/es\/#website"},"primaryImageOfPage":{"@id":"https:\/\/evolve-fitness.eu\/es\/producto\/curl-de-brazos-sentado-con-placa-de-la-serie-evolve-prime\/#primaryimage"},"image":{"@id":"https:\/\/evolve-fitness.eu\/es\/producto\/curl-de-brazos-sentado-con-placa-de-la-serie-evolve-prime\/#primaryimage"},"thumbnailUrl":"https:\/\/evolve-fitness.eu\/wp-content\/uploads\/2025\/03\/EV-PL-PR-029-Evolve-Prime-Series-Plate-Loaded-Seated-Arm-Curl-Recovered.png","datePublished":"2025-03-19T12:21:48+00:00","dateModified":"2026-04-23T06:17:28+00:00","description":"El Curl de brazo sentado con placa de la serie Evolve Prime est\u00e1 dise\u00f1ado para aislar y fortalecer los b\u00edceps con un movimiento de curl suave y controlado.","breadcrumb":{"@id":"https:\/\/evolve-fitness.eu\/es\/producto\/curl-de-brazos-sentado-con-placa-de-la-serie-evolve-prime\/#breadcrumb"},"inLanguage":"es","potentialAction":[{"@type":"ReadAction","target":["https:\/\/evolve-fitness.eu\/es\/producto\/curl-de-brazos-sentado-con-placa-de-la-serie-evolve-prime\/"]}]},{"@type":"ImageObject","inLanguage":"es","@id":"https:\/\/evolve-fitness.eu\/es\/producto\/curl-de-brazos-sentado-con-placa-de-la-serie-evolve-prime\/#primaryimage","url":"https:\/\/evolve-fitness.eu\/wp-content\/uploads\/2025\/03\/EV-PL-PR-029-Evolve-Prime-Series-Plate-Loaded-Seated-Arm-Curl-Recovered.png","contentUrl":"https:\/\/evolve-fitness.eu\/wp-content\/uploads\/2025\/03\/EV-PL-PR-029-Evolve-Prime-Series-Plate-Loaded-Seated-Arm-Curl-Recovered.png","width":3000,"height":3000},{"@type":"BreadcrumbList","@id":"https:\/\/evolve-fitness.eu\/es\/producto\/curl-de-brazos-sentado-con-placa-de-la-serie-evolve-prime\/#breadcrumb","itemListElement":[{"@type":"ListItem","position":1,"name":"Home","item":"https:\/\/evolve-fitness.eu\/es\/"},{"@type":"ListItem","position":2,"name":"Productos","item":"https:\/\/evolve-fitness.eu\/es\/shop\/"},{"@type":"ListItem","position":3,"name":"Curl de brazos sentado con placa de la serie Evolve Prime"}]},{"@type":"WebSite","@id":"https:\/\/evolve-fitness.eu\/es\/#website","url":"https:\/\/evolve-fitness.eu\/es\/","name":"Evolve","description":"Your Evolved Gear Arrived","publisher":{"@id":"https:\/\/evolve-fitness.eu\/es\/#organization"},"potentialAction":[{"@type":"SearchAction","target":{"@type":"EntryPoint","urlTemplate":"https:\/\/evolve-fitness.eu\/es\/?s={search_term_string}"},"query-input":{"@type":"PropertyValueSpecification","valueRequired":true,"valueName":"search_term_string"}}],"inLanguage":"es"},{"@type":"Organization","@id":"https:\/\/evolve-fitness.eu\/es\/#organization","name":"Evolve","url":"https:\/\/evolve-fitness.eu\/es\/","logo":{"@type":"ImageObject","inLanguage":"es","@id":"https:\/\/evolve-fitness.eu\/es\/#\/schema\/logo\/image\/","url":"https:\/\/evolve-fitness.eu\/wp-content\/uploads\/2023\/05\/Evolve-logo.svg","contentUrl":"https:\/\/evolve-fitness.eu\/wp-content\/uploads\/2023\/05\/Evolve-logo.svg","width":176,"height":20,"caption":"Evolve"},"image":{"@id":"https:\/\/evolve-fitness.eu\/es\/#\/schema\/logo\/image\/"},"sameAs":["https:\/\/www.facebook.com\/EvolveFitnessEurope"]}]}},"_links":{"self":[{"href":"https:\/\/evolve-fitness.eu\/es\/wp-json\/wp\/v2\/product\/236455","targetHints":{"allow":["GET"]}}],"collection":[{"href":"https:\/\/evolve-fitness.eu\/es\/wp-json\/wp\/v2\/product"}],"about":[{"href":"https:\/\/evolve-fitness.eu\/es\/wp-json\/wp\/v2\/types\/product"}],"wp:featuredmedia":[{"embeddable":true,"href":"https:\/\/evolve-fitness.eu\/es\/wp-json\/wp\/v2\/media\/187586"}],"wp:attachment":[{"href":"https:\/\/evolve-fitness.eu\/es\/wp-json\/wp\/v2\/media?parent=236455"}],"wp:term":[{"taxonomy":"product_brand","embeddable":true,"href":"https:\/\/evolve-fitness.eu\/es\/wp-json\/wp\/v2\/product_brand?post=236455"},{"taxonomy":"product_cat","embeddable":true,"href":"https:\/\/evolve-fitness.eu\/es\/wp-json\/wp\/v2\/product_cat?post=236455"},{"taxonomy":"product_tag","embeddable":true,"href":"https:\/\/evolve-fitness.eu\/es\/wp-json\/wp\/v2\/product_tag?post=236455"}],"curies":[{"name":"wp","href":"https:\/\/api.w.org\/{rel}","templated":true}]}}