{"id":236495,"date":"2025-03-21T09:51:38","date_gmt":"2025-03-21T07:51:38","guid":{"rendered":"https:\/\/evolve-fitness.eu\/product\/maquina-smith-con-carga-de-placas-evolve-prime-series-2\/"},"modified":"2026-04-23T09:19:38","modified_gmt":"2026-04-23T06:19:38","slug":"maquina-smith-con-carga-de-placas-evolve-prime-series-2","status":"publish","type":"product","link":"https:\/\/evolve-fitness.eu\/es\/producto\/maquina-smith-con-carga-de-placas-evolve-prime-series-2\/","title":{"rendered":"M\u00e1quina Smith con carga de placas Evolve Prime Series"},"content":{"rendered":"\n<p><\/p>\n\n<p><\/p>\n\n<p><\/p>\n\n<p><\/p>\n\n<section class=\"wp-block-group alignfull has-lightgray-background-color has-background is-layout-constrained wp-block-group-is-layout-constrained\">\n<div class=\"wp-block-columns alignwide is-layout-flex wp-container-core-columns-is-layout-2edb0647 wp-block-columns-is-layout-flex\" style=\"margin-top:0;margin-bottom:0\">\n<div class=\"wp-block-column is-layout-flow wp-block-column-is-layout-flow\" style=\"flex-basis:33.33%\"><\/div>\n\n\n\n<div class=\"wp-block-column is-layout-flow wp-block-column-is-layout-flow\" style=\"flex-basis:66.66%\"><\/div>\n<\/div>\n<\/section>\n\n<section class=\"wp-block-group alignfull black-content has-white-color has-darkgray-background-color has-text-color has-background is-layout-constrained wp-block-group-is-layout-constrained\" style=\"padding-top:var(--wp--preset--spacing--section-bottom);padding-bottom:var(--wp--preset--spacing--section-bottom)\">\n<h3 class=\"wp-block-heading has-text-align-center\"><strong><strong>EVOLVE SERIE PRIME CARGADA CON PLACAS<\/strong><\/strong><\/h3>\n\n\n\n<p>Con la serie Evolve Plate Loaded Prime, la excelencia es el est\u00e1ndar. Eleve su entrenamiento de fuerza con m\u00e1quinas dise\u00f1adas para ofrecer comodidad, durabilidad y rendimiento. Explore hoy mismo toda la l\u00ednea y redefina su camino hacia la forma f\u00edsica.  <\/p>\n\n\n\n<section class=\"wp-block-group alignfull black-content has-white-color has-darkgray-background-color has-text-color has-background is-layout-constrained wp-block-group-is-layout-constrained\" style=\"padding-top:var(--wp--preset--spacing--section-bottom);padding-bottom:var(--wp--preset--spacing--section-bottom)\">\n<div class=\"wp-block-columns alignwide mobile-reverse is-layout-flex wp-container-core-columns-is-layout-ca64bf2d wp-block-columns-is-layout-flex\" style=\"margin-bottom:var(--wp--preset--spacing--side-padding)\">\n<div class=\"wp-block-column is-vertically-aligned-center is-layout-flow wp-block-column-is-layout-flow\">\n<h3 class=\"wp-block-heading\" style=\"margin-bottom:var(--wp--preset--spacing--h-3-bottom)\"><strong><strong><strong>Entrenamiento de Fuerza Controlado y Eficaz<\/strong><\/strong><\/strong><\/h3>\n\n\n\n<p><strong><em><strong>Fuerza y estabilidad<\/strong><\/em><\/strong><\/p>\n\n\n\n<p style=\"margin-bottom:var(--wp--preset--spacing--tb-section-padding)\">La m\u00e1quina Smith cargada con placas de la serie Evolve Prime est\u00e1 dise\u00f1ada para proporcionar un entorno controlado y estable para el entrenamiento de fuerza, permitiendo a los usuarios realizar una gran variedad de ejercicios con mayor seguridad y eficacia. Con una trayectoria suave y guiada de la barra, una construcci\u00f3n duradera y un sistema de resistencia cargado con placas, esta m\u00e1quina garantiza una biomec\u00e1nica adecuada a la vez que minimiza el riesgo de lesiones. Ideal para sentadillas, prensas, estocadas y mucho m\u00e1s, favorece la sobrecarga progresiva y el desarrollo muscular en todos los niveles de forma f\u00edsica.    <\/p>\n\n\n\n<h3 class=\"wp-block-heading\" style=\"margin-bottom:var(--wp--preset--spacing--h-3-bottom)\"><strong><strong><strong><strong><strong>Dise\u00f1o vers\u00e1til y que ocupa poco espacio<\/strong><\/strong><\/strong><\/strong><\/strong><\/h3>\n\n\n\n<p><strong><em>Soluci\u00f3n de entrenamiento de fuerza<\/em><\/strong><\/p>\n\n\n\n<p>La m\u00e1quina Smith cargada con placas de la serie Evolve Prime ofrece una experiencia de levantamiento perfecta gracias a sus ra\u00edles gu\u00eda dise\u00f1ados con precisi\u00f3n, que garantizan un movimiento suave y uniforme. Los m\u00faltiples topes de seguridad permiten levantar con confianza sin necesidad de un observador, lo que la convierte en una herramienta excelente para el entrenamiento en solitario. Su bastidor de alta resistencia mejora la estabilidad, mientras que el sistema de carga de placas proporciona una resistencia personalizable para entrenamientos a medida. Tanto si te centras en el desarrollo muscular, la resistencia o la rehabilitaci\u00f3n, esta m\u00e1quina Smith te ofrece una soluci\u00f3n fiable y eficaz para el entrenamiento de fuerza.   <\/p>\n<\/div>\n\n\n\n<div class=\"wp-block-column is-vertically-aligned-center is-layout-flow wp-block-column-is-layout-flow\">\n<figure class=\"wp-block-image size-large\"><img loading=\"lazy\" decoding=\"async\" width=\"1024\" height=\"1024\" src=\"https:\/\/evolve-fitness.eu\/wp-content\/uploads\/2025\/03\/EV-PL-PR-120-Evolve-Prime-Series-Plate-Loaded-Smith-Machine-Recovered-1024x1024.png\" alt=\"\" class=\"wp-image-187790\" srcset=\"https:\/\/evolve-fitness.eu\/wp-content\/uploads\/2025\/03\/EV-PL-PR-120-Evolve-Prime-Series-Plate-Loaded-Smith-Machine-Recovered-1024x1024.png 1024w, https:\/\/evolve-fitness.eu\/wp-content\/uploads\/2025\/03\/EV-PL-PR-120-Evolve-Prime-Series-Plate-Loaded-Smith-Machine-Recovered-300x300.png 300w, https:\/\/evolve-fitness.eu\/wp-content\/uploads\/2025\/03\/EV-PL-PR-120-Evolve-Prime-Series-Plate-Loaded-Smith-Machine-Recovered-150x150.png 150w, https:\/\/evolve-fitness.eu\/wp-content\/uploads\/2025\/03\/EV-PL-PR-120-Evolve-Prime-Series-Plate-Loaded-Smith-Machine-Recovered-768x768.png 768w, https:\/\/evolve-fitness.eu\/wp-content\/uploads\/2025\/03\/EV-PL-PR-120-Evolve-Prime-Series-Plate-Loaded-Smith-Machine-Recovered-1536x1536.png 1536w, https:\/\/evolve-fitness.eu\/wp-content\/uploads\/2025\/03\/EV-PL-PR-120-Evolve-Prime-Series-Plate-Loaded-Smith-Machine-Recovered-2048x2048.png 2048w, https:\/\/evolve-fitness.eu\/wp-content\/uploads\/2025\/03\/EV-PL-PR-120-Evolve-Prime-Series-Plate-Loaded-Smith-Machine-Recovered-600x600.png 600w\" sizes=\"auto, (max-width: 1024px) 100vw, 1024px\" \/><\/figure>\n<\/div>\n<\/div>\n<\/section>\n<\/section>\n","protected":false},"excerpt":{"rendered":"<p>La m\u00e1quina Smith cargada con placas de la serie Evolve Prime ofrece un entorno seguro y controlado para el entrenamiento de fuerza. Con un recorrido suave y guiado de la barra, una construcci\u00f3n duradera y una resistencia cargada con placas, permite realizar sentadillas, prensas, estocadas y mucho m\u00e1s. La m\u00e1quina proporciona una resistencia personalizable, garantizando un desarrollo muscular eficaz para todos los niveles de forma f\u00edsica. Sus topes de seguridad permiten el entrenamiento en solitario, por lo que es ideal para el desarrollo muscular, la resistencia o la rehabilitaci\u00f3n.   <\/p>\n","protected":false},"featured_media":187813,"template":"","meta":{"_acf_changed":false,"inline_featured_image":false},"product_brand":[],"product_cat":[2949,5439],"product_tag":[],"class_list":{"0":"post-236495","1":"product","2":"type-product","3":"status-publish","4":"has-post-thumbnail","6":"product_cat-maquinas-de-carga-de-placas","7":"product_cat-prime-series-placa-cargada","9":"first","10":"instock","11":"shipping-taxable","12":"purchasable","13":"product-type-simple"},"acf":{"long_title":"M\u00e1quina Smith con carga de placas Evolve Prime Series","subtitle":"","specifications":[{"label":"SKU","text_value":"EV-PL-PR-120","icon":"x"},{"label":"Dimensiones","text_value":"1340 x 2245 x 2285 mm","icon":"x"},{"label":"Peso","text_value":"270 kg","icon":"x"},{"label":"Protectores de suelo duraderos","text_value":"","icon":"v"},{"label":"Marco met\u00e1lico sin bordes afilados","text_value":"","icon":"v"},{"label":"Pintura anticorrosi\u00f3n","text_value":"","icon":"v"},{"label":"Garant\u00eda","text_value":"2 a\u00f1os","icon":"x"}],"product_frequently_asked_questions":null},"yoast_head":"<!-- This site is optimized with the Yoast SEO plugin v27.4 - https:\/\/yoast.com\/product\/yoast-seo-wordpress\/ -->\n<title>M\u00e1quina Smith con carga de placas Evolve Prime Series - Evolve<\/title>\n<meta name=\"description\" content=\"La m\u00e1quina Smith Evolve, con un recorrido suave y guiado de la barra, una construcci\u00f3n duradera y una resistencia cargada con placas, admite sentadillas, prensas, estocadas y mucho m\u00e1s.\" \/>\n<meta name=\"robots\" content=\"index, follow, max-snippet:-1, max-image-preview:large, max-video-preview:-1\" \/>\n<link rel=\"canonical\" href=\"https:\/\/evolve-fitness.eu\/es\/producto\/maquina-smith-con-carga-de-placas-evolve-prime-series-2\/\" \/>\n<meta property=\"og:locale\" content=\"es_ES\" \/>\n<meta property=\"og:type\" content=\"article\" \/>\n<meta property=\"og:title\" content=\"M\u00e1quina Smith con carga de placas Evolve Prime Series - Evolve\" \/>\n<meta property=\"og:description\" content=\"La m\u00e1quina Smith Evolve, con un recorrido suave y guiado de la barra, una construcci\u00f3n duradera y una resistencia cargada con placas, admite sentadillas, prensas, estocadas y mucho m\u00e1s.\" \/>\n<meta property=\"og:url\" content=\"https:\/\/evolve-fitness.eu\/es\/producto\/maquina-smith-con-carga-de-placas-evolve-prime-series-2\/\" \/>\n<meta property=\"og:site_name\" content=\"Evolve\" \/>\n<meta property=\"article:publisher\" content=\"https:\/\/www.facebook.com\/EvolveFitnessEurope\" \/>\n<meta property=\"article:modified_time\" content=\"2026-04-23T06:19:38+00:00\" \/>\n<meta property=\"og:image\" content=\"https:\/\/evolve-fitness.eu\/wp-content\/uploads\/2025\/03\/EV-PL-PR-120-Evolve-Prime-Series-Plate-Loaded-Smith-Machine-Recovered.png\" \/>\n\t<meta property=\"og:image:width\" content=\"3000\" \/>\n\t<meta property=\"og:image:height\" content=\"3000\" \/>\n\t<meta property=\"og:image:type\" content=\"image\/png\" \/>\n<meta name=\"twitter:card\" content=\"summary_large_image\" \/>\n<script type=\"application\/ld+json\" class=\"yoast-schema-graph\">{\"@context\":\"https:\\\/\\\/schema.org\",\"@graph\":[{\"@type\":\"WebPage\",\"@id\":\"https:\\\/\\\/evolve-fitness.eu\\\/es\\\/producto\\\/maquina-smith-con-carga-de-placas-evolve-prime-series-2\\\/\",\"url\":\"https:\\\/\\\/evolve-fitness.eu\\\/es\\\/producto\\\/maquina-smith-con-carga-de-placas-evolve-prime-series-2\\\/\",\"name\":\"M\u00e1quina Smith con carga de placas Evolve Prime Series - Evolve\",\"isPartOf\":{\"@id\":\"https:\\\/\\\/evolve-fitness.eu\\\/es\\\/#website\"},\"primaryImageOfPage\":{\"@id\":\"https:\\\/\\\/evolve-fitness.eu\\\/es\\\/producto\\\/maquina-smith-con-carga-de-placas-evolve-prime-series-2\\\/#primaryimage\"},\"image\":{\"@id\":\"https:\\\/\\\/evolve-fitness.eu\\\/es\\\/producto\\\/maquina-smith-con-carga-de-placas-evolve-prime-series-2\\\/#primaryimage\"},\"thumbnailUrl\":\"https:\\\/\\\/evolve-fitness.eu\\\/wp-content\\\/uploads\\\/2025\\\/03\\\/EV-PL-PR-120-Evolve-Prime-Series-Plate-Loaded-Smith-Machine-Recovered.png\",\"datePublished\":\"2025-03-21T07:51:38+00:00\",\"dateModified\":\"2026-04-23T06:19:38+00:00\",\"description\":\"La m\u00e1quina Smith Evolve, con un recorrido suave y guiado de la barra, una construcci\u00f3n duradera y una resistencia cargada con placas, admite sentadillas, prensas, estocadas y mucho m\u00e1s.\",\"breadcrumb\":{\"@id\":\"https:\\\/\\\/evolve-fitness.eu\\\/es\\\/producto\\\/maquina-smith-con-carga-de-placas-evolve-prime-series-2\\\/#breadcrumb\"},\"inLanguage\":\"es\",\"potentialAction\":[{\"@type\":\"ReadAction\",\"target\":[\"https:\\\/\\\/evolve-fitness.eu\\\/es\\\/producto\\\/maquina-smith-con-carga-de-placas-evolve-prime-series-2\\\/\"]}]},{\"@type\":\"ImageObject\",\"inLanguage\":\"es\",\"@id\":\"https:\\\/\\\/evolve-fitness.eu\\\/es\\\/producto\\\/maquina-smith-con-carga-de-placas-evolve-prime-series-2\\\/#primaryimage\",\"url\":\"https:\\\/\\\/evolve-fitness.eu\\\/wp-content\\\/uploads\\\/2025\\\/03\\\/EV-PL-PR-120-Evolve-Prime-Series-Plate-Loaded-Smith-Machine-Recovered.png\",\"contentUrl\":\"https:\\\/\\\/evolve-fitness.eu\\\/wp-content\\\/uploads\\\/2025\\\/03\\\/EV-PL-PR-120-Evolve-Prime-Series-Plate-Loaded-Smith-Machine-Recovered.png\",\"width\":3000,\"height\":3000},{\"@type\":\"BreadcrumbList\",\"@id\":\"https:\\\/\\\/evolve-fitness.eu\\\/es\\\/producto\\\/maquina-smith-con-carga-de-placas-evolve-prime-series-2\\\/#breadcrumb\",\"itemListElement\":[{\"@type\":\"ListItem\",\"position\":1,\"name\":\"Home\",\"item\":\"https:\\\/\\\/evolve-fitness.eu\\\/es\\\/\"},{\"@type\":\"ListItem\",\"position\":2,\"name\":\"Productos\",\"item\":\"https:\\\/\\\/evolve-fitness.eu\\\/es\\\/shop\\\/\"},{\"@type\":\"ListItem\",\"position\":3,\"name\":\"M\u00e1quina Smith con carga de placas Evolve Prime Series\"}]},{\"@type\":\"WebSite\",\"@id\":\"https:\\\/\\\/evolve-fitness.eu\\\/es\\\/#website\",\"url\":\"https:\\\/\\\/evolve-fitness.eu\\\/es\\\/\",\"name\":\"Evolve\",\"description\":\"Your Evolved Gear Arrived\",\"publisher\":{\"@id\":\"https:\\\/\\\/evolve-fitness.eu\\\/es\\\/#organization\"},\"potentialAction\":[{\"@type\":\"SearchAction\",\"target\":{\"@type\":\"EntryPoint\",\"urlTemplate\":\"https:\\\/\\\/evolve-fitness.eu\\\/es\\\/?s={search_term_string}\"},\"query-input\":{\"@type\":\"PropertyValueSpecification\",\"valueRequired\":true,\"valueName\":\"search_term_string\"}}],\"inLanguage\":\"es\"},{\"@type\":\"Organization\",\"@id\":\"https:\\\/\\\/evolve-fitness.eu\\\/es\\\/#organization\",\"name\":\"Evolve\",\"url\":\"https:\\\/\\\/evolve-fitness.eu\\\/es\\\/\",\"logo\":{\"@type\":\"ImageObject\",\"inLanguage\":\"es\",\"@id\":\"https:\\\/\\\/evolve-fitness.eu\\\/es\\\/#\\\/schema\\\/logo\\\/image\\\/\",\"url\":\"https:\\\/\\\/evolve-fitness.eu\\\/wp-content\\\/uploads\\\/2023\\\/05\\\/Evolve-logo.svg\",\"contentUrl\":\"https:\\\/\\\/evolve-fitness.eu\\\/wp-content\\\/uploads\\\/2023\\\/05\\\/Evolve-logo.svg\",\"width\":176,\"height\":20,\"caption\":\"Evolve\"},\"image\":{\"@id\":\"https:\\\/\\\/evolve-fitness.eu\\\/es\\\/#\\\/schema\\\/logo\\\/image\\\/\"},\"sameAs\":[\"https:\\\/\\\/www.facebook.com\\\/EvolveFitnessEurope\"]}]}<\/script>\n<!-- \/ Yoast SEO plugin. -->","yoast_head_json":{"title":"M\u00e1quina Smith con carga de placas Evolve Prime Series - Evolve","description":"La m\u00e1quina Smith Evolve, con un recorrido suave y guiado de la barra, una construcci\u00f3n duradera y una resistencia cargada con placas, admite sentadillas, prensas, estocadas y mucho m\u00e1s.","robots":{"index":"index","follow":"follow","max-snippet":"max-snippet:-1","max-image-preview":"max-image-preview:large","max-video-preview":"max-video-preview:-1"},"canonical":"https:\/\/evolve-fitness.eu\/es\/producto\/maquina-smith-con-carga-de-placas-evolve-prime-series-2\/","og_locale":"es_ES","og_type":"article","og_title":"M\u00e1quina Smith con carga de placas Evolve Prime Series - Evolve","og_description":"La m\u00e1quina Smith Evolve, con un recorrido suave y guiado de la barra, una construcci\u00f3n duradera y una resistencia cargada con placas, admite sentadillas, prensas, estocadas y mucho m\u00e1s.","og_url":"https:\/\/evolve-fitness.eu\/es\/producto\/maquina-smith-con-carga-de-placas-evolve-prime-series-2\/","og_site_name":"Evolve","article_publisher":"https:\/\/www.facebook.com\/EvolveFitnessEurope","article_modified_time":"2026-04-23T06:19:38+00:00","og_image":[{"width":3000,"height":3000,"url":"https:\/\/evolve-fitness.eu\/wp-content\/uploads\/2025\/03\/EV-PL-PR-120-Evolve-Prime-Series-Plate-Loaded-Smith-Machine-Recovered.png","type":"image\/png"}],"twitter_card":"summary_large_image","schema":{"@context":"https:\/\/schema.org","@graph":[{"@type":"WebPage","@id":"https:\/\/evolve-fitness.eu\/es\/producto\/maquina-smith-con-carga-de-placas-evolve-prime-series-2\/","url":"https:\/\/evolve-fitness.eu\/es\/producto\/maquina-smith-con-carga-de-placas-evolve-prime-series-2\/","name":"M\u00e1quina Smith con carga de placas Evolve Prime Series - Evolve","isPartOf":{"@id":"https:\/\/evolve-fitness.eu\/es\/#website"},"primaryImageOfPage":{"@id":"https:\/\/evolve-fitness.eu\/es\/producto\/maquina-smith-con-carga-de-placas-evolve-prime-series-2\/#primaryimage"},"image":{"@id":"https:\/\/evolve-fitness.eu\/es\/producto\/maquina-smith-con-carga-de-placas-evolve-prime-series-2\/#primaryimage"},"thumbnailUrl":"https:\/\/evolve-fitness.eu\/wp-content\/uploads\/2025\/03\/EV-PL-PR-120-Evolve-Prime-Series-Plate-Loaded-Smith-Machine-Recovered.png","datePublished":"2025-03-21T07:51:38+00:00","dateModified":"2026-04-23T06:19:38+00:00","description":"La m\u00e1quina Smith Evolve, con un recorrido suave y guiado de la barra, una construcci\u00f3n duradera y una resistencia cargada con placas, admite sentadillas, prensas, estocadas y mucho m\u00e1s.","breadcrumb":{"@id":"https:\/\/evolve-fitness.eu\/es\/producto\/maquina-smith-con-carga-de-placas-evolve-prime-series-2\/#breadcrumb"},"inLanguage":"es","potentialAction":[{"@type":"ReadAction","target":["https:\/\/evolve-fitness.eu\/es\/producto\/maquina-smith-con-carga-de-placas-evolve-prime-series-2\/"]}]},{"@type":"ImageObject","inLanguage":"es","@id":"https:\/\/evolve-fitness.eu\/es\/producto\/maquina-smith-con-carga-de-placas-evolve-prime-series-2\/#primaryimage","url":"https:\/\/evolve-fitness.eu\/wp-content\/uploads\/2025\/03\/EV-PL-PR-120-Evolve-Prime-Series-Plate-Loaded-Smith-Machine-Recovered.png","contentUrl":"https:\/\/evolve-fitness.eu\/wp-content\/uploads\/2025\/03\/EV-PL-PR-120-Evolve-Prime-Series-Plate-Loaded-Smith-Machine-Recovered.png","width":3000,"height":3000},{"@type":"BreadcrumbList","@id":"https:\/\/evolve-fitness.eu\/es\/producto\/maquina-smith-con-carga-de-placas-evolve-prime-series-2\/#breadcrumb","itemListElement":[{"@type":"ListItem","position":1,"name":"Home","item":"https:\/\/evolve-fitness.eu\/es\/"},{"@type":"ListItem","position":2,"name":"Productos","item":"https:\/\/evolve-fitness.eu\/es\/shop\/"},{"@type":"ListItem","position":3,"name":"M\u00e1quina Smith con carga de placas Evolve Prime Series"}]},{"@type":"WebSite","@id":"https:\/\/evolve-fitness.eu\/es\/#website","url":"https:\/\/evolve-fitness.eu\/es\/","name":"Evolve","description":"Your Evolved Gear Arrived","publisher":{"@id":"https:\/\/evolve-fitness.eu\/es\/#organization"},"potentialAction":[{"@type":"SearchAction","target":{"@type":"EntryPoint","urlTemplate":"https:\/\/evolve-fitness.eu\/es\/?s={search_term_string}"},"query-input":{"@type":"PropertyValueSpecification","valueRequired":true,"valueName":"search_term_string"}}],"inLanguage":"es"},{"@type":"Organization","@id":"https:\/\/evolve-fitness.eu\/es\/#organization","name":"Evolve","url":"https:\/\/evolve-fitness.eu\/es\/","logo":{"@type":"ImageObject","inLanguage":"es","@id":"https:\/\/evolve-fitness.eu\/es\/#\/schema\/logo\/image\/","url":"https:\/\/evolve-fitness.eu\/wp-content\/uploads\/2023\/05\/Evolve-logo.svg","contentUrl":"https:\/\/evolve-fitness.eu\/wp-content\/uploads\/2023\/05\/Evolve-logo.svg","width":176,"height":20,"caption":"Evolve"},"image":{"@id":"https:\/\/evolve-fitness.eu\/es\/#\/schema\/logo\/image\/"},"sameAs":["https:\/\/www.facebook.com\/EvolveFitnessEurope"]}]}},"_links":{"self":[{"href":"https:\/\/evolve-fitness.eu\/es\/wp-json\/wp\/v2\/product\/236495","targetHints":{"allow":["GET"]}}],"collection":[{"href":"https:\/\/evolve-fitness.eu\/es\/wp-json\/wp\/v2\/product"}],"about":[{"href":"https:\/\/evolve-fitness.eu\/es\/wp-json\/wp\/v2\/types\/product"}],"wp:featuredmedia":[{"embeddable":true,"href":"https:\/\/evolve-fitness.eu\/es\/wp-json\/wp\/v2\/media\/187813"}],"wp:attachment":[{"href":"https:\/\/evolve-fitness.eu\/es\/wp-json\/wp\/v2\/media?parent=236495"}],"wp:term":[{"taxonomy":"product_brand","embeddable":true,"href":"https:\/\/evolve-fitness.eu\/es\/wp-json\/wp\/v2\/product_brand?post=236495"},{"taxonomy":"product_cat","embeddable":true,"href":"https:\/\/evolve-fitness.eu\/es\/wp-json\/wp\/v2\/product_cat?post=236495"},{"taxonomy":"product_tag","embeddable":true,"href":"https:\/\/evolve-fitness.eu\/es\/wp-json\/wp\/v2\/product_tag?post=236495"}],"curies":[{"name":"wp","href":"https:\/\/api.w.org\/{rel}","templated":true}]}}