{"id":236878,"date":"2025-10-14T07:39:03","date_gmt":"2025-10-14T07:39:03","guid":{"rendered":"https:\/\/evolve-fitness.eu\/product\/prensa-pectoral-con-placa-evolve-econ-series-ec-035\/"},"modified":"2025-10-14T07:39:03","modified_gmt":"2025-10-14T04:39:03","slug":"prensa-pectoral-con-placa-evolve-econ-series-ec-035","status":"publish","type":"product","link":"https:\/\/evolve-fitness.eu\/es\/producto\/prensa-pectoral-con-placa-evolve-econ-series-ec-035\/","title":{"rendered":"Prensa pectoral con placa Evolve Econ Series (EC-035)"},"content":{"rendered":"","protected":false},"excerpt":{"rendered":"<p>La prensa pectoral de placas Evolve Econ Series est\u00e1 dise\u00f1ada para un entrenamiento eficaz de la fuerza de la parte superior del cuerpo, centr\u00e1ndose en los m\u00fasculos pectorales, tr\u00edceps y hombros. Su dise\u00f1o cargado con placas proporciona un movimiento de prensado suave y natural, mientras que el asiento ergon\u00f3mico y la alineaci\u00f3n de las asas garantizan una comodidad y estabilidad \u00f3ptimas. Dise\u00f1ada para ofrecer durabilidad y un rendimiento constante, es adecuada tanto para uso comercial como en gimnasios dom\u00e9sticos.  <\/p>\n","protected":false},"featured_media":236883,"template":"","meta":{"_acf_changed":false,"inline_featured_image":false},"product_brand":[],"product_cat":[2949,5424],"product_tag":[],"class_list":{"0":"post-236878","1":"product","2":"type-product","3":"status-publish","4":"has-post-thumbnail","6":"product_cat-maquinas-de-carga-de-placas","7":"product_cat-maquinas-de-carga-por-placas-econ-series","9":"first","10":"instock","11":"shipping-taxable","12":"purchasable","13":"product-type-simple"},"acf":{"long_title":"Prensa pectoral con placa Evolve Econ Series (EC-035)","subtitle":"","specifications":[{"label":"SKU","text_value":"EV-PL-EC-035","icon":"x"},{"label":"Dimensiones","text_value":"1276 x 984 x 1248 mm","icon":"x"},{"label":"Peso","text_value":"64,2 kg","icon":"x"},{"label":"Max. peso del usuario","text_value":"150 kg","icon":"x"},{"label":"Max. carga","text_value":"2 x 100 kg","icon":"x"},{"label":"Pintura anticorrosi\u00f3n","text_value":"","icon":"v"},{"label":"Marco met\u00e1lico sin bordes afilados","text_value":"","icon":"v"},{"label":"Protectores de suelo duraderos","text_value":"","icon":"v"},{"label":"Garant\u00eda","text_value":"2 a\u00f1os","icon":"x"}],"product_frequently_asked_questions":null},"yoast_head":"<!-- This site is optimized with the Yoast SEO plugin v27.4 - https:\/\/yoast.com\/product\/yoast-seo-wordpress\/ -->\n<title>Prensa pectoral con placa Evolve Econ Series (EC-035) - Evolve<\/title>\n<meta name=\"description\" content=\"La prensa pectoral con carga de placas Evolve Econ Series est\u00e1 dise\u00f1ada para entrenar eficazmente la fuerza de la parte superior del cuerpo, centr\u00e1ndose en los pectorales.\" \/>\n<meta name=\"robots\" content=\"index, follow, max-snippet:-1, max-image-preview:large, max-video-preview:-1\" \/>\n<link rel=\"canonical\" href=\"https:\/\/evolve-fitness.eu\/es\/producto\/prensa-pectoral-con-placa-evolve-econ-series-ec-035\/\" \/>\n<meta property=\"og:locale\" content=\"es_ES\" \/>\n<meta property=\"og:type\" content=\"article\" \/>\n<meta property=\"og:title\" content=\"Prensa pectoral con placa Evolve Econ Series (EC-035) - Evolve\" \/>\n<meta property=\"og:description\" content=\"La prensa pectoral con carga de placas Evolve Econ Series est\u00e1 dise\u00f1ada para entrenar eficazmente la fuerza de la parte superior del cuerpo, centr\u00e1ndose en los pectorales.\" \/>\n<meta property=\"og:url\" content=\"https:\/\/evolve-fitness.eu\/es\/producto\/prensa-pectoral-con-placa-evolve-econ-series-ec-035\/\" \/>\n<meta property=\"og:site_name\" content=\"Evolve\" \/>\n<meta property=\"article:publisher\" content=\"https:\/\/www.facebook.com\/EvolveFitnessEurope\" \/>\n<meta property=\"og:image\" content=\"https:\/\/evolve-fitness.eu\/wp-content\/uploads\/2025\/10\/EV-PL-EC-0305.png\" \/>\n\t<meta property=\"og:image:width\" content=\"1200\" \/>\n\t<meta property=\"og:image:height\" content=\"1200\" \/>\n\t<meta property=\"og:image:type\" content=\"image\/png\" \/>\n<meta name=\"twitter:card\" content=\"summary_large_image\" \/>\n<script type=\"application\/ld+json\" class=\"yoast-schema-graph\">{\"@context\":\"https:\\\/\\\/schema.org\",\"@graph\":[{\"@type\":\"WebPage\",\"@id\":\"https:\\\/\\\/evolve-fitness.eu\\\/es\\\/producto\\\/prensa-pectoral-con-placa-evolve-econ-series-ec-035\\\/\",\"url\":\"https:\\\/\\\/evolve-fitness.eu\\\/es\\\/producto\\\/prensa-pectoral-con-placa-evolve-econ-series-ec-035\\\/\",\"name\":\"Prensa pectoral con placa Evolve Econ Series (EC-035) - Evolve\",\"isPartOf\":{\"@id\":\"https:\\\/\\\/evolve-fitness.eu\\\/es\\\/#website\"},\"primaryImageOfPage\":{\"@id\":\"https:\\\/\\\/evolve-fitness.eu\\\/es\\\/producto\\\/prensa-pectoral-con-placa-evolve-econ-series-ec-035\\\/#primaryimage\"},\"image\":{\"@id\":\"https:\\\/\\\/evolve-fitness.eu\\\/es\\\/producto\\\/prensa-pectoral-con-placa-evolve-econ-series-ec-035\\\/#primaryimage\"},\"thumbnailUrl\":\"https:\\\/\\\/evolve-fitness.eu\\\/wp-content\\\/uploads\\\/2025\\\/10\\\/EV-PL-EC-0305.png\",\"datePublished\":\"2025-10-14T07:39:03+00:00\",\"description\":\"La prensa pectoral con carga de placas Evolve Econ Series est\u00e1 dise\u00f1ada para entrenar eficazmente la fuerza de la parte superior del cuerpo, centr\u00e1ndose en los pectorales.\",\"breadcrumb\":{\"@id\":\"https:\\\/\\\/evolve-fitness.eu\\\/es\\\/producto\\\/prensa-pectoral-con-placa-evolve-econ-series-ec-035\\\/#breadcrumb\"},\"inLanguage\":\"es\",\"potentialAction\":[{\"@type\":\"ReadAction\",\"target\":[\"https:\\\/\\\/evolve-fitness.eu\\\/es\\\/producto\\\/prensa-pectoral-con-placa-evolve-econ-series-ec-035\\\/\"]}]},{\"@type\":\"ImageObject\",\"inLanguage\":\"es\",\"@id\":\"https:\\\/\\\/evolve-fitness.eu\\\/es\\\/producto\\\/prensa-pectoral-con-placa-evolve-econ-series-ec-035\\\/#primaryimage\",\"url\":\"https:\\\/\\\/evolve-fitness.eu\\\/wp-content\\\/uploads\\\/2025\\\/10\\\/EV-PL-EC-0305.png\",\"contentUrl\":\"https:\\\/\\\/evolve-fitness.eu\\\/wp-content\\\/uploads\\\/2025\\\/10\\\/EV-PL-EC-0305.png\",\"width\":1200,\"height\":1200},{\"@type\":\"BreadcrumbList\",\"@id\":\"https:\\\/\\\/evolve-fitness.eu\\\/es\\\/producto\\\/prensa-pectoral-con-placa-evolve-econ-series-ec-035\\\/#breadcrumb\",\"itemListElement\":[{\"@type\":\"ListItem\",\"position\":1,\"name\":\"Home\",\"item\":\"https:\\\/\\\/evolve-fitness.eu\\\/es\\\/\"},{\"@type\":\"ListItem\",\"position\":2,\"name\":\"Productos\",\"item\":\"https:\\\/\\\/evolve-fitness.eu\\\/es\\\/shop\\\/\"},{\"@type\":\"ListItem\",\"position\":3,\"name\":\"Prensa pectoral con placa Evolve Econ Series (EC-035)\"}]},{\"@type\":\"WebSite\",\"@id\":\"https:\\\/\\\/evolve-fitness.eu\\\/es\\\/#website\",\"url\":\"https:\\\/\\\/evolve-fitness.eu\\\/es\\\/\",\"name\":\"Evolve\",\"description\":\"Your Evolved Gear Arrived\",\"publisher\":{\"@id\":\"https:\\\/\\\/evolve-fitness.eu\\\/es\\\/#organization\"},\"potentialAction\":[{\"@type\":\"SearchAction\",\"target\":{\"@type\":\"EntryPoint\",\"urlTemplate\":\"https:\\\/\\\/evolve-fitness.eu\\\/es\\\/?s={search_term_string}\"},\"query-input\":{\"@type\":\"PropertyValueSpecification\",\"valueRequired\":true,\"valueName\":\"search_term_string\"}}],\"inLanguage\":\"es\"},{\"@type\":\"Organization\",\"@id\":\"https:\\\/\\\/evolve-fitness.eu\\\/es\\\/#organization\",\"name\":\"Evolve\",\"url\":\"https:\\\/\\\/evolve-fitness.eu\\\/es\\\/\",\"logo\":{\"@type\":\"ImageObject\",\"inLanguage\":\"es\",\"@id\":\"https:\\\/\\\/evolve-fitness.eu\\\/es\\\/#\\\/schema\\\/logo\\\/image\\\/\",\"url\":\"https:\\\/\\\/evolve-fitness.eu\\\/wp-content\\\/uploads\\\/2023\\\/05\\\/Evolve-logo.svg\",\"contentUrl\":\"https:\\\/\\\/evolve-fitness.eu\\\/wp-content\\\/uploads\\\/2023\\\/05\\\/Evolve-logo.svg\",\"width\":176,\"height\":20,\"caption\":\"Evolve\"},\"image\":{\"@id\":\"https:\\\/\\\/evolve-fitness.eu\\\/es\\\/#\\\/schema\\\/logo\\\/image\\\/\"},\"sameAs\":[\"https:\\\/\\\/www.facebook.com\\\/EvolveFitnessEurope\"]}]}<\/script>\n<!-- \/ Yoast SEO plugin. -->","yoast_head_json":{"title":"Prensa pectoral con placa Evolve Econ Series (EC-035) - Evolve","description":"La prensa pectoral con carga de placas Evolve Econ Series est\u00e1 dise\u00f1ada para entrenar eficazmente la fuerza de la parte superior del cuerpo, centr\u00e1ndose en los pectorales.","robots":{"index":"index","follow":"follow","max-snippet":"max-snippet:-1","max-image-preview":"max-image-preview:large","max-video-preview":"max-video-preview:-1"},"canonical":"https:\/\/evolve-fitness.eu\/es\/producto\/prensa-pectoral-con-placa-evolve-econ-series-ec-035\/","og_locale":"es_ES","og_type":"article","og_title":"Prensa pectoral con placa Evolve Econ Series (EC-035) - Evolve","og_description":"La prensa pectoral con carga de placas Evolve Econ Series est\u00e1 dise\u00f1ada para entrenar eficazmente la fuerza de la parte superior del cuerpo, centr\u00e1ndose en los pectorales.","og_url":"https:\/\/evolve-fitness.eu\/es\/producto\/prensa-pectoral-con-placa-evolve-econ-series-ec-035\/","og_site_name":"Evolve","article_publisher":"https:\/\/www.facebook.com\/EvolveFitnessEurope","og_image":[{"width":1200,"height":1200,"url":"https:\/\/evolve-fitness.eu\/wp-content\/uploads\/2025\/10\/EV-PL-EC-0305.png","type":"image\/png"}],"twitter_card":"summary_large_image","schema":{"@context":"https:\/\/schema.org","@graph":[{"@type":"WebPage","@id":"https:\/\/evolve-fitness.eu\/es\/producto\/prensa-pectoral-con-placa-evolve-econ-series-ec-035\/","url":"https:\/\/evolve-fitness.eu\/es\/producto\/prensa-pectoral-con-placa-evolve-econ-series-ec-035\/","name":"Prensa pectoral con placa Evolve Econ Series (EC-035) - Evolve","isPartOf":{"@id":"https:\/\/evolve-fitness.eu\/es\/#website"},"primaryImageOfPage":{"@id":"https:\/\/evolve-fitness.eu\/es\/producto\/prensa-pectoral-con-placa-evolve-econ-series-ec-035\/#primaryimage"},"image":{"@id":"https:\/\/evolve-fitness.eu\/es\/producto\/prensa-pectoral-con-placa-evolve-econ-series-ec-035\/#primaryimage"},"thumbnailUrl":"https:\/\/evolve-fitness.eu\/wp-content\/uploads\/2025\/10\/EV-PL-EC-0305.png","datePublished":"2025-10-14T07:39:03+00:00","description":"La prensa pectoral con carga de placas Evolve Econ Series est\u00e1 dise\u00f1ada para entrenar eficazmente la fuerza de la parte superior del cuerpo, centr\u00e1ndose en los pectorales.","breadcrumb":{"@id":"https:\/\/evolve-fitness.eu\/es\/producto\/prensa-pectoral-con-placa-evolve-econ-series-ec-035\/#breadcrumb"},"inLanguage":"es","potentialAction":[{"@type":"ReadAction","target":["https:\/\/evolve-fitness.eu\/es\/producto\/prensa-pectoral-con-placa-evolve-econ-series-ec-035\/"]}]},{"@type":"ImageObject","inLanguage":"es","@id":"https:\/\/evolve-fitness.eu\/es\/producto\/prensa-pectoral-con-placa-evolve-econ-series-ec-035\/#primaryimage","url":"https:\/\/evolve-fitness.eu\/wp-content\/uploads\/2025\/10\/EV-PL-EC-0305.png","contentUrl":"https:\/\/evolve-fitness.eu\/wp-content\/uploads\/2025\/10\/EV-PL-EC-0305.png","width":1200,"height":1200},{"@type":"BreadcrumbList","@id":"https:\/\/evolve-fitness.eu\/es\/producto\/prensa-pectoral-con-placa-evolve-econ-series-ec-035\/#breadcrumb","itemListElement":[{"@type":"ListItem","position":1,"name":"Home","item":"https:\/\/evolve-fitness.eu\/es\/"},{"@type":"ListItem","position":2,"name":"Productos","item":"https:\/\/evolve-fitness.eu\/es\/shop\/"},{"@type":"ListItem","position":3,"name":"Prensa pectoral con placa Evolve Econ Series (EC-035)"}]},{"@type":"WebSite","@id":"https:\/\/evolve-fitness.eu\/es\/#website","url":"https:\/\/evolve-fitness.eu\/es\/","name":"Evolve","description":"Your Evolved Gear Arrived","publisher":{"@id":"https:\/\/evolve-fitness.eu\/es\/#organization"},"potentialAction":[{"@type":"SearchAction","target":{"@type":"EntryPoint","urlTemplate":"https:\/\/evolve-fitness.eu\/es\/?s={search_term_string}"},"query-input":{"@type":"PropertyValueSpecification","valueRequired":true,"valueName":"search_term_string"}}],"inLanguage":"es"},{"@type":"Organization","@id":"https:\/\/evolve-fitness.eu\/es\/#organization","name":"Evolve","url":"https:\/\/evolve-fitness.eu\/es\/","logo":{"@type":"ImageObject","inLanguage":"es","@id":"https:\/\/evolve-fitness.eu\/es\/#\/schema\/logo\/image\/","url":"https:\/\/evolve-fitness.eu\/wp-content\/uploads\/2023\/05\/Evolve-logo.svg","contentUrl":"https:\/\/evolve-fitness.eu\/wp-content\/uploads\/2023\/05\/Evolve-logo.svg","width":176,"height":20,"caption":"Evolve"},"image":{"@id":"https:\/\/evolve-fitness.eu\/es\/#\/schema\/logo\/image\/"},"sameAs":["https:\/\/www.facebook.com\/EvolveFitnessEurope"]}]}},"_links":{"self":[{"href":"https:\/\/evolve-fitness.eu\/es\/wp-json\/wp\/v2\/product\/236878","targetHints":{"allow":["GET"]}}],"collection":[{"href":"https:\/\/evolve-fitness.eu\/es\/wp-json\/wp\/v2\/product"}],"about":[{"href":"https:\/\/evolve-fitness.eu\/es\/wp-json\/wp\/v2\/types\/product"}],"wp:featuredmedia":[{"embeddable":true,"href":"https:\/\/evolve-fitness.eu\/es\/wp-json\/wp\/v2\/media\/236883"}],"wp:attachment":[{"href":"https:\/\/evolve-fitness.eu\/es\/wp-json\/wp\/v2\/media?parent=236878"}],"wp:term":[{"taxonomy":"product_brand","embeddable":true,"href":"https:\/\/evolve-fitness.eu\/es\/wp-json\/wp\/v2\/product_brand?post=236878"},{"taxonomy":"product_cat","embeddable":true,"href":"https:\/\/evolve-fitness.eu\/es\/wp-json\/wp\/v2\/product_cat?post=236878"},{"taxonomy":"product_tag","embeddable":true,"href":"https:\/\/evolve-fitness.eu\/es\/wp-json\/wp\/v2\/product_tag?post=236878"}],"curies":[{"name":"wp","href":"https:\/\/api.w.org\/{rel}","templated":true}]}}