{"id":238489,"date":"2023-11-13T14:03:50","date_gmt":"2023-11-13T12:03:50","guid":{"rendered":"https:\/\/evolve-fitness.eu\/product\/kettlebells-de-competicion-evolve-de-uretano-2\/"},"modified":"2026-04-23T09:53:30","modified_gmt":"2026-04-23T06:53:30","slug":"kettlebells-de-competicion-evolve-de-uretano-2","status":"publish","type":"product","link":"https:\/\/evolve-fitness.eu\/es\/producto\/kettlebells-de-competicion-evolve-de-uretano-2\/","title":{"rendered":"Kettlebells de competici\u00f3n Evolve de uretano"},"content":{"rendered":"\n<section class=\"wp-block-group alignfull has-lightgray-background-color has-background is-layout-constrained wp-block-group-is-layout-constrained\">\n<div class=\"wp-block-columns alignwide is-layout-flex wp-container-core-columns-is-layout-2edb0647 wp-block-columns-is-layout-flex\" style=\"margin-top:0;margin-bottom:0\">\n<div class=\"wp-block-column is-layout-flow wp-block-column-is-layout-flow\" style=\"flex-basis:33.33%\"><\/div>\n\n\n\n<div class=\"wp-block-column is-layout-flow wp-block-column-is-layout-flow\" style=\"flex-basis:66.66%\"><\/div>\n<\/div>\n<\/section>\n\n<section class=\"wp-block-group alignfull black-content has-white-color has-darkgray-background-color has-text-color has-background is-layout-constrained wp-block-group-is-layout-constrained\" style=\"padding-top:var(--wp--preset--spacing--section-bottom);padding-bottom:var(--wp--preset--spacing--section-bottom)\">\n<div class=\"wp-block-columns alignwide mobile-reverse is-layout-flex wp-container-core-columns-is-layout-ca64bf2d wp-block-columns-is-layout-flex\" style=\"margin-bottom:var(--wp--preset--spacing--side-padding)\">\n<div class=\"wp-block-column is-vertically-aligned-center is-layout-flow wp-block-column-is-layout-flow\">\n<h3 class=\"wp-block-heading\" style=\"margin-bottom:var(--wp--preset--spacing--h-3-bottom)\">Extr\u00e9mna odolnos\u0165<\/h3>\n\n\n\n<p><strong><em><strong><em><strong><em>Vydr\u017e\u00ed n\u00e1ro\u010dn\u00e9 intenz\u00edvne tr\u00e9ningy<\/em><\/strong><\/em><\/strong><\/em><\/strong><\/p>\n\n\n\n<p style=\"margin-bottom:var(--wp--preset--spacing--tb-section-padding)\">\u010cinky Evolve sa m\u00f4\u017eu pochv\u00e1li\u0165 najmodernej\u0161\u00edm uret\u00e1nov\u00fdm povlakom, ktor\u00fd je zn\u00e1my svojou vynikaj\u00facou odolnos\u0165ou vo\u010di n\u00e1razom a dlhou \u017eivotnos\u0165ou. Na rozdiel od tradi\u010dn\u00fdch gumov\u00fdch alebo oce\u013eov\u00fdch \u010diniek na\u0161e uret\u00e1nov\u00e9 modely vydr\u017eia n\u00e1ro\u010dn\u00e9 intenz\u00edvne tr\u00e9ningy bez toho, aby sa roz\u0161tiepili, popraskali alebo stratili svoju \u017eiariv\u00fa farbu. <\/p>\n\n\n\n<h3 class=\"wp-block-heading\" style=\"margin-bottom:var(--wp--preset--spacing--h-3-bottom)\">D\u00f4sledn\u00fd rozvoj techniky<\/h3>\n\n\n\n<p><strong><em><strong><em><strong><em>  Rovnak\u00e1 ve\u013ekos\u0165<\/em><\/strong><\/em><\/strong><\/em><\/strong><\/p>\n\n\n\n<p style=\"margin-bottom:var(--wp--preset--spacing--tb-section-padding)\">V\u0161etky \u010dinky Evolve s\u00fa vyroben\u00e9 tak, aby sp\u013a\u0148ali medzin\u00e1rodn\u00e9 s\u00fa\u0165a\u017en\u00e9 \u0161tandardy a zachov\u00e1vali rovnak\u00fa ve\u013ekos\u0165 a priemer v\u0161etk\u00fdch v\u00e1h. T\u00e1to rovnomernos\u0165 umo\u017e\u0148uje plynul\u00e9 zvy\u0161ovanie hmotnosti bez toho, aby ste museli upravova\u0165 svoju techniku, \u010do prispieva k lep\u0161iemu v\u00fdkonu a sebad\u00f4vere pri zdv\u00edhan\u00ed. <\/p>\n<\/div>\n\n\n\n<div class=\"wp-block-column is-vertically-aligned-center is-layout-flow wp-block-column-is-layout-flow\">\n<figure class=\"wp-block-image alignright size-full is-resized is-style-rounded\"><img loading=\"lazy\" decoding=\"async\" width=\"1080\" height=\"1080\" src=\"https:\/\/evolve-fitness.eu\/wp-content\/uploads\/2023\/11\/Dizainas-be-pavadinimo-4.png\" alt=\"\" class=\"wp-image-150688\" style=\"object-fit:cover;width:680px;height:600px\" srcset=\"https:\/\/evolve-fitness.eu\/wp-content\/uploads\/2023\/11\/Dizainas-be-pavadinimo-4.png 1080w, https:\/\/evolve-fitness.eu\/wp-content\/uploads\/2023\/11\/Dizainas-be-pavadinimo-4-300x300.png 300w, https:\/\/evolve-fitness.eu\/wp-content\/uploads\/2023\/11\/Dizainas-be-pavadinimo-4-150x150.png 150w, https:\/\/evolve-fitness.eu\/wp-content\/uploads\/2023\/11\/Dizainas-be-pavadinimo-4-600x600.png 600w, https:\/\/evolve-fitness.eu\/wp-content\/uploads\/2023\/11\/Dizainas-be-pavadinimo-4-1024x1024.png 1024w, https:\/\/evolve-fitness.eu\/wp-content\/uploads\/2023\/11\/Dizainas-be-pavadinimo-4-768x768.png 768w\" sizes=\"auto, (max-width: 1080px) 100vw, 1080px\" \/><\/figure>\n<\/div>\n<\/div>\n\n\n\n<div class=\"wp-block-columns alignwide is-layout-flex wp-container-core-columns-is-layout-c45ee707 wp-block-columns-is-layout-flex\" style=\"margin-bottom:var(--wp--preset--spacing--side-padding);padding-top:var(--wp--preset--spacing--side-padding)\">\n<div class=\"wp-block-column is-vertically-aligned-center is-layout-flow wp-block-column-is-layout-flow\">\n<figure class=\"wp-block-video\"><video height=\"2160\" style=\"aspect-ratio: 3840 \/ 2160;\" width=\"3840\" autoplay=\"\" controls=\"\" loop=\"\" muted=\"\" src=\"https:\/\/evolve-fitness.eu\/wp-content\/uploads\/2023\/12\/1-4.mp4\"><\/video><\/figure>\n<\/div>\n\n\n\n<div class=\"wp-block-column is-vertically-aligned-center is-layout-flow wp-block-column-is-layout-flow\">\n<h3 class=\"wp-block-heading\" style=\"margin-bottom:var(--wp--preset--spacing--h-3-bottom)\"><strong>Kettlebelly prispievaj\u00fa k celkov\u00fdm cie\u013eom v oblasti kond\u00edcie a zdravia<\/strong><\/h3>\n\n\n\n<p><strong><em>Ide\u00e1lne n\u00e1stroje na zlep\u0161enie sily, vytrvalosti, rovnov\u00e1hy a spolupr\u00e1ce<\/em><\/strong>.<\/p>\n\n\n\n<p style=\"margin-bottom:var(--wp--preset--spacing--tb-section-padding)\">Na\u0161e s\u00fa\u0165a\u017en\u00e9 kettlebelly m\u00f4\u017eu v\u00fdrazne pom\u00f4c\u0165 pri dosahovan\u00ed kondi\u010dn\u00fdch cie\u013eov. Ich jednotn\u00e1 ve\u013ekos\u0165 pri r\u00f4znych hmotnostiach zaru\u010duje konzistentn\u00fa techniku, ktor\u00e1 je k\u013e\u00fa\u010dov\u00e1 pre za\u010diato\u010dn\u00edkov aj pokro\u010dil\u00fdch \u0161portovcov. Odoln\u00fd uret\u00e1nov\u00fd povlak a prec\u00edzny odliatok prispievaj\u00fa k vyv\u00e1\u017een\u00e9mu a stabiln\u00e9mu tr\u00e9ningu, \u010d\u00edm zvy\u0161uj\u00fa \u00fa\u010dinnos\u0165 silov\u00e9ho tr\u00e9ningu. Tieto \u010dinky s\u00fa vhodn\u00e9 na \u0161irok\u00fa \u0161k\u00e1lu cvikov zameran\u00fdch na r\u00f4zne svalov\u00e9 skupiny, \u010d\u00edm pon\u00fakaj\u00fa v\u0161estrannos\u0165 v tr\u00e9ningov\u00fdch postupoch.   <\/p>\n<\/div>\n<\/div>\n\n\n\n<div class=\"wp-block-columns alignwide are-vertically-aligned-center mobile-reverse is-layout-flex wp-container-core-columns-is-layout-e8158c2f wp-block-columns-is-layout-flex\" style=\"padding-top:var(--wp--preset--spacing--side-padding)\">\n<div class=\"wp-block-column is-vertically-aligned-center is-layout-flow wp-block-column-is-layout-flow\">\n<h3 class=\"wp-block-heading\" style=\"margin-bottom:var(--wp--preset--spacing--h-3-bottom)\"><strong><strong>V\u0161estrannos\u0165 a v\u00fdber<\/strong><\/strong><\/h3>\n\n\n\n<p><strong><em><strong><em><strong>Kvalita a hodnota<\/strong><\/em><\/strong><\/em><\/strong><\/p>\n\n\n\n<p style=\"margin-bottom:var(--wp--preset--spacing--tb-section-padding)\">V\u010faka \u0161irokej \u0161k\u00e1le hmotnost\u00ed sl\u00fa\u017eia na\u0161e kettlebelly v\u0161etk\u00fdm, od dom\u00e1cich fitnes nad\u0161encov a\u017e po komer\u010dn\u00e9 posil\u0148ovne. S\u00fa v\u0161estrann\u00fdm doplnkom vojensk\u00fdch z\u00e1kladn\u00ed, hotelov, rehabilita\u010dn\u00fdch centier a \u010fal\u0161\u00edch zariaden\u00ed a pon\u00fakaj\u00fa jedine\u010dn\u00fa kvalitu a hodnotu. <\/p>\n\n\n\n<h3 class=\"wp-block-heading\" style=\"margin-bottom:var(--wp--preset--spacing--h-3-bottom)\"><strong><strong><strong>Technick\u00e1 dokonalos\u0165<\/strong><\/strong><\/strong><\/h3>\n\n\n\n<p><strong><em><strong><em><strong>Maxim\u00e1lny zostatok<\/strong><\/em><\/strong><\/em><\/strong><\/p>\n\n\n\n<p style=\"margin-bottom:var(--wp--preset--spacing--tb-section-padding)\">\u010cinky Evolve s\u00fa prec\u00edzne odliate z robustnej kovovej zliatiny, \u010do zaru\u010duje maxim\u00e1lnu rovnov\u00e1hu a presnos\u0165 rozmerov. Chr\u00f3mov\u00e1 rukov\u00e4\u0165 dod\u00e1va eleganciu a pohodlie, zatia\u013e \u010do ploch\u00e1 z\u00e1klad\u0148a zais\u0165uje stabilitu po\u010das v\u0161etk\u00fdch cvi\u010den\u00ed. <\/p>\n<\/div>\n\n\n\n<div class=\"wp-block-column is-vertically-aligned-center is-layout-flow wp-block-column-is-layout-flow\">\n<figure class=\"wp-block-image alignright size-full is-resized is-style-rounded\"><img loading=\"lazy\" decoding=\"async\" width=\"680\" height=\"600\" src=\"https:\/\/evolve-fitness.eu\/wp-content\/uploads\/2023\/11\/Evolve-TPU-Kettlebell-3.png\" alt=\"\" class=\"wp-image-5594\" style=\"object-fit:cover;width:680px;height:600px\" srcset=\"https:\/\/evolve-fitness.eu\/wp-content\/uploads\/2023\/11\/Evolve-TPU-Kettlebell-3.png 680w, https:\/\/evolve-fitness.eu\/wp-content\/uploads\/2023\/11\/Evolve-TPU-Kettlebell-3-300x265.png 300w, https:\/\/evolve-fitness.eu\/wp-content\/uploads\/2023\/11\/Evolve-TPU-Kettlebell-3-170x150.png 170w, https:\/\/evolve-fitness.eu\/wp-content\/uploads\/2023\/11\/Evolve-TPU-Kettlebell-3-600x529.png 600w, https:\/\/evolve-fitness.eu\/wp-content\/uploads\/2023\/11\/Evolve-TPU-Kettlebell-3-150x132.png 150w\" sizes=\"auto, (max-width: 680px) 100vw, 680px\" \/><\/figure>\n<\/div>\n<\/div>\n\n\n\n<div class=\"wp-block-columns alignwide is-layout-flex wp-container-core-columns-is-layout-c45ee707 wp-block-columns-is-layout-flex\" style=\"margin-bottom:var(--wp--preset--spacing--side-padding);padding-top:var(--wp--preset--spacing--side-padding)\">\n<div class=\"wp-block-column is-vertically-aligned-center is-layout-flow wp-block-column-is-layout-flow\">\n<figure class=\"wp-block-image size-full is-resized is-style-rounded\"><img loading=\"lazy\" decoding=\"async\" width=\"1200\" height=\"1200\" src=\"https:\/\/evolve-fitness.eu\/wp-content\/uploads\/2023\/11\/TPU-kettlebell-6.png\" alt=\"\" class=\"wp-image-5592\" style=\"object-fit:cover;width:680px;height:600px\" srcset=\"https:\/\/evolve-fitness.eu\/wp-content\/uploads\/2023\/11\/TPU-kettlebell-6.png 1200w, https:\/\/evolve-fitness.eu\/wp-content\/uploads\/2023\/11\/TPU-kettlebell-6-300x300.png 300w, https:\/\/evolve-fitness.eu\/wp-content\/uploads\/2023\/11\/TPU-kettlebell-6-150x150.png 150w, https:\/\/evolve-fitness.eu\/wp-content\/uploads\/2023\/11\/TPU-kettlebell-6-600x600.png 600w, https:\/\/evolve-fitness.eu\/wp-content\/uploads\/2023\/11\/TPU-kettlebell-6-1024x1024.png 1024w, https:\/\/evolve-fitness.eu\/wp-content\/uploads\/2023\/11\/TPU-kettlebell-6-768x768.png 768w\" sizes=\"auto, (max-width: 1200px) 100vw, 1200px\" \/><\/figure>\n<\/div>\n\n\n\n<div class=\"wp-block-column is-vertically-aligned-center is-layout-flow wp-block-column-is-layout-flow\">\n<h3 class=\"wp-block-heading\" style=\"margin-bottom:var(--wp--preset--spacing--h-3-bottom)\"><strong>Zvuk pohlcuj\u00face a chr\u00e1niace podlahu<\/strong><\/h3>\n\n\n\n<p><strong><em><strong><em><strong><em>Uret\u00e1n<\/em><\/strong><\/em><\/strong><\/em><\/strong>s<strong><em><strong><em><strong><em> trvanlivos\u0165<\/em><\/strong><\/em><\/strong><\/em><\/strong><\/p>\n\n\n\n<p style=\"margin-bottom:var(--wp--preset--spacing--tb-section-padding)\">Vysokokvalitn\u00fd uret\u00e1nov\u00fd n\u00e1ter nielen zvy\u0161uje odolnos\u0165, ale aj chr\u00e1ni v\u00e1\u0161 tr\u00e9ningov\u00fd priestor. V\u010faka vlastnostiam pohlcuj\u00facim zvuk a odoln\u00fdm vo\u010di po\u0161kriabaniu s\u00fa na\u0161e \u010dinky ide\u00e1lnou vo\u013ebou do posil\u0148ovne aj do dom\u00e1ceho prostredia. <\/p>\n\n\n\n<h3 class=\"wp-block-heading\" style=\"margin-bottom:var(--wp--preset--spacing--h-3-bottom)\"><strong><strong>Prisp\u00f4sobenie pre va\u0161u zna\u010dku<\/strong><\/strong><\/h3>\n\n\n\n<p><strong><em><strong><em><strong><em>Prisp\u00f4soben\u00e9 va\u0161ej zna\u010dke<\/em><\/strong><\/em><\/strong><\/em><\/strong><\/p>\n\n\n\n<p style=\"margin-bottom:var(--wp--preset--spacing--tb-section-padding)\">Zv\u00fd\u0161te estetiku svojho zariadenia pomocou mo\u017enost\u00ed prisp\u00f4sobenia Evolve. Pon\u00fakame prisp\u00f4sobenie farieb va\u0161ej zna\u010dke a interi\u00e9ru, ako aj laserov\u00e9 rezanie a uret\u00e1nov\u00fa inf\u00faziu pre log\u00e1 a ozna\u010denie hmotnosti, \u010do zaru\u010duje personalizovan\u00fd a profesion\u00e1lny vzh\u013ead. <\/p>\n<\/div>\n<\/div>\n\n\n\n<div class=\"wp-block-columns alignwide are-vertically-aligned-center mobile-reverse is-layout-flex wp-container-core-columns-is-layout-e8158c2f wp-block-columns-is-layout-flex\" style=\"padding-top:var(--wp--preset--spacing--side-padding)\">\n<div class=\"wp-block-column is-vertically-aligned-center is-layout-flow wp-block-column-is-layout-flow\">\n<h3 class=\"wp-block-heading\" style=\"margin-bottom:var(--wp--preset--spacing--h-3-bottom)\"><strong><strong>Navrhnut\u00e9 PRE vysoko v\u00fdkonn\u00e9 tr\u00e9ningy<\/strong><\/strong><\/h3>\n\n\n\n<p>Vyvinut\u00e9 pre silov\u00fd tr\u00e9ning aj tr\u00e9ning zru\u010dnost\u00ed<\/p>\n\n\n\n<p style=\"margin-bottom:var(--wp--preset--spacing--tb-section-padding)\">Las Kettlebells de competici\u00f3n Evolve TPU Uret\u00e1nov\u00e9 \u010dinky s\u00fa vynikaj\u00face aj na rast svalov. Cvi\u010denia s \u010dinkami zap\u00e1jaj\u00fa viacero svalov\u00fdch skup\u00edn, \u010d\u00edm podporuj\u00fa funk\u010dn\u00fa silu a svalov\u00fa hypertrofiu. R\u00f4zne mo\u017enosti za\u0165a\u017eenia umo\u017e\u0148uj\u00fa progres\u00edvne pre\u0165a\u017eenie, ktor\u00e9 je nevyhnutn\u00e9 pre budovanie svalov. V\u010faka zlo\u017een\u00fdm pohybom a dynamick\u00fdm cvi\u010deniam pom\u00e1haj\u00fa tieto \u010dinky \u00fa\u010dinne stimulova\u0165 rast svalov v r\u00f4znych \u010dastiach tela.   <\/p>\n<\/div>\n\n\n\n<div class=\"wp-block-column is-vertically-aligned-center is-layout-flow wp-block-column-is-layout-flow\">\n<figure class=\"wp-block-video\"><video height=\"2160\" style=\"aspect-ratio: 3840 \/ 2160;\" width=\"3840\" autoplay=\"\" controls=\"\" loop=\"\" muted=\"\" src=\"https:\/\/evolve-fitness.eu\/wp-content\/uploads\/2023\/12\/2-3.mp4\"><\/video><\/figure>\n<\/div>\n<\/div>\n\n\n\n<h4 class=\"wp-block-heading has-text-align-center\" style=\"padding-top:var(--wp--preset--spacing--tb-padding);padding-bottom:var(--wp--preset--spacing--tb-padding)\"><strong>Z\u00edskajte svoje s\u00fa\u0165a\u017en\u00e9 \u010dinky Evolve TPU Uretano e\u0161te dnes<\/strong><\/h4>\n\n\n\n<p class=\"has-text-align-center has-medium-font-size\"><strong>\u00a1Vyberte si pre svoje tr\u00e9ningov\u00e9 potreby spolo\u010dnos\u0165 Evolve a pridajte sa k radom \u0161pi\u010dkov\u00fdch \u0161portovcov, ktor\u00ed sa uspokoja len s t\u00fdm najlep\u0161\u00edm.\nNakupujte na\u0161u kolekciu teraz a za\u017eite rozdiel Evolve!  <\/strong><\/p>\n<\/section>\n","protected":false},"excerpt":{"rendered":"<p>Vitajte v dokonalom silovom tr\u00e9ningu s na\u0161imi s\u00fa\u0165a\u017en\u00fdmi \u010dinkami Evolve TPU Urethane Competition Kettlebells.<br \/>\nLos kettlebells de competici\u00f3n son ideales para entrenamientos de alta competici\u00f3n, en los que te sentir\u00e1s como en casa, y te ayudar\u00e1n a mejorar tu rendimiento, tu salud y tu profesionalidad.<br \/>\nOd 8 kg do 36 kg objavte silu v\u00fdnimo\u010dn\u00e9ho vybavenia, ktor\u00e9 odol\u00e1 sk\u00fa\u0161ke \u010dasu a intenzity.  <\/p>\n","protected":false},"featured_media":0,"template":"","meta":{"_acf_changed":false,"inline_featured_image":false},"product_brand":[],"product_cat":[13029],"product_tag":[],"class_list":{"0":"post-238489","1":"product","2":"type-product","3":"status-publish","5":"product_cat-engranaje-hyrox","7":"first","8":"instock","9":"shipping-taxable","10":"purchasable","11":"product-type-simple"},"acf":{"long_title":"","subtitle":"","specifications":null,"product_frequently_asked_questions":null},"yoast_head":"<!-- This site is optimized with the Yoast SEO plugin v27.4 - https:\/\/yoast.com\/product\/yoast-seo-wordpress\/ -->\n<title>Kettlebells de competici\u00f3n Evolve de uretano - Evolve<\/title>\n<meta name=\"robots\" content=\"index, follow, max-snippet:-1, max-image-preview:large, max-video-preview:-1\" \/>\n<link rel=\"canonical\" href=\"https:\/\/evolve-fitness.eu\/es\/producto\/kettlebells-de-competicion-evolve-de-uretano-2\/\" \/>\n<meta property=\"og:locale\" content=\"es_ES\" \/>\n<meta property=\"og:type\" content=\"article\" \/>\n<meta property=\"og:title\" content=\"Kettlebells de competici\u00f3n Evolve de uretano - Evolve\" \/>\n<meta property=\"og:url\" content=\"https:\/\/evolve-fitness.eu\/es\/producto\/kettlebells-de-competicion-evolve-de-uretano-2\/\" \/>\n<meta property=\"og:site_name\" content=\"Evolve\" \/>\n<meta property=\"article:publisher\" content=\"https:\/\/www.facebook.com\/EvolveFitnessEurope\" \/>\n<meta property=\"article:modified_time\" content=\"2026-04-23T06:53:30+00:00\" \/>\n<meta property=\"og:image\" content=\"https:\/\/evolve-fitness.eu\/wp-content\/uploads\/2023\/11\/Dizainas-be-pavadinimo-4.png\" \/>\n\t<meta property=\"og:image:width\" content=\"1080\" \/>\n\t<meta property=\"og:image:height\" content=\"1080\" \/>\n\t<meta property=\"og:image:type\" content=\"image\/png\" \/>\n<meta name=\"twitter:card\" content=\"summary_large_image\" \/>\n<script type=\"application\/ld+json\" class=\"yoast-schema-graph\">{\"@context\":\"https:\\\/\\\/schema.org\",\"@graph\":[{\"@type\":\"WebPage\",\"@id\":\"https:\\\/\\\/evolve-fitness.eu\\\/es\\\/producto\\\/kettlebells-de-competicion-evolve-de-uretano-2\\\/\",\"url\":\"https:\\\/\\\/evolve-fitness.eu\\\/es\\\/producto\\\/kettlebells-de-competicion-evolve-de-uretano-2\\\/\",\"name\":\"Kettlebells de competici\u00f3n Evolve de uretano - Evolve\",\"isPartOf\":{\"@id\":\"https:\\\/\\\/evolve-fitness.eu\\\/es\\\/#website\"},\"primaryImageOfPage\":{\"@id\":\"https:\\\/\\\/evolve-fitness.eu\\\/es\\\/producto\\\/kettlebells-de-competicion-evolve-de-uretano-2\\\/#primaryimage\"},\"image\":{\"@id\":\"https:\\\/\\\/evolve-fitness.eu\\\/es\\\/producto\\\/kettlebells-de-competicion-evolve-de-uretano-2\\\/#primaryimage\"},\"thumbnailUrl\":\"https:\\\/\\\/evolve-fitness.eu\\\/wp-content\\\/uploads\\\/2023\\\/11\\\/Dizainas-be-pavadinimo-4.png\",\"datePublished\":\"2023-11-13T12:03:50+00:00\",\"dateModified\":\"2026-04-23T06:53:30+00:00\",\"breadcrumb\":{\"@id\":\"https:\\\/\\\/evolve-fitness.eu\\\/es\\\/producto\\\/kettlebells-de-competicion-evolve-de-uretano-2\\\/#breadcrumb\"},\"inLanguage\":\"es\",\"potentialAction\":[{\"@type\":\"ReadAction\",\"target\":[\"https:\\\/\\\/evolve-fitness.eu\\\/es\\\/producto\\\/kettlebells-de-competicion-evolve-de-uretano-2\\\/\"]}]},{\"@type\":\"ImageObject\",\"inLanguage\":\"es\",\"@id\":\"https:\\\/\\\/evolve-fitness.eu\\\/es\\\/producto\\\/kettlebells-de-competicion-evolve-de-uretano-2\\\/#primaryimage\",\"url\":\"https:\\\/\\\/evolve-fitness.eu\\\/wp-content\\\/uploads\\\/2023\\\/11\\\/Dizainas-be-pavadinimo-4.png\",\"contentUrl\":\"https:\\\/\\\/evolve-fitness.eu\\\/wp-content\\\/uploads\\\/2023\\\/11\\\/Dizainas-be-pavadinimo-4.png\"},{\"@type\":\"BreadcrumbList\",\"@id\":\"https:\\\/\\\/evolve-fitness.eu\\\/es\\\/producto\\\/kettlebells-de-competicion-evolve-de-uretano-2\\\/#breadcrumb\",\"itemListElement\":[{\"@type\":\"ListItem\",\"position\":1,\"name\":\"Home\",\"item\":\"https:\\\/\\\/evolve-fitness.eu\\\/es\\\/\"},{\"@type\":\"ListItem\",\"position\":2,\"name\":\"Productos\",\"item\":\"https:\\\/\\\/evolve-fitness.eu\\\/es\\\/shop\\\/\"},{\"@type\":\"ListItem\",\"position\":3,\"name\":\"Kettlebells de competici\u00f3n Evolve de uretano\"}]},{\"@type\":\"WebSite\",\"@id\":\"https:\\\/\\\/evolve-fitness.eu\\\/es\\\/#website\",\"url\":\"https:\\\/\\\/evolve-fitness.eu\\\/es\\\/\",\"name\":\"Evolve\",\"description\":\"Your Evolved Gear Arrived\",\"publisher\":{\"@id\":\"https:\\\/\\\/evolve-fitness.eu\\\/es\\\/#organization\"},\"potentialAction\":[{\"@type\":\"SearchAction\",\"target\":{\"@type\":\"EntryPoint\",\"urlTemplate\":\"https:\\\/\\\/evolve-fitness.eu\\\/es\\\/?s={search_term_string}\"},\"query-input\":{\"@type\":\"PropertyValueSpecification\",\"valueRequired\":true,\"valueName\":\"search_term_string\"}}],\"inLanguage\":\"es\"},{\"@type\":\"Organization\",\"@id\":\"https:\\\/\\\/evolve-fitness.eu\\\/es\\\/#organization\",\"name\":\"Evolve\",\"url\":\"https:\\\/\\\/evolve-fitness.eu\\\/es\\\/\",\"logo\":{\"@type\":\"ImageObject\",\"inLanguage\":\"es\",\"@id\":\"https:\\\/\\\/evolve-fitness.eu\\\/es\\\/#\\\/schema\\\/logo\\\/image\\\/\",\"url\":\"https:\\\/\\\/evolve-fitness.eu\\\/wp-content\\\/uploads\\\/2023\\\/05\\\/Evolve-logo.svg\",\"contentUrl\":\"https:\\\/\\\/evolve-fitness.eu\\\/wp-content\\\/uploads\\\/2023\\\/05\\\/Evolve-logo.svg\",\"width\":176,\"height\":20,\"caption\":\"Evolve\"},\"image\":{\"@id\":\"https:\\\/\\\/evolve-fitness.eu\\\/es\\\/#\\\/schema\\\/logo\\\/image\\\/\"},\"sameAs\":[\"https:\\\/\\\/www.facebook.com\\\/EvolveFitnessEurope\"]}]}<\/script>\n<!-- \/ Yoast SEO plugin. -->","yoast_head_json":{"title":"Kettlebells de competici\u00f3n Evolve de uretano - Evolve","robots":{"index":"index","follow":"follow","max-snippet":"max-snippet:-1","max-image-preview":"max-image-preview:large","max-video-preview":"max-video-preview:-1"},"canonical":"https:\/\/evolve-fitness.eu\/es\/producto\/kettlebells-de-competicion-evolve-de-uretano-2\/","og_locale":"es_ES","og_type":"article","og_title":"Kettlebells de competici\u00f3n Evolve de uretano - Evolve","og_url":"https:\/\/evolve-fitness.eu\/es\/producto\/kettlebells-de-competicion-evolve-de-uretano-2\/","og_site_name":"Evolve","article_publisher":"https:\/\/www.facebook.com\/EvolveFitnessEurope","article_modified_time":"2026-04-23T06:53:30+00:00","og_image":[{"width":1080,"height":1080,"url":"https:\/\/evolve-fitness.eu\/wp-content\/uploads\/2023\/11\/Dizainas-be-pavadinimo-4.png","type":"image\/png"}],"twitter_card":"summary_large_image","schema":{"@context":"https:\/\/schema.org","@graph":[{"@type":"WebPage","@id":"https:\/\/evolve-fitness.eu\/es\/producto\/kettlebells-de-competicion-evolve-de-uretano-2\/","url":"https:\/\/evolve-fitness.eu\/es\/producto\/kettlebells-de-competicion-evolve-de-uretano-2\/","name":"Kettlebells de competici\u00f3n Evolve de uretano - Evolve","isPartOf":{"@id":"https:\/\/evolve-fitness.eu\/es\/#website"},"primaryImageOfPage":{"@id":"https:\/\/evolve-fitness.eu\/es\/producto\/kettlebells-de-competicion-evolve-de-uretano-2\/#primaryimage"},"image":{"@id":"https:\/\/evolve-fitness.eu\/es\/producto\/kettlebells-de-competicion-evolve-de-uretano-2\/#primaryimage"},"thumbnailUrl":"https:\/\/evolve-fitness.eu\/wp-content\/uploads\/2023\/11\/Dizainas-be-pavadinimo-4.png","datePublished":"2023-11-13T12:03:50+00:00","dateModified":"2026-04-23T06:53:30+00:00","breadcrumb":{"@id":"https:\/\/evolve-fitness.eu\/es\/producto\/kettlebells-de-competicion-evolve-de-uretano-2\/#breadcrumb"},"inLanguage":"es","potentialAction":[{"@type":"ReadAction","target":["https:\/\/evolve-fitness.eu\/es\/producto\/kettlebells-de-competicion-evolve-de-uretano-2\/"]}]},{"@type":"ImageObject","inLanguage":"es","@id":"https:\/\/evolve-fitness.eu\/es\/producto\/kettlebells-de-competicion-evolve-de-uretano-2\/#primaryimage","url":"https:\/\/evolve-fitness.eu\/wp-content\/uploads\/2023\/11\/Dizainas-be-pavadinimo-4.png","contentUrl":"https:\/\/evolve-fitness.eu\/wp-content\/uploads\/2023\/11\/Dizainas-be-pavadinimo-4.png"},{"@type":"BreadcrumbList","@id":"https:\/\/evolve-fitness.eu\/es\/producto\/kettlebells-de-competicion-evolve-de-uretano-2\/#breadcrumb","itemListElement":[{"@type":"ListItem","position":1,"name":"Home","item":"https:\/\/evolve-fitness.eu\/es\/"},{"@type":"ListItem","position":2,"name":"Productos","item":"https:\/\/evolve-fitness.eu\/es\/shop\/"},{"@type":"ListItem","position":3,"name":"Kettlebells de competici\u00f3n Evolve de uretano"}]},{"@type":"WebSite","@id":"https:\/\/evolve-fitness.eu\/es\/#website","url":"https:\/\/evolve-fitness.eu\/es\/","name":"Evolve","description":"Your Evolved Gear Arrived","publisher":{"@id":"https:\/\/evolve-fitness.eu\/es\/#organization"},"potentialAction":[{"@type":"SearchAction","target":{"@type":"EntryPoint","urlTemplate":"https:\/\/evolve-fitness.eu\/es\/?s={search_term_string}"},"query-input":{"@type":"PropertyValueSpecification","valueRequired":true,"valueName":"search_term_string"}}],"inLanguage":"es"},{"@type":"Organization","@id":"https:\/\/evolve-fitness.eu\/es\/#organization","name":"Evolve","url":"https:\/\/evolve-fitness.eu\/es\/","logo":{"@type":"ImageObject","inLanguage":"es","@id":"https:\/\/evolve-fitness.eu\/es\/#\/schema\/logo\/image\/","url":"https:\/\/evolve-fitness.eu\/wp-content\/uploads\/2023\/05\/Evolve-logo.svg","contentUrl":"https:\/\/evolve-fitness.eu\/wp-content\/uploads\/2023\/05\/Evolve-logo.svg","width":176,"height":20,"caption":"Evolve"},"image":{"@id":"https:\/\/evolve-fitness.eu\/es\/#\/schema\/logo\/image\/"},"sameAs":["https:\/\/www.facebook.com\/EvolveFitnessEurope"]}]}},"_links":{"self":[{"href":"https:\/\/evolve-fitness.eu\/es\/wp-json\/wp\/v2\/product\/238489","targetHints":{"allow":["GET"]}}],"collection":[{"href":"https:\/\/evolve-fitness.eu\/es\/wp-json\/wp\/v2\/product"}],"about":[{"href":"https:\/\/evolve-fitness.eu\/es\/wp-json\/wp\/v2\/types\/product"}],"wp:attachment":[{"href":"https:\/\/evolve-fitness.eu\/es\/wp-json\/wp\/v2\/media?parent=238489"}],"wp:term":[{"taxonomy":"product_brand","embeddable":true,"href":"https:\/\/evolve-fitness.eu\/es\/wp-json\/wp\/v2\/product_brand?post=238489"},{"taxonomy":"product_cat","embeddable":true,"href":"https:\/\/evolve-fitness.eu\/es\/wp-json\/wp\/v2\/product_cat?post=238489"},{"taxonomy":"product_tag","embeddable":true,"href":"https:\/\/evolve-fitness.eu\/es\/wp-json\/wp\/v2\/product_tag?post=238489"}],"curies":[{"name":"wp","href":"https:\/\/api.w.org\/{rel}","templated":true}]}}