{"id":238668,"date":"2023-08-08T13:29:34","date_gmt":"2023-08-08T10:29:34","guid":{"rendered":"https:\/\/evolve-fitness.eu\/product\/evolve-cpu-curl-uretano-barra-fija-2\/"},"modified":"2026-04-23T10:04:27","modified_gmt":"2026-04-23T07:04:27","slug":"evolve-cpu-curl-uretano-barra-fija-2","status":"publish","type":"product","link":"https:\/\/evolve-fitness.eu\/es\/producto\/evolve-cpu-curl-uretano-barra-fija-2\/","title":{"rendered":"Evolve CPU Curl Uretano Barra Fija"},"content":{"rendered":"\n<section class=\"wp-block-group alignfull has-lightgray-background-color has-background is-layout-constrained wp-block-group-is-layout-constrained\">\n<div class=\"wp-block-columns alignwide is-layout-flex wp-container-core-columns-is-layout-2edb0647 wp-block-columns-is-layout-flex\" style=\"margin-top:0;margin-bottom:0\">\n<div class=\"wp-block-column is-layout-flow wp-block-column-is-layout-flow\" style=\"flex-basis:33.33%\"><\/div>\n\n\n\n<div class=\"wp-block-column is-layout-flow wp-block-column-is-layout-flow\" style=\"flex-basis:66.66%\"><\/div>\n<\/div>\n<\/section>\n\n<section class=\"wp-block-group alignfull black-content has-white-color has-darkgray-background-color has-text-color has-background is-layout-constrained wp-block-group-is-layout-constrained\" style=\"padding-top:var(--wp--preset--spacing--section-bottom);padding-bottom:var(--wp--preset--spacing--section-bottom)\">\n<div class=\"wp-block-columns alignwide is-layout-flex wp-container-core-columns-is-layout-c45ee707 wp-block-columns-is-layout-flex\" style=\"margin-bottom:var(--wp--preset--spacing--side-padding);padding-top:var(--wp--preset--spacing--side-padding)\">\n<div class=\"wp-block-column is-vertically-aligned-center is-layout-flow wp-block-column-is-layout-flow\">\n<h3 class=\"wp-block-heading\" style=\"margin-bottom:var(--wp--preset--spacing--h-3-bottom)\">Vylep\u0161ete svou posilovnu s Evolve<\/h3>\n\n\n\n<p><em><strong>Odoln\u00fd v\u00fdkon a p\u0159izp\u016fsoben\u00ed pro majitele t\u011blocvi\u010den<\/strong><\/em><\/p>\n\n\n\n<p style=\"margin-bottom:var(--wp--preset--spacing--tb-section-padding)\">Uvoln\u011bte novou \u00farove\u0148 odolnosti a v\u0161estrannosti s uretanovou sadou \u010dinek s pevnou z\u00e1t\u011b\u017e\u00ed Evolve Uretano Liso o Rizado. Tato sada je navr\u017eena tak, aby spl\u0148ovala po\u017eadavky komer\u010dn\u00edch posiloven a dom\u00e1c\u00edch fitness nad\u0161enc\u016f, a d\u00edky prvot\u0159\u00eddn\u00edmu uretanov\u00e9mu materi\u00e1lu nov\u011b definuje odolnost. Dejte sbohem obav\u00e1m z opot\u0159eben\u00ed, od\u0161t\u00edpnut\u00ed nebo odlupov\u00e1n\u00ed, proto\u017ee tyto \u010dinky si po dlouhou dobu zachov\u00e1vaj\u00ed sv\u016fj bezvadn\u00fd vzhled a p\u0159edstavuj\u00ed n\u00e1kladov\u011b efektivn\u00ed \u0159e\u0161en\u00ed, d\u00edky n\u011bmu\u017e nen\u00ed nutn\u00e9 je \u010dasto vym\u011b\u0148ovat.  <\/p>\n<\/div>\n\n\n\n<div class=\"wp-block-column is-vertically-aligned-center is-layout-flow wp-block-column-is-layout-flow\">\n<div class=\"wp-block-columns is-layout-flex wp-container-core-columns-is-layout-9d6595d7 wp-block-columns-is-layout-flex\">\n<div class=\"wp-block-column is-layout-flow wp-block-column-is-layout-flow\">\n<figure class=\"wp-block-video\"><video height=\"2160\" style=\"aspect-ratio: 3840 \/ 2160;\" width=\"3840\" autoplay=\"\" controls=\"\" loop=\"\" muted=\"\" src=\"https:\/\/evolve-fitness.eu\/wp-content\/uploads\/2023\/12\/2-5.mp4\"><\/video><\/figure>\n<\/div>\n<\/div>\n<\/div>\n<\/div>\n\n\n\n<div class=\"wp-block-columns alignwide is-layout-flex wp-container-core-columns-is-layout-c45ee707 wp-block-columns-is-layout-flex\" style=\"margin-bottom:var(--wp--preset--spacing--side-padding);padding-top:var(--wp--preset--spacing--side-padding)\">\n<div class=\"wp-block-column is-vertically-aligned-center is-layout-flow wp-block-column-is-layout-flow\">\n<figure class=\"wp-block-image alignright size-large is-style-rounded\"><img loading=\"lazy\" decoding=\"async\" width=\"1024\" height=\"481\" src=\"https:\/\/evolve-fitness.eu\/wp-content\/uploads\/2023\/08\/Dizainas-be-pavadinimo-1024x481.png\" alt=\"\" class=\"wp-image-988\" srcset=\"https:\/\/evolve-fitness.eu\/wp-content\/uploads\/2023\/08\/Dizainas-be-pavadinimo-1024x481.png 1024w, https:\/\/evolve-fitness.eu\/wp-content\/uploads\/2023\/08\/Dizainas-be-pavadinimo-300x141.png 300w, https:\/\/evolve-fitness.eu\/wp-content\/uploads\/2023\/08\/Dizainas-be-pavadinimo-320x150.png 320w, https:\/\/evolve-fitness.eu\/wp-content\/uploads\/2023\/08\/Dizainas-be-pavadinimo-600x282.png 600w, https:\/\/evolve-fitness.eu\/wp-content\/uploads\/2023\/08\/Dizainas-be-pavadinimo-150x70.png 150w, https:\/\/evolve-fitness.eu\/wp-content\/uploads\/2023\/08\/Dizainas-be-pavadinimo-768x361.png 768w, https:\/\/evolve-fitness.eu\/wp-content\/uploads\/2023\/08\/Dizainas-be-pavadinimo.png 1080w\" sizes=\"auto, (max-width: 1024px) 100vw, 1024px\" \/><\/figure>\n<\/div>\n\n\n\n<div class=\"wp-block-column is-vertically-aligned-center is-layout-constrained wp-block-column-is-layout-constrained\">\n<h3 class=\"wp-block-heading\" style=\"margin-bottom:var(--wp--preset--spacing--h-3-bottom)\">P\u0159izp\u016fsobiteln\u00e9 a stylov\u00e9<\/h3>\n\n\n\n<p><strong><em><strong><em>Vylep\u0161ete zna\u010dku sv\u00e9 t\u011blocvi\u010dny<\/em><\/strong><\/em><\/strong><\/p>\n\n\n\n<p style=\"margin-bottom:var(--wp--preset--spacing--tb-section-padding)\">Krom\u011b v\u00fdjime\u010dn\u00e9 odolnosti nab\u00edzej\u00ed uretanov\u00e9 \u010dinky Evolve s rovnou nebo zak\u0159ivenou pevnou z\u00e1t\u011b\u017e\u00ed mo\u017enost personalizace, kter\u00e1 v\u00e1m umo\u017en\u00ed zv\u00fd\u0161it jedine\u010dn\u00fd branding a vizu\u00e1ln\u00ed dojem va\u0161\u00ed posilovny. M\u016f\u017eete do nich zakomponovat logo sv\u00e9 posilovny a zvolit vlastn\u00ed barvy, \u010d\u00edm\u017e se va\u0161e posilovna odli\u0161\u00ed a ud\u011bl\u00e1 na \u010dleny trval\u00fd dojem. <\/p>\n<\/div>\n<\/div>\n\n\n\n<div class=\"wp-block-columns alignwide is-layout-flex wp-container-core-columns-is-layout-c45ee707 wp-block-columns-is-layout-flex\" style=\"margin-bottom:var(--wp--preset--spacing--side-padding);padding-top:var(--wp--preset--spacing--side-padding)\">\n<div class=\"wp-block-column is-vertically-aligned-center is-layout-flow wp-block-column-is-layout-flow\">\n<h3 class=\"wp-block-heading\" style=\"margin-bottom:var(--wp--preset--spacing--h-3-bottom)\">Laserem \u0159ezan\u00e1 a uretanem napu\u0161t\u011bn\u00e1 loga<\/h3>\n\n\n\n<p><strong><em>La est\u00e9tica en el hogar<\/em><\/strong><\/p>\n\n\n\n<p style=\"margin-bottom:var(--wp--preset--spacing--tb-section-padding)\">Urethanov\u00e9 \u010dinky Evolve Urethane Straight or Curled Fixed Weight Barbells, zdoben\u00e9 laserem vy\u0159ez\u00e1van\u00fdmi logy a trvanliv\u00fdmi indikacemi z\u00e1va\u017e\u00ed s uretanovou n\u00e1pln\u00ed, v sob\u011b dokonale spojuj\u00ed estetick\u00fd vzhled s prakti\u010dnost\u00ed. D\u00edky tomuto v\u00fdrazn\u00e9mu zna\u010den\u00ed m\u016f\u017eete b\u011bhem tr\u00e9ninku snadno p\u0159ech\u00e1zet mezi jednotliv\u00fdmi v\u00e1hami, co\u017e usnadn\u00ed bezprobl\u00e9mov\u00fd a efektivn\u00ed tr\u00e9nink va\u0161ich v\u00e1\u017een\u00fdch \u010dlen\u016f posilovny. <\/p>\n<\/div>\n\n\n\n<div class=\"wp-block-column is-vertically-aligned-center is-layout-flow wp-block-column-is-layout-flow\">\n<div class=\"wp-block-columns is-layout-flex wp-container-core-columns-is-layout-9d6595d7 wp-block-columns-is-layout-flex\">\n<div class=\"wp-block-column is-layout-flow wp-block-column-is-layout-flow\">\n<figure class=\"wp-block-image size-full is-style-rounded\"><img loading=\"lazy\" decoding=\"async\" width=\"606\" height=\"595\" src=\"https:\/\/evolve-fitness.eu\/wp-content\/uploads\/2023\/08\/TPU-fixed-barbells-edited.jpg\" alt=\"\" class=\"wp-image-1010\" srcset=\"https:\/\/evolve-fitness.eu\/wp-content\/uploads\/2023\/08\/TPU-fixed-barbells-edited.jpg 606w, https:\/\/evolve-fitness.eu\/wp-content\/uploads\/2023\/08\/TPU-fixed-barbells-edited-300x295.jpg 300w, https:\/\/evolve-fitness.eu\/wp-content\/uploads\/2023\/08\/TPU-fixed-barbells-edited-153x150.jpg 153w, https:\/\/evolve-fitness.eu\/wp-content\/uploads\/2023\/08\/TPU-fixed-barbells-edited-600x589.jpg 600w, https:\/\/evolve-fitness.eu\/wp-content\/uploads\/2023\/08\/TPU-fixed-barbells-edited-150x147.jpg 150w\" sizes=\"auto, (max-width: 606px) 100vw, 606px\" \/><\/figure>\n<\/div>\n<\/div>\n<\/div>\n<\/div>\n\n\n\n<div class=\"wp-block-columns alignwide is-layout-flex wp-container-core-columns-is-layout-c45ee707 wp-block-columns-is-layout-flex\" style=\"margin-bottom:var(--wp--preset--spacing--side-padding);padding-top:var(--wp--preset--spacing--side-padding)\">\n<div class=\"wp-block-column is-vertically-aligned-center is-layout-flow wp-block-column-is-layout-flow\">\n<figure class=\"wp-block-image size-full is-style-rounded\"><img loading=\"lazy\" decoding=\"async\" width=\"926\" height=\"1000\" src=\"https:\/\/evolve-fitness.eu\/wp-content\/uploads\/2023\/08\/grip.png\" alt=\"\" class=\"wp-image-1000\" srcset=\"https:\/\/evolve-fitness.eu\/wp-content\/uploads\/2023\/08\/grip.png 926w, https:\/\/evolve-fitness.eu\/wp-content\/uploads\/2023\/08\/grip-300x324.png 300w, https:\/\/evolve-fitness.eu\/wp-content\/uploads\/2023\/08\/grip-139x150.png 139w, https:\/\/evolve-fitness.eu\/wp-content\/uploads\/2023\/08\/grip-600x648.png 600w, https:\/\/evolve-fitness.eu\/wp-content\/uploads\/2023\/08\/grip-278x300.png 278w, https:\/\/evolve-fitness.eu\/wp-content\/uploads\/2023\/08\/grip-768x829.png 768w\" sizes=\"auto, (max-width: 926px) 100vw, 926px\" \/><\/figure>\n<\/div>\n\n\n\n<div class=\"wp-block-column is-vertically-aligned-center is-layout-flow wp-block-column-is-layout-flow\">\n<h3 class=\"wp-block-heading\" style=\"margin-bottom:var(--wp--preset--spacing--h-3-bottom)\">Cromovano de alta calidad para la protecci\u00f3n contra el fuego<\/h3>\n\n\n\n<p><strong><em>Uchopen\u00ed, kter\u00e9 vydr\u017e\u00ed<\/em><\/strong><\/p>\n\n\n\n<p>Utiliza las mancuernas de peso fijo Evolve de forma sencilla y segura. Tyto \u010dinky s tvrd\u00fdmi pochromovan\u00fdmi vroubkovan\u00fdmi rukoje\u0165mi zaji\u0161\u0165uj\u00ed neochv\u011bjn\u00e9 dr\u017een\u00ed i p\u0159i t\u011bch nejn\u00e1ro\u010dn\u011bj\u0161\u00edch cvic\u00edch. R\u00fdhov\u00e1n\u00ed zaji\u0161\u0165uje pevn\u00fd \u00fachop a je dopln\u011bno chromov\u00e1n\u00edm, kter\u00e9 nejen zlep\u0161uje \u00fachop, ale tak\u00e9 dod\u00e1v\u00e1v\u00e1 eleganten\u00ed n\u00e1dech odolnosti.  <\/p>\n<\/div>\n<\/div>\n\n\n\n<div class=\"wp-block-columns alignwide is-layout-flex wp-container-core-columns-is-layout-c45ee707 wp-block-columns-is-layout-flex\" style=\"margin-bottom:var(--wp--preset--spacing--side-padding);padding-top:var(--wp--preset--spacing--side-padding)\">\n<div class=\"wp-block-column is-vertically-aligned-center is-layout-flow wp-block-column-is-layout-flow\">\n<h3 class=\"wp-block-heading\" style=\"margin-bottom:var(--wp--preset--spacing--h-3-bottom)\">Precizn\u011b zpracovan\u00e9<\/h3>\n\n\n\n<p><strong><em>D\u016fsledn\u00e1 dokonalost<\/em><\/strong><\/p>\n\n\n\n<p style=\"margin-bottom:var(--wp--preset--spacing--tb-section-padding)\">P\u0159ijm\u011bte jistotu trval\u00e9 dokonalosti s precizn\u011b vyroben\u00fdmi uretanov\u00fdmi \u010dinkami Evolve s pevnou v\u00e1hou. D\u00edky pe\u010dliv\u00e9 konstrukci poskytuj\u00ed tyto \u010dinky stejnou hmotnost a neochv\u011bjn\u00fd v\u00fdkon, \u010d\u00edm\u017e p\u0159ekon\u00e1vaj\u00ed standardn\u00ed varianty, kter\u00e9 mohou vykazovat hmotnostn\u00ed odchylky. <\/p>\n\n\n\n<h3 class=\"wp-block-heading\" style=\"margin-bottom:var(--wp--preset--spacing--h-3-bottom)\">Bezpe\u010dnost a spolehlivost<\/h3>\n\n\n\n<p><strong><em>Tr\u00e9nink konzistentn\u00ed<\/em><\/strong><\/p>\n\n\n\n<p>Zaji\u0161t\u011bn\u00ed bezpe\u010dnosti a spolehlivosti je prvo\u0159ad\u00e9 a sada \u010dinek Evolve Urethane s rovnou nebo kroucenou pevnou z\u00e1t\u011b\u017e\u00ed tento z\u00e1vazek dodr\u017euje. Tyto \u010dinky jsou vyrobeny z vysoce kvalitn\u00edho, netoxick\u00e9ho uretanov\u00e9ho materi\u00e1lu bez z\u00e1pachu a vytv\u00e1\u0159ej\u00ed bezpe\u010dn\u00e9 a zdravotn\u011b nez\u00e1vadn\u00e9 tr\u00e9ninkov\u00e9 prost\u0159ed\u00ed. La robusta estructura minimaliza el movimiento de los rozamientos y las torsiones, y reduce el riesgo de que se produzcan da\u00f1os irreparables.  <\/p>\n<\/div>\n\n\n\n<div class=\"wp-block-column is-vertically-aligned-center is-layout-flow wp-block-column-is-layout-flow\">\n<div class=\"wp-block-columns is-layout-flex wp-container-core-columns-is-layout-9d6595d7 wp-block-columns-is-layout-flex\">\n<div class=\"wp-block-column is-layout-flow wp-block-column-is-layout-flow\">\n<figure class=\"wp-block-image size-full is-style-rounded\"><img loading=\"lazy\" decoding=\"async\" width=\"1000\" height=\"665\" src=\"https:\/\/evolve-fitness.eu\/wp-content\/uploads\/2023\/08\/Fixed-barbells-3.jpg\" alt=\"\" class=\"wp-image-992\" srcset=\"https:\/\/evolve-fitness.eu\/wp-content\/uploads\/2023\/08\/Fixed-barbells-3.jpg 1000w, https:\/\/evolve-fitness.eu\/wp-content\/uploads\/2023\/08\/Fixed-barbells-3-300x200.jpg 300w, https:\/\/evolve-fitness.eu\/wp-content\/uploads\/2023\/08\/Fixed-barbells-3-226x150.jpg 226w, https:\/\/evolve-fitness.eu\/wp-content\/uploads\/2023\/08\/Fixed-barbells-3-600x399.jpg 600w, https:\/\/evolve-fitness.eu\/wp-content\/uploads\/2023\/08\/Fixed-barbells-3-150x100.jpg 150w, https:\/\/evolve-fitness.eu\/wp-content\/uploads\/2023\/08\/Fixed-barbells-3-768x511.jpg 768w\" sizes=\"auto, (max-width: 1000px) 100vw, 1000px\" \/><\/figure>\n<\/div>\n<\/div>\n<\/div>\n<\/div>\n<\/section>\n","protected":false},"excerpt":{"rendered":"<p>Para obtener m\u00e1s informaci\u00f3n sobre las ventajas y desventajas del \u010dinek Evolve Uretano, consulta con tu distribuidor local. Tyto \u010dinky jsou vyrobeny ze \u0161pi\u010dkov\u00e9ho uretanov\u00e9ho materi\u00e1lu a jsou navr\u017eeny tak, aby odol\u00e1valy opot\u0159eben\u00ed a zachovaly si sv\u016fj vzhled. Identitu posilovny m\u016f\u017eete p\u0159izp\u016fsobit sv\u00e9mu logu a barv\u00e1m, aby va\u0161e m\u00edsto vyniklo. Bezpe\u010dnost je prioritou, proto\u017ee tyto \u010dinky jsou vyrobeny z bezpe\u010dn\u00e9ho uretanu bez z\u00e1pachu. Sada se dod\u00e1v\u00e1 v r\u016fzn\u00fdch hmotnostn\u00edch variant\u00e1ch od 10 kg do 55 kg, co\u017e vyhovuje r\u016fzn\u00fdm \u00farovn\u00edm fyzick\u00e9 zdatnosti. M\u016f\u017eete se spolehnout na jejich st\u00e1lou hmotnost a v\u00fdkon a pr\u016fhledn\u00e1 loga jim dod\u00e1vaj\u00ed styl. Vylep\u0161ete svou nab\u00eddku v posilovn\u011b spolehlivou uretanovou sadou \u010dinek s pevnou z\u00e1t\u011b\u017e\u00ed Evolve Uretane Straight or Curled, kter\u00e1 vynik\u00e1 kvalitou a individu\u00e1ln\u00ed dokonalost\u00ed.      <\/p>\n","protected":false},"featured_media":0,"template":"","meta":{"_acf_changed":false,"inline_featured_image":false},"product_brand":[],"product_cat":[13029],"product_tag":[],"class_list":{"0":"post-238668","1":"product","2":"type-product","3":"status-publish","5":"product_cat-engranaje-hyrox","7":"first","8":"instock","9":"shipping-taxable","10":"purchasable","11":"product-type-simple"},"acf":{"long_title":"","subtitle":"","specifications":null,"product_frequently_asked_questions":null},"yoast_head":"<!-- This site is optimized with the Yoast SEO plugin v27.4 - https:\/\/yoast.com\/product\/yoast-seo-wordpress\/ -->\n<title>Evolve CPU Curl Uretano Barra Fija - Evolve<\/title>\n<meta name=\"robots\" content=\"index, follow, max-snippet:-1, max-image-preview:large, max-video-preview:-1\" \/>\n<link rel=\"canonical\" href=\"https:\/\/evolve-fitness.eu\/es\/producto\/evolve-cpu-curl-uretano-barra-fija-2\/\" \/>\n<meta property=\"og:locale\" content=\"es_ES\" \/>\n<meta property=\"og:type\" content=\"article\" \/>\n<meta property=\"og:title\" content=\"Evolve CPU Curl Uretano Barra Fija - Evolve\" \/>\n<meta property=\"og:url\" content=\"https:\/\/evolve-fitness.eu\/es\/producto\/evolve-cpu-curl-uretano-barra-fija-2\/\" \/>\n<meta property=\"og:site_name\" content=\"Evolve\" \/>\n<meta property=\"article:publisher\" content=\"https:\/\/www.facebook.com\/EvolveFitnessEurope\" \/>\n<meta property=\"article:modified_time\" content=\"2026-04-23T07:04:27+00:00\" \/>\n<meta property=\"og:image\" content=\"https:\/\/evolve-fitness.eu\/wp-content\/uploads\/2023\/08\/Dizainas-be-pavadinimo.png\" \/>\n\t<meta property=\"og:image:width\" content=\"1080\" \/>\n\t<meta property=\"og:image:height\" content=\"507\" \/>\n\t<meta property=\"og:image:type\" content=\"image\/png\" \/>\n<meta name=\"twitter:card\" content=\"summary_large_image\" \/>\n<script type=\"application\/ld+json\" class=\"yoast-schema-graph\">{\"@context\":\"https:\\\/\\\/schema.org\",\"@graph\":[{\"@type\":\"WebPage\",\"@id\":\"https:\\\/\\\/evolve-fitness.eu\\\/es\\\/producto\\\/evolve-cpu-curl-uretano-barra-fija-2\\\/\",\"url\":\"https:\\\/\\\/evolve-fitness.eu\\\/es\\\/producto\\\/evolve-cpu-curl-uretano-barra-fija-2\\\/\",\"name\":\"Evolve CPU Curl Uretano Barra Fija - Evolve\",\"isPartOf\":{\"@id\":\"https:\\\/\\\/evolve-fitness.eu\\\/es\\\/#website\"},\"primaryImageOfPage\":{\"@id\":\"https:\\\/\\\/evolve-fitness.eu\\\/es\\\/producto\\\/evolve-cpu-curl-uretano-barra-fija-2\\\/#primaryimage\"},\"image\":{\"@id\":\"https:\\\/\\\/evolve-fitness.eu\\\/es\\\/producto\\\/evolve-cpu-curl-uretano-barra-fija-2\\\/#primaryimage\"},\"thumbnailUrl\":\"https:\\\/\\\/evolve-fitness.eu\\\/wp-content\\\/uploads\\\/2023\\\/08\\\/Dizainas-be-pavadinimo-1024x481.png\",\"datePublished\":\"2023-08-08T10:29:34+00:00\",\"dateModified\":\"2026-04-23T07:04:27+00:00\",\"breadcrumb\":{\"@id\":\"https:\\\/\\\/evolve-fitness.eu\\\/es\\\/producto\\\/evolve-cpu-curl-uretano-barra-fija-2\\\/#breadcrumb\"},\"inLanguage\":\"es\",\"potentialAction\":[{\"@type\":\"ReadAction\",\"target\":[\"https:\\\/\\\/evolve-fitness.eu\\\/es\\\/producto\\\/evolve-cpu-curl-uretano-barra-fija-2\\\/\"]}]},{\"@type\":\"ImageObject\",\"inLanguage\":\"es\",\"@id\":\"https:\\\/\\\/evolve-fitness.eu\\\/es\\\/producto\\\/evolve-cpu-curl-uretano-barra-fija-2\\\/#primaryimage\",\"url\":\"https:\\\/\\\/evolve-fitness.eu\\\/wp-content\\\/uploads\\\/2023\\\/08\\\/Dizainas-be-pavadinimo-1024x481.png\",\"contentUrl\":\"https:\\\/\\\/evolve-fitness.eu\\\/wp-content\\\/uploads\\\/2023\\\/08\\\/Dizainas-be-pavadinimo-1024x481.png\"},{\"@type\":\"BreadcrumbList\",\"@id\":\"https:\\\/\\\/evolve-fitness.eu\\\/es\\\/producto\\\/evolve-cpu-curl-uretano-barra-fija-2\\\/#breadcrumb\",\"itemListElement\":[{\"@type\":\"ListItem\",\"position\":1,\"name\":\"Home\",\"item\":\"https:\\\/\\\/evolve-fitness.eu\\\/es\\\/\"},{\"@type\":\"ListItem\",\"position\":2,\"name\":\"Productos\",\"item\":\"https:\\\/\\\/evolve-fitness.eu\\\/es\\\/shop\\\/\"},{\"@type\":\"ListItem\",\"position\":3,\"name\":\"Evolve CPU Curl Uretano Barra Fija\"}]},{\"@type\":\"WebSite\",\"@id\":\"https:\\\/\\\/evolve-fitness.eu\\\/es\\\/#website\",\"url\":\"https:\\\/\\\/evolve-fitness.eu\\\/es\\\/\",\"name\":\"Evolve\",\"description\":\"Your Evolved Gear Arrived\",\"publisher\":{\"@id\":\"https:\\\/\\\/evolve-fitness.eu\\\/es\\\/#organization\"},\"potentialAction\":[{\"@type\":\"SearchAction\",\"target\":{\"@type\":\"EntryPoint\",\"urlTemplate\":\"https:\\\/\\\/evolve-fitness.eu\\\/es\\\/?s={search_term_string}\"},\"query-input\":{\"@type\":\"PropertyValueSpecification\",\"valueRequired\":true,\"valueName\":\"search_term_string\"}}],\"inLanguage\":\"es\"},{\"@type\":\"Organization\",\"@id\":\"https:\\\/\\\/evolve-fitness.eu\\\/es\\\/#organization\",\"name\":\"Evolve\",\"url\":\"https:\\\/\\\/evolve-fitness.eu\\\/es\\\/\",\"logo\":{\"@type\":\"ImageObject\",\"inLanguage\":\"es\",\"@id\":\"https:\\\/\\\/evolve-fitness.eu\\\/es\\\/#\\\/schema\\\/logo\\\/image\\\/\",\"url\":\"https:\\\/\\\/evolve-fitness.eu\\\/wp-content\\\/uploads\\\/2023\\\/05\\\/Evolve-logo.svg\",\"contentUrl\":\"https:\\\/\\\/evolve-fitness.eu\\\/wp-content\\\/uploads\\\/2023\\\/05\\\/Evolve-logo.svg\",\"width\":176,\"height\":20,\"caption\":\"Evolve\"},\"image\":{\"@id\":\"https:\\\/\\\/evolve-fitness.eu\\\/es\\\/#\\\/schema\\\/logo\\\/image\\\/\"},\"sameAs\":[\"https:\\\/\\\/www.facebook.com\\\/EvolveFitnessEurope\"]}]}<\/script>\n<!-- \/ Yoast SEO plugin. -->","yoast_head_json":{"title":"Evolve CPU Curl Uretano Barra Fija - Evolve","robots":{"index":"index","follow":"follow","max-snippet":"max-snippet:-1","max-image-preview":"max-image-preview:large","max-video-preview":"max-video-preview:-1"},"canonical":"https:\/\/evolve-fitness.eu\/es\/producto\/evolve-cpu-curl-uretano-barra-fija-2\/","og_locale":"es_ES","og_type":"article","og_title":"Evolve CPU Curl Uretano Barra Fija - Evolve","og_url":"https:\/\/evolve-fitness.eu\/es\/producto\/evolve-cpu-curl-uretano-barra-fija-2\/","og_site_name":"Evolve","article_publisher":"https:\/\/www.facebook.com\/EvolveFitnessEurope","article_modified_time":"2026-04-23T07:04:27+00:00","og_image":[{"width":1080,"height":507,"url":"https:\/\/evolve-fitness.eu\/wp-content\/uploads\/2023\/08\/Dizainas-be-pavadinimo.png","type":"image\/png"}],"twitter_card":"summary_large_image","schema":{"@context":"https:\/\/schema.org","@graph":[{"@type":"WebPage","@id":"https:\/\/evolve-fitness.eu\/es\/producto\/evolve-cpu-curl-uretano-barra-fija-2\/","url":"https:\/\/evolve-fitness.eu\/es\/producto\/evolve-cpu-curl-uretano-barra-fija-2\/","name":"Evolve CPU Curl Uretano Barra Fija - Evolve","isPartOf":{"@id":"https:\/\/evolve-fitness.eu\/es\/#website"},"primaryImageOfPage":{"@id":"https:\/\/evolve-fitness.eu\/es\/producto\/evolve-cpu-curl-uretano-barra-fija-2\/#primaryimage"},"image":{"@id":"https:\/\/evolve-fitness.eu\/es\/producto\/evolve-cpu-curl-uretano-barra-fija-2\/#primaryimage"},"thumbnailUrl":"https:\/\/evolve-fitness.eu\/wp-content\/uploads\/2023\/08\/Dizainas-be-pavadinimo-1024x481.png","datePublished":"2023-08-08T10:29:34+00:00","dateModified":"2026-04-23T07:04:27+00:00","breadcrumb":{"@id":"https:\/\/evolve-fitness.eu\/es\/producto\/evolve-cpu-curl-uretano-barra-fija-2\/#breadcrumb"},"inLanguage":"es","potentialAction":[{"@type":"ReadAction","target":["https:\/\/evolve-fitness.eu\/es\/producto\/evolve-cpu-curl-uretano-barra-fija-2\/"]}]},{"@type":"ImageObject","inLanguage":"es","@id":"https:\/\/evolve-fitness.eu\/es\/producto\/evolve-cpu-curl-uretano-barra-fija-2\/#primaryimage","url":"https:\/\/evolve-fitness.eu\/wp-content\/uploads\/2023\/08\/Dizainas-be-pavadinimo-1024x481.png","contentUrl":"https:\/\/evolve-fitness.eu\/wp-content\/uploads\/2023\/08\/Dizainas-be-pavadinimo-1024x481.png"},{"@type":"BreadcrumbList","@id":"https:\/\/evolve-fitness.eu\/es\/producto\/evolve-cpu-curl-uretano-barra-fija-2\/#breadcrumb","itemListElement":[{"@type":"ListItem","position":1,"name":"Home","item":"https:\/\/evolve-fitness.eu\/es\/"},{"@type":"ListItem","position":2,"name":"Productos","item":"https:\/\/evolve-fitness.eu\/es\/shop\/"},{"@type":"ListItem","position":3,"name":"Evolve CPU Curl Uretano Barra Fija"}]},{"@type":"WebSite","@id":"https:\/\/evolve-fitness.eu\/es\/#website","url":"https:\/\/evolve-fitness.eu\/es\/","name":"Evolve","description":"Your Evolved Gear Arrived","publisher":{"@id":"https:\/\/evolve-fitness.eu\/es\/#organization"},"potentialAction":[{"@type":"SearchAction","target":{"@type":"EntryPoint","urlTemplate":"https:\/\/evolve-fitness.eu\/es\/?s={search_term_string}"},"query-input":{"@type":"PropertyValueSpecification","valueRequired":true,"valueName":"search_term_string"}}],"inLanguage":"es"},{"@type":"Organization","@id":"https:\/\/evolve-fitness.eu\/es\/#organization","name":"Evolve","url":"https:\/\/evolve-fitness.eu\/es\/","logo":{"@type":"ImageObject","inLanguage":"es","@id":"https:\/\/evolve-fitness.eu\/es\/#\/schema\/logo\/image\/","url":"https:\/\/evolve-fitness.eu\/wp-content\/uploads\/2023\/05\/Evolve-logo.svg","contentUrl":"https:\/\/evolve-fitness.eu\/wp-content\/uploads\/2023\/05\/Evolve-logo.svg","width":176,"height":20,"caption":"Evolve"},"image":{"@id":"https:\/\/evolve-fitness.eu\/es\/#\/schema\/logo\/image\/"},"sameAs":["https:\/\/www.facebook.com\/EvolveFitnessEurope"]}]}},"_links":{"self":[{"href":"https:\/\/evolve-fitness.eu\/es\/wp-json\/wp\/v2\/product\/238668","targetHints":{"allow":["GET"]}}],"collection":[{"href":"https:\/\/evolve-fitness.eu\/es\/wp-json\/wp\/v2\/product"}],"about":[{"href":"https:\/\/evolve-fitness.eu\/es\/wp-json\/wp\/v2\/types\/product"}],"wp:attachment":[{"href":"https:\/\/evolve-fitness.eu\/es\/wp-json\/wp\/v2\/media?parent=238668"}],"wp:term":[{"taxonomy":"product_brand","embeddable":true,"href":"https:\/\/evolve-fitness.eu\/es\/wp-json\/wp\/v2\/product_brand?post=238668"},{"taxonomy":"product_cat","embeddable":true,"href":"https:\/\/evolve-fitness.eu\/es\/wp-json\/wp\/v2\/product_cat?post=238668"},{"taxonomy":"product_tag","embeddable":true,"href":"https:\/\/evolve-fitness.eu\/es\/wp-json\/wp\/v2\/product_tag?post=238668"}],"curies":[{"name":"wp","href":"https:\/\/api.w.org\/{rel}","templated":true}]}}