{"id":238673,"date":"2023-08-23T14:26:48","date_gmt":"2023-08-23T11:26:48","guid":{"rendered":"https:\/\/evolve-fitness.eu\/product\/evolve-prime-series-descensor-de-piernas-selectorizado-2\/"},"modified":"2026-04-23T10:06:17","modified_gmt":"2026-04-23T07:06:17","slug":"evolve-prime-series-descensor-de-piernas-selectorizado-2","status":"publish","type":"product","link":"https:\/\/evolve-fitness.eu\/es\/producto\/evolve-prime-series-descensor-de-piernas-selectorizado-2\/","title":{"rendered":"Evolve Prime Series Descensor de piernas selectorizado"},"content":{"rendered":"\n<section class=\"wp-block-group alignfull has-lightgray-background-color has-background is-layout-constrained wp-block-group-is-layout-constrained\">\n<div class=\"wp-block-columns alignwide is-layout-flex wp-container-core-columns-is-layout-2edb0647 wp-block-columns-is-layout-flex\" style=\"margin-top:0;margin-bottom:0\">\n<div class=\"wp-block-column is-layout-flow wp-block-column-is-layout-flow\" style=\"flex-basis:33.33%\"><\/div>\n\n\n\n<div class=\"wp-block-column is-layout-flow wp-block-column-is-layout-flow\" style=\"flex-basis:66.66%\"><\/div>\n<\/div>\n<\/section>\n\n<section class=\"wp-block-group alignfull black-content has-white-color has-darkgray-background-color has-text-color has-background is-layout-constrained wp-block-group-is-layout-constrained\" style=\"padding-top:var(--wp--preset--spacing--section-bottom);padding-bottom:var(--wp--preset--spacing--section-bottom)\">\n<section class=\"wp-block-group alignfull black-content has-white-color has-darkgray-background-color has-text-color has-background is-layout-constrained wp-block-group-is-layout-constrained\" style=\"padding-top:var(--wp--preset--spacing--section-bottom);padding-bottom:var(--wp--preset--spacing--section-bottom)\">\n<div class=\"wp-block-columns alignwide mobile-reverse is-layout-flex wp-container-core-columns-is-layout-ca64bf2d wp-block-columns-is-layout-flex\" style=\"margin-bottom:var(--wp--preset--spacing--side-padding)\">\n<div class=\"wp-block-column is-vertically-aligned-center is-layout-flow wp-block-column-is-layout-flow\">\n<h3 class=\"wp-block-heading\" style=\"margin-bottom:var(--wp--preset--spacing--h-3-bottom)\">Revolu\u021bioneaz\u0103-\u021bi antrenamentele<\/h3>\n\n\n\n<p><em><strong>Ma\u0219ini selec\u021bionate din seria Evolve Prime<\/strong><\/em><\/p>\n\n\n\n<p style=\"margin-bottom:var(--wp--preset--spacing--tb-section-padding)\">Ridica\u021bi-v\u0103 c\u0103l\u0103toria de fitness cu aparatele selectorizate Evolve Prime Series. Dise\u00f1ados para ser antrenamente eficientes, estos aparatos ofrecen una amplia gama de caracter\u00edsticas para mejorar el rendimiento y la rutina de ejercicio. Cu scaune \u0219i sp\u0103tare reglabile, utilizatorii \u00ee\u0219i pot personaliza pozi\u021biile de antrenament pentru un confort maxim. El mueble est\u00e1 fabricado con una estructura ovalada de gran durabilidad, que ofrece un dise\u00f1o elegante y una larga vida \u00fatil en el \u00e1mbito comercial. O baz\u0103 tapi\u021bat\u0103 confortabil\u0103 asigur\u0103 stabilitate \u00een timpul antrenamentelor, \u00een timp ce m\u00e2nerele antiderapante, designul cu turn cu profil redus, dimensiunea compact\u0103 \u0219i culorile personalizabile ale cadrului \u0219i tapi\u021beriei adaug\u0103 o not\u0103 de stil s\u0103lii dvs. de sport. Descoperi\u021bi mi\u0219carea unilateral\u0103 \u0219i bra\u021bele cu ax\u0103 convergent\u0103 care ofer\u0103 o experien\u021b\u0103 de antrenament natural\u0103 \u0219i echilibrat\u0103.      <\/p>\n\n\n\n<h3 class=\"wp-block-heading\" style=\"margin-bottom:var(--wp--preset--spacing--h-3-bottom)\">Excelen\u021b\u0103 ergonomic\u0103<\/h3>\n\n\n\n<p><strong><em>Adaptat la corpul dumneavoastr\u0103<\/em><\/strong><\/p>\n\n\n\n<p>El dise\u00f1o ergon\u00f3mico de las almohadillas selectorizadas se adapta a la anatom\u00eda del cuerpo humano. Acest lucru asigur\u0103 pozi\u021bionarea corect\u0103 a corpului \u0219i stabilizeaz\u0103 articula\u021biile \u00een timpul antrenamentului. Las ruedas est\u00e1n fabricadas con un material antideslizante que garantiza la m\u00e1xima estabilidad y seguridad del anclaje. Scaunele \u0219i sp\u0103tarele reglabile le permit utilizatorilor s\u0103 g\u0103seasc\u0103 pozi\u021bia perfect\u0103 de antrenament, \u00een func\u021bie de nevoile lor individuale. M\u00e2nerele de reglare, vopsite \u00eentr-o culoare ro\u0219ie aprins\u0103, sunt u\u0219or de identificat \u0219i u\u0219or de utilizat.    <\/p>\n<\/div>\n\n\n\n<div class=\"wp-block-column is-vertically-aligned-center is-layout-flow wp-block-column-is-layout-flow\">\n<figure class=\"wp-block-image size-large is-resized is-style-rounded\"><img loading=\"lazy\" decoding=\"async\" src=\"https:\/\/evolve-fitness.eu\/wp-content\/uploads\/2023\/08\/3-4-edited.jpg\" alt=\"\" class=\"wp-image-2841\" style=\"width:684px;height:684px\" width=\"684\" height=\"684\" srcset=\"https:\/\/evolve-fitness.eu\/wp-content\/uploads\/2023\/08\/3-4-edited.jpg 1536w, https:\/\/evolve-fitness.eu\/wp-content\/uploads\/2023\/08\/3-4-edited-300x300.jpg 300w, https:\/\/evolve-fitness.eu\/wp-content\/uploads\/2023\/08\/3-4-edited-150x150.jpg 150w, https:\/\/evolve-fitness.eu\/wp-content\/uploads\/2023\/08\/3-4-edited-600x600.jpg 600w, https:\/\/evolve-fitness.eu\/wp-content\/uploads\/2023\/08\/3-4-edited-1024x1024.jpg 1024w, https:\/\/evolve-fitness.eu\/wp-content\/uploads\/2023\/08\/3-4-edited-768x768.jpg 768w\" sizes=\"auto, (max-width: 684px) 100vw, 684px\" \/><\/figure>\n<\/div>\n<\/div>\n<\/section>\n\n\n\n<section class=\"wp-block-group alignfull black-content has-white-color has-darkgray-background-color has-text-color has-background is-layout-constrained wp-block-group-is-layout-constrained\" style=\"padding-top:var(--wp--preset--spacing--section-bottom);padding-bottom:var(--wp--preset--spacing--section-bottom)\">\n<div class=\"wp-block-columns alignwide mobile-reverse is-layout-flex wp-container-core-columns-is-layout-ca64bf2d wp-block-columns-is-layout-flex\" style=\"margin-bottom:var(--wp--preset--spacing--side-padding)\">\n<div class=\"wp-block-column is-vertically-aligned-center is-layout-flow wp-block-column-is-layout-flow\">\n<figure class=\"wp-block-image size-large is-resized is-style-rounded\"><img loading=\"lazy\" decoding=\"async\" src=\"https:\/\/evolve-fitness.eu\/wp-content\/uploads\/2023\/08\/13-2-767x1024.jpg\" alt=\"\" class=\"wp-image-2363\" style=\"width:594px;height:794px\" width=\"594\" height=\"794\" srcset=\"https:\/\/evolve-fitness.eu\/wp-content\/uploads\/2023\/08\/13-2-767x1024.jpg 767w, https:\/\/evolve-fitness.eu\/wp-content\/uploads\/2023\/08\/13-2-300x401.jpg 300w, https:\/\/evolve-fitness.eu\/wp-content\/uploads\/2023\/08\/13-2-112x150.jpg 112w, https:\/\/evolve-fitness.eu\/wp-content\/uploads\/2023\/08\/13-2-600x801.jpg 600w, https:\/\/evolve-fitness.eu\/wp-content\/uploads\/2023\/08\/13-2-225x300.jpg 225w, https:\/\/evolve-fitness.eu\/wp-content\/uploads\/2023\/08\/13-2-768x1026.jpg 768w, https:\/\/evolve-fitness.eu\/wp-content\/uploads\/2023\/08\/13-2.jpg 864w\" sizes=\"auto, (max-width: 594px) 100vw, 594px\" \/><\/figure>\n<\/div>\n\n\n\n<div class=\"wp-block-column is-vertically-aligned-center is-layout-flow wp-block-column-is-layout-flow\">\n<h3 class=\"wp-block-heading\" style=\"margin-bottom:var(--wp--preset--spacing--h-3-bottom)\">Siguran\u021b\u0103 \u0219i simplitate<\/h3>\n\n\n\n<p><strong><em>Ajust\u0103ri f\u0103r\u0103 efort<\/em><\/strong><\/p>\n\n\n\n<p style=\"margin-bottom:var(--wp--preset--spacing--tb-section-padding)\">Siguran\u021ba este primordial\u0103, motiv pentru care stivele de greut\u0103\u021bi ale tuturor aparatelor de for\u021b\u0103 selectorizate sunt complet acoperite cu capace de plastic opac. Este producto no contiene esporas, sino que ofrece un aspecto atractivo. Schimbarea rezisten\u021bei este foarte u\u0219oar\u0103 &#8211; pur \u0219i simplu glisa\u021bi \u0219tiftul \u00een stiva de greutate dorit\u0103. Fiecare plac\u0103 de greutate este protejat\u0103 de un strat suplimentar rezistent la coroziune.   <\/p>\n\n\n\n<h3 class=\"wp-block-heading\" style=\"margin-bottom:var(--wp--preset--spacing--h-3-bottom)\">Multifuncional<\/h3>\n\n\n\n<p><strong><em>Comoditate la \u00eendem\u00e2na dumneavoastr\u0103<\/em><\/strong><\/p>\n\n\n\n<p>Compartimentele de depozitare \u00eencorporate permit utilizatorilor s\u0103 \u021bin\u0103 la \u00eendem\u00e2n\u0103 obiecte esen\u021biale, precum sticle de ap\u0103, playere muzicale sau telefoane mobile. Pl\u0103cu\u021bele informative descriu grupurile de mu\u0219chi pe care le vizeaz\u0103 fiecare antrenor, oferind pozi\u021bionarea corect\u0103 a corpului \u0219i \u00eendrumarea mi\u0219c\u0103rilor pentru a se asigura c\u0103 exerci\u021biile sunt efectuate corect. Bra\u021bele cu ax\u0103 convergent\u0103 imit\u0103 mi\u0219c\u0103rile naturale, iar mi\u0219carea unilateral\u0103 a m\u00e2nerului permite angajarea mu\u0219chilor \u021binti\u021bi, fie c\u0103 se utilizeaz\u0103 una sau ambele m\u00e2ini, promov\u00e2nd puterea cu simetrie \u0219i echilibru.  <\/p>\n<\/div>\n<\/div>\n<\/section>\n\n\n\n<section class=\"wp-block-group alignfull black-content has-white-color has-darkgray-background-color has-text-color has-background is-layout-constrained wp-block-group-is-layout-constrained\" style=\"padding-top:var(--wp--preset--spacing--section-bottom);padding-bottom:var(--wp--preset--spacing--section-bottom)\">\n<div class=\"wp-block-columns alignwide mobile-reverse is-layout-flex wp-container-core-columns-is-layout-ca64bf2d wp-block-columns-is-layout-flex\" style=\"margin-bottom:var(--wp--preset--spacing--side-padding)\">\n<div class=\"wp-block-column is-vertically-aligned-center is-layout-flow wp-block-column-is-layout-flow\">\n<h3 class=\"wp-block-heading\" style=\"margin-bottom:var(--wp--preset--spacing--h-3-bottom)\">Confort somptuos<\/h3>\n\n\n\n<p><strong><em>Tapi\u021berie de sus\u021binere<\/em><\/strong><\/p>\n\n\n\n<p style=\"margin-bottom:var(--wp--preset--spacing--tb-section-padding)\">Siguran\u021ba este primordial\u0103, motiv pentru care stivele de greut\u0103\u021bi ale tuturor aparatelor de for\u021b\u0103 selectorizate sunt complet acoperite cu capace de plastic opac. Este producto no contiene esporas, sino que ofrece un aspecto atractivo. Schimbarea rezisten\u021bei este foarte u\u0219oar\u0103 &#8211; pur \u0219i simplu glisa\u021bi \u0219tiftul \u00een stiva de greutate dorit\u0103. Fiecare plac\u0103 de greutate este protejat\u0103 de un strat suplimentar rezistent la coroziune.   <\/p>\n\n\n\n<h3 class=\"wp-block-heading\" style=\"margin-bottom:var(--wp--preset--spacing--h-3-bottom)\">Construido para durar<\/h3>\n\n\n\n<p><strong><em>Cadru robusto<\/em><\/strong><\/p>\n\n\n\n<p>Fabricado con tubos ovalados sudados y accionados por pulverizador, su dise\u00f1o es extremadamente duradero y resistente a la rotura. Si quieres sunte\u021bi un usuario casu\u00edstico en el uso de calit\u0103\u021bii, si quieres sunte\u021bi o salones de gimnasia profesional o centros comerciales de fitness, incluidos los militares, hoteles, pensiones y centros de rehabilitaci\u00f3n, estos aparatos est\u00e1n dise\u00f1ados para satisfacer las necesidades de a\u0219tept\u0103rile. <\/p>\n\n\n\n<p> <\/p>\n\n\n\n<div class=\"wp-block-columns is-layout-flex wp-container-core-columns-is-layout-9d6595d7 wp-block-columns-is-layout-flex\">\n<div class=\"wp-block-column is-layout-flow wp-block-column-is-layout-flow\">\n<div class=\"wp-block-columns is-layout-flex wp-container-core-columns-is-layout-9d6595d7 wp-block-columns-is-layout-flex\">\n<div class=\"wp-block-column is-layout-flow wp-block-column-is-layout-flow\"><\/div>\n<\/div>\n<\/div>\n<\/div>\n\n\n\n<h3 class=\"wp-block-heading\" style=\"margin-bottom:var(--wp--preset--spacing--h-3-bottom)\">Ideal para profesionales<\/h3>\n\n\n\n<p><strong><em>Personaliza\u021bi-v\u0103 sala de deporte<\/em><\/strong><\/p>\n\n\n\n<p>\u00cembun\u0103t\u0103\u021bi\u021bi imaginea de marc\u0103 a s\u0103lii dvs. de sport cu echipamente care se potrivesc cu stilul dvs. Atunci c\u00e2nd comanda\u021bi echipamentul Evolve, \u00eel vom asorta cu schema de culori a interiorului dvs. \u0219i vom personaliza culorile cadrului \u0219i ale tapi\u021beriei pentru a se potrivi spa\u021biului dvs. Experimenta\u021bi solu\u021bia pe care o a\u0219tepta\u021bi &#8211; echipamente de fitness personalizate \u00een func\u021bie de nevoile dumneavoastr\u0103. Alege\u021bi echipamente de fitness de \u00eenalt\u0103 calitate, care exceleaz\u0103 \u00eentr-un mediu comercial \u0219i \u00een acela\u0219i timp completeaz\u0103 schema de culori din interior.     <\/p>\n<\/div>\n\n\n\n<div class=\"wp-block-column is-vertically-aligned-center is-layout-flow wp-block-column-is-layout-flow\">\n<figure class=\"wp-block-image size-large is-resized is-style-rounded\"><img loading=\"lazy\" decoding=\"async\" src=\"https:\/\/evolve-fitness.eu\/wp-content\/uploads\/2023\/08\/33-edited.jpg\" alt=\"\" class=\"wp-image-2843\" style=\"width:572px;height:763px\" width=\"572\" height=\"763\" srcset=\"https:\/\/evolve-fitness.eu\/wp-content\/uploads\/2023\/08\/33-edited.jpg 648w, https:\/\/evolve-fitness.eu\/wp-content\/uploads\/2023\/08\/33-edited-300x400.jpg 300w, https:\/\/evolve-fitness.eu\/wp-content\/uploads\/2023\/08\/33-edited-113x150.jpg 113w, https:\/\/evolve-fitness.eu\/wp-content\/uploads\/2023\/08\/33-edited-600x800.jpg 600w, https:\/\/evolve-fitness.eu\/wp-content\/uploads\/2023\/08\/33-edited-225x300.jpg 225w\" sizes=\"auto, (max-width: 572px) 100vw, 572px\" \/><\/figure>\n<\/div>\n<\/div>\n<\/section>\n<\/section>\n","protected":false},"excerpt":{"rendered":"<p>Ridica\u021bi-v\u0103 antrenamentele cu Evolve PR-213 Selectorized Lat Pulldown. Dise\u00f1ada para ofrecer comodidad y seguridad, est\u00e1 fabricada con una forma ergon\u00f3mica. Caracteristicile reglabile \u0219i stivele de greut\u0103\u021bi \u00eenvelite \u00eembun\u0103t\u0103\u021besc experien\u021ba dumneavoastr\u0103. Cadrul durabil, spa\u021biul de depozitare \u00eencorporat \u0219i culorile personalizabile \u00eel fac ideal pentru uz comercial. Ridica\u021bi spa\u021biul de fitness cu Evolve PR-213.    <\/p>\n","protected":false},"featured_media":0,"template":"","meta":{"_acf_changed":false,"inline_featured_image":false},"product_brand":[],"product_cat":[13029],"product_tag":[],"class_list":{"0":"post-238673","1":"product","2":"type-product","3":"status-publish","5":"product_cat-engranaje-hyrox","7":"first","8":"instock","9":"shipping-taxable","10":"purchasable","11":"product-type-simple"},"acf":{"long_title":"","subtitle":"","specifications":null,"product_frequently_asked_questions":null},"yoast_head":"<!-- This site is optimized with the Yoast SEO plugin v27.4 - https:\/\/yoast.com\/product\/yoast-seo-wordpress\/ -->\n<title>Evolve Prime Series Descensor de piernas selectorizado - Evolve<\/title>\n<meta name=\"robots\" content=\"index, follow, max-snippet:-1, max-image-preview:large, max-video-preview:-1\" \/>\n<link rel=\"canonical\" href=\"https:\/\/evolve-fitness.eu\/es\/producto\/evolve-prime-series-descensor-de-piernas-selectorizado-2\/\" \/>\n<meta property=\"og:locale\" content=\"es_ES\" \/>\n<meta property=\"og:type\" content=\"article\" \/>\n<meta property=\"og:title\" content=\"Evolve Prime Series Descensor de piernas selectorizado - Evolve\" \/>\n<meta property=\"og:url\" content=\"https:\/\/evolve-fitness.eu\/es\/producto\/evolve-prime-series-descensor-de-piernas-selectorizado-2\/\" \/>\n<meta property=\"og:site_name\" content=\"Evolve\" \/>\n<meta property=\"article:publisher\" content=\"https:\/\/www.facebook.com\/EvolveFitnessEurope\" \/>\n<meta property=\"article:modified_time\" content=\"2026-04-23T07:06:17+00:00\" \/>\n<meta property=\"og:image\" content=\"https:\/\/evolve-fitness.eu\/wp-content\/uploads\/2023\/08\/3-4-edited.jpg\" \/>\n\t<meta property=\"og:image:width\" content=\"1536\" \/>\n\t<meta property=\"og:image:height\" content=\"1536\" \/>\n\t<meta property=\"og:image:type\" content=\"image\/jpeg\" \/>\n<meta name=\"twitter:card\" content=\"summary_large_image\" \/>\n<script type=\"application\/ld+json\" class=\"yoast-schema-graph\">{\"@context\":\"https:\\\/\\\/schema.org\",\"@graph\":[{\"@type\":\"WebPage\",\"@id\":\"https:\\\/\\\/evolve-fitness.eu\\\/es\\\/producto\\\/evolve-prime-series-descensor-de-piernas-selectorizado-2\\\/\",\"url\":\"https:\\\/\\\/evolve-fitness.eu\\\/es\\\/producto\\\/evolve-prime-series-descensor-de-piernas-selectorizado-2\\\/\",\"name\":\"Evolve Prime Series Descensor de piernas selectorizado - Evolve\",\"isPartOf\":{\"@id\":\"https:\\\/\\\/evolve-fitness.eu\\\/es\\\/#website\"},\"primaryImageOfPage\":{\"@id\":\"https:\\\/\\\/evolve-fitness.eu\\\/es\\\/producto\\\/evolve-prime-series-descensor-de-piernas-selectorizado-2\\\/#primaryimage\"},\"image\":{\"@id\":\"https:\\\/\\\/evolve-fitness.eu\\\/es\\\/producto\\\/evolve-prime-series-descensor-de-piernas-selectorizado-2\\\/#primaryimage\"},\"thumbnailUrl\":\"https:\\\/\\\/evolve-fitness.eu\\\/wp-content\\\/uploads\\\/2023\\\/08\\\/3-4-edited.jpg\",\"datePublished\":\"2023-08-23T11:26:48+00:00\",\"dateModified\":\"2026-04-23T07:06:17+00:00\",\"breadcrumb\":{\"@id\":\"https:\\\/\\\/evolve-fitness.eu\\\/es\\\/producto\\\/evolve-prime-series-descensor-de-piernas-selectorizado-2\\\/#breadcrumb\"},\"inLanguage\":\"es\",\"potentialAction\":[{\"@type\":\"ReadAction\",\"target\":[\"https:\\\/\\\/evolve-fitness.eu\\\/es\\\/producto\\\/evolve-prime-series-descensor-de-piernas-selectorizado-2\\\/\"]}]},{\"@type\":\"ImageObject\",\"inLanguage\":\"es\",\"@id\":\"https:\\\/\\\/evolve-fitness.eu\\\/es\\\/producto\\\/evolve-prime-series-descensor-de-piernas-selectorizado-2\\\/#primaryimage\",\"url\":\"https:\\\/\\\/evolve-fitness.eu\\\/wp-content\\\/uploads\\\/2023\\\/08\\\/3-4-edited.jpg\",\"contentUrl\":\"https:\\\/\\\/evolve-fitness.eu\\\/wp-content\\\/uploads\\\/2023\\\/08\\\/3-4-edited.jpg\"},{\"@type\":\"BreadcrumbList\",\"@id\":\"https:\\\/\\\/evolve-fitness.eu\\\/es\\\/producto\\\/evolve-prime-series-descensor-de-piernas-selectorizado-2\\\/#breadcrumb\",\"itemListElement\":[{\"@type\":\"ListItem\",\"position\":1,\"name\":\"Home\",\"item\":\"https:\\\/\\\/evolve-fitness.eu\\\/es\\\/\"},{\"@type\":\"ListItem\",\"position\":2,\"name\":\"Productos\",\"item\":\"https:\\\/\\\/evolve-fitness.eu\\\/es\\\/shop\\\/\"},{\"@type\":\"ListItem\",\"position\":3,\"name\":\"Evolve Prime Series Descensor de piernas selectorizado\"}]},{\"@type\":\"WebSite\",\"@id\":\"https:\\\/\\\/evolve-fitness.eu\\\/es\\\/#website\",\"url\":\"https:\\\/\\\/evolve-fitness.eu\\\/es\\\/\",\"name\":\"Evolve\",\"description\":\"Your Evolved Gear Arrived\",\"publisher\":{\"@id\":\"https:\\\/\\\/evolve-fitness.eu\\\/es\\\/#organization\"},\"potentialAction\":[{\"@type\":\"SearchAction\",\"target\":{\"@type\":\"EntryPoint\",\"urlTemplate\":\"https:\\\/\\\/evolve-fitness.eu\\\/es\\\/?s={search_term_string}\"},\"query-input\":{\"@type\":\"PropertyValueSpecification\",\"valueRequired\":true,\"valueName\":\"search_term_string\"}}],\"inLanguage\":\"es\"},{\"@type\":\"Organization\",\"@id\":\"https:\\\/\\\/evolve-fitness.eu\\\/es\\\/#organization\",\"name\":\"Evolve\",\"url\":\"https:\\\/\\\/evolve-fitness.eu\\\/es\\\/\",\"logo\":{\"@type\":\"ImageObject\",\"inLanguage\":\"es\",\"@id\":\"https:\\\/\\\/evolve-fitness.eu\\\/es\\\/#\\\/schema\\\/logo\\\/image\\\/\",\"url\":\"https:\\\/\\\/evolve-fitness.eu\\\/wp-content\\\/uploads\\\/2023\\\/05\\\/Evolve-logo.svg\",\"contentUrl\":\"https:\\\/\\\/evolve-fitness.eu\\\/wp-content\\\/uploads\\\/2023\\\/05\\\/Evolve-logo.svg\",\"width\":176,\"height\":20,\"caption\":\"Evolve\"},\"image\":{\"@id\":\"https:\\\/\\\/evolve-fitness.eu\\\/es\\\/#\\\/schema\\\/logo\\\/image\\\/\"},\"sameAs\":[\"https:\\\/\\\/www.facebook.com\\\/EvolveFitnessEurope\"]}]}<\/script>\n<!-- \/ Yoast SEO plugin. -->","yoast_head_json":{"title":"Evolve Prime Series Descensor de piernas selectorizado - Evolve","robots":{"index":"index","follow":"follow","max-snippet":"max-snippet:-1","max-image-preview":"max-image-preview:large","max-video-preview":"max-video-preview:-1"},"canonical":"https:\/\/evolve-fitness.eu\/es\/producto\/evolve-prime-series-descensor-de-piernas-selectorizado-2\/","og_locale":"es_ES","og_type":"article","og_title":"Evolve Prime Series Descensor de piernas selectorizado - Evolve","og_url":"https:\/\/evolve-fitness.eu\/es\/producto\/evolve-prime-series-descensor-de-piernas-selectorizado-2\/","og_site_name":"Evolve","article_publisher":"https:\/\/www.facebook.com\/EvolveFitnessEurope","article_modified_time":"2026-04-23T07:06:17+00:00","og_image":[{"width":1536,"height":1536,"url":"https:\/\/evolve-fitness.eu\/wp-content\/uploads\/2023\/08\/3-4-edited.jpg","type":"image\/jpeg"}],"twitter_card":"summary_large_image","schema":{"@context":"https:\/\/schema.org","@graph":[{"@type":"WebPage","@id":"https:\/\/evolve-fitness.eu\/es\/producto\/evolve-prime-series-descensor-de-piernas-selectorizado-2\/","url":"https:\/\/evolve-fitness.eu\/es\/producto\/evolve-prime-series-descensor-de-piernas-selectorizado-2\/","name":"Evolve Prime Series Descensor de piernas selectorizado - Evolve","isPartOf":{"@id":"https:\/\/evolve-fitness.eu\/es\/#website"},"primaryImageOfPage":{"@id":"https:\/\/evolve-fitness.eu\/es\/producto\/evolve-prime-series-descensor-de-piernas-selectorizado-2\/#primaryimage"},"image":{"@id":"https:\/\/evolve-fitness.eu\/es\/producto\/evolve-prime-series-descensor-de-piernas-selectorizado-2\/#primaryimage"},"thumbnailUrl":"https:\/\/evolve-fitness.eu\/wp-content\/uploads\/2023\/08\/3-4-edited.jpg","datePublished":"2023-08-23T11:26:48+00:00","dateModified":"2026-04-23T07:06:17+00:00","breadcrumb":{"@id":"https:\/\/evolve-fitness.eu\/es\/producto\/evolve-prime-series-descensor-de-piernas-selectorizado-2\/#breadcrumb"},"inLanguage":"es","potentialAction":[{"@type":"ReadAction","target":["https:\/\/evolve-fitness.eu\/es\/producto\/evolve-prime-series-descensor-de-piernas-selectorizado-2\/"]}]},{"@type":"ImageObject","inLanguage":"es","@id":"https:\/\/evolve-fitness.eu\/es\/producto\/evolve-prime-series-descensor-de-piernas-selectorizado-2\/#primaryimage","url":"https:\/\/evolve-fitness.eu\/wp-content\/uploads\/2023\/08\/3-4-edited.jpg","contentUrl":"https:\/\/evolve-fitness.eu\/wp-content\/uploads\/2023\/08\/3-4-edited.jpg"},{"@type":"BreadcrumbList","@id":"https:\/\/evolve-fitness.eu\/es\/producto\/evolve-prime-series-descensor-de-piernas-selectorizado-2\/#breadcrumb","itemListElement":[{"@type":"ListItem","position":1,"name":"Home","item":"https:\/\/evolve-fitness.eu\/es\/"},{"@type":"ListItem","position":2,"name":"Productos","item":"https:\/\/evolve-fitness.eu\/es\/shop\/"},{"@type":"ListItem","position":3,"name":"Evolve Prime Series Descensor de piernas selectorizado"}]},{"@type":"WebSite","@id":"https:\/\/evolve-fitness.eu\/es\/#website","url":"https:\/\/evolve-fitness.eu\/es\/","name":"Evolve","description":"Your Evolved Gear Arrived","publisher":{"@id":"https:\/\/evolve-fitness.eu\/es\/#organization"},"potentialAction":[{"@type":"SearchAction","target":{"@type":"EntryPoint","urlTemplate":"https:\/\/evolve-fitness.eu\/es\/?s={search_term_string}"},"query-input":{"@type":"PropertyValueSpecification","valueRequired":true,"valueName":"search_term_string"}}],"inLanguage":"es"},{"@type":"Organization","@id":"https:\/\/evolve-fitness.eu\/es\/#organization","name":"Evolve","url":"https:\/\/evolve-fitness.eu\/es\/","logo":{"@type":"ImageObject","inLanguage":"es","@id":"https:\/\/evolve-fitness.eu\/es\/#\/schema\/logo\/image\/","url":"https:\/\/evolve-fitness.eu\/wp-content\/uploads\/2023\/05\/Evolve-logo.svg","contentUrl":"https:\/\/evolve-fitness.eu\/wp-content\/uploads\/2023\/05\/Evolve-logo.svg","width":176,"height":20,"caption":"Evolve"},"image":{"@id":"https:\/\/evolve-fitness.eu\/es\/#\/schema\/logo\/image\/"},"sameAs":["https:\/\/www.facebook.com\/EvolveFitnessEurope"]}]}},"_links":{"self":[{"href":"https:\/\/evolve-fitness.eu\/es\/wp-json\/wp\/v2\/product\/238673","targetHints":{"allow":["GET"]}}],"collection":[{"href":"https:\/\/evolve-fitness.eu\/es\/wp-json\/wp\/v2\/product"}],"about":[{"href":"https:\/\/evolve-fitness.eu\/es\/wp-json\/wp\/v2\/types\/product"}],"wp:attachment":[{"href":"https:\/\/evolve-fitness.eu\/es\/wp-json\/wp\/v2\/media?parent=238673"}],"wp:term":[{"taxonomy":"product_brand","embeddable":true,"href":"https:\/\/evolve-fitness.eu\/es\/wp-json\/wp\/v2\/product_brand?post=238673"},{"taxonomy":"product_cat","embeddable":true,"href":"https:\/\/evolve-fitness.eu\/es\/wp-json\/wp\/v2\/product_cat?post=238673"},{"taxonomy":"product_tag","embeddable":true,"href":"https:\/\/evolve-fitness.eu\/es\/wp-json\/wp\/v2\/product_tag?post=238673"}],"curies":[{"name":"wp","href":"https:\/\/api.w.org\/{rel}","templated":true}]}}