{"id":238688,"date":"2023-08-24T06:34:35","date_gmt":"2023-08-24T03:34:35","guid":{"rendered":"https:\/\/evolve-fitness.eu\/product\/evolve-serie-prime-selektorizovany-stojici-lytkovy-extenzor\/"},"modified":"2026-04-23T10:06:48","modified_gmt":"2026-04-23T07:06:48","slug":"evolve-serie-prime-selektorizovany-stojici-lytkovy-extenzor","status":"publish","type":"product","link":"https:\/\/evolve-fitness.eu\/es\/producto\/evolve-serie-prime-selektorizovany-stojici-lytkovy-extenzor\/","title":{"rendered":"Evolve Serie Prime Selektorizovan\u00fd stoj\u00edc\u00ed l\u00fdtkov\u00fd extenzor"},"content":{"rendered":"\n<section class=\"wp-block-group alignfull has-lightgray-background-color has-background is-layout-constrained wp-block-group-is-layout-constrained\">\n<div class=\"wp-block-columns alignwide is-layout-flex wp-container-core-columns-is-layout-2edb0647 wp-block-columns-is-layout-flex\" style=\"margin-top:0;margin-bottom:0\">\n<div class=\"wp-block-column is-layout-flow wp-block-column-is-layout-flow\" style=\"flex-basis:33.33%\"><\/div>\n\n\n\n<div class=\"wp-block-column is-layout-flow wp-block-column-is-layout-flow\" style=\"flex-basis:66.66%\"><\/div>\n<\/div>\n<\/section>\n\n<section class=\"wp-block-group alignfull black-content has-white-color has-darkgray-background-color has-text-color has-background is-layout-constrained wp-block-group-is-layout-constrained\" style=\"padding-top:var(--wp--preset--spacing--section-bottom);padding-bottom:var(--wp--preset--spacing--section-bottom)\">\n<section class=\"wp-block-group alignfull black-content has-white-color has-darkgray-background-color has-text-color has-background is-layout-constrained wp-block-group-is-layout-constrained\" style=\"padding-top:var(--wp--preset--spacing--section-bottom);padding-bottom:var(--wp--preset--spacing--section-bottom)\">\n<div class=\"wp-block-columns alignwide mobile-reverse is-layout-flex wp-container-core-columns-is-layout-ca64bf2d wp-block-columns-is-layout-flex\" style=\"margin-bottom:var(--wp--preset--spacing--side-padding)\">\n<div class=\"wp-block-column is-vertically-aligned-center is-layout-flow wp-block-column-is-layout-flow\">\n<h3 class=\"wp-block-heading\" style=\"margin-bottom:var(--wp--preset--spacing--h-3-bottom)\">Revoluce v tr\u00e9ninku<\/h3>\n\n\n\n<p><em><strong>Selektorov\u00e9 stroje \u0159ady Evolve Prime<\/strong><\/em><\/p>\n\n\n\n<p style=\"margin-bottom:var(--wp--preset--spacing--tb-section-padding)\">Zlep\u0161ete svou kondi\u010dn\u00ed p\u0159\u00edpravu s v\u00fdb\u011brov\u00fdmi trena\u017e\u00e9ry \u0159ady Evolve Prime. Tyto stroje jsou navr\u017eeny pro efektivn\u00ed tr\u00e9nink a nab\u00edzej\u00ed \u0159adu funkc\u00ed, kter\u00e9 vylep\u0161uj\u00ed va\u0161e cvi\u010den\u00ed. D\u00edky nastaviteln\u00fdm sedadl\u016fm a op\u011bradl\u016fm si u\u017eivatel\u00e9 mohou p\u0159izp\u016fsobit tr\u00e9ninkovou polohu pro maxim\u00e1ln\u00ed pohodl\u00ed. Stroje se mohou pochlubit mimo\u0159\u00e1dn\u011b odoln\u00fdm ov\u00e1ln\u00fdm r\u00e1mem, kter\u00fd poskytuje stylov\u00fd design i dlouhou \u017eivotnost vhodnou pro komer\u010dn\u00ed prost\u0159ed\u00ed. Pohodln\u00e1 \u010daloun\u011bn\u00e1 z\u00e1kladna zaji\u0161\u0165uje stabilitu p\u0159i cvi\u010den\u00ed, zat\u00edmco protiskluzov\u00e9 rukojeti, n\u00edzkoprofilov\u00fd design v\u011b\u017ee, kompaktn\u00ed velikost a p\u0159izp\u016fsobiteln\u00e9 barvy r\u00e1mu a \u010daloun\u011bn\u00ed dodaj\u00ed va\u0161\u00ed posilovn\u011b styl. Objevte jednostrann\u00fd pohyb a sb\u00edhaj\u00edc\u00ed se osy ramen, kter\u00e9 poskytuj\u00ed p\u0159irozen\u00fd a vyv\u00e1\u017een\u00fd tr\u00e9ninkov\u00fd z\u00e1\u017eitek.     <\/p>\n\n\n\n<h3 class=\"wp-block-heading\" style=\"margin-bottom:var(--wp--preset--spacing--h-3-bottom)\">Ergonomick\u00e1 dokonalost<\/h3>\n\n\n\n<p><strong><em>Na m\u00edru va\u0161emu t\u011blu<\/em><\/strong><\/p>\n\n\n\n<p>El dise\u00f1o ergon\u00f3mico de la barra de tracci\u00f3n se adapta a la anatom\u00eda del cuerpo. To zaji\u0161\u0165uje spr\u00e1vnou polohu t\u011bla a stabilizaci kloub\u016f b\u011bhem tr\u00e9ninku. Rukojeti jsou pota\u017eeny protiskluzov\u00fdm materi\u00e1lem, kter\u00fd zaru\u010duje maxim\u00e1ln\u00ed stabilitu a bezpe\u010dnost p\u0159i cvi\u010den\u00ed. Nastaviteln\u00e1 sedadla a op\u011bradla umo\u017e\u0148uj\u00ed u\u017eivatel\u016fm naj\u00edt ide\u00e1ln\u00ed polohu pro cvi\u010den\u00ed podle jejich individu\u00e1ln\u00edch pot\u0159eb. Nastavovac\u00ed rukojeti lakovan\u00e9 jasn\u011b \u010dervenou barvou jsou snadno rozpoznateln\u00e9 a u\u017eivatelsky p\u0159\u00edv\u011btiv\u00e9.    <\/p>\n<\/div>\n\n\n\n<div class=\"wp-block-column is-vertically-aligned-center is-layout-flow wp-block-column-is-layout-flow\">\n<figure class=\"wp-block-image size-large\"><img loading=\"lazy\" decoding=\"async\" width=\"683\" height=\"1024\" src=\"https:\/\/evolve-fitness.eu\/wp-content\/uploads\/2023\/08\/EV-SC-PR-217-1-1-683x1024.jpg\" alt=\"EV-SC-PR-217\" class=\"wp-image-167119\" srcset=\"https:\/\/evolve-fitness.eu\/wp-content\/uploads\/2023\/08\/EV-SC-PR-217-1-1-683x1024.jpg 683w, https:\/\/evolve-fitness.eu\/wp-content\/uploads\/2023\/08\/EV-SC-PR-217-1-1-200x300.jpg 200w, https:\/\/evolve-fitness.eu\/wp-content\/uploads\/2023\/08\/EV-SC-PR-217-1-1-100x150.jpg 100w, https:\/\/evolve-fitness.eu\/wp-content\/uploads\/2023\/08\/EV-SC-PR-217-1-1-768x1152.jpg 768w, https:\/\/evolve-fitness.eu\/wp-content\/uploads\/2023\/08\/EV-SC-PR-217-1-1-1024x1536.jpg 1024w, https:\/\/evolve-fitness.eu\/wp-content\/uploads\/2023\/08\/EV-SC-PR-217-1-1-1365x2048.jpg 1365w, https:\/\/evolve-fitness.eu\/wp-content\/uploads\/2023\/08\/EV-SC-PR-217-1-1-300x450.jpg 300w, https:\/\/evolve-fitness.eu\/wp-content\/uploads\/2023\/08\/EV-SC-PR-217-1-1-600x900.jpg 600w, https:\/\/evolve-fitness.eu\/wp-content\/uploads\/2023\/08\/EV-SC-PR-217-1-1.jpg 1373w\" sizes=\"auto, (max-width: 683px) 100vw, 683px\" \/><\/figure>\n<\/div>\n<\/div>\n<\/section>\n\n\n\n<section class=\"wp-block-group alignfull black-content has-white-color has-darkgray-background-color has-text-color has-background is-layout-constrained wp-block-group-is-layout-constrained\" style=\"padding-top:var(--wp--preset--spacing--section-bottom);padding-bottom:var(--wp--preset--spacing--section-bottom)\">\n<div class=\"wp-block-columns alignwide mobile-reverse is-layout-flex wp-container-core-columns-is-layout-ca64bf2d wp-block-columns-is-layout-flex\" style=\"margin-bottom:var(--wp--preset--spacing--side-padding)\">\n<div class=\"wp-block-column is-vertically-aligned-center is-layout-flow wp-block-column-is-layout-flow\">\n<figure class=\"wp-block-image size-large\"><img loading=\"lazy\" decoding=\"async\" width=\"683\" height=\"1024\" src=\"https:\/\/evolve-fitness.eu\/wp-content\/uploads\/2023\/08\/EV-SC-PR-217-3-683x1024.jpg\" alt=\"\" class=\"wp-image-167068\" srcset=\"https:\/\/evolve-fitness.eu\/wp-content\/uploads\/2023\/08\/EV-SC-PR-217-3-683x1024.jpg 683w, https:\/\/evolve-fitness.eu\/wp-content\/uploads\/2023\/08\/EV-SC-PR-217-3-200x300.jpg 200w, https:\/\/evolve-fitness.eu\/wp-content\/uploads\/2023\/08\/EV-SC-PR-217-3-100x150.jpg 100w, https:\/\/evolve-fitness.eu\/wp-content\/uploads\/2023\/08\/EV-SC-PR-217-3-768x1152.jpg 768w, https:\/\/evolve-fitness.eu\/wp-content\/uploads\/2023\/08\/EV-SC-PR-217-3-1024x1536.jpg 1024w, https:\/\/evolve-fitness.eu\/wp-content\/uploads\/2023\/08\/EV-SC-PR-217-3-1365x2048.jpg 1365w, https:\/\/evolve-fitness.eu\/wp-content\/uploads\/2023\/08\/EV-SC-PR-217-3-300x450.jpg 300w, https:\/\/evolve-fitness.eu\/wp-content\/uploads\/2023\/08\/EV-SC-PR-217-3-600x900.jpg 600w, https:\/\/evolve-fitness.eu\/wp-content\/uploads\/2023\/08\/EV-SC-PR-217-3.jpg 1373w\" sizes=\"auto, (max-width: 683px) 100vw, 683px\" \/><\/figure>\n<\/div>\n\n\n\n<div class=\"wp-block-column is-vertically-aligned-center is-layout-flow wp-block-column-is-layout-flow\">\n<h3 class=\"wp-block-heading\" style=\"margin-bottom:var(--wp--preset--spacing--h-3-bottom)\">Bezpe\u010dnost a jednoduchost<\/h3>\n\n\n\n<p><strong><em>Nastaven\u00ed bez n\u00e1mahy<\/em><\/strong><\/p>\n\n\n\n<p style=\"margin-bottom:var(--wp--preset--spacing--tb-section-padding)\">Bezpe\u010dnost je nejd\u016fle\u017eit\u011bj\u0161\u00ed, a proto jsou z\u00e1sobn\u00edky z\u00e1va\u017e\u00ed v\u0161ech posilovac\u00edch stroj\u016f s v\u00fdb\u011brov\u00fdm \u0159\u00edzen\u00edm zcela zakryty nepr\u016fhledn\u00fdmi plastov\u00fdmi kryty. To nejen zvy\u0161uje bezpe\u010dnost p\u0159i tr\u00e9ninku, ale tak\u00e9 nab\u00edz\u00ed atraktivn\u00ed vzhled. Zm\u011bna odporu je snadn\u00e1 &#8211; jednodu\u0161e zasu\u0148te kol\u00edk do po\u017eadovan\u00e9 z\u00e1t\u011b\u017ee. Ka\u017ed\u00e1 z\u00e1t\u011b\u017eov\u00e1 deska je chr\u00e1n\u011bna dal\u0161\u00ed vrstvou odolnou proti korozi.   <\/p>\n\n\n\n<h3 class=\"wp-block-heading\" style=\"margin-bottom:var(--wp--preset--spacing--h-3-bottom)\">Multifunk\u010dn\u00ed<\/h3>\n\n\n\n<p><strong><em>Pohodl\u00ed na dosah ruky<\/em><\/strong><\/p>\n\n\n\n<p>Vestav\u011bn\u00e9 \u00falo\u017en\u00e9 p\u0159ihr\u00e1dky umo\u017e\u0148uj\u00ed u\u017eivatel\u016fm m\u00edt na dosah ruky pot\u0159ebn\u00e9 v\u011bci, jako jsou l\u00e1hve s vodou, hudebn\u00ed p\u0159ehr\u00e1va\u010de nebo mobiln\u00ed telefony. Na informa\u010dn\u00edch tabulk\u00e1ch je zn\u00e1zorn\u011bno, na kter\u00e9 svalov\u00e9 skupiny se jednotliv\u00e9 trena\u017e\u00e9ry zam\u011b\u0159uj\u00ed, a je zde uvedeno spr\u00e1vn\u00e9 dr\u017een\u00ed t\u011bla a pokyny k pohybu, aby bylo zaji\u0161t\u011bno spr\u00e1vn\u00e9 prov\u00e1d\u011bn\u00ed cvik\u016f. Sb\u00edhaj\u00edc\u00ed se osy ramen napodobuj\u00ed p\u0159irozen\u00e9 pohyby a jednostrann\u00fd pohyb rukojet\u00ed umo\u017e\u0148uje c\u00edlen\u00e9 zapojen\u00ed sval\u016f, a\u0165 u\u017e jednou, nebo ob\u011bma rukama, co\u017e podporuje s\u00edlu se symetri\u00ed a rovnov\u00e1hou.  <\/p>\n<\/div>\n<\/div>\n<\/section>\n\n\n\n<section class=\"wp-block-group alignfull black-content has-white-color has-darkgray-background-color has-text-color has-background is-layout-constrained wp-block-group-is-layout-constrained\" style=\"padding-top:var(--wp--preset--spacing--section-bottom);padding-bottom:var(--wp--preset--spacing--section-bottom)\">\n<div class=\"wp-block-columns alignwide mobile-reverse is-layout-flex wp-container-core-columns-is-layout-ca64bf2d wp-block-columns-is-layout-flex\" style=\"margin-bottom:var(--wp--preset--spacing--side-padding)\">\n<div class=\"wp-block-column is-vertically-aligned-center is-layout-flow wp-block-column-is-layout-flow\">\n<h3 class=\"wp-block-heading\" style=\"margin-bottom:var(--wp--preset--spacing--h-3-bottom)\">Lujo<\/h3>\n\n\n\n<p><strong><em>Podp\u016frn\u00e9 \u010daloun\u011bn\u00ed<\/em><\/strong><\/p>\n\n\n\n<p style=\"margin-bottom:var(--wp--preset--spacing--tb-section-padding)\">Bezpe\u010dnost je nejd\u016fle\u017eit\u011bj\u0161\u00ed, a proto jsou z\u00e1sobn\u00edky z\u00e1va\u017e\u00ed v\u0161ech posilovac\u00edch stroj\u016f s v\u00fdb\u011brov\u00fdm \u0159\u00edzen\u00edm zcela zakryty nepr\u016fhledn\u00fdmi plastov\u00fdmi kryty. To nejen zvy\u0161uje bezpe\u010dnost p\u0159i tr\u00e9ninku, ale tak\u00e9 nab\u00edz\u00ed atraktivn\u00ed vzhled. Zm\u011bna odporu je snadn\u00e1 &#8211; jednodu\u0161e zasu\u0148te kol\u00edk do po\u017eadovan\u00e9 z\u00e1t\u011b\u017ee. Ka\u017ed\u00e1 z\u00e1t\u011b\u017eov\u00e1 deska je chr\u00e1n\u011bna dal\u0161\u00ed vrstvou odolnou proti korozi.   <\/p>\n\n\n\n<h3 class=\"wp-block-heading\" style=\"margin-bottom:var(--wp--preset--spacing--h-3-bottom)\">Postaveno tak, aby vydr\u017eelo<\/h3>\n\n\n\n<p><strong><em>Robustez<\/em><\/strong><\/p>\n\n\n\n<p>R\u00e1m je vyroben ze sva\u0159ovan\u00fdch, pr\u00e1\u0161kov\u011b lakovan\u00fdch ov\u00e1ln\u00fdch trubek a je nejen mimo\u0159\u00e1dn\u011b odoln\u00fd, ale tak\u00e9 nerezav\u00ed. A\u0165 u\u017e jste dom\u00e1c\u00ed u\u017eivatel, kter\u00fd hled\u00e1 kvalitu, nebo profesion\u00e1ln\u00ed posilovna \u010di komer\u010dn\u00ed fitness za\u0159\u00edzen\u00ed, v\u010detn\u011b vojensk\u00fdch z\u00e1kladen, hotel\u016f, ubytoven a rehabilita\u010dn\u00edch center, tyto stroje jsou navr\u017eeny tak, aby splnily va\u0161e o\u010dek\u00e1v\u00e1n\u00ed. <\/p>\n\n\n\n<p><\/p>\n\n\n\n<div class=\"wp-block-columns is-layout-flex wp-container-core-columns-is-layout-9d6595d7 wp-block-columns-is-layout-flex\">\n<div class=\"wp-block-column is-layout-flow wp-block-column-is-layout-flow\">\n<div class=\"wp-block-columns is-layout-flex wp-container-core-columns-is-layout-9d6595d7 wp-block-columns-is-layout-flex\">\n<div class=\"wp-block-column is-layout-flow wp-block-column-is-layout-flow\"><\/div>\n<\/div>\n<\/div>\n<\/div>\n\n\n\n<h3 class=\"wp-block-heading\" style=\"margin-bottom:var(--wp--preset--spacing--h-3-bottom)\">Ide\u00e1ln\u00ed pro profesion\u00e1ly<\/h3>\n\n\n\n<p><strong><em>P\u0159izp\u016fsobte si svou posilovnu<\/em><\/strong><\/p>\n\n\n\n<p>Vylep\u0161ete image sv\u00e9 posilovny vybaven\u00edm, kter\u00e9 odpov\u00edd\u00e1 va\u0161emu stylu. Kdy\u017e si objedn\u00e1te vybaven\u00ed Evolve, p\u0159izp\u016fsob\u00edme je va\u0161emu barevn\u00e9mu sch\u00e9matu interi\u00e9ru a barvy r\u00e1mu a \u010daloun\u011bn\u00ed p\u0159izp\u016fsob\u00edme va\u0161emu prostoru. Vyzkou\u0161ejte \u0159e\u0161en\u00ed, na kter\u00e9 jste \u010dekali &#8211; fitness vybaven\u00ed p\u0159izp\u016fsoben\u00e9 va\u0161im pot\u0159eb\u00e1m. Vyberte si vysoce kvalitn\u00ed fitness vybaven\u00ed, kter\u00e9 vynikne v komer\u010dn\u00edm prost\u0159ed\u00ed a z\u00e1rove\u0148 dopln\u00ed barevn\u00e9 sch\u00e9ma va\u0161eho interi\u00e9ru.   <\/p>\n<\/div>\n\n\n\n<div class=\"wp-block-column is-vertically-aligned-center is-layout-flow wp-block-column-is-layout-flow\">\n<figure class=\"wp-block-image size-large\"><img loading=\"lazy\" decoding=\"async\" width=\"1024\" height=\"683\" src=\"https:\/\/evolve-fitness.eu\/wp-content\/uploads\/2023\/08\/EV-SC-PR-217-2-1024x683.jpg\" alt=\"\" class=\"wp-image-167094\" srcset=\"https:\/\/evolve-fitness.eu\/wp-content\/uploads\/2023\/08\/EV-SC-PR-217-2-1024x683.jpg 1024w, https:\/\/evolve-fitness.eu\/wp-content\/uploads\/2023\/08\/EV-SC-PR-217-2-300x200.jpg 300w, https:\/\/evolve-fitness.eu\/wp-content\/uploads\/2023\/08\/EV-SC-PR-217-2-150x100.jpg 150w, https:\/\/evolve-fitness.eu\/wp-content\/uploads\/2023\/08\/EV-SC-PR-217-2-768x512.jpg 768w, https:\/\/evolve-fitness.eu\/wp-content\/uploads\/2023\/08\/EV-SC-PR-217-2-1536x1024.jpg 1536w, https:\/\/evolve-fitness.eu\/wp-content\/uploads\/2023\/08\/EV-SC-PR-217-2-2048x1365.jpg 2048w, https:\/\/evolve-fitness.eu\/wp-content\/uploads\/2023\/08\/EV-SC-PR-217-2-600x400.jpg 600w, https:\/\/evolve-fitness.eu\/wp-content\/uploads\/2023\/08\/EV-SC-PR-217-2-225x150.jpg 225w\" sizes=\"auto, (max-width: 1024px) 100vw, 1024px\" \/><\/figure>\n<\/div>\n<\/div>\n<\/section>\n<\/section>\n","protected":false},"excerpt":{"rendered":"<p>Zlep\u0161ete tr\u00e9nink nohou pomoc\u00ed l\u00fdtkov\u00e9ho n\u00e1stavce Evolve PR-217. Su dise\u00f1o ergon\u00f3mico, su dise\u00f1o ergon\u00f3mico y su dise\u00f1o ergon\u00f3mico y ergon\u00f3mico hacen que sea un juguete muy c\u00f3modo y eficaz. D\u00edky odoln\u00e9mu r\u00e1mu, p\u0159izp\u016fsobiteln\u00fdm barv\u00e1m a vestav\u011bn\u00e9mu \u00falo\u017en\u00e9mu prostoru je ide\u00e1ln\u00ed pro profesion\u00e1ln\u00ed pou\u017eit\u00ed. Vylep\u0161ete svou posilovnu t\u00edmto \u0161pi\u010dkov\u00fdm strojem na prodlu\u017eov\u00e1n\u00ed l\u00fdtek.   <\/p>\n","protected":false},"featured_media":0,"template":"","meta":{"_acf_changed":false,"inline_featured_image":false},"product_brand":[],"product_cat":[13029],"product_tag":[],"class_list":{"0":"post-238688","1":"product","2":"type-product","3":"status-publish","5":"product_cat-engranaje-hyrox","7":"first","8":"instock","9":"shipping-taxable","10":"purchasable","11":"product-type-simple"},"acf":{"long_title":"","subtitle":"","specifications":null,"product_frequently_asked_questions":null},"yoast_head":"<!-- This site is optimized with the Yoast SEO plugin v27.4 - https:\/\/yoast.com\/product\/yoast-seo-wordpress\/ -->\n<title>Evolve Serie Prime Selektorizovan\u00fd stoj\u00edc\u00ed l\u00fdtkov\u00fd extenzor - Evolve<\/title>\n<meta name=\"robots\" content=\"index, follow, max-snippet:-1, max-image-preview:large, max-video-preview:-1\" \/>\n<link rel=\"canonical\" href=\"https:\/\/evolve-fitness.eu\/es\/producto\/evolve-serie-prime-selektorizovany-stojici-lytkovy-extenzor\/\" \/>\n<meta property=\"og:locale\" content=\"es_ES\" \/>\n<meta property=\"og:type\" content=\"article\" \/>\n<meta property=\"og:title\" content=\"Evolve Serie Prime Selektorizovan\u00fd stoj\u00edc\u00ed l\u00fdtkov\u00fd extenzor - Evolve\" \/>\n<meta property=\"og:url\" content=\"https:\/\/evolve-fitness.eu\/es\/producto\/evolve-serie-prime-selektorizovany-stojici-lytkovy-extenzor\/\" \/>\n<meta property=\"og:site_name\" content=\"Evolve\" \/>\n<meta property=\"article:publisher\" content=\"https:\/\/www.facebook.com\/EvolveFitnessEurope\" \/>\n<meta property=\"article:modified_time\" content=\"2026-04-23T07:06:48+00:00\" \/>\n<meta property=\"og:image\" content=\"https:\/\/evolve-fitness.eu\/wp-content\/uploads\/2023\/08\/EV-SC-PR-217-1-1.jpg\" \/>\n\t<meta property=\"og:image:width\" content=\"1373\" \/>\n\t<meta property=\"og:image:height\" content=\"2060\" \/>\n\t<meta property=\"og:image:type\" content=\"image\/jpeg\" \/>\n<meta name=\"twitter:card\" content=\"summary_large_image\" \/>\n<script type=\"application\/ld+json\" class=\"yoast-schema-graph\">{\"@context\":\"https:\\\/\\\/schema.org\",\"@graph\":[{\"@type\":\"WebPage\",\"@id\":\"https:\\\/\\\/evolve-fitness.eu\\\/es\\\/producto\\\/evolve-serie-prime-selektorizovany-stojici-lytkovy-extenzor\\\/\",\"url\":\"https:\\\/\\\/evolve-fitness.eu\\\/es\\\/producto\\\/evolve-serie-prime-selektorizovany-stojici-lytkovy-extenzor\\\/\",\"name\":\"Evolve Serie Prime Selektorizovan\u00fd stoj\u00edc\u00ed l\u00fdtkov\u00fd extenzor - Evolve\",\"isPartOf\":{\"@id\":\"https:\\\/\\\/evolve-fitness.eu\\\/es\\\/#website\"},\"primaryImageOfPage\":{\"@id\":\"https:\\\/\\\/evolve-fitness.eu\\\/es\\\/producto\\\/evolve-serie-prime-selektorizovany-stojici-lytkovy-extenzor\\\/#primaryimage\"},\"image\":{\"@id\":\"https:\\\/\\\/evolve-fitness.eu\\\/es\\\/producto\\\/evolve-serie-prime-selektorizovany-stojici-lytkovy-extenzor\\\/#primaryimage\"},\"thumbnailUrl\":\"https:\\\/\\\/evolve-fitness.eu\\\/wp-content\\\/uploads\\\/2023\\\/08\\\/EV-SC-PR-217-1-1-683x1024.jpg\",\"datePublished\":\"2023-08-24T03:34:35+00:00\",\"dateModified\":\"2026-04-23T07:06:48+00:00\",\"breadcrumb\":{\"@id\":\"https:\\\/\\\/evolve-fitness.eu\\\/es\\\/producto\\\/evolve-serie-prime-selektorizovany-stojici-lytkovy-extenzor\\\/#breadcrumb\"},\"inLanguage\":\"es\",\"potentialAction\":[{\"@type\":\"ReadAction\",\"target\":[\"https:\\\/\\\/evolve-fitness.eu\\\/es\\\/producto\\\/evolve-serie-prime-selektorizovany-stojici-lytkovy-extenzor\\\/\"]}]},{\"@type\":\"ImageObject\",\"inLanguage\":\"es\",\"@id\":\"https:\\\/\\\/evolve-fitness.eu\\\/es\\\/producto\\\/evolve-serie-prime-selektorizovany-stojici-lytkovy-extenzor\\\/#primaryimage\",\"url\":\"https:\\\/\\\/evolve-fitness.eu\\\/wp-content\\\/uploads\\\/2023\\\/08\\\/EV-SC-PR-217-1-1-683x1024.jpg\",\"contentUrl\":\"https:\\\/\\\/evolve-fitness.eu\\\/wp-content\\\/uploads\\\/2023\\\/08\\\/EV-SC-PR-217-1-1-683x1024.jpg\"},{\"@type\":\"BreadcrumbList\",\"@id\":\"https:\\\/\\\/evolve-fitness.eu\\\/es\\\/producto\\\/evolve-serie-prime-selektorizovany-stojici-lytkovy-extenzor\\\/#breadcrumb\",\"itemListElement\":[{\"@type\":\"ListItem\",\"position\":1,\"name\":\"Home\",\"item\":\"https:\\\/\\\/evolve-fitness.eu\\\/es\\\/\"},{\"@type\":\"ListItem\",\"position\":2,\"name\":\"Productos\",\"item\":\"https:\\\/\\\/evolve-fitness.eu\\\/es\\\/shop\\\/\"},{\"@type\":\"ListItem\",\"position\":3,\"name\":\"Evolve Serie Prime Selektorizovan\u00fd stoj\u00edc\u00ed l\u00fdtkov\u00fd extenzor\"}]},{\"@type\":\"WebSite\",\"@id\":\"https:\\\/\\\/evolve-fitness.eu\\\/es\\\/#website\",\"url\":\"https:\\\/\\\/evolve-fitness.eu\\\/es\\\/\",\"name\":\"Evolve\",\"description\":\"Your Evolved Gear Arrived\",\"publisher\":{\"@id\":\"https:\\\/\\\/evolve-fitness.eu\\\/es\\\/#organization\"},\"potentialAction\":[{\"@type\":\"SearchAction\",\"target\":{\"@type\":\"EntryPoint\",\"urlTemplate\":\"https:\\\/\\\/evolve-fitness.eu\\\/es\\\/?s={search_term_string}\"},\"query-input\":{\"@type\":\"PropertyValueSpecification\",\"valueRequired\":true,\"valueName\":\"search_term_string\"}}],\"inLanguage\":\"es\"},{\"@type\":\"Organization\",\"@id\":\"https:\\\/\\\/evolve-fitness.eu\\\/es\\\/#organization\",\"name\":\"Evolve\",\"url\":\"https:\\\/\\\/evolve-fitness.eu\\\/es\\\/\",\"logo\":{\"@type\":\"ImageObject\",\"inLanguage\":\"es\",\"@id\":\"https:\\\/\\\/evolve-fitness.eu\\\/es\\\/#\\\/schema\\\/logo\\\/image\\\/\",\"url\":\"https:\\\/\\\/evolve-fitness.eu\\\/wp-content\\\/uploads\\\/2023\\\/05\\\/Evolve-logo.svg\",\"contentUrl\":\"https:\\\/\\\/evolve-fitness.eu\\\/wp-content\\\/uploads\\\/2023\\\/05\\\/Evolve-logo.svg\",\"width\":176,\"height\":20,\"caption\":\"Evolve\"},\"image\":{\"@id\":\"https:\\\/\\\/evolve-fitness.eu\\\/es\\\/#\\\/schema\\\/logo\\\/image\\\/\"},\"sameAs\":[\"https:\\\/\\\/www.facebook.com\\\/EvolveFitnessEurope\"]}]}<\/script>\n<!-- \/ Yoast SEO plugin. -->","yoast_head_json":{"title":"Evolve Serie Prime Selektorizovan\u00fd stoj\u00edc\u00ed l\u00fdtkov\u00fd extenzor - Evolve","robots":{"index":"index","follow":"follow","max-snippet":"max-snippet:-1","max-image-preview":"max-image-preview:large","max-video-preview":"max-video-preview:-1"},"canonical":"https:\/\/evolve-fitness.eu\/es\/producto\/evolve-serie-prime-selektorizovany-stojici-lytkovy-extenzor\/","og_locale":"es_ES","og_type":"article","og_title":"Evolve Serie Prime Selektorizovan\u00fd stoj\u00edc\u00ed l\u00fdtkov\u00fd extenzor - Evolve","og_url":"https:\/\/evolve-fitness.eu\/es\/producto\/evolve-serie-prime-selektorizovany-stojici-lytkovy-extenzor\/","og_site_name":"Evolve","article_publisher":"https:\/\/www.facebook.com\/EvolveFitnessEurope","article_modified_time":"2026-04-23T07:06:48+00:00","og_image":[{"width":1373,"height":2060,"url":"https:\/\/evolve-fitness.eu\/wp-content\/uploads\/2023\/08\/EV-SC-PR-217-1-1.jpg","type":"image\/jpeg"}],"twitter_card":"summary_large_image","schema":{"@context":"https:\/\/schema.org","@graph":[{"@type":"WebPage","@id":"https:\/\/evolve-fitness.eu\/es\/producto\/evolve-serie-prime-selektorizovany-stojici-lytkovy-extenzor\/","url":"https:\/\/evolve-fitness.eu\/es\/producto\/evolve-serie-prime-selektorizovany-stojici-lytkovy-extenzor\/","name":"Evolve Serie Prime Selektorizovan\u00fd stoj\u00edc\u00ed l\u00fdtkov\u00fd extenzor - Evolve","isPartOf":{"@id":"https:\/\/evolve-fitness.eu\/es\/#website"},"primaryImageOfPage":{"@id":"https:\/\/evolve-fitness.eu\/es\/producto\/evolve-serie-prime-selektorizovany-stojici-lytkovy-extenzor\/#primaryimage"},"image":{"@id":"https:\/\/evolve-fitness.eu\/es\/producto\/evolve-serie-prime-selektorizovany-stojici-lytkovy-extenzor\/#primaryimage"},"thumbnailUrl":"https:\/\/evolve-fitness.eu\/wp-content\/uploads\/2023\/08\/EV-SC-PR-217-1-1-683x1024.jpg","datePublished":"2023-08-24T03:34:35+00:00","dateModified":"2026-04-23T07:06:48+00:00","breadcrumb":{"@id":"https:\/\/evolve-fitness.eu\/es\/producto\/evolve-serie-prime-selektorizovany-stojici-lytkovy-extenzor\/#breadcrumb"},"inLanguage":"es","potentialAction":[{"@type":"ReadAction","target":["https:\/\/evolve-fitness.eu\/es\/producto\/evolve-serie-prime-selektorizovany-stojici-lytkovy-extenzor\/"]}]},{"@type":"ImageObject","inLanguage":"es","@id":"https:\/\/evolve-fitness.eu\/es\/producto\/evolve-serie-prime-selektorizovany-stojici-lytkovy-extenzor\/#primaryimage","url":"https:\/\/evolve-fitness.eu\/wp-content\/uploads\/2023\/08\/EV-SC-PR-217-1-1-683x1024.jpg","contentUrl":"https:\/\/evolve-fitness.eu\/wp-content\/uploads\/2023\/08\/EV-SC-PR-217-1-1-683x1024.jpg"},{"@type":"BreadcrumbList","@id":"https:\/\/evolve-fitness.eu\/es\/producto\/evolve-serie-prime-selektorizovany-stojici-lytkovy-extenzor\/#breadcrumb","itemListElement":[{"@type":"ListItem","position":1,"name":"Home","item":"https:\/\/evolve-fitness.eu\/es\/"},{"@type":"ListItem","position":2,"name":"Productos","item":"https:\/\/evolve-fitness.eu\/es\/shop\/"},{"@type":"ListItem","position":3,"name":"Evolve Serie Prime Selektorizovan\u00fd stoj\u00edc\u00ed l\u00fdtkov\u00fd extenzor"}]},{"@type":"WebSite","@id":"https:\/\/evolve-fitness.eu\/es\/#website","url":"https:\/\/evolve-fitness.eu\/es\/","name":"Evolve","description":"Your Evolved Gear Arrived","publisher":{"@id":"https:\/\/evolve-fitness.eu\/es\/#organization"},"potentialAction":[{"@type":"SearchAction","target":{"@type":"EntryPoint","urlTemplate":"https:\/\/evolve-fitness.eu\/es\/?s={search_term_string}"},"query-input":{"@type":"PropertyValueSpecification","valueRequired":true,"valueName":"search_term_string"}}],"inLanguage":"es"},{"@type":"Organization","@id":"https:\/\/evolve-fitness.eu\/es\/#organization","name":"Evolve","url":"https:\/\/evolve-fitness.eu\/es\/","logo":{"@type":"ImageObject","inLanguage":"es","@id":"https:\/\/evolve-fitness.eu\/es\/#\/schema\/logo\/image\/","url":"https:\/\/evolve-fitness.eu\/wp-content\/uploads\/2023\/05\/Evolve-logo.svg","contentUrl":"https:\/\/evolve-fitness.eu\/wp-content\/uploads\/2023\/05\/Evolve-logo.svg","width":176,"height":20,"caption":"Evolve"},"image":{"@id":"https:\/\/evolve-fitness.eu\/es\/#\/schema\/logo\/image\/"},"sameAs":["https:\/\/www.facebook.com\/EvolveFitnessEurope"]}]}},"_links":{"self":[{"href":"https:\/\/evolve-fitness.eu\/es\/wp-json\/wp\/v2\/product\/238688","targetHints":{"allow":["GET"]}}],"collection":[{"href":"https:\/\/evolve-fitness.eu\/es\/wp-json\/wp\/v2\/product"}],"about":[{"href":"https:\/\/evolve-fitness.eu\/es\/wp-json\/wp\/v2\/types\/product"}],"wp:attachment":[{"href":"https:\/\/evolve-fitness.eu\/es\/wp-json\/wp\/v2\/media?parent=238688"}],"wp:term":[{"taxonomy":"product_brand","embeddable":true,"href":"https:\/\/evolve-fitness.eu\/es\/wp-json\/wp\/v2\/product_brand?post=238688"},{"taxonomy":"product_cat","embeddable":true,"href":"https:\/\/evolve-fitness.eu\/es\/wp-json\/wp\/v2\/product_cat?post=238688"},{"taxonomy":"product_tag","embeddable":true,"href":"https:\/\/evolve-fitness.eu\/es\/wp-json\/wp\/v2\/product_tag?post=238688"}],"curies":[{"name":"wp","href":"https:\/\/api.w.org\/{rel}","templated":true}]}}