{"id":238718,"date":"2023-08-28T10:04:04","date_gmt":"2023-08-28T07:04:04","guid":{"rendered":"https:\/\/evolve-fitness.eu\/product\/evolve-econ-series-selektorizirana-vodoravna-vrstica\/"},"modified":"2026-04-23T10:09:16","modified_gmt":"2026-04-23T07:09:16","slug":"evolve-econ-series-selektorizirana-vodoravna-vrstica","status":"publish","type":"product","link":"https:\/\/evolve-fitness.eu\/es\/producto\/evolve-econ-series-selektorizirana-vodoravna-vrstica\/","title":{"rendered":"Evolve Econ Series Selektorizirana vodoravna vrstica"},"content":{"rendered":"\n<section class=\"wp-block-group alignfull has-lightgray-background-color has-background is-layout-constrained wp-block-group-is-layout-constrained\">\n<div class=\"wp-block-columns alignwide is-layout-flex wp-container-core-columns-is-layout-2edb0647 wp-block-columns-is-layout-flex\" style=\"margin-top:0;margin-bottom:0\">\n<div class=\"wp-block-column is-layout-flow wp-block-column-is-layout-flow\" style=\"flex-basis:33.33%\"><\/div>\n\n\n\n<div class=\"wp-block-column is-layout-flow wp-block-column-is-layout-flow\" style=\"flex-basis:66.66%\"><\/div>\n<\/div>\n<\/section>\n\n<section class=\"wp-block-group alignfull black-content has-white-color has-darkgray-background-color has-text-color has-background is-layout-constrained wp-block-group-is-layout-constrained\" style=\"padding-top:var(--wp--preset--spacing--section-bottom);padding-bottom:var(--wp--preset--spacing--section-bottom)\">\n<div class=\"wp-block-columns alignwide mobile-reverse is-layout-flex wp-container-core-columns-is-layout-ca64bf2d wp-block-columns-is-layout-flex\" style=\"margin-bottom:var(--wp--preset--spacing--side-padding)\">\n<div class=\"wp-block-column is-vertically-aligned-center is-layout-flow wp-block-column-is-layout-flow\">\n<h3 class=\"wp-block-heading\" style=\"margin-bottom:var(--wp--preset--spacing--h-3-bottom)\">Serija Evolve Econ<\/h3>\n\n\n\n<p><em><strong><em><strong>Cenovno dostopna odli\u010dnost<\/strong><\/em><\/strong><\/em><\/p>\n\n\n\n<p style=\"margin-bottom:var(--wp--preset--spacing--tb-section-padding)\">Dobrodo\u0161li v seriji Evolve Econ, kjer na novo opredeljujemo odli\u010dnost, ne da bi pri tem razbili banko. Na\u0161a serija Econ je namenjena lastnikom telovadnic, potencialnim lastnikom telovadnic in fitnes centrom vseh velikosti, saj ponuja vrsto cenovno u\u010dinkovitih izbirnih strojev, ki dajejo prednost kakovosti in zmogljivosti. Preu\u010dimo edinstvene lastnosti, zaradi katerih je serija Econ izjemna izbira za tiste, ki i\u0161\u010dejo cenovno ugodno, a visokokakovostno fitnes opremo.  <\/p>\n\n\n\n<h3 class=\"wp-block-heading\" style=\"margin-bottom:var(--wp--preset--spacing--h-3-bottom)\">Trajnost in za\u0161\u010dita<\/h3>\n\n\n\n<p><strong><em><strong><em>Prednost okvirjev, prevle\u010denih s pra\u0161no barvo<\/em><\/strong><\/em><\/strong><\/p>\n\n\n\n<p>Odkrijte trajnost na\u0161e opreme s prednostjo pra\u0161no lakiranih okvirjev. Ti okvirji so odporni na lomljenje in rjo, zato so prilagojeni za dolgo \u017eivljenjsko dobo, kar zagotavlja, da bo va\u0161a nalo\u017eba prestala preizku\u0161njo \u010dasa. Za lastnike telovadnic in fitnes centrov, ki se zavedajo prora\u010duna, je ta funkcija bistvenega pomena pri zagotavljanju opreme, ki je trajna, ne da bi pri tem okrnila prora\u010dun.  <\/p>\n<\/div>\n\n\n\n<div class=\"wp-block-column is-vertically-aligned-center is-layout-flow wp-block-column-is-layout-flow\">\n<figure class=\"wp-block-image alignright size-large is-resized is-style-rounded\"><img loading=\"lazy\" decoding=\"async\" src=\"https:\/\/evolve-fitness.eu\/wp-content\/uploads\/2023\/09\/Dizainas-be-pavadinimo-2-1024x1024.png\" alt=\"\" class=\"wp-image-4150\" style=\"object-fit:cover;width:680px;height:600px\" width=\"680\" height=\"600\"\/><\/figure>\n<\/div>\n<\/div>\n\n\n\n<div class=\"wp-block-columns alignwide is-layout-flex wp-container-core-columns-is-layout-c45ee707 wp-block-columns-is-layout-flex\" style=\"margin-bottom:var(--wp--preset--spacing--side-padding);padding-top:var(--wp--preset--spacing--side-padding)\">\n<div class=\"wp-block-column is-vertically-aligned-center is-layout-flow wp-block-column-is-layout-flow\">\n<figure class=\"wp-block-image size-full is-resized is-style-rounded\"><img loading=\"lazy\" decoding=\"async\" src=\"https:\/\/evolve-fitness.eu\/wp-content\/uploads\/2023\/09\/2655-edited.png\" alt=\"\" class=\"wp-image-4139\" style=\"object-fit:cover;width:660px;height:660px\" width=\"660\" height=\"660\" srcset=\"https:\/\/evolve-fitness.eu\/wp-content\/uploads\/2023\/09\/2655-edited.png 844w, https:\/\/evolve-fitness.eu\/wp-content\/uploads\/2023\/09\/2655-edited-300x300.png 300w, https:\/\/evolve-fitness.eu\/wp-content\/uploads\/2023\/09\/2655-edited-150x150.png 150w, https:\/\/evolve-fitness.eu\/wp-content\/uploads\/2023\/09\/2655-edited-600x600.png 600w, https:\/\/evolve-fitness.eu\/wp-content\/uploads\/2023\/09\/2655-edited-768x768.png 768w\" sizes=\"auto, (max-width: 660px) 100vw, 660px\" \/><\/figure>\n<\/div>\n\n\n\n<div class=\"wp-block-column is-vertically-aligned-center is-layout-flow wp-block-column-is-layout-flow\">\n<h3 class=\"wp-block-heading\" style=\"margin-bottom:var(--wp--preset--spacing--h-3-bottom)\">Varnost ustreza slogu<\/h3>\n\n\n\n<p><strong><em><strong><em>Zasuti skladi ute\u017ei<\/em><\/strong><\/em><\/strong><\/p>\n\n\n\n<p style=\"margin-bottom:var(--wp--preset--spacing--tb-section-padding)\">Serija Econ predstavlja kombinacijo varnosti in sloga z oblogami za ute\u017ei. Nepregledni plasti\u010dni pokrovi dajejo prednost varnosti pri vadbi, hkrati pa va\u0161emu fitnes prostoru dodajo pridih elegance. Ne glede na to, ali ste lastnik telovadnice ali fitnes navdu\u0161enec, boste cenili vizualno privla\u010dnost in varnost, ki jo ti \u0161\u010ditniki prina\u0161ajo v va\u0161o telovadnico.  <\/p>\n\n\n\n<h3 class=\"wp-block-heading\" style=\"margin-bottom:var(--wp--preset--spacing--h-3-bottom)\">Ohranite svoj prostor<\/h3>\n\n\n\n<p><strong><em><strong><em>Gumijaste blazinice za za\u0161\u010dito tal<\/em><\/strong><\/em><\/strong><\/p>\n\n\n\n<p>Z gumijastimi blazinicami poskrbite za \u010disto in nepo\u0161kodovano vadbeno okolje. Lastniki telovadnic se zavedajo, kako pomembno je ohraniti tla v telovadnici. Wild z gumijasto prevleko \u0161\u010ditijo va\u0161o talno oblogo pred praskami in morebitnimi po\u0161kodbami, zato je serija Econ stro\u0161kovno u\u010dinkovita izbira za lastnike telovadnic, ki \u017eelijo za\u0161\u010dititi svoj prostor.  <\/p>\n<\/div>\n<\/div>\n\n\n\n<div class=\"wp-block-columns alignwide are-vertically-aligned-center mobile-reverse is-layout-flex wp-container-core-columns-is-layout-e8158c2f wp-block-columns-is-layout-flex\" style=\"padding-top:var(--wp--preset--spacing--side-padding)\">\n<div class=\"wp-block-column is-vertically-aligned-center is-layout-flow wp-block-column-is-layout-flow\">\n<h3 class=\"wp-block-heading\" style=\"margin-bottom:var(--wp--preset--spacing--h-3-bottom)\">Pametno udobje<\/h3>\n\n\n\n<p><strong><em>Vgrajeno skladi\u0161\u010de za sodobno vadbo<\/em><\/strong><\/p>\n\n\n\n<p style=\"margin-bottom:var(--wp--preset--spacing--tb-section-padding)\">V dana\u0161njem okolju fitnesa je udobje pomembno. Z vgrajenim skladi\u0161\u010dem lahko lastniki telovadnic in fitnes navdu\u0161enci hranijo steklenice z vodo, mobilne telefone in druge pripomo\u010dke na dosegu roke. To je majhna, a u\u010dinkovita funkcija, ki je zasnovana tako, da zadovoljuje sodobne potrebe va\u0161ih strank po fitnesu.  <\/p>\n\n\n\n<h3 class=\"wp-block-heading\" style=\"margin-bottom:var(--wp--preset--spacing--h-3-bottom)\">Samozavest in stabilnost<\/h3>\n\n\n\n<p><strong><em>Nedrse\u010di ro\u010daji za varno vadbo<\/em><\/strong><\/p>\n\n\n\n<p>Prednost namenite varnosti in stabilnosti vadbe z nedrse\u010dimi ro\u010daji. Lastniki telovadnic in vodje fitnes centrov se zavedajo pomena opreme, ki vzbuja zaupanje. Na\u0161i ro\u010daji so prevle\u010deni z nedrse\u010dim materialom, kar uporabnikom zagotavlja varnost, ki jo potrebujejo med vadbo.  <\/p>\n<\/div>\n\n\n\n<div class=\"wp-block-column is-vertically-aligned-center is-layout-flow wp-block-column-is-layout-flow\">\n<figure class=\"wp-block-image alignright size-full is-resized is-style-rounded\"><img loading=\"lazy\" decoding=\"async\" src=\"https:\/\/evolve-fitness.eu\/wp-content\/uploads\/2023\/09\/3-edited.png\" alt=\"\" class=\"wp-image-4143\" style=\"width:665px;height:665px\" width=\"665\" height=\"665\" srcset=\"https:\/\/evolve-fitness.eu\/wp-content\/uploads\/2023\/09\/3-edited.png 808w, https:\/\/evolve-fitness.eu\/wp-content\/uploads\/2023\/09\/3-edited-300x300.png 300w, https:\/\/evolve-fitness.eu\/wp-content\/uploads\/2023\/09\/3-edited-150x150.png 150w, https:\/\/evolve-fitness.eu\/wp-content\/uploads\/2023\/09\/3-edited-600x600.png 600w, https:\/\/evolve-fitness.eu\/wp-content\/uploads\/2023\/09\/3-edited-768x768.png 768w\" sizes=\"auto, (max-width: 665px) 100vw, 665px\" \/><\/figure>\n<\/div>\n<\/div>\n\n\n\n<div class=\"wp-block-columns alignwide are-vertically-aligned-center mobile-reverse is-layout-flex wp-container-core-columns-is-layout-e8158c2f wp-block-columns-is-layout-flex\" style=\"padding-top:var(--wp--preset--spacing--side-padding)\">\n<div class=\"wp-block-column is-vertically-aligned-center is-layout-flow wp-block-column-is-layout-flow\">\n<figure class=\"wp-block-image alignright size-full is-resized is-style-rounded\"><img loading=\"lazy\" decoding=\"async\" src=\"https:\/\/evolve-fitness.eu\/wp-content\/uploads\/2023\/09\/4-2.jpg\" alt=\"\" class=\"wp-image-4154\" style=\"width:665px;height:665px\" width=\"665\" height=\"665\" srcset=\"https:\/\/evolve-fitness.eu\/wp-content\/uploads\/2023\/09\/4-2.jpg 945w, https:\/\/evolve-fitness.eu\/wp-content\/uploads\/2023\/09\/4-2-300x300.jpg 300w, https:\/\/evolve-fitness.eu\/wp-content\/uploads\/2023\/09\/4-2-150x150.jpg 150w, https:\/\/evolve-fitness.eu\/wp-content\/uploads\/2023\/09\/4-2-600x600.jpg 600w, https:\/\/evolve-fitness.eu\/wp-content\/uploads\/2023\/09\/4-2-768x768.jpg 768w\" sizes=\"auto, (max-width: 665px) 100vw, 665px\" \/><\/figure>\n<\/div>\n\n\n\n<div class=\"wp-block-column is-vertically-aligned-center is-layout-flow wp-block-column-is-layout-flow\">\n<h3 class=\"wp-block-heading\" style=\"margin-bottom:var(--wp--preset--spacing--h-3-bottom)\">Trajno udobje<\/h3>\n\n\n\n<p><strong><em><strong><em>Oblazinjenje za velike obremenitve za navdu\u0161ence nad fitnesom<\/em><\/strong><\/em><\/strong><\/p>\n\n\n\n<p style=\"margin-bottom:var(--wp--preset--spacing--tb-section-padding)\">Do\u017eivite trajno udobje z na\u0161im oblazinjenjem Heavy-Duty Upholstery. Udoben in pro\u017een se prilagodi obliki telesa uporabnika, tako da je vsaka vadba ne le stro\u0161kovno u\u010dinkovita, temve\u010d tudi udobna. Lastniki telovadnic lahko svojim strankam omogo\u010dijo udobno vadbo, zaradi katere se bodo vra\u010dale.  <\/p>\n\n\n\n<h3 class=\"wp-block-heading\" style=\"margin-bottom:var(--wp--preset--spacing--h-3-bottom)\">Mo\u017enosti Vsestranske<\/h3>\n\n\n\n<p><strong><em><strong><em>Konvergen\u010dne osi oro\u017eja in enostransko gibanje <\/em><\/strong><em>(na voljo na nekaterih strojih)<\/em><\/em><\/strong><\/p>\n\n\n\n<p>Do\u017eivite trajno udobje z na\u0161im oblazinjenjem Heavy-Duty Upholstery. Udoben in pro\u017een se prilagodi obliki telesa uporabnika, tako da je vsaka vadba ne le stro\u0161kovno u\u010dinkovita, temve\u010d tudi udobna. Lastniki telovadnic lahko svojim strankam omogo\u010dijo udobno vadbo, zaradi katere se bodo vra\u010dale.  <\/p>\n<\/div>\n<\/div>\n<\/section>\n","protected":false},"excerpt":{"rendered":"<p>La serie Evolve Econ, EC-012, es un complemento perfecto para tu coche. Njegova ergonomska zasnova zagotavlja pravilno obliko in stabilnost, nedrse\u010di ro\u010daji in enostavno prilagajanje te\u017ee pa dajejo prednost varnosti. Zaradi vzdr\u017eljivega okvirja, pokritega sklada ute\u017ei in vgrajenega prostora za shranjevanje je zanesljiva izbira za u\u010dinkovito vadbo.  <\/p>\n","protected":false},"featured_media":0,"template":"","meta":{"_acf_changed":false,"inline_featured_image":false},"product_brand":[],"product_cat":[13029],"product_tag":[],"class_list":{"0":"post-238718","1":"product","2":"type-product","3":"status-publish","5":"product_cat-engranaje-hyrox","7":"first","8":"instock","9":"shipping-taxable","10":"purchasable","11":"product-type-simple"},"acf":{"long_title":"","subtitle":"","specifications":null,"product_frequently_asked_questions":null},"yoast_head":"<!-- This site is optimized with the Yoast SEO plugin v27.4 - https:\/\/yoast.com\/product\/yoast-seo-wordpress\/ -->\n<title>Evolve Econ Series Selektorizirana vodoravna vrstica - Evolve<\/title>\n<meta name=\"robots\" content=\"index, follow, max-snippet:-1, max-image-preview:large, max-video-preview:-1\" \/>\n<link rel=\"canonical\" href=\"https:\/\/evolve-fitness.eu\/es\/producto\/evolve-econ-series-selektorizirana-vodoravna-vrstica\/\" \/>\n<meta property=\"og:locale\" content=\"es_ES\" \/>\n<meta property=\"og:type\" content=\"article\" \/>\n<meta property=\"og:title\" content=\"Evolve Econ Series Selektorizirana vodoravna vrstica - Evolve\" \/>\n<meta property=\"og:url\" content=\"https:\/\/evolve-fitness.eu\/es\/producto\/evolve-econ-series-selektorizirana-vodoravna-vrstica\/\" \/>\n<meta property=\"og:site_name\" content=\"Evolve\" \/>\n<meta property=\"article:publisher\" content=\"https:\/\/www.facebook.com\/EvolveFitnessEurope\" \/>\n<meta property=\"article:modified_time\" content=\"2026-04-23T07:09:16+00:00\" \/>\n<meta property=\"og:image\" content=\"https:\/\/evolve-fitness.eu\/wp-content\/uploads\/2023\/09\/Dizainas-be-pavadinimo-2.png\" \/>\n\t<meta property=\"og:image:width\" content=\"1080\" \/>\n\t<meta property=\"og:image:height\" content=\"1080\" \/>\n\t<meta property=\"og:image:type\" content=\"image\/png\" \/>\n<meta name=\"twitter:card\" content=\"summary_large_image\" \/>\n<script type=\"application\/ld+json\" class=\"yoast-schema-graph\">{\"@context\":\"https:\\\/\\\/schema.org\",\"@graph\":[{\"@type\":\"WebPage\",\"@id\":\"https:\\\/\\\/evolve-fitness.eu\\\/es\\\/producto\\\/evolve-econ-series-selektorizirana-vodoravna-vrstica\\\/\",\"url\":\"https:\\\/\\\/evolve-fitness.eu\\\/es\\\/producto\\\/evolve-econ-series-selektorizirana-vodoravna-vrstica\\\/\",\"name\":\"Evolve Econ Series Selektorizirana vodoravna vrstica - Evolve\",\"isPartOf\":{\"@id\":\"https:\\\/\\\/evolve-fitness.eu\\\/es\\\/#website\"},\"primaryImageOfPage\":{\"@id\":\"https:\\\/\\\/evolve-fitness.eu\\\/es\\\/producto\\\/evolve-econ-series-selektorizirana-vodoravna-vrstica\\\/#primaryimage\"},\"image\":{\"@id\":\"https:\\\/\\\/evolve-fitness.eu\\\/es\\\/producto\\\/evolve-econ-series-selektorizirana-vodoravna-vrstica\\\/#primaryimage\"},\"thumbnailUrl\":\"https:\\\/\\\/evolve-fitness.eu\\\/wp-content\\\/uploads\\\/2023\\\/09\\\/Dizainas-be-pavadinimo-2-1024x1024.png\",\"datePublished\":\"2023-08-28T07:04:04+00:00\",\"dateModified\":\"2026-04-23T07:09:16+00:00\",\"breadcrumb\":{\"@id\":\"https:\\\/\\\/evolve-fitness.eu\\\/es\\\/producto\\\/evolve-econ-series-selektorizirana-vodoravna-vrstica\\\/#breadcrumb\"},\"inLanguage\":\"es\",\"potentialAction\":[{\"@type\":\"ReadAction\",\"target\":[\"https:\\\/\\\/evolve-fitness.eu\\\/es\\\/producto\\\/evolve-econ-series-selektorizirana-vodoravna-vrstica\\\/\"]}]},{\"@type\":\"ImageObject\",\"inLanguage\":\"es\",\"@id\":\"https:\\\/\\\/evolve-fitness.eu\\\/es\\\/producto\\\/evolve-econ-series-selektorizirana-vodoravna-vrstica\\\/#primaryimage\",\"url\":\"https:\\\/\\\/evolve-fitness.eu\\\/wp-content\\\/uploads\\\/2023\\\/09\\\/Dizainas-be-pavadinimo-2-1024x1024.png\",\"contentUrl\":\"https:\\\/\\\/evolve-fitness.eu\\\/wp-content\\\/uploads\\\/2023\\\/09\\\/Dizainas-be-pavadinimo-2-1024x1024.png\"},{\"@type\":\"BreadcrumbList\",\"@id\":\"https:\\\/\\\/evolve-fitness.eu\\\/es\\\/producto\\\/evolve-econ-series-selektorizirana-vodoravna-vrstica\\\/#breadcrumb\",\"itemListElement\":[{\"@type\":\"ListItem\",\"position\":1,\"name\":\"Home\",\"item\":\"https:\\\/\\\/evolve-fitness.eu\\\/es\\\/\"},{\"@type\":\"ListItem\",\"position\":2,\"name\":\"Productos\",\"item\":\"https:\\\/\\\/evolve-fitness.eu\\\/es\\\/shop\\\/\"},{\"@type\":\"ListItem\",\"position\":3,\"name\":\"Evolve Econ Series Selektorizirana vodoravna vrstica\"}]},{\"@type\":\"WebSite\",\"@id\":\"https:\\\/\\\/evolve-fitness.eu\\\/es\\\/#website\",\"url\":\"https:\\\/\\\/evolve-fitness.eu\\\/es\\\/\",\"name\":\"Evolve\",\"description\":\"Your Evolved Gear Arrived\",\"publisher\":{\"@id\":\"https:\\\/\\\/evolve-fitness.eu\\\/es\\\/#organization\"},\"potentialAction\":[{\"@type\":\"SearchAction\",\"target\":{\"@type\":\"EntryPoint\",\"urlTemplate\":\"https:\\\/\\\/evolve-fitness.eu\\\/es\\\/?s={search_term_string}\"},\"query-input\":{\"@type\":\"PropertyValueSpecification\",\"valueRequired\":true,\"valueName\":\"search_term_string\"}}],\"inLanguage\":\"es\"},{\"@type\":\"Organization\",\"@id\":\"https:\\\/\\\/evolve-fitness.eu\\\/es\\\/#organization\",\"name\":\"Evolve\",\"url\":\"https:\\\/\\\/evolve-fitness.eu\\\/es\\\/\",\"logo\":{\"@type\":\"ImageObject\",\"inLanguage\":\"es\",\"@id\":\"https:\\\/\\\/evolve-fitness.eu\\\/es\\\/#\\\/schema\\\/logo\\\/image\\\/\",\"url\":\"https:\\\/\\\/evolve-fitness.eu\\\/wp-content\\\/uploads\\\/2023\\\/05\\\/Evolve-logo.svg\",\"contentUrl\":\"https:\\\/\\\/evolve-fitness.eu\\\/wp-content\\\/uploads\\\/2023\\\/05\\\/Evolve-logo.svg\",\"width\":176,\"height\":20,\"caption\":\"Evolve\"},\"image\":{\"@id\":\"https:\\\/\\\/evolve-fitness.eu\\\/es\\\/#\\\/schema\\\/logo\\\/image\\\/\"},\"sameAs\":[\"https:\\\/\\\/www.facebook.com\\\/EvolveFitnessEurope\"]}]}<\/script>\n<!-- \/ Yoast SEO plugin. -->","yoast_head_json":{"title":"Evolve Econ Series Selektorizirana vodoravna vrstica - Evolve","robots":{"index":"index","follow":"follow","max-snippet":"max-snippet:-1","max-image-preview":"max-image-preview:large","max-video-preview":"max-video-preview:-1"},"canonical":"https:\/\/evolve-fitness.eu\/es\/producto\/evolve-econ-series-selektorizirana-vodoravna-vrstica\/","og_locale":"es_ES","og_type":"article","og_title":"Evolve Econ Series Selektorizirana vodoravna vrstica - Evolve","og_url":"https:\/\/evolve-fitness.eu\/es\/producto\/evolve-econ-series-selektorizirana-vodoravna-vrstica\/","og_site_name":"Evolve","article_publisher":"https:\/\/www.facebook.com\/EvolveFitnessEurope","article_modified_time":"2026-04-23T07:09:16+00:00","og_image":[{"width":1080,"height":1080,"url":"https:\/\/evolve-fitness.eu\/wp-content\/uploads\/2023\/09\/Dizainas-be-pavadinimo-2.png","type":"image\/png"}],"twitter_card":"summary_large_image","schema":{"@context":"https:\/\/schema.org","@graph":[{"@type":"WebPage","@id":"https:\/\/evolve-fitness.eu\/es\/producto\/evolve-econ-series-selektorizirana-vodoravna-vrstica\/","url":"https:\/\/evolve-fitness.eu\/es\/producto\/evolve-econ-series-selektorizirana-vodoravna-vrstica\/","name":"Evolve Econ Series Selektorizirana vodoravna vrstica - Evolve","isPartOf":{"@id":"https:\/\/evolve-fitness.eu\/es\/#website"},"primaryImageOfPage":{"@id":"https:\/\/evolve-fitness.eu\/es\/producto\/evolve-econ-series-selektorizirana-vodoravna-vrstica\/#primaryimage"},"image":{"@id":"https:\/\/evolve-fitness.eu\/es\/producto\/evolve-econ-series-selektorizirana-vodoravna-vrstica\/#primaryimage"},"thumbnailUrl":"https:\/\/evolve-fitness.eu\/wp-content\/uploads\/2023\/09\/Dizainas-be-pavadinimo-2-1024x1024.png","datePublished":"2023-08-28T07:04:04+00:00","dateModified":"2026-04-23T07:09:16+00:00","breadcrumb":{"@id":"https:\/\/evolve-fitness.eu\/es\/producto\/evolve-econ-series-selektorizirana-vodoravna-vrstica\/#breadcrumb"},"inLanguage":"es","potentialAction":[{"@type":"ReadAction","target":["https:\/\/evolve-fitness.eu\/es\/producto\/evolve-econ-series-selektorizirana-vodoravna-vrstica\/"]}]},{"@type":"ImageObject","inLanguage":"es","@id":"https:\/\/evolve-fitness.eu\/es\/producto\/evolve-econ-series-selektorizirana-vodoravna-vrstica\/#primaryimage","url":"https:\/\/evolve-fitness.eu\/wp-content\/uploads\/2023\/09\/Dizainas-be-pavadinimo-2-1024x1024.png","contentUrl":"https:\/\/evolve-fitness.eu\/wp-content\/uploads\/2023\/09\/Dizainas-be-pavadinimo-2-1024x1024.png"},{"@type":"BreadcrumbList","@id":"https:\/\/evolve-fitness.eu\/es\/producto\/evolve-econ-series-selektorizirana-vodoravna-vrstica\/#breadcrumb","itemListElement":[{"@type":"ListItem","position":1,"name":"Home","item":"https:\/\/evolve-fitness.eu\/es\/"},{"@type":"ListItem","position":2,"name":"Productos","item":"https:\/\/evolve-fitness.eu\/es\/shop\/"},{"@type":"ListItem","position":3,"name":"Evolve Econ Series Selektorizirana vodoravna vrstica"}]},{"@type":"WebSite","@id":"https:\/\/evolve-fitness.eu\/es\/#website","url":"https:\/\/evolve-fitness.eu\/es\/","name":"Evolve","description":"Your Evolved Gear Arrived","publisher":{"@id":"https:\/\/evolve-fitness.eu\/es\/#organization"},"potentialAction":[{"@type":"SearchAction","target":{"@type":"EntryPoint","urlTemplate":"https:\/\/evolve-fitness.eu\/es\/?s={search_term_string}"},"query-input":{"@type":"PropertyValueSpecification","valueRequired":true,"valueName":"search_term_string"}}],"inLanguage":"es"},{"@type":"Organization","@id":"https:\/\/evolve-fitness.eu\/es\/#organization","name":"Evolve","url":"https:\/\/evolve-fitness.eu\/es\/","logo":{"@type":"ImageObject","inLanguage":"es","@id":"https:\/\/evolve-fitness.eu\/es\/#\/schema\/logo\/image\/","url":"https:\/\/evolve-fitness.eu\/wp-content\/uploads\/2023\/05\/Evolve-logo.svg","contentUrl":"https:\/\/evolve-fitness.eu\/wp-content\/uploads\/2023\/05\/Evolve-logo.svg","width":176,"height":20,"caption":"Evolve"},"image":{"@id":"https:\/\/evolve-fitness.eu\/es\/#\/schema\/logo\/image\/"},"sameAs":["https:\/\/www.facebook.com\/EvolveFitnessEurope"]}]}},"_links":{"self":[{"href":"https:\/\/evolve-fitness.eu\/es\/wp-json\/wp\/v2\/product\/238718","targetHints":{"allow":["GET"]}}],"collection":[{"href":"https:\/\/evolve-fitness.eu\/es\/wp-json\/wp\/v2\/product"}],"about":[{"href":"https:\/\/evolve-fitness.eu\/es\/wp-json\/wp\/v2\/types\/product"}],"wp:attachment":[{"href":"https:\/\/evolve-fitness.eu\/es\/wp-json\/wp\/v2\/media?parent=238718"}],"wp:term":[{"taxonomy":"product_brand","embeddable":true,"href":"https:\/\/evolve-fitness.eu\/es\/wp-json\/wp\/v2\/product_brand?post=238718"},{"taxonomy":"product_cat","embeddable":true,"href":"https:\/\/evolve-fitness.eu\/es\/wp-json\/wp\/v2\/product_cat?post=238718"},{"taxonomy":"product_tag","embeddable":true,"href":"https:\/\/evolve-fitness.eu\/es\/wp-json\/wp\/v2\/product_tag?post=238718"}],"curies":[{"name":"wp","href":"https:\/\/api.w.org\/{rel}","templated":true}]}}