{"id":31570,"date":"2023-08-31T10:26:10","date_gmt":"2023-08-31T10:26:10","guid":{"rendered":"https:\/\/evolve-fitness.eu\/product\/extension-de-piernas-curl-de-piernas-selectorizado-evolve-ultra-series\/"},"modified":"2026-03-26T10:24:07","modified_gmt":"2026-03-26T08:24:07","slug":"extension-de-piernas-curl-de-piernas-selectorizado-evolve-ultra-series","status":"publish","type":"product","link":"https:\/\/evolve-fitness.eu\/es\/producto\/extension-de-piernas-curl-de-piernas-selectorizado-evolve-ultra-series\/","title":{"rendered":"Extensi\u00f3n de piernas \/ Curl de piernas selectorizado Evolve Ultra Series"},"content":{"rendered":"\n<section class=\"wp-block-group alignfull has-lightgray-background-color has-background is-layout-constrained wp-block-group-is-layout-constrained\">\n<div class=\"wp-block-columns alignwide is-layout-flex wp-container-core-columns-is-layout-2edb0647 wp-block-columns-is-layout-flex\" style=\"margin-top:0;margin-bottom:0\">\n<div class=\"wp-block-column is-layout-flow wp-block-column-is-layout-flow\" style=\"flex-basis:33.33%\"><\/div>\n\n\n\n<div class=\"wp-block-column is-layout-flow wp-block-column-is-layout-flow\" style=\"flex-basis:66.66%\"><\/div>\n<\/div>\n<\/section>\n\n<section class=\"wp-block-group alignfull black-content has-white-color has-darkgray-background-color has-text-color has-background is-layout-constrained wp-block-group-is-layout-constrained\" style=\"padding-top:var(--wp--preset--spacing--section-bottom);padding-bottom:var(--wp--preset--spacing--section-bottom)\">\n<div class=\"wp-block-columns alignwide mobile-reverse is-layout-flex wp-container-core-columns-is-layout-ca64bf2d wp-block-columns-is-layout-flex\" style=\"margin-bottom:var(--wp--preset--spacing--side-padding)\">\n<div class=\"wp-block-column is-vertically-aligned-center is-layout-flow wp-block-column-is-layout-flow\">\n<h3 class=\"wp-block-heading\">Bienvenido a la serie Ultra<\/h3>\n\n\n\n<p><\/p>\n\n\n\n<p><strong><em>Conozca nuestros equipos de la serie Ultra con la \u00faltima tecnolog\u00eda 3D 360 Tour<\/em><\/strong><\/p>\n\n\n\n<p>La Extensi\u00f3n de piernas \/ Curl de piernas selectorizada Evolve Ultra Series, est\u00e1 construida tanto para la comodidad como para el rendimiento. La m\u00e1quina est\u00e1 dise\u00f1ada para ofrecer versatilidad en el ejercicio, soporte ergon\u00f3mico y opciones de ajuste para diferentes tama\u00f1os de usuario. El dise\u00f1o es est\u00e9ticamente agradable, con un acabado duradero con recubrimiento en polvo, y el uso de cables de alta calidad garantiza un funcionamiento sin problemas.<\/p>\n<\/div>\n\n\n\n<div class=\"wp-block-column is-vertically-aligned-center is-layout-flow wp-block-column-is-layout-flow\">\n<figure class=\"wp-block-video\"><video height=\"720\" style=\"aspect-ratio: 1280 \/ 720;\" width=\"1280\" autoplay=\"\" controls=\"\" loop=\"\" muted=\"\" src=\"https:\/\/evolve-fitness.eu\/wp-content\/uploads\/2023\/08\/Evolve-Ultra-Series-Selectorized-Leg-Extension-Leg-Curl.mp4\"><\/video><\/figure>\n<\/div>\n<\/div>\n\n\n\n<div class=\"wp-block-columns alignwide is-layout-flex wp-container-core-columns-is-layout-c45ee707 wp-block-columns-is-layout-flex\" style=\"margin-bottom:var(--wp--preset--spacing--side-padding);padding-top:var(--wp--preset--spacing--side-padding)\">\n<div class=\"wp-block-column is-vertically-aligned-center is-layout-flow wp-block-column-is-layout-flow\">\n<figure class=\"wp-block-video\"><video height=\"1080\" style=\"aspect-ratio: 1920 \/ 1080;\" width=\"1920\" autoplay=\"\" controls=\"\" loop=\"\" muted=\"\" src=\"https:\/\/evolve-fitness.eu\/wp-content\/uploads\/2023\/08\/EV-SC-UL-250-Full.mp4\"><\/video><\/figure>\n<\/div>\n\n\n\n<div class=\"wp-block-column is-vertically-aligned-center is-layout-flow wp-block-column-is-layout-flow\">\n<h3 class=\"wp-block-heading\" style=\"margin-bottom:var(--wp--preset--spacing--h-3-bottom)\">M\u00fasculos<\/h3>\n\n\n\n<p><strong><em>Entrena principalmente dos grupos musculares diferentes<\/em><\/strong><\/p>\n\n\n\n<p><br\/><strong>Movimiento de extensi\u00f3n de piernas:<\/strong> Se centra en los cu\u00e1driceps, los m\u00fasculos de la parte delantera del muslo. Son esenciales para la extensi\u00f3n de la rodilla y desempe\u00f1an un papel vital en actividades como caminar, correr y saltar. <strong>Movimiento de flexi\u00f3n de piernas:<\/strong> Se dirige a los isquiotibiales, situados en la parte posterior del muslo. Estos m\u00fasculos son cruciales para la flexi\u00f3n de la rodilla y la extensi\u00f3n de la cadera, importantes en movimientos como doblar la rodilla y caminar cuesta arriba.<\/p>\n\n\n\n<p>Esta m\u00e1quina es eficaz para fortalecer estos m\u00fasculos clave de las piernas, mejorando la fuerza y la funcionalidad general de la parte inferior del cuerpo.<\/p>\n<\/div>\n<\/div>\n\n\n\n<div class=\"wp-block-columns alignwide mobile-reverse is-layout-flex wp-container-core-columns-is-layout-ca64bf2d wp-block-columns-is-layout-flex\" style=\"margin-bottom:var(--wp--preset--spacing--side-padding)\">\n<div class=\"wp-block-column is-vertically-aligned-center is-layout-flow wp-block-column-is-layout-flow\">\n<h3 class=\"wp-block-heading\">Asientos moldeados<\/h3>\n\n\n\n<p><em><strong>  Para una comodidad y eficacia \u00f3ptimas<\/strong><\/em><\/p>\n\n\n\n<p style=\"margin-bottom:var(--wp--preset--spacing--tb-section-padding)\">La Abducci\u00f3n\/Aducci\u00f3n Selectorizada Evolve Ultra Series forma parte de la Evolve Ultra Series, conocida por su soporte ergon\u00f3mico, su capacidad de ajuste para diferentes tama\u00f1os de usuario y su dise\u00f1o elegante y duradero. Este equipo es ideal para aumentar el compromiso muscular y mejorar la estabilidad y el equilibrio de las piernas.<\/p>\n<\/div>\n\n\n\n<div class=\"wp-block-column is-vertically-aligned-center is-layout-flow wp-block-column-is-layout-flow\">\n<figure class=\"wp-block-video\"><video height=\"1080\" style=\"aspect-ratio: 1920 \/ 1080;\" width=\"1920\" autoplay=\"\" controls=\"\" loop=\"\" muted=\"\" src=\"https:\/\/evolve-fitness.eu\/wp-content\/uploads\/2024\/01\/EV-SC-UL-250-Seat.mp4\"><\/video><\/figure>\n<\/div>\n<\/div>\n\n\n\n<div class=\"wp-block-columns alignwide is-layout-flex wp-container-core-columns-is-layout-c45ee707 wp-block-columns-is-layout-flex\" style=\"margin-bottom:var(--wp--preset--spacing--side-padding);padding-top:var(--wp--preset--spacing--side-padding)\">\n<div class=\"wp-block-column is-vertically-aligned-center is-layout-flow wp-block-column-is-layout-flow\">\n<figure class=\"wp-block-image size-full\"><img loading=\"lazy\" decoding=\"async\" width=\"768\" height=\"779\" src=\"https:\/\/evolve-fitness.eu\/wp-content\/uploads\/2024\/01\/stack.webp\" alt=\"\" class=\"wp-image-9940\" srcset=\"https:\/\/evolve-fitness.eu\/wp-content\/uploads\/2024\/01\/stack.webp 768w, https:\/\/evolve-fitness.eu\/wp-content\/uploads\/2024\/01\/stack-300x304.webp 300w, https:\/\/evolve-fitness.eu\/wp-content\/uploads\/2024\/01\/stack-148x150.webp 148w, https:\/\/evolve-fitness.eu\/wp-content\/uploads\/2024\/01\/stack-600x609.webp 600w, https:\/\/evolve-fitness.eu\/wp-content\/uploads\/2024\/01\/stack-296x300.webp 296w\" sizes=\"auto, (max-width: 768px) 100vw, 768px\" \/><\/figure>\n<\/div>\n\n\n\n<div class=\"wp-block-column is-vertically-aligned-center is-layout-flow wp-block-column-is-layout-flow\">\n<h3 class=\"wp-block-heading\" style=\"margin-bottom:var(--wp--preset--spacing--h-3-bottom)\">Elegante y duradero<\/h3>\n\n\n\n<p><strong><em>El exclusivo acabado de pintura mate<\/em><\/strong><\/p>\n\n\n\n<p style=\"margin-bottom:var(--wp--preset--spacing--tb-section-padding)\">La serie Ultra introduce una combinaci\u00f3n de seguridad y estilo con los acumuladores de lastre amortiguados. Las cubiertas de pl\u00e1stico opaco dan prioridad a la seguridad del entrenamiento al tiempo que a\u00f1aden un toque de elegancia a su espacio de fitness. Tanto si es propietario de un gimnasio como si es un entusiasta del fitness, apreciar\u00e1 el atractivo visual y la seguridad que estas cubiertas aportan a su gimnasio.<\/p>\n<\/div>\n<\/div>\n\n\n\n<div class=\"wp-block-columns alignwide are-vertically-aligned-center mobile-reverse is-layout-flex wp-container-core-columns-is-layout-e8158c2f wp-block-columns-is-layout-flex\" style=\"padding-top:var(--wp--preset--spacing--side-padding)\">\n<div class=\"wp-block-column is-vertically-aligned-center is-layout-flow wp-block-column-is-layout-flow\">\n<h3 class=\"wp-block-heading\" style=\"margin-bottom:var(--wp--preset--spacing--h-3-bottom)\">Arranque sin esfuerzo<\/h3>\n\n\n\n<p><strong><em><strong><em>Ayuda a las piernas para la inclusi\u00f3n<\/em><\/strong><\/em><\/strong><\/p>\n\n\n\n<p>Para los aspirantes a propietarios de gimnasios que est\u00e9n considerando entrar en el negocio de las instalaciones de fitness, la Effortless Start con Leg Assist de la serie Evolve Ultra garantiza la accesibilidad para todos los niveles de fitness. Esta innovadora caracter\u00edstica elimina las barreras de entrada para los reci\u00e9n llegados y mantiene su gimnasio inclusivo, dando la bienvenida a clientes de todas las capacidades.<\/p>\n<\/div>\n\n\n\n<div class=\"wp-block-column is-vertically-aligned-center is-layout-flow wp-block-column-is-layout-flow\">\n<figure class=\"wp-block-video\"><video height=\"1080\" style=\"aspect-ratio: 1920 \/ 1080;\" width=\"1920\" autoplay=\"\" controls=\"\" loop=\"\" muted=\"\" src=\"https:\/\/evolve-fitness.eu\/wp-content\/uploads\/2024\/01\/EV-SC-UL-250-Start.mp4\"><\/video><\/figure>\n<\/div>\n<\/div>\n\n\n\n<div class=\"wp-block-columns alignwide mobile-reverse is-layout-flex wp-container-core-columns-is-layout-ca64bf2d wp-block-columns-is-layout-flex\" style=\"margin-bottom:var(--wp--preset--spacing--side-padding)\">\n<div class=\"wp-block-column is-vertically-aligned-center is-layout-flow wp-block-column-is-layout-flow\">\n<figure class=\"wp-block-video\"><video height=\"1080\" style=\"aspect-ratio: 1920 \/ 1080;\" width=\"1920\" autoplay=\"\" controls=\"\" loop=\"\" muted=\"\" src=\"https:\/\/evolve-fitness.eu\/wp-content\/uploads\/2024\/01\/EV-SC-UL-250-Start-1.mp4\"><\/video><\/figure>\n<\/div>\n\n\n\n<div class=\"wp-block-column is-vertically-aligned-center is-layout-flow wp-block-column-is-layout-flow\">\n<h3 class=\"wp-block-heading\" style=\"margin-bottom:var(--wp--preset--spacing--h-3-bottom)\">Seguridad y estilo<\/h3>\n\n\n\n<p><strong><em>Cubierta completa de la pila de pesas<\/em><\/strong><\/p>\n\n\n\n<p>Para los propietarios de gimnasios y empresarios del fitness, la seguridad y la est\u00e9tica son primordiales. La serie Evolve Ultra incorpora una cubierta de lastre totalmente cubierta, que combina a la perfecci\u00f3n seguridad y estilo. Al mejorar la seguridad y evitar accidentes al tiempo que mantiene limpio el espacio del gimnasio, esta cubierta es un complemento esencial para cualquier instalaci\u00f3n de fitness. Eleve el atractivo visual de su gimnasio al tiempo que prioriza la seguridad de sus clientes durante cada sesi\u00f3n de entrenamiento.<\/p>\n<\/div>\n<\/div>\n\n\n\n<div class=\"wp-block-columns alignwide are-vertically-aligned-center mobile-reverse is-layout-flex wp-container-core-columns-is-layout-e8158c2f wp-block-columns-is-layout-flex\" style=\"padding-top:var(--wp--preset--spacing--side-padding)\">\n<div class=\"wp-block-column is-vertically-aligned-center is-layout-flow wp-block-column-is-layout-flow\">\n<h3 class=\"wp-block-heading\" style=\"margin-bottom:var(--wp--preset--spacing--h-3-bottom)\"><strong>Empu\u00f1aduras \u00f3ptimas<\/strong><\/h3>\n\n\n\n<p><strong><em><strong><em>Elevar la experiencia del fitness<\/em><\/strong><\/em><\/strong><\/p>\n\n\n\n<p style=\"margin-bottom:var(--wp--preset--spacing--tb-section-padding)\">Atraer y retener clientes es esencial para los propietarios de gimnasios y gestores de instalaciones de fitness. La serie Evolve Ultra ofrece empu\u00f1aduras \u00f3ptimas, meticulosamente dise\u00f1adas para ofrecer comodidad y seguridad. Mejore la experiencia de entrenamiento de sus clientes, manteni\u00e9ndolos comprometidos y motivados para alcanzar sus objetivos de fitness en su centro.<\/p>\n<\/div>\n\n\n\n<div class=\"wp-block-column is-vertically-aligned-center is-layout-flow wp-block-column-is-layout-flow\">\n<figure class=\"wp-block-video\"><video height=\"1080\" style=\"aspect-ratio: 1920 \/ 1080;\" width=\"1920\" autoplay=\"\" controls=\"\" loop=\"\" muted=\"\" src=\"https:\/\/evolve-fitness.eu\/wp-content\/uploads\/2024\/01\/EV-SC-UL-250-Handles-1.mp4\"><\/video><\/figure>\n<\/div>\n<\/div>\n<\/section>\n","protected":false},"excerpt":{"rendered":"<p>Eleve su rutina de entrenamiento de la parte inferior del cuerpo con la m\u00e1quina selectorizada de extensi\u00f3n de piernas \/ curl de piernas Evolve Ultra Series UL-250. Su innovador dise\u00f1o combina extensiones y flexiones de piernas en un solo aparato, con el apoyo de un movimiento independiente de los brazos para mejorar el compromiso muscular. La seguridad y el estilo se unen con la cubierta de la pila de pesas, mientras que las caracter\u00edsticas centradas en el usuario, como el ajuste del asiento con una sola mano, garantizan transiciones de ejercicio sin problemas. Con \u00f3ptimas empu\u00f1aduras y un duradero acabado mate, la UL-250 establece un nuevo est\u00e1ndar de comodidad y versatilidad en el entrenamiento de la parte inferior del cuerpo.<\/p>\n","protected":false},"featured_media":134774,"template":"","meta":{"_acf_changed":false,"inline_featured_image":false},"product_brand":[],"product_cat":[2598,3857],"product_tag":[],"class_list":{"0":"post-31570","1":"product","2":"type-product","3":"status-publish","4":"has-post-thumbnail","6":"product_cat-maquinas-selectorizadas","7":"product_cat-maquinas-selectorizadas-ultra-series-es","9":"first","10":"instock","11":"virtual","12":"purchasable","13":"product-type-simple"},"acf":{"long_title":"Extensi\u00f3n de piernas \/ Curl de piernas selectorizado Evolve Ultra Series","subtitle":"","specifications":[{"label":"SKU","text_value":"EV-SC-UL-250","icon":"x"},{"label":"Dimensiones","text_value":"1530 x 1170 x 1602 mm","icon":"x"},{"label":"Peso","text_value":"167 kg","icon":"x"},{"label":"Pila de pesas","text_value":"110 kg","icon":"x"},{"label":"Pila de pesas opcional","text_value":"122,5 kg","icon":"x"},{"label":"Resistencia m\u00ednima","text_value":"5 kg","icon":"x"},{"label":"Plato de lastre superior","text_value":"2 x 2,5 kg","icon":"x"},{"label":"Posiciones de respaldo ajustables","text_value":"8","icon":"x"},{"label":"Posiciones de apoyo ajustadas y regulables","text_value":"5","icon":"x"},{"label":"Posiciones de apoyo del tobillo ajustables","text_value":"7","icon":"x"},{"label":"Posiciones de \u00e1ngulo de salida ajustables","text_value":"7","icon":"x"},{"label":"Peso m\u00e1ximo del usuario","text_value":"180 kg","icon":"x"},{"label":"Grosor del marco","text_value":"3 mm","icon":"x"},{"label":"Plato de lastre superior","text_value":"","icon":"v"},{"label":"Posici\u00f3n de entrenamiento ajustable","text_value":"","icon":"v"},{"label":"Pasador magn\u00e9tico de la pila de pesas","text_value":"","icon":"v"},{"label":"Placa con instrucciones de formaci\u00f3n","text_value":"","icon":"v"},{"label":"Pila de pesas cubierta","text_value":"","icon":"v"},{"label":"Protectores de suelo duraderos","text_value":"2 a\u00f1os","icon":"v"},{"label":"Pintura anticorrosiva","text_value":"2 a\u00f1os","icon":"v"},{"label":"Tapicer\u00eda gruesa revestida de cuero PU","text_value":"","icon":"v"},{"label":"Cable de nylon","text_value":"","icon":"v"},{"label":"Asas antideslizantes  ","text_value":"","icon":"v"},{"label":"Botella de agua y estuche para accesorios","text_value":"","icon":"v"},{"label":"Garant\u00eda  ","text_value":"2 a\u00f1os","icon":"x"}]},"yoast_head":"<!-- This site is optimized with the Yoast SEO plugin v26.6 - https:\/\/yoast.com\/wordpress\/plugins\/seo\/ -->\n<title>Extensi\u00f3n de piernas \/ Curl de piernas selectorizado Evolve Ultra Series - Evolve<\/title>\n<meta name=\"robots\" content=\"index, follow, max-snippet:-1, max-image-preview:large, max-video-preview:-1\" \/>\n<link rel=\"canonical\" href=\"https:\/\/evolve-fitness.eu\/es\/producto\/extension-de-piernas-curl-de-piernas-selectorizado-evolve-ultra-series\/\" \/>\n<meta property=\"og:locale\" content=\"es_ES\" \/>\n<meta property=\"og:type\" content=\"article\" \/>\n<meta property=\"og:title\" content=\"Extensi\u00f3n de piernas \/ Curl de piernas selectorizado Evolve Ultra Series - Evolve\" \/>\n<meta property=\"og:url\" content=\"https:\/\/evolve-fitness.eu\/es\/producto\/extension-de-piernas-curl-de-piernas-selectorizado-evolve-ultra-series\/\" \/>\n<meta property=\"og:site_name\" content=\"Evolve\" \/>\n<meta property=\"article:publisher\" content=\"https:\/\/www.facebook.com\/EvolveFitnessEurope\" \/>\n<meta property=\"article:modified_time\" content=\"2026-03-26T08:24:07+00:00\" \/>\n<meta property=\"og:image\" content=\"https:\/\/evolve-fitness.eu\/wp-content\/uploads\/2023\/08\/Dizainas-be-pavadinimo-64.png\" \/>\n\t<meta property=\"og:image:width\" content=\"1080\" \/>\n\t<meta property=\"og:image:height\" content=\"1080\" \/>\n\t<meta property=\"og:image:type\" content=\"image\/png\" \/>\n<meta name=\"twitter:card\" content=\"summary_large_image\" \/>\n<script type=\"application\/ld+json\" class=\"yoast-schema-graph\">{\"@context\":\"https:\/\/schema.org\",\"@graph\":[{\"@type\":\"WebPage\",\"@id\":\"https:\/\/evolve-fitness.eu\/es\/producto\/extension-de-piernas-curl-de-piernas-selectorizado-evolve-ultra-series\/\",\"url\":\"https:\/\/evolve-fitness.eu\/es\/producto\/extension-de-piernas-curl-de-piernas-selectorizado-evolve-ultra-series\/\",\"name\":\"Extensi\u00f3n de piernas \/ Curl de piernas selectorizado Evolve Ultra Series - Evolve\",\"isPartOf\":{\"@id\":\"https:\/\/evolve-fitness.eu\/es\/#website\"},\"primaryImageOfPage\":{\"@id\":\"https:\/\/evolve-fitness.eu\/es\/producto\/extension-de-piernas-curl-de-piernas-selectorizado-evolve-ultra-series\/#primaryimage\"},\"image\":{\"@id\":\"https:\/\/evolve-fitness.eu\/es\/producto\/extension-de-piernas-curl-de-piernas-selectorizado-evolve-ultra-series\/#primaryimage\"},\"thumbnailUrl\":\"https:\/\/evolve-fitness.eu\/wp-content\/uploads\/2023\/08\/Dizainas-be-pavadinimo-64.png\",\"datePublished\":\"2023-08-31T10:26:10+00:00\",\"dateModified\":\"2026-03-26T08:24:07+00:00\",\"breadcrumb\":{\"@id\":\"https:\/\/evolve-fitness.eu\/es\/producto\/extension-de-piernas-curl-de-piernas-selectorizado-evolve-ultra-series\/#breadcrumb\"},\"inLanguage\":\"es\",\"potentialAction\":[{\"@type\":\"ReadAction\",\"target\":[\"https:\/\/evolve-fitness.eu\/es\/producto\/extension-de-piernas-curl-de-piernas-selectorizado-evolve-ultra-series\/\"]}]},{\"@type\":\"ImageObject\",\"inLanguage\":\"es\",\"@id\":\"https:\/\/evolve-fitness.eu\/es\/producto\/extension-de-piernas-curl-de-piernas-selectorizado-evolve-ultra-series\/#primaryimage\",\"url\":\"https:\/\/evolve-fitness.eu\/wp-content\/uploads\/2023\/08\/Dizainas-be-pavadinimo-64.png\",\"contentUrl\":\"https:\/\/evolve-fitness.eu\/wp-content\/uploads\/2023\/08\/Dizainas-be-pavadinimo-64.png\",\"width\":1080,\"height\":1080},{\"@type\":\"BreadcrumbList\",\"@id\":\"https:\/\/evolve-fitness.eu\/es\/producto\/extension-de-piernas-curl-de-piernas-selectorizado-evolve-ultra-series\/#breadcrumb\",\"itemListElement\":[{\"@type\":\"ListItem\",\"position\":1,\"name\":\"Home\",\"item\":\"https:\/\/evolve-fitness.eu\/es\/\"},{\"@type\":\"ListItem\",\"position\":2,\"name\":\"Productos\",\"item\":\"https:\/\/evolve-fitness.eu\/es\/shop\/\"},{\"@type\":\"ListItem\",\"position\":3,\"name\":\"Extensi\u00f3n de piernas \/ Curl de piernas selectorizado Evolve Ultra Series\"}]},{\"@type\":\"WebSite\",\"@id\":\"https:\/\/evolve-fitness.eu\/es\/#website\",\"url\":\"https:\/\/evolve-fitness.eu\/es\/\",\"name\":\"Evolve\",\"description\":\"Your Evolved Gear Arrived\",\"publisher\":{\"@id\":\"https:\/\/evolve-fitness.eu\/es\/#organization\"},\"potentialAction\":[{\"@type\":\"SearchAction\",\"target\":{\"@type\":\"EntryPoint\",\"urlTemplate\":\"https:\/\/evolve-fitness.eu\/es\/?s={search_term_string}\"},\"query-input\":{\"@type\":\"PropertyValueSpecification\",\"valueRequired\":true,\"valueName\":\"search_term_string\"}}],\"inLanguage\":\"es\"},{\"@type\":\"Organization\",\"@id\":\"https:\/\/evolve-fitness.eu\/es\/#organization\",\"name\":\"Evolve\",\"url\":\"https:\/\/evolve-fitness.eu\/es\/\",\"logo\":{\"@type\":\"ImageObject\",\"inLanguage\":\"es\",\"@id\":\"https:\/\/evolve-fitness.eu\/es\/#\/schema\/logo\/image\/\",\"url\":\"https:\/\/evolve-fitness.eu\/wp-content\/uploads\/2023\/05\/Evolve-logo.svg\",\"contentUrl\":\"https:\/\/evolve-fitness.eu\/wp-content\/uploads\/2023\/05\/Evolve-logo.svg\",\"width\":176,\"height\":20,\"caption\":\"Evolve\"},\"image\":{\"@id\":\"https:\/\/evolve-fitness.eu\/es\/#\/schema\/logo\/image\/\"},\"sameAs\":[\"https:\/\/www.facebook.com\/EvolveFitnessEurope\"]}]}<\/script>\n<!-- \/ Yoast SEO plugin. -->","yoast_head_json":{"title":"Extensi\u00f3n de piernas \/ Curl de piernas selectorizado Evolve Ultra Series - Evolve","robots":{"index":"index","follow":"follow","max-snippet":"max-snippet:-1","max-image-preview":"max-image-preview:large","max-video-preview":"max-video-preview:-1"},"canonical":"https:\/\/evolve-fitness.eu\/es\/producto\/extension-de-piernas-curl-de-piernas-selectorizado-evolve-ultra-series\/","og_locale":"es_ES","og_type":"article","og_title":"Extensi\u00f3n de piernas \/ Curl de piernas selectorizado Evolve Ultra Series - Evolve","og_url":"https:\/\/evolve-fitness.eu\/es\/producto\/extension-de-piernas-curl-de-piernas-selectorizado-evolve-ultra-series\/","og_site_name":"Evolve","article_publisher":"https:\/\/www.facebook.com\/EvolveFitnessEurope","article_modified_time":"2026-03-26T08:24:07+00:00","og_image":[{"width":1080,"height":1080,"url":"https:\/\/evolve-fitness.eu\/wp-content\/uploads\/2023\/08\/Dizainas-be-pavadinimo-64.png","type":"image\/png"}],"twitter_card":"summary_large_image","schema":{"@context":"https:\/\/schema.org","@graph":[{"@type":"WebPage","@id":"https:\/\/evolve-fitness.eu\/es\/producto\/extension-de-piernas-curl-de-piernas-selectorizado-evolve-ultra-series\/","url":"https:\/\/evolve-fitness.eu\/es\/producto\/extension-de-piernas-curl-de-piernas-selectorizado-evolve-ultra-series\/","name":"Extensi\u00f3n de piernas \/ Curl de piernas selectorizado Evolve Ultra Series - Evolve","isPartOf":{"@id":"https:\/\/evolve-fitness.eu\/es\/#website"},"primaryImageOfPage":{"@id":"https:\/\/evolve-fitness.eu\/es\/producto\/extension-de-piernas-curl-de-piernas-selectorizado-evolve-ultra-series\/#primaryimage"},"image":{"@id":"https:\/\/evolve-fitness.eu\/es\/producto\/extension-de-piernas-curl-de-piernas-selectorizado-evolve-ultra-series\/#primaryimage"},"thumbnailUrl":"https:\/\/evolve-fitness.eu\/wp-content\/uploads\/2023\/08\/Dizainas-be-pavadinimo-64.png","datePublished":"2023-08-31T10:26:10+00:00","dateModified":"2026-03-26T08:24:07+00:00","breadcrumb":{"@id":"https:\/\/evolve-fitness.eu\/es\/producto\/extension-de-piernas-curl-de-piernas-selectorizado-evolve-ultra-series\/#breadcrumb"},"inLanguage":"es","potentialAction":[{"@type":"ReadAction","target":["https:\/\/evolve-fitness.eu\/es\/producto\/extension-de-piernas-curl-de-piernas-selectorizado-evolve-ultra-series\/"]}]},{"@type":"ImageObject","inLanguage":"es","@id":"https:\/\/evolve-fitness.eu\/es\/producto\/extension-de-piernas-curl-de-piernas-selectorizado-evolve-ultra-series\/#primaryimage","url":"https:\/\/evolve-fitness.eu\/wp-content\/uploads\/2023\/08\/Dizainas-be-pavadinimo-64.png","contentUrl":"https:\/\/evolve-fitness.eu\/wp-content\/uploads\/2023\/08\/Dizainas-be-pavadinimo-64.png","width":1080,"height":1080},{"@type":"BreadcrumbList","@id":"https:\/\/evolve-fitness.eu\/es\/producto\/extension-de-piernas-curl-de-piernas-selectorizado-evolve-ultra-series\/#breadcrumb","itemListElement":[{"@type":"ListItem","position":1,"name":"Home","item":"https:\/\/evolve-fitness.eu\/es\/"},{"@type":"ListItem","position":2,"name":"Productos","item":"https:\/\/evolve-fitness.eu\/es\/shop\/"},{"@type":"ListItem","position":3,"name":"Extensi\u00f3n de piernas \/ Curl de piernas selectorizado Evolve Ultra Series"}]},{"@type":"WebSite","@id":"https:\/\/evolve-fitness.eu\/es\/#website","url":"https:\/\/evolve-fitness.eu\/es\/","name":"Evolve","description":"Your Evolved Gear Arrived","publisher":{"@id":"https:\/\/evolve-fitness.eu\/es\/#organization"},"potentialAction":[{"@type":"SearchAction","target":{"@type":"EntryPoint","urlTemplate":"https:\/\/evolve-fitness.eu\/es\/?s={search_term_string}"},"query-input":{"@type":"PropertyValueSpecification","valueRequired":true,"valueName":"search_term_string"}}],"inLanguage":"es"},{"@type":"Organization","@id":"https:\/\/evolve-fitness.eu\/es\/#organization","name":"Evolve","url":"https:\/\/evolve-fitness.eu\/es\/","logo":{"@type":"ImageObject","inLanguage":"es","@id":"https:\/\/evolve-fitness.eu\/es\/#\/schema\/logo\/image\/","url":"https:\/\/evolve-fitness.eu\/wp-content\/uploads\/2023\/05\/Evolve-logo.svg","contentUrl":"https:\/\/evolve-fitness.eu\/wp-content\/uploads\/2023\/05\/Evolve-logo.svg","width":176,"height":20,"caption":"Evolve"},"image":{"@id":"https:\/\/evolve-fitness.eu\/es\/#\/schema\/logo\/image\/"},"sameAs":["https:\/\/www.facebook.com\/EvolveFitnessEurope"]}]}},"_links":{"self":[{"href":"https:\/\/evolve-fitness.eu\/es\/wp-json\/wp\/v2\/product\/31570","targetHints":{"allow":["GET"]}}],"collection":[{"href":"https:\/\/evolve-fitness.eu\/es\/wp-json\/wp\/v2\/product"}],"about":[{"href":"https:\/\/evolve-fitness.eu\/es\/wp-json\/wp\/v2\/types\/product"}],"wp:featuredmedia":[{"embeddable":true,"href":"https:\/\/evolve-fitness.eu\/es\/wp-json\/wp\/v2\/media\/134774"}],"wp:attachment":[{"href":"https:\/\/evolve-fitness.eu\/es\/wp-json\/wp\/v2\/media?parent=31570"}],"wp:term":[{"taxonomy":"product_brand","embeddable":true,"href":"https:\/\/evolve-fitness.eu\/es\/wp-json\/wp\/v2\/product_brand?post=31570"},{"taxonomy":"product_cat","embeddable":true,"href":"https:\/\/evolve-fitness.eu\/es\/wp-json\/wp\/v2\/product_cat?post=31570"},{"taxonomy":"product_tag","embeddable":true,"href":"https:\/\/evolve-fitness.eu\/es\/wp-json\/wp\/v2\/product_tag?post=31570"}],"curies":[{"name":"wp","href":"https:\/\/api.w.org\/{rel}","templated":true}]}}