{"id":34431,"date":"2023-08-08T13:29:34","date_gmt":"2023-08-08T13:29:34","guid":{"rendered":"https:\/\/evolve-fitness.eu\/product\/evolve-cpu-curl-uretano-barra-fija\/"},"modified":"2026-03-27T09:06:47","modified_gmt":"2026-03-27T07:06:47","slug":"evolve-cpu-curl-uretano-barra-fija","status":"publish","type":"product","link":"https:\/\/evolve-fitness.eu\/es\/producto\/evolve-cpu-curl-uretano-barra-fija\/","title":{"rendered":"Evolve CPU Curl Uretano Barra Fija"},"content":{"rendered":"\n<section class=\"wp-block-group alignfull has-lightgray-background-color has-background is-layout-constrained wp-block-group-is-layout-constrained\">\n<div class=\"wp-block-columns alignwide is-layout-flex wp-container-core-columns-is-layout-2edb0647 wp-block-columns-is-layout-flex\" style=\"margin-top:0;margin-bottom:0\">\n<div class=\"wp-block-column is-layout-flow wp-block-column-is-layout-flow\" style=\"flex-basis:33.33%\"><\/div>\n\n\n\n<div class=\"wp-block-column is-layout-flow wp-block-column-is-layout-flow\" style=\"flex-basis:66.66%\"><\/div>\n<\/div>\n<\/section>\n\n<section class=\"wp-block-group alignfull black-content has-white-color has-darkgray-background-color has-text-color has-background is-layout-constrained wp-block-group-is-layout-constrained\" style=\"padding-top:var(--wp--preset--spacing--section-bottom);padding-bottom:var(--wp--preset--spacing--section-bottom)\">\n<div class=\"wp-block-columns alignwide is-layout-flex wp-container-core-columns-is-layout-c45ee707 wp-block-columns-is-layout-flex\" style=\"margin-bottom:var(--wp--preset--spacing--side-padding);padding-top:var(--wp--preset--spacing--side-padding)\">\n<div class=\"wp-block-column is-vertically-aligned-center is-layout-flow wp-block-column-is-layout-flow\">\n<h3 class=\"wp-block-heading\" style=\"margin-bottom:var(--wp--preset--spacing--h-3-bottom)\">Eleve su gimnasio con Evolve<\/h3>\n\n\n\n<p><em><strong>Rendimiento duradero y personalizaci\u00f3n para propietarios de gimnasios<\/strong><\/em><\/p>\n\n\n\n<p style=\"margin-bottom:var(--wp--preset--spacing--tb-section-padding)\">D\u00e9 rienda suelta a un nuevo nivel de durabilidad y versatilidad con el conjunto de mancuernas de peso fijo rectas o curvadas de uretano Evolve. Dise\u00f1ado para satisfacer las demandas de los gimnasios comerciales y los entusiastas del fitness en casa, este conjunto redefine la resistencia con material de uretano de primera calidad. Desp\u00eddase de las preocupaciones por el desgaste, los desconchones o la descamaci\u00f3n, ya que estas barras mantienen su aspecto impecable con el paso del tiempo, lo que supone una soluci\u00f3n rentable que evita las sustituciones frecuentes.<\/p>\n<\/div>\n\n\n\n<div class=\"wp-block-column is-vertically-aligned-center is-layout-flow wp-block-column-is-layout-flow\">\n<div class=\"wp-block-columns is-layout-flex wp-container-core-columns-is-layout-9d6595d7 wp-block-columns-is-layout-flex\">\n<div class=\"wp-block-column is-layout-flow wp-block-column-is-layout-flow\">\n<figure class=\"wp-block-video\"><video height=\"2160\" style=\"aspect-ratio: 3840 \/ 2160;\" width=\"3840\" autoplay=\"\" controls=\"\" loop=\"\" muted=\"\" src=\"https:\/\/evolve-fitness.eu\/wp-content\/uploads\/2023\/12\/2-5.mp4\"><\/video><\/figure>\n<\/div>\n<\/div>\n<\/div>\n<\/div>\n\n\n\n<div class=\"wp-block-columns alignwide is-layout-flex wp-container-core-columns-is-layout-c45ee707 wp-block-columns-is-layout-flex\" style=\"margin-bottom:var(--wp--preset--spacing--side-padding);padding-top:var(--wp--preset--spacing--side-padding)\">\n<div class=\"wp-block-column is-vertically-aligned-center is-layout-flow wp-block-column-is-layout-flow\">\n<figure class=\"wp-block-image alignright size-large is-style-rounded\"><img loading=\"lazy\" decoding=\"async\" width=\"1024\" height=\"481\" src=\"https:\/\/evolve-fitness.eu\/wp-content\/uploads\/2023\/08\/Dizainas-be-pavadinimo-1024x481.png\" alt=\"\" class=\"wp-image-988\" srcset=\"https:\/\/evolve-fitness.eu\/wp-content\/uploads\/2023\/08\/Dizainas-be-pavadinimo-1024x481.png 1024w, https:\/\/evolve-fitness.eu\/wp-content\/uploads\/2023\/08\/Dizainas-be-pavadinimo-300x141.png 300w, https:\/\/evolve-fitness.eu\/wp-content\/uploads\/2023\/08\/Dizainas-be-pavadinimo-320x150.png 320w, https:\/\/evolve-fitness.eu\/wp-content\/uploads\/2023\/08\/Dizainas-be-pavadinimo-600x282.png 600w, https:\/\/evolve-fitness.eu\/wp-content\/uploads\/2023\/08\/Dizainas-be-pavadinimo-150x70.png 150w, https:\/\/evolve-fitness.eu\/wp-content\/uploads\/2023\/08\/Dizainas-be-pavadinimo-768x361.png 768w, https:\/\/evolve-fitness.eu\/wp-content\/uploads\/2023\/08\/Dizainas-be-pavadinimo.png 1080w\" sizes=\"auto, (max-width: 1024px) 100vw, 1024px\" \/><\/figure>\n<\/div>\n\n\n\n<div class=\"wp-block-column is-vertically-aligned-center is-layout-constrained wp-block-column-is-layout-constrained\">\n<h3 class=\"wp-block-heading\" style=\"margin-bottom:var(--wp--preset--spacing--h-3-bottom)\">Personalizable y con estilo<\/h3>\n\n\n\n<p><strong><em><strong><em>Mejore la imagen de marca de su gimnasio<\/em><\/strong><\/em><\/strong><\/p>\n\n\n\n<p style=\"margin-bottom:var(--wp--preset--spacing--tb-section-padding)\">Adem\u00e1s de su excepcional durabilidad, los mancuernas Evolve de uretano, rectas o curvadas, de peso fijo, ofrecen posibilidades de personalizaci\u00f3n, permiti\u00e9ndole realzar la marca \u00fanica de su gimnasio y su impacto visual. Incorpore el logotipo de su gimnasio y seleccione colores personalizados, diferenciando su gimnasio y causando una impresi\u00f3n duradera en sus socios.<\/p>\n<\/div>\n<\/div>\n\n\n\n<div class=\"wp-block-columns alignwide is-layout-flex wp-container-core-columns-is-layout-c45ee707 wp-block-columns-is-layout-flex\" style=\"margin-bottom:var(--wp--preset--spacing--side-padding);padding-top:var(--wp--preset--spacing--side-padding)\">\n<div class=\"wp-block-column is-vertically-aligned-center is-layout-flow wp-block-column-is-layout-flow\">\n<h3 class=\"wp-block-heading\" style=\"margin-bottom:var(--wp--preset--spacing--h-3-bottom)\">Logotipos cortados con l\u00e1ser e infundidos con uretano<\/h3>\n\n\n\n<p><strong><em>Eleve la est\u00e9tica sin comprometer el rendimiento<\/em><\/strong><\/p>\n\n\n\n<p style=\"margin-bottom:var(--wp--preset--spacing--tb-section-padding)\">Adornados con logotipos cortados con l\u00e1ser e indicaciones de peso con infusi\u00f3n de uretano, los mancuernas de peso fijo rectas o curvadas de uretano Evolve combinan a la perfecci\u00f3n el atractivo est\u00e9tico con la practicidad. Cambie sin esfuerzo de pesas durante los entrenamientos con estas marcas prominentes, facilitando una experiencia de entrenamiento fluida y eficaz para sus estimados miembros del gimnasio.<\/p>\n<\/div>\n\n\n\n<div class=\"wp-block-column is-vertically-aligned-center is-layout-flow wp-block-column-is-layout-flow\">\n<div class=\"wp-block-columns is-layout-flex wp-container-core-columns-is-layout-9d6595d7 wp-block-columns-is-layout-flex\">\n<div class=\"wp-block-column is-layout-flow wp-block-column-is-layout-flow\">\n<figure class=\"wp-block-image size-full is-style-rounded\"><img loading=\"lazy\" decoding=\"async\" width=\"606\" height=\"595\" src=\"https:\/\/evolve-fitness.eu\/wp-content\/uploads\/2023\/08\/TPU-fixed-barbells-edited.jpg\" alt=\"\" class=\"wp-image-1010\" srcset=\"https:\/\/evolve-fitness.eu\/wp-content\/uploads\/2023\/08\/TPU-fixed-barbells-edited.jpg 606w, https:\/\/evolve-fitness.eu\/wp-content\/uploads\/2023\/08\/TPU-fixed-barbells-edited-300x295.jpg 300w, https:\/\/evolve-fitness.eu\/wp-content\/uploads\/2023\/08\/TPU-fixed-barbells-edited-153x150.jpg 153w, https:\/\/evolve-fitness.eu\/wp-content\/uploads\/2023\/08\/TPU-fixed-barbells-edited-600x589.jpg 600w, https:\/\/evolve-fitness.eu\/wp-content\/uploads\/2023\/08\/TPU-fixed-barbells-edited-150x147.jpg 150w\" sizes=\"auto, (max-width: 606px) 100vw, 606px\" \/><\/figure>\n<\/div>\n<\/div>\n<\/div>\n<\/div>\n\n\n\n<div class=\"wp-block-columns alignwide is-layout-flex wp-container-core-columns-is-layout-c45ee707 wp-block-columns-is-layout-flex\" style=\"margin-bottom:var(--wp--preset--spacing--side-padding);padding-top:var(--wp--preset--spacing--side-padding)\">\n<div class=\"wp-block-column is-vertically-aligned-center is-layout-flow wp-block-column-is-layout-flow\">\n<figure class=\"wp-block-image size-full is-style-rounded\"><img loading=\"lazy\" decoding=\"async\" width=\"926\" height=\"1000\" src=\"https:\/\/evolve-fitness.eu\/wp-content\/uploads\/2023\/08\/grip.png\" alt=\"\" class=\"wp-image-1000\" srcset=\"https:\/\/evolve-fitness.eu\/wp-content\/uploads\/2023\/08\/grip.png 926w, https:\/\/evolve-fitness.eu\/wp-content\/uploads\/2023\/08\/grip-300x324.png 300w, https:\/\/evolve-fitness.eu\/wp-content\/uploads\/2023\/08\/grip-139x150.png 139w, https:\/\/evolve-fitness.eu\/wp-content\/uploads\/2023\/08\/grip-600x648.png 600w, https:\/\/evolve-fitness.eu\/wp-content\/uploads\/2023\/08\/grip-278x300.png 278w, https:\/\/evolve-fitness.eu\/wp-content\/uploads\/2023\/08\/grip-768x829.png 768w\" sizes=\"auto, (max-width: 926px) 100vw, 926px\" \/><\/figure>\n<\/div>\n\n\n\n<div class=\"wp-block-column is-vertically-aligned-center is-layout-flow wp-block-column-is-layout-flow\">\n<h3 class=\"wp-block-heading\" style=\"margin-bottom:var(--wp--preset--spacing--h-3-bottom)\">Asas moleteadas cromadas duras<\/h3>\n\n\n\n<p><strong><em>Un agarre que perdura<\/em><\/strong><\/p>\n\n\n\n<p>Experimente un agarre y un rendimiento sin igual con las barras de peso fijo de uretano Evolve. Con asas moleteadas de cromo duro, estas mancuernas ofrecen una sujeci\u00f3n inquebrantable incluso durante los ejercicios m\u00e1s exigentes. El dise\u00f1o moleteado garantiza un agarre s\u00f3lido, complementado con un cromado que no s\u00f3lo mejora el agarre, sino que tambi\u00e9n a\u00f1ade un elegante toque de durabilidad.<\/p>\n<\/div>\n<\/div>\n\n\n\n<div class=\"wp-block-columns alignwide is-layout-flex wp-container-core-columns-is-layout-c45ee707 wp-block-columns-is-layout-flex\" style=\"margin-bottom:var(--wp--preset--spacing--side-padding);padding-top:var(--wp--preset--spacing--side-padding)\">\n<div class=\"wp-block-column is-vertically-aligned-center is-layout-flow wp-block-column-is-layout-flow\">\n<h3 class=\"wp-block-heading\" style=\"margin-bottom:var(--wp--preset--spacing--h-3-bottom)\">Precisi\u00f3n artesanal<\/h3>\n\n\n\n<p><strong><em>Excelencia constante<\/em><\/strong><\/p>\n\n\n\n<p style=\"margin-bottom:var(--wp--preset--spacing--tb-section-padding)\">Disfrute de la garant\u00eda de una excelencia constante con los mancuernas de peso fijo de uretano Evolve, fabricados con precisi\u00f3n. Gracias a su meticulosa construcci\u00f3n, estos mancuernas ofrecen un peso uniforme y un rendimiento inquebrantable, superando a las opciones est\u00e1ndar que pueden presentar discrepancias de peso.<\/p>\n\n\n\n<h3 class=\"wp-block-heading\" style=\"margin-bottom:var(--wp--preset--spacing--h-3-bottom)\">Seguridad y fiabilidad<\/h3>\n\n\n\n<p><strong><em>Una experiencia de entrenamiento coherente<\/em><\/strong><\/p>\n\n\n\n<p>Garantizar la seguridad y la fiabilidad es primordial, y el Evolve Urethane Straight or Curled Fixed Weight Barbell Set mantiene este compromiso. Compuestas de material de uretano de alta calidad, no t\u00f3xico e inodoro, estas barras crean un entorno de entrenamiento seguro y saludable. Su robusta construcci\u00f3n minimiza el riesgo de rotura o astillado, reduciendo el potencial de lesiones durante las intensas sesiones de entrenamiento.<\/p>\n<\/div>\n\n\n\n<div class=\"wp-block-column is-vertically-aligned-center is-layout-flow wp-block-column-is-layout-flow\">\n<div class=\"wp-block-columns is-layout-flex wp-container-core-columns-is-layout-9d6595d7 wp-block-columns-is-layout-flex\">\n<div class=\"wp-block-column is-layout-flow wp-block-column-is-layout-flow\">\n<figure class=\"wp-block-image size-full is-style-rounded\"><img loading=\"lazy\" decoding=\"async\" width=\"1000\" height=\"665\" src=\"https:\/\/evolve-fitness.eu\/wp-content\/uploads\/2023\/08\/Fixed-barbells-3.jpg\" alt=\"\" class=\"wp-image-992\" srcset=\"https:\/\/evolve-fitness.eu\/wp-content\/uploads\/2023\/08\/Fixed-barbells-3.jpg 1000w, https:\/\/evolve-fitness.eu\/wp-content\/uploads\/2023\/08\/Fixed-barbells-3-300x200.jpg 300w, https:\/\/evolve-fitness.eu\/wp-content\/uploads\/2023\/08\/Fixed-barbells-3-226x150.jpg 226w, https:\/\/evolve-fitness.eu\/wp-content\/uploads\/2023\/08\/Fixed-barbells-3-600x399.jpg 600w, https:\/\/evolve-fitness.eu\/wp-content\/uploads\/2023\/08\/Fixed-barbells-3-150x100.jpg 150w, https:\/\/evolve-fitness.eu\/wp-content\/uploads\/2023\/08\/Fixed-barbells-3-768x511.jpg 768w\" sizes=\"auto, (max-width: 1000px) 100vw, 1000px\" \/><\/figure>\n<\/div>\n<\/div>\n<\/div>\n<\/div>\n<\/section>\n","protected":false},"excerpt":{"rendered":"<p>Eleve la calidad de su gimnasio con el duradero y vers\u00e1til juego de barras de peso fijo rectas o curvadas de uretano Evolve.<br \/>\nFabricadas con material de uretano de primera calidad, estas mancuernas est\u00e1n dise\u00f1adas para resistir el desgaste y mantener su aspecto.<br \/>\nPuede personalizar la identidad de su gimnasio con su logotipo y colores, haciendo que su local destaque.<br \/>\nLa seguridad es una prioridad, ya que estas mancuernas est\u00e1n fabricadas con uretano seguro e inodoro.<br \/>\nEl conjunto se presenta en varias opciones de peso, de 10 kg a 55 kg, para adaptarse a diferentes niveles de forma f\u00edsica.<br \/>\nPuede confiar en su peso y rendimiento constantes, y los logotipos transparentes a\u00f1aden un toque de estilo.<br \/>\nActualice la oferta de su gimnasio con el fiable juego de mancuernas de peso fijo rectas o curvadas de uretano Evolve, que hace gala de calidad y excelencia personalizada.      <\/p>\n","protected":false},"featured_media":34531,"template":"","meta":{"_acf_changed":false,"inline_featured_image":false},"product_brand":[],"product_cat":[1454,4306],"product_tag":[4339,4318,4328,3926,4324,1155,4332,4336,1756,4311],"class_list":{"0":"post-34431","1":"product","2":"type-product","3":"status-publish","4":"has-post-thumbnail","6":"product_cat-pesos-libres","7":"product_cat-pesas-fijas","8":"product_tag-asas-moleteadas-cromadas-duras","9":"product_tag-barbell-fijo","10":"product_tag-configure","11":"product_tag-corte-por-laser","12":"product_tag-durabilidad","13":"product_tag-fitness-en-casa","14":"product_tag-gimnasios-comerciales","15":"product_tag-logotipos-infundidos-es","16":"product_tag-precision-es","17":"product_tag-rizo-de-uretano","19":"first","20":"instock","21":"shipping-taxable","22":"purchasable","23":"product-type-variable"},"acf":{"long_title":"Evolve CPU Curl Uretano Barra Fija","subtitle":"","specifications":[{"label":"SKU","text_value":"EV-FB-UC","icon":"x"},{"label":"Intervalo de incremento de peso","text_value":"5 kg","icon":"x"},{"label":"Barras fijas con n\u00facleo de acero y exterior recubierto por colada de un compuesto de poliuretano l\u00edquido","text_value":"","icon":"v"},{"label":"El peso est\u00e1 marcado a ambos lados de cada barra fija","text_value":"","icon":"v"},{"label":"Opciones de personalizaci\u00f3n","text_value":"Elecci\u00f3n de los colores del logotipo y de los n\u00fameros \/ Adaptaci\u00f3n a la identidad interior deseada \/ Posibilidad de grabar un logotipo personalizado","icon":"x"},{"label":"Garant\u00eda","text_value":"5 a\u00f1os","icon":"x"}]},"yoast_head":"<!-- This site is optimized with the Yoast SEO plugin v26.6 - https:\/\/yoast.com\/wordpress\/plugins\/seo\/ -->\n<title>Evolve CPU Curl Uretano Barra Fija - Evolve<\/title>\n<meta name=\"robots\" content=\"index, follow, max-snippet:-1, max-image-preview:large, max-video-preview:-1\" \/>\n<link rel=\"canonical\" href=\"https:\/\/evolve-fitness.eu\/es\/producto\/evolve-cpu-curl-uretano-barra-fija\/\" \/>\n<meta property=\"og:locale\" content=\"es_ES\" \/>\n<meta property=\"og:type\" content=\"article\" \/>\n<meta property=\"og:title\" content=\"Evolve CPU Curl Uretano Barra Fija - Evolve\" \/>\n<meta property=\"og:url\" content=\"https:\/\/evolve-fitness.eu\/es\/producto\/evolve-cpu-curl-uretano-barra-fija\/\" \/>\n<meta property=\"og:site_name\" content=\"Evolve\" \/>\n<meta property=\"article:publisher\" content=\"https:\/\/www.facebook.com\/EvolveFitnessEurope\" \/>\n<meta property=\"article:modified_time\" content=\"2026-03-27T07:06:47+00:00\" \/>\n<meta property=\"og:image\" content=\"https:\/\/evolve-fitness.eu\/wp-content\/uploads\/2023\/11\/Evolve-CPU-Urethane-Curl-Fixed-Barbells-2.png\" \/>\n\t<meta property=\"og:image:width\" content=\"680\" \/>\n\t<meta property=\"og:image:height\" content=\"600\" \/>\n\t<meta property=\"og:image:type\" content=\"image\/png\" \/>\n<meta name=\"twitter:card\" content=\"summary_large_image\" \/>\n<script type=\"application\/ld+json\" class=\"yoast-schema-graph\">{\"@context\":\"https:\/\/schema.org\",\"@graph\":[{\"@type\":\"WebPage\",\"@id\":\"https:\/\/evolve-fitness.eu\/es\/producto\/evolve-cpu-curl-uretano-barra-fija\/\",\"url\":\"https:\/\/evolve-fitness.eu\/es\/producto\/evolve-cpu-curl-uretano-barra-fija\/\",\"name\":\"Evolve CPU Curl Uretano Barra Fija - Evolve\",\"isPartOf\":{\"@id\":\"https:\/\/evolve-fitness.eu\/es\/#website\"},\"primaryImageOfPage\":{\"@id\":\"https:\/\/evolve-fitness.eu\/es\/producto\/evolve-cpu-curl-uretano-barra-fija\/#primaryimage\"},\"image\":{\"@id\":\"https:\/\/evolve-fitness.eu\/es\/producto\/evolve-cpu-curl-uretano-barra-fija\/#primaryimage\"},\"thumbnailUrl\":\"https:\/\/evolve-fitness.eu\/wp-content\/uploads\/2023\/11\/Evolve-CPU-Urethane-Curl-Fixed-Barbells-2.png\",\"datePublished\":\"2023-08-08T13:29:34+00:00\",\"dateModified\":\"2026-03-27T07:06:47+00:00\",\"breadcrumb\":{\"@id\":\"https:\/\/evolve-fitness.eu\/es\/producto\/evolve-cpu-curl-uretano-barra-fija\/#breadcrumb\"},\"inLanguage\":\"es\",\"potentialAction\":[{\"@type\":\"ReadAction\",\"target\":[\"https:\/\/evolve-fitness.eu\/es\/producto\/evolve-cpu-curl-uretano-barra-fija\/\"]}]},{\"@type\":\"ImageObject\",\"inLanguage\":\"es\",\"@id\":\"https:\/\/evolve-fitness.eu\/es\/producto\/evolve-cpu-curl-uretano-barra-fija\/#primaryimage\",\"url\":\"https:\/\/evolve-fitness.eu\/wp-content\/uploads\/2023\/11\/Evolve-CPU-Urethane-Curl-Fixed-Barbells-2.png\",\"contentUrl\":\"https:\/\/evolve-fitness.eu\/wp-content\/uploads\/2023\/11\/Evolve-CPU-Urethane-Curl-Fixed-Barbells-2.png\",\"width\":680,\"height\":600,\"caption\":\"EV-FB-US\"},{\"@type\":\"BreadcrumbList\",\"@id\":\"https:\/\/evolve-fitness.eu\/es\/producto\/evolve-cpu-curl-uretano-barra-fija\/#breadcrumb\",\"itemListElement\":[{\"@type\":\"ListItem\",\"position\":1,\"name\":\"Home\",\"item\":\"https:\/\/evolve-fitness.eu\/es\/\"},{\"@type\":\"ListItem\",\"position\":2,\"name\":\"Productos\",\"item\":\"https:\/\/evolve-fitness.eu\/es\/shop\/\"},{\"@type\":\"ListItem\",\"position\":3,\"name\":\"Evolve CPU Curl Uretano Barra Fija\"}]},{\"@type\":\"WebSite\",\"@id\":\"https:\/\/evolve-fitness.eu\/es\/#website\",\"url\":\"https:\/\/evolve-fitness.eu\/es\/\",\"name\":\"Evolve\",\"description\":\"Your Evolved Gear Arrived\",\"publisher\":{\"@id\":\"https:\/\/evolve-fitness.eu\/es\/#organization\"},\"potentialAction\":[{\"@type\":\"SearchAction\",\"target\":{\"@type\":\"EntryPoint\",\"urlTemplate\":\"https:\/\/evolve-fitness.eu\/es\/?s={search_term_string}\"},\"query-input\":{\"@type\":\"PropertyValueSpecification\",\"valueRequired\":true,\"valueName\":\"search_term_string\"}}],\"inLanguage\":\"es\"},{\"@type\":\"Organization\",\"@id\":\"https:\/\/evolve-fitness.eu\/es\/#organization\",\"name\":\"Evolve\",\"url\":\"https:\/\/evolve-fitness.eu\/es\/\",\"logo\":{\"@type\":\"ImageObject\",\"inLanguage\":\"es\",\"@id\":\"https:\/\/evolve-fitness.eu\/es\/#\/schema\/logo\/image\/\",\"url\":\"https:\/\/evolve-fitness.eu\/wp-content\/uploads\/2023\/05\/Evolve-logo.svg\",\"contentUrl\":\"https:\/\/evolve-fitness.eu\/wp-content\/uploads\/2023\/05\/Evolve-logo.svg\",\"width\":176,\"height\":20,\"caption\":\"Evolve\"},\"image\":{\"@id\":\"https:\/\/evolve-fitness.eu\/es\/#\/schema\/logo\/image\/\"},\"sameAs\":[\"https:\/\/www.facebook.com\/EvolveFitnessEurope\"]}]}<\/script>\n<!-- \/ Yoast SEO plugin. -->","yoast_head_json":{"title":"Evolve CPU Curl Uretano Barra Fija - Evolve","robots":{"index":"index","follow":"follow","max-snippet":"max-snippet:-1","max-image-preview":"max-image-preview:large","max-video-preview":"max-video-preview:-1"},"canonical":"https:\/\/evolve-fitness.eu\/es\/producto\/evolve-cpu-curl-uretano-barra-fija\/","og_locale":"es_ES","og_type":"article","og_title":"Evolve CPU Curl Uretano Barra Fija - Evolve","og_url":"https:\/\/evolve-fitness.eu\/es\/producto\/evolve-cpu-curl-uretano-barra-fija\/","og_site_name":"Evolve","article_publisher":"https:\/\/www.facebook.com\/EvolveFitnessEurope","article_modified_time":"2026-03-27T07:06:47+00:00","og_image":[{"width":680,"height":600,"url":"https:\/\/evolve-fitness.eu\/wp-content\/uploads\/2023\/11\/Evolve-CPU-Urethane-Curl-Fixed-Barbells-2.png","type":"image\/png"}],"twitter_card":"summary_large_image","schema":{"@context":"https:\/\/schema.org","@graph":[{"@type":"WebPage","@id":"https:\/\/evolve-fitness.eu\/es\/producto\/evolve-cpu-curl-uretano-barra-fija\/","url":"https:\/\/evolve-fitness.eu\/es\/producto\/evolve-cpu-curl-uretano-barra-fija\/","name":"Evolve CPU Curl Uretano Barra Fija - Evolve","isPartOf":{"@id":"https:\/\/evolve-fitness.eu\/es\/#website"},"primaryImageOfPage":{"@id":"https:\/\/evolve-fitness.eu\/es\/producto\/evolve-cpu-curl-uretano-barra-fija\/#primaryimage"},"image":{"@id":"https:\/\/evolve-fitness.eu\/es\/producto\/evolve-cpu-curl-uretano-barra-fija\/#primaryimage"},"thumbnailUrl":"https:\/\/evolve-fitness.eu\/wp-content\/uploads\/2023\/11\/Evolve-CPU-Urethane-Curl-Fixed-Barbells-2.png","datePublished":"2023-08-08T13:29:34+00:00","dateModified":"2026-03-27T07:06:47+00:00","breadcrumb":{"@id":"https:\/\/evolve-fitness.eu\/es\/producto\/evolve-cpu-curl-uretano-barra-fija\/#breadcrumb"},"inLanguage":"es","potentialAction":[{"@type":"ReadAction","target":["https:\/\/evolve-fitness.eu\/es\/producto\/evolve-cpu-curl-uretano-barra-fija\/"]}]},{"@type":"ImageObject","inLanguage":"es","@id":"https:\/\/evolve-fitness.eu\/es\/producto\/evolve-cpu-curl-uretano-barra-fija\/#primaryimage","url":"https:\/\/evolve-fitness.eu\/wp-content\/uploads\/2023\/11\/Evolve-CPU-Urethane-Curl-Fixed-Barbells-2.png","contentUrl":"https:\/\/evolve-fitness.eu\/wp-content\/uploads\/2023\/11\/Evolve-CPU-Urethane-Curl-Fixed-Barbells-2.png","width":680,"height":600,"caption":"EV-FB-US"},{"@type":"BreadcrumbList","@id":"https:\/\/evolve-fitness.eu\/es\/producto\/evolve-cpu-curl-uretano-barra-fija\/#breadcrumb","itemListElement":[{"@type":"ListItem","position":1,"name":"Home","item":"https:\/\/evolve-fitness.eu\/es\/"},{"@type":"ListItem","position":2,"name":"Productos","item":"https:\/\/evolve-fitness.eu\/es\/shop\/"},{"@type":"ListItem","position":3,"name":"Evolve CPU Curl Uretano Barra Fija"}]},{"@type":"WebSite","@id":"https:\/\/evolve-fitness.eu\/es\/#website","url":"https:\/\/evolve-fitness.eu\/es\/","name":"Evolve","description":"Your Evolved Gear Arrived","publisher":{"@id":"https:\/\/evolve-fitness.eu\/es\/#organization"},"potentialAction":[{"@type":"SearchAction","target":{"@type":"EntryPoint","urlTemplate":"https:\/\/evolve-fitness.eu\/es\/?s={search_term_string}"},"query-input":{"@type":"PropertyValueSpecification","valueRequired":true,"valueName":"search_term_string"}}],"inLanguage":"es"},{"@type":"Organization","@id":"https:\/\/evolve-fitness.eu\/es\/#organization","name":"Evolve","url":"https:\/\/evolve-fitness.eu\/es\/","logo":{"@type":"ImageObject","inLanguage":"es","@id":"https:\/\/evolve-fitness.eu\/es\/#\/schema\/logo\/image\/","url":"https:\/\/evolve-fitness.eu\/wp-content\/uploads\/2023\/05\/Evolve-logo.svg","contentUrl":"https:\/\/evolve-fitness.eu\/wp-content\/uploads\/2023\/05\/Evolve-logo.svg","width":176,"height":20,"caption":"Evolve"},"image":{"@id":"https:\/\/evolve-fitness.eu\/es\/#\/schema\/logo\/image\/"},"sameAs":["https:\/\/www.facebook.com\/EvolveFitnessEurope"]}]}},"_links":{"self":[{"href":"https:\/\/evolve-fitness.eu\/es\/wp-json\/wp\/v2\/product\/34431","targetHints":{"allow":["GET"]}}],"collection":[{"href":"https:\/\/evolve-fitness.eu\/es\/wp-json\/wp\/v2\/product"}],"about":[{"href":"https:\/\/evolve-fitness.eu\/es\/wp-json\/wp\/v2\/types\/product"}],"wp:featuredmedia":[{"embeddable":true,"href":"https:\/\/evolve-fitness.eu\/es\/wp-json\/wp\/v2\/media\/34531"}],"wp:attachment":[{"href":"https:\/\/evolve-fitness.eu\/es\/wp-json\/wp\/v2\/media?parent=34431"}],"wp:term":[{"taxonomy":"product_brand","embeddable":true,"href":"https:\/\/evolve-fitness.eu\/es\/wp-json\/wp\/v2\/product_brand?post=34431"},{"taxonomy":"product_cat","embeddable":true,"href":"https:\/\/evolve-fitness.eu\/es\/wp-json\/wp\/v2\/product_cat?post=34431"},{"taxonomy":"product_tag","embeddable":true,"href":"https:\/\/evolve-fitness.eu\/es\/wp-json\/wp\/v2\/product_tag?post=34431"}],"curies":[{"name":"wp","href":"https:\/\/api.w.org\/{rel}","templated":true}]}}