{"id":36761,"date":"2023-11-03T15:01:10","date_gmt":"2023-11-03T15:01:10","guid":{"rendered":"https:\/\/evolve-fitness.eu\/product\/juego-de-mancuernas-evolve-chrome-1-10-kg\/"},"modified":"2024-03-15T04:41:00","modified_gmt":"2024-03-15T04:41:00","slug":"juego-de-mancuernas-evolve-chrome-1-10-kg","status":"publish","type":"product","link":"https:\/\/evolve-fitness.eu\/es\/producto\/juego-de-mancuernas-evolve-chrome-1-10-kg\/","title":{"rendered":"Juego de mancuernas Evolve Chrome 1-10 kg"},"content":{"rendered":"\n<section class=\"wp-block-group alignfull has-lightgray-background-color has-background is-layout-constrained wp-block-group-is-layout-constrained\">\n<div class=\"wp-block-columns alignwide is-layout-flex wp-container-core-columns-is-layout-2edb0647 wp-block-columns-is-layout-flex\" style=\"margin-top:0;margin-bottom:0\">\n<div class=\"wp-block-column is-layout-flow wp-block-column-is-layout-flow\" style=\"flex-basis:33.33%\"><\/div>\n\n\n\n<div class=\"wp-block-column is-layout-flow wp-block-column-is-layout-flow\" style=\"flex-basis:66.66%\"><\/div>\n<\/div>\n<\/section>\n\n<section class=\"wp-block-group alignfull black-content has-white-color has-darkgray-background-color has-text-color has-background is-layout-constrained wp-block-group-is-layout-constrained\" style=\"padding-top:var(--wp--preset--spacing--section-bottom);padding-bottom:var(--wp--preset--spacing--section-bottom)\">\n<div class=\"wp-block-columns alignwide mobile-reverse is-layout-flex wp-container-core-columns-is-layout-ca64bf2d wp-block-columns-is-layout-flex\" style=\"margin-bottom:var(--wp--preset--spacing--side-padding)\">\n<div class=\"wp-block-column is-vertically-aligned-center is-layout-flow wp-block-column-is-layout-flow\">\n<h3 class=\"wp-block-heading\" style=\"margin-bottom:var(--wp--preset--spacing--h-3-bottom)\"><strong>SUPERFICIE CROMADA<\/strong><\/h3>\n\n\n\n<p><em><strong>Duradero y elegante<\/strong><\/em><\/p>\n\n\n\n<p style=\"margin-bottom:var(--wp--preset--spacing--tb-section-padding)\">Mejore la est\u00e9tica de su gimnasio con nuestros duraderos y elegantes equipos de superficie cromada. Dise\u00f1ado para satisfacer la doble exigencia de estilo y longevidad, nuestro revestimiento cromado reflectante no s\u00f3lo proporciona a su espacio de gimnasio un toque contempor\u00e1neo, sino que tambi\u00e9n garantiza una protecci\u00f3n \u00f3ptima contra la oxidaci\u00f3n y los da\u00f1os medioambientales. Ideales para entornos dom\u00e9sticos y profesionales, nuestros productos mantienen su aspecto impecable y son resistentes al desconchado, las grietas o el descascarillado, por lo que su inversi\u00f3n seguir\u00e1 pareciendo nueva durante a\u00f1os. Eleve su experiencia de entrenamiento con un gimnasio que brille tanto como su viaje de fitness.<\/p>\n<\/div>\n\n\n\n<div class=\"wp-block-column is-vertically-aligned-center is-layout-flow wp-block-column-is-layout-flow\">\n<figure class=\"wp-block-image alignright size-large is-resized is-style-rounded\"><img loading=\"lazy\" decoding=\"async\" width=\"1024\" height=\"1024\" src=\"https:\/\/evolve-fitness.eu\/wp-content\/uploads\/2023\/11\/Chrome-Dumbbells-1024x1024.png\" alt=\"\" class=\"wp-image-4885\" style=\"object-fit:cover;width:680px;height:600px\" srcset=\"https:\/\/evolve-fitness.eu\/wp-content\/uploads\/2023\/11\/Chrome-Dumbbells-1024x1024.png 1024w, https:\/\/evolve-fitness.eu\/wp-content\/uploads\/2023\/11\/Chrome-Dumbbells-300x300.png 300w, https:\/\/evolve-fitness.eu\/wp-content\/uploads\/2023\/11\/Chrome-Dumbbells-150x150.png 150w, https:\/\/evolve-fitness.eu\/wp-content\/uploads\/2023\/11\/Chrome-Dumbbells-600x600.png 600w, https:\/\/evolve-fitness.eu\/wp-content\/uploads\/2023\/11\/Chrome-Dumbbells-768x768.png 768w, https:\/\/evolve-fitness.eu\/wp-content\/uploads\/2023\/11\/Chrome-Dumbbells.png 1080w\" sizes=\"auto, (max-width: 1024px) 100vw, 1024px\" \/><\/figure>\n<\/div>\n<\/div>\n\n\n\n<div class=\"wp-block-columns alignwide is-layout-flex wp-container-core-columns-is-layout-c45ee707 wp-block-columns-is-layout-flex\" style=\"margin-bottom:var(--wp--preset--spacing--side-padding);padding-top:var(--wp--preset--spacing--side-padding)\">\n<div class=\"wp-block-column is-vertically-aligned-center is-layout-flow wp-block-column-is-layout-flow\">\n<figure class=\"wp-block-image size-full is-resized\"><img loading=\"lazy\" decoding=\"async\" width=\"680\" height=\"600\" src=\"https:\/\/evolve-fitness.eu\/wp-content\/uploads\/2023\/11\/Chrome-Dumbbells-whole-2.png\" alt=\"\" class=\"wp-image-4893\" style=\"object-fit:cover;width:680px;height:600px\" srcset=\"https:\/\/evolve-fitness.eu\/wp-content\/uploads\/2023\/11\/Chrome-Dumbbells-whole-2.png 680w, https:\/\/evolve-fitness.eu\/wp-content\/uploads\/2023\/11\/Chrome-Dumbbells-whole-2-300x265.png 300w, https:\/\/evolve-fitness.eu\/wp-content\/uploads\/2023\/11\/Chrome-Dumbbells-whole-2-170x150.png 170w, https:\/\/evolve-fitness.eu\/wp-content\/uploads\/2023\/11\/Chrome-Dumbbells-whole-2-600x529.png 600w, https:\/\/evolve-fitness.eu\/wp-content\/uploads\/2023\/11\/Chrome-Dumbbells-whole-2-150x132.png 150w\" sizes=\"auto, (max-width: 680px) 100vw, 680px\" \/><\/figure>\n<\/div>\n\n\n\n<div class=\"wp-block-column is-vertically-aligned-center is-layout-constrained wp-block-column-is-layout-constrained\">\n<h3 class=\"wp-block-heading\" style=\"margin-bottom:var(--wp--preset--spacing--h-3-bottom)\">DURABILIDAD EXCEPCIONAL<\/h3>\n\n\n\n<p><strong><em><strong><em>Mancuernas cromadas Pro-Grade<\/em><\/strong><\/em><\/strong><\/p>\n\n\n\n<p style=\"margin-bottom:var(--wp--preset--spacing--tb-section-padding)\">Descubra una fuerza y resistencia incomparables con las mancuernas cromadas Evolve, fabricadas por expertos a partir de una robusta aleaci\u00f3n met\u00e1lica para ofrecer la m\u00e1xima durabilidad. Su resistencia al desgaste, la corrosi\u00f3n y la deformaci\u00f3n las convierte en una inversi\u00f3n inteligente para entornos de fitness muy frecuentados. Dise\u00f1adas con precisi\u00f3n para garantizar el equilibrio y la exactitud dimensional, estas mancuernas son perfectas para bases militares, gimnasios de hoteles, albergues, centros de rehabilitaci\u00f3n y entusiastas del fitness dom\u00e9stico que exigen equipos de calidad profesional. Elija Evolve para un equipo de gimnasia que resista la prueba del tiempo y el rendimiento.<\/p>\n<\/div>\n<\/div>\n\n\n\n<div class=\"wp-block-columns alignwide is-layout-flex wp-container-core-columns-is-layout-c45ee707 wp-block-columns-is-layout-flex\" style=\"margin-bottom:var(--wp--preset--spacing--side-padding);padding-top:var(--wp--preset--spacing--side-padding)\">\n<div class=\"wp-block-column is-vertically-aligned-center is-layout-flow wp-block-column-is-layout-flow\">\n<h3 class=\"wp-block-heading\" style=\"margin-bottom:var(--wp--preset--spacing--h-3-bottom)\">LOGOTIPO E INDICACI\u00d3N DEL PESO<\/h3>\n\n\n\n<p><strong><em>Donde la durabilidad se une al dise\u00f1o<\/em><\/strong><\/p>\n\n\n\n<p>Eleve la est\u00e9tica de su marca con nuestro servicio de grabado permanente de logotipos e indicaciones de peso. Fabricados para ofrecer una calidad duradera, nuestra precisa t\u00e9cnica de grabado imprime el logotipo de su marca junto con las medidas de peso directamente en los productos, garantizando un acabado elegante y sin antiest\u00e9ticas astillas. Este m\u00e9todo atemporal no s\u00f3lo acent\u00faa la sofisticaci\u00f3n de su producto, sino que promete un dise\u00f1o que permanece intacto, manteniendo un aspecto nuevo durante a\u00f1os. Ideal para equipos de fitness, pesas comerciales y art\u00edculos a medida, nuestro servicio de grabado ofrece excelencia profesional con un toque de estilo que resiste la decoloraci\u00f3n y el desgaste.<\/p>\n<\/div>\n\n\n\n<div class=\"wp-block-column is-vertically-aligned-center is-layout-flow wp-block-column-is-layout-flow\">\n<div class=\"wp-block-columns is-layout-flex wp-container-core-columns-is-layout-9d6595d7 wp-block-columns-is-layout-flex\">\n<div class=\"wp-block-column is-layout-flow wp-block-column-is-layout-flow\">\n<figure class=\"wp-block-image size-full is-style-rounded\"><img loading=\"lazy\" decoding=\"async\" width=\"680\" height=\"600\" src=\"https:\/\/evolve-fitness.eu\/wp-content\/uploads\/2023\/11\/Chrome-Dumbbells-2.png\" alt=\"\" class=\"wp-image-4897\" srcset=\"https:\/\/evolve-fitness.eu\/wp-content\/uploads\/2023\/11\/Chrome-Dumbbells-2.png 680w, https:\/\/evolve-fitness.eu\/wp-content\/uploads\/2023\/11\/Chrome-Dumbbells-2-300x265.png 300w, https:\/\/evolve-fitness.eu\/wp-content\/uploads\/2023\/11\/Chrome-Dumbbells-2-170x150.png 170w, https:\/\/evolve-fitness.eu\/wp-content\/uploads\/2023\/11\/Chrome-Dumbbells-2-600x529.png 600w, https:\/\/evolve-fitness.eu\/wp-content\/uploads\/2023\/11\/Chrome-Dumbbells-2-150x132.png 150w\" sizes=\"auto, (max-width: 680px) 100vw, 680px\" \/><\/figure>\n<\/div>\n<\/div>\n<\/div>\n<\/div>\n\n\n\n<div class=\"wp-block-columns alignwide is-layout-flex wp-container-core-columns-is-layout-c45ee707 wp-block-columns-is-layout-flex\" style=\"margin-bottom:var(--wp--preset--spacing--side-padding);padding-top:var(--wp--preset--spacing--side-padding)\">\n<div class=\"wp-block-column is-vertically-aligned-center is-layout-flow wp-block-column-is-layout-flow\">\n<div class=\"wp-block-columns is-layout-flex wp-container-core-columns-is-layout-9d6595d7 wp-block-columns-is-layout-flex\">\n<div class=\"wp-block-column is-layout-flow wp-block-column-is-layout-flow\">\n<figure class=\"wp-block-image size-full is-resized is-style-rounded\"><img loading=\"lazy\" decoding=\"async\" width=\"675\" height=\"675\" src=\"https:\/\/evolve-fitness.eu\/wp-content\/uploads\/2023\/11\/Evolve-CHROME-DUMBBELL-SETS-1.png\" alt=\"\" class=\"wp-image-4926\" style=\"object-fit:cover;width:680px;height:600px\" srcset=\"https:\/\/evolve-fitness.eu\/wp-content\/uploads\/2023\/11\/Evolve-CHROME-DUMBBELL-SETS-1.png 675w, https:\/\/evolve-fitness.eu\/wp-content\/uploads\/2023\/11\/Evolve-CHROME-DUMBBELL-SETS-1-300x300.png 300w, https:\/\/evolve-fitness.eu\/wp-content\/uploads\/2023\/11\/Evolve-CHROME-DUMBBELL-SETS-1-150x150.png 150w, https:\/\/evolve-fitness.eu\/wp-content\/uploads\/2023\/11\/Evolve-CHROME-DUMBBELL-SETS-1-600x600.png 600w\" sizes=\"auto, (max-width: 675px) 100vw, 675px\" \/><\/figure>\n<\/div>\n<\/div>\n<\/div>\n\n\n\n<div class=\"wp-block-column is-vertically-aligned-center is-layout-flow wp-block-column-is-layout-flow\">\n<h3 class=\"wp-block-heading\" style=\"margin-bottom:var(--wp--preset--spacing--h-3-bottom)\">Asas moleteadas cromadas duras<\/h3>\n\n\n\n<p><strong><em><strong><em>Un agarre que perdura<\/em><\/strong><\/em><\/strong><\/p>\n\n\n\n<p style=\"margin-bottom:var(--wp--preset--spacing--tb-section-padding)\">Mejore su entrenamiento con nuestras mancuernas de alta calidad, dise\u00f1adas con asas ergon\u00f3micas curvadas que se adaptan de forma natural a la mano, garantizando un agarre c\u00f3modo para una gran variedad de ejercicios. El moleteado, dise\u00f1ado por expertos, garantiza una sujeci\u00f3n segura, reduciendo el riesgo de deslizamiento y mejorando la seguridad durante las sesiones de entrenamiento. Ideales tanto para atletas principiantes como experimentados, estas mancuernas prometen ofrecer la m\u00e1xima comodidad y protecci\u00f3n, para que puedas centrarte en lograr un rendimiento \u00f3ptimo con cada repetici\u00f3n. Nuestras mancuernas son el complemento perfecto para cualquier rutina de fitness, ya sea para entrenar en casa o para ir al l\u00edmite en un gimnasio profesional.<\/p>\n<\/div>\n<\/div>\n\n\n\n<div class=\"wp-block-columns alignwide is-layout-flex wp-container-core-columns-is-layout-c45ee707 wp-block-columns-is-layout-flex\" style=\"margin-bottom:var(--wp--preset--spacing--side-padding);padding-top:var(--wp--preset--spacing--side-padding)\">\n<div class=\"wp-block-column is-vertically-aligned-center is-layout-flow wp-block-column-is-layout-flow\">\n<h3 class=\"wp-block-heading\" style=\"margin-bottom:var(--wp--preset--spacing--h-3-bottom)\">Asas cromadas<\/h3>\n\n\n\n<p><strong><em>Un tama\u00f1o perfecto<\/em><\/strong><\/p>\n\n\n\n<p style=\"margin-bottom:var(--wp--preset--spacing--tb-section-padding)\">El mango de mancuerna cromado Evolve tiene una longitud de 120 mm, y el grosor en la parte m\u00e1s ancha es de 32 mm, con un patr\u00f3n moleteado. Toda la mancuerna est\u00e1 recubierta de una capa de cromo brillante, duradera y resistente al desgaste, de 50 micr\u00f3metros (\u00b5m) de espesor.<\/p>\n<\/div>\n\n\n\n<div class=\"wp-block-column is-vertically-aligned-center is-layout-flow wp-block-column-is-layout-flow\">\n<div class=\"wp-block-columns is-layout-flex wp-container-core-columns-is-layout-9d6595d7 wp-block-columns-is-layout-flex\">\n<div class=\"wp-block-column is-layout-flow wp-block-column-is-layout-flow\">\n<figure class=\"wp-block-image size-full is-resized is-style-rounded\"><img loading=\"lazy\" decoding=\"async\" width=\"680\" height=\"600\" src=\"https:\/\/evolve-fitness.eu\/wp-content\/uploads\/2023\/11\/Evolve-CHROME-DUMBBELL-SETS-handle-mesurments.png\" alt=\"\" class=\"wp-image-4931\" style=\"object-fit:cover;width:680px;height:600px\" srcset=\"https:\/\/evolve-fitness.eu\/wp-content\/uploads\/2023\/11\/Evolve-CHROME-DUMBBELL-SETS-handle-mesurments.png 680w, https:\/\/evolve-fitness.eu\/wp-content\/uploads\/2023\/11\/Evolve-CHROME-DUMBBELL-SETS-handle-mesurments-300x265.png 300w, https:\/\/evolve-fitness.eu\/wp-content\/uploads\/2023\/11\/Evolve-CHROME-DUMBBELL-SETS-handle-mesurments-170x150.png 170w, https:\/\/evolve-fitness.eu\/wp-content\/uploads\/2023\/11\/Evolve-CHROME-DUMBBELL-SETS-handle-mesurments-600x529.png 600w, https:\/\/evolve-fitness.eu\/wp-content\/uploads\/2023\/11\/Evolve-CHROME-DUMBBELL-SETS-handle-mesurments-150x132.png 150w\" sizes=\"auto, (max-width: 680px) 100vw, 680px\" \/><\/figure>\n<\/div>\n<\/div>\n<\/div>\n<\/div>\n<\/section>\n","protected":false},"excerpt":{"rendered":"<p>Maximice la eficacia de su entrenamiento con el juego de mancuernas cromadas Evolve, perfecto para usuarios que buscan un equipo de calidad profesional. Con un acabado cromado brillante que resiste el \u00f3xido y un rango de peso de 2 x 1-10 kg, estas mancuernas son ideales para el entrenamiento incremental y una gran variedad de ejercicios. Sus asas ergon\u00f3micas y moleteadas garantizan un agarre firme, mientras que el grabado de precisi\u00f3n del logotipo y las clases de peso contribuyen a su dise\u00f1o elegante y moderno. Adecuadas tanto para gimnasios dom\u00e9sticos como comerciales, estas mancuernas garantizan resistir el paso del tiempo y el uso.<\/p>\n","protected":false},"featured_media":36780,"template":"","meta":{"_acf_changed":false,"inline_featured_image":false},"product_brand":[],"product_cat":[1454,2550],"product_tag":[],"class_list":{"0":"post-36761","1":"product","2":"type-product","3":"status-publish","4":"has-post-thumbnail","6":"product_cat-pesos-libres","7":"product_cat-mancuernas","9":"first","10":"instock","11":"shipping-taxable","12":"purchasable","13":"product-type-simple"},"acf":{"long_title":"Juego de mancuernas Evolve Chrome 1-10 kg","subtitle":"","specifications":[{"label":"SKU","text_value":"EV-DS-CD-1-10","icon":"x"},{"label":"Logotipo e indicaci\u00f3n de peso grabados de forma permanente","text_value":"","icon":"v"},{"label":"Las empu\u00f1aduras moleteadas proporcionan un gran agarre","text_value":"","icon":"v"},{"label":"Mangos ergon\u00f3micos, cromados duros","text_value":"","icon":"v"},{"label":"Acabado cromado elegante y a prueba de \u00f3xido","text_value":"","icon":"v"}]},"yoast_head":"<!-- This site is optimized with the Yoast SEO plugin v26.6 - https:\/\/yoast.com\/wordpress\/plugins\/seo\/ -->\n<title>Juego de mancuernas Evolve Chrome 1-10 kg - Evolve<\/title>\n<meta name=\"robots\" content=\"index, follow, max-snippet:-1, max-image-preview:large, max-video-preview:-1\" \/>\n<link rel=\"canonical\" href=\"https:\/\/evolve-fitness.eu\/es\/producto\/juego-de-mancuernas-evolve-chrome-1-10-kg\/\" \/>\n<meta property=\"og:locale\" content=\"es_ES\" \/>\n<meta property=\"og:type\" content=\"article\" \/>\n<meta property=\"og:title\" content=\"Juego de mancuernas Evolve Chrome 1-10 kg - Evolve\" \/>\n<meta property=\"og:url\" content=\"https:\/\/evolve-fitness.eu\/es\/producto\/juego-de-mancuernas-evolve-chrome-1-10-kg\/\" \/>\n<meta property=\"og:site_name\" content=\"Evolve\" \/>\n<meta property=\"article:publisher\" content=\"https:\/\/www.facebook.com\/EvolveFitnessEurope\" \/>\n<meta property=\"article:modified_time\" content=\"2024-03-15T04:41:00+00:00\" \/>\n<meta property=\"og:image\" content=\"https:\/\/evolve-fitness.eu\/wp-content\/uploads\/2023\/11\/Evolve-Chrome-Dumbbells-Set-1.png\" \/>\n\t<meta property=\"og:image:width\" content=\"680\" \/>\n\t<meta property=\"og:image:height\" content=\"600\" \/>\n\t<meta property=\"og:image:type\" content=\"image\/png\" \/>\n<meta name=\"twitter:card\" content=\"summary_large_image\" \/>\n<script type=\"application\/ld+json\" class=\"yoast-schema-graph\">{\"@context\":\"https:\/\/schema.org\",\"@graph\":[{\"@type\":\"WebPage\",\"@id\":\"https:\/\/evolve-fitness.eu\/es\/producto\/juego-de-mancuernas-evolve-chrome-1-10-kg\/\",\"url\":\"https:\/\/evolve-fitness.eu\/es\/producto\/juego-de-mancuernas-evolve-chrome-1-10-kg\/\",\"name\":\"Juego de mancuernas Evolve Chrome 1-10 kg - Evolve\",\"isPartOf\":{\"@id\":\"https:\/\/evolve-fitness.eu\/es\/#website\"},\"primaryImageOfPage\":{\"@id\":\"https:\/\/evolve-fitness.eu\/es\/producto\/juego-de-mancuernas-evolve-chrome-1-10-kg\/#primaryimage\"},\"image\":{\"@id\":\"https:\/\/evolve-fitness.eu\/es\/producto\/juego-de-mancuernas-evolve-chrome-1-10-kg\/#primaryimage\"},\"thumbnailUrl\":\"https:\/\/evolve-fitness.eu\/wp-content\/uploads\/2023\/11\/Evolve-Chrome-Dumbbells-Set-1.png\",\"datePublished\":\"2023-11-03T15:01:10+00:00\",\"dateModified\":\"2024-03-15T04:41:00+00:00\",\"breadcrumb\":{\"@id\":\"https:\/\/evolve-fitness.eu\/es\/producto\/juego-de-mancuernas-evolve-chrome-1-10-kg\/#breadcrumb\"},\"inLanguage\":\"es\",\"potentialAction\":[{\"@type\":\"ReadAction\",\"target\":[\"https:\/\/evolve-fitness.eu\/es\/producto\/juego-de-mancuernas-evolve-chrome-1-10-kg\/\"]}]},{\"@type\":\"ImageObject\",\"inLanguage\":\"es\",\"@id\":\"https:\/\/evolve-fitness.eu\/es\/producto\/juego-de-mancuernas-evolve-chrome-1-10-kg\/#primaryimage\",\"url\":\"https:\/\/evolve-fitness.eu\/wp-content\/uploads\/2023\/11\/Evolve-Chrome-Dumbbells-Set-1.png\",\"contentUrl\":\"https:\/\/evolve-fitness.eu\/wp-content\/uploads\/2023\/11\/Evolve-Chrome-Dumbbells-Set-1.png\",\"width\":680,\"height\":600},{\"@type\":\"BreadcrumbList\",\"@id\":\"https:\/\/evolve-fitness.eu\/es\/producto\/juego-de-mancuernas-evolve-chrome-1-10-kg\/#breadcrumb\",\"itemListElement\":[{\"@type\":\"ListItem\",\"position\":1,\"name\":\"Home\",\"item\":\"https:\/\/evolve-fitness.eu\/es\/\"},{\"@type\":\"ListItem\",\"position\":2,\"name\":\"Productos\",\"item\":\"https:\/\/evolve-fitness.eu\/es\/shop\/\"},{\"@type\":\"ListItem\",\"position\":3,\"name\":\"Juego de mancuernas Evolve Chrome 1-10 kg\"}]},{\"@type\":\"WebSite\",\"@id\":\"https:\/\/evolve-fitness.eu\/es\/#website\",\"url\":\"https:\/\/evolve-fitness.eu\/es\/\",\"name\":\"Evolve\",\"description\":\"Your Evolved Gear Arrived\",\"publisher\":{\"@id\":\"https:\/\/evolve-fitness.eu\/es\/#organization\"},\"potentialAction\":[{\"@type\":\"SearchAction\",\"target\":{\"@type\":\"EntryPoint\",\"urlTemplate\":\"https:\/\/evolve-fitness.eu\/es\/?s={search_term_string}\"},\"query-input\":{\"@type\":\"PropertyValueSpecification\",\"valueRequired\":true,\"valueName\":\"search_term_string\"}}],\"inLanguage\":\"es\"},{\"@type\":\"Organization\",\"@id\":\"https:\/\/evolve-fitness.eu\/es\/#organization\",\"name\":\"Evolve\",\"url\":\"https:\/\/evolve-fitness.eu\/es\/\",\"logo\":{\"@type\":\"ImageObject\",\"inLanguage\":\"es\",\"@id\":\"https:\/\/evolve-fitness.eu\/es\/#\/schema\/logo\/image\/\",\"url\":\"https:\/\/evolve-fitness.eu\/wp-content\/uploads\/2023\/05\/Evolve-logo.svg\",\"contentUrl\":\"https:\/\/evolve-fitness.eu\/wp-content\/uploads\/2023\/05\/Evolve-logo.svg\",\"width\":176,\"height\":20,\"caption\":\"Evolve\"},\"image\":{\"@id\":\"https:\/\/evolve-fitness.eu\/es\/#\/schema\/logo\/image\/\"},\"sameAs\":[\"https:\/\/www.facebook.com\/EvolveFitnessEurope\"]}]}<\/script>\n<!-- \/ Yoast SEO plugin. -->","yoast_head_json":{"title":"Juego de mancuernas Evolve Chrome 1-10 kg - Evolve","robots":{"index":"index","follow":"follow","max-snippet":"max-snippet:-1","max-image-preview":"max-image-preview:large","max-video-preview":"max-video-preview:-1"},"canonical":"https:\/\/evolve-fitness.eu\/es\/producto\/juego-de-mancuernas-evolve-chrome-1-10-kg\/","og_locale":"es_ES","og_type":"article","og_title":"Juego de mancuernas Evolve Chrome 1-10 kg - Evolve","og_url":"https:\/\/evolve-fitness.eu\/es\/producto\/juego-de-mancuernas-evolve-chrome-1-10-kg\/","og_site_name":"Evolve","article_publisher":"https:\/\/www.facebook.com\/EvolveFitnessEurope","article_modified_time":"2024-03-15T04:41:00+00:00","og_image":[{"width":680,"height":600,"url":"https:\/\/evolve-fitness.eu\/wp-content\/uploads\/2023\/11\/Evolve-Chrome-Dumbbells-Set-1.png","type":"image\/png"}],"twitter_card":"summary_large_image","schema":{"@context":"https:\/\/schema.org","@graph":[{"@type":"WebPage","@id":"https:\/\/evolve-fitness.eu\/es\/producto\/juego-de-mancuernas-evolve-chrome-1-10-kg\/","url":"https:\/\/evolve-fitness.eu\/es\/producto\/juego-de-mancuernas-evolve-chrome-1-10-kg\/","name":"Juego de mancuernas Evolve Chrome 1-10 kg - Evolve","isPartOf":{"@id":"https:\/\/evolve-fitness.eu\/es\/#website"},"primaryImageOfPage":{"@id":"https:\/\/evolve-fitness.eu\/es\/producto\/juego-de-mancuernas-evolve-chrome-1-10-kg\/#primaryimage"},"image":{"@id":"https:\/\/evolve-fitness.eu\/es\/producto\/juego-de-mancuernas-evolve-chrome-1-10-kg\/#primaryimage"},"thumbnailUrl":"https:\/\/evolve-fitness.eu\/wp-content\/uploads\/2023\/11\/Evolve-Chrome-Dumbbells-Set-1.png","datePublished":"2023-11-03T15:01:10+00:00","dateModified":"2024-03-15T04:41:00+00:00","breadcrumb":{"@id":"https:\/\/evolve-fitness.eu\/es\/producto\/juego-de-mancuernas-evolve-chrome-1-10-kg\/#breadcrumb"},"inLanguage":"es","potentialAction":[{"@type":"ReadAction","target":["https:\/\/evolve-fitness.eu\/es\/producto\/juego-de-mancuernas-evolve-chrome-1-10-kg\/"]}]},{"@type":"ImageObject","inLanguage":"es","@id":"https:\/\/evolve-fitness.eu\/es\/producto\/juego-de-mancuernas-evolve-chrome-1-10-kg\/#primaryimage","url":"https:\/\/evolve-fitness.eu\/wp-content\/uploads\/2023\/11\/Evolve-Chrome-Dumbbells-Set-1.png","contentUrl":"https:\/\/evolve-fitness.eu\/wp-content\/uploads\/2023\/11\/Evolve-Chrome-Dumbbells-Set-1.png","width":680,"height":600},{"@type":"BreadcrumbList","@id":"https:\/\/evolve-fitness.eu\/es\/producto\/juego-de-mancuernas-evolve-chrome-1-10-kg\/#breadcrumb","itemListElement":[{"@type":"ListItem","position":1,"name":"Home","item":"https:\/\/evolve-fitness.eu\/es\/"},{"@type":"ListItem","position":2,"name":"Productos","item":"https:\/\/evolve-fitness.eu\/es\/shop\/"},{"@type":"ListItem","position":3,"name":"Juego de mancuernas Evolve Chrome 1-10 kg"}]},{"@type":"WebSite","@id":"https:\/\/evolve-fitness.eu\/es\/#website","url":"https:\/\/evolve-fitness.eu\/es\/","name":"Evolve","description":"Your Evolved Gear Arrived","publisher":{"@id":"https:\/\/evolve-fitness.eu\/es\/#organization"},"potentialAction":[{"@type":"SearchAction","target":{"@type":"EntryPoint","urlTemplate":"https:\/\/evolve-fitness.eu\/es\/?s={search_term_string}"},"query-input":{"@type":"PropertyValueSpecification","valueRequired":true,"valueName":"search_term_string"}}],"inLanguage":"es"},{"@type":"Organization","@id":"https:\/\/evolve-fitness.eu\/es\/#organization","name":"Evolve","url":"https:\/\/evolve-fitness.eu\/es\/","logo":{"@type":"ImageObject","inLanguage":"es","@id":"https:\/\/evolve-fitness.eu\/es\/#\/schema\/logo\/image\/","url":"https:\/\/evolve-fitness.eu\/wp-content\/uploads\/2023\/05\/Evolve-logo.svg","contentUrl":"https:\/\/evolve-fitness.eu\/wp-content\/uploads\/2023\/05\/Evolve-logo.svg","width":176,"height":20,"caption":"Evolve"},"image":{"@id":"https:\/\/evolve-fitness.eu\/es\/#\/schema\/logo\/image\/"},"sameAs":["https:\/\/www.facebook.com\/EvolveFitnessEurope"]}]}},"_links":{"self":[{"href":"https:\/\/evolve-fitness.eu\/es\/wp-json\/wp\/v2\/product\/36761","targetHints":{"allow":["GET"]}}],"collection":[{"href":"https:\/\/evolve-fitness.eu\/es\/wp-json\/wp\/v2\/product"}],"about":[{"href":"https:\/\/evolve-fitness.eu\/es\/wp-json\/wp\/v2\/types\/product"}],"wp:featuredmedia":[{"embeddable":true,"href":"https:\/\/evolve-fitness.eu\/es\/wp-json\/wp\/v2\/media\/36780"}],"wp:attachment":[{"href":"https:\/\/evolve-fitness.eu\/es\/wp-json\/wp\/v2\/media?parent=36761"}],"wp:term":[{"taxonomy":"product_brand","embeddable":true,"href":"https:\/\/evolve-fitness.eu\/es\/wp-json\/wp\/v2\/product_brand?post=36761"},{"taxonomy":"product_cat","embeddable":true,"href":"https:\/\/evolve-fitness.eu\/es\/wp-json\/wp\/v2\/product_cat?post=36761"},{"taxonomy":"product_tag","embeddable":true,"href":"https:\/\/evolve-fitness.eu\/es\/wp-json\/wp\/v2\/product_tag?post=36761"}],"curies":[{"name":"wp","href":"https:\/\/api.w.org\/{rel}","templated":true}]}}