{"id":37517,"date":"2023-11-13T14:03:50","date_gmt":"2023-11-13T12:03:50","guid":{"rendered":"https:\/\/evolve-fitness.eu\/product\/kettlebells-de-competicion-evolve-de-uretano\/"},"modified":"2024-07-31T12:26:21","modified_gmt":"2024-07-31T12:26:21","slug":"kettlebells-de-competicion-evolve-de-uretano","status":"publish","type":"product","link":"https:\/\/evolve-fitness.eu\/es\/producto\/kettlebells-de-competicion-evolve-de-uretano\/","title":{"rendered":"Kettlebells de competici\u00f3n Evolve de uretano"},"content":{"rendered":"\n<section class=\"wp-block-group alignfull has-lightgray-background-color has-background is-layout-constrained wp-block-group-is-layout-constrained\">\n<div class=\"wp-block-columns alignwide is-layout-flex wp-container-core-columns-is-layout-2edb0647 wp-block-columns-is-layout-flex\" style=\"margin-top:0;margin-bottom:0\">\n<div class=\"wp-block-column is-layout-flow wp-block-column-is-layout-flow\" style=\"flex-basis:33.33%\"><\/div>\n\n\n\n<div class=\"wp-block-column is-layout-flow wp-block-column-is-layout-flow\" style=\"flex-basis:66.66%\"><\/div>\n<\/div>\n<\/section>\n\n<section class=\"wp-block-group alignfull black-content has-white-color has-darkgray-background-color has-text-color has-background is-layout-constrained wp-block-group-is-layout-constrained\" style=\"padding-top:var(--wp--preset--spacing--section-bottom);padding-bottom:var(--wp--preset--spacing--section-bottom)\">\n<div class=\"wp-block-columns alignwide mobile-reverse is-layout-flex wp-container-core-columns-is-layout-ca64bf2d wp-block-columns-is-layout-flex\" style=\"margin-bottom:var(--wp--preset--spacing--side-padding)\">\n<div class=\"wp-block-column is-vertically-aligned-center is-layout-flow wp-block-column-is-layout-flow\">\n<h3 class=\"wp-block-heading\" style=\"margin-bottom:var(--wp--preset--spacing--h-3-bottom)\">Durabilidad extrema<\/h3>\n\n\n\n<p><strong><em><strong><em><strong><em>Soportan los rigores de los entrenamientos intensos<\/em><\/strong><\/em><\/strong><\/em><\/strong><\/p>\n\n\n\n<p style=\"margin-bottom:var(--wp--preset--spacing--tb-section-padding)\">Las kettlebells Evolve cuentan con un revestimiento de uretano de \u00faltima generaci\u00f3n, conocido por su resistencia superior a los impactos y su longevidad. A diferencia de las kettlebells tradicionales de goma o acero, nuestros modelos de uretano soportan los rigores de los entrenamientos intensos sin astillarse, agrietarse ni perder su vibrante color.<\/p>\n\n\n\n<h3 class=\"wp-block-heading\" style=\"margin-bottom:var(--wp--preset--spacing--h-3-bottom)\">Desarrollo coherente de la t\u00e9cnica<\/h3>\n\n\n\n<p><strong><em><strong><em><strong><em>  Tama\u00f1o id\u00e9ntico<\/em><\/strong><\/em><\/strong><\/em><\/strong><\/p>\n\n\n\n<p style=\"margin-bottom:var(--wp--preset--spacing--tb-section-padding)\">Todas las kettlebells Evolve est\u00e1n fabricadas para cumplir con los est\u00e1ndares internacionales de competici\u00f3n, manteniendo id\u00e9ntico tama\u00f1o y di\u00e1metro en todos los pesos. Esta uniformidad permite una progresi\u00f3n fluida en el peso sin tener que ajustar la t\u00e9cnica, lo que fomenta un mejor rendimiento y la confianza en el levantamiento.<\/p>\n<\/div>\n\n\n\n<div class=\"wp-block-column is-vertically-aligned-center is-layout-flow wp-block-column-is-layout-flow\">\n<figure class=\"wp-block-image alignright size-full is-resized is-style-rounded\"><img loading=\"lazy\" decoding=\"async\" width=\"1080\" height=\"1080\" src=\"https:\/\/evolve-fitness.eu\/wp-content\/uploads\/2023\/11\/Dizainas-be-pavadinimo-4.png\" alt=\"\" class=\"wp-image-150688\" style=\"object-fit:cover;width:680px;height:600px\" srcset=\"https:\/\/evolve-fitness.eu\/wp-content\/uploads\/2023\/11\/Dizainas-be-pavadinimo-4.png 1080w, https:\/\/evolve-fitness.eu\/wp-content\/uploads\/2023\/11\/Dizainas-be-pavadinimo-4-300x300.png 300w, https:\/\/evolve-fitness.eu\/wp-content\/uploads\/2023\/11\/Dizainas-be-pavadinimo-4-150x150.png 150w, https:\/\/evolve-fitness.eu\/wp-content\/uploads\/2023\/11\/Dizainas-be-pavadinimo-4-600x600.png 600w, https:\/\/evolve-fitness.eu\/wp-content\/uploads\/2023\/11\/Dizainas-be-pavadinimo-4-1024x1024.png 1024w, https:\/\/evolve-fitness.eu\/wp-content\/uploads\/2023\/11\/Dizainas-be-pavadinimo-4-768x768.png 768w\" sizes=\"auto, (max-width: 1080px) 100vw, 1080px\" \/><\/figure>\n<\/div>\n<\/div>\n\n\n\n<div class=\"wp-block-columns alignwide is-layout-flex wp-container-core-columns-is-layout-c45ee707 wp-block-columns-is-layout-flex\" style=\"margin-bottom:var(--wp--preset--spacing--side-padding);padding-top:var(--wp--preset--spacing--side-padding)\">\n<div class=\"wp-block-column is-vertically-aligned-center is-layout-flow wp-block-column-is-layout-flow\">\n<figure class=\"wp-block-video\"><video height=\"2160\" style=\"aspect-ratio: 3840 \/ 2160;\" width=\"3840\" autoplay=\"\" controls=\"\" loop=\"\" muted=\"\" src=\"https:\/\/evolve-fitness.eu\/wp-content\/uploads\/2023\/12\/1-4.mp4\"><\/video><\/figure>\n<\/div>\n\n\n\n<div class=\"wp-block-column is-vertically-aligned-center is-layout-flow wp-block-column-is-layout-flow\">\n<h3 class=\"wp-block-heading\" style=\"margin-bottom:var(--wp--preset--spacing--h-3-bottom)\"><strong>Las kettlebells contribuyen a los objetivos generales de forma f\u00edsica y salud<\/strong><\/h3>\n\n\n\n<p><strong><em>Herramientas ideales para mejorar la fuerza, la resistencia, el equilibrio y la co<\/em><\/strong>ordenaci\u00f3n<\/p>\n\n\n\n<p style=\"margin-bottom:var(--wp--preset--spacing--tb-section-padding)\">Nuestras Kettlebells de competici\u00f3n pueden ayudar significativamente a alcanzar los objetivos de fitness. Su tama\u00f1o uniforme en diferentes pesos garantiza una t\u00e9cnica uniforme, crucial tanto para principiantes como para atletas avanzados. El revestimiento de uretano duradero y la fundici\u00f3n de precisi\u00f3n contribuyen a un entrenamiento equilibrado y estable, mejorando la eficacia del entrenamiento de fuerza. Estas kettlebells son adecuadas para una amplia gama de ejercicios dirigidos a diferentes grupos musculares, ofreciendo versatilidad en las rutinas de entrenamiento.<\/p>\n<\/div>\n<\/div>\n\n\n\n<div class=\"wp-block-columns alignwide are-vertically-aligned-center mobile-reverse is-layout-flex wp-container-core-columns-is-layout-e8158c2f wp-block-columns-is-layout-flex\" style=\"padding-top:var(--wp--preset--spacing--side-padding)\">\n<div class=\"wp-block-column is-vertically-aligned-center is-layout-flow wp-block-column-is-layout-flow\">\n<h3 class=\"wp-block-heading\" style=\"margin-bottom:var(--wp--preset--spacing--h-3-bottom)\"><strong><strong>Versatilidad y selecci\u00f3n<\/strong><\/strong><\/h3>\n\n\n\n<p><strong><em><strong><em><strong>Calidad y valor<\/strong><\/em><\/strong><\/em><\/strong><\/p>\n\n\n\n<p style=\"margin-bottom:var(--wp--preset--spacing--tb-section-padding)\">Con una amplia gama de pesos, nuestras kettlebells sirven a todo el mundo, desde los entusiastas del fitness en casa hasta los gimnasios comerciales. Son un complemento vers\u00e1til para bases militares, hoteles, centros de rehabilitaci\u00f3n, etc., ya que ofrecen una calidad y un valor inigualables.<\/p>\n\n\n\n<h3 class=\"wp-block-heading\" style=\"margin-bottom:var(--wp--preset--spacing--h-3-bottom)\"><strong><strong><strong>Excelencia t\u00e9cnica<\/strong><\/strong><\/strong><\/h3>\n\n\n\n<p><strong><em><strong><em><strong>Saldo m\u00e1ximo<\/strong><\/em><\/strong><\/em><\/strong><\/p>\n\n\n\n<p style=\"margin-bottom:var(--wp--preset--spacing--tb-section-padding)\">Los kettlebells Evolve est\u00e1n fabricados con precisi\u00f3n a partir de una aleaci\u00f3n de metal resistente, lo que garantiza el m\u00e1ximo equilibrio y precisi\u00f3n dimensional. El asa cromada a\u00f1ade un toque de elegancia y comodidad, mientras que la base plana garantiza la estabilidad durante todos los ejercicios.<\/p>\n<\/div>\n\n\n\n<div class=\"wp-block-column is-vertically-aligned-center is-layout-flow wp-block-column-is-layout-flow\">\n<figure class=\"wp-block-image alignright size-full is-resized is-style-rounded\"><img loading=\"lazy\" decoding=\"async\" width=\"680\" height=\"600\" src=\"https:\/\/evolve-fitness.eu\/wp-content\/uploads\/2023\/11\/Evolve-TPU-Kettlebell-3.png\" alt=\"\" class=\"wp-image-5594\" style=\"object-fit:cover;width:680px;height:600px\" srcset=\"https:\/\/evolve-fitness.eu\/wp-content\/uploads\/2023\/11\/Evolve-TPU-Kettlebell-3.png 680w, https:\/\/evolve-fitness.eu\/wp-content\/uploads\/2023\/11\/Evolve-TPU-Kettlebell-3-300x265.png 300w, https:\/\/evolve-fitness.eu\/wp-content\/uploads\/2023\/11\/Evolve-TPU-Kettlebell-3-170x150.png 170w, https:\/\/evolve-fitness.eu\/wp-content\/uploads\/2023\/11\/Evolve-TPU-Kettlebell-3-600x529.png 600w, https:\/\/evolve-fitness.eu\/wp-content\/uploads\/2023\/11\/Evolve-TPU-Kettlebell-3-150x132.png 150w\" sizes=\"auto, (max-width: 680px) 100vw, 680px\" \/><\/figure>\n<\/div>\n<\/div>\n\n\n\n<div class=\"wp-block-columns alignwide is-layout-flex wp-container-core-columns-is-layout-c45ee707 wp-block-columns-is-layout-flex\" style=\"margin-bottom:var(--wp--preset--spacing--side-padding);padding-top:var(--wp--preset--spacing--side-padding)\">\n<div class=\"wp-block-column is-vertically-aligned-center is-layout-flow wp-block-column-is-layout-flow\">\n<figure class=\"wp-block-image size-full is-resized is-style-rounded\"><img loading=\"lazy\" decoding=\"async\" width=\"1200\" height=\"1200\" src=\"https:\/\/evolve-fitness.eu\/wp-content\/uploads\/2023\/11\/TPU-kettlebell-6.png\" alt=\"\" class=\"wp-image-5592\" style=\"object-fit:cover;width:680px;height:600px\" srcset=\"https:\/\/evolve-fitness.eu\/wp-content\/uploads\/2023\/11\/TPU-kettlebell-6.png 1200w, https:\/\/evolve-fitness.eu\/wp-content\/uploads\/2023\/11\/TPU-kettlebell-6-300x300.png 300w, https:\/\/evolve-fitness.eu\/wp-content\/uploads\/2023\/11\/TPU-kettlebell-6-150x150.png 150w, https:\/\/evolve-fitness.eu\/wp-content\/uploads\/2023\/11\/TPU-kettlebell-6-600x600.png 600w, https:\/\/evolve-fitness.eu\/wp-content\/uploads\/2023\/11\/TPU-kettlebell-6-1024x1024.png 1024w, https:\/\/evolve-fitness.eu\/wp-content\/uploads\/2023\/11\/TPU-kettlebell-6-768x768.png 768w\" sizes=\"auto, (max-width: 1200px) 100vw, 1200px\" \/><\/figure>\n<\/div>\n\n\n\n<div class=\"wp-block-column is-vertically-aligned-center is-layout-flow wp-block-column-is-layout-flow\">\n<h3 class=\"wp-block-heading\" style=\"margin-bottom:var(--wp--preset--spacing--h-3-bottom)\"><strong>Insonorizaci\u00f3n y protecci\u00f3n del suelo<\/strong><\/h3>\n\n\n\n<p><strong><em><strong><em><strong><em>Uretano<\/em><\/strong><\/em><\/strong><\/em><\/strong>s<strong><em><strong><em><strong><em> durabilidad<\/em><\/strong><\/em><\/strong><\/em><\/strong><\/p>\n\n\n\n<p style=\"margin-bottom:var(--wp--preset--spacing--tb-section-padding)\">El revestimiento de uretano de alta calidad no s\u00f3lo aumenta la durabilidad, sino que tambi\u00e9n protege su espacio de entrenamiento. Sus propiedades de absorci\u00f3n del sonido y resistencia a los ara\u00f1azos hacen de nuestras kettlebells la opci\u00f3n ideal tanto para el gimnasio como para el hogar.<\/p>\n\n\n\n<h3 class=\"wp-block-heading\" style=\"margin-bottom:var(--wp--preset--spacing--h-3-bottom)\"><strong><strong>Personalizaci\u00f3n para su marca<\/strong><\/strong><\/h3>\n\n\n\n<p><strong><em><strong><em><strong><em>A la medida de su marca<\/em><\/strong><\/em><\/strong><\/em><\/strong><\/p>\n\n\n\n<p style=\"margin-bottom:var(--wp--preset--spacing--tb-section-padding)\">Eleve la est\u00e9tica de sus instalaciones con las opciones de personalizaci\u00f3n de Evolve. Ofrecemos colores a juego con su marca e interior, junto con corte por l\u00e1ser e infusi\u00f3n de uretano para logotipos e indicaciones de peso, lo que garantiza un toque personalizado y profesional.<\/p>\n<\/div>\n<\/div>\n\n\n\n<div class=\"wp-block-columns alignwide are-vertically-aligned-center mobile-reverse is-layout-flex wp-container-core-columns-is-layout-e8158c2f wp-block-columns-is-layout-flex\" style=\"padding-top:var(--wp--preset--spacing--side-padding)\">\n<div class=\"wp-block-column is-vertically-aligned-center is-layout-flow wp-block-column-is-layout-flow\">\n<h3 class=\"wp-block-heading\" style=\"margin-bottom:var(--wp--preset--spacing--h-3-bottom)\"><strong><strong>Dise\u00f1ado PARA entrenamientos de alto rendimiento<\/strong><\/strong><\/h3>\n\n\n\n<p>Desarrollado tanto para el entrenamiento de fuerza como para el de habilidad<\/p>\n\n\n\n<p style=\"margin-bottom:var(--wp--preset--spacing--tb-section-padding)\">Las kettlebells de competici\u00f3n Evolve TPU Uretano tambi\u00e9n son excelentes para el crecimiento muscular. Los ejercicios con kettlebell involucran m\u00faltiples grupos musculares, promoviendo la fuerza funcional y la hipertrofia muscular. Las variadas opciones de peso permiten una sobrecarga progresiva, esencial para el desarrollo muscular. Al incorporar movimientos compuestos y ejercicios din\u00e1micos, estas kettlebells ayudan a estimular el crecimiento muscular de forma eficaz en diferentes partes del cuerpo.<\/p>\n<\/div>\n\n\n\n<div class=\"wp-block-column is-vertically-aligned-center is-layout-flow wp-block-column-is-layout-flow\">\n<figure class=\"wp-block-video\"><video height=\"2160\" style=\"aspect-ratio: 3840 \/ 2160;\" width=\"3840\" autoplay=\"\" controls=\"\" loop=\"\" muted=\"\" src=\"https:\/\/evolve-fitness.eu\/wp-content\/uploads\/2023\/12\/2-3.mp4\"><\/video><\/figure>\n<\/div>\n<\/div>\n\n\n\n<h4 class=\"wp-block-heading has-text-align-center\" style=\"padding-top:var(--wp--preset--spacing--tb-padding);padding-bottom:var(--wp--preset--spacing--tb-padding)\"><strong>Consiga hoy mismo sus kettlebells de competici\u00f3n de uretano TPU Evolve<\/strong><\/h4>\n\n\n\n<p class=\"has-text-align-center has-medium-font-size\"><strong>Elige Evolve para tus necesidades de entrenamiento y \u00fanete a las filas de los mejores atletas que s\u00f3lo se conforman con lo mejor.\nCompra ahora nuestra colecci\u00f3n y experimenta la diferencia Evolve. <\/strong><\/p>\n<\/section>\n","protected":false},"excerpt":{"rendered":"<p>Bienvenido a la experiencia definitiva del entrenamiento de fuerza con nuestros kettlebells de competici\u00f3n Evolve de TPU Uretano.<br \/>\nDise\u00f1adas para atletas que exigen lo mejor, nuestras kettlebells ofrecen una mezcla perfecta de durabilidad, consistencia y calidad profesional.<br \/>\nDe 8 kg a 36 kg, descubre el poder de un equipo excepcional que resiste la prueba del tiempo y la intensidad.  <\/p>\n","protected":false},"featured_media":150737,"template":"","meta":{"_acf_changed":false,"inline_featured_image":false},"product_brand":[],"product_cat":[1454,2867],"product_tag":[],"class_list":{"0":"post-37517","1":"product","2":"type-product","3":"status-publish","4":"has-post-thumbnail","6":"product_cat-pesos-libres","7":"product_cat-kettlebells-es","9":"first","10":"instock","11":"shipping-taxable","12":"purchasable","13":"product-type-variable"},"acf":{"long_title":"Kettlebells de competici\u00f3n Evolve TPU Uretano","subtitle":"","specifications":[{"label":"SKU","text_value":"EV-KB-TP","icon":"x"},{"label":"Mango cromado para un acabado brillante y un aspecto elegante","text_value":"","icon":"v"},{"label":"Capa de uretano para una m\u00e1xima durabilidad","text_value":"","icon":"v"},{"label":"Logotipo y n\u00famero de peso cortados con l\u00e1ser e infundidos en uretano","text_value":"","icon":"v"},{"label":"Base ancha y plana para un equilibrio perfecto","text_value":"","icon":"v"}]},"yoast_head":"<!-- This site is optimized with the Yoast SEO plugin v26.6 - https:\/\/yoast.com\/wordpress\/plugins\/seo\/ -->\n<title>Kettlebells de competici\u00f3n Evolve de uretano - Evolve<\/title>\n<meta name=\"robots\" content=\"index, follow, max-snippet:-1, max-image-preview:large, max-video-preview:-1\" \/>\n<link rel=\"canonical\" href=\"https:\/\/evolve-fitness.eu\/es\/producto\/kettlebells-de-competicion-evolve-de-uretano\/\" \/>\n<meta property=\"og:locale\" content=\"es_ES\" \/>\n<meta property=\"og:type\" content=\"article\" \/>\n<meta property=\"og:title\" content=\"Kettlebells de competici\u00f3n Evolve de uretano - Evolve\" \/>\n<meta property=\"og:url\" content=\"https:\/\/evolve-fitness.eu\/es\/producto\/kettlebells-de-competicion-evolve-de-uretano\/\" \/>\n<meta property=\"og:site_name\" content=\"Evolve\" \/>\n<meta property=\"article:publisher\" content=\"https:\/\/www.facebook.com\/EvolveFitnessEurope\" \/>\n<meta property=\"article:modified_time\" content=\"2024-07-31T12:26:21+00:00\" \/>\n<meta property=\"og:image\" content=\"https:\/\/evolve-fitness.eu\/wp-content\/uploads\/2023\/11\/Dizainas-be-pavadinimo-4-1.png\" \/>\n\t<meta property=\"og:image:width\" content=\"1080\" \/>\n\t<meta property=\"og:image:height\" content=\"1080\" \/>\n\t<meta property=\"og:image:type\" content=\"image\/png\" \/>\n<meta name=\"twitter:card\" content=\"summary_large_image\" \/>\n<script type=\"application\/ld+json\" class=\"yoast-schema-graph\">{\"@context\":\"https:\/\/schema.org\",\"@graph\":[{\"@type\":\"WebPage\",\"@id\":\"https:\/\/evolve-fitness.eu\/es\/producto\/kettlebells-de-competicion-evolve-de-uretano\/\",\"url\":\"https:\/\/evolve-fitness.eu\/es\/producto\/kettlebells-de-competicion-evolve-de-uretano\/\",\"name\":\"Kettlebells de competici\u00f3n Evolve de uretano - Evolve\",\"isPartOf\":{\"@id\":\"https:\/\/evolve-fitness.eu\/es\/#website\"},\"primaryImageOfPage\":{\"@id\":\"https:\/\/evolve-fitness.eu\/es\/producto\/kettlebells-de-competicion-evolve-de-uretano\/#primaryimage\"},\"image\":{\"@id\":\"https:\/\/evolve-fitness.eu\/es\/producto\/kettlebells-de-competicion-evolve-de-uretano\/#primaryimage\"},\"thumbnailUrl\":\"https:\/\/evolve-fitness.eu\/wp-content\/uploads\/2023\/11\/Dizainas-be-pavadinimo-4-1.png\",\"datePublished\":\"2023-11-13T12:03:50+00:00\",\"dateModified\":\"2024-07-31T12:26:21+00:00\",\"breadcrumb\":{\"@id\":\"https:\/\/evolve-fitness.eu\/es\/producto\/kettlebells-de-competicion-evolve-de-uretano\/#breadcrumb\"},\"inLanguage\":\"es\",\"potentialAction\":[{\"@type\":\"ReadAction\",\"target\":[\"https:\/\/evolve-fitness.eu\/es\/producto\/kettlebells-de-competicion-evolve-de-uretano\/\"]}]},{\"@type\":\"ImageObject\",\"inLanguage\":\"es\",\"@id\":\"https:\/\/evolve-fitness.eu\/es\/producto\/kettlebells-de-competicion-evolve-de-uretano\/#primaryimage\",\"url\":\"https:\/\/evolve-fitness.eu\/wp-content\/uploads\/2023\/11\/Dizainas-be-pavadinimo-4-1.png\",\"contentUrl\":\"https:\/\/evolve-fitness.eu\/wp-content\/uploads\/2023\/11\/Dizainas-be-pavadinimo-4-1.png\",\"width\":1080,\"height\":1080},{\"@type\":\"BreadcrumbList\",\"@id\":\"https:\/\/evolve-fitness.eu\/es\/producto\/kettlebells-de-competicion-evolve-de-uretano\/#breadcrumb\",\"itemListElement\":[{\"@type\":\"ListItem\",\"position\":1,\"name\":\"Home\",\"item\":\"https:\/\/evolve-fitness.eu\/es\/\"},{\"@type\":\"ListItem\",\"position\":2,\"name\":\"Productos\",\"item\":\"https:\/\/evolve-fitness.eu\/es\/shop\/\"},{\"@type\":\"ListItem\",\"position\":3,\"name\":\"Kettlebells de competici\u00f3n Evolve de uretano\"}]},{\"@type\":\"WebSite\",\"@id\":\"https:\/\/evolve-fitness.eu\/es\/#website\",\"url\":\"https:\/\/evolve-fitness.eu\/es\/\",\"name\":\"Evolve\",\"description\":\"Your Evolved Gear Arrived\",\"publisher\":{\"@id\":\"https:\/\/evolve-fitness.eu\/es\/#organization\"},\"potentialAction\":[{\"@type\":\"SearchAction\",\"target\":{\"@type\":\"EntryPoint\",\"urlTemplate\":\"https:\/\/evolve-fitness.eu\/es\/?s={search_term_string}\"},\"query-input\":{\"@type\":\"PropertyValueSpecification\",\"valueRequired\":true,\"valueName\":\"search_term_string\"}}],\"inLanguage\":\"es\"},{\"@type\":\"Organization\",\"@id\":\"https:\/\/evolve-fitness.eu\/es\/#organization\",\"name\":\"Evolve\",\"url\":\"https:\/\/evolve-fitness.eu\/es\/\",\"logo\":{\"@type\":\"ImageObject\",\"inLanguage\":\"es\",\"@id\":\"https:\/\/evolve-fitness.eu\/es\/#\/schema\/logo\/image\/\",\"url\":\"https:\/\/evolve-fitness.eu\/wp-content\/uploads\/2023\/05\/Evolve-logo.svg\",\"contentUrl\":\"https:\/\/evolve-fitness.eu\/wp-content\/uploads\/2023\/05\/Evolve-logo.svg\",\"width\":176,\"height\":20,\"caption\":\"Evolve\"},\"image\":{\"@id\":\"https:\/\/evolve-fitness.eu\/es\/#\/schema\/logo\/image\/\"},\"sameAs\":[\"https:\/\/www.facebook.com\/EvolveFitnessEurope\"]}]}<\/script>\n<!-- \/ Yoast SEO plugin. -->","yoast_head_json":{"title":"Kettlebells de competici\u00f3n Evolve de uretano - Evolve","robots":{"index":"index","follow":"follow","max-snippet":"max-snippet:-1","max-image-preview":"max-image-preview:large","max-video-preview":"max-video-preview:-1"},"canonical":"https:\/\/evolve-fitness.eu\/es\/producto\/kettlebells-de-competicion-evolve-de-uretano\/","og_locale":"es_ES","og_type":"article","og_title":"Kettlebells de competici\u00f3n Evolve de uretano - Evolve","og_url":"https:\/\/evolve-fitness.eu\/es\/producto\/kettlebells-de-competicion-evolve-de-uretano\/","og_site_name":"Evolve","article_publisher":"https:\/\/www.facebook.com\/EvolveFitnessEurope","article_modified_time":"2024-07-31T12:26:21+00:00","og_image":[{"width":1080,"height":1080,"url":"https:\/\/evolve-fitness.eu\/wp-content\/uploads\/2023\/11\/Dizainas-be-pavadinimo-4-1.png","type":"image\/png"}],"twitter_card":"summary_large_image","schema":{"@context":"https:\/\/schema.org","@graph":[{"@type":"WebPage","@id":"https:\/\/evolve-fitness.eu\/es\/producto\/kettlebells-de-competicion-evolve-de-uretano\/","url":"https:\/\/evolve-fitness.eu\/es\/producto\/kettlebells-de-competicion-evolve-de-uretano\/","name":"Kettlebells de competici\u00f3n Evolve de uretano - Evolve","isPartOf":{"@id":"https:\/\/evolve-fitness.eu\/es\/#website"},"primaryImageOfPage":{"@id":"https:\/\/evolve-fitness.eu\/es\/producto\/kettlebells-de-competicion-evolve-de-uretano\/#primaryimage"},"image":{"@id":"https:\/\/evolve-fitness.eu\/es\/producto\/kettlebells-de-competicion-evolve-de-uretano\/#primaryimage"},"thumbnailUrl":"https:\/\/evolve-fitness.eu\/wp-content\/uploads\/2023\/11\/Dizainas-be-pavadinimo-4-1.png","datePublished":"2023-11-13T12:03:50+00:00","dateModified":"2024-07-31T12:26:21+00:00","breadcrumb":{"@id":"https:\/\/evolve-fitness.eu\/es\/producto\/kettlebells-de-competicion-evolve-de-uretano\/#breadcrumb"},"inLanguage":"es","potentialAction":[{"@type":"ReadAction","target":["https:\/\/evolve-fitness.eu\/es\/producto\/kettlebells-de-competicion-evolve-de-uretano\/"]}]},{"@type":"ImageObject","inLanguage":"es","@id":"https:\/\/evolve-fitness.eu\/es\/producto\/kettlebells-de-competicion-evolve-de-uretano\/#primaryimage","url":"https:\/\/evolve-fitness.eu\/wp-content\/uploads\/2023\/11\/Dizainas-be-pavadinimo-4-1.png","contentUrl":"https:\/\/evolve-fitness.eu\/wp-content\/uploads\/2023\/11\/Dizainas-be-pavadinimo-4-1.png","width":1080,"height":1080},{"@type":"BreadcrumbList","@id":"https:\/\/evolve-fitness.eu\/es\/producto\/kettlebells-de-competicion-evolve-de-uretano\/#breadcrumb","itemListElement":[{"@type":"ListItem","position":1,"name":"Home","item":"https:\/\/evolve-fitness.eu\/es\/"},{"@type":"ListItem","position":2,"name":"Productos","item":"https:\/\/evolve-fitness.eu\/es\/shop\/"},{"@type":"ListItem","position":3,"name":"Kettlebells de competici\u00f3n Evolve de uretano"}]},{"@type":"WebSite","@id":"https:\/\/evolve-fitness.eu\/es\/#website","url":"https:\/\/evolve-fitness.eu\/es\/","name":"Evolve","description":"Your Evolved Gear Arrived","publisher":{"@id":"https:\/\/evolve-fitness.eu\/es\/#organization"},"potentialAction":[{"@type":"SearchAction","target":{"@type":"EntryPoint","urlTemplate":"https:\/\/evolve-fitness.eu\/es\/?s={search_term_string}"},"query-input":{"@type":"PropertyValueSpecification","valueRequired":true,"valueName":"search_term_string"}}],"inLanguage":"es"},{"@type":"Organization","@id":"https:\/\/evolve-fitness.eu\/es\/#organization","name":"Evolve","url":"https:\/\/evolve-fitness.eu\/es\/","logo":{"@type":"ImageObject","inLanguage":"es","@id":"https:\/\/evolve-fitness.eu\/es\/#\/schema\/logo\/image\/","url":"https:\/\/evolve-fitness.eu\/wp-content\/uploads\/2023\/05\/Evolve-logo.svg","contentUrl":"https:\/\/evolve-fitness.eu\/wp-content\/uploads\/2023\/05\/Evolve-logo.svg","width":176,"height":20,"caption":"Evolve"},"image":{"@id":"https:\/\/evolve-fitness.eu\/es\/#\/schema\/logo\/image\/"},"sameAs":["https:\/\/www.facebook.com\/EvolveFitnessEurope"]}]}},"_links":{"self":[{"href":"https:\/\/evolve-fitness.eu\/es\/wp-json\/wp\/v2\/product\/37517","targetHints":{"allow":["GET"]}}],"collection":[{"href":"https:\/\/evolve-fitness.eu\/es\/wp-json\/wp\/v2\/product"}],"about":[{"href":"https:\/\/evolve-fitness.eu\/es\/wp-json\/wp\/v2\/types\/product"}],"wp:featuredmedia":[{"embeddable":true,"href":"https:\/\/evolve-fitness.eu\/es\/wp-json\/wp\/v2\/media\/150737"}],"wp:attachment":[{"href":"https:\/\/evolve-fitness.eu\/es\/wp-json\/wp\/v2\/media?parent=37517"}],"wp:term":[{"taxonomy":"product_brand","embeddable":true,"href":"https:\/\/evolve-fitness.eu\/es\/wp-json\/wp\/v2\/product_brand?post=37517"},{"taxonomy":"product_cat","embeddable":true,"href":"https:\/\/evolve-fitness.eu\/es\/wp-json\/wp\/v2\/product_cat?post=37517"},{"taxonomy":"product_tag","embeddable":true,"href":"https:\/\/evolve-fitness.eu\/es\/wp-json\/wp\/v2\/product_tag?post=37517"}],"curies":[{"name":"wp","href":"https:\/\/api.w.org\/{rel}","templated":true}]}}