{"id":39076,"date":"2023-11-20T14:26:42","date_gmt":"2023-11-20T14:26:42","guid":{"rendered":"https:\/\/evolve-fitness.eu\/product\/barra-hexagonal-olimpica-evolve-150-cm\/"},"modified":"2025-01-17T08:46:06","modified_gmt":"2025-01-17T08:46:06","slug":"barra-hexagonal-olimpica-evolve-150-cm","status":"publish","type":"product","link":"https:\/\/evolve-fitness.eu\/es\/producto\/barra-hexagonal-olimpica-evolve-150-cm\/","title":{"rendered":"Barra hexagonal ol\u00edmpica Evolve &#8211; 150 cm"},"content":{"rendered":"\n<section class=\"wp-block-group alignfull has-lightgray-background-color has-background is-layout-constrained wp-block-group-is-layout-constrained\">\n<div class=\"wp-block-columns alignwide is-layout-flex wp-container-core-columns-is-layout-2edb0647 wp-block-columns-is-layout-flex\" style=\"margin-top:0;margin-bottom:0\">\n<div class=\"wp-block-column is-layout-flow wp-block-column-is-layout-flow\" style=\"flex-basis:33.33%\"><\/div>\n\n\n\n<div class=\"wp-block-column is-layout-flow wp-block-column-is-layout-flow\" style=\"flex-basis:66.66%\"><\/div>\n<\/div>\n<\/section>\n","protected":false},"excerpt":{"rendered":"<p>Descubra la barra hexagonal ol\u00edmpica Evolve, una herramienta de halterofilia robusta y vers\u00e1til dise\u00f1ada para un rendimiento \u00f3ptimo. Con casquillos para una rotaci\u00f3n suave, minimiza la tensi\u00f3n de la mu\u00f1eca y el codo durante los entrenamientos. Su exclusivo dise\u00f1o hexagonal y su acabado cromado garantizan durabilidad y resistencia a la oxidaci\u00f3n, mientras que el moleteado duro de 1,5 mm de los mangos ofrece un agarre seguro. Capaz de soportar hasta 500 kg, esta barra es adecuada tanto para principiantes como para atletas experimentados. Con un tama\u00f1o compacto (1415 x 610 x 610 cm) y un peso de 25 kg, cuenta con una garant\u00eda de 2 a\u00f1os, lo que la convierte en una opci\u00f3n fiable para su viaje de fitness.<\/p>\n","protected":false},"featured_media":39078,"template":"","meta":{"_acf_changed":false,"inline_featured_image":false},"product_brand":[],"product_cat":[1454,3824],"product_tag":[],"class_list":{"0":"post-39076","1":"product","2":"type-product","3":"status-publish","4":"has-post-thumbnail","6":"product_cat-pesos-libres","7":"product_cat-bares-y-accesorios","9":"first","10":"instock","11":"shipping-taxable","12":"purchasable","13":"product-type-simple"},"acf":{"long_title":"Barra hexagonal ol\u00edmpica Evolve - 150 cm","subtitle":"","specifications":[{"label":"SKU","text_value":"EV-OB-HB-150","icon":"x"},{"label":"MEDIR","text_value":"1415 x 610 x 610 cm","icon":"v"},{"label":"Peso","text_value":"25 kg","icon":"v"},{"label":"Garant\u00eda","text_value":"2 a\u00f1os","icon":"v"},{"label":"Carga m\u00e1xima","text_value":"500 kg","icon":"v"},{"label":"Di\u00e1metro del casquillo del plato de contrapeso","text_value":"\u00d8 51 mm","icon":"v"},{"label":"Rodamientos y bujes","text_value":"Bujes","icon":"v"},{"label":"Superficie interior de la barra","text_value":"Cromo","icon":"v"},{"label":"Superficie del manguito del peso de la barra","text_value":"Cromo","icon":"v"},{"label":"Longitud del casquillo para pesos","text_value":"250 mm","icon":"v"},{"label":"Profundidad del estriado","text_value":"1 mm","icon":"v"},{"label":"Nervadura de la barra","text_value":"Medio afilado","icon":"v"}]},"yoast_head":"<!-- This site is optimized with the Yoast SEO plugin v26.6 - https:\/\/yoast.com\/wordpress\/plugins\/seo\/ -->\n<title>Barra hexagonal ol\u00edmpica Evolve - 150 cm - Evolve<\/title>\n<meta name=\"robots\" content=\"index, follow, max-snippet:-1, max-image-preview:large, max-video-preview:-1\" \/>\n<link rel=\"canonical\" href=\"https:\/\/evolve-fitness.eu\/es\/producto\/barra-hexagonal-olimpica-evolve-150-cm\/\" \/>\n<meta property=\"og:locale\" content=\"es_ES\" \/>\n<meta property=\"og:type\" content=\"article\" \/>\n<meta property=\"og:title\" content=\"Barra hexagonal ol\u00edmpica Evolve - 150 cm - Evolve\" \/>\n<meta property=\"og:url\" content=\"https:\/\/evolve-fitness.eu\/es\/producto\/barra-hexagonal-olimpica-evolve-150-cm\/\" \/>\n<meta property=\"og:site_name\" content=\"Evolve\" \/>\n<meta property=\"article:publisher\" content=\"https:\/\/www.facebook.com\/EvolveFitnessEurope\" \/>\n<meta property=\"article:modified_time\" content=\"2025-01-17T08:46:06+00:00\" \/>\n<meta property=\"og:image\" content=\"https:\/\/evolve-fitness.eu\/wp-content\/uploads\/2023\/11\/Evolve-Olympic-Hex-Bar-150-cm.png\" \/>\n\t<meta property=\"og:image:width\" content=\"680\" \/>\n\t<meta property=\"og:image:height\" content=\"600\" \/>\n\t<meta property=\"og:image:type\" content=\"image\/png\" \/>\n<meta name=\"twitter:card\" content=\"summary_large_image\" \/>\n<script type=\"application\/ld+json\" class=\"yoast-schema-graph\">{\"@context\":\"https:\/\/schema.org\",\"@graph\":[{\"@type\":\"WebPage\",\"@id\":\"https:\/\/evolve-fitness.eu\/es\/producto\/barra-hexagonal-olimpica-evolve-150-cm\/\",\"url\":\"https:\/\/evolve-fitness.eu\/es\/producto\/barra-hexagonal-olimpica-evolve-150-cm\/\",\"name\":\"Barra hexagonal ol\u00edmpica Evolve - 150 cm - Evolve\",\"isPartOf\":{\"@id\":\"https:\/\/evolve-fitness.eu\/es\/#website\"},\"primaryImageOfPage\":{\"@id\":\"https:\/\/evolve-fitness.eu\/es\/producto\/barra-hexagonal-olimpica-evolve-150-cm\/#primaryimage\"},\"image\":{\"@id\":\"https:\/\/evolve-fitness.eu\/es\/producto\/barra-hexagonal-olimpica-evolve-150-cm\/#primaryimage\"},\"thumbnailUrl\":\"https:\/\/evolve-fitness.eu\/wp-content\/uploads\/2023\/11\/Evolve-Olympic-Hex-Bar-150-cm.png\",\"datePublished\":\"2023-11-20T14:26:42+00:00\",\"dateModified\":\"2025-01-17T08:46:06+00:00\",\"breadcrumb\":{\"@id\":\"https:\/\/evolve-fitness.eu\/es\/producto\/barra-hexagonal-olimpica-evolve-150-cm\/#breadcrumb\"},\"inLanguage\":\"es\",\"potentialAction\":[{\"@type\":\"ReadAction\",\"target\":[\"https:\/\/evolve-fitness.eu\/es\/producto\/barra-hexagonal-olimpica-evolve-150-cm\/\"]}]},{\"@type\":\"ImageObject\",\"inLanguage\":\"es\",\"@id\":\"https:\/\/evolve-fitness.eu\/es\/producto\/barra-hexagonal-olimpica-evolve-150-cm\/#primaryimage\",\"url\":\"https:\/\/evolve-fitness.eu\/wp-content\/uploads\/2023\/11\/Evolve-Olympic-Hex-Bar-150-cm.png\",\"contentUrl\":\"https:\/\/evolve-fitness.eu\/wp-content\/uploads\/2023\/11\/Evolve-Olympic-Hex-Bar-150-cm.png\",\"width\":680,\"height\":600,\"caption\":\"EV-OB-HB-150\"},{\"@type\":\"BreadcrumbList\",\"@id\":\"https:\/\/evolve-fitness.eu\/es\/producto\/barra-hexagonal-olimpica-evolve-150-cm\/#breadcrumb\",\"itemListElement\":[{\"@type\":\"ListItem\",\"position\":1,\"name\":\"Home\",\"item\":\"https:\/\/evolve-fitness.eu\/es\/\"},{\"@type\":\"ListItem\",\"position\":2,\"name\":\"Productos\",\"item\":\"https:\/\/evolve-fitness.eu\/es\/shop\/\"},{\"@type\":\"ListItem\",\"position\":3,\"name\":\"Barra hexagonal ol\u00edmpica Evolve &#8211; 150 cm\"}]},{\"@type\":\"WebSite\",\"@id\":\"https:\/\/evolve-fitness.eu\/es\/#website\",\"url\":\"https:\/\/evolve-fitness.eu\/es\/\",\"name\":\"Evolve\",\"description\":\"Your Evolved Gear Arrived\",\"publisher\":{\"@id\":\"https:\/\/evolve-fitness.eu\/es\/#organization\"},\"potentialAction\":[{\"@type\":\"SearchAction\",\"target\":{\"@type\":\"EntryPoint\",\"urlTemplate\":\"https:\/\/evolve-fitness.eu\/es\/?s={search_term_string}\"},\"query-input\":{\"@type\":\"PropertyValueSpecification\",\"valueRequired\":true,\"valueName\":\"search_term_string\"}}],\"inLanguage\":\"es\"},{\"@type\":\"Organization\",\"@id\":\"https:\/\/evolve-fitness.eu\/es\/#organization\",\"name\":\"Evolve\",\"url\":\"https:\/\/evolve-fitness.eu\/es\/\",\"logo\":{\"@type\":\"ImageObject\",\"inLanguage\":\"es\",\"@id\":\"https:\/\/evolve-fitness.eu\/es\/#\/schema\/logo\/image\/\",\"url\":\"https:\/\/evolve-fitness.eu\/wp-content\/uploads\/2023\/05\/Evolve-logo.svg\",\"contentUrl\":\"https:\/\/evolve-fitness.eu\/wp-content\/uploads\/2023\/05\/Evolve-logo.svg\",\"width\":176,\"height\":20,\"caption\":\"Evolve\"},\"image\":{\"@id\":\"https:\/\/evolve-fitness.eu\/es\/#\/schema\/logo\/image\/\"},\"sameAs\":[\"https:\/\/www.facebook.com\/EvolveFitnessEurope\"]}]}<\/script>\n<!-- \/ Yoast SEO plugin. -->","yoast_head_json":{"title":"Barra hexagonal ol\u00edmpica Evolve - 150 cm - Evolve","robots":{"index":"index","follow":"follow","max-snippet":"max-snippet:-1","max-image-preview":"max-image-preview:large","max-video-preview":"max-video-preview:-1"},"canonical":"https:\/\/evolve-fitness.eu\/es\/producto\/barra-hexagonal-olimpica-evolve-150-cm\/","og_locale":"es_ES","og_type":"article","og_title":"Barra hexagonal ol\u00edmpica Evolve - 150 cm - Evolve","og_url":"https:\/\/evolve-fitness.eu\/es\/producto\/barra-hexagonal-olimpica-evolve-150-cm\/","og_site_name":"Evolve","article_publisher":"https:\/\/www.facebook.com\/EvolveFitnessEurope","article_modified_time":"2025-01-17T08:46:06+00:00","og_image":[{"width":680,"height":600,"url":"https:\/\/evolve-fitness.eu\/wp-content\/uploads\/2023\/11\/Evolve-Olympic-Hex-Bar-150-cm.png","type":"image\/png"}],"twitter_card":"summary_large_image","schema":{"@context":"https:\/\/schema.org","@graph":[{"@type":"WebPage","@id":"https:\/\/evolve-fitness.eu\/es\/producto\/barra-hexagonal-olimpica-evolve-150-cm\/","url":"https:\/\/evolve-fitness.eu\/es\/producto\/barra-hexagonal-olimpica-evolve-150-cm\/","name":"Barra hexagonal ol\u00edmpica Evolve - 150 cm - Evolve","isPartOf":{"@id":"https:\/\/evolve-fitness.eu\/es\/#website"},"primaryImageOfPage":{"@id":"https:\/\/evolve-fitness.eu\/es\/producto\/barra-hexagonal-olimpica-evolve-150-cm\/#primaryimage"},"image":{"@id":"https:\/\/evolve-fitness.eu\/es\/producto\/barra-hexagonal-olimpica-evolve-150-cm\/#primaryimage"},"thumbnailUrl":"https:\/\/evolve-fitness.eu\/wp-content\/uploads\/2023\/11\/Evolve-Olympic-Hex-Bar-150-cm.png","datePublished":"2023-11-20T14:26:42+00:00","dateModified":"2025-01-17T08:46:06+00:00","breadcrumb":{"@id":"https:\/\/evolve-fitness.eu\/es\/producto\/barra-hexagonal-olimpica-evolve-150-cm\/#breadcrumb"},"inLanguage":"es","potentialAction":[{"@type":"ReadAction","target":["https:\/\/evolve-fitness.eu\/es\/producto\/barra-hexagonal-olimpica-evolve-150-cm\/"]}]},{"@type":"ImageObject","inLanguage":"es","@id":"https:\/\/evolve-fitness.eu\/es\/producto\/barra-hexagonal-olimpica-evolve-150-cm\/#primaryimage","url":"https:\/\/evolve-fitness.eu\/wp-content\/uploads\/2023\/11\/Evolve-Olympic-Hex-Bar-150-cm.png","contentUrl":"https:\/\/evolve-fitness.eu\/wp-content\/uploads\/2023\/11\/Evolve-Olympic-Hex-Bar-150-cm.png","width":680,"height":600,"caption":"EV-OB-HB-150"},{"@type":"BreadcrumbList","@id":"https:\/\/evolve-fitness.eu\/es\/producto\/barra-hexagonal-olimpica-evolve-150-cm\/#breadcrumb","itemListElement":[{"@type":"ListItem","position":1,"name":"Home","item":"https:\/\/evolve-fitness.eu\/es\/"},{"@type":"ListItem","position":2,"name":"Productos","item":"https:\/\/evolve-fitness.eu\/es\/shop\/"},{"@type":"ListItem","position":3,"name":"Barra hexagonal ol\u00edmpica Evolve &#8211; 150 cm"}]},{"@type":"WebSite","@id":"https:\/\/evolve-fitness.eu\/es\/#website","url":"https:\/\/evolve-fitness.eu\/es\/","name":"Evolve","description":"Your Evolved Gear Arrived","publisher":{"@id":"https:\/\/evolve-fitness.eu\/es\/#organization"},"potentialAction":[{"@type":"SearchAction","target":{"@type":"EntryPoint","urlTemplate":"https:\/\/evolve-fitness.eu\/es\/?s={search_term_string}"},"query-input":{"@type":"PropertyValueSpecification","valueRequired":true,"valueName":"search_term_string"}}],"inLanguage":"es"},{"@type":"Organization","@id":"https:\/\/evolve-fitness.eu\/es\/#organization","name":"Evolve","url":"https:\/\/evolve-fitness.eu\/es\/","logo":{"@type":"ImageObject","inLanguage":"es","@id":"https:\/\/evolve-fitness.eu\/es\/#\/schema\/logo\/image\/","url":"https:\/\/evolve-fitness.eu\/wp-content\/uploads\/2023\/05\/Evolve-logo.svg","contentUrl":"https:\/\/evolve-fitness.eu\/wp-content\/uploads\/2023\/05\/Evolve-logo.svg","width":176,"height":20,"caption":"Evolve"},"image":{"@id":"https:\/\/evolve-fitness.eu\/es\/#\/schema\/logo\/image\/"},"sameAs":["https:\/\/www.facebook.com\/EvolveFitnessEurope"]}]}},"_links":{"self":[{"href":"https:\/\/evolve-fitness.eu\/es\/wp-json\/wp\/v2\/product\/39076","targetHints":{"allow":["GET"]}}],"collection":[{"href":"https:\/\/evolve-fitness.eu\/es\/wp-json\/wp\/v2\/product"}],"about":[{"href":"https:\/\/evolve-fitness.eu\/es\/wp-json\/wp\/v2\/types\/product"}],"wp:featuredmedia":[{"embeddable":true,"href":"https:\/\/evolve-fitness.eu\/es\/wp-json\/wp\/v2\/media\/39078"}],"wp:attachment":[{"href":"https:\/\/evolve-fitness.eu\/es\/wp-json\/wp\/v2\/media?parent=39076"}],"wp:term":[{"taxonomy":"product_brand","embeddable":true,"href":"https:\/\/evolve-fitness.eu\/es\/wp-json\/wp\/v2\/product_brand?post=39076"},{"taxonomy":"product_cat","embeddable":true,"href":"https:\/\/evolve-fitness.eu\/es\/wp-json\/wp\/v2\/product_cat?post=39076"},{"taxonomy":"product_tag","embeddable":true,"href":"https:\/\/evolve-fitness.eu\/es\/wp-json\/wp\/v2\/product_tag?post=39076"}],"curies":[{"name":"wp","href":"https:\/\/api.w.org\/{rel}","templated":true}]}}